{"id":53582,"date":"2022-07-14T09:43:23","date_gmt":"2022-07-14T07:43:23","guid":{"rendered":"https:\/\/d-identify.be\/product\/imprimante-detiquettes-couleur-afinia-l701\/"},"modified":"2025-05-08T10:57:30","modified_gmt":"2025-05-08T08:57:30","slug":"imprimante-detiquettes-couleur-afinia-l701","status":"publish","type":"product","link":"https:\/\/d-identify.be\/fr\/produit\/imprimante-detiquettes-couleur-afinia-l701\/","title":{"rendered":"Imprimante d&rsquo;\u00e9tiquettes couleur Afinia L701"},"content":{"rendered":"<div class='et-learn-more clearfix'>\n\t\t\t\t\t<h3 class='heading-more'>Affordability without compromise<span class='et_learnmore_arrow'><span><\/span><\/span><\/h3>\n\t\t\t\t\t<div class='learn-more-content'><p>L&rsquo;imprimante d&rsquo;\u00e9tiquettes couleur Afinia L701, notre solution la plus \u00e9conomique avec technologie Memjet, vous permet d&rsquo;imprimer des \u00e9tiquettes couleur percutantes \u00e0 moindre co\u00fbt. La L701 est id\u00e9ale pour les installations multi-imprimantes ou les applications exigeant des performances \u00e9lev\u00e9es, un faible investissement initial et un encombrement r\u00e9duit. <\/p>\n<p>L&rsquo;imprimante d&rsquo;\u00e9tiquettes couleur num\u00e9rique intuitive L701 est une excellente option pour les PME souhaitant imprimer leurs propres \u00e9tiquettes couleur en interne. La t\u00eate d&rsquo;impression fixe Memjet offre vitesse, fiabilit\u00e9 industrielle et une qualit\u00e9 d&rsquo;image exceptionnelle. Ses cinq cartouches d&rsquo;encre grand format (200 ml CYMKK) offrent un faible co\u00fbt d&rsquo;impression et un retour sur investissement \u00e9lev\u00e9. La L701 est donc id\u00e9ale pour les tirages courts et moyens pour les applications de vente au d\u00e9tail, de gestion des stocks et d&rsquo;identification des produits.  <\/p>\n<ul>\n<li>Impression de volume moyen<\/li>\n<li>Vitesses d&rsquo;impression moyennes \u00e0 rapides (\u2264 8 IPS)<\/li>\n<li>Faibles co\u00fbts d\u2019encre<\/li>\n<li>Imprimante Memjet au co\u00fbt initial le plus bas<\/li>\n<\/ul><\/div>\n\t\t\t\t<\/div>\n<div class='et-learn-more clearfix'>\n\t\t\t\t\t<h3 class='heading-more'>High Quality &amp; Resolution<span class='et_learnmore_arrow'><span><\/span><\/span><\/h3>\n\t\t\t\t\t<div class='learn-more-content'><p>B\u00e9n\u00e9ficiez de tous les avantages de Memjet dans un format compact. La technologie de t\u00eate d&rsquo;impression stationnaire \u00ab en cascade \u00bb de Memjet permet un d\u00e9placement rapide des \u00e9tiquettes vierges dans l&rsquo;imprimante tout en conservant une excellente r\u00e9solution d&rsquo;impression. Imprimez jusqu&rsquo;\u00e0 1 600 x 1 600 ppp pour des \u00e9tiquettes \u00e9clatantes et accrocheuses. Gr\u00e2ce \u00e0 l&rsquo;utilisation du CMJN, la L701 offre des couleurs exceptionnelles et des noirs profonds, vous permettant d&rsquo;imprimer avec un excellent contraste.   <\/p><\/div>\n\t\t\t\t<\/div>\n<div class='et-learn-more clearfix'>\n\t\t\t\t\t<h3 class='heading-more'>Included Unwinder<span class='et_learnmore_arrow'><span><\/span><\/span><\/h3>\n\t\t\t\t\t<div class='learn-more-content'><p>L&rsquo;imprimante d&rsquo;\u00e9tiquettes couleur Afinia L701 est \u00e9quip\u00e9e d&rsquo;un d\u00e9rouleur acceptant des rouleaux jusqu&rsquo;\u00e0 150 mm de diam\u00e8tre. Le rouleau est aliment\u00e9 de mani\u00e8re uniforme et constante. <\/p><\/div>\n\t\t\t\t<\/div>\n<div class='et-learn-more clearfix'>\n\t\t\t\t\t<h3 class='heading-more'>Fanfold Media Support<span class='et_learnmore_arrow'><span><\/span><\/span><\/h3>\n\t\t\t\t\t<div class='learn-more-content'><div class='one_half'>\n\t\t\t\t\tL&rsquo;imprimante L701 est id\u00e9ale pour les supports en paravent. Retirez simplement l&rsquo;enrouleur de rouleau et placez une pile ou une bo\u00eete d&rsquo;\u00e9tiquettes en paravent compatibles jet d&rsquo;encre derri\u00e8re l&rsquo;imprimante. Ins\u00e9rez-la normalement et imprimez. Une pile d&rsquo;\u00e9tiquettes pr\u00eates \u00e0 l&#8217;emploi est cr\u00e9\u00e9e d\u00e8s que les premi\u00e8res \u00e9tiquettes sont mises en place.\n\t\t\t\t<\/div>\n<div class='one_half et_column_last'>\n\t\t\t\t\t<img loading=\"lazy\" decoding=\"async\" class=\"alignnone wp-image-6098\" src=\"https:\/\/d-identify.be\/wp-content\/uploads\/2022\/07\/L701-sLeft-FanFold-1000px-640x399-1-300x187.webp\" alt=\"\" width=\"221\" height=\"138\">\n\t\t\t\t<\/div><div class='clear'><\/div><\/div>\n\t\t\t\t<\/div>\n<div class='et-learn-more clearfix'>\n\t\t\t\t\t<h3 class='heading-more'>Low Label Costs<span class='et_learnmore_arrow'><span><\/span><\/span><\/h3>\n\t\t\t\t\t<div class='learn-more-content'><p>L&rsquo;Afinia Label L701 est \u00e9quip\u00e9e de cinq grandes cartouches d&rsquo;encre de 200 ml pour des tirages moyens \u00e0 longs, tout en r\u00e9duisant les co\u00fbts par \u00e9tiquette. Envoyez-nous vos maquettes pour d\u00e9couvrir vos \u00e9conomies, ou d\u00e9couvrez l&rsquo;excellent retour sur investissement de l&rsquo;imprimante d&rsquo;\u00e9tiquettes couleur num\u00e9rique L701. <\/p><\/div>\n\t\t\t\t<\/div>\n","protected":false},"excerpt":{"rendered":"<p>L&rsquo;imprimante num\u00e9rique d&rsquo;\u00e9tiquettes couleur L701, notre solution la plus \u00e9conomique avec technologie Memjet, vous permet d&rsquo;imprimer des \u00e9tiquettes couleur percutantes \u00e0 moindre co\u00fbt. La L701 est id\u00e9ale pour les installations multi-imprimantes ou les applications exigeant des performances \u00e9lev\u00e9es, un faible investissement initial et un encombrement r\u00e9duit. <\/p>\n<p><strong>Principales fonctionnalit\u00e9s<\/strong><\/p>\n","protected":false},"featured_media":25837,"comment_status":"open","ping_status":"closed","template":"","meta":{"_acf_changed":false,"_et_pb_use_builder":"","_et_pb_old_content":"","_et_gb_content_width":""},"product_brand":[1268],"product_cat":[620],"product_tag":[866],"pa_connextion-shapes":[],"class_list":{"0":"post-53582","1":"product","2":"type-product","3":"status-publish","4":"has-post-thumbnail","6":"product_brand-afinia-label","7":"product_cat-imprimantes-detiquettes-jet-dencre","8":"product_tag-afinia-fr","10":"first","11":"instock","12":"taxable","13":"shipping-taxable","14":"purchasable","15":"product-type-simple"},"exclude_global_add_ons":[],"addons":[],"acf":[],"yoast_head":"<!-- This site is optimized with the Yoast SEO Premium plugin v27.0 (Yoast SEO v27.1) - https:\/\/yoast.com\/product\/yoast-seo-premium-wordpress\/ -->\n<title>Imprimante couleur Afinia L701 | Imprimez des \u00e9tiquettes aux couleurs \u00e9clatantes<\/title>\n<meta name=\"description\" content=\"L&#039;imprimante d&#039;\u00e9tiquettes couleur Afinia L701 est id\u00e9ale pour les tirages \u00e0 courte et moyenne port\u00e9e pour les applications de vente au d\u00e9tail et d&#039;identification de produits.\" \/>\n<meta name=\"robots\" content=\"index, follow, max-snippet:-1, max-image-preview:large, max-video-preview:-1\" \/>\n<link rel=\"canonical\" href=\"https:\/\/d-identify.be\/fr\/produit\/imprimante-detiquettes-couleur-afinia-l701\/\" \/>\n<meta property=\"og:locale\" content=\"fr_FR\" \/>\n<meta property=\"og:type\" content=\"article\" \/>\n<meta property=\"og:title\" content=\"Imprimante d&#039;\u00e9tiquettes couleur Afinia L701\" \/>\n<meta property=\"og:description\" content=\"L&#039;imprimante d&#039;\u00e9tiquettes couleur Afinia L701 est id\u00e9ale pour les tirages \u00e0 courte et moyenne port\u00e9e pour les applications de vente au d\u00e9tail et d&#039;identification de produits.\" \/>\n<meta property=\"og:url\" content=\"https:\/\/d-identify.be\/fr\/produit\/imprimante-detiquettes-couleur-afinia-l701\/\" \/>\n<meta property=\"og:site_name\" content=\"d-identify\" \/>\n<meta property=\"article:modified_time\" content=\"2025-05-08T08:57:30+00:00\" \/>\n<meta property=\"og:image\" content=\"https:\/\/d-identify.be\/wp-content\/uploads\/2022\/07\/l701-printer.webp\" \/>\n\t<meta property=\"og:image:width\" content=\"850\" \/>\n\t<meta property=\"og:image:height\" content=\"700\" \/>\n\t<meta property=\"og:image:type\" content=\"image\/webp\" \/>\n<meta name=\"twitter:card\" content=\"summary_large_image\" \/>\n<meta name=\"twitter:label1\" content=\"Dur\u00e9e de lecture estim\u00e9e\" \/>\n\t<meta name=\"twitter:data1\" content=\"2 minutes\" \/>\n<script type=\"application\/ld+json\" class=\"yoast-schema-graph\">{\"@context\":\"https:\/\/schema.org\",\"@graph\":[{\"@type\":\"WebPage\",\"@id\":\"https:\/\/d-identify.be\/fr\/produit\/imprimante-detiquettes-couleur-afinia-l701\/\",\"url\":\"https:\/\/d-identify.be\/fr\/produit\/imprimante-detiquettes-couleur-afinia-l701\/\",\"name\":\"Imprimante couleur Afinia L701 | Imprimez des \u00e9tiquettes aux couleurs \u00e9clatantes\",\"isPartOf\":{\"@id\":\"https:\/\/d-identify.be\/fr\/#website\"},\"primaryImageOfPage\":{\"@id\":\"https:\/\/d-identify.be\/fr\/produit\/imprimante-detiquettes-couleur-afinia-l701\/#primaryimage\"},\"image\":{\"@id\":\"https:\/\/d-identify.be\/fr\/produit\/imprimante-detiquettes-couleur-afinia-l701\/#primaryimage\"},\"thumbnailUrl\":\"https:\/\/d-identify.be\/wp-content\/uploads\/2022\/07\/l701-printer.webp\",\"datePublished\":\"2022-07-14T07:43:23+00:00\",\"dateModified\":\"2025-05-08T08:57:30+00:00\",\"description\":\"L'imprimante d'\u00e9tiquettes couleur Afinia L701 est id\u00e9ale pour les tirages \u00e0 courte et moyenne port\u00e9e pour les applications de vente au d\u00e9tail et d'identification de produits.\",\"breadcrumb\":{\"@id\":\"https:\/\/d-identify.be\/fr\/produit\/imprimante-detiquettes-couleur-afinia-l701\/#breadcrumb\"},\"inLanguage\":\"fr-FR\",\"potentialAction\":[{\"@type\":\"ReadAction\",\"target\":[\"https:\/\/d-identify.be\/fr\/produit\/imprimante-detiquettes-couleur-afinia-l701\/\"]}]},{\"@type\":\"ImageObject\",\"inLanguage\":\"fr-FR\",\"@id\":\"https:\/\/d-identify.be\/fr\/produit\/imprimante-detiquettes-couleur-afinia-l701\/#primaryimage\",\"url\":\"https:\/\/d-identify.be\/wp-content\/uploads\/2022\/07\/l701-printer.webp\",\"contentUrl\":\"https:\/\/d-identify.be\/wp-content\/uploads\/2022\/07\/l701-printer.webp\",\"width\":850,\"height\":700,\"caption\":\"digital color label printer\"},{\"@type\":\"BreadcrumbList\",\"@id\":\"https:\/\/d-identify.be\/fr\/produit\/imprimante-detiquettes-couleur-afinia-l701\/#breadcrumb\",\"itemListElement\":[{\"@type\":\"ListItem\",\"position\":1,\"name\":\"Home\",\"item\":\"https:\/\/d-identify.be\/fr\/home-2\/\"},{\"@type\":\"ListItem\",\"position\":2,\"name\":\"Boutique\",\"item\":\"https:\/\/d-identify.be\/fr\/boutique\/\"},{\"@type\":\"ListItem\",\"position\":3,\"name\":\"Imprimante d&#8217;\u00e9tiquettes couleur Afinia L701\"}]},{\"@type\":\"WebSite\",\"@id\":\"https:\/\/d-identify.be\/fr\/#website\",\"url\":\"https:\/\/d-identify.be\/fr\/\",\"name\":\"d-identify\",\"description\":\"Industrial identification - Lockout - Tagout - Floor marking\",\"potentialAction\":[{\"@type\":\"SearchAction\",\"target\":{\"@type\":\"EntryPoint\",\"urlTemplate\":\"https:\/\/d-identify.be\/fr\/?s={search_term_string}\"},\"query-input\":{\"@type\":\"PropertyValueSpecification\",\"valueRequired\":true,\"valueName\":\"search_term_string\"}}],\"inLanguage\":\"fr-FR\"}]}<\/script>\n<!-- \/ Yoast SEO Premium plugin. -->","yoast_head_json":{"title":"Imprimante couleur Afinia L701 | Imprimez des \u00e9tiquettes aux couleurs \u00e9clatantes","description":"L'imprimante d'\u00e9tiquettes couleur Afinia L701 est id\u00e9ale pour les tirages \u00e0 courte et moyenne port\u00e9e pour les applications de vente au d\u00e9tail et d'identification de produits.","robots":{"index":"index","follow":"follow","max-snippet":"max-snippet:-1","max-image-preview":"max-image-preview:large","max-video-preview":"max-video-preview:-1"},"canonical":"https:\/\/d-identify.be\/fr\/produit\/imprimante-detiquettes-couleur-afinia-l701\/","og_locale":"fr_FR","og_type":"article","og_title":"Imprimante d'\u00e9tiquettes couleur Afinia L701","og_description":"L'imprimante d'\u00e9tiquettes couleur Afinia L701 est id\u00e9ale pour les tirages \u00e0 courte et moyenne port\u00e9e pour les applications de vente au d\u00e9tail et d'identification de produits.","og_url":"https:\/\/d-identify.be\/fr\/produit\/imprimante-detiquettes-couleur-afinia-l701\/","og_site_name":"d-identify","article_modified_time":"2025-05-08T08:57:30+00:00","og_image":[{"width":850,"height":700,"url":"https:\/\/d-identify.be\/wp-content\/uploads\/2022\/07\/l701-printer.webp","type":"image\/webp"}],"twitter_card":"summary_large_image","twitter_misc":{"Dur\u00e9e de lecture estim\u00e9e":"2 minutes"},"schema":{"@context":"https:\/\/schema.org","@graph":[{"@type":"WebPage","@id":"https:\/\/d-identify.be\/fr\/produit\/imprimante-detiquettes-couleur-afinia-l701\/","url":"https:\/\/d-identify.be\/fr\/produit\/imprimante-detiquettes-couleur-afinia-l701\/","name":"Imprimante couleur Afinia L701 | Imprimez des \u00e9tiquettes aux couleurs \u00e9clatantes","isPartOf":{"@id":"https:\/\/d-identify.be\/fr\/#website"},"primaryImageOfPage":{"@id":"https:\/\/d-identify.be\/fr\/produit\/imprimante-detiquettes-couleur-afinia-l701\/#primaryimage"},"image":{"@id":"https:\/\/d-identify.be\/fr\/produit\/imprimante-detiquettes-couleur-afinia-l701\/#primaryimage"},"thumbnailUrl":"https:\/\/d-identify.be\/wp-content\/uploads\/2022\/07\/l701-printer.webp","datePublished":"2022-07-14T07:43:23+00:00","dateModified":"2025-05-08T08:57:30+00:00","description":"L'imprimante d'\u00e9tiquettes couleur Afinia L701 est id\u00e9ale pour les tirages \u00e0 courte et moyenne port\u00e9e pour les applications de vente au d\u00e9tail et d'identification de produits.","breadcrumb":{"@id":"https:\/\/d-identify.be\/fr\/produit\/imprimante-detiquettes-couleur-afinia-l701\/#breadcrumb"},"inLanguage":"fr-FR","potentialAction":[{"@type":"ReadAction","target":["https:\/\/d-identify.be\/fr\/produit\/imprimante-detiquettes-couleur-afinia-l701\/"]}]},{"@type":"ImageObject","inLanguage":"fr-FR","@id":"https:\/\/d-identify.be\/fr\/produit\/imprimante-detiquettes-couleur-afinia-l701\/#primaryimage","url":"https:\/\/d-identify.be\/wp-content\/uploads\/2022\/07\/l701-printer.webp","contentUrl":"https:\/\/d-identify.be\/wp-content\/uploads\/2022\/07\/l701-printer.webp","width":850,"height":700,"caption":"digital color label printer"},{"@type":"BreadcrumbList","@id":"https:\/\/d-identify.be\/fr\/produit\/imprimante-detiquettes-couleur-afinia-l701\/#breadcrumb","itemListElement":[{"@type":"ListItem","position":1,"name":"Home","item":"https:\/\/d-identify.be\/fr\/home-2\/"},{"@type":"ListItem","position":2,"name":"Boutique","item":"https:\/\/d-identify.be\/fr\/boutique\/"},{"@type":"ListItem","position":3,"name":"Imprimante d&#8217;\u00e9tiquettes couleur Afinia L701"}]},{"@type":"WebSite","@id":"https:\/\/d-identify.be\/fr\/#website","url":"https:\/\/d-identify.be\/fr\/","name":"d-identify","description":"Industrial identification - Lockout - Tagout - Floor marking","potentialAction":[{"@type":"SearchAction","target":{"@type":"EntryPoint","urlTemplate":"https:\/\/d-identify.be\/fr\/?s={search_term_string}"},"query-input":{"@type":"PropertyValueSpecification","valueRequired":true,"valueName":"search_term_string"}}],"inLanguage":"fr-FR"}]}},"_links":{"self":[{"href":"https:\/\/d-identify.be\/fr\/wp-json\/wp\/v2\/product\/53582","targetHints":{"allow":["GET"]}}],"collection":[{"href":"https:\/\/d-identify.be\/fr\/wp-json\/wp\/v2\/product"}],"about":[{"href":"https:\/\/d-identify.be\/fr\/wp-json\/wp\/v2\/types\/product"}],"replies":[{"embeddable":true,"href":"https:\/\/d-identify.be\/fr\/wp-json\/wp\/v2\/comments?post=53582"}],"wp:featuredmedia":[{"embeddable":true,"href":"https:\/\/d-identify.be\/fr\/wp-json\/wp\/v2\/media\/25837"}],"wp:attachment":[{"href":"https:\/\/d-identify.be\/fr\/wp-json\/wp\/v2\/media?parent=53582"}],"wp:term":[{"taxonomy":"product_brand","embeddable":true,"href":"https:\/\/d-identify.be\/fr\/wp-json\/wp\/v2\/product_brand?post=53582"},{"taxonomy":"product_cat","embeddable":true,"href":"https:\/\/d-identify.be\/fr\/wp-json\/wp\/v2\/product_cat?post=53582"},{"taxonomy":"product_tag","embeddable":true,"href":"https:\/\/d-identify.be\/fr\/wp-json\/wp\/v2\/product_tag?post=53582"},{"taxonomy":"pa_connextion-shapes","embeddable":true,"href":"https:\/\/d-identify.be\/fr\/wp-json\/wp\/v2\/pa_connextion-shapes?post=53582"}],"curies":[{"name":"wp","href":"https:\/\/api.w.org\/{rel}","templated":true}]}}