{"id":53574,"date":"2022-07-14T09:56:58","date_gmt":"2022-07-14T07:56:58","guid":{"rendered":"https:\/\/d-identify.be\/product\/imprimante-detiquettes-a-jet-dencre-afinia-l502\/"},"modified":"2025-05-08T10:41:29","modified_gmt":"2025-05-08T08:41:29","slug":"imprimante-detiquettes-a-jet-dencre-afinia-l502","status":"publish","type":"product","link":"https:\/\/d-identify.be\/fr\/produit\/imprimante-detiquettes-a-jet-dencre-afinia-l502\/","title":{"rendered":"Imprimante d&rsquo;\u00e9tiquettes \u00e0 jet d&rsquo;encre Afinia L502"},"content":{"rendered":"<div class=\"product-highlights\">\n<div class='et-learn-more clearfix'>\n\t\t\t\t\t<h3 class='heading-more'>Making your own labels just got easier<span class='et_learnmore_arrow'><span><\/span><\/span><\/h3>\n\t\t\t\t\t<div class='learn-more-content'><p>Que vous ayez besoin d&rsquo;\u00e9tiquettes r\u00e9sistantes et imperm\u00e9ables ou d&rsquo;un produit accrocheur pour vos rayons, l&rsquo;imprimante jet d&rsquo;encre Afinia L502 est notre imprimante la plus polyvalente \u00e0 ce jour. Les encres pigment\u00e9es et \u00e0 colorants ont chacune leurs avantages. Avec la L502, profitez du meilleur des deux mondes. Sa conception industrielle tout acier, ses fonctionnalit\u00e9s am\u00e9lior\u00e9es, son impression deux fois plus rapide* et ses encres pigment\u00e9es durables rendent l&rsquo;imprimante jet d&rsquo;encre Afinia L502 extr\u00eamement robuste et polyvalente.    <\/p>\n<p><em>*Par rapport \u00e0 l&rsquo;imprimante d&rsquo;\u00e9tiquettes couleur L501 d&rsquo;origine<\/em><\/p>\n<div class=\"product-highlights\">\n<ul>\n<li>Qualit\u00e9 de construction industrielle<\/li>\n<li>Capacit\u00e9 d&rsquo;encre double (colorant et pigment)<\/li>\n<li>Encres CMJN s\u00e9par\u00e9es pour des raisons \u00e9conomiques<\/li>\n<li>Encres pigment\u00e9es certifi\u00e9es BS5609<\/li>\n<\/ul>\n<\/div><\/div>\n\t\t\t\t<\/div>\n<div class='et-learn-more clearfix'>\n\t\t\t\t\t<h3 class='heading-more'>Pigment and Dye-based Labels<span class='et_learnmore_arrow'><span><\/span><\/span><\/h3>\n\t\t\t\t\t<div class='learn-more-content'><div class='one_half'>\n\t\t\t\t\tLes impressions pigmentaires offrent une excellente r\u00e9sistance \u00e0 l&rsquo;humidit\u00e9, \u00e0 l&rsquo;abrasion, \u00e0 la d\u00e9coloration et aux temp\u00e9ratures extr\u00eames. Le L502 est donc id\u00e9al pour les emballages conformes au SGH, ainsi que pour les emballages fortement expos\u00e9s \u00e0 l&rsquo;humidit\u00e9, comme les boissons et les produits de bain.\n\t\t\t\t<\/div>\n<div class='one_half et_column_last'>\n\t\t\t\t\t<strong><img loading=\"lazy\" decoding=\"async\" class=\"\" src=\"https:\/\/afinialabel.com\/wp-content\/uploads\/L501-pigment-vs-dye.png\" alt=\"DuraPrime\u2122 Duo Ink Technology\" width=\"388\" height=\"155\"><\/strong>\n\t\t\t\t<\/div><div class='clear'><\/div><\/div>\n\t\t\t\t<\/div>\n<div class='et-learn-more clearfix'>\n\t\t\t\t\t<h3 class='heading-more'>BS5609 Certified for Durable Labels<span class='et_learnmore_arrow'><span><\/span><\/span><\/h3>\n\t\t\t\t\t<div class='learn-more-content'><div class='one_half'>\n\t\t\t\t\tL&rsquo;imprimante industrielle \u00e0 encre double L502 a \u00e9t\u00e9 test\u00e9e et certifi\u00e9e pour produire des \u00e9tiquettes conformes \u00e0 la norme BS 5609 et au SGH (Syst\u00e8me g\u00e9n\u00e9ral harmonis\u00e9), ce qui permet aux fabricants de produits chimiques de respecter les exigences d&#8217;emballage et de transport. Ces tests \u00e9valuent la r\u00e9sistance de l&rsquo;impression \u00e0 l&rsquo;abrasion et \u00e0 l&rsquo;immersion dans l&rsquo;eau sal\u00e9e pendant 90 jours.\n\t\t\t\t<\/div>\n<div class='one_half et_column_last'>\n\t\t\t\t\t<img loading=\"lazy\" decoding=\"async\" class=\"alignnone size-medium wp-image-6082\" src=\"https:\/\/d-identify.be\/wp-content\/uploads\/2022\/07\/GHS-300x146.png\" alt=\"\" width=\"300\" height=\"146\" srcset=\"https:\/\/d-identify.be\/wp-content\/uploads\/2022\/07\/GHS-300x146.png 300w, https:\/\/d-identify.be\/wp-content\/uploads\/2022\/07\/GHS.png 339w\" sizes=\"(max-width: 300px) 100vw, 300px\" \/>\n\t\t\t\t<\/div><div class='clear'><\/div><\/div>\n\t\t\t\t<\/div>\n<div class='et-learn-more clearfix'>\n\t\t\t\t\t<h3 class='heading-more'>Built for Industrial Use<span class='et_learnmore_arrow'><span><\/span><\/span><\/h3>\n\t\t\t\t\t<div class='learn-more-content'><p>La construction robuste de l&rsquo;imprimante industrielle \u00e0 double encre L502 comprend un capot industriel tout en acier, dot\u00e9 d&rsquo;une fen\u00eatre pour la visibilit\u00e9 du plateau d&rsquo;impression et le suivi de son \u00e9tat. Elle int\u00e8gre \u00e9galement des capteurs am\u00e9lior\u00e9s pour une meilleure compatibilit\u00e9 avec les supports sp\u00e9ciaux, tels que les mat\u00e9riaux m\u00e9talliques r\u00e9fl\u00e9chissants. Outre le mod\u00e8le standard \u00e0 alimentation par rouleau, la L502 est \u00e9galement disponible en version compatible avec le pliage paravent (F502), offrant la m\u00eame qualit\u00e9 de fabrication et les m\u00eames fonctionnalit\u00e9s.  <\/p>\n<p>Les am\u00e9liorations s&rsquo;\u00e9tendent \u00e0 la bo\u00eete \u00e0 outils de l&rsquo;imprimante industrielle \u00e0 encre Duo L502, offrant un contr\u00f4le accru, notamment les fonctions \u00ab Pause \u00bb et \u00ab Couper \u00bb. Les mises \u00e0 jour du micrologiciel sont d\u00e9sormais plus faciles \u00e0 r\u00e9aliser. <\/p><\/div>\n\t\t\t\t<\/div>\n<div class='et-learn-more clearfix'>\n\t\t\t\t\t<h3 class='heading-more'>Versatility Meets Economy<span class='et_learnmore_arrow'><span><\/span><\/span><\/h3>\n\t\t\t\t\t<div class='learn-more-content'><p>Non seulement la L502 est l&rsquo;une des imprimantes d&rsquo;\u00e9tiquettes les plus polyvalentes du march\u00e9, mais elle offre \u00e9galement un excellent rapport qualit\u00e9-prix pour les applications d&rsquo;\u00e9tiquettes de petite et moyenne taille. Les cartouches d&rsquo;encre CMJN s\u00e9par\u00e9es contribuent \u00e0 r\u00e9duire le co\u00fbt par \u00e9tiquette, car seules les couleurs \u00e9puis\u00e9es doivent \u00eatre remplac\u00e9es. <\/p><\/div>\n\t\t\t\t<\/div>\n<\/div>\n","protected":false},"excerpt":{"rendered":"<p>La L502 est la nouvelle \u00e9volution de notre imprimante d&rsquo;\u00e9tiquettes jet d&rsquo;encre milieu de gamme. Sa conception industrielle tout acier, ses fonctionnalit\u00e9s am\u00e9lior\u00e9es, son impression deux fois plus rapide et ses encres pigment\u00e9es durables en option rendent la L502 extr\u00eamement robuste et polyvalente pour l&rsquo;impression d&rsquo;\u00e9tiquettes jusqu&rsquo;\u00e0 216 mm de large. <\/p>\n<p><strong>Principales fonctionnalit\u00e9s<\/strong><\/p>\n","protected":false},"featured_media":25835,"comment_status":"open","ping_status":"closed","template":"","meta":{"_acf_changed":false,"_et_pb_use_builder":"","_et_pb_old_content":"","_et_gb_content_width":""},"product_brand":[1268],"product_cat":[620],"product_tag":[866],"pa_connextion-shapes":[],"class_list":{"0":"post-53574","1":"product","2":"type-product","3":"status-publish","4":"has-post-thumbnail","6":"product_brand-afinia-label","7":"product_cat-imprimantes-detiquettes-jet-dencre","8":"product_tag-afinia-fr","10":"first","11":"instock","12":"taxable","13":"shipping-taxable","14":"purchasable","15":"product-type-variable","16":"has-default-attributes"},"exclude_global_add_ons":[],"addons":[],"acf":[],"yoast_head":"<!-- This site is optimized with the Yoast SEO Premium plugin v27.0 (Yoast SEO v27.1) - https:\/\/yoast.com\/product\/yoast-seo-premium-wordpress\/ -->\n<title>Imprimante \u00e0 jet d&#039;encre Afinia L502<\/title>\n<meta name=\"description\" content=\"L&#039;imprimante \u00e0 jet d&#039;encre Afinia L502 peut imprimer avec des encres \u00e0 colorant ainsi qu&#039;avec des encres \u00e0 pigments, cr\u00e9ant ainsi des \u00e9tiquettes de produits \u00e9clatantes et durables.\" \/>\n<meta name=\"robots\" content=\"index, follow, max-snippet:-1, max-image-preview:large, max-video-preview:-1\" \/>\n<link rel=\"canonical\" href=\"https:\/\/d-identify.be\/fr\/produit\/imprimante-detiquettes-a-jet-dencre-afinia-l502\/\" \/>\n<meta property=\"og:locale\" content=\"fr_FR\" \/>\n<meta property=\"og:type\" content=\"article\" \/>\n<meta property=\"og:title\" content=\"Imprimante d&#039;\u00e9tiquettes \u00e0 jet d&#039;encre Afinia L502\" \/>\n<meta property=\"og:description\" content=\"L&#039;imprimante \u00e0 jet d&#039;encre Afinia L502 peut imprimer avec des encres \u00e0 colorant ainsi qu&#039;avec des encres \u00e0 pigments, cr\u00e9ant ainsi des \u00e9tiquettes de produits \u00e9clatantes et durables.\" \/>\n<meta property=\"og:url\" content=\"https:\/\/d-identify.be\/fr\/produit\/imprimante-detiquettes-a-jet-dencre-afinia-l502\/\" \/>\n<meta property=\"og:site_name\" content=\"d-identify\" \/>\n<meta property=\"article:modified_time\" content=\"2025-05-08T08:41:29+00:00\" \/>\n<meta property=\"og:image\" content=\"https:\/\/d-identify.be\/wp-content\/uploads\/2022\/07\/afinia-l502-industrial-duo-ink-color-label-printer.png\" \/>\n\t<meta property=\"og:image:width\" content=\"544\" \/>\n\t<meta property=\"og:image:height\" content=\"366\" \/>\n\t<meta property=\"og:image:type\" content=\"image\/png\" \/>\n<meta name=\"twitter:card\" content=\"summary_large_image\" \/>\n<meta name=\"twitter:label1\" content=\"Dur\u00e9e de lecture estim\u00e9e\" \/>\n\t<meta name=\"twitter:data1\" content=\"2 minutes\" \/>\n<script type=\"application\/ld+json\" class=\"yoast-schema-graph\">{\"@context\":\"https:\/\/schema.org\",\"@graph\":[{\"@type\":\"WebPage\",\"@id\":\"https:\/\/d-identify.be\/fr\/produit\/imprimante-detiquettes-a-jet-dencre-afinia-l502\/\",\"url\":\"https:\/\/d-identify.be\/fr\/produit\/imprimante-detiquettes-a-jet-dencre-afinia-l502\/\",\"name\":\"Imprimante \u00e0 jet d'encre Afinia L502\",\"isPartOf\":{\"@id\":\"https:\/\/d-identify.be\/fr\/#website\"},\"primaryImageOfPage\":{\"@id\":\"https:\/\/d-identify.be\/fr\/produit\/imprimante-detiquettes-a-jet-dencre-afinia-l502\/#primaryimage\"},\"image\":{\"@id\":\"https:\/\/d-identify.be\/fr\/produit\/imprimante-detiquettes-a-jet-dencre-afinia-l502\/#primaryimage\"},\"thumbnailUrl\":\"https:\/\/d-identify.be\/wp-content\/uploads\/2022\/07\/afinia-l502-industrial-duo-ink-color-label-printer.png\",\"datePublished\":\"2022-07-14T07:56:58+00:00\",\"dateModified\":\"2025-05-08T08:41:29+00:00\",\"description\":\"L'imprimante \u00e0 jet d'encre Afinia L502 peut imprimer avec des encres \u00e0 colorant ainsi qu'avec des encres \u00e0 pigments, cr\u00e9ant ainsi des \u00e9tiquettes de produits \u00e9clatantes et durables.\",\"breadcrumb\":{\"@id\":\"https:\/\/d-identify.be\/fr\/produit\/imprimante-detiquettes-a-jet-dencre-afinia-l502\/#breadcrumb\"},\"inLanguage\":\"fr-FR\",\"potentialAction\":[{\"@type\":\"ReadAction\",\"target\":[\"https:\/\/d-identify.be\/fr\/produit\/imprimante-detiquettes-a-jet-dencre-afinia-l502\/\"]}]},{\"@type\":\"ImageObject\",\"inLanguage\":\"fr-FR\",\"@id\":\"https:\/\/d-identify.be\/fr\/produit\/imprimante-detiquettes-a-jet-dencre-afinia-l502\/#primaryimage\",\"url\":\"https:\/\/d-identify.be\/wp-content\/uploads\/2022\/07\/afinia-l502-industrial-duo-ink-color-label-printer.png\",\"contentUrl\":\"https:\/\/d-identify.be\/wp-content\/uploads\/2022\/07\/afinia-l502-industrial-duo-ink-color-label-printer.png\",\"width\":544,\"height\":366,\"caption\":\"Imprimante \u00e0 jet d'encre Afinia L502\"},{\"@type\":\"BreadcrumbList\",\"@id\":\"https:\/\/d-identify.be\/fr\/produit\/imprimante-detiquettes-a-jet-dencre-afinia-l502\/#breadcrumb\",\"itemListElement\":[{\"@type\":\"ListItem\",\"position\":1,\"name\":\"Home\",\"item\":\"https:\/\/d-identify.be\/fr\/home-2\/\"},{\"@type\":\"ListItem\",\"position\":2,\"name\":\"Boutique\",\"item\":\"https:\/\/d-identify.be\/fr\/boutique\/\"},{\"@type\":\"ListItem\",\"position\":3,\"name\":\"Imprimante d&#8217;\u00e9tiquettes \u00e0 jet d&#8217;encre Afinia L502\"}]},{\"@type\":\"WebSite\",\"@id\":\"https:\/\/d-identify.be\/fr\/#website\",\"url\":\"https:\/\/d-identify.be\/fr\/\",\"name\":\"d-identify\",\"description\":\"Industrial identification - Lockout - Tagout - Floor marking\",\"potentialAction\":[{\"@type\":\"SearchAction\",\"target\":{\"@type\":\"EntryPoint\",\"urlTemplate\":\"https:\/\/d-identify.be\/fr\/?s={search_term_string}\"},\"query-input\":{\"@type\":\"PropertyValueSpecification\",\"valueRequired\":true,\"valueName\":\"search_term_string\"}}],\"inLanguage\":\"fr-FR\"}]}<\/script>\n<!-- \/ Yoast SEO Premium plugin. -->","yoast_head_json":{"title":"Imprimante \u00e0 jet d'encre Afinia L502","description":"L'imprimante \u00e0 jet d'encre Afinia L502 peut imprimer avec des encres \u00e0 colorant ainsi qu'avec des encres \u00e0 pigments, cr\u00e9ant ainsi des \u00e9tiquettes de produits \u00e9clatantes et durables.","robots":{"index":"index","follow":"follow","max-snippet":"max-snippet:-1","max-image-preview":"max-image-preview:large","max-video-preview":"max-video-preview:-1"},"canonical":"https:\/\/d-identify.be\/fr\/produit\/imprimante-detiquettes-a-jet-dencre-afinia-l502\/","og_locale":"fr_FR","og_type":"article","og_title":"Imprimante d'\u00e9tiquettes \u00e0 jet d'encre Afinia L502","og_description":"L'imprimante \u00e0 jet d'encre Afinia L502 peut imprimer avec des encres \u00e0 colorant ainsi qu'avec des encres \u00e0 pigments, cr\u00e9ant ainsi des \u00e9tiquettes de produits \u00e9clatantes et durables.","og_url":"https:\/\/d-identify.be\/fr\/produit\/imprimante-detiquettes-a-jet-dencre-afinia-l502\/","og_site_name":"d-identify","article_modified_time":"2025-05-08T08:41:29+00:00","og_image":[{"width":544,"height":366,"url":"https:\/\/d-identify.be\/wp-content\/uploads\/2022\/07\/afinia-l502-industrial-duo-ink-color-label-printer.png","type":"image\/png"}],"twitter_card":"summary_large_image","twitter_misc":{"Dur\u00e9e de lecture estim\u00e9e":"2 minutes"},"schema":{"@context":"https:\/\/schema.org","@graph":[{"@type":"WebPage","@id":"https:\/\/d-identify.be\/fr\/produit\/imprimante-detiquettes-a-jet-dencre-afinia-l502\/","url":"https:\/\/d-identify.be\/fr\/produit\/imprimante-detiquettes-a-jet-dencre-afinia-l502\/","name":"Imprimante \u00e0 jet d'encre Afinia L502","isPartOf":{"@id":"https:\/\/d-identify.be\/fr\/#website"},"primaryImageOfPage":{"@id":"https:\/\/d-identify.be\/fr\/produit\/imprimante-detiquettes-a-jet-dencre-afinia-l502\/#primaryimage"},"image":{"@id":"https:\/\/d-identify.be\/fr\/produit\/imprimante-detiquettes-a-jet-dencre-afinia-l502\/#primaryimage"},"thumbnailUrl":"https:\/\/d-identify.be\/wp-content\/uploads\/2022\/07\/afinia-l502-industrial-duo-ink-color-label-printer.png","datePublished":"2022-07-14T07:56:58+00:00","dateModified":"2025-05-08T08:41:29+00:00","description":"L'imprimante \u00e0 jet d'encre Afinia L502 peut imprimer avec des encres \u00e0 colorant ainsi qu'avec des encres \u00e0 pigments, cr\u00e9ant ainsi des \u00e9tiquettes de produits \u00e9clatantes et durables.","breadcrumb":{"@id":"https:\/\/d-identify.be\/fr\/produit\/imprimante-detiquettes-a-jet-dencre-afinia-l502\/#breadcrumb"},"inLanguage":"fr-FR","potentialAction":[{"@type":"ReadAction","target":["https:\/\/d-identify.be\/fr\/produit\/imprimante-detiquettes-a-jet-dencre-afinia-l502\/"]}]},{"@type":"ImageObject","inLanguage":"fr-FR","@id":"https:\/\/d-identify.be\/fr\/produit\/imprimante-detiquettes-a-jet-dencre-afinia-l502\/#primaryimage","url":"https:\/\/d-identify.be\/wp-content\/uploads\/2022\/07\/afinia-l502-industrial-duo-ink-color-label-printer.png","contentUrl":"https:\/\/d-identify.be\/wp-content\/uploads\/2022\/07\/afinia-l502-industrial-duo-ink-color-label-printer.png","width":544,"height":366,"caption":"Imprimante \u00e0 jet d'encre Afinia L502"},{"@type":"BreadcrumbList","@id":"https:\/\/d-identify.be\/fr\/produit\/imprimante-detiquettes-a-jet-dencre-afinia-l502\/#breadcrumb","itemListElement":[{"@type":"ListItem","position":1,"name":"Home","item":"https:\/\/d-identify.be\/fr\/home-2\/"},{"@type":"ListItem","position":2,"name":"Boutique","item":"https:\/\/d-identify.be\/fr\/boutique\/"},{"@type":"ListItem","position":3,"name":"Imprimante d&#8217;\u00e9tiquettes \u00e0 jet d&#8217;encre Afinia L502"}]},{"@type":"WebSite","@id":"https:\/\/d-identify.be\/fr\/#website","url":"https:\/\/d-identify.be\/fr\/","name":"d-identify","description":"Industrial identification - Lockout - Tagout - Floor marking","potentialAction":[{"@type":"SearchAction","target":{"@type":"EntryPoint","urlTemplate":"https:\/\/d-identify.be\/fr\/?s={search_term_string}"},"query-input":{"@type":"PropertyValueSpecification","valueRequired":true,"valueName":"search_term_string"}}],"inLanguage":"fr-FR"}]}},"_links":{"self":[{"href":"https:\/\/d-identify.be\/fr\/wp-json\/wp\/v2\/product\/53574","targetHints":{"allow":["GET"]}}],"collection":[{"href":"https:\/\/d-identify.be\/fr\/wp-json\/wp\/v2\/product"}],"about":[{"href":"https:\/\/d-identify.be\/fr\/wp-json\/wp\/v2\/types\/product"}],"replies":[{"embeddable":true,"href":"https:\/\/d-identify.be\/fr\/wp-json\/wp\/v2\/comments?post=53574"}],"wp:featuredmedia":[{"embeddable":true,"href":"https:\/\/d-identify.be\/fr\/wp-json\/wp\/v2\/media\/25835"}],"wp:attachment":[{"href":"https:\/\/d-identify.be\/fr\/wp-json\/wp\/v2\/media?parent=53574"}],"wp:term":[{"taxonomy":"product_brand","embeddable":true,"href":"https:\/\/d-identify.be\/fr\/wp-json\/wp\/v2\/product_brand?post=53574"},{"taxonomy":"product_cat","embeddable":true,"href":"https:\/\/d-identify.be\/fr\/wp-json\/wp\/v2\/product_cat?post=53574"},{"taxonomy":"product_tag","embeddable":true,"href":"https:\/\/d-identify.be\/fr\/wp-json\/wp\/v2\/product_tag?post=53574"},{"taxonomy":"pa_connextion-shapes","embeddable":true,"href":"https:\/\/d-identify.be\/fr\/wp-json\/wp\/v2\/pa_connextion-shapes?post=53574"}],"curies":[{"name":"wp","href":"https:\/\/api.w.org\/{rel}","templated":true}]}}