{"id":53560,"date":"2022-07-11T14:15:11","date_gmt":"2022-07-11T12:15:11","guid":{"rendered":"https:\/\/d-identify.be\/product\/imprimante-a-transfert-thermique-zebra-zd621t\/"},"modified":"2022-07-11T14:15:11","modified_gmt":"2022-07-11T12:15:11","slug":"imprimante-a-transfert-thermique-zebra-zd621t","status":"publish","type":"product","link":"https:\/\/d-identify.be\/fr\/produit\/imprimante-a-transfert-thermique-zebra-zd621t\/","title":{"rendered":"Imprimante \u00e0 transfert thermique Zebra ZD621t"},"content":{"rendered":"<p>L&rsquo;imprimante \u00e0 transfert thermique Zebra ZD621t est une imprimante de qualit\u00e9 offrant des performances ultra-fiables, jour apr\u00e8s jour. Misez sur l&rsquo;imprimante \u00e0 transfert thermique Zebra ZD621t, qui s&rsquo;appuie sur la c\u00e9l\u00e8bre s\u00e9rie GX et y ajoute de nombreuses fonctionnalit\u00e9s. Soyez intransigeant. Optez pour une formule gagnante : nouvelle architecture, capacit\u00e9s \u00e9volutives et logiciel de pointe. S\u00e9curit\u00e9 in\u00e9gal\u00e9e en constante \u00e9volution pour prot\u00e9ger vos donn\u00e9es sensibles des cyberattaques. Fonctionnalit\u00e9s \u00e9tendues, options de communication et de gestion des consommables installables \u00e0 tout moment. \u00c9cran tactile couleur LCD 4,3 pouces en option avec menu intuitif. Gestion \u00e0 distance optimis\u00e9e. Cette combinaison garantit des performances d&rsquo;impression exceptionnelles, durables, avec fiabilit\u00e9, intelligence technologique et s\u00e9curit\u00e9 in\u00e9gal\u00e9es. Une seule imprimante r\u00e9unit tout ce dont vous avez besoin pour assurer la fluidit\u00e9 et la performance de vos flux de travail.         <\/p>\n","protected":false},"excerpt":{"rendered":"<p>Vous avez besoin d&rsquo;une imprimante de qualit\u00e9, durable et dot\u00e9e de fonctionnalit\u00e9s haut de gamme pour assurer la prosp\u00e9rit\u00e9 de votre entreprise. Optez pour l&rsquo;imprimante de bureau Zebra ZD621, con\u00e7ue pour des performances optimales, jour apr\u00e8s jour. Faciles \u00e0 utiliser, elles sont \u00e9quip\u00e9es de la suite logicielle exclusive Print DNA de Zebra, qui simplifie leur configuration, leur gestion et leur s\u00e9curit\u00e9, sur site ou \u00e0 distance. De plus, elles sont con\u00e7ues pour une technologie \u00e9volutive et vous garantir des ann\u00e9es de fonctionnement. Contrairement aux autres marques, les imprimantes Zebra vous offrent une s\u00e9curit\u00e9 optimale gr\u00e2ce \u00e0 PrintSecure, une fonctionnalit\u00e9 de Print DNA, qui pr\u00e9vient les temps d&rsquo;arr\u00eat et les cyberattaques co\u00fbteuses. Choisissez parmi les mod\u00e8les thermiques directs, \u00e0 transfert thermique, m\u00e9dicaux et <a href=\"https:\/\/d-identify.be\/product\/zebra-zd621\/\" target=\"_blank\" rel=\"noopener\">RFID<\/a>.     <\/p>\n<p><strong>Pour d&rsquo;autres mod\u00e8les avec \u00e9cran, \u00e9cran tactile, \u00e9plucheur et\/ou version Bluetooth et WIFI, n&rsquo;h\u00e9sitez pas \u00e0 demander un devis.<\/strong><\/p>\n<p>&nbsp;<\/p>\n","protected":false},"featured_media":25975,"comment_status":"open","ping_status":"closed","template":"","meta":{"_acf_changed":false,"_et_pb_use_builder":"","_et_pb_old_content":"","_et_gb_content_width":""},"product_brand":[1258],"product_cat":[595,598],"product_tag":[1308,1307,1306],"pa_connextion-shapes":[],"class_list":{"0":"post-53560","1":"product","2":"type-product","3":"status-publish","4":"has-post-thumbnail","6":"product_brand-zebra","7":"product_cat-imprimantes-industrielles","8":"product_cat-imprimantes-detiquettes-de-bureau","9":"product_tag-203-dpi-fr","10":"product_tag-4-inch-101mm-fr","11":"product_tag-transfert-thermique","13":"first","14":"instock","15":"sale","16":"taxable","17":"shipping-taxable","18":"purchasable","19":"product-type-variable","20":"has-default-attributes"},"exclude_global_add_ons":[],"addons":[],"acf":[],"yoast_head":"<!-- This site is optimized with the Yoast SEO Premium plugin v27.0 (Yoast SEO v27.1) - https:\/\/yoast.com\/product\/yoast-seo-premium-wordpress\/ -->\n<title>Imprimante \u00e0 transfert thermique Zebra ZD621t<\/title>\n<meta name=\"description\" content=\"L&#039;imprimante \u00e0 transfert thermique Zebra ZD621t est con\u00e7ue pour des performances optimales, jour apr\u00e8s jour. Facile \u00e0 utiliser, elle int\u00e8gre la technologie exclusive Zebra...\" \/>\n<meta name=\"robots\" content=\"index, follow, max-snippet:-1, max-image-preview:large, max-video-preview:-1\" \/>\n<link rel=\"canonical\" href=\"https:\/\/d-identify.be\/fr\/produit\/imprimante-a-transfert-thermique-zebra-zd621t\/\" \/>\n<meta property=\"og:locale\" content=\"fr_FR\" \/>\n<meta property=\"og:type\" content=\"article\" \/>\n<meta property=\"og:title\" content=\"Imprimante \u00e0 transfert thermique Zebra ZD621t\" \/>\n<meta property=\"og:description\" content=\"L&#039;imprimante \u00e0 transfert thermique Zebra ZD621t est con\u00e7ue pour des performances optimales, jour apr\u00e8s jour. Facile \u00e0 utiliser, elle int\u00e8gre la technologie exclusive Zebra...\" \/>\n<meta property=\"og:url\" content=\"https:\/\/d-identify.be\/fr\/produit\/imprimante-a-transfert-thermique-zebra-zd621t\/\" \/>\n<meta property=\"og:site_name\" content=\"d-identify\" \/>\n<meta property=\"og:image\" content=\"https:\/\/d-identify.be\/wp-content\/uploads\/2022\/07\/zd600-1.jpg\" \/>\n\t<meta property=\"og:image:width\" content=\"324\" \/>\n\t<meta property=\"og:image:height\" content=\"256\" \/>\n\t<meta property=\"og:image:type\" content=\"image\/jpeg\" \/>\n<meta name=\"twitter:card\" content=\"summary_large_image\" \/>\n<meta name=\"twitter:label1\" content=\"Dur\u00e9e de lecture estim\u00e9e\" \/>\n\t<meta name=\"twitter:data1\" content=\"1 minute\" \/>\n<script type=\"application\/ld+json\" class=\"yoast-schema-graph\">{\"@context\":\"https:\/\/schema.org\",\"@graph\":[{\"@type\":\"WebPage\",\"@id\":\"https:\/\/d-identify.be\/fr\/produit\/imprimante-a-transfert-thermique-zebra-zd621t\/\",\"url\":\"https:\/\/d-identify.be\/fr\/produit\/imprimante-a-transfert-thermique-zebra-zd621t\/\",\"name\":\"Imprimante \u00e0 transfert thermique Zebra ZD621t\",\"isPartOf\":{\"@id\":\"https:\/\/d-identify.be\/fr\/#website\"},\"primaryImageOfPage\":{\"@id\":\"https:\/\/d-identify.be\/fr\/produit\/imprimante-a-transfert-thermique-zebra-zd621t\/#primaryimage\"},\"image\":{\"@id\":\"https:\/\/d-identify.be\/fr\/produit\/imprimante-a-transfert-thermique-zebra-zd621t\/#primaryimage\"},\"thumbnailUrl\":\"https:\/\/d-identify.be\/wp-content\/uploads\/2022\/07\/zd600-1.jpg\",\"datePublished\":\"2022-07-11T12:15:11+00:00\",\"description\":\"L'imprimante \u00e0 transfert thermique Zebra ZD621t est con\u00e7ue pour des performances optimales, jour apr\u00e8s jour. Facile \u00e0 utiliser, elle int\u00e8gre la technologie exclusive Zebra...\",\"breadcrumb\":{\"@id\":\"https:\/\/d-identify.be\/fr\/produit\/imprimante-a-transfert-thermique-zebra-zd621t\/#breadcrumb\"},\"inLanguage\":\"fr-FR\",\"potentialAction\":[{\"@type\":\"ReadAction\",\"target\":[\"https:\/\/d-identify.be\/fr\/produit\/imprimante-a-transfert-thermique-zebra-zd621t\/\"]}]},{\"@type\":\"ImageObject\",\"inLanguage\":\"fr-FR\",\"@id\":\"https:\/\/d-identify.be\/fr\/produit\/imprimante-a-transfert-thermique-zebra-zd621t\/#primaryimage\",\"url\":\"https:\/\/d-identify.be\/wp-content\/uploads\/2022\/07\/zd600-1.jpg\",\"contentUrl\":\"https:\/\/d-identify.be\/wp-content\/uploads\/2022\/07\/zd600-1.jpg\",\"width\":324,\"height\":256,\"caption\":\"Zebra ZD621R Imprimante RFID | D-Identify\"},{\"@type\":\"BreadcrumbList\",\"@id\":\"https:\/\/d-identify.be\/fr\/produit\/imprimante-a-transfert-thermique-zebra-zd621t\/#breadcrumb\",\"itemListElement\":[{\"@type\":\"ListItem\",\"position\":1,\"name\":\"Home\",\"item\":\"https:\/\/d-identify.be\/fr\/home-2\/\"},{\"@type\":\"ListItem\",\"position\":2,\"name\":\"Boutique\",\"item\":\"https:\/\/d-identify.be\/fr\/boutique\/\"},{\"@type\":\"ListItem\",\"position\":3,\"name\":\"Imprimante \u00e0 transfert thermique Zebra ZD621t\"}]},{\"@type\":\"WebSite\",\"@id\":\"https:\/\/d-identify.be\/fr\/#website\",\"url\":\"https:\/\/d-identify.be\/fr\/\",\"name\":\"d-identify\",\"description\":\"Industrial identification - Lockout - Tagout - Floor marking\",\"potentialAction\":[{\"@type\":\"SearchAction\",\"target\":{\"@type\":\"EntryPoint\",\"urlTemplate\":\"https:\/\/d-identify.be\/fr\/?s={search_term_string}\"},\"query-input\":{\"@type\":\"PropertyValueSpecification\",\"valueRequired\":true,\"valueName\":\"search_term_string\"}}],\"inLanguage\":\"fr-FR\"}]}<\/script>\n<!-- \/ Yoast SEO Premium plugin. -->","yoast_head_json":{"title":"Imprimante \u00e0 transfert thermique Zebra ZD621t","description":"L'imprimante \u00e0 transfert thermique Zebra ZD621t est con\u00e7ue pour des performances optimales, jour apr\u00e8s jour. Facile \u00e0 utiliser, elle int\u00e8gre la technologie exclusive Zebra...","robots":{"index":"index","follow":"follow","max-snippet":"max-snippet:-1","max-image-preview":"max-image-preview:large","max-video-preview":"max-video-preview:-1"},"canonical":"https:\/\/d-identify.be\/fr\/produit\/imprimante-a-transfert-thermique-zebra-zd621t\/","og_locale":"fr_FR","og_type":"article","og_title":"Imprimante \u00e0 transfert thermique Zebra ZD621t","og_description":"L'imprimante \u00e0 transfert thermique Zebra ZD621t est con\u00e7ue pour des performances optimales, jour apr\u00e8s jour. Facile \u00e0 utiliser, elle int\u00e8gre la technologie exclusive Zebra...","og_url":"https:\/\/d-identify.be\/fr\/produit\/imprimante-a-transfert-thermique-zebra-zd621t\/","og_site_name":"d-identify","og_image":[{"width":324,"height":256,"url":"https:\/\/d-identify.be\/wp-content\/uploads\/2022\/07\/zd600-1.jpg","type":"image\/jpeg"}],"twitter_card":"summary_large_image","twitter_misc":{"Dur\u00e9e de lecture estim\u00e9e":"1 minute"},"schema":{"@context":"https:\/\/schema.org","@graph":[{"@type":"WebPage","@id":"https:\/\/d-identify.be\/fr\/produit\/imprimante-a-transfert-thermique-zebra-zd621t\/","url":"https:\/\/d-identify.be\/fr\/produit\/imprimante-a-transfert-thermique-zebra-zd621t\/","name":"Imprimante \u00e0 transfert thermique Zebra ZD621t","isPartOf":{"@id":"https:\/\/d-identify.be\/fr\/#website"},"primaryImageOfPage":{"@id":"https:\/\/d-identify.be\/fr\/produit\/imprimante-a-transfert-thermique-zebra-zd621t\/#primaryimage"},"image":{"@id":"https:\/\/d-identify.be\/fr\/produit\/imprimante-a-transfert-thermique-zebra-zd621t\/#primaryimage"},"thumbnailUrl":"https:\/\/d-identify.be\/wp-content\/uploads\/2022\/07\/zd600-1.jpg","datePublished":"2022-07-11T12:15:11+00:00","description":"L'imprimante \u00e0 transfert thermique Zebra ZD621t est con\u00e7ue pour des performances optimales, jour apr\u00e8s jour. Facile \u00e0 utiliser, elle int\u00e8gre la technologie exclusive Zebra...","breadcrumb":{"@id":"https:\/\/d-identify.be\/fr\/produit\/imprimante-a-transfert-thermique-zebra-zd621t\/#breadcrumb"},"inLanguage":"fr-FR","potentialAction":[{"@type":"ReadAction","target":["https:\/\/d-identify.be\/fr\/produit\/imprimante-a-transfert-thermique-zebra-zd621t\/"]}]},{"@type":"ImageObject","inLanguage":"fr-FR","@id":"https:\/\/d-identify.be\/fr\/produit\/imprimante-a-transfert-thermique-zebra-zd621t\/#primaryimage","url":"https:\/\/d-identify.be\/wp-content\/uploads\/2022\/07\/zd600-1.jpg","contentUrl":"https:\/\/d-identify.be\/wp-content\/uploads\/2022\/07\/zd600-1.jpg","width":324,"height":256,"caption":"Zebra ZD621R Imprimante RFID | D-Identify"},{"@type":"BreadcrumbList","@id":"https:\/\/d-identify.be\/fr\/produit\/imprimante-a-transfert-thermique-zebra-zd621t\/#breadcrumb","itemListElement":[{"@type":"ListItem","position":1,"name":"Home","item":"https:\/\/d-identify.be\/fr\/home-2\/"},{"@type":"ListItem","position":2,"name":"Boutique","item":"https:\/\/d-identify.be\/fr\/boutique\/"},{"@type":"ListItem","position":3,"name":"Imprimante \u00e0 transfert thermique Zebra ZD621t"}]},{"@type":"WebSite","@id":"https:\/\/d-identify.be\/fr\/#website","url":"https:\/\/d-identify.be\/fr\/","name":"d-identify","description":"Industrial identification - Lockout - Tagout - Floor marking","potentialAction":[{"@type":"SearchAction","target":{"@type":"EntryPoint","urlTemplate":"https:\/\/d-identify.be\/fr\/?s={search_term_string}"},"query-input":{"@type":"PropertyValueSpecification","valueRequired":true,"valueName":"search_term_string"}}],"inLanguage":"fr-FR"}]}},"_links":{"self":[{"href":"https:\/\/d-identify.be\/fr\/wp-json\/wp\/v2\/product\/53560","targetHints":{"allow":["GET"]}}],"collection":[{"href":"https:\/\/d-identify.be\/fr\/wp-json\/wp\/v2\/product"}],"about":[{"href":"https:\/\/d-identify.be\/fr\/wp-json\/wp\/v2\/types\/product"}],"replies":[{"embeddable":true,"href":"https:\/\/d-identify.be\/fr\/wp-json\/wp\/v2\/comments?post=53560"}],"wp:featuredmedia":[{"embeddable":true,"href":"https:\/\/d-identify.be\/fr\/wp-json\/wp\/v2\/media\/25975"}],"wp:attachment":[{"href":"https:\/\/d-identify.be\/fr\/wp-json\/wp\/v2\/media?parent=53560"}],"wp:term":[{"taxonomy":"product_brand","embeddable":true,"href":"https:\/\/d-identify.be\/fr\/wp-json\/wp\/v2\/product_brand?post=53560"},{"taxonomy":"product_cat","embeddable":true,"href":"https:\/\/d-identify.be\/fr\/wp-json\/wp\/v2\/product_cat?post=53560"},{"taxonomy":"product_tag","embeddable":true,"href":"https:\/\/d-identify.be\/fr\/wp-json\/wp\/v2\/product_tag?post=53560"},{"taxonomy":"pa_connextion-shapes","embeddable":true,"href":"https:\/\/d-identify.be\/fr\/wp-json\/wp\/v2\/pa_connextion-shapes?post=53560"}],"curies":[{"name":"wp","href":"https:\/\/api.w.org\/{rel}","templated":true}]}}