{"id":53518,"date":"2025-02-18T21:06:02","date_gmt":"2025-02-18T19:06:02","guid":{"rendered":"https:\/\/d-identify.be\/product\/imprimante-de-bureau-godex-dt200-230\/"},"modified":"2025-04-30T11:45:34","modified_gmt":"2025-04-30T09:45:34","slug":"imprimante-de-bureau-godex-dt200-230","status":"publish","type":"product","link":"https:\/\/d-identify.be\/fr\/produit\/imprimante-de-bureau-godex-dt200-230\/","title":{"rendered":"Imprimante de bureau Godex DT200"},"content":{"rendered":"<h3><span style=\"color: #ff0000;\"><strong>Petit par la taille. Puissant par la fonction ! <\/strong><\/span><\/h3>\n<p>La s\u00e9rie DT200 b\u00e9n\u00e9ficie d&rsquo;une conception ing\u00e9nieuse qui r\u00e9unit plusieurs fonctions sur une seule plateforme. Elle prend en charge les r\u00e9solutions d&rsquo;impression de 203 ou 300 dpi. Une gamme compl\u00e8te d&rsquo;accessoires optionnels est disponible, et la DT200L prend en charge l&rsquo;impression sur supports sans support. Cette s\u00e9rie r\u00e9pond \u00e0 tous vos besoins.   <\/p>\n<ul>\n<li>Prend en charge une r\u00e9solution d&rsquo;impression de 203 dpi<\/li>\n<li>Faible encombrement avec une conception pouvant \u00eatre mont\u00e9e au mur pour optimiser l&rsquo;espace<\/li>\n<li>Le bouton d&rsquo;auto-\u00e9talonnage innovant et facile \u00e0 utiliser facilite la d\u00e9tection et le positionnement des supports.<\/li>\n<li>Ligne d&rsquo;impression TPH r\u00e9glable pour optimiser l&rsquo;imprimabilit\u00e9<\/li>\n<li>Plusieurs interfaces de connexion pour plusieurs applications<\/li>\n<li>Connectivit\u00e9 sans fil en option : module Bluetooth ou Wi-Fi<\/li>\n<li>Prend en charge diff\u00e9rents types de supports, y compris les supports sans support avec les mod\u00e8les sans support DT200L.<\/li>\n<li>Support externe disponible pour les grands projets d&rsquo;impression (non compatible avec les mod\u00e8les Linerless)<\/li>\n<\/ul>\n<p>&nbsp;<\/p>\n","protected":false},"excerpt":{"rendered":"<h3><span style=\"color: #ff0000;\"><strong>Petit par la taille. Puissant par la fonction ! <\/strong><\/span><\/h3>\n<p>La s\u00e9rie DT200 b\u00e9n\u00e9ficie d&rsquo;une conception ing\u00e9nieuse qui r\u00e9unit plusieurs fonctions sur une seule plateforme. Elle prend en charge les r\u00e9solutions d&rsquo;impression de 203 ou 300 dpi. Une gamme compl\u00e8te d&rsquo;accessoires optionnels est disponible, et la DT200L prend en charge l&rsquo;impression sur supports sans support. Cette s\u00e9rie r\u00e9pond \u00e0 tous vos besoins.   <\/p>\n<h3><span style=\"color: #ff6600;\"> 3 ans de garantie<\/span><\/h3>\n<ul>\n<li>Prend en charge une r\u00e9solution d&rsquo;impression de 203 dpi \/ 300 dpi<\/li>\n<li>Faible encombrement avec une conception pouvant \u00eatre mont\u00e9e au mur pour optimiser l&rsquo;espace<\/li>\n<li>Le bouton d&rsquo;auto-\u00e9talonnage innovant et facile \u00e0 utiliser facilite la d\u00e9tection et le positionnement des supports.<\/li>\n<li><span style=\"color: #ff6600;\"><strong>Logiciel golabel gratuit !<\/strong><\/span><\/li>\n<\/ul>\n","protected":false},"featured_media":52214,"comment_status":"open","ping_status":"closed","template":"","meta":{"_acf_changed":false,"_et_pb_use_builder":"","_et_pb_old_content":"","_et_gb_content_width":""},"product_brand":[1227],"product_cat":[595,598],"product_tag":[],"pa_connextion-shapes":[],"class_list":{"0":"post-53518","1":"product","2":"type-product","3":"status-publish","4":"has-post-thumbnail","6":"product_brand-godex","7":"product_cat-imprimantes-industrielles","8":"product_cat-imprimantes-detiquettes-de-bureau","10":"first","11":"instock","12":"sale","13":"taxable","14":"shipping-taxable","15":"purchasable","16":"product-type-simple"},"exclude_global_add_ons":[],"addons":[],"acf":[],"yoast_head":"<!-- This site is optimized with the Yoast SEO Premium plugin v27.0 (Yoast SEO v27.1) - https:\/\/yoast.com\/product\/yoast-seo-premium-wordpress\/ -->\n<title>Imprimante de bureau Godex DT200<\/title>\n<meta name=\"description\" content=\"L&#039;imprimante de bureau DT200 Godex est une conception ing\u00e9nieuse qui regroupe plusieurs fonctions sur une seule plateforme. Elle prend en charge les r\u00e9solutions d&#039;impression de 203 ou 300 dpi.\" \/>\n<meta name=\"robots\" content=\"index, follow, max-snippet:-1, max-image-preview:large, max-video-preview:-1\" \/>\n<link rel=\"canonical\" href=\"https:\/\/d-identify.be\/fr\/produit\/imprimante-de-bureau-godex-dt200-230\/\" \/>\n<meta property=\"og:locale\" content=\"fr_FR\" \/>\n<meta property=\"og:type\" content=\"article\" \/>\n<meta property=\"og:title\" content=\"Imprimante de bureau Godex DT200\" \/>\n<meta property=\"og:description\" content=\"L&#039;imprimante de bureau DT200 Godex est une conception ing\u00e9nieuse qui regroupe plusieurs fonctions sur une seule plateforme. Elle prend en charge les r\u00e9solutions d&#039;impression de 203 ou 300 dpi.\" \/>\n<meta property=\"og:url\" content=\"https:\/\/d-identify.be\/fr\/produit\/imprimante-de-bureau-godex-dt200-230\/\" \/>\n<meta property=\"og:site_name\" content=\"d-identify\" \/>\n<meta property=\"article:modified_time\" content=\"2025-04-30T09:45:34+00:00\" \/>\n<meta property=\"og:image\" content=\"https:\/\/d-identify.be\/wp-content\/uploads\/2025\/02\/DT200-DT230.png\" \/>\n\t<meta property=\"og:image:width\" content=\"600\" \/>\n\t<meta property=\"og:image:height\" content=\"600\" \/>\n\t<meta property=\"og:image:type\" content=\"image\/png\" \/>\n<meta name=\"twitter:card\" content=\"summary_large_image\" \/>\n<meta name=\"twitter:label1\" content=\"Dur\u00e9e de lecture estim\u00e9e\" \/>\n\t<meta name=\"twitter:data1\" content=\"1 minute\" \/>\n<script type=\"application\/ld+json\" class=\"yoast-schema-graph\">{\"@context\":\"https:\/\/schema.org\",\"@graph\":[{\"@type\":\"WebPage\",\"@id\":\"https:\/\/d-identify.be\/fr\/produit\/imprimante-de-bureau-godex-dt200-230\/\",\"url\":\"https:\/\/d-identify.be\/fr\/produit\/imprimante-de-bureau-godex-dt200-230\/\",\"name\":\"Imprimante de bureau Godex DT200\",\"isPartOf\":{\"@id\":\"https:\/\/d-identify.be\/fr\/#website\"},\"primaryImageOfPage\":{\"@id\":\"https:\/\/d-identify.be\/fr\/produit\/imprimante-de-bureau-godex-dt200-230\/#primaryimage\"},\"image\":{\"@id\":\"https:\/\/d-identify.be\/fr\/produit\/imprimante-de-bureau-godex-dt200-230\/#primaryimage\"},\"thumbnailUrl\":\"https:\/\/d-identify.be\/wp-content\/uploads\/2025\/02\/DT200-DT230.png\",\"datePublished\":\"2025-02-18T19:06:02+00:00\",\"dateModified\":\"2025-04-30T09:45:34+00:00\",\"description\":\"L'imprimante de bureau DT200 Godex est une conception ing\u00e9nieuse qui regroupe plusieurs fonctions sur une seule plateforme. Elle prend en charge les r\u00e9solutions d'impression de 203 ou 300 dpi.\",\"breadcrumb\":{\"@id\":\"https:\/\/d-identify.be\/fr\/produit\/imprimante-de-bureau-godex-dt200-230\/#breadcrumb\"},\"inLanguage\":\"fr-FR\",\"potentialAction\":[{\"@type\":\"ReadAction\",\"target\":[\"https:\/\/d-identify.be\/fr\/produit\/imprimante-de-bureau-godex-dt200-230\/\"]}]},{\"@type\":\"ImageObject\",\"inLanguage\":\"fr-FR\",\"@id\":\"https:\/\/d-identify.be\/fr\/produit\/imprimante-de-bureau-godex-dt200-230\/#primaryimage\",\"url\":\"https:\/\/d-identify.be\/wp-content\/uploads\/2025\/02\/DT200-DT230.png\",\"contentUrl\":\"https:\/\/d-identify.be\/wp-content\/uploads\/2025\/02\/DT200-DT230.png\",\"width\":600,\"height\":600,\"caption\":\"Godex DT230 Imprimante Thermique Directe 300 DPI\"},{\"@type\":\"BreadcrumbList\",\"@id\":\"https:\/\/d-identify.be\/fr\/produit\/imprimante-de-bureau-godex-dt200-230\/#breadcrumb\",\"itemListElement\":[{\"@type\":\"ListItem\",\"position\":1,\"name\":\"Home\",\"item\":\"https:\/\/d-identify.be\/fr\/home-2\/\"},{\"@type\":\"ListItem\",\"position\":2,\"name\":\"Boutique\",\"item\":\"https:\/\/d-identify.be\/fr\/boutique\/\"},{\"@type\":\"ListItem\",\"position\":3,\"name\":\"Imprimante de bureau Godex DT200\"}]},{\"@type\":\"WebSite\",\"@id\":\"https:\/\/d-identify.be\/fr\/#website\",\"url\":\"https:\/\/d-identify.be\/fr\/\",\"name\":\"d-identify\",\"description\":\"Industrial identification - Lockout - Tagout - Floor marking\",\"potentialAction\":[{\"@type\":\"SearchAction\",\"target\":{\"@type\":\"EntryPoint\",\"urlTemplate\":\"https:\/\/d-identify.be\/fr\/?s={search_term_string}\"},\"query-input\":{\"@type\":\"PropertyValueSpecification\",\"valueRequired\":true,\"valueName\":\"search_term_string\"}}],\"inLanguage\":\"fr-FR\"}]}<\/script>\n<!-- \/ Yoast SEO Premium plugin. -->","yoast_head_json":{"title":"Imprimante de bureau Godex DT200","description":"L'imprimante de bureau DT200 Godex est une conception ing\u00e9nieuse qui regroupe plusieurs fonctions sur une seule plateforme. Elle prend en charge les r\u00e9solutions d'impression de 203 ou 300 dpi.","robots":{"index":"index","follow":"follow","max-snippet":"max-snippet:-1","max-image-preview":"max-image-preview:large","max-video-preview":"max-video-preview:-1"},"canonical":"https:\/\/d-identify.be\/fr\/produit\/imprimante-de-bureau-godex-dt200-230\/","og_locale":"fr_FR","og_type":"article","og_title":"Imprimante de bureau Godex DT200","og_description":"L'imprimante de bureau DT200 Godex est une conception ing\u00e9nieuse qui regroupe plusieurs fonctions sur une seule plateforme. Elle prend en charge les r\u00e9solutions d'impression de 203 ou 300 dpi.","og_url":"https:\/\/d-identify.be\/fr\/produit\/imprimante-de-bureau-godex-dt200-230\/","og_site_name":"d-identify","article_modified_time":"2025-04-30T09:45:34+00:00","og_image":[{"width":600,"height":600,"url":"https:\/\/d-identify.be\/wp-content\/uploads\/2025\/02\/DT200-DT230.png","type":"image\/png"}],"twitter_card":"summary_large_image","twitter_misc":{"Dur\u00e9e de lecture estim\u00e9e":"1 minute"},"schema":{"@context":"https:\/\/schema.org","@graph":[{"@type":"WebPage","@id":"https:\/\/d-identify.be\/fr\/produit\/imprimante-de-bureau-godex-dt200-230\/","url":"https:\/\/d-identify.be\/fr\/produit\/imprimante-de-bureau-godex-dt200-230\/","name":"Imprimante de bureau Godex DT200","isPartOf":{"@id":"https:\/\/d-identify.be\/fr\/#website"},"primaryImageOfPage":{"@id":"https:\/\/d-identify.be\/fr\/produit\/imprimante-de-bureau-godex-dt200-230\/#primaryimage"},"image":{"@id":"https:\/\/d-identify.be\/fr\/produit\/imprimante-de-bureau-godex-dt200-230\/#primaryimage"},"thumbnailUrl":"https:\/\/d-identify.be\/wp-content\/uploads\/2025\/02\/DT200-DT230.png","datePublished":"2025-02-18T19:06:02+00:00","dateModified":"2025-04-30T09:45:34+00:00","description":"L'imprimante de bureau DT200 Godex est une conception ing\u00e9nieuse qui regroupe plusieurs fonctions sur une seule plateforme. Elle prend en charge les r\u00e9solutions d'impression de 203 ou 300 dpi.","breadcrumb":{"@id":"https:\/\/d-identify.be\/fr\/produit\/imprimante-de-bureau-godex-dt200-230\/#breadcrumb"},"inLanguage":"fr-FR","potentialAction":[{"@type":"ReadAction","target":["https:\/\/d-identify.be\/fr\/produit\/imprimante-de-bureau-godex-dt200-230\/"]}]},{"@type":"ImageObject","inLanguage":"fr-FR","@id":"https:\/\/d-identify.be\/fr\/produit\/imprimante-de-bureau-godex-dt200-230\/#primaryimage","url":"https:\/\/d-identify.be\/wp-content\/uploads\/2025\/02\/DT200-DT230.png","contentUrl":"https:\/\/d-identify.be\/wp-content\/uploads\/2025\/02\/DT200-DT230.png","width":600,"height":600,"caption":"Godex DT230 Imprimante Thermique Directe 300 DPI"},{"@type":"BreadcrumbList","@id":"https:\/\/d-identify.be\/fr\/produit\/imprimante-de-bureau-godex-dt200-230\/#breadcrumb","itemListElement":[{"@type":"ListItem","position":1,"name":"Home","item":"https:\/\/d-identify.be\/fr\/home-2\/"},{"@type":"ListItem","position":2,"name":"Boutique","item":"https:\/\/d-identify.be\/fr\/boutique\/"},{"@type":"ListItem","position":3,"name":"Imprimante de bureau Godex DT200"}]},{"@type":"WebSite","@id":"https:\/\/d-identify.be\/fr\/#website","url":"https:\/\/d-identify.be\/fr\/","name":"d-identify","description":"Industrial identification - Lockout - Tagout - Floor marking","potentialAction":[{"@type":"SearchAction","target":{"@type":"EntryPoint","urlTemplate":"https:\/\/d-identify.be\/fr\/?s={search_term_string}"},"query-input":{"@type":"PropertyValueSpecification","valueRequired":true,"valueName":"search_term_string"}}],"inLanguage":"fr-FR"}]}},"_links":{"self":[{"href":"https:\/\/d-identify.be\/fr\/wp-json\/wp\/v2\/product\/53518","targetHints":{"allow":["GET"]}}],"collection":[{"href":"https:\/\/d-identify.be\/fr\/wp-json\/wp\/v2\/product"}],"about":[{"href":"https:\/\/d-identify.be\/fr\/wp-json\/wp\/v2\/types\/product"}],"replies":[{"embeddable":true,"href":"https:\/\/d-identify.be\/fr\/wp-json\/wp\/v2\/comments?post=53518"}],"wp:featuredmedia":[{"embeddable":true,"href":"https:\/\/d-identify.be\/fr\/wp-json\/wp\/v2\/media\/52214"}],"wp:attachment":[{"href":"https:\/\/d-identify.be\/fr\/wp-json\/wp\/v2\/media?parent=53518"}],"wp:term":[{"taxonomy":"product_brand","embeddable":true,"href":"https:\/\/d-identify.be\/fr\/wp-json\/wp\/v2\/product_brand?post=53518"},{"taxonomy":"product_cat","embeddable":true,"href":"https:\/\/d-identify.be\/fr\/wp-json\/wp\/v2\/product_cat?post=53518"},{"taxonomy":"product_tag","embeddable":true,"href":"https:\/\/d-identify.be\/fr\/wp-json\/wp\/v2\/product_tag?post=53518"},{"taxonomy":"pa_connextion-shapes","embeddable":true,"href":"https:\/\/d-identify.be\/fr\/wp-json\/wp\/v2\/pa_connextion-shapes?post=53518"}],"curies":[{"name":"wp","href":"https:\/\/api.w.org\/{rel}","templated":true}]}}