{"id":52774,"date":"2024-12-03T20:13:12","date_gmt":"2024-12-03T18:13:12","guid":{"rendered":"https:\/\/d-identify.be\/product\/bobine-de-feu-restez-libre\/"},"modified":"2025-03-13T17:58:53","modified_gmt":"2025-03-13T15:58:53","slug":"bobine-de-feu-restez-libre","status":"publish","type":"product","link":"https:\/\/d-identify.be\/fr\/produit\/bobine-de-feu-restez-libre\/","title":{"rendered":"Bobine de feu &#8211; Restez libre"},"content":{"rendered":"<p>Notre <strong>marquage au sol d&rsquo;extincteur &#8211; garder libre<\/strong> est sp\u00e9cialement con\u00e7u pour marquer clairement les zones sous les extincteurs et les garder d\u00e9gag\u00e9es en permanence. Le marqueur est fabriqu\u00e9 en vinyle polym\u00e8re avec un adh\u00e9sif acrylique de haute qualit\u00e9, ce qui le rend r\u00e9sistant \u00e0 une utilisation intensive et aux conditions difficiles. La couche adh\u00e9sive ne laisse aucune trace apr\u00e8s retrait, garantissant une surface propre et soign\u00e9e.<\/p>\n<p>De plus, le marquage est dot\u00e9 en standard d&rsquo;une couche antid\u00e9rapante, ce qui garantit la s\u00e9curit\u00e9, m\u00eame dans des conditions humides ou glissantes. Les symboles utilis\u00e9s sont conformes \u00e0 la norme ISO 7010, ce qui signifie qu&rsquo;ils r\u00e9pondent aux normes de s\u00e9curit\u00e9 internationales et offrent une visibilit\u00e9 optimale.<\/p>\n<p>Avec des mat\u00e9riaux durables, une adh\u00e9rence permanente et des couleurs vives, ce marquage offre une solution fiable et s\u00e9curis\u00e9e pour maintenir les zones de extincteurs toujours accessibles. Id\u00e9al pour les entrep\u00f4ts, les bureaux et les environnements industriels.<\/p>\n","protected":false},"excerpt":{"rendered":"<p style=\"text-align: left;\">Marqueur en <strong>vinyle polym\u00e8re<\/strong> durable avec <strong>adh\u00e9sif acrylique<\/strong> non marquant. Equip\u00e9 d&rsquo;un rev\u00eatement <strong>antid\u00e9rapant<\/strong> et de symboles conformes \u00e0 la <strong>norme ISO 7010<\/strong>, id\u00e9al pour maintenir les zones d&rsquo;extincteurs d\u00e9gag\u00e9es de mani\u00e8re permanente et s\u00fbre.<\/p>\n<p><img loading=\"lazy\" decoding=\"async\" class=\"alignnone wp-image-50228\" src=\"https:\/\/d-identify.be\/wp-content\/uploads\/2025\/01\/van-1.png\" alt=\"\" width=\"65\" height=\"27\" \/> Le d\u00e9lai de livraison typique pour ce produit est de <strong>4 \u00e0 6<\/strong> jours ouvrables.<\/p>\n","protected":false},"featured_media":52780,"comment_status":"open","ping_status":"closed","template":"","meta":{"_acf_changed":false,"_et_pb_use_builder":"","_et_pb_old_content":"","_et_gb_content_width":""},"product_brand":[],"product_cat":[1240],"product_tag":[],"pa_connextion-shapes":[],"class_list":{"0":"post-52774","1":"product","2":"type-product","3":"status-publish","4":"has-post-thumbnail","6":"product_cat-le-marquage-au-sol","8":"first","9":"instock","10":"taxable","11":"shipping-taxable","12":"purchasable","13":"product-type-simple"},"exclude_global_add_ons":[],"addons":[],"acf":[],"yoast_head":"<!-- This site is optimized with the Yoast SEO Premium plugin v27.0 (Yoast SEO v27.1) - https:\/\/yoast.com\/product\/yoast-seo-premium-wordpress\/ -->\n<title>Marquage au sol Gardez l&#039;extincteur libre<\/title>\n<meta name=\"description\" content=\"Marquage au sol avec le symbole ISO 7010 : \u00ab Garder la zone d&#039;extincteur d\u00e9gag\u00e9e \u00bb. Durable et clair pour des lieux de travail s\u00fbrs et organis\u00e9s.\" \/>\n<meta name=\"robots\" content=\"index, follow, max-snippet:-1, max-image-preview:large, max-video-preview:-1\" \/>\n<link rel=\"canonical\" href=\"https:\/\/d-identify.be\/fr\/produit\/bobine-de-feu-restez-libre\/\" \/>\n<meta property=\"og:locale\" content=\"fr_FR\" \/>\n<meta property=\"og:type\" content=\"article\" \/>\n<meta property=\"og:title\" content=\"Bobine de feu - Restez libre\" \/>\n<meta property=\"og:description\" content=\"Marquage au sol avec le symbole ISO 7010 : \u00ab Garder la zone d&#039;extincteur d\u00e9gag\u00e9e \u00bb. Durable et clair pour des lieux de travail s\u00fbrs et organis\u00e9s.\" \/>\n<meta property=\"og:url\" content=\"https:\/\/d-identify.be\/fr\/produit\/bobine-de-feu-restez-libre\/\" \/>\n<meta property=\"og:site_name\" content=\"d-identify\" \/>\n<meta property=\"article:modified_time\" content=\"2025-03-13T15:58:53+00:00\" \/>\n<meta property=\"og:image\" content=\"https:\/\/d-identify.be\/wp-content\/uploads\/2024\/12\/devidoir-incendie-garder-libre-700x350mm.jpg\" \/>\n\t<meta property=\"og:image:width\" content=\"904\" \/>\n\t<meta property=\"og:image:height\" content=\"735\" \/>\n\t<meta property=\"og:image:type\" content=\"image\/jpeg\" \/>\n<meta name=\"twitter:card\" content=\"summary_large_image\" \/>\n<meta name=\"twitter:label1\" content=\"Dur\u00e9e de lecture estim\u00e9e\" \/>\n\t<meta name=\"twitter:data1\" content=\"1 minute\" \/>\n<script type=\"application\/ld+json\" class=\"yoast-schema-graph\">{\"@context\":\"https:\/\/schema.org\",\"@graph\":[{\"@type\":\"WebPage\",\"@id\":\"https:\/\/d-identify.be\/fr\/produit\/bobine-de-feu-restez-libre\/\",\"url\":\"https:\/\/d-identify.be\/fr\/produit\/bobine-de-feu-restez-libre\/\",\"name\":\"Marquage au sol Gardez l'extincteur libre\",\"isPartOf\":{\"@id\":\"https:\/\/d-identify.be\/fr\/#website\"},\"primaryImageOfPage\":{\"@id\":\"https:\/\/d-identify.be\/fr\/produit\/bobine-de-feu-restez-libre\/#primaryimage\"},\"image\":{\"@id\":\"https:\/\/d-identify.be\/fr\/produit\/bobine-de-feu-restez-libre\/#primaryimage\"},\"thumbnailUrl\":\"https:\/\/d-identify.be\/wp-content\/uploads\/2024\/12\/devidoir-incendie-garder-libre-700x350mm.jpg\",\"datePublished\":\"2024-12-03T18:13:12+00:00\",\"dateModified\":\"2025-03-13T15:58:53+00:00\",\"description\":\"Marquage au sol avec le symbole ISO 7010 : \u00ab Garder la zone d'extincteur d\u00e9gag\u00e9e \u00bb. Durable et clair pour des lieux de travail s\u00fbrs et organis\u00e9s.\",\"breadcrumb\":{\"@id\":\"https:\/\/d-identify.be\/fr\/produit\/bobine-de-feu-restez-libre\/#breadcrumb\"},\"inLanguage\":\"fr-FR\",\"potentialAction\":[{\"@type\":\"ReadAction\",\"target\":[\"https:\/\/d-identify.be\/fr\/produit\/bobine-de-feu-restez-libre\/\"]}]},{\"@type\":\"ImageObject\",\"inLanguage\":\"fr-FR\",\"@id\":\"https:\/\/d-identify.be\/fr\/produit\/bobine-de-feu-restez-libre\/#primaryimage\",\"url\":\"https:\/\/d-identify.be\/wp-content\/uploads\/2024\/12\/devidoir-incendie-garder-libre-700x350mm.jpg\",\"contentUrl\":\"https:\/\/d-identify.be\/wp-content\/uploads\/2024\/12\/devidoir-incendie-garder-libre-700x350mm.jpg\",\"width\":904,\"height\":735,\"caption\":\"devidoir incendie - garder libre 700x350mm\"},{\"@type\":\"BreadcrumbList\",\"@id\":\"https:\/\/d-identify.be\/fr\/produit\/bobine-de-feu-restez-libre\/#breadcrumb\",\"itemListElement\":[{\"@type\":\"ListItem\",\"position\":1,\"name\":\"Home\",\"item\":\"https:\/\/d-identify.be\/fr\/home-2\/\"},{\"@type\":\"ListItem\",\"position\":2,\"name\":\"Boutique\",\"item\":\"https:\/\/d-identify.be\/fr\/boutique\/\"},{\"@type\":\"ListItem\",\"position\":3,\"name\":\"Bobine de feu &#8211; Restez libre\"}]},{\"@type\":\"WebSite\",\"@id\":\"https:\/\/d-identify.be\/fr\/#website\",\"url\":\"https:\/\/d-identify.be\/fr\/\",\"name\":\"d-identify\",\"description\":\"Industrial identification - Lockout - Tagout - Floor marking\",\"potentialAction\":[{\"@type\":\"SearchAction\",\"target\":{\"@type\":\"EntryPoint\",\"urlTemplate\":\"https:\/\/d-identify.be\/fr\/?s={search_term_string}\"},\"query-input\":{\"@type\":\"PropertyValueSpecification\",\"valueRequired\":true,\"valueName\":\"search_term_string\"}}],\"inLanguage\":\"fr-FR\"}]}<\/script>\n<!-- \/ Yoast SEO Premium plugin. -->","yoast_head_json":{"title":"Marquage au sol Gardez l'extincteur libre","description":"Marquage au sol avec le symbole ISO 7010 : \u00ab Garder la zone d'extincteur d\u00e9gag\u00e9e \u00bb. Durable et clair pour des lieux de travail s\u00fbrs et organis\u00e9s.","robots":{"index":"index","follow":"follow","max-snippet":"max-snippet:-1","max-image-preview":"max-image-preview:large","max-video-preview":"max-video-preview:-1"},"canonical":"https:\/\/d-identify.be\/fr\/produit\/bobine-de-feu-restez-libre\/","og_locale":"fr_FR","og_type":"article","og_title":"Bobine de feu - Restez libre","og_description":"Marquage au sol avec le symbole ISO 7010 : \u00ab Garder la zone d'extincteur d\u00e9gag\u00e9e \u00bb. Durable et clair pour des lieux de travail s\u00fbrs et organis\u00e9s.","og_url":"https:\/\/d-identify.be\/fr\/produit\/bobine-de-feu-restez-libre\/","og_site_name":"d-identify","article_modified_time":"2025-03-13T15:58:53+00:00","og_image":[{"width":904,"height":735,"url":"https:\/\/d-identify.be\/wp-content\/uploads\/2024\/12\/devidoir-incendie-garder-libre-700x350mm.jpg","type":"image\/jpeg"}],"twitter_card":"summary_large_image","twitter_misc":{"Dur\u00e9e de lecture estim\u00e9e":"1 minute"},"schema":{"@context":"https:\/\/schema.org","@graph":[{"@type":"WebPage","@id":"https:\/\/d-identify.be\/fr\/produit\/bobine-de-feu-restez-libre\/","url":"https:\/\/d-identify.be\/fr\/produit\/bobine-de-feu-restez-libre\/","name":"Marquage au sol Gardez l'extincteur libre","isPartOf":{"@id":"https:\/\/d-identify.be\/fr\/#website"},"primaryImageOfPage":{"@id":"https:\/\/d-identify.be\/fr\/produit\/bobine-de-feu-restez-libre\/#primaryimage"},"image":{"@id":"https:\/\/d-identify.be\/fr\/produit\/bobine-de-feu-restez-libre\/#primaryimage"},"thumbnailUrl":"https:\/\/d-identify.be\/wp-content\/uploads\/2024\/12\/devidoir-incendie-garder-libre-700x350mm.jpg","datePublished":"2024-12-03T18:13:12+00:00","dateModified":"2025-03-13T15:58:53+00:00","description":"Marquage au sol avec le symbole ISO 7010 : \u00ab Garder la zone d'extincteur d\u00e9gag\u00e9e \u00bb. Durable et clair pour des lieux de travail s\u00fbrs et organis\u00e9s.","breadcrumb":{"@id":"https:\/\/d-identify.be\/fr\/produit\/bobine-de-feu-restez-libre\/#breadcrumb"},"inLanguage":"fr-FR","potentialAction":[{"@type":"ReadAction","target":["https:\/\/d-identify.be\/fr\/produit\/bobine-de-feu-restez-libre\/"]}]},{"@type":"ImageObject","inLanguage":"fr-FR","@id":"https:\/\/d-identify.be\/fr\/produit\/bobine-de-feu-restez-libre\/#primaryimage","url":"https:\/\/d-identify.be\/wp-content\/uploads\/2024\/12\/devidoir-incendie-garder-libre-700x350mm.jpg","contentUrl":"https:\/\/d-identify.be\/wp-content\/uploads\/2024\/12\/devidoir-incendie-garder-libre-700x350mm.jpg","width":904,"height":735,"caption":"devidoir incendie - garder libre 700x350mm"},{"@type":"BreadcrumbList","@id":"https:\/\/d-identify.be\/fr\/produit\/bobine-de-feu-restez-libre\/#breadcrumb","itemListElement":[{"@type":"ListItem","position":1,"name":"Home","item":"https:\/\/d-identify.be\/fr\/home-2\/"},{"@type":"ListItem","position":2,"name":"Boutique","item":"https:\/\/d-identify.be\/fr\/boutique\/"},{"@type":"ListItem","position":3,"name":"Bobine de feu &#8211; Restez libre"}]},{"@type":"WebSite","@id":"https:\/\/d-identify.be\/fr\/#website","url":"https:\/\/d-identify.be\/fr\/","name":"d-identify","description":"Industrial identification - Lockout - Tagout - Floor marking","potentialAction":[{"@type":"SearchAction","target":{"@type":"EntryPoint","urlTemplate":"https:\/\/d-identify.be\/fr\/?s={search_term_string}"},"query-input":{"@type":"PropertyValueSpecification","valueRequired":true,"valueName":"search_term_string"}}],"inLanguage":"fr-FR"}]}},"_links":{"self":[{"href":"https:\/\/d-identify.be\/fr\/wp-json\/wp\/v2\/product\/52774","targetHints":{"allow":["GET"]}}],"collection":[{"href":"https:\/\/d-identify.be\/fr\/wp-json\/wp\/v2\/product"}],"about":[{"href":"https:\/\/d-identify.be\/fr\/wp-json\/wp\/v2\/types\/product"}],"replies":[{"embeddable":true,"href":"https:\/\/d-identify.be\/fr\/wp-json\/wp\/v2\/comments?post=52774"}],"wp:featuredmedia":[{"embeddable":true,"href":"https:\/\/d-identify.be\/fr\/wp-json\/wp\/v2\/media\/52780"}],"wp:attachment":[{"href":"https:\/\/d-identify.be\/fr\/wp-json\/wp\/v2\/media?parent=52774"}],"wp:term":[{"taxonomy":"product_brand","embeddable":true,"href":"https:\/\/d-identify.be\/fr\/wp-json\/wp\/v2\/product_brand?post=52774"},{"taxonomy":"product_cat","embeddable":true,"href":"https:\/\/d-identify.be\/fr\/wp-json\/wp\/v2\/product_cat?post=52774"},{"taxonomy":"product_tag","embeddable":true,"href":"https:\/\/d-identify.be\/fr\/wp-json\/wp\/v2\/product_tag?post=52774"},{"taxonomy":"pa_connextion-shapes","embeddable":true,"href":"https:\/\/d-identify.be\/fr\/wp-json\/wp\/v2\/pa_connextion-shapes?post=52774"}],"curies":[{"name":"wp","href":"https:\/\/api.w.org\/{rel}","templated":true}]}}