{"id":52739,"date":"2025-01-15T16:57:43","date_gmt":"2025-01-15T14:57:43","guid":{"rendered":"https:\/\/d-identify.be\/product\/sortie-de-secours-degagee\/"},"modified":"2025-03-13T16:36:10","modified_gmt":"2025-03-13T14:36:10","slug":"sortie-de-secours-degagee","status":"publish","type":"product","link":"https:\/\/d-identify.be\/fr\/produit\/sortie-de-secours-degagee\/","title":{"rendered":"Sortie de secours &#8211; garder libre"},"content":{"rendered":"<p>Notre <strong>marquage au sol \u00ab\u00a0sortie de secours garder libre\u00a0\u00bb<\/strong> est sp\u00e9cialement con\u00e7u pour marquer clairement et de mani\u00e8re permanente les zones sous les sorties de secours. Le marquage est fabriqu\u00e9 en vinyle polym\u00e8re avec une colle acrylique de haute qualit\u00e9, ce qui le rend r\u00e9sistant \u00e0 une utilisation intensive et \u00e0 des conditions difficiles. La couche de colle ne laisse aucune trace apr\u00e8s retrait, assurant ainsi une surface propre et nette.<\/p>\n<p>De plus, notre marquage au sol <strong>\u00ab\u00a0sortie de secours garder libre\u00a0\u00bb<\/strong> est standardement \u00e9quip\u00e9 d&rsquo;une couche antid\u00e9rapante, garantissant ainsi la s\u00e9curit\u00e9 m\u00eame dans des conditions humides ou glissantes. Les symboles utilis\u00e9s sont conformes \u00e0 la norme ISO 7010, ce qui signifie qu&rsquo;ils respectent les normes de s\u00e9curit\u00e9 internationales et offrent une visibilit\u00e9 optimale.<\/p>\n<p>Avec des mat\u00e9riaux durables, une adh\u00e9rence permanente et des couleurs vives, ce marquage offre une solution fiable et s\u00e9curis\u00e9e pour maintenir les zones de extincteurs toujours accessibles. Id\u00e9al pour les entrep\u00f4ts, les bureaux et les environnements industriels.<\/p>\n","protected":false},"excerpt":{"rendered":"<p style=\"text-align: left;\">Marquage <strong>en vinyle polym\u00e8re durable<\/strong> avec <strong>adh\u00e9sif acrylique<\/strong> qui ne laisse aucune trace. \u00c9quip\u00e9 d&rsquo;une couche a<strong>ntid\u00e9rapante<\/strong> et de symboles <strong>conformes \u00e0 la norme ISO 7010<\/strong>, id\u00e9al pour maintenir en permanence et en toute s\u00e9curit\u00e9 les sorties de secours d\u00e9gag\u00e9es.<\/p>\n<p><img loading=\"lazy\" decoding=\"async\" class=\"alignnone wp-image-50228\" src=\"https:\/\/d-identify.be\/wp-content\/uploads\/2025\/01\/van-1.png\" alt=\"\" width=\"65\" height=\"27\" \/> Le d\u00e9lai de livraison typique pour ce produit est de <strong>4 \u00e0 6<\/strong> jours ouvrables.<\/p>\n","protected":false},"featured_media":52741,"comment_status":"open","ping_status":"closed","template":"","meta":{"_acf_changed":false,"_et_pb_use_builder":"","_et_pb_old_content":"","_et_gb_content_width":""},"product_brand":[],"product_cat":[1240],"product_tag":[],"pa_connextion-shapes":[],"class_list":{"0":"post-52739","1":"product","2":"type-product","3":"status-publish","4":"has-post-thumbnail","6":"product_cat-le-marquage-au-sol","8":"first","9":"instock","10":"taxable","11":"shipping-taxable","12":"purchasable","13":"product-type-simple"},"exclude_global_add_ons":[],"addons":[],"acf":[],"yoast_head":"<!-- This site is optimized with the Yoast SEO Premium plugin v27.0 (Yoast SEO v27.1) - https:\/\/yoast.com\/product\/yoast-seo-premium-wordpress\/ -->\n<title>Marquage au sol sortie de secours d\u00e9gag\u00e9e<\/title>\n<meta name=\"description\" content=\"Marquage au sol avec le symbole ISO 7010 : &quot;Sortie de secours d\u00e9gag\u00e9e&quot;. Durable et clair pour des lieux de travail s\u00fbrs et organis\u00e9s.\" \/>\n<meta name=\"robots\" content=\"index, follow, max-snippet:-1, max-image-preview:large, max-video-preview:-1\" \/>\n<link rel=\"canonical\" href=\"https:\/\/d-identify.be\/fr\/produit\/sortie-de-secours-degagee\/\" \/>\n<meta property=\"og:locale\" content=\"fr_FR\" \/>\n<meta property=\"og:type\" content=\"article\" \/>\n<meta property=\"og:title\" content=\"Sortie de secours - garder libre\" \/>\n<meta property=\"og:description\" content=\"Marquage au sol avec le symbole ISO 7010 : &quot;Sortie de secours d\u00e9gag\u00e9e&quot;. Durable et clair pour des lieux de travail s\u00fbrs et organis\u00e9s.\" \/>\n<meta property=\"og:url\" content=\"https:\/\/d-identify.be\/fr\/produit\/sortie-de-secours-degagee\/\" \/>\n<meta property=\"og:site_name\" content=\"d-identify\" \/>\n<meta property=\"article:modified_time\" content=\"2025-03-13T14:36:10+00:00\" \/>\n<meta property=\"og:image\" content=\"https:\/\/d-identify.be\/wp-content\/uploads\/2025\/01\/SORTIE-DE-SECOURS-GARDER-LIBRE-2.jpg\" \/>\n\t<meta property=\"og:image:width\" content=\"913\" \/>\n\t<meta property=\"og:image:height\" content=\"744\" \/>\n\t<meta property=\"og:image:type\" content=\"image\/jpeg\" \/>\n<meta name=\"twitter:card\" content=\"summary_large_image\" \/>\n<meta name=\"twitter:label1\" content=\"Dur\u00e9e de lecture estim\u00e9e\" \/>\n\t<meta name=\"twitter:data1\" content=\"1 minute\" \/>\n<script type=\"application\/ld+json\" class=\"yoast-schema-graph\">{\"@context\":\"https:\/\/schema.org\",\"@graph\":[{\"@type\":\"WebPage\",\"@id\":\"https:\/\/d-identify.be\/fr\/produit\/sortie-de-secours-degagee\/\",\"url\":\"https:\/\/d-identify.be\/fr\/produit\/sortie-de-secours-degagee\/\",\"name\":\"Marquage au sol sortie de secours d\u00e9gag\u00e9e\",\"isPartOf\":{\"@id\":\"https:\/\/d-identify.be\/fr\/#website\"},\"primaryImageOfPage\":{\"@id\":\"https:\/\/d-identify.be\/fr\/produit\/sortie-de-secours-degagee\/#primaryimage\"},\"image\":{\"@id\":\"https:\/\/d-identify.be\/fr\/produit\/sortie-de-secours-degagee\/#primaryimage\"},\"thumbnailUrl\":\"https:\/\/d-identify.be\/wp-content\/uploads\/2025\/01\/SORTIE-DE-SECOURS-GARDER-LIBRE-2.jpg\",\"datePublished\":\"2025-01-15T14:57:43+00:00\",\"dateModified\":\"2025-03-13T14:36:10+00:00\",\"description\":\"Marquage au sol avec le symbole ISO 7010 : \\\"Sortie de secours d\u00e9gag\u00e9e\\\". Durable et clair pour des lieux de travail s\u00fbrs et organis\u00e9s.\",\"breadcrumb\":{\"@id\":\"https:\/\/d-identify.be\/fr\/produit\/sortie-de-secours-degagee\/#breadcrumb\"},\"inLanguage\":\"fr-FR\",\"potentialAction\":[{\"@type\":\"ReadAction\",\"target\":[\"https:\/\/d-identify.be\/fr\/produit\/sortie-de-secours-degagee\/\"]}]},{\"@type\":\"ImageObject\",\"inLanguage\":\"fr-FR\",\"@id\":\"https:\/\/d-identify.be\/fr\/produit\/sortie-de-secours-degagee\/#primaryimage\",\"url\":\"https:\/\/d-identify.be\/wp-content\/uploads\/2025\/01\/SORTIE-DE-SECOURS-GARDER-LIBRE-2.jpg\",\"contentUrl\":\"https:\/\/d-identify.be\/wp-content\/uploads\/2025\/01\/SORTIE-DE-SECOURS-GARDER-LIBRE-2.jpg\",\"width\":913,\"height\":744,\"caption\":\"SORTIE DE SECOURS - GARDER LIBRE (2)\"},{\"@type\":\"BreadcrumbList\",\"@id\":\"https:\/\/d-identify.be\/fr\/produit\/sortie-de-secours-degagee\/#breadcrumb\",\"itemListElement\":[{\"@type\":\"ListItem\",\"position\":1,\"name\":\"Home\",\"item\":\"https:\/\/d-identify.be\/fr\/home-2\/\"},{\"@type\":\"ListItem\",\"position\":2,\"name\":\"Boutique\",\"item\":\"https:\/\/d-identify.be\/fr\/boutique\/\"},{\"@type\":\"ListItem\",\"position\":3,\"name\":\"Sortie de secours &#8211; garder libre\"}]},{\"@type\":\"WebSite\",\"@id\":\"https:\/\/d-identify.be\/fr\/#website\",\"url\":\"https:\/\/d-identify.be\/fr\/\",\"name\":\"d-identify\",\"description\":\"Industrial identification - Lockout - Tagout - Floor marking\",\"potentialAction\":[{\"@type\":\"SearchAction\",\"target\":{\"@type\":\"EntryPoint\",\"urlTemplate\":\"https:\/\/d-identify.be\/fr\/?s={search_term_string}\"},\"query-input\":{\"@type\":\"PropertyValueSpecification\",\"valueRequired\":true,\"valueName\":\"search_term_string\"}}],\"inLanguage\":\"fr-FR\"}]}<\/script>\n<!-- \/ Yoast SEO Premium plugin. -->","yoast_head_json":{"title":"Marquage au sol sortie de secours d\u00e9gag\u00e9e","description":"Marquage au sol avec le symbole ISO 7010 : \"Sortie de secours d\u00e9gag\u00e9e\". Durable et clair pour des lieux de travail s\u00fbrs et organis\u00e9s.","robots":{"index":"index","follow":"follow","max-snippet":"max-snippet:-1","max-image-preview":"max-image-preview:large","max-video-preview":"max-video-preview:-1"},"canonical":"https:\/\/d-identify.be\/fr\/produit\/sortie-de-secours-degagee\/","og_locale":"fr_FR","og_type":"article","og_title":"Sortie de secours - garder libre","og_description":"Marquage au sol avec le symbole ISO 7010 : \"Sortie de secours d\u00e9gag\u00e9e\". Durable et clair pour des lieux de travail s\u00fbrs et organis\u00e9s.","og_url":"https:\/\/d-identify.be\/fr\/produit\/sortie-de-secours-degagee\/","og_site_name":"d-identify","article_modified_time":"2025-03-13T14:36:10+00:00","og_image":[{"width":913,"height":744,"url":"https:\/\/d-identify.be\/wp-content\/uploads\/2025\/01\/SORTIE-DE-SECOURS-GARDER-LIBRE-2.jpg","type":"image\/jpeg"}],"twitter_card":"summary_large_image","twitter_misc":{"Dur\u00e9e de lecture estim\u00e9e":"1 minute"},"schema":{"@context":"https:\/\/schema.org","@graph":[{"@type":"WebPage","@id":"https:\/\/d-identify.be\/fr\/produit\/sortie-de-secours-degagee\/","url":"https:\/\/d-identify.be\/fr\/produit\/sortie-de-secours-degagee\/","name":"Marquage au sol sortie de secours d\u00e9gag\u00e9e","isPartOf":{"@id":"https:\/\/d-identify.be\/fr\/#website"},"primaryImageOfPage":{"@id":"https:\/\/d-identify.be\/fr\/produit\/sortie-de-secours-degagee\/#primaryimage"},"image":{"@id":"https:\/\/d-identify.be\/fr\/produit\/sortie-de-secours-degagee\/#primaryimage"},"thumbnailUrl":"https:\/\/d-identify.be\/wp-content\/uploads\/2025\/01\/SORTIE-DE-SECOURS-GARDER-LIBRE-2.jpg","datePublished":"2025-01-15T14:57:43+00:00","dateModified":"2025-03-13T14:36:10+00:00","description":"Marquage au sol avec le symbole ISO 7010 : \"Sortie de secours d\u00e9gag\u00e9e\". Durable et clair pour des lieux de travail s\u00fbrs et organis\u00e9s.","breadcrumb":{"@id":"https:\/\/d-identify.be\/fr\/produit\/sortie-de-secours-degagee\/#breadcrumb"},"inLanguage":"fr-FR","potentialAction":[{"@type":"ReadAction","target":["https:\/\/d-identify.be\/fr\/produit\/sortie-de-secours-degagee\/"]}]},{"@type":"ImageObject","inLanguage":"fr-FR","@id":"https:\/\/d-identify.be\/fr\/produit\/sortie-de-secours-degagee\/#primaryimage","url":"https:\/\/d-identify.be\/wp-content\/uploads\/2025\/01\/SORTIE-DE-SECOURS-GARDER-LIBRE-2.jpg","contentUrl":"https:\/\/d-identify.be\/wp-content\/uploads\/2025\/01\/SORTIE-DE-SECOURS-GARDER-LIBRE-2.jpg","width":913,"height":744,"caption":"SORTIE DE SECOURS - GARDER LIBRE (2)"},{"@type":"BreadcrumbList","@id":"https:\/\/d-identify.be\/fr\/produit\/sortie-de-secours-degagee\/#breadcrumb","itemListElement":[{"@type":"ListItem","position":1,"name":"Home","item":"https:\/\/d-identify.be\/fr\/home-2\/"},{"@type":"ListItem","position":2,"name":"Boutique","item":"https:\/\/d-identify.be\/fr\/boutique\/"},{"@type":"ListItem","position":3,"name":"Sortie de secours &#8211; garder libre"}]},{"@type":"WebSite","@id":"https:\/\/d-identify.be\/fr\/#website","url":"https:\/\/d-identify.be\/fr\/","name":"d-identify","description":"Industrial identification - Lockout - Tagout - Floor marking","potentialAction":[{"@type":"SearchAction","target":{"@type":"EntryPoint","urlTemplate":"https:\/\/d-identify.be\/fr\/?s={search_term_string}"},"query-input":{"@type":"PropertyValueSpecification","valueRequired":true,"valueName":"search_term_string"}}],"inLanguage":"fr-FR"}]}},"_links":{"self":[{"href":"https:\/\/d-identify.be\/fr\/wp-json\/wp\/v2\/product\/52739","targetHints":{"allow":["GET"]}}],"collection":[{"href":"https:\/\/d-identify.be\/fr\/wp-json\/wp\/v2\/product"}],"about":[{"href":"https:\/\/d-identify.be\/fr\/wp-json\/wp\/v2\/types\/product"}],"replies":[{"embeddable":true,"href":"https:\/\/d-identify.be\/fr\/wp-json\/wp\/v2\/comments?post=52739"}],"wp:featuredmedia":[{"embeddable":true,"href":"https:\/\/d-identify.be\/fr\/wp-json\/wp\/v2\/media\/52741"}],"wp:attachment":[{"href":"https:\/\/d-identify.be\/fr\/wp-json\/wp\/v2\/media?parent=52739"}],"wp:term":[{"taxonomy":"product_brand","embeddable":true,"href":"https:\/\/d-identify.be\/fr\/wp-json\/wp\/v2\/product_brand?post=52739"},{"taxonomy":"product_cat","embeddable":true,"href":"https:\/\/d-identify.be\/fr\/wp-json\/wp\/v2\/product_cat?post=52739"},{"taxonomy":"product_tag","embeddable":true,"href":"https:\/\/d-identify.be\/fr\/wp-json\/wp\/v2\/product_tag?post=52739"},{"taxonomy":"pa_connextion-shapes","embeddable":true,"href":"https:\/\/d-identify.be\/fr\/wp-json\/wp\/v2\/pa_connextion-shapes?post=52739"}],"curies":[{"name":"wp","href":"https:\/\/api.w.org\/{rel}","templated":true}]}}