{"id":52717,"date":"2025-02-15T21:14:11","date_gmt":"2025-02-15T19:14:11","guid":{"rendered":"https:\/\/d-identify.be\/product\/marquage-au-sol-chariot-elevateur-interdit\/"},"modified":"2025-02-15T21:14:11","modified_gmt":"2025-02-15T19:14:11","slug":"marquage-au-sol-chariot-elevateur-interdit","status":"publish","type":"product","link":"https:\/\/d-identify.be\/fr\/produit\/marquage-au-sol-chariot-elevateur-interdit\/","title":{"rendered":"Marquage au sol &#8211; Chariot \u00e9l\u00e9vateur interdit"},"content":{"rendered":"<p>Augmentez la s\u00e9curit\u00e9 de votre atelier de production ou de votre entrep\u00f4t avec notre Marquage au sol &#8211; Chariot \u00e9l\u00e9vateur interdit.<\/p>\n<ul>\n<li>Marquage au sol robuste et bien visible.<\/li>\n<li>Avec ce marquage, les conducteurs et les pi\u00e9tons dans votre atelier de production ou votre entrep\u00f4t sont clairement instruits de s&rsquo;arr\u00eater.<\/li>\n<li>Facile \u00e0 appliquer.<\/li>\n<li>\u00c9quip\u00e9 d&rsquo;un rev\u00eatement antid\u00e9rapant pour plus de s\u00e9curit\u00e9.<\/li>\n<\/ul>\n","protected":false},"excerpt":{"rendered":"<p>Augmentez la s\u00e9curit\u00e9 dans votre atelier de production ou votre entrep\u00f4t avec des panneaux d&rsquo;arr\u00eat au sol clairs et robustes.<\/p>\n<ul>\n<li>Marquage au sol robuste et bien visible.<\/li>\n<li>Avec ce marquage, les conducteurs et les pi\u00e9tons dans votre atelier de production ou votre entrep\u00f4t sont clairement instruits de s&rsquo;arr\u00eater.<\/li>\n<li>Facile \u00e0 appliquer.<\/li>\n<li>\u00c9quip\u00e9 d&rsquo;un rev\u00eatement antid\u00e9rapant pour plus de s\u00e9curit\u00e9.<\/li>\n<\/ul>\n<p><img loading=\"lazy\" decoding=\"async\" class=\"alignnone wp-image-50228\" src=\"https:\/\/d-identify.be\/wp-content\/uploads\/2025\/01\/van-1.png\" alt=\"\" width=\"65\" height=\"27\"> Le d\u00e9lai de livraison typique pour ce produit est de <strong>4 \u00e0 6<\/strong> jours ouvrables.<\/p>\n","protected":false},"featured_media":52178,"comment_status":"open","ping_status":"closed","template":"","meta":{"_acf_changed":false,"_et_pb_use_builder":"","_et_pb_old_content":"","_et_gb_content_width":""},"product_brand":[],"product_cat":[1240],"product_tag":[],"pa_connextion-shapes":[],"class_list":{"0":"post-52717","1":"product","2":"type-product","3":"status-publish","4":"has-post-thumbnail","6":"product_cat-le-marquage-au-sol","8":"first","9":"instock","10":"taxable","11":"shipping-taxable","12":"purchasable","13":"product-type-variable","14":"has-default-attributes"},"exclude_global_add_ons":[],"addons":[],"acf":[],"yoast_head":"<!-- This site is optimized with the Yoast SEO Premium plugin v27.0 (Yoast SEO v27.1) - https:\/\/yoast.com\/product\/yoast-seo-premium-wordpress\/ -->\n<title>Marquage au sol - Chariot \u00e9l\u00e9vateur interdit<\/title>\n<meta name=\"description\" content=\"Marquage au sol - Chariot \u00e9l\u00e9vateur interdit : Marquage clair pour la s\u00e9curit\u00e9 dans les entrep\u00f4ts et ateliers. Commandez facilement en ligne maintenant !\" \/>\n<meta name=\"robots\" content=\"index, follow, max-snippet:-1, max-image-preview:large, max-video-preview:-1\" \/>\n<link rel=\"canonical\" href=\"https:\/\/d-identify.be\/fr\/produit\/marquage-au-sol-chariot-elevateur-interdit\/\" \/>\n<meta property=\"og:locale\" content=\"fr_FR\" \/>\n<meta property=\"og:type\" content=\"article\" \/>\n<meta property=\"og:title\" content=\"Marquage au sol - Chariot \u00e9l\u00e9vateur interdit\" \/>\n<meta property=\"og:description\" content=\"Marquage au sol - Chariot \u00e9l\u00e9vateur interdit : Marquage clair pour la s\u00e9curit\u00e9 dans les entrep\u00f4ts et ateliers. Commandez facilement en ligne maintenant !\" \/>\n<meta property=\"og:url\" content=\"https:\/\/d-identify.be\/fr\/produit\/marquage-au-sol-chariot-elevateur-interdit\/\" \/>\n<meta property=\"og:site_name\" content=\"d-identify\" \/>\n<meta property=\"og:image\" content=\"https:\/\/d-identify.be\/wp-content\/uploads\/2025\/02\/VERBOD-Vorklift.jpg\" \/>\n\t<meta property=\"og:image:width\" content=\"520\" \/>\n\t<meta property=\"og:image:height\" content=\"505\" \/>\n\t<meta property=\"og:image:type\" content=\"image\/jpeg\" \/>\n<meta name=\"twitter:card\" content=\"summary_large_image\" \/>\n<script type=\"application\/ld+json\" class=\"yoast-schema-graph\">{\"@context\":\"https:\/\/schema.org\",\"@graph\":[{\"@type\":\"WebPage\",\"@id\":\"https:\/\/d-identify.be\/fr\/produit\/marquage-au-sol-chariot-elevateur-interdit\/\",\"url\":\"https:\/\/d-identify.be\/fr\/produit\/marquage-au-sol-chariot-elevateur-interdit\/\",\"name\":\"Marquage au sol - Chariot \u00e9l\u00e9vateur interdit\",\"isPartOf\":{\"@id\":\"https:\/\/d-identify.be\/fr\/#website\"},\"primaryImageOfPage\":{\"@id\":\"https:\/\/d-identify.be\/fr\/produit\/marquage-au-sol-chariot-elevateur-interdit\/#primaryimage\"},\"image\":{\"@id\":\"https:\/\/d-identify.be\/fr\/produit\/marquage-au-sol-chariot-elevateur-interdit\/#primaryimage\"},\"thumbnailUrl\":\"https:\/\/d-identify.be\/wp-content\/uploads\/2025\/02\/VERBOD-Vorklift.jpg\",\"datePublished\":\"2025-02-15T19:14:11+00:00\",\"description\":\"Marquage au sol - Chariot \u00e9l\u00e9vateur interdit : Marquage clair pour la s\u00e9curit\u00e9 dans les entrep\u00f4ts et ateliers. Commandez facilement en ligne maintenant !\",\"breadcrumb\":{\"@id\":\"https:\/\/d-identify.be\/fr\/produit\/marquage-au-sol-chariot-elevateur-interdit\/#breadcrumb\"},\"inLanguage\":\"fr-FR\",\"potentialAction\":[{\"@type\":\"ReadAction\",\"target\":[\"https:\/\/d-identify.be\/fr\/produit\/marquage-au-sol-chariot-elevateur-interdit\/\"]}]},{\"@type\":\"ImageObject\",\"inLanguage\":\"fr-FR\",\"@id\":\"https:\/\/d-identify.be\/fr\/produit\/marquage-au-sol-chariot-elevateur-interdit\/#primaryimage\",\"url\":\"https:\/\/d-identify.be\/wp-content\/uploads\/2025\/02\/VERBOD-Vorklift.jpg\",\"contentUrl\":\"https:\/\/d-identify.be\/wp-content\/uploads\/2025\/02\/VERBOD-Vorklift.jpg\",\"width\":520,\"height\":505,\"caption\":\"Marquage au sol - Chariot \u00e9l\u00e9vateur interdit\"},{\"@type\":\"BreadcrumbList\",\"@id\":\"https:\/\/d-identify.be\/fr\/produit\/marquage-au-sol-chariot-elevateur-interdit\/#breadcrumb\",\"itemListElement\":[{\"@type\":\"ListItem\",\"position\":1,\"name\":\"Home\",\"item\":\"https:\/\/d-identify.be\/fr\/home-2\/\"},{\"@type\":\"ListItem\",\"position\":2,\"name\":\"Boutique\",\"item\":\"https:\/\/d-identify.be\/fr\/boutique\/\"},{\"@type\":\"ListItem\",\"position\":3,\"name\":\"Marquage au sol &#8211; Chariot \u00e9l\u00e9vateur interdit\"}]},{\"@type\":\"WebSite\",\"@id\":\"https:\/\/d-identify.be\/fr\/#website\",\"url\":\"https:\/\/d-identify.be\/fr\/\",\"name\":\"d-identify\",\"description\":\"Industrial identification - Lockout - Tagout - Floor marking\",\"potentialAction\":[{\"@type\":\"SearchAction\",\"target\":{\"@type\":\"EntryPoint\",\"urlTemplate\":\"https:\/\/d-identify.be\/fr\/?s={search_term_string}\"},\"query-input\":{\"@type\":\"PropertyValueSpecification\",\"valueRequired\":true,\"valueName\":\"search_term_string\"}}],\"inLanguage\":\"fr-FR\"}]}<\/script>\n<!-- \/ Yoast SEO Premium plugin. -->","yoast_head_json":{"title":"Marquage au sol - Chariot \u00e9l\u00e9vateur interdit","description":"Marquage au sol - Chariot \u00e9l\u00e9vateur interdit : Marquage clair pour la s\u00e9curit\u00e9 dans les entrep\u00f4ts et ateliers. Commandez facilement en ligne maintenant !","robots":{"index":"index","follow":"follow","max-snippet":"max-snippet:-1","max-image-preview":"max-image-preview:large","max-video-preview":"max-video-preview:-1"},"canonical":"https:\/\/d-identify.be\/fr\/produit\/marquage-au-sol-chariot-elevateur-interdit\/","og_locale":"fr_FR","og_type":"article","og_title":"Marquage au sol - Chariot \u00e9l\u00e9vateur interdit","og_description":"Marquage au sol - Chariot \u00e9l\u00e9vateur interdit : Marquage clair pour la s\u00e9curit\u00e9 dans les entrep\u00f4ts et ateliers. Commandez facilement en ligne maintenant !","og_url":"https:\/\/d-identify.be\/fr\/produit\/marquage-au-sol-chariot-elevateur-interdit\/","og_site_name":"d-identify","og_image":[{"width":520,"height":505,"url":"https:\/\/d-identify.be\/wp-content\/uploads\/2025\/02\/VERBOD-Vorklift.jpg","type":"image\/jpeg"}],"twitter_card":"summary_large_image","schema":{"@context":"https:\/\/schema.org","@graph":[{"@type":"WebPage","@id":"https:\/\/d-identify.be\/fr\/produit\/marquage-au-sol-chariot-elevateur-interdit\/","url":"https:\/\/d-identify.be\/fr\/produit\/marquage-au-sol-chariot-elevateur-interdit\/","name":"Marquage au sol - Chariot \u00e9l\u00e9vateur interdit","isPartOf":{"@id":"https:\/\/d-identify.be\/fr\/#website"},"primaryImageOfPage":{"@id":"https:\/\/d-identify.be\/fr\/produit\/marquage-au-sol-chariot-elevateur-interdit\/#primaryimage"},"image":{"@id":"https:\/\/d-identify.be\/fr\/produit\/marquage-au-sol-chariot-elevateur-interdit\/#primaryimage"},"thumbnailUrl":"https:\/\/d-identify.be\/wp-content\/uploads\/2025\/02\/VERBOD-Vorklift.jpg","datePublished":"2025-02-15T19:14:11+00:00","description":"Marquage au sol - Chariot \u00e9l\u00e9vateur interdit : Marquage clair pour la s\u00e9curit\u00e9 dans les entrep\u00f4ts et ateliers. Commandez facilement en ligne maintenant !","breadcrumb":{"@id":"https:\/\/d-identify.be\/fr\/produit\/marquage-au-sol-chariot-elevateur-interdit\/#breadcrumb"},"inLanguage":"fr-FR","potentialAction":[{"@type":"ReadAction","target":["https:\/\/d-identify.be\/fr\/produit\/marquage-au-sol-chariot-elevateur-interdit\/"]}]},{"@type":"ImageObject","inLanguage":"fr-FR","@id":"https:\/\/d-identify.be\/fr\/produit\/marquage-au-sol-chariot-elevateur-interdit\/#primaryimage","url":"https:\/\/d-identify.be\/wp-content\/uploads\/2025\/02\/VERBOD-Vorklift.jpg","contentUrl":"https:\/\/d-identify.be\/wp-content\/uploads\/2025\/02\/VERBOD-Vorklift.jpg","width":520,"height":505,"caption":"Marquage au sol - Chariot \u00e9l\u00e9vateur interdit"},{"@type":"BreadcrumbList","@id":"https:\/\/d-identify.be\/fr\/produit\/marquage-au-sol-chariot-elevateur-interdit\/#breadcrumb","itemListElement":[{"@type":"ListItem","position":1,"name":"Home","item":"https:\/\/d-identify.be\/fr\/home-2\/"},{"@type":"ListItem","position":2,"name":"Boutique","item":"https:\/\/d-identify.be\/fr\/boutique\/"},{"@type":"ListItem","position":3,"name":"Marquage au sol &#8211; Chariot \u00e9l\u00e9vateur interdit"}]},{"@type":"WebSite","@id":"https:\/\/d-identify.be\/fr\/#website","url":"https:\/\/d-identify.be\/fr\/","name":"d-identify","description":"Industrial identification - Lockout - Tagout - Floor marking","potentialAction":[{"@type":"SearchAction","target":{"@type":"EntryPoint","urlTemplate":"https:\/\/d-identify.be\/fr\/?s={search_term_string}"},"query-input":{"@type":"PropertyValueSpecification","valueRequired":true,"valueName":"search_term_string"}}],"inLanguage":"fr-FR"}]}},"_links":{"self":[{"href":"https:\/\/d-identify.be\/fr\/wp-json\/wp\/v2\/product\/52717","targetHints":{"allow":["GET"]}}],"collection":[{"href":"https:\/\/d-identify.be\/fr\/wp-json\/wp\/v2\/product"}],"about":[{"href":"https:\/\/d-identify.be\/fr\/wp-json\/wp\/v2\/types\/product"}],"replies":[{"embeddable":true,"href":"https:\/\/d-identify.be\/fr\/wp-json\/wp\/v2\/comments?post=52717"}],"wp:featuredmedia":[{"embeddable":true,"href":"https:\/\/d-identify.be\/fr\/wp-json\/wp\/v2\/media\/52178"}],"wp:attachment":[{"href":"https:\/\/d-identify.be\/fr\/wp-json\/wp\/v2\/media?parent=52717"}],"wp:term":[{"taxonomy":"product_brand","embeddable":true,"href":"https:\/\/d-identify.be\/fr\/wp-json\/wp\/v2\/product_brand?post=52717"},{"taxonomy":"product_cat","embeddable":true,"href":"https:\/\/d-identify.be\/fr\/wp-json\/wp\/v2\/product_cat?post=52717"},{"taxonomy":"product_tag","embeddable":true,"href":"https:\/\/d-identify.be\/fr\/wp-json\/wp\/v2\/product_tag?post=52717"},{"taxonomy":"pa_connextion-shapes","embeddable":true,"href":"https:\/\/d-identify.be\/fr\/wp-json\/wp\/v2\/pa_connextion-shapes?post=52717"}],"curies":[{"name":"wp","href":"https:\/\/api.w.org\/{rel}","templated":true}]}}