{"id":52640,"date":"2025-03-07T18:03:55","date_gmt":"2025-03-07T16:03:55","guid":{"rendered":"https:\/\/d-identify.be\/product\/sortie-de-secours-garder-libre-marquage-phosphorescent\/"},"modified":"2025-03-13T13:00:58","modified_gmt":"2025-03-13T11:00:58","slug":"sortie-de-secours-garder-libre-marquage-phosphorescent","status":"publish","type":"product","link":"https:\/\/d-identify.be\/fr\/produit\/sortie-de-secours-garder-libre-marquage-phosphorescent\/","title":{"rendered":"Sortie de secours &#8211; Garder libre &#8211; Marquage phosphorescent"},"content":{"rendered":"<p data-start=\"524\" data-end=\"957\">Assurez-vous que les sorties de secours restent toujours bien visibles et accessibles avec <strong data-start=\"609\" data-end=\"627\">ce marquage au sol<\/strong> en <strong data-start=\"632\" data-end=\"664\">vinyle phosphorescent<\/strong>. Le <strong data-start=\"676\" data-end=\"705\">mat\u00e9riau phosphorescent<\/strong> permet au marquage de se d\u00e9marquer, m\u00eame dans des conditions de faible luminosit\u00e9, et r\u00e9pond aux normes <strong data-start=\"804\" data-end=\"819\">DIN 67510-1<\/strong> en mati\u00e8re de <strong data-start=\"832\" data-end=\"852\">performance luminescente<\/strong>. Id\u00e9al pour les environnements industriels o\u00f9 la s\u00e9curit\u00e9 des employ\u00e9s est essentielle.<\/p>\n<p data-start=\"959\" data-end=\"1428\">Le marquage est <strong data-start=\"975\" data-end=\"988\">r\u00e9sistant \u00e0 l&rsquo;usure<\/strong>, aux <strong data-start=\"990\" data-end=\"1007\">intemp\u00e9ries<\/strong> et <strong data-start=\"1011\" data-end=\"1027\">aux UV<\/strong>, garantissant une visibilit\u00e9 et une protection durables. Gr\u00e2ce au <strong data-start=\"1110\" data-end=\"1131\">lamin\u00e9 antid\u00e9rapant<\/strong>, il offre une adh\u00e9rence suppl\u00e9mentaire, r\u00e9duisant ainsi le risque de glissade dans des environnements humides ou glissants. Cela le rend id\u00e9al pour une utilisation dans les entrep\u00f4ts, les usines, les parkings et d&rsquo;autres environnements industriels o\u00f9 les <strong data-start=\"1372\" data-end=\"1392\">zones de s\u00e9curit\u00e9<\/strong> autour des extincteurs sont essentielles.<\/p>\n","protected":false},"excerpt":{"rendered":"<p style=\"text-align: left;\"><span data-start=\"29\" data-end=\"47\">Notre<\/span> <strong data-start=\"29\" data-end=\"47\">marquage au sol<\/strong> pour le <strong data-start=\"57\" data-end=\"89\">maintien des sorties de secours<\/strong> d\u00e9gag\u00e9es est fabriqu\u00e9 en <strong data-start=\"105\" data-end=\"137\">vinyle phosphorescent<\/strong>, conforme aux normes <strong data-start=\"164\" data-end=\"179\">DIN 67510-1<\/strong> pour les mat\u00e9riaux phosphorescents. Ce mat\u00e9riau est <strong data-start=\"237\" data-end=\"249\">durable<\/strong>, <strong data-start=\"251\" data-end=\"264\">r\u00e9sistant \u00e0 l&rsquo;usure<\/strong> et offre une <strong data-start=\"274\" data-end=\"315\">excellente protection contre les UV<\/strong> et les intemp\u00e9ries. Combin\u00e9 \u00e0 un l<strong data-start=\"338\" data-end=\"359\">amin\u00e9 antid\u00e9rapant<\/strong>, il garantit un marquage s\u00e9curis\u00e9 et visible, m\u00eame dans l&rsquo;obscurit\u00e9. Id\u00e9al pour les environnements industriels o\u00f9 la s\u00e9curit\u00e9 est une priorit\u00e9.<\/p>\n<p><img loading=\"lazy\" decoding=\"async\" class=\"alignnone wp-image-50228\" src=\"https:\/\/d-identify.be\/wp-content\/uploads\/2025\/01\/van-1.png\" alt=\"\" width=\"65\" height=\"27\" \/> Le d\u00e9lai de livraison typique pour ce produit est de <strong>4 \u00e0 6<\/strong> jours ouvrables.<\/p>\n","protected":false},"featured_media":52682,"comment_status":"open","ping_status":"closed","template":"","meta":{"_acf_changed":false,"_et_pb_use_builder":"","_et_pb_old_content":"","_et_gb_content_width":""},"product_brand":[],"product_cat":[1240],"product_tag":[],"pa_connextion-shapes":[],"class_list":{"0":"post-52640","1":"product","2":"type-product","3":"status-publish","4":"has-post-thumbnail","6":"product_cat-le-marquage-au-sol","8":"first","9":"instock","10":"taxable","11":"shipping-taxable","12":"purchasable","13":"product-type-simple"},"exclude_global_add_ons":[],"addons":[],"acf":[],"yoast_head":"<!-- This site is optimized with the Yoast SEO Premium plugin v27.0 (Yoast SEO v27.1) - https:\/\/yoast.com\/product\/yoast-seo-premium-wordpress\/ -->\n<title>Sortie de secours - Garder libre - Marquage au sol phosphorescent<\/title>\n<meta name=\"description\" content=\"Assurez-vous que les sorties de secours sont bien visibles avec notre marquage phosphorescent pour issue de secours. Antid\u00e9rapant, durable et visible dans l&#039;obscurit\u00e9.\" \/>\n<meta name=\"robots\" content=\"index, follow, max-snippet:-1, max-image-preview:large, max-video-preview:-1\" \/>\n<link rel=\"canonical\" href=\"https:\/\/d-identify.be\/fr\/produit\/sortie-de-secours-garder-libre-marquage-phosphorescent\/\" \/>\n<meta property=\"og:locale\" content=\"fr_FR\" \/>\n<meta property=\"og:type\" content=\"article\" \/>\n<meta property=\"og:title\" content=\"Sortie de secours - Garder libre - Marquage phosphorescent\" \/>\n<meta property=\"og:description\" content=\"Assurez-vous que les sorties de secours sont bien visibles avec notre marquage phosphorescent pour issue de secours. Antid\u00e9rapant, durable et visible dans l&#039;obscurit\u00e9.\" \/>\n<meta property=\"og:url\" content=\"https:\/\/d-identify.be\/fr\/produit\/sortie-de-secours-garder-libre-marquage-phosphorescent\/\" \/>\n<meta property=\"og:site_name\" content=\"d-identify\" \/>\n<meta property=\"article:modified_time\" content=\"2025-03-13T11:00:58+00:00\" \/>\n<meta property=\"og:image\" content=\"https:\/\/d-identify.be\/wp-content\/uploads\/2025\/03\/SORTIE-DE-SECOURS-GARDER-LIBRE-glow.jpg\" \/>\n\t<meta property=\"og:image:width\" content=\"904\" \/>\n\t<meta property=\"og:image:height\" content=\"750\" \/>\n\t<meta property=\"og:image:type\" content=\"image\/jpeg\" \/>\n<meta name=\"twitter:card\" content=\"summary_large_image\" \/>\n<meta name=\"twitter:label1\" content=\"Dur\u00e9e de lecture estim\u00e9e\" \/>\n\t<meta name=\"twitter:data1\" content=\"1 minute\" \/>\n<script type=\"application\/ld+json\" class=\"yoast-schema-graph\">{\"@context\":\"https:\/\/schema.org\",\"@graph\":[{\"@type\":\"WebPage\",\"@id\":\"https:\/\/d-identify.be\/fr\/produit\/sortie-de-secours-garder-libre-marquage-phosphorescent\/\",\"url\":\"https:\/\/d-identify.be\/fr\/produit\/sortie-de-secours-garder-libre-marquage-phosphorescent\/\",\"name\":\"Sortie de secours - Garder libre - Marquage au sol phosphorescent\",\"isPartOf\":{\"@id\":\"https:\/\/d-identify.be\/fr\/#website\"},\"primaryImageOfPage\":{\"@id\":\"https:\/\/d-identify.be\/fr\/produit\/sortie-de-secours-garder-libre-marquage-phosphorescent\/#primaryimage\"},\"image\":{\"@id\":\"https:\/\/d-identify.be\/fr\/produit\/sortie-de-secours-garder-libre-marquage-phosphorescent\/#primaryimage\"},\"thumbnailUrl\":\"https:\/\/d-identify.be\/wp-content\/uploads\/2025\/03\/SORTIE-DE-SECOURS-GARDER-LIBRE-glow.jpg\",\"datePublished\":\"2025-03-07T16:03:55+00:00\",\"dateModified\":\"2025-03-13T11:00:58+00:00\",\"description\":\"Assurez-vous que les sorties de secours sont bien visibles avec notre marquage phosphorescent pour issue de secours. Antid\u00e9rapant, durable et visible dans l'obscurit\u00e9.\",\"breadcrumb\":{\"@id\":\"https:\/\/d-identify.be\/fr\/produit\/sortie-de-secours-garder-libre-marquage-phosphorescent\/#breadcrumb\"},\"inLanguage\":\"fr-FR\",\"potentialAction\":[{\"@type\":\"ReadAction\",\"target\":[\"https:\/\/d-identify.be\/fr\/produit\/sortie-de-secours-garder-libre-marquage-phosphorescent\/\"]}]},{\"@type\":\"ImageObject\",\"inLanguage\":\"fr-FR\",\"@id\":\"https:\/\/d-identify.be\/fr\/produit\/sortie-de-secours-garder-libre-marquage-phosphorescent\/#primaryimage\",\"url\":\"https:\/\/d-identify.be\/wp-content\/uploads\/2025\/03\/SORTIE-DE-SECOURS-GARDER-LIBRE-glow.jpg\",\"contentUrl\":\"https:\/\/d-identify.be\/wp-content\/uploads\/2025\/03\/SORTIE-DE-SECOURS-GARDER-LIBRE-glow.jpg\",\"width\":904,\"height\":750,\"caption\":\"SORTIE DE SECOURS - GARDER LIBRE glow\"},{\"@type\":\"BreadcrumbList\",\"@id\":\"https:\/\/d-identify.be\/fr\/produit\/sortie-de-secours-garder-libre-marquage-phosphorescent\/#breadcrumb\",\"itemListElement\":[{\"@type\":\"ListItem\",\"position\":1,\"name\":\"Home\",\"item\":\"https:\/\/d-identify.be\/fr\/home-2\/\"},{\"@type\":\"ListItem\",\"position\":2,\"name\":\"Boutique\",\"item\":\"https:\/\/d-identify.be\/fr\/boutique\/\"},{\"@type\":\"ListItem\",\"position\":3,\"name\":\"Sortie de secours &#8211; Garder libre &#8211; Marquage phosphorescent\"}]},{\"@type\":\"WebSite\",\"@id\":\"https:\/\/d-identify.be\/fr\/#website\",\"url\":\"https:\/\/d-identify.be\/fr\/\",\"name\":\"d-identify\",\"description\":\"Industrial identification - Lockout - Tagout - Floor marking\",\"potentialAction\":[{\"@type\":\"SearchAction\",\"target\":{\"@type\":\"EntryPoint\",\"urlTemplate\":\"https:\/\/d-identify.be\/fr\/?s={search_term_string}\"},\"query-input\":{\"@type\":\"PropertyValueSpecification\",\"valueRequired\":true,\"valueName\":\"search_term_string\"}}],\"inLanguage\":\"fr-FR\"}]}<\/script>\n<!-- \/ Yoast SEO Premium plugin. -->","yoast_head_json":{"title":"Sortie de secours - Garder libre - Marquage au sol phosphorescent","description":"Assurez-vous que les sorties de secours sont bien visibles avec notre marquage phosphorescent pour issue de secours. Antid\u00e9rapant, durable et visible dans l'obscurit\u00e9.","robots":{"index":"index","follow":"follow","max-snippet":"max-snippet:-1","max-image-preview":"max-image-preview:large","max-video-preview":"max-video-preview:-1"},"canonical":"https:\/\/d-identify.be\/fr\/produit\/sortie-de-secours-garder-libre-marquage-phosphorescent\/","og_locale":"fr_FR","og_type":"article","og_title":"Sortie de secours - Garder libre - Marquage phosphorescent","og_description":"Assurez-vous que les sorties de secours sont bien visibles avec notre marquage phosphorescent pour issue de secours. Antid\u00e9rapant, durable et visible dans l'obscurit\u00e9.","og_url":"https:\/\/d-identify.be\/fr\/produit\/sortie-de-secours-garder-libre-marquage-phosphorescent\/","og_site_name":"d-identify","article_modified_time":"2025-03-13T11:00:58+00:00","og_image":[{"width":904,"height":750,"url":"https:\/\/d-identify.be\/wp-content\/uploads\/2025\/03\/SORTIE-DE-SECOURS-GARDER-LIBRE-glow.jpg","type":"image\/jpeg"}],"twitter_card":"summary_large_image","twitter_misc":{"Dur\u00e9e de lecture estim\u00e9e":"1 minute"},"schema":{"@context":"https:\/\/schema.org","@graph":[{"@type":"WebPage","@id":"https:\/\/d-identify.be\/fr\/produit\/sortie-de-secours-garder-libre-marquage-phosphorescent\/","url":"https:\/\/d-identify.be\/fr\/produit\/sortie-de-secours-garder-libre-marquage-phosphorescent\/","name":"Sortie de secours - Garder libre - Marquage au sol phosphorescent","isPartOf":{"@id":"https:\/\/d-identify.be\/fr\/#website"},"primaryImageOfPage":{"@id":"https:\/\/d-identify.be\/fr\/produit\/sortie-de-secours-garder-libre-marquage-phosphorescent\/#primaryimage"},"image":{"@id":"https:\/\/d-identify.be\/fr\/produit\/sortie-de-secours-garder-libre-marquage-phosphorescent\/#primaryimage"},"thumbnailUrl":"https:\/\/d-identify.be\/wp-content\/uploads\/2025\/03\/SORTIE-DE-SECOURS-GARDER-LIBRE-glow.jpg","datePublished":"2025-03-07T16:03:55+00:00","dateModified":"2025-03-13T11:00:58+00:00","description":"Assurez-vous que les sorties de secours sont bien visibles avec notre marquage phosphorescent pour issue de secours. Antid\u00e9rapant, durable et visible dans l'obscurit\u00e9.","breadcrumb":{"@id":"https:\/\/d-identify.be\/fr\/produit\/sortie-de-secours-garder-libre-marquage-phosphorescent\/#breadcrumb"},"inLanguage":"fr-FR","potentialAction":[{"@type":"ReadAction","target":["https:\/\/d-identify.be\/fr\/produit\/sortie-de-secours-garder-libre-marquage-phosphorescent\/"]}]},{"@type":"ImageObject","inLanguage":"fr-FR","@id":"https:\/\/d-identify.be\/fr\/produit\/sortie-de-secours-garder-libre-marquage-phosphorescent\/#primaryimage","url":"https:\/\/d-identify.be\/wp-content\/uploads\/2025\/03\/SORTIE-DE-SECOURS-GARDER-LIBRE-glow.jpg","contentUrl":"https:\/\/d-identify.be\/wp-content\/uploads\/2025\/03\/SORTIE-DE-SECOURS-GARDER-LIBRE-glow.jpg","width":904,"height":750,"caption":"SORTIE DE SECOURS - GARDER LIBRE glow"},{"@type":"BreadcrumbList","@id":"https:\/\/d-identify.be\/fr\/produit\/sortie-de-secours-garder-libre-marquage-phosphorescent\/#breadcrumb","itemListElement":[{"@type":"ListItem","position":1,"name":"Home","item":"https:\/\/d-identify.be\/fr\/home-2\/"},{"@type":"ListItem","position":2,"name":"Boutique","item":"https:\/\/d-identify.be\/fr\/boutique\/"},{"@type":"ListItem","position":3,"name":"Sortie de secours &#8211; Garder libre &#8211; Marquage phosphorescent"}]},{"@type":"WebSite","@id":"https:\/\/d-identify.be\/fr\/#website","url":"https:\/\/d-identify.be\/fr\/","name":"d-identify","description":"Industrial identification - Lockout - Tagout - Floor marking","potentialAction":[{"@type":"SearchAction","target":{"@type":"EntryPoint","urlTemplate":"https:\/\/d-identify.be\/fr\/?s={search_term_string}"},"query-input":{"@type":"PropertyValueSpecification","valueRequired":true,"valueName":"search_term_string"}}],"inLanguage":"fr-FR"}]}},"_links":{"self":[{"href":"https:\/\/d-identify.be\/fr\/wp-json\/wp\/v2\/product\/52640","targetHints":{"allow":["GET"]}}],"collection":[{"href":"https:\/\/d-identify.be\/fr\/wp-json\/wp\/v2\/product"}],"about":[{"href":"https:\/\/d-identify.be\/fr\/wp-json\/wp\/v2\/types\/product"}],"replies":[{"embeddable":true,"href":"https:\/\/d-identify.be\/fr\/wp-json\/wp\/v2\/comments?post=52640"}],"wp:featuredmedia":[{"embeddable":true,"href":"https:\/\/d-identify.be\/fr\/wp-json\/wp\/v2\/media\/52682"}],"wp:attachment":[{"href":"https:\/\/d-identify.be\/fr\/wp-json\/wp\/v2\/media?parent=52640"}],"wp:term":[{"taxonomy":"product_brand","embeddable":true,"href":"https:\/\/d-identify.be\/fr\/wp-json\/wp\/v2\/product_brand?post=52640"},{"taxonomy":"product_cat","embeddable":true,"href":"https:\/\/d-identify.be\/fr\/wp-json\/wp\/v2\/product_cat?post=52640"},{"taxonomy":"product_tag","embeddable":true,"href":"https:\/\/d-identify.be\/fr\/wp-json\/wp\/v2\/product_tag?post=52640"},{"taxonomy":"pa_connextion-shapes","embeddable":true,"href":"https:\/\/d-identify.be\/fr\/wp-json\/wp\/v2\/pa_connextion-shapes?post=52640"}],"curies":[{"name":"wp","href":"https:\/\/api.w.org\/{rel}","templated":true}]}}