{"id":52582,"date":"2025-03-11T16:12:09","date_gmt":"2025-03-11T14:12:09","guid":{"rendered":"https:\/\/d-identify.be\/product\/nez-de-marche-antiderapants-en-prv\/"},"modified":"2025-03-11T16:12:09","modified_gmt":"2025-03-11T14:12:09","slug":"nez-de-marche-antiderapants-en-prv","status":"publish","type":"product","link":"https:\/\/d-identify.be\/fr\/produit\/nez-de-marche-antiderapants-en-prv\/","title":{"rendered":"Nez de marche antid\u00e9rapants en PRV"},"content":{"rendered":"<p data-start=\"55\" data-end=\"232\">Assurez un environnement de travail s\u00e9curis\u00e9 avec les nez de marche antid\u00e9rapants D-identify. Cette solution durable couvre le bord de vos marches et emp\u00eache les glissades des employ\u00e9s et des visiteurs. <\/p>\n<p data-start=\"234\" data-end=\"443\">\u2705 <strong data-start=\"236\" data-end=\"283\">Convient pour une utilisation int\u00e9rieure et ext\u00e9rieure<br data-start=\"283\" data-end=\"286\"><\/strong>\u2705 <strong data-start=\"288\" data-end=\"366\">Fabriqu\u00e9 en plastique renforc\u00e9 de fibre de verre (PRV) \u2013 solide, l\u00e9ger et durable<br data-start=\"366\" data-end=\"369\"><\/strong>\u2705 <strong data-start=\"371\" data-end=\"441\">Excellente performance antid\u00e9rapante, m\u00eame dans des conditions sales ou humides<br \/> <\/strong><\/p>\n<h4 data-start=\"445\" data-end=\"472\"><strong data-start=\"449\" data-end=\"470\">Avantages du PRV<\/strong><\/h4>\n<ul data-start=\"473\" data-end=\"898\">\n<li data-start=\"473\" data-end=\"542\"><strong data-start=\"475\" data-end=\"493\">L\u00e9ger &amp; R\u00e9sistant<\/strong> \u2013 40% plus l\u00e9ger que le m\u00e9tal et pourtant extr\u00eamement solide<\/li>\n<li data-start=\"543\" data-end=\"665\"><strong data-start=\"545\" data-end=\"576\">R\u00e9sistant aux intemp\u00e9ries et aux produits chimiques<\/strong> \u2013 sans rouille, non conducteur et r\u00e9sistant aux rayons UV, \u00e0 l&rsquo;eau et aux temp\u00e9ratures extr\u00eames<\/li>\n<li data-start=\"666\" data-end=\"753\"><strong data-start=\"668\" data-end=\"686\">Couleur durable<\/strong> \u2013 pas de perte de couleur ni de particules qui se d\u00e9tachent gr\u00e2ce \u00e0 la coloration en masse<\/li>\n<li data-start=\"754\" data-end=\"821\"><strong data-start=\"756\" data-end=\"782\">Installation facile<\/strong> \u2013 applicable sur b\u00e9ton, acier et bois<\/li>\n<li data-start=\"822\" data-end=\"898\"><strong data-start=\"824\" data-end=\"849\">Facile \u00e0 entretenir<\/strong> \u2013 nettoyable \u00e0 haute pression, \u00e0 la vapeur ou par brossage<\/li>\n<\/ul>\n","protected":false},"excerpt":{"rendered":"<p data-start=\"0\" data-end=\"235\">Une solution compacte et efficace pour s\u00e9curiser les escaliers.<br data-start=\"71\" data-end=\"74\">Les nez de marche antid\u00e9rapants offrent une prise suppl\u00e9mentaire et r\u00e9duisent le risque de glissades sur des escaliers dangereux.<br data-start=\"180\" data-end=\"183\">Fabriqu\u00e9 en plastique renforc\u00e9 de fibre de verre durable.<\/p>\n<p data-start=\"237\" data-end=\"400\" data-is-only-node=\"\" data-is-last-node=\"\"><strong data-start=\"237\" data-end=\"251\">Avantages :<\/strong><br data-start=\"251\" data-end=\"254\">\u2714 R\u00e9sistant aux intemp\u00e9ries et id\u00e9al pour les escaliers ext\u00e9rieurs<br data-start=\"298\" data-end=\"301\">\u2714 R\u00e9sistant \u00e0 l&rsquo;usure et peu d&rsquo;entretien<br data-start=\"329\" data-end=\"332\">\u2714 Facile \u00e0 installer<br data-start=\"355\" data-end=\"358\">\u2714 Augmente la visibilit\u00e9 des marches<\/p>\n<p data-start=\"237\" data-end=\"400\" data-is-only-node=\"\" data-is-last-node=\"\">Demandes sur mesure possibles jusqu&rsquo;\u00e0 3 m\u00e8tres de longueur<\/p>\n<p data-start=\"237\" data-end=\"400\" data-is-only-node=\"\" data-is-last-node=\"\">\n","protected":false},"featured_media":52510,"comment_status":"open","ping_status":"closed","template":"","meta":{"_acf_changed":false,"_et_pb_use_builder":"","_et_pb_old_content":"","_et_gb_content_width":""},"product_brand":[],"product_cat":[1238],"product_tag":[],"pa_connextion-shapes":[],"class_list":{"0":"post-52582","1":"product","2":"type-product","3":"status-publish","4":"has-post-thumbnail","6":"product_cat-antiderapant-securite-escaliers","8":"first","9":"instock","10":"taxable","11":"shipping-taxable","12":"purchasable","13":"product-type-variable","14":"has-default-attributes"},"exclude_global_add_ons":[],"addons":[],"acf":[],"yoast_head":"<!-- This site is optimized with the Yoast SEO Premium plugin v27.0 (Yoast SEO v27.1) - https:\/\/yoast.com\/product\/yoast-seo-premium-wordpress\/ -->\n<title>Nez de marche antid\u00e9rapants en PRV - d-identify<\/title>\n<meta name=\"robots\" content=\"index, follow, max-snippet:-1, max-image-preview:large, max-video-preview:-1\" \/>\n<link rel=\"canonical\" href=\"https:\/\/d-identify.be\/fr\/produit\/nez-de-marche-antiderapants-en-prv\/\" \/>\n<meta property=\"og:locale\" content=\"fr_FR\" \/>\n<meta property=\"og:type\" content=\"article\" \/>\n<meta property=\"og:title\" content=\"Nez de marche antid\u00e9rapants en PRV\" \/>\n<meta property=\"og:description\" content=\"Une solution compacte et efficace pour s\u00e9curiser les escaliers.Les nez de marche antid\u00e9rapants offrent une prise suppl\u00e9mentaire et r\u00e9duisent le risque de glissades sur des escaliers dangereux.Fabriqu\u00e9 en plastique renforc\u00e9 de fibre de verre durable. Avantages :\u2714 R\u00e9sistant aux intemp\u00e9ries et id\u00e9al pour les escaliers ext\u00e9rieurs\u2714 R\u00e9sistant \u00e0 l&#039;usure et peu d&#039;entretien\u2714 Facile \u00e0 installer\u2714 Augmente la visibilit\u00e9 des marches Demandes sur mesure possibles jusqu&#039;\u00e0 3 m\u00e8tres de longueur\" \/>\n<meta property=\"og:url\" content=\"https:\/\/d-identify.be\/fr\/produit\/nez-de-marche-antiderapants-en-prv\/\" \/>\n<meta property=\"og:site_name\" content=\"d-identify\" \/>\n<meta property=\"og:image\" content=\"https:\/\/d-identify.be\/wp-content\/uploads\/2025\/03\/frp_anti_skid_stair_noses_yellow_462048-1-scaled.jpg\" \/>\n\t<meta property=\"og:image:width\" content=\"2560\" \/>\n\t<meta property=\"og:image:height\" content=\"2560\" \/>\n\t<meta property=\"og:image:type\" content=\"image\/jpeg\" \/>\n<meta name=\"twitter:card\" content=\"summary_large_image\" \/>\n<meta name=\"twitter:label1\" content=\"Dur\u00e9e de lecture estim\u00e9e\" \/>\n\t<meta name=\"twitter:data1\" content=\"1 minute\" \/>\n<script type=\"application\/ld+json\" class=\"yoast-schema-graph\">{\"@context\":\"https:\/\/schema.org\",\"@graph\":[{\"@type\":\"WebPage\",\"@id\":\"https:\/\/d-identify.be\/fr\/produit\/nez-de-marche-antiderapants-en-prv\/\",\"url\":\"https:\/\/d-identify.be\/fr\/produit\/nez-de-marche-antiderapants-en-prv\/\",\"name\":\"Nez de marche antid\u00e9rapants en PRV - d-identify\",\"isPartOf\":{\"@id\":\"https:\/\/d-identify.be\/fr\/#website\"},\"primaryImageOfPage\":{\"@id\":\"https:\/\/d-identify.be\/fr\/produit\/nez-de-marche-antiderapants-en-prv\/#primaryimage\"},\"image\":{\"@id\":\"https:\/\/d-identify.be\/fr\/produit\/nez-de-marche-antiderapants-en-prv\/#primaryimage\"},\"thumbnailUrl\":\"https:\/\/d-identify.be\/wp-content\/uploads\/2025\/03\/frp_anti_skid_stair_noses_yellow_462048-1-scaled.jpg\",\"datePublished\":\"2025-03-11T14:12:09+00:00\",\"breadcrumb\":{\"@id\":\"https:\/\/d-identify.be\/fr\/produit\/nez-de-marche-antiderapants-en-prv\/#breadcrumb\"},\"inLanguage\":\"fr-FR\",\"potentialAction\":[{\"@type\":\"ReadAction\",\"target\":[\"https:\/\/d-identify.be\/fr\/produit\/nez-de-marche-antiderapants-en-prv\/\"]}]},{\"@type\":\"ImageObject\",\"inLanguage\":\"fr-FR\",\"@id\":\"https:\/\/d-identify.be\/fr\/produit\/nez-de-marche-antiderapants-en-prv\/#primaryimage\",\"url\":\"https:\/\/d-identify.be\/wp-content\/uploads\/2025\/03\/frp_anti_skid_stair_noses_yellow_462048-1-scaled.jpg\",\"contentUrl\":\"https:\/\/d-identify.be\/wp-content\/uploads\/2025\/03\/frp_anti_skid_stair_noses_yellow_462048-1-scaled.jpg\",\"width\":2560,\"height\":2560,\"caption\":\"GFRP Anti-Slip Stair Nosings\"},{\"@type\":\"BreadcrumbList\",\"@id\":\"https:\/\/d-identify.be\/fr\/produit\/nez-de-marche-antiderapants-en-prv\/#breadcrumb\",\"itemListElement\":[{\"@type\":\"ListItem\",\"position\":1,\"name\":\"Home\",\"item\":\"https:\/\/d-identify.be\/fr\/home-2\/\"},{\"@type\":\"ListItem\",\"position\":2,\"name\":\"Boutique\",\"item\":\"https:\/\/d-identify.be\/fr\/boutique\/\"},{\"@type\":\"ListItem\",\"position\":3,\"name\":\"Nez de marche antid\u00e9rapants en PRV\"}]},{\"@type\":\"WebSite\",\"@id\":\"https:\/\/d-identify.be\/fr\/#website\",\"url\":\"https:\/\/d-identify.be\/fr\/\",\"name\":\"d-identify\",\"description\":\"Industrial identification - Lockout - Tagout - Floor marking\",\"potentialAction\":[{\"@type\":\"SearchAction\",\"target\":{\"@type\":\"EntryPoint\",\"urlTemplate\":\"https:\/\/d-identify.be\/fr\/?s={search_term_string}\"},\"query-input\":{\"@type\":\"PropertyValueSpecification\",\"valueRequired\":true,\"valueName\":\"search_term_string\"}}],\"inLanguage\":\"fr-FR\"}]}<\/script>\n<!-- \/ Yoast SEO Premium plugin. -->","yoast_head_json":{"title":"Nez de marche antid\u00e9rapants en PRV - d-identify","robots":{"index":"index","follow":"follow","max-snippet":"max-snippet:-1","max-image-preview":"max-image-preview:large","max-video-preview":"max-video-preview:-1"},"canonical":"https:\/\/d-identify.be\/fr\/produit\/nez-de-marche-antiderapants-en-prv\/","og_locale":"fr_FR","og_type":"article","og_title":"Nez de marche antid\u00e9rapants en PRV","og_description":"Une solution compacte et efficace pour s\u00e9curiser les escaliers.Les nez de marche antid\u00e9rapants offrent une prise suppl\u00e9mentaire et r\u00e9duisent le risque de glissades sur des escaliers dangereux.Fabriqu\u00e9 en plastique renforc\u00e9 de fibre de verre durable. Avantages :\u2714 R\u00e9sistant aux intemp\u00e9ries et id\u00e9al pour les escaliers ext\u00e9rieurs\u2714 R\u00e9sistant \u00e0 l'usure et peu d'entretien\u2714 Facile \u00e0 installer\u2714 Augmente la visibilit\u00e9 des marches Demandes sur mesure possibles jusqu'\u00e0 3 m\u00e8tres de longueur","og_url":"https:\/\/d-identify.be\/fr\/produit\/nez-de-marche-antiderapants-en-prv\/","og_site_name":"d-identify","og_image":[{"width":2560,"height":2560,"url":"https:\/\/d-identify.be\/wp-content\/uploads\/2025\/03\/frp_anti_skid_stair_noses_yellow_462048-1-scaled.jpg","type":"image\/jpeg"}],"twitter_card":"summary_large_image","twitter_misc":{"Dur\u00e9e de lecture estim\u00e9e":"1 minute"},"schema":{"@context":"https:\/\/schema.org","@graph":[{"@type":"WebPage","@id":"https:\/\/d-identify.be\/fr\/produit\/nez-de-marche-antiderapants-en-prv\/","url":"https:\/\/d-identify.be\/fr\/produit\/nez-de-marche-antiderapants-en-prv\/","name":"Nez de marche antid\u00e9rapants en PRV - d-identify","isPartOf":{"@id":"https:\/\/d-identify.be\/fr\/#website"},"primaryImageOfPage":{"@id":"https:\/\/d-identify.be\/fr\/produit\/nez-de-marche-antiderapants-en-prv\/#primaryimage"},"image":{"@id":"https:\/\/d-identify.be\/fr\/produit\/nez-de-marche-antiderapants-en-prv\/#primaryimage"},"thumbnailUrl":"https:\/\/d-identify.be\/wp-content\/uploads\/2025\/03\/frp_anti_skid_stair_noses_yellow_462048-1-scaled.jpg","datePublished":"2025-03-11T14:12:09+00:00","breadcrumb":{"@id":"https:\/\/d-identify.be\/fr\/produit\/nez-de-marche-antiderapants-en-prv\/#breadcrumb"},"inLanguage":"fr-FR","potentialAction":[{"@type":"ReadAction","target":["https:\/\/d-identify.be\/fr\/produit\/nez-de-marche-antiderapants-en-prv\/"]}]},{"@type":"ImageObject","inLanguage":"fr-FR","@id":"https:\/\/d-identify.be\/fr\/produit\/nez-de-marche-antiderapants-en-prv\/#primaryimage","url":"https:\/\/d-identify.be\/wp-content\/uploads\/2025\/03\/frp_anti_skid_stair_noses_yellow_462048-1-scaled.jpg","contentUrl":"https:\/\/d-identify.be\/wp-content\/uploads\/2025\/03\/frp_anti_skid_stair_noses_yellow_462048-1-scaled.jpg","width":2560,"height":2560,"caption":"GFRP Anti-Slip Stair Nosings"},{"@type":"BreadcrumbList","@id":"https:\/\/d-identify.be\/fr\/produit\/nez-de-marche-antiderapants-en-prv\/#breadcrumb","itemListElement":[{"@type":"ListItem","position":1,"name":"Home","item":"https:\/\/d-identify.be\/fr\/home-2\/"},{"@type":"ListItem","position":2,"name":"Boutique","item":"https:\/\/d-identify.be\/fr\/boutique\/"},{"@type":"ListItem","position":3,"name":"Nez de marche antid\u00e9rapants en PRV"}]},{"@type":"WebSite","@id":"https:\/\/d-identify.be\/fr\/#website","url":"https:\/\/d-identify.be\/fr\/","name":"d-identify","description":"Industrial identification - Lockout - Tagout - Floor marking","potentialAction":[{"@type":"SearchAction","target":{"@type":"EntryPoint","urlTemplate":"https:\/\/d-identify.be\/fr\/?s={search_term_string}"},"query-input":{"@type":"PropertyValueSpecification","valueRequired":true,"valueName":"search_term_string"}}],"inLanguage":"fr-FR"}]}},"_links":{"self":[{"href":"https:\/\/d-identify.be\/fr\/wp-json\/wp\/v2\/product\/52582","targetHints":{"allow":["GET"]}}],"collection":[{"href":"https:\/\/d-identify.be\/fr\/wp-json\/wp\/v2\/product"}],"about":[{"href":"https:\/\/d-identify.be\/fr\/wp-json\/wp\/v2\/types\/product"}],"replies":[{"embeddable":true,"href":"https:\/\/d-identify.be\/fr\/wp-json\/wp\/v2\/comments?post=52582"}],"wp:featuredmedia":[{"embeddable":true,"href":"https:\/\/d-identify.be\/fr\/wp-json\/wp\/v2\/media\/52510"}],"wp:attachment":[{"href":"https:\/\/d-identify.be\/fr\/wp-json\/wp\/v2\/media?parent=52582"}],"wp:term":[{"taxonomy":"product_brand","embeddable":true,"href":"https:\/\/d-identify.be\/fr\/wp-json\/wp\/v2\/product_brand?post=52582"},{"taxonomy":"product_cat","embeddable":true,"href":"https:\/\/d-identify.be\/fr\/wp-json\/wp\/v2\/product_cat?post=52582"},{"taxonomy":"product_tag","embeddable":true,"href":"https:\/\/d-identify.be\/fr\/wp-json\/wp\/v2\/product_tag?post=52582"},{"taxonomy":"pa_connextion-shapes","embeddable":true,"href":"https:\/\/d-identify.be\/fr\/wp-json\/wp\/v2\/pa_connextion-shapes?post=52582"}],"curies":[{"name":"wp","href":"https:\/\/api.w.org\/{rel}","templated":true}]}}