{"id":52445,"date":"2025-02-28T14:14:21","date_gmt":"2025-02-28T12:14:21","guid":{"rendered":"https:\/\/d-identify.be\/?post_type=product&#038;p=52445"},"modified":"2025-05-14T07:51:21","modified_gmt":"2025-05-14T05:51:21","slug":"bronco-max-copy-copy","status":"publish","type":"product","link":"https:\/\/d-identify.be\/fr\/produit\/bronco-max-copy-copy\/","title":{"rendered":"Kit d&rsquo;Entrep\u00f4t BRONCO Max"},"content":{"rendered":"<div class=\"product-features\">\n<p data-start=\"0\" data-end=\"83\"><strong data-start=\"0\" data-end=\"42\">Kit d&rsquo;Entrep\u00f4t BRONCO Max<\/strong>\u2013 Solution d&rsquo;\u00c9tiquetage Flexible et Durable<\/p>\n<p data-start=\"85\" data-end=\"331\"><strong data-start=\"89\" data-end=\"115\">Le kit d&rsquo;imprimante Bronco Max<\/strong> est con\u00e7u pour un marquage efficace des entrep\u00f4ts, garantissant une identification claire et une organisation. Ce kit comprend un logiciel puissant et propose trois options de mat\u00e9riaux d&rsquo;\u00e9tiquettes, chacune adapt\u00e9e aux diff\u00e9rents besoins des entrep\u00f4ts : <\/p>\n<p data-start=\"333\" data-end=\"387\">\u2705 <strong data-start=\"335\" data-end=\"360\">\u00c9tiquettes Adh\u00e9sives en Vinyle<\/strong> \u2013 Durables &amp; Longue Dur\u00e9e<\/p>\n<ul data-start=\"388\" data-end=\"544\">\n<li data-start=\"388\" data-end=\"433\">Adh\u00e9sif puissant pour une application permanente<\/li>\n<li data-start=\"434\" data-end=\"480\">r\u00e9sistant \u00e0 l&rsquo;humidit\u00e9, aux produits chimiques et \u00e0 l&rsquo;usure<\/li>\n<li data-start=\"481\" data-end=\"544\">id\u00e9al pour les \u00e9tiquettes de rayonnage, les bacs de stockage et le marquage des \u00e9quipements.<\/li>\n<\/ul>\n<p data-start=\"546\" data-end=\"602\">\u2705 <strong data-start=\"548\" data-end=\"569\">\u00c9tiquettes R\u00e9fl\u00e9chissantes<\/strong> \u2013 Lisibilit\u00e9 Am\u00e9lior\u00e9e des Codes-Barres<\/p>\n<ul data-start=\"603\" data-end=\"761\">\n<li data-start=\"603\" data-end=\"657\">Am\u00e9liore la pr\u00e9cision de la num\u00e9risation dans des conditions de faible luminosit\u00e9<\/li>\n<li data-start=\"658\" data-end=\"710\">id\u00e9al pour les rayonnages en hauteur et la num\u00e9risation \u00e0 chariot \u00e9l\u00e9vateur<\/li>\n<li data-start=\"711\" data-end=\"761\">Assure un suivi rapide et sans erreur des stocks.<\/li>\n<\/ul>\n<p data-start=\"763\" data-end=\"818\">\u2705 <strong data-start=\"765\" data-end=\"794\">\u00c9tiquettes Magn\u00e9tiques Imprimables<\/strong> \u2013 Flexibles &amp; R\u00e9utilisables<\/p>\n<ul data-start=\"819\" data-end=\"989\">\n<li data-start=\"819\" data-end=\"875\">Facilement repositionnable pour les changements de lieux de stockage<\/li>\n<li data-start=\"876\" data-end=\"921\">sans r\u00e9sidus de colle ni dommages aux surfaces<\/li>\n<li data-start=\"922\" data-end=\"989\">id\u00e9al pour les \u00e9tag\u00e8res m\u00e9talliques d&rsquo;entrep\u00f4t et les syst\u00e8mes d&rsquo;inventaire dynamiques.<\/li>\n<\/ul>\n<p data-start=\"991\" data-end=\"1142\" data-is-last-node=\"\" data-is-only-node=\"\"><strong data-start=\"1000\" data-end=\"1026\">Le kit d&rsquo;imprimante Bronco Max<\/strong> vous offre une solution compl\u00e8te pour le marquage professionnel des entrep\u00f4ts, am\u00e9liorant l&rsquo;efficacit\u00e9, la pr\u00e9cision et l&rsquo;organisation.<\/p>\n<\/div>\n","protected":false},"excerpt":{"rendered":"<ul>\n<li>\n<p data-start=\"46\" data-end=\"206\"><strong data-start=\"50\" data-end=\"76\">Le kit d&rsquo;imprimante Toro Max <\/strong>est la solution d&rsquo;\u00e9tiquetage id\u00e9ale pour les entrep\u00f4ts. Il comprend un logiciel puissant et un choix de mat\u00e9riaux d&rsquo;\u00e9tiquettes adapt\u00e9s \u00e0 vos besoins. <\/p>\n<ul data-start=\"208\" data-end=\"447\">\n<li data-start=\"208\" data-end=\"286\"><strong data-start=\"210\" data-end=\"235\">\u00c9tiquettes adh\u00e9sives en vinyle<\/strong> \u2013 durables et fiables pour une utilisation g\u00e9n\u00e9rale en entrep\u00f4t<\/li>\n<li data-start=\"287\" data-end=\"360\"><strong data-start=\"289\" data-end=\"310\">\u00c9tiquettes r\u00e9fl\u00e9chissantes<\/strong> \u2013 am\u00e9liorent la lisibilit\u00e9 des codes-barres pour un scan facile<\/li>\n<li data-start=\"361\" data-end=\"447\"><strong data-start=\"363\" data-end=\"392\">\u00c9tiquettes magn\u00e9tiques imprimables<\/strong> \u2013 parfaites pour une identification flexible des rayonnages en entrep\u00f4t<\/li>\n<\/ul>\n<p data-start=\"449\" data-end=\"530\" data-is-last-node=\"\" data-is-only-node=\"\">Assurez-vous d&rsquo;\u00e9tiquettes claires et durables pour garder votre entrep\u00f4t organis\u00e9 et efficace.<\/p>\n<\/li>\n<\/ul>\n<p>Avez-vous besoin d&rsquo;autres <a href=\"https:\/\/d-identify.be\/fr\/categories-de-produits\/etiquettes-et-rubans-fr\/consommables-de-duralabell-fr\/bronco-max-consommables\/\" target=\"_blank\" rel=\"noopener\"><strong>\u00e9tiquettes ou de fournitures en vinyle continu<\/strong><\/a> pour votre imprimante Bronco Max ?<\/p>\n","protected":false},"featured_media":52449,"comment_status":"open","ping_status":"closed","template":"","meta":{"_acf_changed":false,"_et_pb_use_builder":"","_et_pb_old_content":"","_et_gb_content_width":""},"product_brand":[],"product_cat":[1062],"product_tag":[928],"pa_connextion-shapes":[],"class_list":{"0":"post-52445","1":"product","2":"type-product","3":"status-publish","4":"has-post-thumbnail","6":"product_cat-kits-de-demarrage-duralabel","7":"product_tag-duralabel-fr","9":"first","10":"instock","11":"sale","12":"featured","13":"taxable","14":"shipping-taxable","15":"purchasable","16":"product-type-woosg"},"exclude_global_add_ons":[],"addons":[],"acf":[],"yoast_head":"<!-- This site is optimized with the Yoast SEO Premium plugin v27.0 (Yoast SEO v27.1) - https:\/\/yoast.com\/product\/yoast-seo-premium-wordpress\/ -->\n<title>Kit d&#039;entrep\u00f4t Bronco Max - Duralabel<\/title>\n<meta name=\"description\" content=\"Optimisez l&#039;organisation de l&#039;entrep\u00f4t avec le Bronco Max Warehouse Kit. Comprend des \u00e9tiquettes, des rubans et un logiciel pour un marquage efficace des racks et des all\u00e9es.\" \/>\n<meta name=\"robots\" content=\"index, follow, max-snippet:-1, max-image-preview:large, max-video-preview:-1\" \/>\n<link rel=\"canonical\" href=\"https:\/\/d-identify.be\/fr\/produit\/bronco-max-copy-copy\/\" \/>\n<meta property=\"og:locale\" content=\"fr_FR\" \/>\n<meta property=\"og:type\" content=\"article\" \/>\n<meta property=\"og:title\" content=\"Kit d&#039;Entrep\u00f4t BRONCO Max\" \/>\n<meta property=\"og:description\" content=\"Optimisez l&#039;organisation de l&#039;entrep\u00f4t avec le Bronco Max Warehouse Kit. Comprend des \u00e9tiquettes, des rubans et un logiciel pour un marquage efficace des racks et des all\u00e9es.\" \/>\n<meta property=\"og:url\" content=\"https:\/\/d-identify.be\/fr\/produit\/bronco-max-copy-copy\/\" \/>\n<meta property=\"og:site_name\" content=\"d-identify\" \/>\n<meta property=\"article:modified_time\" content=\"2025-05-14T05:51:21+00:00\" \/>\n<meta property=\"og:image\" content=\"https:\/\/d-identify.be\/wp-content\/uploads\/2025\/02\/BRONCO-Max-Warehouse-kit.png\" \/>\n\t<meta property=\"og:image:width\" content=\"754\" \/>\n\t<meta property=\"og:image:height\" content=\"858\" \/>\n\t<meta property=\"og:image:type\" content=\"image\/png\" \/>\n<meta name=\"twitter:card\" content=\"summary_large_image\" \/>\n<meta name=\"twitter:label1\" content=\"Dur\u00e9e de lecture estim\u00e9e\" \/>\n\t<meta name=\"twitter:data1\" content=\"2 minutes\" \/>\n<script type=\"application\/ld+json\" class=\"yoast-schema-graph\">{\"@context\":\"https:\/\/schema.org\",\"@graph\":[{\"@type\":\"WebPage\",\"@id\":\"https:\/\/d-identify.be\/fr\/produit\/bronco-max-copy-copy\/\",\"url\":\"https:\/\/d-identify.be\/fr\/produit\/bronco-max-copy-copy\/\",\"name\":\"Kit d'entrep\u00f4t Bronco Max - Duralabel\",\"isPartOf\":{\"@id\":\"https:\/\/d-identify.be\/fr\/#website\"},\"primaryImageOfPage\":{\"@id\":\"https:\/\/d-identify.be\/fr\/produit\/bronco-max-copy-copy\/#primaryimage\"},\"image\":{\"@id\":\"https:\/\/d-identify.be\/fr\/produit\/bronco-max-copy-copy\/#primaryimage\"},\"thumbnailUrl\":\"https:\/\/d-identify.be\/wp-content\/uploads\/2025\/02\/BRONCO-Max-Warehouse-kit.png\",\"datePublished\":\"2025-02-28T12:14:21+00:00\",\"dateModified\":\"2025-05-14T05:51:21+00:00\",\"description\":\"Optimisez l'organisation de l'entrep\u00f4t avec le Bronco Max Warehouse Kit. Comprend des \u00e9tiquettes, des rubans et un logiciel pour un marquage efficace des racks et des all\u00e9es.\",\"breadcrumb\":{\"@id\":\"https:\/\/d-identify.be\/fr\/produit\/bronco-max-copy-copy\/#breadcrumb\"},\"inLanguage\":\"fr-FR\",\"potentialAction\":[{\"@type\":\"ReadAction\",\"target\":[\"https:\/\/d-identify.be\/fr\/produit\/bronco-max-copy-copy\/\"]}]},{\"@type\":\"ImageObject\",\"inLanguage\":\"fr-FR\",\"@id\":\"https:\/\/d-identify.be\/fr\/produit\/bronco-max-copy-copy\/#primaryimage\",\"url\":\"https:\/\/d-identify.be\/wp-content\/uploads\/2025\/02\/BRONCO-Max-Warehouse-kit.png\",\"contentUrl\":\"https:\/\/d-identify.be\/wp-content\/uploads\/2025\/02\/BRONCO-Max-Warehouse-kit.png\",\"width\":754,\"height\":858,\"caption\":\"Kit d'Entrep\u00f4t BRONCO Max\"},{\"@type\":\"BreadcrumbList\",\"@id\":\"https:\/\/d-identify.be\/fr\/produit\/bronco-max-copy-copy\/#breadcrumb\",\"itemListElement\":[{\"@type\":\"ListItem\",\"position\":1,\"name\":\"Home\",\"item\":\"https:\/\/d-identify.be\/fr\/home-2\/\"},{\"@type\":\"ListItem\",\"position\":2,\"name\":\"Boutique\",\"item\":\"https:\/\/d-identify.be\/fr\/boutique\/\"},{\"@type\":\"ListItem\",\"position\":3,\"name\":\"Kit d&#8217;Entrep\u00f4t BRONCO Max\"}]},{\"@type\":\"WebSite\",\"@id\":\"https:\/\/d-identify.be\/fr\/#website\",\"url\":\"https:\/\/d-identify.be\/fr\/\",\"name\":\"d-identify\",\"description\":\"Industrial identification - Lockout - Tagout - Floor marking\",\"potentialAction\":[{\"@type\":\"SearchAction\",\"target\":{\"@type\":\"EntryPoint\",\"urlTemplate\":\"https:\/\/d-identify.be\/fr\/?s={search_term_string}\"},\"query-input\":{\"@type\":\"PropertyValueSpecification\",\"valueRequired\":true,\"valueName\":\"search_term_string\"}}],\"inLanguage\":\"fr-FR\"}]}<\/script>\n<!-- \/ Yoast SEO Premium plugin. -->","yoast_head_json":{"title":"Kit d'entrep\u00f4t Bronco Max - Duralabel","description":"Optimisez l'organisation de l'entrep\u00f4t avec le Bronco Max Warehouse Kit. Comprend des \u00e9tiquettes, des rubans et un logiciel pour un marquage efficace des racks et des all\u00e9es.","robots":{"index":"index","follow":"follow","max-snippet":"max-snippet:-1","max-image-preview":"max-image-preview:large","max-video-preview":"max-video-preview:-1"},"canonical":"https:\/\/d-identify.be\/fr\/produit\/bronco-max-copy-copy\/","og_locale":"fr_FR","og_type":"article","og_title":"Kit d'Entrep\u00f4t BRONCO Max","og_description":"Optimisez l'organisation de l'entrep\u00f4t avec le Bronco Max Warehouse Kit. Comprend des \u00e9tiquettes, des rubans et un logiciel pour un marquage efficace des racks et des all\u00e9es.","og_url":"https:\/\/d-identify.be\/fr\/produit\/bronco-max-copy-copy\/","og_site_name":"d-identify","article_modified_time":"2025-05-14T05:51:21+00:00","og_image":[{"width":754,"height":858,"url":"https:\/\/d-identify.be\/wp-content\/uploads\/2025\/02\/BRONCO-Max-Warehouse-kit.png","type":"image\/png"}],"twitter_card":"summary_large_image","twitter_misc":{"Dur\u00e9e de lecture estim\u00e9e":"2 minutes"},"schema":{"@context":"https:\/\/schema.org","@graph":[{"@type":"WebPage","@id":"https:\/\/d-identify.be\/fr\/produit\/bronco-max-copy-copy\/","url":"https:\/\/d-identify.be\/fr\/produit\/bronco-max-copy-copy\/","name":"Kit d'entrep\u00f4t Bronco Max - Duralabel","isPartOf":{"@id":"https:\/\/d-identify.be\/fr\/#website"},"primaryImageOfPage":{"@id":"https:\/\/d-identify.be\/fr\/produit\/bronco-max-copy-copy\/#primaryimage"},"image":{"@id":"https:\/\/d-identify.be\/fr\/produit\/bronco-max-copy-copy\/#primaryimage"},"thumbnailUrl":"https:\/\/d-identify.be\/wp-content\/uploads\/2025\/02\/BRONCO-Max-Warehouse-kit.png","datePublished":"2025-02-28T12:14:21+00:00","dateModified":"2025-05-14T05:51:21+00:00","description":"Optimisez l'organisation de l'entrep\u00f4t avec le Bronco Max Warehouse Kit. Comprend des \u00e9tiquettes, des rubans et un logiciel pour un marquage efficace des racks et des all\u00e9es.","breadcrumb":{"@id":"https:\/\/d-identify.be\/fr\/produit\/bronco-max-copy-copy\/#breadcrumb"},"inLanguage":"fr-FR","potentialAction":[{"@type":"ReadAction","target":["https:\/\/d-identify.be\/fr\/produit\/bronco-max-copy-copy\/"]}]},{"@type":"ImageObject","inLanguage":"fr-FR","@id":"https:\/\/d-identify.be\/fr\/produit\/bronco-max-copy-copy\/#primaryimage","url":"https:\/\/d-identify.be\/wp-content\/uploads\/2025\/02\/BRONCO-Max-Warehouse-kit.png","contentUrl":"https:\/\/d-identify.be\/wp-content\/uploads\/2025\/02\/BRONCO-Max-Warehouse-kit.png","width":754,"height":858,"caption":"Kit d'Entrep\u00f4t BRONCO Max"},{"@type":"BreadcrumbList","@id":"https:\/\/d-identify.be\/fr\/produit\/bronco-max-copy-copy\/#breadcrumb","itemListElement":[{"@type":"ListItem","position":1,"name":"Home","item":"https:\/\/d-identify.be\/fr\/home-2\/"},{"@type":"ListItem","position":2,"name":"Boutique","item":"https:\/\/d-identify.be\/fr\/boutique\/"},{"@type":"ListItem","position":3,"name":"Kit d&#8217;Entrep\u00f4t BRONCO Max"}]},{"@type":"WebSite","@id":"https:\/\/d-identify.be\/fr\/#website","url":"https:\/\/d-identify.be\/fr\/","name":"d-identify","description":"Industrial identification - Lockout - Tagout - Floor marking","potentialAction":[{"@type":"SearchAction","target":{"@type":"EntryPoint","urlTemplate":"https:\/\/d-identify.be\/fr\/?s={search_term_string}"},"query-input":{"@type":"PropertyValueSpecification","valueRequired":true,"valueName":"search_term_string"}}],"inLanguage":"fr-FR"}]}},"_links":{"self":[{"href":"https:\/\/d-identify.be\/fr\/wp-json\/wp\/v2\/product\/52445","targetHints":{"allow":["GET"]}}],"collection":[{"href":"https:\/\/d-identify.be\/fr\/wp-json\/wp\/v2\/product"}],"about":[{"href":"https:\/\/d-identify.be\/fr\/wp-json\/wp\/v2\/types\/product"}],"replies":[{"embeddable":true,"href":"https:\/\/d-identify.be\/fr\/wp-json\/wp\/v2\/comments?post=52445"}],"wp:featuredmedia":[{"embeddable":true,"href":"https:\/\/d-identify.be\/fr\/wp-json\/wp\/v2\/media\/52449"}],"wp:attachment":[{"href":"https:\/\/d-identify.be\/fr\/wp-json\/wp\/v2\/media?parent=52445"}],"wp:term":[{"taxonomy":"product_brand","embeddable":true,"href":"https:\/\/d-identify.be\/fr\/wp-json\/wp\/v2\/product_brand?post=52445"},{"taxonomy":"product_cat","embeddable":true,"href":"https:\/\/d-identify.be\/fr\/wp-json\/wp\/v2\/product_cat?post=52445"},{"taxonomy":"product_tag","embeddable":true,"href":"https:\/\/d-identify.be\/fr\/wp-json\/wp\/v2\/product_tag?post=52445"},{"taxonomy":"pa_connextion-shapes","embeddable":true,"href":"https:\/\/d-identify.be\/fr\/wp-json\/wp\/v2\/pa_connextion-shapes?post=52445"}],"curies":[{"name":"wp","href":"https:\/\/api.w.org\/{rel}","templated":true}]}}