{"id":51847,"date":"2024-01-11T18:31:00","date_gmt":"2024-01-11T16:31:00","guid":{"rendered":"https:\/\/d-identify.be\/product\/ruban-cire-premium-godex-300m-sur-ame-254mm\/"},"modified":"2024-01-11T18:31:00","modified_gmt":"2024-01-11T16:31:00","slug":"ruban-cire-premium-godex-300m-sur-ame-254mm","status":"publish","type":"product","link":"https:\/\/d-identify.be\/fr\/produit\/ruban-cire-premium-godex-300m-sur-ame-254mm\/","title":{"rendered":"Ruban Cire Premium GODEX 300m sur \u00e2me 25,4mm"},"content":{"rendered":"","protected":false},"excerpt":{"rendered":"<p><strong>Ruban cir\u00e9 haut de gamme GODEX GWX 265<\/strong><\/p>\n<p>Cette qualit\u00e9 de cire enrichie de r\u00e9sine offre une densit\u00e9 sup\u00e9rieure m\u00eame aux vitesses les plus \u00e9lev\u00e9es. Sa composition unique conf\u00e8re \u00e0 vos impressions le type de durabilit\u00e9 qui n&rsquo;est g\u00e9n\u00e9ralement possible qu&rsquo;avec des rubans cire-r\u00e9sine. Gr\u00e2ce \u00e0 ses parfaites caract\u00e9ristiques de conduction thermique, peu d\u2019\u00e9nergie est n\u00e9cessaire. Le <strong>GWX 265<\/strong> a une formule d&rsquo;encre antistatique et offre la meilleure r\u00e9sistance aux taches et aux rayures qu&rsquo;un ruban de cire puisse offrir. Comme tous nos rubans, le GWX 265 est conforme \u00e0 <strong>ISEGA<\/strong> <strong>pour une utilisation dans les environnements de transformation alimentaire<\/strong>.     <\/p>\n","protected":false},"featured_media":25089,"comment_status":"open","ping_status":"closed","template":"","meta":{"_acf_changed":false,"_et_pb_use_builder":"","_et_pb_old_content":"","_et_gb_content_width":""},"product_brand":[],"product_cat":[720],"product_tag":[946],"pa_connextion-shapes":[],"class_list":{"0":"post-51847","1":"product","2":"type-product","3":"status-publish","4":"has-post-thumbnail","6":"product_cat-rubans-de-transfert-thermique","7":"product_tag-godex-fr","9":"first","10":"instock","11":"sale","12":"taxable","13":"shipping-taxable","14":"purchasable","15":"product-type-variable","16":"has-default-attributes"},"exclude_global_add_ons":[],"addons":[],"acf":[],"yoast_head":"<!-- This site is optimized with the Yoast SEO Premium plugin v27.0 (Yoast SEO v27.1) - https:\/\/yoast.com\/product\/yoast-seo-premium-wordpress\/ -->\n<title>Ruban Cire Premium GODEX 300m sur \u00e2me 25,4mm - d-identify<\/title>\n<meta name=\"robots\" content=\"index, follow, max-snippet:-1, max-image-preview:large, max-video-preview:-1\" \/>\n<link rel=\"canonical\" href=\"https:\/\/d-identify.be\/fr\/produit\/ruban-cire-premium-godex-300m-sur-ame-254mm\/\" \/>\n<meta property=\"og:locale\" content=\"fr_FR\" \/>\n<meta property=\"og:type\" content=\"article\" \/>\n<meta property=\"og:title\" content=\"Ruban Cire Premium GODEX 300m sur \u00e2me 25,4mm\" \/>\n<meta property=\"og:description\" content=\"Ruban cir\u00e9 haut de gamme GODEX GWX 265 Cette qualit\u00e9 de cire enrichie de r\u00e9sine offre une densit\u00e9 sup\u00e9rieure m\u00eame aux vitesses les plus \u00e9lev\u00e9es. Sa composition unique conf\u00e8re \u00e0 vos impressions le type de durabilit\u00e9 qui n&#039;est g\u00e9n\u00e9ralement possible qu&#039;avec des rubans cire-r\u00e9sine. Gr\u00e2ce \u00e0 ses parfaites caract\u00e9ristiques de conduction thermique, peu d\u2019\u00e9nergie est n\u00e9cessaire. Le GWX 265 a une formule d&#039;encre antistatique et offre la meilleure r\u00e9sistance aux taches et aux rayures qu&#039;un ruban de cire puisse offrir. Comme tous nos rubans, le GWX 265 est conforme \u00e0 ISEGA pour une utilisation dans les environnements de transformation alimentaire.\" \/>\n<meta property=\"og:url\" content=\"https:\/\/d-identify.be\/fr\/produit\/ruban-cire-premium-godex-300m-sur-ame-254mm\/\" \/>\n<meta property=\"og:site_name\" content=\"d-identify\" \/>\n<meta property=\"og:image\" content=\"https:\/\/d-identify.be\/wp-content\/uploads\/2024\/01\/godex-ribbon_3.jpg\" \/>\n\t<meta property=\"og:image:width\" content=\"600\" \/>\n\t<meta property=\"og:image:height\" content=\"600\" \/>\n\t<meta property=\"og:image:type\" content=\"image\/jpeg\" \/>\n<meta name=\"twitter:card\" content=\"summary_large_image\" \/>\n<script type=\"application\/ld+json\" class=\"yoast-schema-graph\">{\"@context\":\"https:\/\/schema.org\",\"@graph\":[{\"@type\":\"WebPage\",\"@id\":\"https:\/\/d-identify.be\/fr\/produit\/ruban-cire-premium-godex-300m-sur-ame-254mm\/\",\"url\":\"https:\/\/d-identify.be\/fr\/produit\/ruban-cire-premium-godex-300m-sur-ame-254mm\/\",\"name\":\"Ruban Cire Premium GODEX 300m sur \u00e2me 25,4mm - d-identify\",\"isPartOf\":{\"@id\":\"https:\/\/d-identify.be\/fr\/#website\"},\"primaryImageOfPage\":{\"@id\":\"https:\/\/d-identify.be\/fr\/produit\/ruban-cire-premium-godex-300m-sur-ame-254mm\/#primaryimage\"},\"image\":{\"@id\":\"https:\/\/d-identify.be\/fr\/produit\/ruban-cire-premium-godex-300m-sur-ame-254mm\/#primaryimage\"},\"thumbnailUrl\":\"https:\/\/d-identify.be\/wp-content\/uploads\/2024\/01\/godex-ribbon_3.jpg\",\"datePublished\":\"2024-01-11T16:31:00+00:00\",\"breadcrumb\":{\"@id\":\"https:\/\/d-identify.be\/fr\/produit\/ruban-cire-premium-godex-300m-sur-ame-254mm\/#breadcrumb\"},\"inLanguage\":\"fr-FR\",\"potentialAction\":[{\"@type\":\"ReadAction\",\"target\":[\"https:\/\/d-identify.be\/fr\/produit\/ruban-cire-premium-godex-300m-sur-ame-254mm\/\"]}]},{\"@type\":\"ImageObject\",\"inLanguage\":\"fr-FR\",\"@id\":\"https:\/\/d-identify.be\/fr\/produit\/ruban-cire-premium-godex-300m-sur-ame-254mm\/#primaryimage\",\"url\":\"https:\/\/d-identify.be\/wp-content\/uploads\/2024\/01\/godex-ribbon_3.jpg\",\"contentUrl\":\"https:\/\/d-identify.be\/wp-content\/uploads\/2024\/01\/godex-ribbon_3.jpg\",\"width\":600,\"height\":600,\"caption\":\"ruban GRS 945 110mm 74m | Ruban transfert thermique r\u00e9sine\"},{\"@type\":\"BreadcrumbList\",\"@id\":\"https:\/\/d-identify.be\/fr\/produit\/ruban-cire-premium-godex-300m-sur-ame-254mm\/#breadcrumb\",\"itemListElement\":[{\"@type\":\"ListItem\",\"position\":1,\"name\":\"Home\",\"item\":\"https:\/\/d-identify.be\/fr\/home-2\/\"},{\"@type\":\"ListItem\",\"position\":2,\"name\":\"Boutique\",\"item\":\"https:\/\/d-identify.be\/fr\/boutique\/\"},{\"@type\":\"ListItem\",\"position\":3,\"name\":\"Ruban Cire Premium GODEX 300m sur \u00e2me 25,4mm\"}]},{\"@type\":\"WebSite\",\"@id\":\"https:\/\/d-identify.be\/fr\/#website\",\"url\":\"https:\/\/d-identify.be\/fr\/\",\"name\":\"d-identify\",\"description\":\"Industrial identification - Lockout - Tagout - Floor marking\",\"potentialAction\":[{\"@type\":\"SearchAction\",\"target\":{\"@type\":\"EntryPoint\",\"urlTemplate\":\"https:\/\/d-identify.be\/fr\/?s={search_term_string}\"},\"query-input\":{\"@type\":\"PropertyValueSpecification\",\"valueRequired\":true,\"valueName\":\"search_term_string\"}}],\"inLanguage\":\"fr-FR\"}]}<\/script>\n<!-- \/ Yoast SEO Premium plugin. -->","yoast_head_json":{"title":"Ruban Cire Premium GODEX 300m sur \u00e2me 25,4mm - d-identify","robots":{"index":"index","follow":"follow","max-snippet":"max-snippet:-1","max-image-preview":"max-image-preview:large","max-video-preview":"max-video-preview:-1"},"canonical":"https:\/\/d-identify.be\/fr\/produit\/ruban-cire-premium-godex-300m-sur-ame-254mm\/","og_locale":"fr_FR","og_type":"article","og_title":"Ruban Cire Premium GODEX 300m sur \u00e2me 25,4mm","og_description":"Ruban cir\u00e9 haut de gamme GODEX GWX 265 Cette qualit\u00e9 de cire enrichie de r\u00e9sine offre une densit\u00e9 sup\u00e9rieure m\u00eame aux vitesses les plus \u00e9lev\u00e9es. Sa composition unique conf\u00e8re \u00e0 vos impressions le type de durabilit\u00e9 qui n'est g\u00e9n\u00e9ralement possible qu'avec des rubans cire-r\u00e9sine. Gr\u00e2ce \u00e0 ses parfaites caract\u00e9ristiques de conduction thermique, peu d\u2019\u00e9nergie est n\u00e9cessaire. Le GWX 265 a une formule d'encre antistatique et offre la meilleure r\u00e9sistance aux taches et aux rayures qu'un ruban de cire puisse offrir. Comme tous nos rubans, le GWX 265 est conforme \u00e0 ISEGA pour une utilisation dans les environnements de transformation alimentaire.","og_url":"https:\/\/d-identify.be\/fr\/produit\/ruban-cire-premium-godex-300m-sur-ame-254mm\/","og_site_name":"d-identify","og_image":[{"width":600,"height":600,"url":"https:\/\/d-identify.be\/wp-content\/uploads\/2024\/01\/godex-ribbon_3.jpg","type":"image\/jpeg"}],"twitter_card":"summary_large_image","schema":{"@context":"https:\/\/schema.org","@graph":[{"@type":"WebPage","@id":"https:\/\/d-identify.be\/fr\/produit\/ruban-cire-premium-godex-300m-sur-ame-254mm\/","url":"https:\/\/d-identify.be\/fr\/produit\/ruban-cire-premium-godex-300m-sur-ame-254mm\/","name":"Ruban Cire Premium GODEX 300m sur \u00e2me 25,4mm - d-identify","isPartOf":{"@id":"https:\/\/d-identify.be\/fr\/#website"},"primaryImageOfPage":{"@id":"https:\/\/d-identify.be\/fr\/produit\/ruban-cire-premium-godex-300m-sur-ame-254mm\/#primaryimage"},"image":{"@id":"https:\/\/d-identify.be\/fr\/produit\/ruban-cire-premium-godex-300m-sur-ame-254mm\/#primaryimage"},"thumbnailUrl":"https:\/\/d-identify.be\/wp-content\/uploads\/2024\/01\/godex-ribbon_3.jpg","datePublished":"2024-01-11T16:31:00+00:00","breadcrumb":{"@id":"https:\/\/d-identify.be\/fr\/produit\/ruban-cire-premium-godex-300m-sur-ame-254mm\/#breadcrumb"},"inLanguage":"fr-FR","potentialAction":[{"@type":"ReadAction","target":["https:\/\/d-identify.be\/fr\/produit\/ruban-cire-premium-godex-300m-sur-ame-254mm\/"]}]},{"@type":"ImageObject","inLanguage":"fr-FR","@id":"https:\/\/d-identify.be\/fr\/produit\/ruban-cire-premium-godex-300m-sur-ame-254mm\/#primaryimage","url":"https:\/\/d-identify.be\/wp-content\/uploads\/2024\/01\/godex-ribbon_3.jpg","contentUrl":"https:\/\/d-identify.be\/wp-content\/uploads\/2024\/01\/godex-ribbon_3.jpg","width":600,"height":600,"caption":"ruban GRS 945 110mm 74m | Ruban transfert thermique r\u00e9sine"},{"@type":"BreadcrumbList","@id":"https:\/\/d-identify.be\/fr\/produit\/ruban-cire-premium-godex-300m-sur-ame-254mm\/#breadcrumb","itemListElement":[{"@type":"ListItem","position":1,"name":"Home","item":"https:\/\/d-identify.be\/fr\/home-2\/"},{"@type":"ListItem","position":2,"name":"Boutique","item":"https:\/\/d-identify.be\/fr\/boutique\/"},{"@type":"ListItem","position":3,"name":"Ruban Cire Premium GODEX 300m sur \u00e2me 25,4mm"}]},{"@type":"WebSite","@id":"https:\/\/d-identify.be\/fr\/#website","url":"https:\/\/d-identify.be\/fr\/","name":"d-identify","description":"Industrial identification - Lockout - Tagout - Floor marking","potentialAction":[{"@type":"SearchAction","target":{"@type":"EntryPoint","urlTemplate":"https:\/\/d-identify.be\/fr\/?s={search_term_string}"},"query-input":{"@type":"PropertyValueSpecification","valueRequired":true,"valueName":"search_term_string"}}],"inLanguage":"fr-FR"}]}},"_links":{"self":[{"href":"https:\/\/d-identify.be\/fr\/wp-json\/wp\/v2\/product\/51847","targetHints":{"allow":["GET"]}}],"collection":[{"href":"https:\/\/d-identify.be\/fr\/wp-json\/wp\/v2\/product"}],"about":[{"href":"https:\/\/d-identify.be\/fr\/wp-json\/wp\/v2\/types\/product"}],"replies":[{"embeddable":true,"href":"https:\/\/d-identify.be\/fr\/wp-json\/wp\/v2\/comments?post=51847"}],"wp:featuredmedia":[{"embeddable":true,"href":"https:\/\/d-identify.be\/fr\/wp-json\/wp\/v2\/media\/25089"}],"wp:attachment":[{"href":"https:\/\/d-identify.be\/fr\/wp-json\/wp\/v2\/media?parent=51847"}],"wp:term":[{"taxonomy":"product_brand","embeddable":true,"href":"https:\/\/d-identify.be\/fr\/wp-json\/wp\/v2\/product_brand?post=51847"},{"taxonomy":"product_cat","embeddable":true,"href":"https:\/\/d-identify.be\/fr\/wp-json\/wp\/v2\/product_cat?post=51847"},{"taxonomy":"product_tag","embeddable":true,"href":"https:\/\/d-identify.be\/fr\/wp-json\/wp\/v2\/product_tag?post=51847"},{"taxonomy":"pa_connextion-shapes","embeddable":true,"href":"https:\/\/d-identify.be\/fr\/wp-json\/wp\/v2\/pa_connextion-shapes?post=51847"}],"curies":[{"name":"wp","href":"https:\/\/api.w.org\/{rel}","templated":true}]}}