{"id":51785,"date":"2024-01-12T15:48:59","date_gmt":"2024-01-12T13:48:59","guid":{"rendered":"https:\/\/d-identify.be\/product\/ruban-resine-godex-450m-sur-ame-25-4mm\/"},"modified":"2025-02-05T13:54:00","modified_gmt":"2025-02-05T11:54:00","slug":"ruban-resine-godex-450m-sur-ame-25-4mm","status":"publish","type":"product","link":"https:\/\/d-identify.be\/fr\/produit\/ruban-resine-godex-450m-sur-ame-25-4mm\/","title":{"rendered":"Ruban R\u00e9sine GODEX 450m sur \u00e2me 25.4mm"},"content":{"rendered":"","protected":false},"excerpt":{"rendered":"<p><strong>Ruban r\u00e9sine multi-usage GODEX GRS 945<\/strong><\/p>\n<p>GoDEX GRS 945 offre une sensibilit\u00e9 d&rsquo;impression \u00e9lev\u00e9e tout en \u00e9tant extr\u00eamement r\u00e9sistant \u00e0 l&rsquo;abrasion m\u00e9canique, \u00e0 la chaleur et \u00e0 l&rsquo;humidit\u00e9. Il r\u00e9sistera \u00e9galement aux produits chimiques les plus couramment utilis\u00e9s. Ces caract\u00e9ristiques font du GRS 945 le ruban id\u00e9al pour imprimer des codes-barres 2D sur de petites \u00e9tiquettes dans l&rsquo;industrie \u00e9lectronique, ajouter des informations variables aux pi\u00e8ces des industries automobile et a\u00e9ronautique, imprimer des \u00e9tiquettes de notation.  <\/p>\n","protected":false},"featured_media":25089,"comment_status":"open","ping_status":"closed","template":"","meta":{"_acf_changed":false,"_et_pb_use_builder":"","_et_pb_old_content":"","_et_gb_content_width":""},"product_brand":[],"product_cat":[720],"product_tag":[946],"pa_connextion-shapes":[],"class_list":{"0":"post-51785","1":"product","2":"type-product","3":"status-publish","4":"has-post-thumbnail","6":"product_cat-rubans-de-transfert-thermique","7":"product_tag-godex-fr","9":"first","10":"instock","11":"sale","12":"taxable","13":"shipping-taxable","14":"purchasable","15":"product-type-variable","16":"has-default-attributes"},"exclude_global_add_ons":[],"addons":[],"acf":[],"yoast_head":"<!-- This site is optimized with the Yoast SEO Premium plugin v27.0 (Yoast SEO v27.1) - https:\/\/yoast.com\/product\/yoast-seo-premium-wordpress\/ -->\n<title>Ruban R\u00e9sine GODEX 450m sur \u00e2me 25.4mm - d-identify<\/title>\n<meta name=\"robots\" content=\"index, follow, max-snippet:-1, max-image-preview:large, max-video-preview:-1\" \/>\n<link rel=\"canonical\" href=\"https:\/\/d-identify.be\/fr\/produit\/ruban-resine-godex-450m-sur-ame-25-4mm\/\" \/>\n<meta property=\"og:locale\" content=\"fr_FR\" \/>\n<meta property=\"og:type\" content=\"article\" \/>\n<meta property=\"og:title\" content=\"Ruban R\u00e9sine GODEX 450m sur \u00e2me 25.4mm\" \/>\n<meta property=\"og:description\" content=\"Ruban r\u00e9sine multi-usage GODEX GRS 945 GoDEX GRS 945 offre une sensibilit\u00e9 d&#039;impression \u00e9lev\u00e9e tout en \u00e9tant extr\u00eamement r\u00e9sistant \u00e0 l&#039;abrasion m\u00e9canique, \u00e0 la chaleur et \u00e0 l&#039;humidit\u00e9. Il r\u00e9sistera \u00e9galement aux produits chimiques les plus couramment utilis\u00e9s. Ces caract\u00e9ristiques font du GRS 945 le ruban id\u00e9al pour imprimer des codes-barres 2D sur de petites \u00e9tiquettes dans l&#039;industrie \u00e9lectronique, ajouter des informations variables aux pi\u00e8ces des industries automobile et a\u00e9ronautique, imprimer des \u00e9tiquettes de notation.\" \/>\n<meta property=\"og:url\" content=\"https:\/\/d-identify.be\/fr\/produit\/ruban-resine-godex-450m-sur-ame-25-4mm\/\" \/>\n<meta property=\"og:site_name\" content=\"d-identify\" \/>\n<meta property=\"article:modified_time\" content=\"2025-02-05T11:54:00+00:00\" \/>\n<meta property=\"og:image\" content=\"https:\/\/d-identify.be\/wp-content\/uploads\/2024\/01\/godex-ribbon_3.jpg\" \/>\n\t<meta property=\"og:image:width\" content=\"600\" \/>\n\t<meta property=\"og:image:height\" content=\"600\" \/>\n\t<meta property=\"og:image:type\" content=\"image\/jpeg\" \/>\n<meta name=\"twitter:card\" content=\"summary_large_image\" \/>\n<script type=\"application\/ld+json\" class=\"yoast-schema-graph\">{\"@context\":\"https:\/\/schema.org\",\"@graph\":[{\"@type\":\"WebPage\",\"@id\":\"https:\/\/d-identify.be\/fr\/produit\/ruban-resine-godex-450m-sur-ame-25-4mm\/\",\"url\":\"https:\/\/d-identify.be\/fr\/produit\/ruban-resine-godex-450m-sur-ame-25-4mm\/\",\"name\":\"Ruban R\u00e9sine GODEX 450m sur \u00e2me 25.4mm - d-identify\",\"isPartOf\":{\"@id\":\"https:\/\/d-identify.be\/fr\/#website\"},\"primaryImageOfPage\":{\"@id\":\"https:\/\/d-identify.be\/fr\/produit\/ruban-resine-godex-450m-sur-ame-25-4mm\/#primaryimage\"},\"image\":{\"@id\":\"https:\/\/d-identify.be\/fr\/produit\/ruban-resine-godex-450m-sur-ame-25-4mm\/#primaryimage\"},\"thumbnailUrl\":\"https:\/\/d-identify.be\/wp-content\/uploads\/2024\/01\/godex-ribbon_3.jpg\",\"datePublished\":\"2024-01-12T13:48:59+00:00\",\"dateModified\":\"2025-02-05T11:54:00+00:00\",\"breadcrumb\":{\"@id\":\"https:\/\/d-identify.be\/fr\/produit\/ruban-resine-godex-450m-sur-ame-25-4mm\/#breadcrumb\"},\"inLanguage\":\"fr-FR\",\"potentialAction\":[{\"@type\":\"ReadAction\",\"target\":[\"https:\/\/d-identify.be\/fr\/produit\/ruban-resine-godex-450m-sur-ame-25-4mm\/\"]}]},{\"@type\":\"ImageObject\",\"inLanguage\":\"fr-FR\",\"@id\":\"https:\/\/d-identify.be\/fr\/produit\/ruban-resine-godex-450m-sur-ame-25-4mm\/#primaryimage\",\"url\":\"https:\/\/d-identify.be\/wp-content\/uploads\/2024\/01\/godex-ribbon_3.jpg\",\"contentUrl\":\"https:\/\/d-identify.be\/wp-content\/uploads\/2024\/01\/godex-ribbon_3.jpg\",\"width\":600,\"height\":600,\"caption\":\"ruban GRS 945 110mm 74m | Ruban transfert thermique r\u00e9sine\"},{\"@type\":\"BreadcrumbList\",\"@id\":\"https:\/\/d-identify.be\/fr\/produit\/ruban-resine-godex-450m-sur-ame-25-4mm\/#breadcrumb\",\"itemListElement\":[{\"@type\":\"ListItem\",\"position\":1,\"name\":\"Home\",\"item\":\"https:\/\/d-identify.be\/fr\/home-2\/\"},{\"@type\":\"ListItem\",\"position\":2,\"name\":\"Boutique\",\"item\":\"https:\/\/d-identify.be\/fr\/boutique\/\"},{\"@type\":\"ListItem\",\"position\":3,\"name\":\"Ruban R\u00e9sine GODEX 450m sur \u00e2me 25.4mm\"}]},{\"@type\":\"WebSite\",\"@id\":\"https:\/\/d-identify.be\/fr\/#website\",\"url\":\"https:\/\/d-identify.be\/fr\/\",\"name\":\"d-identify\",\"description\":\"Industrial identification - Lockout - Tagout - Floor marking\",\"potentialAction\":[{\"@type\":\"SearchAction\",\"target\":{\"@type\":\"EntryPoint\",\"urlTemplate\":\"https:\/\/d-identify.be\/fr\/?s={search_term_string}\"},\"query-input\":{\"@type\":\"PropertyValueSpecification\",\"valueRequired\":true,\"valueName\":\"search_term_string\"}}],\"inLanguage\":\"fr-FR\"}]}<\/script>\n<!-- \/ Yoast SEO Premium plugin. -->","yoast_head_json":{"title":"Ruban R\u00e9sine GODEX 450m sur \u00e2me 25.4mm - d-identify","robots":{"index":"index","follow":"follow","max-snippet":"max-snippet:-1","max-image-preview":"max-image-preview:large","max-video-preview":"max-video-preview:-1"},"canonical":"https:\/\/d-identify.be\/fr\/produit\/ruban-resine-godex-450m-sur-ame-25-4mm\/","og_locale":"fr_FR","og_type":"article","og_title":"Ruban R\u00e9sine GODEX 450m sur \u00e2me 25.4mm","og_description":"Ruban r\u00e9sine multi-usage GODEX GRS 945 GoDEX GRS 945 offre une sensibilit\u00e9 d'impression \u00e9lev\u00e9e tout en \u00e9tant extr\u00eamement r\u00e9sistant \u00e0 l'abrasion m\u00e9canique, \u00e0 la chaleur et \u00e0 l'humidit\u00e9. Il r\u00e9sistera \u00e9galement aux produits chimiques les plus couramment utilis\u00e9s. Ces caract\u00e9ristiques font du GRS 945 le ruban id\u00e9al pour imprimer des codes-barres 2D sur de petites \u00e9tiquettes dans l'industrie \u00e9lectronique, ajouter des informations variables aux pi\u00e8ces des industries automobile et a\u00e9ronautique, imprimer des \u00e9tiquettes de notation.","og_url":"https:\/\/d-identify.be\/fr\/produit\/ruban-resine-godex-450m-sur-ame-25-4mm\/","og_site_name":"d-identify","article_modified_time":"2025-02-05T11:54:00+00:00","og_image":[{"width":600,"height":600,"url":"https:\/\/d-identify.be\/wp-content\/uploads\/2024\/01\/godex-ribbon_3.jpg","type":"image\/jpeg"}],"twitter_card":"summary_large_image","schema":{"@context":"https:\/\/schema.org","@graph":[{"@type":"WebPage","@id":"https:\/\/d-identify.be\/fr\/produit\/ruban-resine-godex-450m-sur-ame-25-4mm\/","url":"https:\/\/d-identify.be\/fr\/produit\/ruban-resine-godex-450m-sur-ame-25-4mm\/","name":"Ruban R\u00e9sine GODEX 450m sur \u00e2me 25.4mm - d-identify","isPartOf":{"@id":"https:\/\/d-identify.be\/fr\/#website"},"primaryImageOfPage":{"@id":"https:\/\/d-identify.be\/fr\/produit\/ruban-resine-godex-450m-sur-ame-25-4mm\/#primaryimage"},"image":{"@id":"https:\/\/d-identify.be\/fr\/produit\/ruban-resine-godex-450m-sur-ame-25-4mm\/#primaryimage"},"thumbnailUrl":"https:\/\/d-identify.be\/wp-content\/uploads\/2024\/01\/godex-ribbon_3.jpg","datePublished":"2024-01-12T13:48:59+00:00","dateModified":"2025-02-05T11:54:00+00:00","breadcrumb":{"@id":"https:\/\/d-identify.be\/fr\/produit\/ruban-resine-godex-450m-sur-ame-25-4mm\/#breadcrumb"},"inLanguage":"fr-FR","potentialAction":[{"@type":"ReadAction","target":["https:\/\/d-identify.be\/fr\/produit\/ruban-resine-godex-450m-sur-ame-25-4mm\/"]}]},{"@type":"ImageObject","inLanguage":"fr-FR","@id":"https:\/\/d-identify.be\/fr\/produit\/ruban-resine-godex-450m-sur-ame-25-4mm\/#primaryimage","url":"https:\/\/d-identify.be\/wp-content\/uploads\/2024\/01\/godex-ribbon_3.jpg","contentUrl":"https:\/\/d-identify.be\/wp-content\/uploads\/2024\/01\/godex-ribbon_3.jpg","width":600,"height":600,"caption":"ruban GRS 945 110mm 74m | Ruban transfert thermique r\u00e9sine"},{"@type":"BreadcrumbList","@id":"https:\/\/d-identify.be\/fr\/produit\/ruban-resine-godex-450m-sur-ame-25-4mm\/#breadcrumb","itemListElement":[{"@type":"ListItem","position":1,"name":"Home","item":"https:\/\/d-identify.be\/fr\/home-2\/"},{"@type":"ListItem","position":2,"name":"Boutique","item":"https:\/\/d-identify.be\/fr\/boutique\/"},{"@type":"ListItem","position":3,"name":"Ruban R\u00e9sine GODEX 450m sur \u00e2me 25.4mm"}]},{"@type":"WebSite","@id":"https:\/\/d-identify.be\/fr\/#website","url":"https:\/\/d-identify.be\/fr\/","name":"d-identify","description":"Industrial identification - Lockout - Tagout - Floor marking","potentialAction":[{"@type":"SearchAction","target":{"@type":"EntryPoint","urlTemplate":"https:\/\/d-identify.be\/fr\/?s={search_term_string}"},"query-input":{"@type":"PropertyValueSpecification","valueRequired":true,"valueName":"search_term_string"}}],"inLanguage":"fr-FR"}]}},"_links":{"self":[{"href":"https:\/\/d-identify.be\/fr\/wp-json\/wp\/v2\/product\/51785","targetHints":{"allow":["GET"]}}],"collection":[{"href":"https:\/\/d-identify.be\/fr\/wp-json\/wp\/v2\/product"}],"about":[{"href":"https:\/\/d-identify.be\/fr\/wp-json\/wp\/v2\/types\/product"}],"replies":[{"embeddable":true,"href":"https:\/\/d-identify.be\/fr\/wp-json\/wp\/v2\/comments?post=51785"}],"wp:featuredmedia":[{"embeddable":true,"href":"https:\/\/d-identify.be\/fr\/wp-json\/wp\/v2\/media\/25089"}],"wp:attachment":[{"href":"https:\/\/d-identify.be\/fr\/wp-json\/wp\/v2\/media?parent=51785"}],"wp:term":[{"taxonomy":"product_brand","embeddable":true,"href":"https:\/\/d-identify.be\/fr\/wp-json\/wp\/v2\/product_brand?post=51785"},{"taxonomy":"product_cat","embeddable":true,"href":"https:\/\/d-identify.be\/fr\/wp-json\/wp\/v2\/product_cat?post=51785"},{"taxonomy":"product_tag","embeddable":true,"href":"https:\/\/d-identify.be\/fr\/wp-json\/wp\/v2\/product_tag?post=51785"},{"taxonomy":"pa_connextion-shapes","embeddable":true,"href":"https:\/\/d-identify.be\/fr\/wp-json\/wp\/v2\/pa_connextion-shapes?post=51785"}],"curies":[{"name":"wp","href":"https:\/\/api.w.org\/{rel}","templated":true}]}}