{"id":51765,"date":"2024-01-12T17:19:02","date_gmt":"2024-01-12T15:19:02","guid":{"rendered":"https:\/\/d-identify.be\/product\/ruban-resine-godex-74m-sur-ame-12-5mm\/"},"modified":"2024-01-12T17:19:02","modified_gmt":"2024-01-12T15:19:02","slug":"ruban-resine-godex-74m-sur-ame-12-5mm","status":"publish","type":"product","link":"https:\/\/d-identify.be\/fr\/produit\/ruban-resine-godex-74m-sur-ame-12-5mm\/","title":{"rendered":"Ruban R\u00e9sine GODEX 74m sur \u00e2me 12.5mm"},"content":{"rendered":"","protected":false},"excerpt":{"rendered":"<p><strong>Ruban cire-r\u00e9sine premium GODEX GWR 765<\/strong><\/p>\n<p>cette qualit\u00e9 cire-r\u00e9sine contient plus de r\u00e9sine que notre GWR 745, elle n\u00e9cessite un peu plus de chaleur et s&rsquo;imprime parfaitement jusqu&rsquo;\u00e0 10 ips. Les substrats recommand\u00e9s sont e.a. papier glac\u00e9, \u00e9tiquettes pr\u00e9color\u00e9es et \u00e9tiquettes synth\u00e9tiques, y compris les plus \u00ab difficiles \u00bb. Gr\u00e2ce \u00e0 sa densit\u00e9 parfaite, sa r\u00e9sistance aux taches et aux rayures  <\/p>\n","protected":false},"featured_media":25089,"comment_status":"open","ping_status":"closed","template":"","meta":{"_acf_changed":false,"_et_pb_use_builder":"","_et_pb_old_content":"","_et_gb_content_width":""},"product_brand":[],"product_cat":[720],"product_tag":[946],"pa_connextion-shapes":[],"class_list":{"0":"post-51765","1":"product","2":"type-product","3":"status-publish","4":"has-post-thumbnail","6":"product_cat-rubans-de-transfert-thermique","7":"product_tag-godex-fr","9":"first","10":"instock","11":"taxable","12":"shipping-taxable","13":"purchasable","14":"product-type-variable","15":"has-default-attributes"},"exclude_global_add_ons":[],"addons":[],"acf":[],"yoast_head":"<!-- This site is optimized with the Yoast SEO Premium plugin v27.0 (Yoast SEO v27.1) - https:\/\/yoast.com\/product\/yoast-seo-premium-wordpress\/ -->\n<title>Ruban R\u00e9sine GODEX 74m sur \u00e2me 12.5mm - d-identify<\/title>\n<meta name=\"robots\" content=\"index, follow, max-snippet:-1, max-image-preview:large, max-video-preview:-1\" \/>\n<link rel=\"canonical\" href=\"https:\/\/d-identify.be\/fr\/produit\/ruban-resine-godex-74m-sur-ame-12-5mm\/\" \/>\n<meta property=\"og:locale\" content=\"fr_FR\" \/>\n<meta property=\"og:type\" content=\"article\" \/>\n<meta property=\"og:title\" content=\"Ruban R\u00e9sine GODEX 74m sur \u00e2me 12.5mm\" \/>\n<meta property=\"og:description\" content=\"Ruban cire-r\u00e9sine premium GODEX GWR 765 cette qualit\u00e9 cire-r\u00e9sine contient plus de r\u00e9sine que notre GWR 745, elle n\u00e9cessite un peu plus de chaleur et s&#039;imprime parfaitement jusqu&#039;\u00e0 10 ips. Les substrats recommand\u00e9s sont e.a. papier glac\u00e9, \u00e9tiquettes pr\u00e9color\u00e9es et \u00e9tiquettes synth\u00e9tiques, y compris les plus \u00ab difficiles \u00bb. Gr\u00e2ce \u00e0 sa densit\u00e9 parfaite, sa r\u00e9sistance aux taches et aux rayures\" \/>\n<meta property=\"og:url\" content=\"https:\/\/d-identify.be\/fr\/produit\/ruban-resine-godex-74m-sur-ame-12-5mm\/\" \/>\n<meta property=\"og:site_name\" content=\"d-identify\" \/>\n<meta property=\"og:image\" content=\"https:\/\/d-identify.be\/wp-content\/uploads\/2024\/01\/godex-ribbon_3.jpg\" \/>\n\t<meta property=\"og:image:width\" content=\"600\" \/>\n\t<meta property=\"og:image:height\" content=\"600\" \/>\n\t<meta property=\"og:image:type\" content=\"image\/jpeg\" \/>\n<meta name=\"twitter:card\" content=\"summary_large_image\" \/>\n<script type=\"application\/ld+json\" class=\"yoast-schema-graph\">{\"@context\":\"https:\/\/schema.org\",\"@graph\":[{\"@type\":\"WebPage\",\"@id\":\"https:\/\/d-identify.be\/fr\/produit\/ruban-resine-godex-74m-sur-ame-12-5mm\/\",\"url\":\"https:\/\/d-identify.be\/fr\/produit\/ruban-resine-godex-74m-sur-ame-12-5mm\/\",\"name\":\"Ruban R\u00e9sine GODEX 74m sur \u00e2me 12.5mm - d-identify\",\"isPartOf\":{\"@id\":\"https:\/\/d-identify.be\/fr\/#website\"},\"primaryImageOfPage\":{\"@id\":\"https:\/\/d-identify.be\/fr\/produit\/ruban-resine-godex-74m-sur-ame-12-5mm\/#primaryimage\"},\"image\":{\"@id\":\"https:\/\/d-identify.be\/fr\/produit\/ruban-resine-godex-74m-sur-ame-12-5mm\/#primaryimage\"},\"thumbnailUrl\":\"https:\/\/d-identify.be\/wp-content\/uploads\/2024\/01\/godex-ribbon_3.jpg\",\"datePublished\":\"2024-01-12T15:19:02+00:00\",\"breadcrumb\":{\"@id\":\"https:\/\/d-identify.be\/fr\/produit\/ruban-resine-godex-74m-sur-ame-12-5mm\/#breadcrumb\"},\"inLanguage\":\"fr-FR\",\"potentialAction\":[{\"@type\":\"ReadAction\",\"target\":[\"https:\/\/d-identify.be\/fr\/produit\/ruban-resine-godex-74m-sur-ame-12-5mm\/\"]}]},{\"@type\":\"ImageObject\",\"inLanguage\":\"fr-FR\",\"@id\":\"https:\/\/d-identify.be\/fr\/produit\/ruban-resine-godex-74m-sur-ame-12-5mm\/#primaryimage\",\"url\":\"https:\/\/d-identify.be\/wp-content\/uploads\/2024\/01\/godex-ribbon_3.jpg\",\"contentUrl\":\"https:\/\/d-identify.be\/wp-content\/uploads\/2024\/01\/godex-ribbon_3.jpg\",\"width\":600,\"height\":600,\"caption\":\"ruban GRS 945 110mm 74m | Ruban transfert thermique r\u00e9sine\"},{\"@type\":\"BreadcrumbList\",\"@id\":\"https:\/\/d-identify.be\/fr\/produit\/ruban-resine-godex-74m-sur-ame-12-5mm\/#breadcrumb\",\"itemListElement\":[{\"@type\":\"ListItem\",\"position\":1,\"name\":\"Home\",\"item\":\"https:\/\/d-identify.be\/fr\/home-2\/\"},{\"@type\":\"ListItem\",\"position\":2,\"name\":\"Boutique\",\"item\":\"https:\/\/d-identify.be\/fr\/boutique\/\"},{\"@type\":\"ListItem\",\"position\":3,\"name\":\"Ruban R\u00e9sine GODEX 74m sur \u00e2me 12.5mm\"}]},{\"@type\":\"WebSite\",\"@id\":\"https:\/\/d-identify.be\/fr\/#website\",\"url\":\"https:\/\/d-identify.be\/fr\/\",\"name\":\"d-identify\",\"description\":\"Industrial identification - Lockout - Tagout - Floor marking\",\"potentialAction\":[{\"@type\":\"SearchAction\",\"target\":{\"@type\":\"EntryPoint\",\"urlTemplate\":\"https:\/\/d-identify.be\/fr\/?s={search_term_string}\"},\"query-input\":{\"@type\":\"PropertyValueSpecification\",\"valueRequired\":true,\"valueName\":\"search_term_string\"}}],\"inLanguage\":\"fr-FR\"}]}<\/script>\n<!-- \/ Yoast SEO Premium plugin. -->","yoast_head_json":{"title":"Ruban R\u00e9sine GODEX 74m sur \u00e2me 12.5mm - d-identify","robots":{"index":"index","follow":"follow","max-snippet":"max-snippet:-1","max-image-preview":"max-image-preview:large","max-video-preview":"max-video-preview:-1"},"canonical":"https:\/\/d-identify.be\/fr\/produit\/ruban-resine-godex-74m-sur-ame-12-5mm\/","og_locale":"fr_FR","og_type":"article","og_title":"Ruban R\u00e9sine GODEX 74m sur \u00e2me 12.5mm","og_description":"Ruban cire-r\u00e9sine premium GODEX GWR 765 cette qualit\u00e9 cire-r\u00e9sine contient plus de r\u00e9sine que notre GWR 745, elle n\u00e9cessite un peu plus de chaleur et s'imprime parfaitement jusqu'\u00e0 10 ips. Les substrats recommand\u00e9s sont e.a. papier glac\u00e9, \u00e9tiquettes pr\u00e9color\u00e9es et \u00e9tiquettes synth\u00e9tiques, y compris les plus \u00ab difficiles \u00bb. Gr\u00e2ce \u00e0 sa densit\u00e9 parfaite, sa r\u00e9sistance aux taches et aux rayures","og_url":"https:\/\/d-identify.be\/fr\/produit\/ruban-resine-godex-74m-sur-ame-12-5mm\/","og_site_name":"d-identify","og_image":[{"width":600,"height":600,"url":"https:\/\/d-identify.be\/wp-content\/uploads\/2024\/01\/godex-ribbon_3.jpg","type":"image\/jpeg"}],"twitter_card":"summary_large_image","schema":{"@context":"https:\/\/schema.org","@graph":[{"@type":"WebPage","@id":"https:\/\/d-identify.be\/fr\/produit\/ruban-resine-godex-74m-sur-ame-12-5mm\/","url":"https:\/\/d-identify.be\/fr\/produit\/ruban-resine-godex-74m-sur-ame-12-5mm\/","name":"Ruban R\u00e9sine GODEX 74m sur \u00e2me 12.5mm - d-identify","isPartOf":{"@id":"https:\/\/d-identify.be\/fr\/#website"},"primaryImageOfPage":{"@id":"https:\/\/d-identify.be\/fr\/produit\/ruban-resine-godex-74m-sur-ame-12-5mm\/#primaryimage"},"image":{"@id":"https:\/\/d-identify.be\/fr\/produit\/ruban-resine-godex-74m-sur-ame-12-5mm\/#primaryimage"},"thumbnailUrl":"https:\/\/d-identify.be\/wp-content\/uploads\/2024\/01\/godex-ribbon_3.jpg","datePublished":"2024-01-12T15:19:02+00:00","breadcrumb":{"@id":"https:\/\/d-identify.be\/fr\/produit\/ruban-resine-godex-74m-sur-ame-12-5mm\/#breadcrumb"},"inLanguage":"fr-FR","potentialAction":[{"@type":"ReadAction","target":["https:\/\/d-identify.be\/fr\/produit\/ruban-resine-godex-74m-sur-ame-12-5mm\/"]}]},{"@type":"ImageObject","inLanguage":"fr-FR","@id":"https:\/\/d-identify.be\/fr\/produit\/ruban-resine-godex-74m-sur-ame-12-5mm\/#primaryimage","url":"https:\/\/d-identify.be\/wp-content\/uploads\/2024\/01\/godex-ribbon_3.jpg","contentUrl":"https:\/\/d-identify.be\/wp-content\/uploads\/2024\/01\/godex-ribbon_3.jpg","width":600,"height":600,"caption":"ruban GRS 945 110mm 74m | Ruban transfert thermique r\u00e9sine"},{"@type":"BreadcrumbList","@id":"https:\/\/d-identify.be\/fr\/produit\/ruban-resine-godex-74m-sur-ame-12-5mm\/#breadcrumb","itemListElement":[{"@type":"ListItem","position":1,"name":"Home","item":"https:\/\/d-identify.be\/fr\/home-2\/"},{"@type":"ListItem","position":2,"name":"Boutique","item":"https:\/\/d-identify.be\/fr\/boutique\/"},{"@type":"ListItem","position":3,"name":"Ruban R\u00e9sine GODEX 74m sur \u00e2me 12.5mm"}]},{"@type":"WebSite","@id":"https:\/\/d-identify.be\/fr\/#website","url":"https:\/\/d-identify.be\/fr\/","name":"d-identify","description":"Industrial identification - Lockout - Tagout - Floor marking","potentialAction":[{"@type":"SearchAction","target":{"@type":"EntryPoint","urlTemplate":"https:\/\/d-identify.be\/fr\/?s={search_term_string}"},"query-input":{"@type":"PropertyValueSpecification","valueRequired":true,"valueName":"search_term_string"}}],"inLanguage":"fr-FR"}]}},"_links":{"self":[{"href":"https:\/\/d-identify.be\/fr\/wp-json\/wp\/v2\/product\/51765","targetHints":{"allow":["GET"]}}],"collection":[{"href":"https:\/\/d-identify.be\/fr\/wp-json\/wp\/v2\/product"}],"about":[{"href":"https:\/\/d-identify.be\/fr\/wp-json\/wp\/v2\/types\/product"}],"replies":[{"embeddable":true,"href":"https:\/\/d-identify.be\/fr\/wp-json\/wp\/v2\/comments?post=51765"}],"wp:featuredmedia":[{"embeddable":true,"href":"https:\/\/d-identify.be\/fr\/wp-json\/wp\/v2\/media\/25089"}],"wp:attachment":[{"href":"https:\/\/d-identify.be\/fr\/wp-json\/wp\/v2\/media?parent=51765"}],"wp:term":[{"taxonomy":"product_brand","embeddable":true,"href":"https:\/\/d-identify.be\/fr\/wp-json\/wp\/v2\/product_brand?post=51765"},{"taxonomy":"product_cat","embeddable":true,"href":"https:\/\/d-identify.be\/fr\/wp-json\/wp\/v2\/product_cat?post=51765"},{"taxonomy":"product_tag","embeddable":true,"href":"https:\/\/d-identify.be\/fr\/wp-json\/wp\/v2\/product_tag?post=51765"},{"taxonomy":"pa_connextion-shapes","embeddable":true,"href":"https:\/\/d-identify.be\/fr\/wp-json\/wp\/v2\/pa_connextion-shapes?post=51765"}],"curies":[{"name":"wp","href":"https:\/\/api.w.org\/{rel}","templated":true}]}}