{"id":51761,"date":"2024-01-12T18:05:59","date_gmt":"2024-01-12T16:05:59","guid":{"rendered":"https:\/\/d-identify.be\/product\/ruban-cire-standard-godex-74m-sur-ame-125mm\/"},"modified":"2024-01-12T18:05:59","modified_gmt":"2024-01-12T16:05:59","slug":"ruban-cire-standard-godex-74m-sur-ame-125mm","status":"publish","type":"product","link":"https:\/\/d-identify.be\/fr\/produit\/ruban-cire-standard-godex-74m-sur-ame-125mm\/","title":{"rendered":"Ruban Cire Standard GODEX 74m sur \u00e2me 12,5mm"},"content":{"rendered":"","protected":false},"excerpt":{"rendered":"<p><strong>Ruban cir\u00e9 standard GODEX GWX 245<\/strong><\/p>\n<p>Ce ruban GoDEX \u00e9conomique garantit une impression noire dense avec des<br \/>\nbords sur des substrats allant du v\u00e9lin, du papier non couch\u00e9 et couch\u00e9, au<br \/>\nmat\u00e9riaux d&rsquo;\u00e9tiquettes pr\u00e9-imprim\u00e9s et brillants. GWX 245 imprime bien jusqu&rsquo;\u00e0 10 ips<br \/>\ntout en n\u00e9cessitant peu d&rsquo;\u00e9nergie et son rev\u00eatement arri\u00e8re protecteur prolongera la<br \/>\ndur\u00e9e de vie de vos t\u00eates d&rsquo;impression de mani\u00e8re significative. <\/p>\n","protected":false},"featured_media":25089,"comment_status":"open","ping_status":"closed","template":"","meta":{"_acf_changed":false,"_et_pb_use_builder":"","_et_pb_old_content":"","_et_gb_content_width":""},"product_brand":[],"product_cat":[720],"product_tag":[946],"pa_connextion-shapes":[],"class_list":{"0":"post-51761","1":"product","2":"type-product","3":"status-publish","4":"has-post-thumbnail","6":"product_cat-rubans-de-transfert-thermique","7":"product_tag-godex-fr","9":"first","10":"instock","11":"taxable","12":"shipping-taxable","13":"purchasable","14":"product-type-variable","15":"has-default-attributes"},"exclude_global_add_ons":[],"addons":[],"acf":[],"yoast_head":"<!-- This site is optimized with the Yoast SEO Premium plugin v27.0 (Yoast SEO v27.1) - https:\/\/yoast.com\/product\/yoast-seo-premium-wordpress\/ -->\n<title>Ruban Cire Standard GODEX 74m sur \u00e2me 12,5mm - d-identify<\/title>\n<meta name=\"robots\" content=\"index, follow, max-snippet:-1, max-image-preview:large, max-video-preview:-1\" \/>\n<link rel=\"canonical\" href=\"https:\/\/d-identify.be\/fr\/produit\/ruban-cire-standard-godex-74m-sur-ame-125mm\/\" \/>\n<meta property=\"og:locale\" content=\"fr_FR\" \/>\n<meta property=\"og:type\" content=\"article\" \/>\n<meta property=\"og:title\" content=\"Ruban Cire Standard GODEX 74m sur \u00e2me 12,5mm\" \/>\n<meta property=\"og:description\" content=\"Ruban cir\u00e9 standard GODEX GWX 245 Ce ruban GoDEX \u00e9conomique garantit une impression noire dense avec des bords sur des substrats allant du v\u00e9lin, du papier non couch\u00e9 et couch\u00e9, au mat\u00e9riaux d&#039;\u00e9tiquettes pr\u00e9-imprim\u00e9s et brillants. GWX 245 imprime bien jusqu&#039;\u00e0 10 ips tout en n\u00e9cessitant peu d&#039;\u00e9nergie et son rev\u00eatement arri\u00e8re protecteur prolongera la dur\u00e9e de vie de vos t\u00eates d&#039;impression de mani\u00e8re significative.\" \/>\n<meta property=\"og:url\" content=\"https:\/\/d-identify.be\/fr\/produit\/ruban-cire-standard-godex-74m-sur-ame-125mm\/\" \/>\n<meta property=\"og:site_name\" content=\"d-identify\" \/>\n<meta property=\"og:image\" content=\"https:\/\/d-identify.be\/wp-content\/uploads\/2024\/01\/godex-ribbon_3.jpg\" \/>\n\t<meta property=\"og:image:width\" content=\"600\" \/>\n\t<meta property=\"og:image:height\" content=\"600\" \/>\n\t<meta property=\"og:image:type\" content=\"image\/jpeg\" \/>\n<meta name=\"twitter:card\" content=\"summary_large_image\" \/>\n<script type=\"application\/ld+json\" class=\"yoast-schema-graph\">{\"@context\":\"https:\/\/schema.org\",\"@graph\":[{\"@type\":\"WebPage\",\"@id\":\"https:\/\/d-identify.be\/fr\/produit\/ruban-cire-standard-godex-74m-sur-ame-125mm\/\",\"url\":\"https:\/\/d-identify.be\/fr\/produit\/ruban-cire-standard-godex-74m-sur-ame-125mm\/\",\"name\":\"Ruban Cire Standard GODEX 74m sur \u00e2me 12,5mm - d-identify\",\"isPartOf\":{\"@id\":\"https:\/\/d-identify.be\/fr\/#website\"},\"primaryImageOfPage\":{\"@id\":\"https:\/\/d-identify.be\/fr\/produit\/ruban-cire-standard-godex-74m-sur-ame-125mm\/#primaryimage\"},\"image\":{\"@id\":\"https:\/\/d-identify.be\/fr\/produit\/ruban-cire-standard-godex-74m-sur-ame-125mm\/#primaryimage\"},\"thumbnailUrl\":\"https:\/\/d-identify.be\/wp-content\/uploads\/2024\/01\/godex-ribbon_3.jpg\",\"datePublished\":\"2024-01-12T16:05:59+00:00\",\"breadcrumb\":{\"@id\":\"https:\/\/d-identify.be\/fr\/produit\/ruban-cire-standard-godex-74m-sur-ame-125mm\/#breadcrumb\"},\"inLanguage\":\"fr-FR\",\"potentialAction\":[{\"@type\":\"ReadAction\",\"target\":[\"https:\/\/d-identify.be\/fr\/produit\/ruban-cire-standard-godex-74m-sur-ame-125mm\/\"]}]},{\"@type\":\"ImageObject\",\"inLanguage\":\"fr-FR\",\"@id\":\"https:\/\/d-identify.be\/fr\/produit\/ruban-cire-standard-godex-74m-sur-ame-125mm\/#primaryimage\",\"url\":\"https:\/\/d-identify.be\/wp-content\/uploads\/2024\/01\/godex-ribbon_3.jpg\",\"contentUrl\":\"https:\/\/d-identify.be\/wp-content\/uploads\/2024\/01\/godex-ribbon_3.jpg\",\"width\":600,\"height\":600,\"caption\":\"ruban GRS 945 110mm 74m | Ruban transfert thermique r\u00e9sine\"},{\"@type\":\"BreadcrumbList\",\"@id\":\"https:\/\/d-identify.be\/fr\/produit\/ruban-cire-standard-godex-74m-sur-ame-125mm\/#breadcrumb\",\"itemListElement\":[{\"@type\":\"ListItem\",\"position\":1,\"name\":\"Home\",\"item\":\"https:\/\/d-identify.be\/fr\/home-2\/\"},{\"@type\":\"ListItem\",\"position\":2,\"name\":\"Boutique\",\"item\":\"https:\/\/d-identify.be\/fr\/boutique\/\"},{\"@type\":\"ListItem\",\"position\":3,\"name\":\"Ruban Cire Standard GODEX 74m sur \u00e2me 12,5mm\"}]},{\"@type\":\"WebSite\",\"@id\":\"https:\/\/d-identify.be\/fr\/#website\",\"url\":\"https:\/\/d-identify.be\/fr\/\",\"name\":\"d-identify\",\"description\":\"Industrial identification - Lockout - Tagout - Floor marking\",\"potentialAction\":[{\"@type\":\"SearchAction\",\"target\":{\"@type\":\"EntryPoint\",\"urlTemplate\":\"https:\/\/d-identify.be\/fr\/?s={search_term_string}\"},\"query-input\":{\"@type\":\"PropertyValueSpecification\",\"valueRequired\":true,\"valueName\":\"search_term_string\"}}],\"inLanguage\":\"fr-FR\"}]}<\/script>\n<!-- \/ Yoast SEO Premium plugin. -->","yoast_head_json":{"title":"Ruban Cire Standard GODEX 74m sur \u00e2me 12,5mm - d-identify","robots":{"index":"index","follow":"follow","max-snippet":"max-snippet:-1","max-image-preview":"max-image-preview:large","max-video-preview":"max-video-preview:-1"},"canonical":"https:\/\/d-identify.be\/fr\/produit\/ruban-cire-standard-godex-74m-sur-ame-125mm\/","og_locale":"fr_FR","og_type":"article","og_title":"Ruban Cire Standard GODEX 74m sur \u00e2me 12,5mm","og_description":"Ruban cir\u00e9 standard GODEX GWX 245 Ce ruban GoDEX \u00e9conomique garantit une impression noire dense avec des bords sur des substrats allant du v\u00e9lin, du papier non couch\u00e9 et couch\u00e9, au mat\u00e9riaux d'\u00e9tiquettes pr\u00e9-imprim\u00e9s et brillants. GWX 245 imprime bien jusqu'\u00e0 10 ips tout en n\u00e9cessitant peu d'\u00e9nergie et son rev\u00eatement arri\u00e8re protecteur prolongera la dur\u00e9e de vie de vos t\u00eates d'impression de mani\u00e8re significative.","og_url":"https:\/\/d-identify.be\/fr\/produit\/ruban-cire-standard-godex-74m-sur-ame-125mm\/","og_site_name":"d-identify","og_image":[{"width":600,"height":600,"url":"https:\/\/d-identify.be\/wp-content\/uploads\/2024\/01\/godex-ribbon_3.jpg","type":"image\/jpeg"}],"twitter_card":"summary_large_image","schema":{"@context":"https:\/\/schema.org","@graph":[{"@type":"WebPage","@id":"https:\/\/d-identify.be\/fr\/produit\/ruban-cire-standard-godex-74m-sur-ame-125mm\/","url":"https:\/\/d-identify.be\/fr\/produit\/ruban-cire-standard-godex-74m-sur-ame-125mm\/","name":"Ruban Cire Standard GODEX 74m sur \u00e2me 12,5mm - d-identify","isPartOf":{"@id":"https:\/\/d-identify.be\/fr\/#website"},"primaryImageOfPage":{"@id":"https:\/\/d-identify.be\/fr\/produit\/ruban-cire-standard-godex-74m-sur-ame-125mm\/#primaryimage"},"image":{"@id":"https:\/\/d-identify.be\/fr\/produit\/ruban-cire-standard-godex-74m-sur-ame-125mm\/#primaryimage"},"thumbnailUrl":"https:\/\/d-identify.be\/wp-content\/uploads\/2024\/01\/godex-ribbon_3.jpg","datePublished":"2024-01-12T16:05:59+00:00","breadcrumb":{"@id":"https:\/\/d-identify.be\/fr\/produit\/ruban-cire-standard-godex-74m-sur-ame-125mm\/#breadcrumb"},"inLanguage":"fr-FR","potentialAction":[{"@type":"ReadAction","target":["https:\/\/d-identify.be\/fr\/produit\/ruban-cire-standard-godex-74m-sur-ame-125mm\/"]}]},{"@type":"ImageObject","inLanguage":"fr-FR","@id":"https:\/\/d-identify.be\/fr\/produit\/ruban-cire-standard-godex-74m-sur-ame-125mm\/#primaryimage","url":"https:\/\/d-identify.be\/wp-content\/uploads\/2024\/01\/godex-ribbon_3.jpg","contentUrl":"https:\/\/d-identify.be\/wp-content\/uploads\/2024\/01\/godex-ribbon_3.jpg","width":600,"height":600,"caption":"ruban GRS 945 110mm 74m | Ruban transfert thermique r\u00e9sine"},{"@type":"BreadcrumbList","@id":"https:\/\/d-identify.be\/fr\/produit\/ruban-cire-standard-godex-74m-sur-ame-125mm\/#breadcrumb","itemListElement":[{"@type":"ListItem","position":1,"name":"Home","item":"https:\/\/d-identify.be\/fr\/home-2\/"},{"@type":"ListItem","position":2,"name":"Boutique","item":"https:\/\/d-identify.be\/fr\/boutique\/"},{"@type":"ListItem","position":3,"name":"Ruban Cire Standard GODEX 74m sur \u00e2me 12,5mm"}]},{"@type":"WebSite","@id":"https:\/\/d-identify.be\/fr\/#website","url":"https:\/\/d-identify.be\/fr\/","name":"d-identify","description":"Industrial identification - Lockout - Tagout - Floor marking","potentialAction":[{"@type":"SearchAction","target":{"@type":"EntryPoint","urlTemplate":"https:\/\/d-identify.be\/fr\/?s={search_term_string}"},"query-input":{"@type":"PropertyValueSpecification","valueRequired":true,"valueName":"search_term_string"}}],"inLanguage":"fr-FR"}]}},"_links":{"self":[{"href":"https:\/\/d-identify.be\/fr\/wp-json\/wp\/v2\/product\/51761","targetHints":{"allow":["GET"]}}],"collection":[{"href":"https:\/\/d-identify.be\/fr\/wp-json\/wp\/v2\/product"}],"about":[{"href":"https:\/\/d-identify.be\/fr\/wp-json\/wp\/v2\/types\/product"}],"replies":[{"embeddable":true,"href":"https:\/\/d-identify.be\/fr\/wp-json\/wp\/v2\/comments?post=51761"}],"wp:featuredmedia":[{"embeddable":true,"href":"https:\/\/d-identify.be\/fr\/wp-json\/wp\/v2\/media\/25089"}],"wp:attachment":[{"href":"https:\/\/d-identify.be\/fr\/wp-json\/wp\/v2\/media?parent=51761"}],"wp:term":[{"taxonomy":"product_brand","embeddable":true,"href":"https:\/\/d-identify.be\/fr\/wp-json\/wp\/v2\/product_brand?post=51761"},{"taxonomy":"product_cat","embeddable":true,"href":"https:\/\/d-identify.be\/fr\/wp-json\/wp\/v2\/product_cat?post=51761"},{"taxonomy":"product_tag","embeddable":true,"href":"https:\/\/d-identify.be\/fr\/wp-json\/wp\/v2\/product_tag?post=51761"},{"taxonomy":"pa_connextion-shapes","embeddable":true,"href":"https:\/\/d-identify.be\/fr\/wp-json\/wp\/v2\/pa_connextion-shapes?post=51761"}],"curies":[{"name":"wp","href":"https:\/\/api.w.org\/{rel}","templated":true}]}}