{"id":51540,"date":"2021-07-26T12:40:29","date_gmt":"2021-07-26T10:40:29","guid":{"rendered":"https:\/\/d-identify.be\/product\/etiquette-polyester-metallisee-25mm-x-95mm\/"},"modified":"2021-07-26T12:40:29","modified_gmt":"2021-07-26T10:40:29","slug":"etiquette-polyester-metallisee-25mm-x-95mm","status":"publish","type":"product","link":"https:\/\/d-identify.be\/fr\/produit\/etiquette-polyester-metallisee-25mm-x-95mm\/","title":{"rendered":"Etiquette Polyester M\u00e9tallis\u00e9e 25mm x 9,5mm"},"content":{"rendered":"<p>Les \u00e9tiquettes adh\u00e9sives argent\u00e9es en polyester m\u00e9tallis\u00e9 (PET ME) sont la marque la plus populaire des produits industriels. La surface de l&rsquo;\u00e9tiquette est mate, brillante, miroir et \u00ab acier inoxydable \u00bb. Les adh\u00e9sifs (couche collante) sont standards ou renforc\u00e9s pour bien adh\u00e9rer aux surfaces rugueuses, grasses et autres surfaces difficiles \u00e0 coller. Longue dur\u00e9e R\u00e9sistants \u00e0 l&rsquo;humidit\u00e9, aux solvants, aux frottements, aux taches et au noircissement, ne se forment pas \u00e0 des temp\u00e9ratures constantes de -40 \u00e0 +160\u00b0C, ils peuvent r\u00e9sister \u00e0 un chauffage de courte dur\u00e9e. Maintient une excellente vision de l\u2019utilisation \u00e0 long terme des appareils et des \u00e9quipements.    <\/p>\n<div class='et-learn-more clearfix'>\n\t\t\t\t\t<h3 class='heading-more'>STANDARD<span class='et_learnmore_arrow'><span><\/span><\/span><\/h3>\n\t\t\t\t\t<div class='learn-more-content'><strong>\u00c9tiquette en polyester m\u00e9tallis\u00e9 pour applications standards <\/strong><\/p>\n<ul>\n<li><strong>Taille : <\/strong>25 mm x 9,5 mm<\/li>\n<li><strong>\u00c9tiquettes sur :<\/strong> 1<\/li>\n<li><strong>Couleurs : <\/strong>Argent<\/li>\n<li><strong>\u00c9tiquettes\/rouleau :<\/strong> 1000<\/li>\n<li><strong>Noyau :<\/strong> 40 mm ou 76 mm<\/li>\n<li><strong>Perforation : <\/strong>Non<\/li>\n<li><strong>D\u00e9tection :<\/strong> \u00e9cart<\/li>\n<li><strong>Mat\u00e9riel:<\/strong> Polyester<\/li>\n<li><strong>Adh\u00e9sif :<\/strong> Acrylique permanent<\/li>\n<li><strong>Application : <\/strong>Pour surfaces lisses \u00e0 l\u2019int\u00e9rieur et \u00e0 l\u2019ext\u00e9rieur<\/li>\n<\/ul><\/div>\n\t\t\t\t<\/div>\n<div class='et-learn-more clearfix'>\n\t\t\t\t\t<h3 class='heading-more'>EXTREME<span class='et_learnmore_arrow'><span><\/span><\/span><\/h3>\n\t\t\t\t\t<div class='learn-more-content'><strong>\u00c9tiquette en polyester m\u00e9tallis\u00e9 pour applications standards <\/strong><\/p>\n<ul>\n<li><strong>Taille : <\/strong>25 mm x 9,5 mm<\/li>\n<li><strong>\u00c9tiquettes sur :<\/strong> 1<\/li>\n<li><strong>Couleurs : <\/strong>Argent<\/li>\n<li><strong>\u00c9tiquettes\/rouleau : <\/strong>1000<\/li>\n<li><strong>Noyau :<\/strong> 40 mm ou 76 mm<\/li>\n<li><strong>Perforation : <\/strong>Non<\/li>\n<li><strong>D\u00e9tection :<\/strong> \u00e9cart<\/li>\n<li><strong>Mat\u00e9riel:<\/strong> Polyester<\/li>\n<li><strong>Adh\u00e9sif :<\/strong> Acrylique permanent (Super pouvoir adh\u00e9sif)<\/li>\n<li><strong>Application : <\/strong>Pour les surfaces lisses et <strong>rugueuses<\/strong> (enduites par poudre) \u00e0 l&rsquo;int\u00e9rieur et \u00e0 l&rsquo;ext\u00e9rieur<\/li>\n<\/ul><\/div>\n\t\t\t\t<\/div>\n","protected":false},"excerpt":{"rendered":"<p>Les \u00e9tiquettes adh\u00e9sives argent\u00e9es en polyester m\u00e9tallis\u00e9 (PET ME) sont la marque la plus populaire des produits industriels. La surface de l&rsquo;\u00e9tiquette est mate, brillante, miroir et \u00ab acier inoxydable \u00bb. Les adh\u00e9sifs (couche collante) sont standards ou renforc\u00e9s pour bien adh\u00e9rer aux surfaces rugueuses, grasses et autres surfaces difficiles \u00e0 coller. Longue dur\u00e9e R\u00e9sistants \u00e0 l&rsquo;humidit\u00e9, aux solvants, aux frottements, aux taches et au noircissement, ne se forment pas \u00e0 des temp\u00e9ratures constantes de -40 \u00e0 +160\u00b0C, ils peuvent r\u00e9sister \u00e0 un chauffage de courte dur\u00e9e. Maintient une excellente vision de l\u2019utilisation \u00e0 long terme des appareils et des \u00e9quipements.    <\/p>\n","protected":false},"featured_media":26967,"comment_status":"open","ping_status":"closed","template":"","meta":{"_acf_changed":false,"_et_pb_use_builder":"","_et_pb_old_content":"","_et_gb_content_width":""},"product_brand":[],"product_cat":[661,704,707],"product_tag":[963],"pa_connextion-shapes":[],"class_list":{"0":"post-51540","1":"product","2":"type-product","3":"status-publish","4":"has-post-thumbnail","6":"product_cat-marquage-de-cables","7":"product_cat-etiquettes-polyester","8":"product_cat-etiquettes-metallisees","9":"product_tag-d-identify-fr","11":"first","12":"instock","13":"taxable","14":"shipping-taxable","15":"purchasable","16":"product-type-variable","17":"has-default-attributes"},"exclude_global_add_ons":[],"addons":[],"acf":[],"yoast_head":"<!-- This site is optimized with the Yoast SEO Premium plugin v27.0 (Yoast SEO v27.1) - https:\/\/yoast.com\/product\/yoast-seo-premium-wordpress\/ -->\n<title>Etiquette Polyester M\u00e9tallis\u00e9e 25mm x 9,5mm - d-identify<\/title>\n<meta name=\"description\" content=\"Adhesive silver labels made of metLes \u00e9tiquettes adh\u00e9sives argent\u00e9es en polyester m\u00e9tallis\u00e9 (PET ME) sont la marque la plus populaire des produits industriels. La surface de l&#039;\u00e9tiquette est mate, brillante, ...allised polyester (PET ME) are the most popular mark of industrial products. The surface of the label is matt, gloss, ...\" \/>\n<meta name=\"robots\" content=\"index, follow, max-snippet:-1, max-image-preview:large, max-video-preview:-1\" \/>\n<link rel=\"canonical\" href=\"https:\/\/d-identify.be\/fr\/produit\/etiquette-polyester-metallisee-25mm-x-95mm\/\" \/>\n<meta property=\"og:locale\" content=\"fr_FR\" \/>\n<meta property=\"og:type\" content=\"article\" \/>\n<meta property=\"og:title\" content=\"Etiquette Polyester M\u00e9tallis\u00e9e 25mm x 9,5mm\" \/>\n<meta property=\"og:description\" content=\"Adhesive silver labels made of metLes \u00e9tiquettes adh\u00e9sives argent\u00e9es en polyester m\u00e9tallis\u00e9 (PET ME) sont la marque la plus populaire des produits industriels. La surface de l&#039;\u00e9tiquette est mate, brillante, ...allised polyester (PET ME) are the most popular mark of industrial products. The surface of the label is matt, gloss, ...\" \/>\n<meta property=\"og:url\" content=\"https:\/\/d-identify.be\/fr\/produit\/etiquette-polyester-metallisee-25mm-x-95mm\/\" \/>\n<meta property=\"og:site_name\" content=\"d-identify\" \/>\n<meta property=\"og:image\" content=\"https:\/\/d-identify.be\/wp-content\/uploads\/2021\/07\/MPE-25x9.5-SV.png\" \/>\n\t<meta property=\"og:image:width\" content=\"1058\" \/>\n\t<meta property=\"og:image:height\" content=\"1058\" \/>\n\t<meta property=\"og:image:type\" content=\"image\/png\" \/>\n<meta name=\"twitter:card\" content=\"summary_large_image\" \/>\n<meta name=\"twitter:label1\" content=\"Dur\u00e9e de lecture estim\u00e9e\" \/>\n\t<meta name=\"twitter:data1\" content=\"1 minute\" \/>\n<script type=\"application\/ld+json\" class=\"yoast-schema-graph\">{\"@context\":\"https:\/\/schema.org\",\"@graph\":[{\"@type\":\"WebPage\",\"@id\":\"https:\/\/d-identify.be\/fr\/produit\/etiquette-polyester-metallisee-25mm-x-95mm\/\",\"url\":\"https:\/\/d-identify.be\/fr\/produit\/etiquette-polyester-metallisee-25mm-x-95mm\/\",\"name\":\"Etiquette Polyester M\u00e9tallis\u00e9e 25mm x 9,5mm - d-identify\",\"isPartOf\":{\"@id\":\"https:\/\/d-identify.be\/fr\/#website\"},\"primaryImageOfPage\":{\"@id\":\"https:\/\/d-identify.be\/fr\/produit\/etiquette-polyester-metallisee-25mm-x-95mm\/#primaryimage\"},\"image\":{\"@id\":\"https:\/\/d-identify.be\/fr\/produit\/etiquette-polyester-metallisee-25mm-x-95mm\/#primaryimage\"},\"thumbnailUrl\":\"https:\/\/d-identify.be\/wp-content\/uploads\/2021\/07\/MPE-25x9.5-SV.png\",\"datePublished\":\"2021-07-26T10:40:29+00:00\",\"description\":\"Adhesive silver labels made of metLes \u00e9tiquettes adh\u00e9sives argent\u00e9es en polyester m\u00e9tallis\u00e9 (PET ME) sont la marque la plus populaire des produits industriels. La surface de l'\u00e9tiquette est mate, brillante, ...allised polyester (PET ME) are the most popular mark of industrial products. The surface of the label is matt, gloss, ...\",\"breadcrumb\":{\"@id\":\"https:\/\/d-identify.be\/fr\/produit\/etiquette-polyester-metallisee-25mm-x-95mm\/#breadcrumb\"},\"inLanguage\":\"fr-FR\",\"potentialAction\":[{\"@type\":\"ReadAction\",\"target\":[\"https:\/\/d-identify.be\/fr\/produit\/etiquette-polyester-metallisee-25mm-x-95mm\/\"]}]},{\"@type\":\"ImageObject\",\"inLanguage\":\"fr-FR\",\"@id\":\"https:\/\/d-identify.be\/fr\/produit\/etiquette-polyester-metallisee-25mm-x-95mm\/#primaryimage\",\"url\":\"https:\/\/d-identify.be\/wp-content\/uploads\/2021\/07\/MPE-25x9.5-SV.png\",\"contentUrl\":\"https:\/\/d-identify.be\/wp-content\/uploads\/2021\/07\/MPE-25x9.5-SV.png\",\"width\":1058,\"height\":1058,\"caption\":\"Metallised Polyester label 25mm x 9.5mm\"},{\"@type\":\"BreadcrumbList\",\"@id\":\"https:\/\/d-identify.be\/fr\/produit\/etiquette-polyester-metallisee-25mm-x-95mm\/#breadcrumb\",\"itemListElement\":[{\"@type\":\"ListItem\",\"position\":1,\"name\":\"Home\",\"item\":\"https:\/\/d-identify.be\/fr\/home-2\/\"},{\"@type\":\"ListItem\",\"position\":2,\"name\":\"Boutique\",\"item\":\"https:\/\/d-identify.be\/fr\/boutique\/\"},{\"@type\":\"ListItem\",\"position\":3,\"name\":\"Etiquette Polyester M\u00e9tallis\u00e9e 25mm x 9,5mm\"}]},{\"@type\":\"WebSite\",\"@id\":\"https:\/\/d-identify.be\/fr\/#website\",\"url\":\"https:\/\/d-identify.be\/fr\/\",\"name\":\"d-identify\",\"description\":\"Industrial identification - Lockout - Tagout - Floor marking\",\"potentialAction\":[{\"@type\":\"SearchAction\",\"target\":{\"@type\":\"EntryPoint\",\"urlTemplate\":\"https:\/\/d-identify.be\/fr\/?s={search_term_string}\"},\"query-input\":{\"@type\":\"PropertyValueSpecification\",\"valueRequired\":true,\"valueName\":\"search_term_string\"}}],\"inLanguage\":\"fr-FR\"}]}<\/script>\n<!-- \/ Yoast SEO Premium plugin. -->","yoast_head_json":{"title":"Etiquette Polyester M\u00e9tallis\u00e9e 25mm x 9,5mm - d-identify","description":"Adhesive silver labels made of metLes \u00e9tiquettes adh\u00e9sives argent\u00e9es en polyester m\u00e9tallis\u00e9 (PET ME) sont la marque la plus populaire des produits industriels. La surface de l'\u00e9tiquette est mate, brillante, ...allised polyester (PET ME) are the most popular mark of industrial products. The surface of the label is matt, gloss, ...","robots":{"index":"index","follow":"follow","max-snippet":"max-snippet:-1","max-image-preview":"max-image-preview:large","max-video-preview":"max-video-preview:-1"},"canonical":"https:\/\/d-identify.be\/fr\/produit\/etiquette-polyester-metallisee-25mm-x-95mm\/","og_locale":"fr_FR","og_type":"article","og_title":"Etiquette Polyester M\u00e9tallis\u00e9e 25mm x 9,5mm","og_description":"Adhesive silver labels made of metLes \u00e9tiquettes adh\u00e9sives argent\u00e9es en polyester m\u00e9tallis\u00e9 (PET ME) sont la marque la plus populaire des produits industriels. La surface de l'\u00e9tiquette est mate, brillante, ...allised polyester (PET ME) are the most popular mark of industrial products. The surface of the label is matt, gloss, ...","og_url":"https:\/\/d-identify.be\/fr\/produit\/etiquette-polyester-metallisee-25mm-x-95mm\/","og_site_name":"d-identify","og_image":[{"width":1058,"height":1058,"url":"https:\/\/d-identify.be\/wp-content\/uploads\/2021\/07\/MPE-25x9.5-SV.png","type":"image\/png"}],"twitter_card":"summary_large_image","twitter_misc":{"Dur\u00e9e de lecture estim\u00e9e":"1 minute"},"schema":{"@context":"https:\/\/schema.org","@graph":[{"@type":"WebPage","@id":"https:\/\/d-identify.be\/fr\/produit\/etiquette-polyester-metallisee-25mm-x-95mm\/","url":"https:\/\/d-identify.be\/fr\/produit\/etiquette-polyester-metallisee-25mm-x-95mm\/","name":"Etiquette Polyester M\u00e9tallis\u00e9e 25mm x 9,5mm - d-identify","isPartOf":{"@id":"https:\/\/d-identify.be\/fr\/#website"},"primaryImageOfPage":{"@id":"https:\/\/d-identify.be\/fr\/produit\/etiquette-polyester-metallisee-25mm-x-95mm\/#primaryimage"},"image":{"@id":"https:\/\/d-identify.be\/fr\/produit\/etiquette-polyester-metallisee-25mm-x-95mm\/#primaryimage"},"thumbnailUrl":"https:\/\/d-identify.be\/wp-content\/uploads\/2021\/07\/MPE-25x9.5-SV.png","datePublished":"2021-07-26T10:40:29+00:00","description":"Adhesive silver labels made of metLes \u00e9tiquettes adh\u00e9sives argent\u00e9es en polyester m\u00e9tallis\u00e9 (PET ME) sont la marque la plus populaire des produits industriels. La surface de l'\u00e9tiquette est mate, brillante, ...allised polyester (PET ME) are the most popular mark of industrial products. The surface of the label is matt, gloss, ...","breadcrumb":{"@id":"https:\/\/d-identify.be\/fr\/produit\/etiquette-polyester-metallisee-25mm-x-95mm\/#breadcrumb"},"inLanguage":"fr-FR","potentialAction":[{"@type":"ReadAction","target":["https:\/\/d-identify.be\/fr\/produit\/etiquette-polyester-metallisee-25mm-x-95mm\/"]}]},{"@type":"ImageObject","inLanguage":"fr-FR","@id":"https:\/\/d-identify.be\/fr\/produit\/etiquette-polyester-metallisee-25mm-x-95mm\/#primaryimage","url":"https:\/\/d-identify.be\/wp-content\/uploads\/2021\/07\/MPE-25x9.5-SV.png","contentUrl":"https:\/\/d-identify.be\/wp-content\/uploads\/2021\/07\/MPE-25x9.5-SV.png","width":1058,"height":1058,"caption":"Metallised Polyester label 25mm x 9.5mm"},{"@type":"BreadcrumbList","@id":"https:\/\/d-identify.be\/fr\/produit\/etiquette-polyester-metallisee-25mm-x-95mm\/#breadcrumb","itemListElement":[{"@type":"ListItem","position":1,"name":"Home","item":"https:\/\/d-identify.be\/fr\/home-2\/"},{"@type":"ListItem","position":2,"name":"Boutique","item":"https:\/\/d-identify.be\/fr\/boutique\/"},{"@type":"ListItem","position":3,"name":"Etiquette Polyester M\u00e9tallis\u00e9e 25mm x 9,5mm"}]},{"@type":"WebSite","@id":"https:\/\/d-identify.be\/fr\/#website","url":"https:\/\/d-identify.be\/fr\/","name":"d-identify","description":"Industrial identification - Lockout - Tagout - Floor marking","potentialAction":[{"@type":"SearchAction","target":{"@type":"EntryPoint","urlTemplate":"https:\/\/d-identify.be\/fr\/?s={search_term_string}"},"query-input":{"@type":"PropertyValueSpecification","valueRequired":true,"valueName":"search_term_string"}}],"inLanguage":"fr-FR"}]}},"_links":{"self":[{"href":"https:\/\/d-identify.be\/fr\/wp-json\/wp\/v2\/product\/51540","targetHints":{"allow":["GET"]}}],"collection":[{"href":"https:\/\/d-identify.be\/fr\/wp-json\/wp\/v2\/product"}],"about":[{"href":"https:\/\/d-identify.be\/fr\/wp-json\/wp\/v2\/types\/product"}],"replies":[{"embeddable":true,"href":"https:\/\/d-identify.be\/fr\/wp-json\/wp\/v2\/comments?post=51540"}],"wp:featuredmedia":[{"embeddable":true,"href":"https:\/\/d-identify.be\/fr\/wp-json\/wp\/v2\/media\/26967"}],"wp:attachment":[{"href":"https:\/\/d-identify.be\/fr\/wp-json\/wp\/v2\/media?parent=51540"}],"wp:term":[{"taxonomy":"product_brand","embeddable":true,"href":"https:\/\/d-identify.be\/fr\/wp-json\/wp\/v2\/product_brand?post=51540"},{"taxonomy":"product_cat","embeddable":true,"href":"https:\/\/d-identify.be\/fr\/wp-json\/wp\/v2\/product_cat?post=51540"},{"taxonomy":"product_tag","embeddable":true,"href":"https:\/\/d-identify.be\/fr\/wp-json\/wp\/v2\/product_tag?post=51540"},{"taxonomy":"pa_connextion-shapes","embeddable":true,"href":"https:\/\/d-identify.be\/fr\/wp-json\/wp\/v2\/pa_connextion-shapes?post=51540"}],"curies":[{"name":"wp","href":"https:\/\/api.w.org\/{rel}","templated":true}]}}