{"id":51345,"date":"2021-07-26T12:39:10","date_gmt":"2021-07-26T10:39:10","guid":{"rendered":"https:\/\/d-identify.be\/product\/etiquette-bouton-poussoir-a-graver-30mm-x-40mm\/"},"modified":"2021-07-26T12:39:10","modified_gmt":"2021-07-26T10:39:10","slug":"etiquette-bouton-poussoir-a-graver-30mm-x-40mm","status":"publish","type":"product","link":"https:\/\/d-identify.be\/fr\/produit\/etiquette-bouton-poussoir-a-graver-30mm-x-40mm\/","title":{"rendered":"Etiquette bouton poussoir \u00e0 graver 30mm x 40mm"},"content":{"rendered":"<p>Ces \u00e9tiquettes sont con\u00e7ues pour l&rsquo;identification des panneaux de brassage, des boutons-poussoirs externes, des commutateurs et des points de connexion internes. Les \u00e9tiquettes peuvent remplacer le Traffolyte ou les \u00e9tiquettes grav\u00e9es \u00e0 2 \u00e9paisseurs, elles peuvent \u00eatre imprim\u00e9es en quelques secondes tandis que le processus de gravure peut prendre jusqu&rsquo;\u00e0 quelques minutes pour quelques plaques seulement. <\/p>\n<p>&nbsp;<\/p>\n","protected":false},"excerpt":{"rendered":"<p>Ces \u00e9tiquettes sont con\u00e7ues pour l&rsquo;identification des panneaux de brassage, des boutons-poussoirs externes, des commutateurs et des points de connexion internes. Les \u00e9tiquettes peuvent remplacer le Traffolyte ou les \u00e9tiquettes grav\u00e9es \u00e0 2 \u00e9paisseurs, elles peuvent \u00eatre imprim\u00e9es en quelques secondes tandis que le processus de gravure peut prendre jusqu&rsquo;\u00e0 quelques minutes pour quelques plaques seulement. <\/p>\n<p>&nbsp;<\/p>\n","protected":false},"featured_media":27388,"comment_status":"open","ping_status":"closed","template":"","meta":{"_acf_changed":false,"_et_pb_use_builder":"","_et_pb_old_content":"","_et_gb_content_width":""},"product_brand":[],"product_cat":[661,673],"product_tag":[963],"pa_connextion-shapes":[],"class_list":{"0":"post-51345","1":"product","2":"type-product","3":"status-publish","4":"has-post-thumbnail","6":"product_cat-marquage-de-cables","7":"product_cat-etiquettes-resopal-plaques-gravees-de-remplacement","8":"product_tag-d-identify-fr","10":"first","11":"instock","12":"taxable","13":"shipping-taxable","14":"purchasable","15":"product-type-simple"},"exclude_global_add_ons":[],"addons":[],"acf":[],"yoast_head":"<!-- This site is optimized with the Yoast SEO Premium plugin v27.0 (Yoast SEO v27.1) - https:\/\/yoast.com\/product\/yoast-seo-premium-wordpress\/ -->\n<title>Etiquette bouton poussoir \u00e0 graver 30mm x 40mm | D-identify<\/title>\n<meta name=\"description\" content=\"Ces \u00e9tiquettes de boutons-poussoirs \u00e0 plaque de gravure sont sp\u00e9cialement con\u00e7ues pour \u00e9tiqueter les boutons-poussoirs des panneaux de commande ou des panneaux de brassage. Ils viennent dans le pratique...\" \/>\n<meta name=\"robots\" content=\"index, follow, max-snippet:-1, max-image-preview:large, max-video-preview:-1\" \/>\n<link rel=\"canonical\" href=\"https:\/\/d-identify.be\/fr\/produit\/etiquette-bouton-poussoir-a-graver-30mm-x-40mm\/\" \/>\n<meta property=\"og:locale\" content=\"fr_FR\" \/>\n<meta property=\"og:type\" content=\"article\" \/>\n<meta property=\"og:title\" content=\"Etiquette bouton poussoir \u00e0 graver 30mm x 40mm\" \/>\n<meta property=\"og:description\" content=\"Ces \u00e9tiquettes de boutons-poussoirs \u00e0 plaque de gravure sont sp\u00e9cialement con\u00e7ues pour \u00e9tiqueter les boutons-poussoirs des panneaux de commande ou des panneaux de brassage. Ils viennent dans le pratique...\" \/>\n<meta property=\"og:url\" content=\"https:\/\/d-identify.be\/fr\/produit\/etiquette-bouton-poussoir-a-graver-30mm-x-40mm\/\" \/>\n<meta property=\"og:site_name\" content=\"d-identify\" \/>\n<meta property=\"og:image\" content=\"https:\/\/d-identify.be\/wp-content\/uploads\/2021\/07\/EPLBT-30x40-GN.png\" \/>\n\t<meta property=\"og:image:width\" content=\"1058\" \/>\n\t<meta property=\"og:image:height\" content=\"1058\" \/>\n\t<meta property=\"og:image:type\" content=\"image\/png\" \/>\n<meta name=\"twitter:card\" content=\"summary_large_image\" \/>\n<script type=\"application\/ld+json\" class=\"yoast-schema-graph\">{\"@context\":\"https:\/\/schema.org\",\"@graph\":[{\"@type\":\"WebPage\",\"@id\":\"https:\/\/d-identify.be\/fr\/produit\/etiquette-bouton-poussoir-a-graver-30mm-x-40mm\/\",\"url\":\"https:\/\/d-identify.be\/fr\/produit\/etiquette-bouton-poussoir-a-graver-30mm-x-40mm\/\",\"name\":\"Etiquette bouton poussoir \u00e0 graver 30mm x 40mm | D-identify\",\"isPartOf\":{\"@id\":\"https:\/\/d-identify.be\/fr\/#website\"},\"primaryImageOfPage\":{\"@id\":\"https:\/\/d-identify.be\/fr\/produit\/etiquette-bouton-poussoir-a-graver-30mm-x-40mm\/#primaryimage\"},\"image\":{\"@id\":\"https:\/\/d-identify.be\/fr\/produit\/etiquette-bouton-poussoir-a-graver-30mm-x-40mm\/#primaryimage\"},\"thumbnailUrl\":\"https:\/\/d-identify.be\/wp-content\/uploads\/2021\/07\/EPLBT-30x40-SR.png\",\"datePublished\":\"2021-07-26T10:39:10+00:00\",\"description\":\"Ces \u00e9tiquettes de boutons-poussoirs \u00e0 plaque de gravure sont sp\u00e9cialement con\u00e7ues pour \u00e9tiqueter les boutons-poussoirs des panneaux de commande ou des panneaux de brassage. Ils viennent dans le pratique...\",\"breadcrumb\":{\"@id\":\"https:\/\/d-identify.be\/fr\/produit\/etiquette-bouton-poussoir-a-graver-30mm-x-40mm\/#breadcrumb\"},\"inLanguage\":\"fr-FR\",\"potentialAction\":[{\"@type\":\"ReadAction\",\"target\":[\"https:\/\/d-identify.be\/fr\/produit\/etiquette-bouton-poussoir-a-graver-30mm-x-40mm\/\"]}]},{\"@type\":\"ImageObject\",\"inLanguage\":\"fr-FR\",\"@id\":\"https:\/\/d-identify.be\/fr\/produit\/etiquette-bouton-poussoir-a-graver-30mm-x-40mm\/#primaryimage\",\"url\":\"https:\/\/d-identify.be\/wp-content\/uploads\/2021\/07\/EPLBT-30x40-SR.png\",\"contentUrl\":\"https:\/\/d-identify.be\/wp-content\/uploads\/2021\/07\/EPLBT-30x40-SR.png\",\"width\":1058,\"height\":1058,\"caption\":\"Engraving plate button label 30mm x 40mm\"},{\"@type\":\"BreadcrumbList\",\"@id\":\"https:\/\/d-identify.be\/fr\/produit\/etiquette-bouton-poussoir-a-graver-30mm-x-40mm\/#breadcrumb\",\"itemListElement\":[{\"@type\":\"ListItem\",\"position\":1,\"name\":\"Home\",\"item\":\"https:\/\/d-identify.be\/fr\/home-2\/\"},{\"@type\":\"ListItem\",\"position\":2,\"name\":\"Boutique\",\"item\":\"https:\/\/d-identify.be\/fr\/boutique\/\"},{\"@type\":\"ListItem\",\"position\":3,\"name\":\"Etiquette bouton poussoir \u00e0 graver 30mm x 40mm\"}]},{\"@type\":\"WebSite\",\"@id\":\"https:\/\/d-identify.be\/fr\/#website\",\"url\":\"https:\/\/d-identify.be\/fr\/\",\"name\":\"d-identify\",\"description\":\"Industrial identification - Lockout - Tagout - Floor marking\",\"potentialAction\":[{\"@type\":\"SearchAction\",\"target\":{\"@type\":\"EntryPoint\",\"urlTemplate\":\"https:\/\/d-identify.be\/fr\/?s={search_term_string}\"},\"query-input\":{\"@type\":\"PropertyValueSpecification\",\"valueRequired\":true,\"valueName\":\"search_term_string\"}}],\"inLanguage\":\"fr-FR\"}]}<\/script>\n<!-- \/ Yoast SEO Premium plugin. -->","yoast_head_json":{"title":"Etiquette bouton poussoir \u00e0 graver 30mm x 40mm | D-identify","description":"Ces \u00e9tiquettes de boutons-poussoirs \u00e0 plaque de gravure sont sp\u00e9cialement con\u00e7ues pour \u00e9tiqueter les boutons-poussoirs des panneaux de commande ou des panneaux de brassage. Ils viennent dans le pratique...","robots":{"index":"index","follow":"follow","max-snippet":"max-snippet:-1","max-image-preview":"max-image-preview:large","max-video-preview":"max-video-preview:-1"},"canonical":"https:\/\/d-identify.be\/fr\/produit\/etiquette-bouton-poussoir-a-graver-30mm-x-40mm\/","og_locale":"fr_FR","og_type":"article","og_title":"Etiquette bouton poussoir \u00e0 graver 30mm x 40mm","og_description":"Ces \u00e9tiquettes de boutons-poussoirs \u00e0 plaque de gravure sont sp\u00e9cialement con\u00e7ues pour \u00e9tiqueter les boutons-poussoirs des panneaux de commande ou des panneaux de brassage. Ils viennent dans le pratique...","og_url":"https:\/\/d-identify.be\/fr\/produit\/etiquette-bouton-poussoir-a-graver-30mm-x-40mm\/","og_site_name":"d-identify","og_image":[{"width":1058,"height":1058,"url":"https:\/\/d-identify.be\/wp-content\/uploads\/2021\/07\/EPLBT-30x40-GN.png","type":"image\/png"}],"twitter_card":"summary_large_image","schema":{"@context":"https:\/\/schema.org","@graph":[{"@type":"WebPage","@id":"https:\/\/d-identify.be\/fr\/produit\/etiquette-bouton-poussoir-a-graver-30mm-x-40mm\/","url":"https:\/\/d-identify.be\/fr\/produit\/etiquette-bouton-poussoir-a-graver-30mm-x-40mm\/","name":"Etiquette bouton poussoir \u00e0 graver 30mm x 40mm | D-identify","isPartOf":{"@id":"https:\/\/d-identify.be\/fr\/#website"},"primaryImageOfPage":{"@id":"https:\/\/d-identify.be\/fr\/produit\/etiquette-bouton-poussoir-a-graver-30mm-x-40mm\/#primaryimage"},"image":{"@id":"https:\/\/d-identify.be\/fr\/produit\/etiquette-bouton-poussoir-a-graver-30mm-x-40mm\/#primaryimage"},"thumbnailUrl":"https:\/\/d-identify.be\/wp-content\/uploads\/2021\/07\/EPLBT-30x40-SR.png","datePublished":"2021-07-26T10:39:10+00:00","description":"Ces \u00e9tiquettes de boutons-poussoirs \u00e0 plaque de gravure sont sp\u00e9cialement con\u00e7ues pour \u00e9tiqueter les boutons-poussoirs des panneaux de commande ou des panneaux de brassage. Ils viennent dans le pratique...","breadcrumb":{"@id":"https:\/\/d-identify.be\/fr\/produit\/etiquette-bouton-poussoir-a-graver-30mm-x-40mm\/#breadcrumb"},"inLanguage":"fr-FR","potentialAction":[{"@type":"ReadAction","target":["https:\/\/d-identify.be\/fr\/produit\/etiquette-bouton-poussoir-a-graver-30mm-x-40mm\/"]}]},{"@type":"ImageObject","inLanguage":"fr-FR","@id":"https:\/\/d-identify.be\/fr\/produit\/etiquette-bouton-poussoir-a-graver-30mm-x-40mm\/#primaryimage","url":"https:\/\/d-identify.be\/wp-content\/uploads\/2021\/07\/EPLBT-30x40-SR.png","contentUrl":"https:\/\/d-identify.be\/wp-content\/uploads\/2021\/07\/EPLBT-30x40-SR.png","width":1058,"height":1058,"caption":"Engraving plate button label 30mm x 40mm"},{"@type":"BreadcrumbList","@id":"https:\/\/d-identify.be\/fr\/produit\/etiquette-bouton-poussoir-a-graver-30mm-x-40mm\/#breadcrumb","itemListElement":[{"@type":"ListItem","position":1,"name":"Home","item":"https:\/\/d-identify.be\/fr\/home-2\/"},{"@type":"ListItem","position":2,"name":"Boutique","item":"https:\/\/d-identify.be\/fr\/boutique\/"},{"@type":"ListItem","position":3,"name":"Etiquette bouton poussoir \u00e0 graver 30mm x 40mm"}]},{"@type":"WebSite","@id":"https:\/\/d-identify.be\/fr\/#website","url":"https:\/\/d-identify.be\/fr\/","name":"d-identify","description":"Industrial identification - Lockout - Tagout - Floor marking","potentialAction":[{"@type":"SearchAction","target":{"@type":"EntryPoint","urlTemplate":"https:\/\/d-identify.be\/fr\/?s={search_term_string}"},"query-input":{"@type":"PropertyValueSpecification","valueRequired":true,"valueName":"search_term_string"}}],"inLanguage":"fr-FR"}]}},"_links":{"self":[{"href":"https:\/\/d-identify.be\/fr\/wp-json\/wp\/v2\/product\/51345","targetHints":{"allow":["GET"]}}],"collection":[{"href":"https:\/\/d-identify.be\/fr\/wp-json\/wp\/v2\/product"}],"about":[{"href":"https:\/\/d-identify.be\/fr\/wp-json\/wp\/v2\/types\/product"}],"replies":[{"embeddable":true,"href":"https:\/\/d-identify.be\/fr\/wp-json\/wp\/v2\/comments?post=51345"}],"wp:featuredmedia":[{"embeddable":true,"href":"https:\/\/d-identify.be\/fr\/wp-json\/wp\/v2\/media\/27388"}],"wp:attachment":[{"href":"https:\/\/d-identify.be\/fr\/wp-json\/wp\/v2\/media?parent=51345"}],"wp:term":[{"taxonomy":"product_brand","embeddable":true,"href":"https:\/\/d-identify.be\/fr\/wp-json\/wp\/v2\/product_brand?post=51345"},{"taxonomy":"product_cat","embeddable":true,"href":"https:\/\/d-identify.be\/fr\/wp-json\/wp\/v2\/product_cat?post=51345"},{"taxonomy":"product_tag","embeddable":true,"href":"https:\/\/d-identify.be\/fr\/wp-json\/wp\/v2\/product_tag?post=51345"},{"taxonomy":"pa_connextion-shapes","embeddable":true,"href":"https:\/\/d-identify.be\/fr\/wp-json\/wp\/v2\/pa_connextion-shapes?post=51345"}],"curies":[{"name":"wp","href":"https:\/\/api.w.org\/{rel}","templated":true}]}}