{"id":51328,"date":"2021-07-26T12:39:12","date_gmt":"2021-07-26T10:39:12","guid":{"rendered":"https:\/\/d-identify.be\/product\/etiquette-plaque-a-graver-22mm-x-22mm\/"},"modified":"2021-07-26T12:39:12","modified_gmt":"2021-07-26T10:39:12","slug":"etiquette-plaque-a-graver-22mm-x-22mm","status":"publish","type":"product","link":"https:\/\/d-identify.be\/fr\/produit\/etiquette-plaque-a-graver-22mm-x-22mm\/","title":{"rendered":"Etiquette plaque \u00e0 graver 22mm x 22mm"},"content":{"rendered":"","protected":false},"excerpt":{"rendered":"<p>Ces \u00e9tiquettes de boutons-poussoirs \u00e0 plaque de gravure sont sp\u00e9cialement con\u00e7ues pour \u00e9tiqueter les boutons-poussoirs des panneaux de commande ou des panneaux de brassage. Ils sont disponibles dans les couleurs pratiques Argent, Rouge, Vert, Jaune et Blanc. Elles peuvent remplacer les \u00e9tiquettes trafolyte grav\u00e9es traditionnelles.  <\/p>\n","protected":false},"featured_media":27364,"comment_status":"open","ping_status":"closed","template":"","meta":{"_acf_changed":false,"_et_pb_use_builder":"","_et_pb_old_content":"","_et_gb_content_width":""},"product_brand":[],"product_cat":[661,673],"product_tag":[963],"pa_connextion-shapes":[],"class_list":{"0":"post-51328","1":"product","2":"type-product","3":"status-publish","4":"has-post-thumbnail","6":"product_cat-marquage-de-cables","7":"product_cat-etiquettes-resopal-plaques-gravees-de-remplacement","8":"product_tag-d-identify-fr","10":"first","11":"instock","12":"taxable","13":"shipping-taxable","14":"purchasable","15":"product-type-variable","16":"has-default-attributes"},"exclude_global_add_ons":[],"addons":[],"acf":[],"yoast_head":"<!-- This site is optimized with the Yoast SEO Premium plugin v27.0 (Yoast SEO v27.1) - https:\/\/yoast.com\/product\/yoast-seo-premium-wordpress\/ -->\n<title>Etiquette plaque \u00e0 graver 22mm x 22mm - d-identify<\/title>\n<meta name=\"description\" content=\"Ces \u00e9tiquettes sont con\u00e7ues pour l&#039;identification des panneaux de brassage, des boutons-poussoirs externes, des commutateurs et des points de connexion internes.\" \/>\n<meta name=\"robots\" content=\"index, follow, max-snippet:-1, max-image-preview:large, max-video-preview:-1\" \/>\n<link rel=\"canonical\" href=\"https:\/\/d-identify.be\/fr\/produit\/etiquette-plaque-a-graver-22mm-x-22mm\/\" \/>\n<meta property=\"og:locale\" content=\"fr_FR\" \/>\n<meta property=\"og:type\" content=\"article\" \/>\n<meta property=\"og:title\" content=\"Etiquette plaque \u00e0 graver 22mm x 22mm\" \/>\n<meta property=\"og:description\" content=\"Ces \u00e9tiquettes sont con\u00e7ues pour l&#039;identification des panneaux de brassage, des boutons-poussoirs externes, des commutateurs et des points de connexion internes.\" \/>\n<meta property=\"og:url\" content=\"https:\/\/d-identify.be\/fr\/produit\/etiquette-plaque-a-graver-22mm-x-22mm\/\" \/>\n<meta property=\"og:site_name\" content=\"d-identify\" \/>\n<meta property=\"og:image\" content=\"https:\/\/d-identify.be\/wp-content\/uploads\/2021\/07\/EPL-22x22-SR.png\" \/>\n\t<meta property=\"og:image:width\" content=\"1058\" \/>\n\t<meta property=\"og:image:height\" content=\"1058\" \/>\n\t<meta property=\"og:image:type\" content=\"image\/png\" \/>\n<meta name=\"twitter:card\" content=\"summary_large_image\" \/>\n<script type=\"application\/ld+json\" class=\"yoast-schema-graph\">{\"@context\":\"https:\/\/schema.org\",\"@graph\":[{\"@type\":\"WebPage\",\"@id\":\"https:\/\/d-identify.be\/fr\/produit\/etiquette-plaque-a-graver-22mm-x-22mm\/\",\"url\":\"https:\/\/d-identify.be\/fr\/produit\/etiquette-plaque-a-graver-22mm-x-22mm\/\",\"name\":\"Etiquette plaque \u00e0 graver 22mm x 22mm - d-identify\",\"isPartOf\":{\"@id\":\"https:\/\/d-identify.be\/fr\/#website\"},\"primaryImageOfPage\":{\"@id\":\"https:\/\/d-identify.be\/fr\/produit\/etiquette-plaque-a-graver-22mm-x-22mm\/#primaryimage\"},\"image\":{\"@id\":\"https:\/\/d-identify.be\/fr\/produit\/etiquette-plaque-a-graver-22mm-x-22mm\/#primaryimage\"},\"thumbnailUrl\":\"https:\/\/d-identify.be\/wp-content\/uploads\/2021\/07\/EPL-22x22-SR.png\",\"datePublished\":\"2021-07-26T10:39:12+00:00\",\"description\":\"Ces \u00e9tiquettes sont con\u00e7ues pour l'identification des panneaux de brassage, des boutons-poussoirs externes, des commutateurs et des points de connexion internes.\",\"breadcrumb\":{\"@id\":\"https:\/\/d-identify.be\/fr\/produit\/etiquette-plaque-a-graver-22mm-x-22mm\/#breadcrumb\"},\"inLanguage\":\"fr-FR\",\"potentialAction\":[{\"@type\":\"ReadAction\",\"target\":[\"https:\/\/d-identify.be\/fr\/produit\/etiquette-plaque-a-graver-22mm-x-22mm\/\"]}]},{\"@type\":\"ImageObject\",\"inLanguage\":\"fr-FR\",\"@id\":\"https:\/\/d-identify.be\/fr\/produit\/etiquette-plaque-a-graver-22mm-x-22mm\/#primaryimage\",\"url\":\"https:\/\/d-identify.be\/wp-content\/uploads\/2021\/07\/EPL-22x22-SR.png\",\"contentUrl\":\"https:\/\/d-identify.be\/wp-content\/uploads\/2021\/07\/EPL-22x22-SR.png\",\"width\":1058,\"height\":1058,\"caption\":\"Engraving plate label 22mm x 22mm\"},{\"@type\":\"BreadcrumbList\",\"@id\":\"https:\/\/d-identify.be\/fr\/produit\/etiquette-plaque-a-graver-22mm-x-22mm\/#breadcrumb\",\"itemListElement\":[{\"@type\":\"ListItem\",\"position\":1,\"name\":\"Home\",\"item\":\"https:\/\/d-identify.be\/fr\/home-2\/\"},{\"@type\":\"ListItem\",\"position\":2,\"name\":\"Boutique\",\"item\":\"https:\/\/d-identify.be\/fr\/boutique\/\"},{\"@type\":\"ListItem\",\"position\":3,\"name\":\"Etiquette plaque \u00e0 graver 22mm x 22mm\"}]},{\"@type\":\"WebSite\",\"@id\":\"https:\/\/d-identify.be\/fr\/#website\",\"url\":\"https:\/\/d-identify.be\/fr\/\",\"name\":\"d-identify\",\"description\":\"Industrial identification - Lockout - Tagout - Floor marking\",\"potentialAction\":[{\"@type\":\"SearchAction\",\"target\":{\"@type\":\"EntryPoint\",\"urlTemplate\":\"https:\/\/d-identify.be\/fr\/?s={search_term_string}\"},\"query-input\":{\"@type\":\"PropertyValueSpecification\",\"valueRequired\":true,\"valueName\":\"search_term_string\"}}],\"inLanguage\":\"fr-FR\"}]}<\/script>\n<!-- \/ Yoast SEO Premium plugin. -->","yoast_head_json":{"title":"Etiquette plaque \u00e0 graver 22mm x 22mm - d-identify","description":"Ces \u00e9tiquettes sont con\u00e7ues pour l'identification des panneaux de brassage, des boutons-poussoirs externes, des commutateurs et des points de connexion internes.","robots":{"index":"index","follow":"follow","max-snippet":"max-snippet:-1","max-image-preview":"max-image-preview:large","max-video-preview":"max-video-preview:-1"},"canonical":"https:\/\/d-identify.be\/fr\/produit\/etiquette-plaque-a-graver-22mm-x-22mm\/","og_locale":"fr_FR","og_type":"article","og_title":"Etiquette plaque \u00e0 graver 22mm x 22mm","og_description":"Ces \u00e9tiquettes sont con\u00e7ues pour l'identification des panneaux de brassage, des boutons-poussoirs externes, des commutateurs et des points de connexion internes.","og_url":"https:\/\/d-identify.be\/fr\/produit\/etiquette-plaque-a-graver-22mm-x-22mm\/","og_site_name":"d-identify","og_image":[{"width":1058,"height":1058,"url":"https:\/\/d-identify.be\/wp-content\/uploads\/2021\/07\/EPL-22x22-SR.png","type":"image\/png"}],"twitter_card":"summary_large_image","schema":{"@context":"https:\/\/schema.org","@graph":[{"@type":"WebPage","@id":"https:\/\/d-identify.be\/fr\/produit\/etiquette-plaque-a-graver-22mm-x-22mm\/","url":"https:\/\/d-identify.be\/fr\/produit\/etiquette-plaque-a-graver-22mm-x-22mm\/","name":"Etiquette plaque \u00e0 graver 22mm x 22mm - d-identify","isPartOf":{"@id":"https:\/\/d-identify.be\/fr\/#website"},"primaryImageOfPage":{"@id":"https:\/\/d-identify.be\/fr\/produit\/etiquette-plaque-a-graver-22mm-x-22mm\/#primaryimage"},"image":{"@id":"https:\/\/d-identify.be\/fr\/produit\/etiquette-plaque-a-graver-22mm-x-22mm\/#primaryimage"},"thumbnailUrl":"https:\/\/d-identify.be\/wp-content\/uploads\/2021\/07\/EPL-22x22-SR.png","datePublished":"2021-07-26T10:39:12+00:00","description":"Ces \u00e9tiquettes sont con\u00e7ues pour l'identification des panneaux de brassage, des boutons-poussoirs externes, des commutateurs et des points de connexion internes.","breadcrumb":{"@id":"https:\/\/d-identify.be\/fr\/produit\/etiquette-plaque-a-graver-22mm-x-22mm\/#breadcrumb"},"inLanguage":"fr-FR","potentialAction":[{"@type":"ReadAction","target":["https:\/\/d-identify.be\/fr\/produit\/etiquette-plaque-a-graver-22mm-x-22mm\/"]}]},{"@type":"ImageObject","inLanguage":"fr-FR","@id":"https:\/\/d-identify.be\/fr\/produit\/etiquette-plaque-a-graver-22mm-x-22mm\/#primaryimage","url":"https:\/\/d-identify.be\/wp-content\/uploads\/2021\/07\/EPL-22x22-SR.png","contentUrl":"https:\/\/d-identify.be\/wp-content\/uploads\/2021\/07\/EPL-22x22-SR.png","width":1058,"height":1058,"caption":"Engraving plate label 22mm x 22mm"},{"@type":"BreadcrumbList","@id":"https:\/\/d-identify.be\/fr\/produit\/etiquette-plaque-a-graver-22mm-x-22mm\/#breadcrumb","itemListElement":[{"@type":"ListItem","position":1,"name":"Home","item":"https:\/\/d-identify.be\/fr\/home-2\/"},{"@type":"ListItem","position":2,"name":"Boutique","item":"https:\/\/d-identify.be\/fr\/boutique\/"},{"@type":"ListItem","position":3,"name":"Etiquette plaque \u00e0 graver 22mm x 22mm"}]},{"@type":"WebSite","@id":"https:\/\/d-identify.be\/fr\/#website","url":"https:\/\/d-identify.be\/fr\/","name":"d-identify","description":"Industrial identification - Lockout - Tagout - Floor marking","potentialAction":[{"@type":"SearchAction","target":{"@type":"EntryPoint","urlTemplate":"https:\/\/d-identify.be\/fr\/?s={search_term_string}"},"query-input":{"@type":"PropertyValueSpecification","valueRequired":true,"valueName":"search_term_string"}}],"inLanguage":"fr-FR"}]}},"_links":{"self":[{"href":"https:\/\/d-identify.be\/fr\/wp-json\/wp\/v2\/product\/51328","targetHints":{"allow":["GET"]}}],"collection":[{"href":"https:\/\/d-identify.be\/fr\/wp-json\/wp\/v2\/product"}],"about":[{"href":"https:\/\/d-identify.be\/fr\/wp-json\/wp\/v2\/types\/product"}],"replies":[{"embeddable":true,"href":"https:\/\/d-identify.be\/fr\/wp-json\/wp\/v2\/comments?post=51328"}],"wp:featuredmedia":[{"embeddable":true,"href":"https:\/\/d-identify.be\/fr\/wp-json\/wp\/v2\/media\/27364"}],"wp:attachment":[{"href":"https:\/\/d-identify.be\/fr\/wp-json\/wp\/v2\/media?parent=51328"}],"wp:term":[{"taxonomy":"product_brand","embeddable":true,"href":"https:\/\/d-identify.be\/fr\/wp-json\/wp\/v2\/product_brand?post=51328"},{"taxonomy":"product_cat","embeddable":true,"href":"https:\/\/d-identify.be\/fr\/wp-json\/wp\/v2\/product_cat?post=51328"},{"taxonomy":"product_tag","embeddable":true,"href":"https:\/\/d-identify.be\/fr\/wp-json\/wp\/v2\/product_tag?post=51328"},{"taxonomy":"pa_connextion-shapes","embeddable":true,"href":"https:\/\/d-identify.be\/fr\/wp-json\/wp\/v2\/pa_connextion-shapes?post=51328"}],"curies":[{"name":"wp","href":"https:\/\/api.w.org\/{rel}","templated":true}]}}