{"id":51163,"date":"2021-07-26T12:38:50","date_gmt":"2021-07-26T10:38:50","guid":{"rendered":"https:\/\/d-identify.be\/product\/cryo-laser-a4-size\/"},"modified":"2021-07-26T12:38:50","modified_gmt":"2021-07-26T10:38:50","slug":"cryo-laser-a4-size","status":"publish","type":"product","link":"https:\/\/d-identify.be\/fr\/produit\/cryo-laser-a4-size\/","title":{"rendered":"Cryo Laser A4 size"},"content":{"rendered":"<p>Les \u00e9tiquettes cryog\u00e9niques sont fournies au format feuille A4 pour \u00eatre imprim\u00e9es avec des imprimantes laser de bureau. Il est recouvert d&rsquo;un adh\u00e9sif cryog\u00e9nique unique. Les \u00e9tiquettes thermoplastiques \u00e9tanches sont sp\u00e9cialement con\u00e7ues pour adh\u00e9rer de mani\u00e8re permanente aux flacons, tubes et bo\u00eetes de cong\u00e9lation. Ainsi que des bo\u00eetes cryog\u00e9niques en polycarbonate et d&rsquo;autres conteneurs qui seront soumis \u00e0 un stockage surgel\u00e9 \u00e0 long terme ou \u00e0 un exp\u00e9dition sur glace carbonique.    Les tags cryog\u00e9niques sont r\u00e9sistants \u00e0 l\u2019usure ; ne bloquez pas les imprimantes ; r\u00e9sistant aux irradiations UV et Gamma.<\/p>\n<p>&nbsp;<\/p>\n","protected":false},"excerpt":{"rendered":"<p>Les \u00e9tiquettes cryog\u00e9niques sont fournies au format feuille A4 pour \u00eatre imprim\u00e9es avec des imprimantes laser de bureau. Il est recouvert d&rsquo;un adh\u00e9sif cryog\u00e9nique unique. Les \u00e9tiquettes thermoplastiques \u00e9tanches sont sp\u00e9cialement con\u00e7ues pour adh\u00e9rer de mani\u00e8re permanente aux flacons, tubes et bo\u00eetes de cong\u00e9lation. Ainsi que des bo\u00eetes cryog\u00e9niques en polycarbonate et d&rsquo;autres conteneurs qui seront soumis \u00e0 un stockage surgel\u00e9 \u00e0 long terme ou \u00e0 un exp\u00e9dition sur glace carbonique.   <\/p>\n","protected":false},"featured_media":27460,"comment_status":"open","ping_status":"closed","template":"","meta":{"_acf_changed":false,"_et_pb_use_builder":"","_et_pb_old_content":"","_et_gb_content_width":""},"product_brand":[],"product_cat":[683,701],"product_tag":[],"pa_connextion-shapes":[],"class_list":{"0":"post-51163","1":"product","2":"type-product","3":"status-publish","4":"has-post-thumbnail","6":"product_cat-etiquettes-de-laboratoire","7":"product_cat-etiquettes-sur-feuilles-a4-pour-laser","9":"first","10":"instock","11":"taxable","12":"shipping-taxable","13":"purchasable","14":"product-type-variable","15":"has-default-attributes"},"exclude_global_add_ons":[],"addons":[],"acf":[],"yoast_head":"<!-- This site is optimized with the Yoast SEO Premium plugin v27.0 (Yoast SEO v27.1) - https:\/\/yoast.com\/product\/yoast-seo-premium-wordpress\/ -->\n<title>Cryo Laser A4 size - d-identify<\/title>\n<meta name=\"description\" content=\"Les \u00e9tiquettes cryog\u00e9niques sont fournies au format feuille A4 pour \u00eatre imprim\u00e9es avec des imprimantes laser de bureau. Il est recouvert d&#039;un adh\u00e9sif cryog\u00e9nique unique.\" \/>\n<meta name=\"robots\" content=\"index, follow, max-snippet:-1, max-image-preview:large, max-video-preview:-1\" \/>\n<link rel=\"canonical\" href=\"https:\/\/d-identify.be\/fr\/produit\/cryo-laser-a4-size\/\" \/>\n<meta property=\"og:locale\" content=\"fr_FR\" \/>\n<meta property=\"og:type\" content=\"article\" \/>\n<meta property=\"og:title\" content=\"Cryo Laser A4 size\" \/>\n<meta property=\"og:description\" content=\"Les \u00e9tiquettes cryog\u00e9niques sont fournies au format feuille A4 pour \u00eatre imprim\u00e9es avec des imprimantes laser de bureau. Il est recouvert d&#039;un adh\u00e9sif cryog\u00e9nique unique.\" \/>\n<meta property=\"og:url\" content=\"https:\/\/d-identify.be\/fr\/produit\/cryo-laser-a4-size\/\" \/>\n<meta property=\"og:site_name\" content=\"d-identify\" \/>\n<meta property=\"og:image\" content=\"https:\/\/d-identify.be\/wp-content\/uploads\/2021\/07\/Templ_7.png\" \/>\n\t<meta property=\"og:image:width\" content=\"360\" \/>\n\t<meta property=\"og:image:height\" content=\"504\" \/>\n\t<meta property=\"og:image:type\" content=\"image\/png\" \/>\n<meta name=\"twitter:card\" content=\"summary_large_image\" \/>\n<meta name=\"twitter:label1\" content=\"Dur\u00e9e de lecture estim\u00e9e\" \/>\n\t<meta name=\"twitter:data1\" content=\"1 minute\" \/>\n<script type=\"application\/ld+json\" class=\"yoast-schema-graph\">{\"@context\":\"https:\/\/schema.org\",\"@graph\":[{\"@type\":\"WebPage\",\"@id\":\"https:\/\/d-identify.be\/fr\/produit\/cryo-laser-a4-size\/\",\"url\":\"https:\/\/d-identify.be\/fr\/produit\/cryo-laser-a4-size\/\",\"name\":\"Cryo Laser A4 size - d-identify\",\"isPartOf\":{\"@id\":\"https:\/\/d-identify.be\/fr\/#website\"},\"primaryImageOfPage\":{\"@id\":\"https:\/\/d-identify.be\/fr\/produit\/cryo-laser-a4-size\/#primaryimage\"},\"image\":{\"@id\":\"https:\/\/d-identify.be\/fr\/produit\/cryo-laser-a4-size\/#primaryimage\"},\"thumbnailUrl\":\"https:\/\/d-identify.be\/wp-content\/uploads\/2021\/07\/Templ_7.png\",\"datePublished\":\"2021-07-26T10:38:50+00:00\",\"description\":\"Les \u00e9tiquettes cryog\u00e9niques sont fournies au format feuille A4 pour \u00eatre imprim\u00e9es avec des imprimantes laser de bureau. Il est recouvert d'un adh\u00e9sif cryog\u00e9nique unique.\",\"breadcrumb\":{\"@id\":\"https:\/\/d-identify.be\/fr\/produit\/cryo-laser-a4-size\/#breadcrumb\"},\"inLanguage\":\"fr-FR\",\"potentialAction\":[{\"@type\":\"ReadAction\",\"target\":[\"https:\/\/d-identify.be\/fr\/produit\/cryo-laser-a4-size\/\"]}]},{\"@type\":\"ImageObject\",\"inLanguage\":\"fr-FR\",\"@id\":\"https:\/\/d-identify.be\/fr\/produit\/cryo-laser-a4-size\/#primaryimage\",\"url\":\"https:\/\/d-identify.be\/wp-content\/uploads\/2021\/07\/Templ_7.png\",\"contentUrl\":\"https:\/\/d-identify.be\/wp-content\/uploads\/2021\/07\/Templ_7.png\",\"width\":360,\"height\":504,\"caption\":\"cryo laser a4\"},{\"@type\":\"BreadcrumbList\",\"@id\":\"https:\/\/d-identify.be\/fr\/produit\/cryo-laser-a4-size\/#breadcrumb\",\"itemListElement\":[{\"@type\":\"ListItem\",\"position\":1,\"name\":\"Home\",\"item\":\"https:\/\/d-identify.be\/fr\/home-2\/\"},{\"@type\":\"ListItem\",\"position\":2,\"name\":\"Boutique\",\"item\":\"https:\/\/d-identify.be\/fr\/boutique\/\"},{\"@type\":\"ListItem\",\"position\":3,\"name\":\"Cryo Laser A4 size\"}]},{\"@type\":\"WebSite\",\"@id\":\"https:\/\/d-identify.be\/fr\/#website\",\"url\":\"https:\/\/d-identify.be\/fr\/\",\"name\":\"d-identify\",\"description\":\"Industrial identification - Lockout - Tagout - Floor marking\",\"potentialAction\":[{\"@type\":\"SearchAction\",\"target\":{\"@type\":\"EntryPoint\",\"urlTemplate\":\"https:\/\/d-identify.be\/fr\/?s={search_term_string}\"},\"query-input\":{\"@type\":\"PropertyValueSpecification\",\"valueRequired\":true,\"valueName\":\"search_term_string\"}}],\"inLanguage\":\"fr-FR\"}]}<\/script>\n<!-- \/ Yoast SEO Premium plugin. -->","yoast_head_json":{"title":"Cryo Laser A4 size - d-identify","description":"Les \u00e9tiquettes cryog\u00e9niques sont fournies au format feuille A4 pour \u00eatre imprim\u00e9es avec des imprimantes laser de bureau. Il est recouvert d'un adh\u00e9sif cryog\u00e9nique unique.","robots":{"index":"index","follow":"follow","max-snippet":"max-snippet:-1","max-image-preview":"max-image-preview:large","max-video-preview":"max-video-preview:-1"},"canonical":"https:\/\/d-identify.be\/fr\/produit\/cryo-laser-a4-size\/","og_locale":"fr_FR","og_type":"article","og_title":"Cryo Laser A4 size","og_description":"Les \u00e9tiquettes cryog\u00e9niques sont fournies au format feuille A4 pour \u00eatre imprim\u00e9es avec des imprimantes laser de bureau. Il est recouvert d'un adh\u00e9sif cryog\u00e9nique unique.","og_url":"https:\/\/d-identify.be\/fr\/produit\/cryo-laser-a4-size\/","og_site_name":"d-identify","og_image":[{"width":360,"height":504,"url":"https:\/\/d-identify.be\/wp-content\/uploads\/2021\/07\/Templ_7.png","type":"image\/png"}],"twitter_card":"summary_large_image","twitter_misc":{"Dur\u00e9e de lecture estim\u00e9e":"1 minute"},"schema":{"@context":"https:\/\/schema.org","@graph":[{"@type":"WebPage","@id":"https:\/\/d-identify.be\/fr\/produit\/cryo-laser-a4-size\/","url":"https:\/\/d-identify.be\/fr\/produit\/cryo-laser-a4-size\/","name":"Cryo Laser A4 size - d-identify","isPartOf":{"@id":"https:\/\/d-identify.be\/fr\/#website"},"primaryImageOfPage":{"@id":"https:\/\/d-identify.be\/fr\/produit\/cryo-laser-a4-size\/#primaryimage"},"image":{"@id":"https:\/\/d-identify.be\/fr\/produit\/cryo-laser-a4-size\/#primaryimage"},"thumbnailUrl":"https:\/\/d-identify.be\/wp-content\/uploads\/2021\/07\/Templ_7.png","datePublished":"2021-07-26T10:38:50+00:00","description":"Les \u00e9tiquettes cryog\u00e9niques sont fournies au format feuille A4 pour \u00eatre imprim\u00e9es avec des imprimantes laser de bureau. Il est recouvert d'un adh\u00e9sif cryog\u00e9nique unique.","breadcrumb":{"@id":"https:\/\/d-identify.be\/fr\/produit\/cryo-laser-a4-size\/#breadcrumb"},"inLanguage":"fr-FR","potentialAction":[{"@type":"ReadAction","target":["https:\/\/d-identify.be\/fr\/produit\/cryo-laser-a4-size\/"]}]},{"@type":"ImageObject","inLanguage":"fr-FR","@id":"https:\/\/d-identify.be\/fr\/produit\/cryo-laser-a4-size\/#primaryimage","url":"https:\/\/d-identify.be\/wp-content\/uploads\/2021\/07\/Templ_7.png","contentUrl":"https:\/\/d-identify.be\/wp-content\/uploads\/2021\/07\/Templ_7.png","width":360,"height":504,"caption":"cryo laser a4"},{"@type":"BreadcrumbList","@id":"https:\/\/d-identify.be\/fr\/produit\/cryo-laser-a4-size\/#breadcrumb","itemListElement":[{"@type":"ListItem","position":1,"name":"Home","item":"https:\/\/d-identify.be\/fr\/home-2\/"},{"@type":"ListItem","position":2,"name":"Boutique","item":"https:\/\/d-identify.be\/fr\/boutique\/"},{"@type":"ListItem","position":3,"name":"Cryo Laser A4 size"}]},{"@type":"WebSite","@id":"https:\/\/d-identify.be\/fr\/#website","url":"https:\/\/d-identify.be\/fr\/","name":"d-identify","description":"Industrial identification - Lockout - Tagout - Floor marking","potentialAction":[{"@type":"SearchAction","target":{"@type":"EntryPoint","urlTemplate":"https:\/\/d-identify.be\/fr\/?s={search_term_string}"},"query-input":{"@type":"PropertyValueSpecification","valueRequired":true,"valueName":"search_term_string"}}],"inLanguage":"fr-FR"}]}},"_links":{"self":[{"href":"https:\/\/d-identify.be\/fr\/wp-json\/wp\/v2\/product\/51163","targetHints":{"allow":["GET"]}}],"collection":[{"href":"https:\/\/d-identify.be\/fr\/wp-json\/wp\/v2\/product"}],"about":[{"href":"https:\/\/d-identify.be\/fr\/wp-json\/wp\/v2\/types\/product"}],"replies":[{"embeddable":true,"href":"https:\/\/d-identify.be\/fr\/wp-json\/wp\/v2\/comments?post=51163"}],"wp:featuredmedia":[{"embeddable":true,"href":"https:\/\/d-identify.be\/fr\/wp-json\/wp\/v2\/media\/27460"}],"wp:attachment":[{"href":"https:\/\/d-identify.be\/fr\/wp-json\/wp\/v2\/media?parent=51163"}],"wp:term":[{"taxonomy":"product_brand","embeddable":true,"href":"https:\/\/d-identify.be\/fr\/wp-json\/wp\/v2\/product_brand?post=51163"},{"taxonomy":"product_cat","embeddable":true,"href":"https:\/\/d-identify.be\/fr\/wp-json\/wp\/v2\/product_cat?post=51163"},{"taxonomy":"product_tag","embeddable":true,"href":"https:\/\/d-identify.be\/fr\/wp-json\/wp\/v2\/product_tag?post=51163"},{"taxonomy":"pa_connextion-shapes","embeddable":true,"href":"https:\/\/d-identify.be\/fr\/wp-json\/wp\/v2\/pa_connextion-shapes?post=51163"}],"curies":[{"name":"wp","href":"https:\/\/api.w.org\/{rel}","templated":true}]}}