{"id":51068,"date":"2021-07-26T12:41:36","date_gmt":"2021-07-26T10:41:36","guid":{"rendered":"https:\/\/d-identify.be\/product\/etiquette-auto-plastifiee-254-mm-x-19-mm-444-mm\/"},"modified":"2021-07-26T12:41:36","modified_gmt":"2021-07-26T10:41:36","slug":"etiquette-auto-plastifiee-254-mm-x-19-mm-444-mm","status":"publish","type":"product","link":"https:\/\/d-identify.be\/fr\/produit\/etiquette-auto-plastifiee-254-mm-x-19-mm-444-mm\/","title":{"rendered":"\u00c9tiquette auto-plastifi\u00e9e 25,4 mm x 19 mm +44,4 mm"},"content":{"rendered":"<p>Les \u00e9tiquettes auto-plastifiantes cryocompatibles prot\u00e8gent les informations imprim\u00e9es de l&rsquo;alcool, de l&rsquo;eau de Javel, du DMSO et des d\u00e9tergents. Ceci permet de garantir l\u2019identification s\u00e9curis\u00e9e des tubes, des cryotubes et des bouchons. Con\u00e7u pour la conservation \u00e0 long terme dans des conditions de laboratoire cryog\u00e9nique, y compris l&rsquo;azote liquide. (-196 \u00b0C \/ -320,8 \u00b0F), les cong\u00e9lateurs \u00e0 -80 \u00b0C (-112 \u00b0F) et la glace carbonique, et peuvent r\u00e9sister \u00e0 des temp\u00e9ratures allant jusqu&rsquo;\u00e0 +100 \u00b0C (+212 \u00b0F). Les \u00e9tiquettes peuvent \u00eatre \u00e9crites avec des cryo-marqueurs et imprim\u00e9es avec toutes les grandes marques d&rsquo;imprimantes \u00e0 transfert thermique.    <\/p>\n","protected":false},"excerpt":{"rendered":"<p>Les \u00e9tiquettes auto-plastifiantes cryocompatibles prot\u00e8gent les informations imprim\u00e9es de l&rsquo;alcool, de l&rsquo;eau de Javel, du DMSO et des d\u00e9tergents. Ceci permet de garantir l\u2019identification s\u00e9curis\u00e9e des tubes, des cryotubes et des bouchons. Les \u00e9tiquettes peuvent \u00eatre \u00e9crites avec des cryo-marqueurs et imprim\u00e9es avec toutes les grandes marques d&rsquo;imprimantes \u00e0 transfert thermique.  <\/p>\n","protected":false},"featured_media":26605,"comment_status":"open","ping_status":"closed","template":"","meta":{"_acf_changed":false,"_et_pb_use_builder":"","_et_pb_old_content":"","_et_gb_content_width":""},"product_brand":[],"product_cat":[683,698],"product_tag":[],"pa_connextion-shapes":[],"class_list":{"0":"post-51068","1":"product","2":"type-product","3":"status-publish","4":"has-post-thumbnail","6":"product_cat-etiquettes-de-laboratoire","7":"product_cat-etiquettes-cryogeniques-auto-laminantes","9":"first","10":"instock","11":"taxable","12":"shipping-taxable","13":"purchasable","14":"product-type-variable","15":"has-default-attributes"},"exclude_global_add_ons":[],"addons":[],"acf":[],"yoast_head":"<!-- This site is optimized with the Yoast SEO Premium plugin v27.0 (Yoast SEO v27.1) - https:\/\/yoast.com\/product\/yoast-seo-premium-wordpress\/ -->\n<title>\u00c9tiquette auto-plastifi\u00e9e 25,4x19mm +44,4mm<\/title>\n<meta name=\"description\" content=\"Les \u00e9tiquettes auto-plastifiantes cryocompatibles prot\u00e8gent les informations imprim\u00e9es de l&#039;alcool, de l&#039;eau de Javel, du DMSO et des d\u00e9tergents. Il s&#039;agit d&#039;assurer la s\u00e9curit\u00e9...\" \/>\n<meta name=\"robots\" content=\"index, follow, max-snippet:-1, max-image-preview:large, max-video-preview:-1\" \/>\n<link rel=\"canonical\" href=\"https:\/\/d-identify.be\/fr\/produit\/etiquette-auto-plastifiee-254-mm-x-19-mm-444-mm\/\" \/>\n<meta property=\"og:locale\" content=\"fr_FR\" \/>\n<meta property=\"og:type\" content=\"article\" \/>\n<meta property=\"og:title\" content=\"\u00c9tiquette auto-plastifi\u00e9e 25,4 mm x 19 mm +44,4 mm\" \/>\n<meta property=\"og:description\" content=\"Les \u00e9tiquettes auto-plastifiantes cryocompatibles prot\u00e8gent les informations imprim\u00e9es de l&#039;alcool, de l&#039;eau de Javel, du DMSO et des d\u00e9tergents. Il s&#039;agit d&#039;assurer la s\u00e9curit\u00e9...\" \/>\n<meta property=\"og:url\" content=\"https:\/\/d-identify.be\/fr\/produit\/etiquette-auto-plastifiee-254-mm-x-19-mm-444-mm\/\" \/>\n<meta property=\"og:site_name\" content=\"d-identify\" \/>\n<meta property=\"og:image\" content=\"https:\/\/d-identify.be\/wp-content\/uploads\/2021\/07\/CRWR-25.4x19_44.4-1K-WH.png\" \/>\n\t<meta property=\"og:image:width\" content=\"907\" \/>\n\t<meta property=\"og:image:height\" content=\"907\" \/>\n\t<meta property=\"og:image:type\" content=\"image\/png\" \/>\n<meta name=\"twitter:card\" content=\"summary_large_image\" \/>\n<meta name=\"twitter:label1\" content=\"Dur\u00e9e de lecture estim\u00e9e\" \/>\n\t<meta name=\"twitter:data1\" content=\"1 minute\" \/>\n<script type=\"application\/ld+json\" class=\"yoast-schema-graph\">{\"@context\":\"https:\/\/schema.org\",\"@graph\":[{\"@type\":\"WebPage\",\"@id\":\"https:\/\/d-identify.be\/fr\/produit\/etiquette-auto-plastifiee-254-mm-x-19-mm-444-mm\/\",\"url\":\"https:\/\/d-identify.be\/fr\/produit\/etiquette-auto-plastifiee-254-mm-x-19-mm-444-mm\/\",\"name\":\"\u00c9tiquette auto-plastifi\u00e9e 25,4x19mm +44,4mm\",\"isPartOf\":{\"@id\":\"https:\/\/d-identify.be\/fr\/#website\"},\"primaryImageOfPage\":{\"@id\":\"https:\/\/d-identify.be\/fr\/produit\/etiquette-auto-plastifiee-254-mm-x-19-mm-444-mm\/#primaryimage\"},\"image\":{\"@id\":\"https:\/\/d-identify.be\/fr\/produit\/etiquette-auto-plastifiee-254-mm-x-19-mm-444-mm\/#primaryimage\"},\"thumbnailUrl\":\"https:\/\/d-identify.be\/wp-content\/uploads\/2021\/07\/CRWR-25.4x19_44.4-1K-WH.png\",\"datePublished\":\"2021-07-26T10:41:36+00:00\",\"description\":\"Les \u00e9tiquettes auto-plastifiantes cryocompatibles prot\u00e8gent les informations imprim\u00e9es de l'alcool, de l'eau de Javel, du DMSO et des d\u00e9tergents. Il s'agit d'assurer la s\u00e9curit\u00e9...\",\"breadcrumb\":{\"@id\":\"https:\/\/d-identify.be\/fr\/produit\/etiquette-auto-plastifiee-254-mm-x-19-mm-444-mm\/#breadcrumb\"},\"inLanguage\":\"fr-FR\",\"potentialAction\":[{\"@type\":\"ReadAction\",\"target\":[\"https:\/\/d-identify.be\/fr\/produit\/etiquette-auto-plastifiee-254-mm-x-19-mm-444-mm\/\"]}]},{\"@type\":\"ImageObject\",\"inLanguage\":\"fr-FR\",\"@id\":\"https:\/\/d-identify.be\/fr\/produit\/etiquette-auto-plastifiee-254-mm-x-19-mm-444-mm\/#primaryimage\",\"url\":\"https:\/\/d-identify.be\/wp-content\/uploads\/2021\/07\/CRWR-25.4x19_44.4-1K-WH.png\",\"contentUrl\":\"https:\/\/d-identify.be\/wp-content\/uploads\/2021\/07\/CRWR-25.4x19_44.4-1K-WH.png\",\"width\":907,\"height\":907,\"caption\":\"Self Laminating label 25.4mm x 19mm +44.4mm\"},{\"@type\":\"BreadcrumbList\",\"@id\":\"https:\/\/d-identify.be\/fr\/produit\/etiquette-auto-plastifiee-254-mm-x-19-mm-444-mm\/#breadcrumb\",\"itemListElement\":[{\"@type\":\"ListItem\",\"position\":1,\"name\":\"Home\",\"item\":\"https:\/\/d-identify.be\/fr\/home-2\/\"},{\"@type\":\"ListItem\",\"position\":2,\"name\":\"Boutique\",\"item\":\"https:\/\/d-identify.be\/fr\/boutique\/\"},{\"@type\":\"ListItem\",\"position\":3,\"name\":\"\u00c9tiquette auto-plastifi\u00e9e 25,4 mm x 19 mm +44,4 mm\"}]},{\"@type\":\"WebSite\",\"@id\":\"https:\/\/d-identify.be\/fr\/#website\",\"url\":\"https:\/\/d-identify.be\/fr\/\",\"name\":\"d-identify\",\"description\":\"Industrial identification - Lockout - Tagout - Floor marking\",\"potentialAction\":[{\"@type\":\"SearchAction\",\"target\":{\"@type\":\"EntryPoint\",\"urlTemplate\":\"https:\/\/d-identify.be\/fr\/?s={search_term_string}\"},\"query-input\":{\"@type\":\"PropertyValueSpecification\",\"valueRequired\":true,\"valueName\":\"search_term_string\"}}],\"inLanguage\":\"fr-FR\"}]}<\/script>\n<!-- \/ Yoast SEO Premium plugin. -->","yoast_head_json":{"title":"\u00c9tiquette auto-plastifi\u00e9e 25,4x19mm +44,4mm","description":"Les \u00e9tiquettes auto-plastifiantes cryocompatibles prot\u00e8gent les informations imprim\u00e9es de l'alcool, de l'eau de Javel, du DMSO et des d\u00e9tergents. Il s'agit d'assurer la s\u00e9curit\u00e9...","robots":{"index":"index","follow":"follow","max-snippet":"max-snippet:-1","max-image-preview":"max-image-preview:large","max-video-preview":"max-video-preview:-1"},"canonical":"https:\/\/d-identify.be\/fr\/produit\/etiquette-auto-plastifiee-254-mm-x-19-mm-444-mm\/","og_locale":"fr_FR","og_type":"article","og_title":"\u00c9tiquette auto-plastifi\u00e9e 25,4 mm x 19 mm +44,4 mm","og_description":"Les \u00e9tiquettes auto-plastifiantes cryocompatibles prot\u00e8gent les informations imprim\u00e9es de l'alcool, de l'eau de Javel, du DMSO et des d\u00e9tergents. Il s'agit d'assurer la s\u00e9curit\u00e9...","og_url":"https:\/\/d-identify.be\/fr\/produit\/etiquette-auto-plastifiee-254-mm-x-19-mm-444-mm\/","og_site_name":"d-identify","og_image":[{"width":907,"height":907,"url":"https:\/\/d-identify.be\/wp-content\/uploads\/2021\/07\/CRWR-25.4x19_44.4-1K-WH.png","type":"image\/png"}],"twitter_card":"summary_large_image","twitter_misc":{"Dur\u00e9e de lecture estim\u00e9e":"1 minute"},"schema":{"@context":"https:\/\/schema.org","@graph":[{"@type":"WebPage","@id":"https:\/\/d-identify.be\/fr\/produit\/etiquette-auto-plastifiee-254-mm-x-19-mm-444-mm\/","url":"https:\/\/d-identify.be\/fr\/produit\/etiquette-auto-plastifiee-254-mm-x-19-mm-444-mm\/","name":"\u00c9tiquette auto-plastifi\u00e9e 25,4x19mm +44,4mm","isPartOf":{"@id":"https:\/\/d-identify.be\/fr\/#website"},"primaryImageOfPage":{"@id":"https:\/\/d-identify.be\/fr\/produit\/etiquette-auto-plastifiee-254-mm-x-19-mm-444-mm\/#primaryimage"},"image":{"@id":"https:\/\/d-identify.be\/fr\/produit\/etiquette-auto-plastifiee-254-mm-x-19-mm-444-mm\/#primaryimage"},"thumbnailUrl":"https:\/\/d-identify.be\/wp-content\/uploads\/2021\/07\/CRWR-25.4x19_44.4-1K-WH.png","datePublished":"2021-07-26T10:41:36+00:00","description":"Les \u00e9tiquettes auto-plastifiantes cryocompatibles prot\u00e8gent les informations imprim\u00e9es de l'alcool, de l'eau de Javel, du DMSO et des d\u00e9tergents. Il s'agit d'assurer la s\u00e9curit\u00e9...","breadcrumb":{"@id":"https:\/\/d-identify.be\/fr\/produit\/etiquette-auto-plastifiee-254-mm-x-19-mm-444-mm\/#breadcrumb"},"inLanguage":"fr-FR","potentialAction":[{"@type":"ReadAction","target":["https:\/\/d-identify.be\/fr\/produit\/etiquette-auto-plastifiee-254-mm-x-19-mm-444-mm\/"]}]},{"@type":"ImageObject","inLanguage":"fr-FR","@id":"https:\/\/d-identify.be\/fr\/produit\/etiquette-auto-plastifiee-254-mm-x-19-mm-444-mm\/#primaryimage","url":"https:\/\/d-identify.be\/wp-content\/uploads\/2021\/07\/CRWR-25.4x19_44.4-1K-WH.png","contentUrl":"https:\/\/d-identify.be\/wp-content\/uploads\/2021\/07\/CRWR-25.4x19_44.4-1K-WH.png","width":907,"height":907,"caption":"Self Laminating label 25.4mm x 19mm +44.4mm"},{"@type":"BreadcrumbList","@id":"https:\/\/d-identify.be\/fr\/produit\/etiquette-auto-plastifiee-254-mm-x-19-mm-444-mm\/#breadcrumb","itemListElement":[{"@type":"ListItem","position":1,"name":"Home","item":"https:\/\/d-identify.be\/fr\/home-2\/"},{"@type":"ListItem","position":2,"name":"Boutique","item":"https:\/\/d-identify.be\/fr\/boutique\/"},{"@type":"ListItem","position":3,"name":"\u00c9tiquette auto-plastifi\u00e9e 25,4 mm x 19 mm +44,4 mm"}]},{"@type":"WebSite","@id":"https:\/\/d-identify.be\/fr\/#website","url":"https:\/\/d-identify.be\/fr\/","name":"d-identify","description":"Industrial identification - Lockout - Tagout - Floor marking","potentialAction":[{"@type":"SearchAction","target":{"@type":"EntryPoint","urlTemplate":"https:\/\/d-identify.be\/fr\/?s={search_term_string}"},"query-input":{"@type":"PropertyValueSpecification","valueRequired":true,"valueName":"search_term_string"}}],"inLanguage":"fr-FR"}]}},"_links":{"self":[{"href":"https:\/\/d-identify.be\/fr\/wp-json\/wp\/v2\/product\/51068","targetHints":{"allow":["GET"]}}],"collection":[{"href":"https:\/\/d-identify.be\/fr\/wp-json\/wp\/v2\/product"}],"about":[{"href":"https:\/\/d-identify.be\/fr\/wp-json\/wp\/v2\/types\/product"}],"replies":[{"embeddable":true,"href":"https:\/\/d-identify.be\/fr\/wp-json\/wp\/v2\/comments?post=51068"}],"wp:featuredmedia":[{"embeddable":true,"href":"https:\/\/d-identify.be\/fr\/wp-json\/wp\/v2\/media\/26605"}],"wp:attachment":[{"href":"https:\/\/d-identify.be\/fr\/wp-json\/wp\/v2\/media?parent=51068"}],"wp:term":[{"taxonomy":"product_brand","embeddable":true,"href":"https:\/\/d-identify.be\/fr\/wp-json\/wp\/v2\/product_brand?post=51068"},{"taxonomy":"product_cat","embeddable":true,"href":"https:\/\/d-identify.be\/fr\/wp-json\/wp\/v2\/product_cat?post=51068"},{"taxonomy":"product_tag","embeddable":true,"href":"https:\/\/d-identify.be\/fr\/wp-json\/wp\/v2\/product_tag?post=51068"},{"taxonomy":"pa_connextion-shapes","embeddable":true,"href":"https:\/\/d-identify.be\/fr\/wp-json\/wp\/v2\/pa_connextion-shapes?post=51068"}],"curies":[{"name":"wp","href":"https:\/\/api.w.org\/{rel}","templated":true}]}}