{"id":50914,"date":"2021-07-26T12:38:53","date_gmt":"2021-07-26T10:38:53","guid":{"rendered":"https:\/\/d-identify.be\/product\/etiquette-de-rack-en-metal-cryo-76-mm-x-508-mm\/"},"modified":"2021-07-26T12:38:53","modified_gmt":"2021-07-26T10:38:53","slug":"etiquette-de-rack-en-metal-cryo-76-mm-x-508-mm","status":"publish","type":"product","link":"https:\/\/d-identify.be\/fr\/produit\/etiquette-de-rack-en-metal-cryo-76-mm-x-508-mm\/","title":{"rendered":"\u00c9tiquette de rack en m\u00e9tal Cryo 76 mm x 50,8 mm"},"content":{"rendered":"<p>\u00c9tiquettes de transfert thermique cryog\u00e9nique pour l&rsquo;identification de racks m\u00e9talliques, de cassettes en aluminium, de cassettes de films radiologiques, de bo\u00eetes de films, de flacons en aluminium et d&rsquo;autres objets m\u00e9talliques. Ils sont \u00e9galement id\u00e9aux pour \u00e9tiqueter les bo\u00eetes cryog\u00e9niques en polycarbonate. Destin\u00e9 au stockage de longue dur\u00e9e en phase liquide. \u00c9galement pour l&rsquo;azote liquide en phase vapeur (-196\u00b0C), les chambres de cong\u00e9lation et autres environnements cryog\u00e9niques difficiles.   <\/p>\n<p>Nos \u00e9tiquettes MetaliTAG\u2122 sont disponibles en plusieurs dimensions et couleurs \u00e9galement. Peut \u00eatre appliqu\u00e9 sur le dessus et les c\u00f4t\u00e9s des racks pour les identifier facilement ainsi que leur contenu. Imprimable avec toutes les grandes marques d&rsquo;imprimantes \u00e0 transfert thermique.  <\/p>\n","protected":false},"excerpt":{"rendered":"<p>\u00c9tiquettes de transfert thermique cryog\u00e9nique pour l&rsquo;identification de racks m\u00e9talliques, de cassettes en aluminium, de cassettes de films radiologiques, de bo\u00eetes de films, de flacons en aluminium et d&rsquo;autres objets m\u00e9talliques. Ils sont \u00e9galement id\u00e9aux pour \u00e9tiqueter les bo\u00eetes cryog\u00e9niques en polycarbonate. Destin\u00e9 au stockage de longue dur\u00e9e en phase liquide. \u00c9galement pour l&rsquo;azote liquide en phase vapeur (-196\u00b0C), les chambres de cong\u00e9lation et autres environnements cryog\u00e9niques difficiles.   <\/p>\n","protected":false},"featured_media":27436,"comment_status":"open","ping_status":"closed","template":"","meta":{"_acf_changed":false,"_et_pb_use_builder":"","_et_pb_old_content":"","_et_gb_content_width":""},"product_brand":[],"product_cat":[683,695],"product_tag":[],"pa_connextion-shapes":[],"class_list":{"0":"post-50914","1":"product","2":"type-product","3":"status-publish","4":"has-post-thumbnail","6":"product_cat-etiquettes-de-laboratoire","7":"product_cat-etiquettes-cryogeniques-pour-etageres-metalliques","9":"first","10":"instock","11":"taxable","12":"shipping-taxable","13":"purchasable","14":"product-type-variable","15":"has-default-attributes"},"exclude_global_add_ons":[],"addons":[],"acf":[],"yoast_head":"<!-- This site is optimized with the Yoast SEO Premium plugin v27.0 (Yoast SEO v27.1) - https:\/\/yoast.com\/product\/yoast-seo-premium-wordpress\/ -->\n<title>\u00c9tiquette de rack en m\u00e9tal Cryo 76 mm x 50,8 mm - d-identify<\/title>\n<meta name=\"description\" content=\"\u00c9tiquettes \u00e0 transfert thermique cryog\u00e9nique pour l&#039;identification de racks m\u00e9talliques, de cassettes en aluminium, de cassettes de films radiologiques, de bo\u00eetes de films, de flacons en aluminium et...\" \/>\n<meta name=\"robots\" content=\"index, follow, max-snippet:-1, max-image-preview:large, max-video-preview:-1\" \/>\n<link rel=\"canonical\" href=\"https:\/\/d-identify.be\/fr\/produit\/etiquette-de-rack-en-metal-cryo-76-mm-x-508-mm\/\" \/>\n<meta property=\"og:locale\" content=\"fr_FR\" \/>\n<meta property=\"og:type\" content=\"article\" \/>\n<meta property=\"og:title\" content=\"\u00c9tiquette de rack en m\u00e9tal Cryo 76 mm x 50,8 mm\" \/>\n<meta property=\"og:description\" content=\"\u00c9tiquettes \u00e0 transfert thermique cryog\u00e9nique pour l&#039;identification de racks m\u00e9talliques, de cassettes en aluminium, de cassettes de films radiologiques, de bo\u00eetes de films, de flacons en aluminium et...\" \/>\n<meta property=\"og:url\" content=\"https:\/\/d-identify.be\/fr\/produit\/etiquette-de-rack-en-metal-cryo-76-mm-x-508-mm\/\" \/>\n<meta property=\"og:site_name\" content=\"d-identify\" \/>\n<meta property=\"og:image\" content=\"https:\/\/d-identify.be\/wp-content\/uploads\/2021\/07\/CRMR-76x50.8-WH.png\" \/>\n\t<meta property=\"og:image:width\" content=\"907\" \/>\n\t<meta property=\"og:image:height\" content=\"907\" \/>\n\t<meta property=\"og:image:type\" content=\"image\/png\" \/>\n<meta name=\"twitter:card\" content=\"summary_large_image\" \/>\n<meta name=\"twitter:label1\" content=\"Dur\u00e9e de lecture estim\u00e9e\" \/>\n\t<meta name=\"twitter:data1\" content=\"1 minute\" \/>\n<script type=\"application\/ld+json\" class=\"yoast-schema-graph\">{\"@context\":\"https:\/\/schema.org\",\"@graph\":[{\"@type\":\"WebPage\",\"@id\":\"https:\/\/d-identify.be\/fr\/produit\/etiquette-de-rack-en-metal-cryo-76-mm-x-508-mm\/\",\"url\":\"https:\/\/d-identify.be\/fr\/produit\/etiquette-de-rack-en-metal-cryo-76-mm-x-508-mm\/\",\"name\":\"\u00c9tiquette de rack en m\u00e9tal Cryo 76 mm x 50,8 mm - d-identify\",\"isPartOf\":{\"@id\":\"https:\/\/d-identify.be\/fr\/#website\"},\"primaryImageOfPage\":{\"@id\":\"https:\/\/d-identify.be\/fr\/produit\/etiquette-de-rack-en-metal-cryo-76-mm-x-508-mm\/#primaryimage\"},\"image\":{\"@id\":\"https:\/\/d-identify.be\/fr\/produit\/etiquette-de-rack-en-metal-cryo-76-mm-x-508-mm\/#primaryimage\"},\"thumbnailUrl\":\"https:\/\/d-identify.be\/wp-content\/uploads\/2021\/07\/CRMR-76x50.8-WH.png\",\"datePublished\":\"2021-07-26T10:38:53+00:00\",\"description\":\"\u00c9tiquettes \u00e0 transfert thermique cryog\u00e9nique pour l'identification de racks m\u00e9talliques, de cassettes en aluminium, de cassettes de films radiologiques, de bo\u00eetes de films, de flacons en aluminium et...\",\"breadcrumb\":{\"@id\":\"https:\/\/d-identify.be\/fr\/produit\/etiquette-de-rack-en-metal-cryo-76-mm-x-508-mm\/#breadcrumb\"},\"inLanguage\":\"fr-FR\",\"potentialAction\":[{\"@type\":\"ReadAction\",\"target\":[\"https:\/\/d-identify.be\/fr\/produit\/etiquette-de-rack-en-metal-cryo-76-mm-x-508-mm\/\"]}]},{\"@type\":\"ImageObject\",\"inLanguage\":\"fr-FR\",\"@id\":\"https:\/\/d-identify.be\/fr\/produit\/etiquette-de-rack-en-metal-cryo-76-mm-x-508-mm\/#primaryimage\",\"url\":\"https:\/\/d-identify.be\/wp-content\/uploads\/2021\/07\/CRMR-76x50.8-WH.png\",\"contentUrl\":\"https:\/\/d-identify.be\/wp-content\/uploads\/2021\/07\/CRMR-76x50.8-WH.png\",\"width\":907,\"height\":907,\"caption\":\"Cryo Metal rack label 76mm x 50.8mm\"},{\"@type\":\"BreadcrumbList\",\"@id\":\"https:\/\/d-identify.be\/fr\/produit\/etiquette-de-rack-en-metal-cryo-76-mm-x-508-mm\/#breadcrumb\",\"itemListElement\":[{\"@type\":\"ListItem\",\"position\":1,\"name\":\"Home\",\"item\":\"https:\/\/d-identify.be\/fr\/home-2\/\"},{\"@type\":\"ListItem\",\"position\":2,\"name\":\"Boutique\",\"item\":\"https:\/\/d-identify.be\/fr\/boutique\/\"},{\"@type\":\"ListItem\",\"position\":3,\"name\":\"\u00c9tiquette de rack en m\u00e9tal Cryo 76 mm x 50,8 mm\"}]},{\"@type\":\"WebSite\",\"@id\":\"https:\/\/d-identify.be\/fr\/#website\",\"url\":\"https:\/\/d-identify.be\/fr\/\",\"name\":\"d-identify\",\"description\":\"Industrial identification - Lockout - Tagout - Floor marking\",\"potentialAction\":[{\"@type\":\"SearchAction\",\"target\":{\"@type\":\"EntryPoint\",\"urlTemplate\":\"https:\/\/d-identify.be\/fr\/?s={search_term_string}\"},\"query-input\":{\"@type\":\"PropertyValueSpecification\",\"valueRequired\":true,\"valueName\":\"search_term_string\"}}],\"inLanguage\":\"fr-FR\"}]}<\/script>\n<!-- \/ Yoast SEO Premium plugin. -->","yoast_head_json":{"title":"\u00c9tiquette de rack en m\u00e9tal Cryo 76 mm x 50,8 mm - d-identify","description":"\u00c9tiquettes \u00e0 transfert thermique cryog\u00e9nique pour l'identification de racks m\u00e9talliques, de cassettes en aluminium, de cassettes de films radiologiques, de bo\u00eetes de films, de flacons en aluminium et...","robots":{"index":"index","follow":"follow","max-snippet":"max-snippet:-1","max-image-preview":"max-image-preview:large","max-video-preview":"max-video-preview:-1"},"canonical":"https:\/\/d-identify.be\/fr\/produit\/etiquette-de-rack-en-metal-cryo-76-mm-x-508-mm\/","og_locale":"fr_FR","og_type":"article","og_title":"\u00c9tiquette de rack en m\u00e9tal Cryo 76 mm x 50,8 mm","og_description":"\u00c9tiquettes \u00e0 transfert thermique cryog\u00e9nique pour l'identification de racks m\u00e9talliques, de cassettes en aluminium, de cassettes de films radiologiques, de bo\u00eetes de films, de flacons en aluminium et...","og_url":"https:\/\/d-identify.be\/fr\/produit\/etiquette-de-rack-en-metal-cryo-76-mm-x-508-mm\/","og_site_name":"d-identify","og_image":[{"width":907,"height":907,"url":"https:\/\/d-identify.be\/wp-content\/uploads\/2021\/07\/CRMR-76x50.8-WH.png","type":"image\/png"}],"twitter_card":"summary_large_image","twitter_misc":{"Dur\u00e9e de lecture estim\u00e9e":"1 minute"},"schema":{"@context":"https:\/\/schema.org","@graph":[{"@type":"WebPage","@id":"https:\/\/d-identify.be\/fr\/produit\/etiquette-de-rack-en-metal-cryo-76-mm-x-508-mm\/","url":"https:\/\/d-identify.be\/fr\/produit\/etiquette-de-rack-en-metal-cryo-76-mm-x-508-mm\/","name":"\u00c9tiquette de rack en m\u00e9tal Cryo 76 mm x 50,8 mm - d-identify","isPartOf":{"@id":"https:\/\/d-identify.be\/fr\/#website"},"primaryImageOfPage":{"@id":"https:\/\/d-identify.be\/fr\/produit\/etiquette-de-rack-en-metal-cryo-76-mm-x-508-mm\/#primaryimage"},"image":{"@id":"https:\/\/d-identify.be\/fr\/produit\/etiquette-de-rack-en-metal-cryo-76-mm-x-508-mm\/#primaryimage"},"thumbnailUrl":"https:\/\/d-identify.be\/wp-content\/uploads\/2021\/07\/CRMR-76x50.8-WH.png","datePublished":"2021-07-26T10:38:53+00:00","description":"\u00c9tiquettes \u00e0 transfert thermique cryog\u00e9nique pour l'identification de racks m\u00e9talliques, de cassettes en aluminium, de cassettes de films radiologiques, de bo\u00eetes de films, de flacons en aluminium et...","breadcrumb":{"@id":"https:\/\/d-identify.be\/fr\/produit\/etiquette-de-rack-en-metal-cryo-76-mm-x-508-mm\/#breadcrumb"},"inLanguage":"fr-FR","potentialAction":[{"@type":"ReadAction","target":["https:\/\/d-identify.be\/fr\/produit\/etiquette-de-rack-en-metal-cryo-76-mm-x-508-mm\/"]}]},{"@type":"ImageObject","inLanguage":"fr-FR","@id":"https:\/\/d-identify.be\/fr\/produit\/etiquette-de-rack-en-metal-cryo-76-mm-x-508-mm\/#primaryimage","url":"https:\/\/d-identify.be\/wp-content\/uploads\/2021\/07\/CRMR-76x50.8-WH.png","contentUrl":"https:\/\/d-identify.be\/wp-content\/uploads\/2021\/07\/CRMR-76x50.8-WH.png","width":907,"height":907,"caption":"Cryo Metal rack label 76mm x 50.8mm"},{"@type":"BreadcrumbList","@id":"https:\/\/d-identify.be\/fr\/produit\/etiquette-de-rack-en-metal-cryo-76-mm-x-508-mm\/#breadcrumb","itemListElement":[{"@type":"ListItem","position":1,"name":"Home","item":"https:\/\/d-identify.be\/fr\/home-2\/"},{"@type":"ListItem","position":2,"name":"Boutique","item":"https:\/\/d-identify.be\/fr\/boutique\/"},{"@type":"ListItem","position":3,"name":"\u00c9tiquette de rack en m\u00e9tal Cryo 76 mm x 50,8 mm"}]},{"@type":"WebSite","@id":"https:\/\/d-identify.be\/fr\/#website","url":"https:\/\/d-identify.be\/fr\/","name":"d-identify","description":"Industrial identification - Lockout - Tagout - Floor marking","potentialAction":[{"@type":"SearchAction","target":{"@type":"EntryPoint","urlTemplate":"https:\/\/d-identify.be\/fr\/?s={search_term_string}"},"query-input":{"@type":"PropertyValueSpecification","valueRequired":true,"valueName":"search_term_string"}}],"inLanguage":"fr-FR"}]}},"_links":{"self":[{"href":"https:\/\/d-identify.be\/fr\/wp-json\/wp\/v2\/product\/50914","targetHints":{"allow":["GET"]}}],"collection":[{"href":"https:\/\/d-identify.be\/fr\/wp-json\/wp\/v2\/product"}],"about":[{"href":"https:\/\/d-identify.be\/fr\/wp-json\/wp\/v2\/types\/product"}],"replies":[{"embeddable":true,"href":"https:\/\/d-identify.be\/fr\/wp-json\/wp\/v2\/comments?post=50914"}],"wp:featuredmedia":[{"embeddable":true,"href":"https:\/\/d-identify.be\/fr\/wp-json\/wp\/v2\/media\/27436"}],"wp:attachment":[{"href":"https:\/\/d-identify.be\/fr\/wp-json\/wp\/v2\/media?parent=50914"}],"wp:term":[{"taxonomy":"product_brand","embeddable":true,"href":"https:\/\/d-identify.be\/fr\/wp-json\/wp\/v2\/product_brand?post=50914"},{"taxonomy":"product_cat","embeddable":true,"href":"https:\/\/d-identify.be\/fr\/wp-json\/wp\/v2\/product_cat?post=50914"},{"taxonomy":"product_tag","embeddable":true,"href":"https:\/\/d-identify.be\/fr\/wp-json\/wp\/v2\/product_tag?post=50914"},{"taxonomy":"pa_connextion-shapes","embeddable":true,"href":"https:\/\/d-identify.be\/fr\/wp-json\/wp\/v2\/pa_connextion-shapes?post=50914"}],"curies":[{"name":"wp","href":"https:\/\/api.w.org\/{rel}","templated":true}]}}