{"id":50856,"date":"2021-07-26T12:39:25","date_gmt":"2021-07-26T10:39:25","guid":{"rendered":"https:\/\/d-identify.be\/product\/etiquette-surface-gelee-222-mm-x-508-mm\/"},"modified":"2021-07-26T12:39:25","modified_gmt":"2021-07-26T10:39:25","slug":"etiquette-surface-gelee-222-mm-x-508-mm","status":"publish","type":"product","link":"https:\/\/d-identify.be\/fr\/produit\/etiquette-surface-gelee-222-mm-x-508-mm\/","title":{"rendered":"\u00c9tiquette surface gel\u00e9e 22,2 mm x 50,8 mm"},"content":{"rendered":"<p>\u00c9tiquettes cryog\u00e9niques, avec une zone de chevauchement claire. Il est con\u00e7u pour \u00eatre appliqu\u00e9 directement et adh\u00e9rer rapidement au plastique congel\u00e9, aux cryotubes en verre et aux tubes. Difficiles \u00e0 \u00e9tiqueter dans des conditions de surg\u00e9lation (-80\u00b0C \/ -112\u00b0F). Con\u00e7u pour la conservation \u00e0 long terme dans l&rsquo;azote liquide (-196\u00b0C \/ -320,8\u00b0F), les cong\u00e9lateurs \u00e0 -80\u00b0C (-112\u00b0F) et le transport de glace carbonique. Et peut r\u00e9sister \u00e0 des temp\u00e9ratures allant jusqu&rsquo;\u00e0 +100\u00b0C (212\u00b0F).     Les \u00e9tiquettes peuvent \u00eatre imprim\u00e9es avec toutes les marques courantes d&rsquo;imprimantes \u00e0 transfert thermique pour obtenir une impression nette et sans taches, qui r\u00e9siste \u00e9galement \u00e0 la plupart des produits chimiques et d\u00e9tergents de laboratoire courants. Ils peuvent \u00e9galement \u00eatre \u00e9crits avec nos cryo-marqueurs. Sur les flacons et les tubes, il est recommand\u00e9 d&rsquo;appliquer ces \u00e9tiquettes CryoSTUCK\u00ae avec un chevauchement d&rsquo;au moins 0,25\u2033 pour garantir une bonne adh\u00e9rence \u00e0 la surface congel\u00e9e.  <\/p>\n<p><strong>Avantages :<\/strong><\/p>\n<ul>\n<li>Les \u00e9tiquettes peuvent adh\u00e9rer rapidement aux flacons et tubes d\u00e9j\u00e0 congel\u00e9s (pas de d\u00e9cong\u00e9lation n\u00e9cessaire).<\/li>\n<li>Id\u00e9al pour le stockage longue dur\u00e9e en conditions cryog\u00e9niques (-196\u00b0C)<\/li>\n<li>Imprimable avec toutes les marques courantes d&rsquo;imprimantes \u00e0 transfert thermique<\/li>\n<\/ul>\n","protected":false},"excerpt":{"rendered":"<p>Les \u00e9tiquettes cryog\u00e9niques, avec une zone de chevauchement claire, sont con\u00e7ues pour \u00eatre appliqu\u00e9es directement et adh\u00e8rent rapidement aux cryotubes et tubes en plastique et en verre congel\u00e9s, difficiles \u00e0 \u00e9tiqueter dans des conditions de surg\u00e9lation (-80\u00b0C \/ -112\u00b0F). Con\u00e7u pour la conservation \u00e0 long terme dans les cong\u00e9lateurs \u00e0 l&rsquo;azote liquide -196\u00b0C\/, -80\u00b0C et le transport de glace carbonique, et peut r\u00e9sister \u00e0 des temp\u00e9ratures allant jusqu&rsquo;\u00e0 +100\u00b0C. <\/p>\n","protected":false},"featured_media":27214,"comment_status":"open","ping_status":"closed","template":"","meta":{"_acf_changed":false,"_et_pb_use_builder":"","_et_pb_old_content":"","_et_gb_content_width":""},"product_brand":[],"product_cat":[683,692],"product_tag":[963],"pa_connextion-shapes":[],"class_list":{"0":"post-50856","1":"product","2":"type-product","3":"status-publish","4":"has-post-thumbnail","6":"product_cat-etiquettes-de-laboratoire","7":"product_cat-etiquettes-cryogeniques-pour-flacons-congeles","8":"product_tag-d-identify-fr","10":"first","11":"instock","12":"taxable","13":"shipping-taxable","14":"purchasable","15":"product-type-variable"},"exclude_global_add_ons":[],"addons":[],"acf":[],"yoast_head":"<!-- This site is optimized with the Yoast SEO Premium plugin v27.0 (Yoast SEO v27.1) - https:\/\/yoast.com\/product\/yoast-seo-premium-wordpress\/ -->\n<title>\u00c9tiquette surface gel\u00e9e 22,2 mm x 50,8 mm - d-identify<\/title>\n<meta name=\"description\" content=\"Les \u00e9tiquettes cryog\u00e9niques, avec une zone de chevauchement claire, sont con\u00e7ues pour \u00eatre appliqu\u00e9es directement et adh\u00e8rent rapidement aux cryotubes et tubes en plastique et en verre congel\u00e9s, ...\" \/>\n<meta name=\"robots\" content=\"index, follow, max-snippet:-1, max-image-preview:large, max-video-preview:-1\" \/>\n<link rel=\"canonical\" href=\"https:\/\/d-identify.be\/fr\/produit\/etiquette-surface-gelee-222-mm-x-508-mm\/\" \/>\n<meta property=\"og:locale\" content=\"fr_FR\" \/>\n<meta property=\"og:type\" content=\"article\" \/>\n<meta property=\"og:title\" content=\"\u00c9tiquette surface gel\u00e9e 22,2 mm x 50,8 mm\" \/>\n<meta property=\"og:description\" content=\"Les \u00e9tiquettes cryog\u00e9niques, avec une zone de chevauchement claire, sont con\u00e7ues pour \u00eatre appliqu\u00e9es directement et adh\u00e8rent rapidement aux cryotubes et tubes en plastique et en verre congel\u00e9s, ...\" \/>\n<meta property=\"og:url\" content=\"https:\/\/d-identify.be\/fr\/produit\/etiquette-surface-gelee-222-mm-x-508-mm\/\" \/>\n<meta property=\"og:site_name\" content=\"d-identify\" \/>\n<meta property=\"og:image\" content=\"https:\/\/d-identify.be\/wp-content\/uploads\/2021\/07\/FS-22.2x50.8-WH.png\" \/>\n\t<meta property=\"og:image:width\" content=\"907\" \/>\n\t<meta property=\"og:image:height\" content=\"907\" \/>\n\t<meta property=\"og:image:type\" content=\"image\/png\" \/>\n<meta name=\"twitter:card\" content=\"summary_large_image\" \/>\n<meta name=\"twitter:label1\" content=\"Dur\u00e9e de lecture estim\u00e9e\" \/>\n\t<meta name=\"twitter:data1\" content=\"1 minute\" \/>\n<script type=\"application\/ld+json\" class=\"yoast-schema-graph\">{\"@context\":\"https:\/\/schema.org\",\"@graph\":[{\"@type\":\"WebPage\",\"@id\":\"https:\/\/d-identify.be\/fr\/produit\/etiquette-surface-gelee-222-mm-x-508-mm\/\",\"url\":\"https:\/\/d-identify.be\/fr\/produit\/etiquette-surface-gelee-222-mm-x-508-mm\/\",\"name\":\"\u00c9tiquette surface gel\u00e9e 22,2 mm x 50,8 mm - d-identify\",\"isPartOf\":{\"@id\":\"https:\/\/d-identify.be\/fr\/#website\"},\"primaryImageOfPage\":{\"@id\":\"https:\/\/d-identify.be\/fr\/produit\/etiquette-surface-gelee-222-mm-x-508-mm\/#primaryimage\"},\"image\":{\"@id\":\"https:\/\/d-identify.be\/fr\/produit\/etiquette-surface-gelee-222-mm-x-508-mm\/#primaryimage\"},\"thumbnailUrl\":\"https:\/\/d-identify.be\/wp-content\/uploads\/2021\/07\/FS-22.2x50.8-WH.png\",\"datePublished\":\"2021-07-26T10:39:25+00:00\",\"description\":\"Les \u00e9tiquettes cryog\u00e9niques, avec une zone de chevauchement claire, sont con\u00e7ues pour \u00eatre appliqu\u00e9es directement et adh\u00e8rent rapidement aux cryotubes et tubes en plastique et en verre congel\u00e9s, ...\",\"breadcrumb\":{\"@id\":\"https:\/\/d-identify.be\/fr\/produit\/etiquette-surface-gelee-222-mm-x-508-mm\/#breadcrumb\"},\"inLanguage\":\"fr-FR\",\"potentialAction\":[{\"@type\":\"ReadAction\",\"target\":[\"https:\/\/d-identify.be\/fr\/produit\/etiquette-surface-gelee-222-mm-x-508-mm\/\"]}]},{\"@type\":\"ImageObject\",\"inLanguage\":\"fr-FR\",\"@id\":\"https:\/\/d-identify.be\/fr\/produit\/etiquette-surface-gelee-222-mm-x-508-mm\/#primaryimage\",\"url\":\"https:\/\/d-identify.be\/wp-content\/uploads\/2021\/07\/FS-22.2x50.8-WH.png\",\"contentUrl\":\"https:\/\/d-identify.be\/wp-content\/uploads\/2021\/07\/FS-22.2x50.8-WH.png\",\"width\":907,\"height\":907,\"caption\":\"Frozen Surface label 22.2mm x 50.8mm\"},{\"@type\":\"BreadcrumbList\",\"@id\":\"https:\/\/d-identify.be\/fr\/produit\/etiquette-surface-gelee-222-mm-x-508-mm\/#breadcrumb\",\"itemListElement\":[{\"@type\":\"ListItem\",\"position\":1,\"name\":\"Home\",\"item\":\"https:\/\/d-identify.be\/fr\/home-2\/\"},{\"@type\":\"ListItem\",\"position\":2,\"name\":\"Boutique\",\"item\":\"https:\/\/d-identify.be\/fr\/boutique\/\"},{\"@type\":\"ListItem\",\"position\":3,\"name\":\"\u00c9tiquette surface gel\u00e9e 22,2 mm x 50,8 mm\"}]},{\"@type\":\"WebSite\",\"@id\":\"https:\/\/d-identify.be\/fr\/#website\",\"url\":\"https:\/\/d-identify.be\/fr\/\",\"name\":\"d-identify\",\"description\":\"Industrial identification - Lockout - Tagout - Floor marking\",\"potentialAction\":[{\"@type\":\"SearchAction\",\"target\":{\"@type\":\"EntryPoint\",\"urlTemplate\":\"https:\/\/d-identify.be\/fr\/?s={search_term_string}\"},\"query-input\":{\"@type\":\"PropertyValueSpecification\",\"valueRequired\":true,\"valueName\":\"search_term_string\"}}],\"inLanguage\":\"fr-FR\"}]}<\/script>\n<!-- \/ Yoast SEO Premium plugin. -->","yoast_head_json":{"title":"\u00c9tiquette surface gel\u00e9e 22,2 mm x 50,8 mm - d-identify","description":"Les \u00e9tiquettes cryog\u00e9niques, avec une zone de chevauchement claire, sont con\u00e7ues pour \u00eatre appliqu\u00e9es directement et adh\u00e8rent rapidement aux cryotubes et tubes en plastique et en verre congel\u00e9s, ...","robots":{"index":"index","follow":"follow","max-snippet":"max-snippet:-1","max-image-preview":"max-image-preview:large","max-video-preview":"max-video-preview:-1"},"canonical":"https:\/\/d-identify.be\/fr\/produit\/etiquette-surface-gelee-222-mm-x-508-mm\/","og_locale":"fr_FR","og_type":"article","og_title":"\u00c9tiquette surface gel\u00e9e 22,2 mm x 50,8 mm","og_description":"Les \u00e9tiquettes cryog\u00e9niques, avec une zone de chevauchement claire, sont con\u00e7ues pour \u00eatre appliqu\u00e9es directement et adh\u00e8rent rapidement aux cryotubes et tubes en plastique et en verre congel\u00e9s, ...","og_url":"https:\/\/d-identify.be\/fr\/produit\/etiquette-surface-gelee-222-mm-x-508-mm\/","og_site_name":"d-identify","og_image":[{"width":907,"height":907,"url":"https:\/\/d-identify.be\/wp-content\/uploads\/2021\/07\/FS-22.2x50.8-WH.png","type":"image\/png"}],"twitter_card":"summary_large_image","twitter_misc":{"Dur\u00e9e de lecture estim\u00e9e":"1 minute"},"schema":{"@context":"https:\/\/schema.org","@graph":[{"@type":"WebPage","@id":"https:\/\/d-identify.be\/fr\/produit\/etiquette-surface-gelee-222-mm-x-508-mm\/","url":"https:\/\/d-identify.be\/fr\/produit\/etiquette-surface-gelee-222-mm-x-508-mm\/","name":"\u00c9tiquette surface gel\u00e9e 22,2 mm x 50,8 mm - d-identify","isPartOf":{"@id":"https:\/\/d-identify.be\/fr\/#website"},"primaryImageOfPage":{"@id":"https:\/\/d-identify.be\/fr\/produit\/etiquette-surface-gelee-222-mm-x-508-mm\/#primaryimage"},"image":{"@id":"https:\/\/d-identify.be\/fr\/produit\/etiquette-surface-gelee-222-mm-x-508-mm\/#primaryimage"},"thumbnailUrl":"https:\/\/d-identify.be\/wp-content\/uploads\/2021\/07\/FS-22.2x50.8-WH.png","datePublished":"2021-07-26T10:39:25+00:00","description":"Les \u00e9tiquettes cryog\u00e9niques, avec une zone de chevauchement claire, sont con\u00e7ues pour \u00eatre appliqu\u00e9es directement et adh\u00e8rent rapidement aux cryotubes et tubes en plastique et en verre congel\u00e9s, ...","breadcrumb":{"@id":"https:\/\/d-identify.be\/fr\/produit\/etiquette-surface-gelee-222-mm-x-508-mm\/#breadcrumb"},"inLanguage":"fr-FR","potentialAction":[{"@type":"ReadAction","target":["https:\/\/d-identify.be\/fr\/produit\/etiquette-surface-gelee-222-mm-x-508-mm\/"]}]},{"@type":"ImageObject","inLanguage":"fr-FR","@id":"https:\/\/d-identify.be\/fr\/produit\/etiquette-surface-gelee-222-mm-x-508-mm\/#primaryimage","url":"https:\/\/d-identify.be\/wp-content\/uploads\/2021\/07\/FS-22.2x50.8-WH.png","contentUrl":"https:\/\/d-identify.be\/wp-content\/uploads\/2021\/07\/FS-22.2x50.8-WH.png","width":907,"height":907,"caption":"Frozen Surface label 22.2mm x 50.8mm"},{"@type":"BreadcrumbList","@id":"https:\/\/d-identify.be\/fr\/produit\/etiquette-surface-gelee-222-mm-x-508-mm\/#breadcrumb","itemListElement":[{"@type":"ListItem","position":1,"name":"Home","item":"https:\/\/d-identify.be\/fr\/home-2\/"},{"@type":"ListItem","position":2,"name":"Boutique","item":"https:\/\/d-identify.be\/fr\/boutique\/"},{"@type":"ListItem","position":3,"name":"\u00c9tiquette surface gel\u00e9e 22,2 mm x 50,8 mm"}]},{"@type":"WebSite","@id":"https:\/\/d-identify.be\/fr\/#website","url":"https:\/\/d-identify.be\/fr\/","name":"d-identify","description":"Industrial identification - Lockout - Tagout - Floor marking","potentialAction":[{"@type":"SearchAction","target":{"@type":"EntryPoint","urlTemplate":"https:\/\/d-identify.be\/fr\/?s={search_term_string}"},"query-input":{"@type":"PropertyValueSpecification","valueRequired":true,"valueName":"search_term_string"}}],"inLanguage":"fr-FR"}]}},"_links":{"self":[{"href":"https:\/\/d-identify.be\/fr\/wp-json\/wp\/v2\/product\/50856","targetHints":{"allow":["GET"]}}],"collection":[{"href":"https:\/\/d-identify.be\/fr\/wp-json\/wp\/v2\/product"}],"about":[{"href":"https:\/\/d-identify.be\/fr\/wp-json\/wp\/v2\/types\/product"}],"replies":[{"embeddable":true,"href":"https:\/\/d-identify.be\/fr\/wp-json\/wp\/v2\/comments?post=50856"}],"wp:featuredmedia":[{"embeddable":true,"href":"https:\/\/d-identify.be\/fr\/wp-json\/wp\/v2\/media\/27214"}],"wp:attachment":[{"href":"https:\/\/d-identify.be\/fr\/wp-json\/wp\/v2\/media?parent=50856"}],"wp:term":[{"taxonomy":"product_brand","embeddable":true,"href":"https:\/\/d-identify.be\/fr\/wp-json\/wp\/v2\/product_brand?post=50856"},{"taxonomy":"product_cat","embeddable":true,"href":"https:\/\/d-identify.be\/fr\/wp-json\/wp\/v2\/product_cat?post=50856"},{"taxonomy":"product_tag","embeddable":true,"href":"https:\/\/d-identify.be\/fr\/wp-json\/wp\/v2\/product_tag?post=50856"},{"taxonomy":"pa_connextion-shapes","embeddable":true,"href":"https:\/\/d-identify.be\/fr\/wp-json\/wp\/v2\/pa_connextion-shapes?post=50856"}],"curies":[{"name":"wp","href":"https:\/\/api.w.org\/{rel}","templated":true}]}}