{"id":50774,"date":"2021-07-26T12:41:50","date_gmt":"2021-07-26T10:41:50","guid":{"rendered":"https:\/\/d-identify.be\/product\/etiquette-de-paille-fiv-pour-pailles-de-025-ml-254-x-254-mm\/"},"modified":"2021-07-26T12:41:50","modified_gmt":"2021-07-26T10:41:50","slug":"etiquette-de-paille-fiv-pour-pailles-de-025-ml-254-x-254-mm","status":"publish","type":"product","link":"https:\/\/d-identify.be\/fr\/produit\/etiquette-de-paille-fiv-pour-pailles-de-025-ml-254-x-254-mm\/","title":{"rendered":"\u00c9tiquette de paille FIV pour pailles de 0,25 ml 25,4 X 25,4 mm"},"content":{"rendered":"<p>Les \u00e9tiquettes cryog\u00e9niques autoplastifiantes pour pailles de FIV de 0,25 ml et 0,5 ml sont utilis\u00e9es dans les cliniques et laboratoires de technologie de procr\u00e9ation assist\u00e9e ainsi que dans les entreprises d&rsquo;\u00e9levage et de biotechnologie. Con\u00e7u pour la cryoconservation \u00e0 court et \u00e0 long terme dans des conditions de laboratoire cryog\u00e9nique, y compris les cong\u00e9lateurs \u00e0 azote liquide en phase liquide et vapeur (-196\u00b0C, -80\u00b0C) et le transport de glace carbonique. Imprimable avec des imprimantes de codes-barres \u00e0 transfert thermique pour une identification et une tra\u00e7abilit\u00e9 s\u00e9curis\u00e9es des \u00e9chantillons.  <\/p>\n<p><strong>Avantages<\/strong>:<\/p>\n<ul>\n<li>Id\u00e9al pour le stockage \u00e0 court et \u00e0 long terme dans des conditions cryog\u00e9niques, notamment dans l&rsquo;azote liquide (-196\u00b0C)<\/li>\n<li>Sp\u00e9cialement con\u00e7u pour l&rsquo;identification des paillettes de cryoconservation (0,25 ml et 0,5 ml) utilis\u00e9es dans les laboratoires de FIV<\/li>\n<li>Imprimable avec toutes les grandes marques d&rsquo;imprimantes \u00e0 transfert thermique<\/li>\n<li>R\u00e9sistant \u00e0 l&rsquo;irradiation gamma (test\u00e9 jusqu&rsquo;\u00e0 50 kGy)<\/li>\n<\/ul>\n<p>&nbsp;<\/p>\n","protected":false},"excerpt":{"rendered":"<p>\u00c9tiquettes cryog\u00e9niques autoplastifiantes pour pailles de FIV de 0,25 ml et 0,5 ml utilis\u00e9es dans les cliniques et laboratoires de technologie de procr\u00e9ation assist\u00e9e ainsi que dans les entreprises d&rsquo;\u00e9levage et de biotechnologie. Con\u00e7u pour la cryoconservation \u00e0 court et \u00e0 long terme dans des conditions de laboratoire cryog\u00e9nique, y compris les cong\u00e9lateurs \u00e0 azote liquide en phase liquide et vapeur (-196\u00b0C, -80\u00b0C) et le transport de glace carbonique. Imprimable avec des imprimantes de codes-barres \u00e0 transfert thermique pour une identification et une tra\u00e7abilit\u00e9 s\u00e9curis\u00e9es des \u00e9chantillons.  <\/p>\n","protected":false},"featured_media":26501,"comment_status":"open","ping_status":"closed","template":"","meta":{"_acf_changed":false,"_et_pb_use_builder":"","_et_pb_old_content":"","_et_gb_content_width":""},"product_brand":[],"product_cat":[683,689],"product_tag":[],"pa_connextion-shapes":[],"class_list":{"0":"post-50774","1":"product","2":"type-product","3":"status-publish","4":"has-post-thumbnail","6":"product_cat-etiquettes-de-laboratoire","7":"product_cat-etiquettes-pour-cryo-fiv","9":"first","10":"instock","11":"taxable","12":"shipping-taxable","13":"purchasable","14":"product-type-variable","15":"has-default-attributes"},"exclude_global_add_ons":[],"addons":[],"acf":[],"yoast_head":"<!-- This site is optimized with the Yoast SEO Premium plugin v27.0 (Yoast SEO v27.1) - https:\/\/yoast.com\/product\/yoast-seo-premium-wordpress\/ -->\n<title>\u00c9tiquette de paille FIV 25ml Pailles 25,4x25,4mm<\/title>\n<meta name=\"description\" content=\"\u00c9tiquettes cryog\u00e9niques autoplastifiantes pour pailles de FIV de 0,25 ml et 0,5 ml utilis\u00e9es dans les cliniques et laboratoires de technologie de procr\u00e9ation assist\u00e9e ainsi que...\" \/>\n<meta name=\"robots\" content=\"index, follow, max-snippet:-1, max-image-preview:large, max-video-preview:-1\" \/>\n<link rel=\"canonical\" href=\"https:\/\/d-identify.be\/fr\/produit\/etiquette-de-paille-fiv-pour-pailles-de-025-ml-254-x-254-mm\/\" \/>\n<meta property=\"og:locale\" content=\"fr_FR\" \/>\n<meta property=\"og:type\" content=\"article\" \/>\n<meta property=\"og:title\" content=\"\u00c9tiquette de paille FIV pour pailles de 0,25 ml 25,4 X 25,4 mm\" \/>\n<meta property=\"og:description\" content=\"\u00c9tiquettes cryog\u00e9niques autoplastifiantes pour pailles de FIV de 0,25 ml et 0,5 ml utilis\u00e9es dans les cliniques et laboratoires de technologie de procr\u00e9ation assist\u00e9e ainsi que...\" \/>\n<meta property=\"og:url\" content=\"https:\/\/d-identify.be\/fr\/produit\/etiquette-de-paille-fiv-pour-pailles-de-025-ml-254-x-254-mm\/\" \/>\n<meta property=\"og:site_name\" content=\"d-identify\" \/>\n<meta property=\"og:image\" content=\"https:\/\/d-identify.be\/wp-content\/uploads\/2021\/07\/IVF-25.4x25.4-C1-.25-1K-BL.png\" \/>\n\t<meta property=\"og:image:width\" content=\"360\" \/>\n\t<meta property=\"og:image:height\" content=\"504\" \/>\n\t<meta property=\"og:image:type\" content=\"image\/png\" \/>\n<meta name=\"twitter:card\" content=\"summary_large_image\" \/>\n<meta name=\"twitter:label1\" content=\"Dur\u00e9e de lecture estim\u00e9e\" \/>\n\t<meta name=\"twitter:data1\" content=\"1 minute\" \/>\n<script type=\"application\/ld+json\" class=\"yoast-schema-graph\">{\"@context\":\"https:\/\/schema.org\",\"@graph\":[{\"@type\":\"WebPage\",\"@id\":\"https:\/\/d-identify.be\/fr\/produit\/etiquette-de-paille-fiv-pour-pailles-de-025-ml-254-x-254-mm\/\",\"url\":\"https:\/\/d-identify.be\/fr\/produit\/etiquette-de-paille-fiv-pour-pailles-de-025-ml-254-x-254-mm\/\",\"name\":\"\u00c9tiquette de paille FIV 25ml Pailles 25,4x25,4mm\",\"isPartOf\":{\"@id\":\"https:\/\/d-identify.be\/fr\/#website\"},\"primaryImageOfPage\":{\"@id\":\"https:\/\/d-identify.be\/fr\/produit\/etiquette-de-paille-fiv-pour-pailles-de-025-ml-254-x-254-mm\/#primaryimage\"},\"image\":{\"@id\":\"https:\/\/d-identify.be\/fr\/produit\/etiquette-de-paille-fiv-pour-pailles-de-025-ml-254-x-254-mm\/#primaryimage\"},\"thumbnailUrl\":\"https:\/\/d-identify.be\/wp-content\/uploads\/2021\/07\/IVF-25.4x25.4-C1-.25-1K-BL.png\",\"datePublished\":\"2021-07-26T10:41:50+00:00\",\"description\":\"\u00c9tiquettes cryog\u00e9niques autoplastifiantes pour pailles de FIV de 0,25 ml et 0,5 ml utilis\u00e9es dans les cliniques et laboratoires de technologie de procr\u00e9ation assist\u00e9e ainsi que...\",\"breadcrumb\":{\"@id\":\"https:\/\/d-identify.be\/fr\/produit\/etiquette-de-paille-fiv-pour-pailles-de-025-ml-254-x-254-mm\/#breadcrumb\"},\"inLanguage\":\"fr-FR\",\"potentialAction\":[{\"@type\":\"ReadAction\",\"target\":[\"https:\/\/d-identify.be\/fr\/produit\/etiquette-de-paille-fiv-pour-pailles-de-025-ml-254-x-254-mm\/\"]}]},{\"@type\":\"ImageObject\",\"inLanguage\":\"fr-FR\",\"@id\":\"https:\/\/d-identify.be\/fr\/produit\/etiquette-de-paille-fiv-pour-pailles-de-025-ml-254-x-254-mm\/#primaryimage\",\"url\":\"https:\/\/d-identify.be\/wp-content\/uploads\/2021\/07\/IVF-25.4x25.4-C1-.25-1K-BL.png\",\"contentUrl\":\"https:\/\/d-identify.be\/wp-content\/uploads\/2021\/07\/IVF-25.4x25.4-C1-.25-1K-BL.png\",\"width\":360,\"height\":504,\"caption\":\"Straw label for .25ml straws 25.4 X 25.4mm\"},{\"@type\":\"BreadcrumbList\",\"@id\":\"https:\/\/d-identify.be\/fr\/produit\/etiquette-de-paille-fiv-pour-pailles-de-025-ml-254-x-254-mm\/#breadcrumb\",\"itemListElement\":[{\"@type\":\"ListItem\",\"position\":1,\"name\":\"Home\",\"item\":\"https:\/\/d-identify.be\/fr\/home-2\/\"},{\"@type\":\"ListItem\",\"position\":2,\"name\":\"Boutique\",\"item\":\"https:\/\/d-identify.be\/fr\/boutique\/\"},{\"@type\":\"ListItem\",\"position\":3,\"name\":\"\u00c9tiquette de paille FIV pour pailles de 0,25 ml 25,4 X 25,4 mm\"}]},{\"@type\":\"WebSite\",\"@id\":\"https:\/\/d-identify.be\/fr\/#website\",\"url\":\"https:\/\/d-identify.be\/fr\/\",\"name\":\"d-identify\",\"description\":\"Industrial identification - Lockout - Tagout - Floor marking\",\"potentialAction\":[{\"@type\":\"SearchAction\",\"target\":{\"@type\":\"EntryPoint\",\"urlTemplate\":\"https:\/\/d-identify.be\/fr\/?s={search_term_string}\"},\"query-input\":{\"@type\":\"PropertyValueSpecification\",\"valueRequired\":true,\"valueName\":\"search_term_string\"}}],\"inLanguage\":\"fr-FR\"}]}<\/script>\n<!-- \/ Yoast SEO Premium plugin. -->","yoast_head_json":{"title":"\u00c9tiquette de paille FIV 25ml Pailles 25,4x25,4mm","description":"\u00c9tiquettes cryog\u00e9niques autoplastifiantes pour pailles de FIV de 0,25 ml et 0,5 ml utilis\u00e9es dans les cliniques et laboratoires de technologie de procr\u00e9ation assist\u00e9e ainsi que...","robots":{"index":"index","follow":"follow","max-snippet":"max-snippet:-1","max-image-preview":"max-image-preview:large","max-video-preview":"max-video-preview:-1"},"canonical":"https:\/\/d-identify.be\/fr\/produit\/etiquette-de-paille-fiv-pour-pailles-de-025-ml-254-x-254-mm\/","og_locale":"fr_FR","og_type":"article","og_title":"\u00c9tiquette de paille FIV pour pailles de 0,25 ml 25,4 X 25,4 mm","og_description":"\u00c9tiquettes cryog\u00e9niques autoplastifiantes pour pailles de FIV de 0,25 ml et 0,5 ml utilis\u00e9es dans les cliniques et laboratoires de technologie de procr\u00e9ation assist\u00e9e ainsi que...","og_url":"https:\/\/d-identify.be\/fr\/produit\/etiquette-de-paille-fiv-pour-pailles-de-025-ml-254-x-254-mm\/","og_site_name":"d-identify","og_image":[{"width":360,"height":504,"url":"https:\/\/d-identify.be\/wp-content\/uploads\/2021\/07\/IVF-25.4x25.4-C1-.25-1K-BL.png","type":"image\/png"}],"twitter_card":"summary_large_image","twitter_misc":{"Dur\u00e9e de lecture estim\u00e9e":"1 minute"},"schema":{"@context":"https:\/\/schema.org","@graph":[{"@type":"WebPage","@id":"https:\/\/d-identify.be\/fr\/produit\/etiquette-de-paille-fiv-pour-pailles-de-025-ml-254-x-254-mm\/","url":"https:\/\/d-identify.be\/fr\/produit\/etiquette-de-paille-fiv-pour-pailles-de-025-ml-254-x-254-mm\/","name":"\u00c9tiquette de paille FIV 25ml Pailles 25,4x25,4mm","isPartOf":{"@id":"https:\/\/d-identify.be\/fr\/#website"},"primaryImageOfPage":{"@id":"https:\/\/d-identify.be\/fr\/produit\/etiquette-de-paille-fiv-pour-pailles-de-025-ml-254-x-254-mm\/#primaryimage"},"image":{"@id":"https:\/\/d-identify.be\/fr\/produit\/etiquette-de-paille-fiv-pour-pailles-de-025-ml-254-x-254-mm\/#primaryimage"},"thumbnailUrl":"https:\/\/d-identify.be\/wp-content\/uploads\/2021\/07\/IVF-25.4x25.4-C1-.25-1K-BL.png","datePublished":"2021-07-26T10:41:50+00:00","description":"\u00c9tiquettes cryog\u00e9niques autoplastifiantes pour pailles de FIV de 0,25 ml et 0,5 ml utilis\u00e9es dans les cliniques et laboratoires de technologie de procr\u00e9ation assist\u00e9e ainsi que...","breadcrumb":{"@id":"https:\/\/d-identify.be\/fr\/produit\/etiquette-de-paille-fiv-pour-pailles-de-025-ml-254-x-254-mm\/#breadcrumb"},"inLanguage":"fr-FR","potentialAction":[{"@type":"ReadAction","target":["https:\/\/d-identify.be\/fr\/produit\/etiquette-de-paille-fiv-pour-pailles-de-025-ml-254-x-254-mm\/"]}]},{"@type":"ImageObject","inLanguage":"fr-FR","@id":"https:\/\/d-identify.be\/fr\/produit\/etiquette-de-paille-fiv-pour-pailles-de-025-ml-254-x-254-mm\/#primaryimage","url":"https:\/\/d-identify.be\/wp-content\/uploads\/2021\/07\/IVF-25.4x25.4-C1-.25-1K-BL.png","contentUrl":"https:\/\/d-identify.be\/wp-content\/uploads\/2021\/07\/IVF-25.4x25.4-C1-.25-1K-BL.png","width":360,"height":504,"caption":"Straw label for .25ml straws 25.4 X 25.4mm"},{"@type":"BreadcrumbList","@id":"https:\/\/d-identify.be\/fr\/produit\/etiquette-de-paille-fiv-pour-pailles-de-025-ml-254-x-254-mm\/#breadcrumb","itemListElement":[{"@type":"ListItem","position":1,"name":"Home","item":"https:\/\/d-identify.be\/fr\/home-2\/"},{"@type":"ListItem","position":2,"name":"Boutique","item":"https:\/\/d-identify.be\/fr\/boutique\/"},{"@type":"ListItem","position":3,"name":"\u00c9tiquette de paille FIV pour pailles de 0,25 ml 25,4 X 25,4 mm"}]},{"@type":"WebSite","@id":"https:\/\/d-identify.be\/fr\/#website","url":"https:\/\/d-identify.be\/fr\/","name":"d-identify","description":"Industrial identification - Lockout - Tagout - Floor marking","potentialAction":[{"@type":"SearchAction","target":{"@type":"EntryPoint","urlTemplate":"https:\/\/d-identify.be\/fr\/?s={search_term_string}"},"query-input":{"@type":"PropertyValueSpecification","valueRequired":true,"valueName":"search_term_string"}}],"inLanguage":"fr-FR"}]}},"_links":{"self":[{"href":"https:\/\/d-identify.be\/fr\/wp-json\/wp\/v2\/product\/50774","targetHints":{"allow":["GET"]}}],"collection":[{"href":"https:\/\/d-identify.be\/fr\/wp-json\/wp\/v2\/product"}],"about":[{"href":"https:\/\/d-identify.be\/fr\/wp-json\/wp\/v2\/types\/product"}],"replies":[{"embeddable":true,"href":"https:\/\/d-identify.be\/fr\/wp-json\/wp\/v2\/comments?post=50774"}],"wp:featuredmedia":[{"embeddable":true,"href":"https:\/\/d-identify.be\/fr\/wp-json\/wp\/v2\/media\/26501"}],"wp:attachment":[{"href":"https:\/\/d-identify.be\/fr\/wp-json\/wp\/v2\/media?parent=50774"}],"wp:term":[{"taxonomy":"product_brand","embeddable":true,"href":"https:\/\/d-identify.be\/fr\/wp-json\/wp\/v2\/product_brand?post=50774"},{"taxonomy":"product_cat","embeddable":true,"href":"https:\/\/d-identify.be\/fr\/wp-json\/wp\/v2\/product_cat?post=50774"},{"taxonomy":"product_tag","embeddable":true,"href":"https:\/\/d-identify.be\/fr\/wp-json\/wp\/v2\/product_tag?post=50774"},{"taxonomy":"pa_connextion-shapes","embeddable":true,"href":"https:\/\/d-identify.be\/fr\/wp-json\/wp\/v2\/pa_connextion-shapes?post=50774"}],"curies":[{"name":"wp","href":"https:\/\/api.w.org\/{rel}","templated":true}]}}