{"id":50710,"date":"2021-07-26T12:40:53","date_gmt":"2021-07-26T10:40:53","guid":{"rendered":"https:\/\/d-identify.be\/product\/etiquette-de-transfert-thermique-permanente-pour-autoclave-508-mm-x-101-mm\/"},"modified":"2021-07-26T12:40:53","modified_gmt":"2021-07-26T10:40:53","slug":"etiquette-de-transfert-thermique-permanente-pour-autoclave-508-mm-x-101-mm","status":"publish","type":"product","link":"https:\/\/d-identify.be\/fr\/produit\/etiquette-de-transfert-thermique-permanente-pour-autoclave-508-mm-x-101-mm\/","title":{"rendered":"\u00c9tiquette de transfert thermique permanente pour autoclave 50,8 mm x 101 mm<br>"},"content":{"rendered":"<p>\u00c9tiquettes permanentes r\u00e9sistantes aux hautes temp\u00e9ratures pour l&rsquo;identification de divers r\u00e9cipients et surfaces soumis \u00e0 l&rsquo;autoclavage et \u00e0 la st\u00e9rilisation \u00e0 la chaleur s\u00e8che. Plages de temp\u00e9rature de -60\u00b0C \u00e0 +150\u00b0C. Les \u00e9tiquettes peuvent \u00eatre appliqu\u00e9es sur des surfaces en m\u00e9tal, en plastique et en verre. Ils peuvent r\u00e9sister \u00e0 20 cycles de st\u00e9rilisation en autoclave \u00e0 121\u00b0C et 16,5 psi de pression. Les \u00e9tiquettes et les impressions peuvent r\u00e9sister \u00e0 des expositions \u00e0 haute temp\u00e9rature ainsi qu&rsquo;\u00e0 une irradiation gamma (jusqu&rsquo;\u00e0 50 KGy) et \u00e0 une st\u00e9rilisation \u00e0 l&rsquo;oxyde d&rsquo;\u00e9thyl\u00e8ne. Id\u00e9al pour l&rsquo;identification des conteneurs et des surfaces qui doivent \u00eatre st\u00e9rilis\u00e9s \u00e0 l&rsquo;int\u00e9rieur des autoclaves, des \u00e9quipements de st\u00e9rilisation \u00e0 chaleur s\u00e8che et des irradiateurs gamma. Imperm\u00e9able, r\u00e9sistant aux intemp\u00e9ries, imprimable par transfert thermique.     <\/p>\n<p><strong>Avantages :<\/strong><\/p>\n<ul>\n<li>Les \u00e9tiquettes polyvalentes peuvent adh\u00e9rer de mani\u00e8re permanente \u00e0 une vari\u00e9t\u00e9 de surfaces telles que le m\u00e9tal, le plastique et le verre.<\/li>\n<li>Peut r\u00e9sister \u00e0 des temp\u00e9ratures \u00e9lev\u00e9es, id\u00e9al pour plusieurs cycles de st\u00e9rilisation en autoclave \u00e0 121 \u00b0C et une pression de 16,5 psi pendant 20 minutes, l&rsquo;irradiation gamma (jusqu&rsquo;\u00e0 50 kgy) et la st\u00e9rilisation \u00e0 l&rsquo;oxyde d&rsquo;\u00e9thyl\u00e8ne.<\/li>\n<li>Imprimable avec toutes les grandes marques d&rsquo;imprimantes \u00e0 transfert thermique<\/li>\n<\/ul>\n<h3><\/h3>\n<p>&nbsp;<\/p>\n","protected":false},"excerpt":{"rendered":"<p>\u00c9tiquettes permanentes r\u00e9sistantes aux hautes temp\u00e9ratures pour l&rsquo;identification de divers r\u00e9cipients et surfaces soumis \u00e0 l&rsquo;autoclavage et \u00e0 la st\u00e9rilisation \u00e0 la chaleur s\u00e8che. Plages de temp\u00e9rature de -60\u00b0C \u00e0 +150\u00b0C. Les \u00e9tiquettes peuvent \u00eatre appliqu\u00e9es sur des surfaces en m\u00e9tal, en plastique et en verre et r\u00e9sistent \u00e0 20 cycles de st\u00e9rilisation en autoclave \u00e0 121\u00b0C et 16,5 psi de pression. <\/p>\n","protected":false},"featured_media":26763,"comment_status":"open","ping_status":"closed","template":"","meta":{"_acf_changed":false,"_et_pb_use_builder":"","_et_pb_old_content":"","_et_gb_content_width":""},"product_brand":[],"product_cat":[683,686],"product_tag":[],"pa_connextion-shapes":[],"class_list":{"0":"post-50710","1":"product","2":"type-product","3":"status-publish","4":"has-post-thumbnail","6":"product_cat-etiquettes-de-laboratoire","7":"product_cat-etiquettes-pour-autoclave","9":"first","10":"instock","11":"taxable","12":"shipping-taxable","13":"purchasable","14":"product-type-variable","15":"has-default-attributes"},"exclude_global_add_ons":[],"addons":[],"acf":[],"yoast_head":"<!-- This site is optimized with the Yoast SEO Premium plugin v27.0 (Yoast SEO v27.1) - https:\/\/yoast.com\/product\/yoast-seo-premium-wordpress\/ -->\n<title>\u00c9tiquette de transfert thermique permanente pour autoclave 50,8 mm x 101 mm - d-identify<\/title>\n<meta name=\"description\" content=\"\u00c9tiquettes permanentes r\u00e9sistantes aux hautes temp\u00e9ratures pour l&#039;identification de divers r\u00e9cipients et surfaces soumis \u00e0 l&#039;autoclavage et \u00e0 la st\u00e9rilisation \u00e0 la chaleur s\u00e8che.\" \/>\n<meta name=\"robots\" content=\"index, follow, max-snippet:-1, max-image-preview:large, max-video-preview:-1\" \/>\n<link rel=\"canonical\" href=\"https:\/\/d-identify.be\/fr\/produit\/etiquette-de-transfert-thermique-permanente-pour-autoclave-508-mm-x-101-mm\/\" \/>\n<meta property=\"og:locale\" content=\"fr_FR\" \/>\n<meta property=\"og:type\" content=\"article\" \/>\n<meta property=\"og:title\" content=\"\u00c9tiquette de transfert thermique permanente pour autoclave 50,8 mm x 101 mm\" \/>\n<meta property=\"og:description\" content=\"\u00c9tiquettes permanentes r\u00e9sistantes aux hautes temp\u00e9ratures pour l&#039;identification de divers r\u00e9cipients et surfaces soumis \u00e0 l&#039;autoclavage et \u00e0 la st\u00e9rilisation \u00e0 la chaleur s\u00e8che.\" \/>\n<meta property=\"og:url\" content=\"https:\/\/d-identify.be\/fr\/produit\/etiquette-de-transfert-thermique-permanente-pour-autoclave-508-mm-x-101-mm\/\" \/>\n<meta property=\"og:site_name\" content=\"d-identify\" \/>\n<meta property=\"og:image\" content=\"https:\/\/d-identify.be\/wp-content\/uploads\/2021\/07\/AC-50.8x101-P-C1-1K-YL.png\" \/>\n\t<meta property=\"og:image:width\" content=\"907\" \/>\n\t<meta property=\"og:image:height\" content=\"907\" \/>\n\t<meta property=\"og:image:type\" content=\"image\/png\" \/>\n<meta name=\"twitter:card\" content=\"summary_large_image\" \/>\n<meta name=\"twitter:label1\" content=\"Dur\u00e9e de lecture estim\u00e9e\" \/>\n\t<meta name=\"twitter:data1\" content=\"1 minute\" \/>\n<script type=\"application\/ld+json\" class=\"yoast-schema-graph\">{\"@context\":\"https:\/\/schema.org\",\"@graph\":[{\"@type\":\"WebPage\",\"@id\":\"https:\/\/d-identify.be\/fr\/produit\/etiquette-de-transfert-thermique-permanente-pour-autoclave-508-mm-x-101-mm\/\",\"url\":\"https:\/\/d-identify.be\/fr\/produit\/etiquette-de-transfert-thermique-permanente-pour-autoclave-508-mm-x-101-mm\/\",\"name\":\"\u00c9tiquette de transfert thermique permanente pour autoclave 50,8 mm x 101 mm - d-identify\",\"isPartOf\":{\"@id\":\"https:\/\/d-identify.be\/fr\/#website\"},\"primaryImageOfPage\":{\"@id\":\"https:\/\/d-identify.be\/fr\/produit\/etiquette-de-transfert-thermique-permanente-pour-autoclave-508-mm-x-101-mm\/#primaryimage\"},\"image\":{\"@id\":\"https:\/\/d-identify.be\/fr\/produit\/etiquette-de-transfert-thermique-permanente-pour-autoclave-508-mm-x-101-mm\/#primaryimage\"},\"thumbnailUrl\":\"https:\/\/d-identify.be\/wp-content\/uploads\/2021\/07\/AC-50.8x101-P-C1-1K-YL.png\",\"datePublished\":\"2021-07-26T10:40:53+00:00\",\"description\":\"\u00c9tiquettes permanentes r\u00e9sistantes aux hautes temp\u00e9ratures pour l'identification de divers r\u00e9cipients et surfaces soumis \u00e0 l'autoclavage et \u00e0 la st\u00e9rilisation \u00e0 la chaleur s\u00e8che.\",\"breadcrumb\":{\"@id\":\"https:\/\/d-identify.be\/fr\/produit\/etiquette-de-transfert-thermique-permanente-pour-autoclave-508-mm-x-101-mm\/#breadcrumb\"},\"inLanguage\":\"fr-FR\",\"potentialAction\":[{\"@type\":\"ReadAction\",\"target\":[\"https:\/\/d-identify.be\/fr\/produit\/etiquette-de-transfert-thermique-permanente-pour-autoclave-508-mm-x-101-mm\/\"]}]},{\"@type\":\"ImageObject\",\"inLanguage\":\"fr-FR\",\"@id\":\"https:\/\/d-identify.be\/fr\/produit\/etiquette-de-transfert-thermique-permanente-pour-autoclave-508-mm-x-101-mm\/#primaryimage\",\"url\":\"https:\/\/d-identify.be\/wp-content\/uploads\/2021\/07\/AC-50.8x101-P-C1-1K-YL.png\",\"contentUrl\":\"https:\/\/d-identify.be\/wp-content\/uploads\/2021\/07\/AC-50.8x101-P-C1-1K-YL.png\",\"width\":907,\"height\":907,\"caption\":\"Permanent Autoclave Thermal transfer label 50.8mm x 101mm -\"},{\"@type\":\"BreadcrumbList\",\"@id\":\"https:\/\/d-identify.be\/fr\/produit\/etiquette-de-transfert-thermique-permanente-pour-autoclave-508-mm-x-101-mm\/#breadcrumb\",\"itemListElement\":[{\"@type\":\"ListItem\",\"position\":1,\"name\":\"Home\",\"item\":\"https:\/\/d-identify.be\/fr\/home-2\/\"},{\"@type\":\"ListItem\",\"position\":2,\"name\":\"Boutique\",\"item\":\"https:\/\/d-identify.be\/fr\/boutique\/\"},{\"@type\":\"ListItem\",\"position\":3,\"name\":\"\u00c9tiquette de transfert thermique permanente pour autoclave 50,8 mm x 101 mm\"}]},{\"@type\":\"WebSite\",\"@id\":\"https:\/\/d-identify.be\/fr\/#website\",\"url\":\"https:\/\/d-identify.be\/fr\/\",\"name\":\"d-identify\",\"description\":\"Industrial identification - Lockout - Tagout - Floor marking\",\"potentialAction\":[{\"@type\":\"SearchAction\",\"target\":{\"@type\":\"EntryPoint\",\"urlTemplate\":\"https:\/\/d-identify.be\/fr\/?s={search_term_string}\"},\"query-input\":{\"@type\":\"PropertyValueSpecification\",\"valueRequired\":true,\"valueName\":\"search_term_string\"}}],\"inLanguage\":\"fr-FR\"}]}<\/script>\n<!-- \/ Yoast SEO Premium plugin. -->","yoast_head_json":{"title":"\u00c9tiquette de transfert thermique permanente pour autoclave 50,8 mm x 101 mm - d-identify","description":"\u00c9tiquettes permanentes r\u00e9sistantes aux hautes temp\u00e9ratures pour l'identification de divers r\u00e9cipients et surfaces soumis \u00e0 l'autoclavage et \u00e0 la st\u00e9rilisation \u00e0 la chaleur s\u00e8che.","robots":{"index":"index","follow":"follow","max-snippet":"max-snippet:-1","max-image-preview":"max-image-preview:large","max-video-preview":"max-video-preview:-1"},"canonical":"https:\/\/d-identify.be\/fr\/produit\/etiquette-de-transfert-thermique-permanente-pour-autoclave-508-mm-x-101-mm\/","og_locale":"fr_FR","og_type":"article","og_title":"\u00c9tiquette de transfert thermique permanente pour autoclave 50,8 mm x 101 mm","og_description":"\u00c9tiquettes permanentes r\u00e9sistantes aux hautes temp\u00e9ratures pour l'identification de divers r\u00e9cipients et surfaces soumis \u00e0 l'autoclavage et \u00e0 la st\u00e9rilisation \u00e0 la chaleur s\u00e8che.","og_url":"https:\/\/d-identify.be\/fr\/produit\/etiquette-de-transfert-thermique-permanente-pour-autoclave-508-mm-x-101-mm\/","og_site_name":"d-identify","og_image":[{"width":907,"height":907,"url":"https:\/\/d-identify.be\/wp-content\/uploads\/2021\/07\/AC-50.8x101-P-C1-1K-YL.png","type":"image\/png"}],"twitter_card":"summary_large_image","twitter_misc":{"Dur\u00e9e de lecture estim\u00e9e":"1 minute"},"schema":{"@context":"https:\/\/schema.org","@graph":[{"@type":"WebPage","@id":"https:\/\/d-identify.be\/fr\/produit\/etiquette-de-transfert-thermique-permanente-pour-autoclave-508-mm-x-101-mm\/","url":"https:\/\/d-identify.be\/fr\/produit\/etiquette-de-transfert-thermique-permanente-pour-autoclave-508-mm-x-101-mm\/","name":"\u00c9tiquette de transfert thermique permanente pour autoclave 50,8 mm x 101 mm - d-identify","isPartOf":{"@id":"https:\/\/d-identify.be\/fr\/#website"},"primaryImageOfPage":{"@id":"https:\/\/d-identify.be\/fr\/produit\/etiquette-de-transfert-thermique-permanente-pour-autoclave-508-mm-x-101-mm\/#primaryimage"},"image":{"@id":"https:\/\/d-identify.be\/fr\/produit\/etiquette-de-transfert-thermique-permanente-pour-autoclave-508-mm-x-101-mm\/#primaryimage"},"thumbnailUrl":"https:\/\/d-identify.be\/wp-content\/uploads\/2021\/07\/AC-50.8x101-P-C1-1K-YL.png","datePublished":"2021-07-26T10:40:53+00:00","description":"\u00c9tiquettes permanentes r\u00e9sistantes aux hautes temp\u00e9ratures pour l'identification de divers r\u00e9cipients et surfaces soumis \u00e0 l'autoclavage et \u00e0 la st\u00e9rilisation \u00e0 la chaleur s\u00e8che.","breadcrumb":{"@id":"https:\/\/d-identify.be\/fr\/produit\/etiquette-de-transfert-thermique-permanente-pour-autoclave-508-mm-x-101-mm\/#breadcrumb"},"inLanguage":"fr-FR","potentialAction":[{"@type":"ReadAction","target":["https:\/\/d-identify.be\/fr\/produit\/etiquette-de-transfert-thermique-permanente-pour-autoclave-508-mm-x-101-mm\/"]}]},{"@type":"ImageObject","inLanguage":"fr-FR","@id":"https:\/\/d-identify.be\/fr\/produit\/etiquette-de-transfert-thermique-permanente-pour-autoclave-508-mm-x-101-mm\/#primaryimage","url":"https:\/\/d-identify.be\/wp-content\/uploads\/2021\/07\/AC-50.8x101-P-C1-1K-YL.png","contentUrl":"https:\/\/d-identify.be\/wp-content\/uploads\/2021\/07\/AC-50.8x101-P-C1-1K-YL.png","width":907,"height":907,"caption":"Permanent Autoclave Thermal transfer label 50.8mm x 101mm -"},{"@type":"BreadcrumbList","@id":"https:\/\/d-identify.be\/fr\/produit\/etiquette-de-transfert-thermique-permanente-pour-autoclave-508-mm-x-101-mm\/#breadcrumb","itemListElement":[{"@type":"ListItem","position":1,"name":"Home","item":"https:\/\/d-identify.be\/fr\/home-2\/"},{"@type":"ListItem","position":2,"name":"Boutique","item":"https:\/\/d-identify.be\/fr\/boutique\/"},{"@type":"ListItem","position":3,"name":"\u00c9tiquette de transfert thermique permanente pour autoclave 50,8 mm x 101 mm"}]},{"@type":"WebSite","@id":"https:\/\/d-identify.be\/fr\/#website","url":"https:\/\/d-identify.be\/fr\/","name":"d-identify","description":"Industrial identification - Lockout - Tagout - Floor marking","potentialAction":[{"@type":"SearchAction","target":{"@type":"EntryPoint","urlTemplate":"https:\/\/d-identify.be\/fr\/?s={search_term_string}"},"query-input":{"@type":"PropertyValueSpecification","valueRequired":true,"valueName":"search_term_string"}}],"inLanguage":"fr-FR"}]}},"_links":{"self":[{"href":"https:\/\/d-identify.be\/fr\/wp-json\/wp\/v2\/product\/50710","targetHints":{"allow":["GET"]}}],"collection":[{"href":"https:\/\/d-identify.be\/fr\/wp-json\/wp\/v2\/product"}],"about":[{"href":"https:\/\/d-identify.be\/fr\/wp-json\/wp\/v2\/types\/product"}],"replies":[{"embeddable":true,"href":"https:\/\/d-identify.be\/fr\/wp-json\/wp\/v2\/comments?post=50710"}],"wp:featuredmedia":[{"embeddable":true,"href":"https:\/\/d-identify.be\/fr\/wp-json\/wp\/v2\/media\/26763"}],"wp:attachment":[{"href":"https:\/\/d-identify.be\/fr\/wp-json\/wp\/v2\/media?parent=50710"}],"wp:term":[{"taxonomy":"product_brand","embeddable":true,"href":"https:\/\/d-identify.be\/fr\/wp-json\/wp\/v2\/product_brand?post=50710"},{"taxonomy":"product_cat","embeddable":true,"href":"https:\/\/d-identify.be\/fr\/wp-json\/wp\/v2\/product_cat?post=50710"},{"taxonomy":"product_tag","embeddable":true,"href":"https:\/\/d-identify.be\/fr\/wp-json\/wp\/v2\/product_tag?post=50710"},{"taxonomy":"pa_connextion-shapes","embeddable":true,"href":"https:\/\/d-identify.be\/fr\/wp-json\/wp\/v2\/pa_connextion-shapes?post=50710"}],"curies":[{"name":"wp","href":"https:\/\/api.w.org\/{rel}","templated":true}]}}