{"id":50692,"date":"2021-07-26T12:41:21","date_gmt":"2021-07-26T10:41:21","guid":{"rendered":"https:\/\/d-identify.be\/product\/etiquette-de-transfert-thermique-pour-autoclave-amovible-76-mm-x-508-mm\/"},"modified":"2021-07-26T12:41:21","modified_gmt":"2021-07-26T10:41:21","slug":"etiquette-de-transfert-thermique-pour-autoclave-amovible-76-mm-x-508-mm","status":"publish","type":"product","link":"https:\/\/d-identify.be\/fr\/produit\/etiquette-de-transfert-thermique-pour-autoclave-amovible-76-mm-x-508-mm\/","title":{"rendered":"\u00c9tiquette de transfert thermique pour autoclave amovible 76 mm x 50,8 mm"},"content":{"rendered":"<p>Les \u00e9tiquettes amovibles r\u00e9sistantes \u00e0 l&rsquo;autoclave sont id\u00e9ales pour les surfaces en m\u00e9tal, en plastique et en verre. \u00c9galement pour les instruments chirurgicaux, la verrerie, les plateaux, les blisters et autres articles destin\u00e9s \u00e0 \u00eatre utilis\u00e9s dans les autoclaves \u00e0 vapeur, les fours, les irradiateurs gamma et la st\u00e9rilisation \u00e0 l&rsquo;oxyde d&rsquo;\u00e9thyl\u00e8ne. Nos \u00e9tiquettes \u00e0 transfert thermique durables en autoclave ne laisseront aucun r\u00e9sidu adh\u00e9sif une fois retir\u00e9es. Ce sont la m\u00e9t\u00e9o et l&rsquo;environnement. imperm\u00e9ables, r\u00e9sistants \u00e0 l&rsquo;alcool et ont \u00e9t\u00e9 test\u00e9s pour supporter jusqu&rsquo;\u00e0 20 cycles d&rsquo;autoclave. (\u00e0 121\u00b0C, 16,5psi pendant 20 minutes). Compatible avec toutes les grandes marques d&rsquo;imprimantes \u00e0 transfert thermique.     <\/p>\n<p><strong>Avantages :<\/strong><\/p>\n<ul>\n<li>L&rsquo;adh\u00e9sif adapt\u00e9 aux gants ne colle pas \u00e0 vos gants et garantit que les \u00e9tiquettes s&rsquo;enl\u00e8vent facilement sans laisser de r\u00e9sidus d&rsquo;adh\u00e9sif.<\/li>\n<li>Peut r\u00e9sister \u00e0 des temp\u00e9ratures \u00e9lev\u00e9es, id\u00e9al pour les cycles de st\u00e9rilisation en autoclave, id\u00e9al pour plusieurs cycles de st\u00e9rilisation en autoclave \u00e0 121\u00b0C et 16,5 psi de pression pendant 20 minutes, irradiation gamma (jusqu&rsquo;\u00e0 50 KGy) et st\u00e9rilisation \u00e0 l&rsquo;oxyde d&rsquo;\u00e9thyl\u00e8ne.<\/li>\n<li>Imprimable avec toutes les grandes marques d&rsquo;imprimantes \u00e0 transfert thermique<\/li>\n<\/ul>\n","protected":false},"excerpt":{"rendered":"<p>Les \u00e9tiquettes amovibles r\u00e9sistantes \u00e0 l&rsquo;autoclave sont id\u00e9ales pour les surfaces en m\u00e9tal, en plastique et en verre. \u00c9galement pour les instruments chirurgicaux, la verrerie, les plateaux, les blisters et autres articles destin\u00e9s \u00e0 \u00eatre utilis\u00e9s dans les autoclaves \u00e0 vapeur, les fours, les irradiateurs gamma et la st\u00e9rilisation \u00e0 l&rsquo;oxyde d&rsquo;\u00e9thyl\u00e8ne. Nos \u00e9tiquettes \u00e0 transfert thermique durables en autoclave ne laisseront aucun r\u00e9sidu adh\u00e9sif une fois retir\u00e9es. Ce sont la m\u00e9t\u00e9o et l&rsquo;environnement. imperm\u00e9ables, r\u00e9sistants \u00e0 l&rsquo;alcool et ont \u00e9t\u00e9 test\u00e9s pour supporter jusqu&rsquo;\u00e0 20 cycles d&rsquo;autoclave. (\u00e0 121\u00b0C, 16,5psi pendant 20 minutes). Compatible avec toutes les grandes marques d&rsquo;imprimantes \u00e0 transfert thermique.     <\/p>\n","protected":false},"featured_media":26667,"comment_status":"open","ping_status":"closed","template":"","meta":{"_acf_changed":false,"_et_pb_use_builder":"","_et_pb_old_content":"","_et_gb_content_width":""},"product_brand":[],"product_cat":[683,686],"product_tag":[],"pa_connextion-shapes":[],"class_list":{"0":"post-50692","1":"product","2":"type-product","3":"status-publish","4":"has-post-thumbnail","6":"product_cat-etiquettes-de-laboratoire","7":"product_cat-etiquettes-pour-autoclave","9":"first","10":"instock","11":"taxable","12":"shipping-taxable","13":"purchasable","14":"product-type-variable","15":"has-default-attributes"},"exclude_global_add_ons":[],"addons":[],"acf":[],"yoast_head":"<!-- This site is optimized with the Yoast SEO Premium plugin v27.0 (Yoast SEO v27.1) - https:\/\/yoast.com\/product\/yoast-seo-premium-wordpress\/ -->\n<title>\u00c9tiquette amovible de transfert thermique pour autoclave 76 mm x 50,8 mm<\/title>\n<meta name=\"description\" content=\"\u00c9tiquettes amovibles r\u00e9sistantes \u00e0 l&#039;autoclave, id\u00e9ales pour les surfaces en m\u00e9tal, en plastique et en verre, notamment les instruments chirurgicaux, la verrerie, les plateaux, les blisters, ...\" \/>\n<meta name=\"robots\" content=\"index, follow, max-snippet:-1, max-image-preview:large, max-video-preview:-1\" \/>\n<link rel=\"canonical\" href=\"https:\/\/d-identify.be\/fr\/produit\/etiquette-de-transfert-thermique-pour-autoclave-amovible-76-mm-x-508-mm\/\" \/>\n<meta property=\"og:locale\" content=\"fr_FR\" \/>\n<meta property=\"og:type\" content=\"article\" \/>\n<meta property=\"og:title\" content=\"\u00c9tiquette de transfert thermique pour autoclave amovible 76 mm x 50,8 mm\" \/>\n<meta property=\"og:description\" content=\"\u00c9tiquettes amovibles r\u00e9sistantes \u00e0 l&#039;autoclave, id\u00e9ales pour les surfaces en m\u00e9tal, en plastique et en verre, notamment les instruments chirurgicaux, la verrerie, les plateaux, les blisters, ...\" \/>\n<meta property=\"og:url\" content=\"https:\/\/d-identify.be\/fr\/produit\/etiquette-de-transfert-thermique-pour-autoclave-amovible-76-mm-x-508-mm\/\" \/>\n<meta property=\"og:site_name\" content=\"d-identify\" \/>\n<meta property=\"og:image\" content=\"https:\/\/d-identify.be\/wp-content\/uploads\/2021\/07\/AC-76x50.8-R-C1-1K-WH.png\" \/>\n\t<meta property=\"og:image:width\" content=\"907\" \/>\n\t<meta property=\"og:image:height\" content=\"907\" \/>\n\t<meta property=\"og:image:type\" content=\"image\/png\" \/>\n<meta name=\"twitter:card\" content=\"summary_large_image\" \/>\n<meta name=\"twitter:label1\" content=\"Dur\u00e9e de lecture estim\u00e9e\" \/>\n\t<meta name=\"twitter:data1\" content=\"1 minute\" \/>\n<script type=\"application\/ld+json\" class=\"yoast-schema-graph\">{\"@context\":\"https:\/\/schema.org\",\"@graph\":[{\"@type\":\"WebPage\",\"@id\":\"https:\/\/d-identify.be\/fr\/produit\/etiquette-de-transfert-thermique-pour-autoclave-amovible-76-mm-x-508-mm\/\",\"url\":\"https:\/\/d-identify.be\/fr\/produit\/etiquette-de-transfert-thermique-pour-autoclave-amovible-76-mm-x-508-mm\/\",\"name\":\"\u00c9tiquette amovible de transfert thermique pour autoclave 76 mm x 50,8 mm\",\"isPartOf\":{\"@id\":\"https:\/\/d-identify.be\/fr\/#website\"},\"primaryImageOfPage\":{\"@id\":\"https:\/\/d-identify.be\/fr\/produit\/etiquette-de-transfert-thermique-pour-autoclave-amovible-76-mm-x-508-mm\/#primaryimage\"},\"image\":{\"@id\":\"https:\/\/d-identify.be\/fr\/produit\/etiquette-de-transfert-thermique-pour-autoclave-amovible-76-mm-x-508-mm\/#primaryimage\"},\"thumbnailUrl\":\"https:\/\/d-identify.be\/wp-content\/uploads\/2021\/07\/AC-76x50.8-R-C1-1K-WH.png\",\"datePublished\":\"2021-07-26T10:41:21+00:00\",\"description\":\"\u00c9tiquettes amovibles r\u00e9sistantes \u00e0 l'autoclave, id\u00e9ales pour les surfaces en m\u00e9tal, en plastique et en verre, notamment les instruments chirurgicaux, la verrerie, les plateaux, les blisters, ...\",\"breadcrumb\":{\"@id\":\"https:\/\/d-identify.be\/fr\/produit\/etiquette-de-transfert-thermique-pour-autoclave-amovible-76-mm-x-508-mm\/#breadcrumb\"},\"inLanguage\":\"fr-FR\",\"potentialAction\":[{\"@type\":\"ReadAction\",\"target\":[\"https:\/\/d-identify.be\/fr\/produit\/etiquette-de-transfert-thermique-pour-autoclave-amovible-76-mm-x-508-mm\/\"]}]},{\"@type\":\"ImageObject\",\"inLanguage\":\"fr-FR\",\"@id\":\"https:\/\/d-identify.be\/fr\/produit\/etiquette-de-transfert-thermique-pour-autoclave-amovible-76-mm-x-508-mm\/#primaryimage\",\"url\":\"https:\/\/d-identify.be\/wp-content\/uploads\/2021\/07\/AC-76x50.8-R-C1-1K-WH.png\",\"contentUrl\":\"https:\/\/d-identify.be\/wp-content\/uploads\/2021\/07\/AC-76x50.8-R-C1-1K-WH.png\",\"width\":907,\"height\":907,\"caption\":\"Removable Autoclave Thermal transfer label 76mm x 50.8mm\"},{\"@type\":\"BreadcrumbList\",\"@id\":\"https:\/\/d-identify.be\/fr\/produit\/etiquette-de-transfert-thermique-pour-autoclave-amovible-76-mm-x-508-mm\/#breadcrumb\",\"itemListElement\":[{\"@type\":\"ListItem\",\"position\":1,\"name\":\"Home\",\"item\":\"https:\/\/d-identify.be\/fr\/home-2\/\"},{\"@type\":\"ListItem\",\"position\":2,\"name\":\"Boutique\",\"item\":\"https:\/\/d-identify.be\/fr\/boutique\/\"},{\"@type\":\"ListItem\",\"position\":3,\"name\":\"\u00c9tiquette de transfert thermique pour autoclave amovible 76 mm x 50,8 mm\"}]},{\"@type\":\"WebSite\",\"@id\":\"https:\/\/d-identify.be\/fr\/#website\",\"url\":\"https:\/\/d-identify.be\/fr\/\",\"name\":\"d-identify\",\"description\":\"Industrial identification - Lockout - Tagout - Floor marking\",\"potentialAction\":[{\"@type\":\"SearchAction\",\"target\":{\"@type\":\"EntryPoint\",\"urlTemplate\":\"https:\/\/d-identify.be\/fr\/?s={search_term_string}\"},\"query-input\":{\"@type\":\"PropertyValueSpecification\",\"valueRequired\":true,\"valueName\":\"search_term_string\"}}],\"inLanguage\":\"fr-FR\"}]}<\/script>\n<!-- \/ Yoast SEO Premium plugin. -->","yoast_head_json":{"title":"\u00c9tiquette amovible de transfert thermique pour autoclave 76 mm x 50,8 mm","description":"\u00c9tiquettes amovibles r\u00e9sistantes \u00e0 l'autoclave, id\u00e9ales pour les surfaces en m\u00e9tal, en plastique et en verre, notamment les instruments chirurgicaux, la verrerie, les plateaux, les blisters, ...","robots":{"index":"index","follow":"follow","max-snippet":"max-snippet:-1","max-image-preview":"max-image-preview:large","max-video-preview":"max-video-preview:-1"},"canonical":"https:\/\/d-identify.be\/fr\/produit\/etiquette-de-transfert-thermique-pour-autoclave-amovible-76-mm-x-508-mm\/","og_locale":"fr_FR","og_type":"article","og_title":"\u00c9tiquette de transfert thermique pour autoclave amovible 76 mm x 50,8 mm","og_description":"\u00c9tiquettes amovibles r\u00e9sistantes \u00e0 l'autoclave, id\u00e9ales pour les surfaces en m\u00e9tal, en plastique et en verre, notamment les instruments chirurgicaux, la verrerie, les plateaux, les blisters, ...","og_url":"https:\/\/d-identify.be\/fr\/produit\/etiquette-de-transfert-thermique-pour-autoclave-amovible-76-mm-x-508-mm\/","og_site_name":"d-identify","og_image":[{"width":907,"height":907,"url":"https:\/\/d-identify.be\/wp-content\/uploads\/2021\/07\/AC-76x50.8-R-C1-1K-WH.png","type":"image\/png"}],"twitter_card":"summary_large_image","twitter_misc":{"Dur\u00e9e de lecture estim\u00e9e":"1 minute"},"schema":{"@context":"https:\/\/schema.org","@graph":[{"@type":"WebPage","@id":"https:\/\/d-identify.be\/fr\/produit\/etiquette-de-transfert-thermique-pour-autoclave-amovible-76-mm-x-508-mm\/","url":"https:\/\/d-identify.be\/fr\/produit\/etiquette-de-transfert-thermique-pour-autoclave-amovible-76-mm-x-508-mm\/","name":"\u00c9tiquette amovible de transfert thermique pour autoclave 76 mm x 50,8 mm","isPartOf":{"@id":"https:\/\/d-identify.be\/fr\/#website"},"primaryImageOfPage":{"@id":"https:\/\/d-identify.be\/fr\/produit\/etiquette-de-transfert-thermique-pour-autoclave-amovible-76-mm-x-508-mm\/#primaryimage"},"image":{"@id":"https:\/\/d-identify.be\/fr\/produit\/etiquette-de-transfert-thermique-pour-autoclave-amovible-76-mm-x-508-mm\/#primaryimage"},"thumbnailUrl":"https:\/\/d-identify.be\/wp-content\/uploads\/2021\/07\/AC-76x50.8-R-C1-1K-WH.png","datePublished":"2021-07-26T10:41:21+00:00","description":"\u00c9tiquettes amovibles r\u00e9sistantes \u00e0 l'autoclave, id\u00e9ales pour les surfaces en m\u00e9tal, en plastique et en verre, notamment les instruments chirurgicaux, la verrerie, les plateaux, les blisters, ...","breadcrumb":{"@id":"https:\/\/d-identify.be\/fr\/produit\/etiquette-de-transfert-thermique-pour-autoclave-amovible-76-mm-x-508-mm\/#breadcrumb"},"inLanguage":"fr-FR","potentialAction":[{"@type":"ReadAction","target":["https:\/\/d-identify.be\/fr\/produit\/etiquette-de-transfert-thermique-pour-autoclave-amovible-76-mm-x-508-mm\/"]}]},{"@type":"ImageObject","inLanguage":"fr-FR","@id":"https:\/\/d-identify.be\/fr\/produit\/etiquette-de-transfert-thermique-pour-autoclave-amovible-76-mm-x-508-mm\/#primaryimage","url":"https:\/\/d-identify.be\/wp-content\/uploads\/2021\/07\/AC-76x50.8-R-C1-1K-WH.png","contentUrl":"https:\/\/d-identify.be\/wp-content\/uploads\/2021\/07\/AC-76x50.8-R-C1-1K-WH.png","width":907,"height":907,"caption":"Removable Autoclave Thermal transfer label 76mm x 50.8mm"},{"@type":"BreadcrumbList","@id":"https:\/\/d-identify.be\/fr\/produit\/etiquette-de-transfert-thermique-pour-autoclave-amovible-76-mm-x-508-mm\/#breadcrumb","itemListElement":[{"@type":"ListItem","position":1,"name":"Home","item":"https:\/\/d-identify.be\/fr\/home-2\/"},{"@type":"ListItem","position":2,"name":"Boutique","item":"https:\/\/d-identify.be\/fr\/boutique\/"},{"@type":"ListItem","position":3,"name":"\u00c9tiquette de transfert thermique pour autoclave amovible 76 mm x 50,8 mm"}]},{"@type":"WebSite","@id":"https:\/\/d-identify.be\/fr\/#website","url":"https:\/\/d-identify.be\/fr\/","name":"d-identify","description":"Industrial identification - Lockout - Tagout - Floor marking","potentialAction":[{"@type":"SearchAction","target":{"@type":"EntryPoint","urlTemplate":"https:\/\/d-identify.be\/fr\/?s={search_term_string}"},"query-input":{"@type":"PropertyValueSpecification","valueRequired":true,"valueName":"search_term_string"}}],"inLanguage":"fr-FR"}]}},"_links":{"self":[{"href":"https:\/\/d-identify.be\/fr\/wp-json\/wp\/v2\/product\/50692","targetHints":{"allow":["GET"]}}],"collection":[{"href":"https:\/\/d-identify.be\/fr\/wp-json\/wp\/v2\/product"}],"about":[{"href":"https:\/\/d-identify.be\/fr\/wp-json\/wp\/v2\/types\/product"}],"replies":[{"embeddable":true,"href":"https:\/\/d-identify.be\/fr\/wp-json\/wp\/v2\/comments?post=50692"}],"wp:featuredmedia":[{"embeddable":true,"href":"https:\/\/d-identify.be\/fr\/wp-json\/wp\/v2\/media\/26667"}],"wp:attachment":[{"href":"https:\/\/d-identify.be\/fr\/wp-json\/wp\/v2\/media?parent=50692"}],"wp:term":[{"taxonomy":"product_brand","embeddable":true,"href":"https:\/\/d-identify.be\/fr\/wp-json\/wp\/v2\/product_brand?post=50692"},{"taxonomy":"product_cat","embeddable":true,"href":"https:\/\/d-identify.be\/fr\/wp-json\/wp\/v2\/product_cat?post=50692"},{"taxonomy":"product_tag","embeddable":true,"href":"https:\/\/d-identify.be\/fr\/wp-json\/wp\/v2\/product_tag?post=50692"},{"taxonomy":"pa_connextion-shapes","embeddable":true,"href":"https:\/\/d-identify.be\/fr\/wp-json\/wp\/v2\/pa_connextion-shapes?post=50692"}],"curies":[{"name":"wp","href":"https:\/\/api.w.org\/{rel}","templated":true}]}}