{"id":50686,"date":"2021-07-26T12:41:48","date_gmt":"2021-07-26T10:41:48","guid":{"rendered":"https:\/\/d-identify.be\/product\/indicateur-de-sterilisation-a-la-vapeur-etiquette-de-transfert-thermique-76-mm-x-508-mm\/"},"modified":"2021-07-26T12:41:48","modified_gmt":"2021-07-26T10:41:48","slug":"indicateur-de-sterilisation-a-la-vapeur-etiquette-de-transfert-thermique-76-mm-x-508-mm","status":"publish","type":"product","link":"https:\/\/d-identify.be\/fr\/produit\/indicateur-de-sterilisation-a-la-vapeur-etiquette-de-transfert-thermique-76-mm-x-508-mm\/","title":{"rendered":"Indicateur de st\u00e9rilisation \u00e0 la vapeur \u00c9tiquette de transfert thermique 76 mm x 50,8 mm"},"content":{"rendered":"<h3>Indicateur de st\u00e9rilisation \u00e0 la vapeur \u00c9tiquette de transfert thermique<\/h3>\n<p>Ces \u00e9tiquettes permanentes r\u00e9sistantes \u00e0 l&rsquo;autoclave sont imprimables par transfert thermique avec du texte et des codes-barres s\u00e9rialis\u00e9s nets et r\u00e9sistants aux taches. Elles sont recouvertes d&rsquo;une bande indicatrice qui change sensiblement de couleur lorsque les \u00e9tiquettes ont \u00e9t\u00e9 autoclav\u00e9es. Id\u00e9al pour l&rsquo;identification des surfaces en plastique, en verre et en m\u00e9tal. L&rsquo;indicateur de st\u00e9rilisation \u00e0 la vapeur peut \u00eatre utilis\u00e9 pour \u00e9tiqueter la vaisselle en plastique, la verrerie, les instruments et plateaux chirurgicaux, les blisters, les pochettes de st\u00e9rilisation, les r\u00e9cipients de st\u00e9rilisation Genesis\u2122\ufe0f, et bien plus encore. Irradiation gamma (jusqu&rsquo;\u00e0 50 KGy) ainsi que r\u00e9sistance \u00e0 l&rsquo;oxyde d&rsquo;\u00e9thyl\u00e8ne. Parfaitement adapt\u00e9 pour une utilisation dans une plage de temp\u00e9rature de -60\u00baC \u00e0 +150\u00baC.     <\/p>\n<p><strong>Avantages :<\/strong><\/p>\n<ul>\n<li>Les bandes indicatrices d&rsquo;autoclave vous permettront d&rsquo;identifier rapidement et facilement si le mat\u00e9riau a effectivement \u00e9t\u00e9 autoclav\u00e9. Sans avoir besoin d&rsquo;utiliser du ruban de st\u00e9rilisation suppl\u00e9mentaire pour autoclave. <\/li>\n<li>Imprimable avec toutes les marques courantes d&rsquo;imprimantes \u00e0 transfert thermique.<\/li>\n<li>Peut r\u00e9sister \u00e0 des temp\u00e9ratures \u00e9lev\u00e9es et \u00e0 la vapeur satur\u00e9e. Id\u00e9al pour les cycles de st\u00e9rilisation en autoclave \u00e0 121\u00b0C (250\u00b0F) et une pression de 16,5 psi. <\/li>\n<\/ul>\n<p><strong><span style=\"color: #ff6600;\">*<\/span><\/strong>Les \u00e9tiquettes indicatrices de st\u00e9rilisation \u00e0 la vapeur ne sont pas destin\u00e9es \u00e0 \u00eatre utilis\u00e9es comme indicateurs de st\u00e9rilit\u00e9, mais plut\u00f4t comme identification des articles ayant pass\u00e9 par un cycle d&rsquo;autoclave. Une bande indicatrice est utilis\u00e9e pour surveiller l\u2019exposition aux processus de st\u00e9rilisation \u00e0 la vapeur. <span style=\"color: #ff6600;\">*<\/span>Les \u00e9tiquettes ne conviennent pas \u00e0 l&rsquo;exposition aux produits chimiques, car les bandes indicatrices peuvent \u00eatre retir\u00e9es en les frottant avec des produits chimiques et des solvants agressifs. <\/p>\n<p>&nbsp;<\/p>\n","protected":false},"excerpt":{"rendered":"<p>Combinant deux caract\u00e9ristiques uniques, ces \u00e9tiquettes permanentes r\u00e9sistantes \u00e0 l&rsquo;autoclave sont imprimables par transfert thermique avec du texte et des codes-barres s\u00e9rialis\u00e9s nets et r\u00e9sistants aux taches, et sont recouvertes d&rsquo;une bande indicatrice qui change sensiblement de couleur (du blanc au gris anthracite) lorsque les \u00e9tiquettes ont \u00e9t\u00e9 autoclav\u00e9. Id\u00e9als pour l&rsquo;identification des surfaces en plastique, en verre et en m\u00e9tal, ils peuvent \u00eatre utilis\u00e9s pour \u00e9tiqueter des articles en plastique, de la verrerie, des instruments et plateaux chirurgicaux, des blisters, des pochettes de st\u00e9rilisation, des conteneurs de st\u00e9rilisation Genesis\u2122\ufe0f, et bien plus encore. Irradiation gamma (jusqu&rsquo;\u00e0 50 KGy) ainsi que r\u00e9sistance \u00e0 l&rsquo;oxyde d&rsquo;\u00e9thyl\u00e8ne. Parfaitement adapt\u00e9 pour une utilisation dans une plage de temp\u00e9rature de -60\u00baC \u00e0 +150\u00baC.   <\/p>\n","protected":false},"featured_media":26521,"comment_status":"open","ping_status":"closed","template":"","meta":{"_acf_changed":false,"_et_pb_use_builder":"","_et_pb_old_content":"","_et_gb_content_width":""},"product_brand":[],"product_cat":[683,686],"product_tag":[963],"pa_connextion-shapes":[],"class_list":{"0":"post-50686","1":"product","2":"type-product","3":"status-publish","4":"has-post-thumbnail","6":"product_cat-etiquettes-de-laboratoire","7":"product_cat-etiquettes-pour-autoclave","8":"product_tag-d-identify-fr","10":"first","11":"instock","12":"taxable","13":"shipping-taxable","14":"purchasable","15":"product-type-variable","16":"has-default-attributes"},"exclude_global_add_ons":[],"addons":[],"acf":[],"yoast_head":"<!-- This site is optimized with the Yoast SEO Premium plugin v27.0 (Yoast SEO v27.1) - https:\/\/yoast.com\/product\/yoast-seo-premium-wordpress\/ -->\n<title>Indicateur de st\u00e9rilisation \u00e0 la vapeur Transfert Thermique<\/title>\n<meta name=\"description\" content=\"Combinant deux caract\u00e9ristiques uniques, ces \u00e9tiquettes permanentes r\u00e9sistantes \u00e0 l&#039;autoclave sont imprimables par transfert thermique avec un texte s\u00e9rialis\u00e9 net et r\u00e9sistant aux taches et...\" \/>\n<meta name=\"robots\" content=\"index, follow, max-snippet:-1, max-image-preview:large, max-video-preview:-1\" \/>\n<link rel=\"canonical\" href=\"https:\/\/d-identify.be\/fr\/produit\/indicateur-de-sterilisation-a-la-vapeur-etiquette-de-transfert-thermique-76-mm-x-508-mm\/\" \/>\n<meta property=\"og:locale\" content=\"fr_FR\" \/>\n<meta property=\"og:type\" content=\"article\" \/>\n<meta property=\"og:title\" content=\"Indicateur de st\u00e9rilisation \u00e0 la vapeur \u00c9tiquette de transfert thermique 76 mm x 50,8 mm\" \/>\n<meta property=\"og:description\" content=\"Combinant deux caract\u00e9ristiques uniques, ces \u00e9tiquettes permanentes r\u00e9sistantes \u00e0 l&#039;autoclave sont imprimables par transfert thermique avec un texte s\u00e9rialis\u00e9 net et r\u00e9sistant aux taches et...\" \/>\n<meta property=\"og:url\" content=\"https:\/\/d-identify.be\/fr\/produit\/indicateur-de-sterilisation-a-la-vapeur-etiquette-de-transfert-thermique-76-mm-x-508-mm\/\" \/>\n<meta property=\"og:site_name\" content=\"d-identify\" \/>\n<meta property=\"og:image\" content=\"https:\/\/d-identify.be\/wp-content\/uploads\/2021\/07\/ACI-76x50.8-R-C1-1K-WH.png\" \/>\n\t<meta property=\"og:image:width\" content=\"1058\" \/>\n\t<meta property=\"og:image:height\" content=\"1058\" \/>\n\t<meta property=\"og:image:type\" content=\"image\/png\" \/>\n<meta name=\"twitter:card\" content=\"summary_large_image\" \/>\n<meta name=\"twitter:label1\" content=\"Dur\u00e9e de lecture estim\u00e9e\" \/>\n\t<meta name=\"twitter:data1\" content=\"1 minute\" \/>\n<script type=\"application\/ld+json\" class=\"yoast-schema-graph\">{\"@context\":\"https:\/\/schema.org\",\"@graph\":[{\"@type\":\"WebPage\",\"@id\":\"https:\/\/d-identify.be\/fr\/produit\/indicateur-de-sterilisation-a-la-vapeur-etiquette-de-transfert-thermique-76-mm-x-508-mm\/\",\"url\":\"https:\/\/d-identify.be\/fr\/produit\/indicateur-de-sterilisation-a-la-vapeur-etiquette-de-transfert-thermique-76-mm-x-508-mm\/\",\"name\":\"Indicateur de st\u00e9rilisation \u00e0 la vapeur Transfert Thermique\",\"isPartOf\":{\"@id\":\"https:\/\/d-identify.be\/fr\/#website\"},\"primaryImageOfPage\":{\"@id\":\"https:\/\/d-identify.be\/fr\/produit\/indicateur-de-sterilisation-a-la-vapeur-etiquette-de-transfert-thermique-76-mm-x-508-mm\/#primaryimage\"},\"image\":{\"@id\":\"https:\/\/d-identify.be\/fr\/produit\/indicateur-de-sterilisation-a-la-vapeur-etiquette-de-transfert-thermique-76-mm-x-508-mm\/#primaryimage\"},\"thumbnailUrl\":\"https:\/\/d-identify.be\/wp-content\/uploads\/2021\/07\/ACI-76x50.8-R-C1-1K-WH.png\",\"datePublished\":\"2021-07-26T10:41:48+00:00\",\"description\":\"Combinant deux caract\u00e9ristiques uniques, ces \u00e9tiquettes permanentes r\u00e9sistantes \u00e0 l'autoclave sont imprimables par transfert thermique avec un texte s\u00e9rialis\u00e9 net et r\u00e9sistant aux taches et...\",\"breadcrumb\":{\"@id\":\"https:\/\/d-identify.be\/fr\/produit\/indicateur-de-sterilisation-a-la-vapeur-etiquette-de-transfert-thermique-76-mm-x-508-mm\/#breadcrumb\"},\"inLanguage\":\"fr-FR\",\"potentialAction\":[{\"@type\":\"ReadAction\",\"target\":[\"https:\/\/d-identify.be\/fr\/produit\/indicateur-de-sterilisation-a-la-vapeur-etiquette-de-transfert-thermique-76-mm-x-508-mm\/\"]}]},{\"@type\":\"ImageObject\",\"inLanguage\":\"fr-FR\",\"@id\":\"https:\/\/d-identify.be\/fr\/produit\/indicateur-de-sterilisation-a-la-vapeur-etiquette-de-transfert-thermique-76-mm-x-508-mm\/#primaryimage\",\"url\":\"https:\/\/d-identify.be\/wp-content\/uploads\/2021\/07\/ACI-76x50.8-R-C1-1K-WH.png\",\"contentUrl\":\"https:\/\/d-identify.be\/wp-content\/uploads\/2021\/07\/ACI-76x50.8-R-C1-1K-WH.png\",\"width\":1058,\"height\":1058,\"caption\":\"Steam Sterilization Indicator Thermal transfer label 76mm x 50.8mm\"},{\"@type\":\"BreadcrumbList\",\"@id\":\"https:\/\/d-identify.be\/fr\/produit\/indicateur-de-sterilisation-a-la-vapeur-etiquette-de-transfert-thermique-76-mm-x-508-mm\/#breadcrumb\",\"itemListElement\":[{\"@type\":\"ListItem\",\"position\":1,\"name\":\"Home\",\"item\":\"https:\/\/d-identify.be\/fr\/home-2\/\"},{\"@type\":\"ListItem\",\"position\":2,\"name\":\"Boutique\",\"item\":\"https:\/\/d-identify.be\/fr\/boutique\/\"},{\"@type\":\"ListItem\",\"position\":3,\"name\":\"Indicateur de st\u00e9rilisation \u00e0 la vapeur \u00c9tiquette de transfert thermique 76 mm x 50,8 mm\"}]},{\"@type\":\"WebSite\",\"@id\":\"https:\/\/d-identify.be\/fr\/#website\",\"url\":\"https:\/\/d-identify.be\/fr\/\",\"name\":\"d-identify\",\"description\":\"Industrial identification - Lockout - Tagout - Floor marking\",\"potentialAction\":[{\"@type\":\"SearchAction\",\"target\":{\"@type\":\"EntryPoint\",\"urlTemplate\":\"https:\/\/d-identify.be\/fr\/?s={search_term_string}\"},\"query-input\":{\"@type\":\"PropertyValueSpecification\",\"valueRequired\":true,\"valueName\":\"search_term_string\"}}],\"inLanguage\":\"fr-FR\"}]}<\/script>\n<!-- \/ Yoast SEO Premium plugin. -->","yoast_head_json":{"title":"Indicateur de st\u00e9rilisation \u00e0 la vapeur Transfert Thermique","description":"Combinant deux caract\u00e9ristiques uniques, ces \u00e9tiquettes permanentes r\u00e9sistantes \u00e0 l'autoclave sont imprimables par transfert thermique avec un texte s\u00e9rialis\u00e9 net et r\u00e9sistant aux taches et...","robots":{"index":"index","follow":"follow","max-snippet":"max-snippet:-1","max-image-preview":"max-image-preview:large","max-video-preview":"max-video-preview:-1"},"canonical":"https:\/\/d-identify.be\/fr\/produit\/indicateur-de-sterilisation-a-la-vapeur-etiquette-de-transfert-thermique-76-mm-x-508-mm\/","og_locale":"fr_FR","og_type":"article","og_title":"Indicateur de st\u00e9rilisation \u00e0 la vapeur \u00c9tiquette de transfert thermique 76 mm x 50,8 mm","og_description":"Combinant deux caract\u00e9ristiques uniques, ces \u00e9tiquettes permanentes r\u00e9sistantes \u00e0 l'autoclave sont imprimables par transfert thermique avec un texte s\u00e9rialis\u00e9 net et r\u00e9sistant aux taches et...","og_url":"https:\/\/d-identify.be\/fr\/produit\/indicateur-de-sterilisation-a-la-vapeur-etiquette-de-transfert-thermique-76-mm-x-508-mm\/","og_site_name":"d-identify","og_image":[{"width":1058,"height":1058,"url":"https:\/\/d-identify.be\/wp-content\/uploads\/2021\/07\/ACI-76x50.8-R-C1-1K-WH.png","type":"image\/png"}],"twitter_card":"summary_large_image","twitter_misc":{"Dur\u00e9e de lecture estim\u00e9e":"1 minute"},"schema":{"@context":"https:\/\/schema.org","@graph":[{"@type":"WebPage","@id":"https:\/\/d-identify.be\/fr\/produit\/indicateur-de-sterilisation-a-la-vapeur-etiquette-de-transfert-thermique-76-mm-x-508-mm\/","url":"https:\/\/d-identify.be\/fr\/produit\/indicateur-de-sterilisation-a-la-vapeur-etiquette-de-transfert-thermique-76-mm-x-508-mm\/","name":"Indicateur de st\u00e9rilisation \u00e0 la vapeur Transfert Thermique","isPartOf":{"@id":"https:\/\/d-identify.be\/fr\/#website"},"primaryImageOfPage":{"@id":"https:\/\/d-identify.be\/fr\/produit\/indicateur-de-sterilisation-a-la-vapeur-etiquette-de-transfert-thermique-76-mm-x-508-mm\/#primaryimage"},"image":{"@id":"https:\/\/d-identify.be\/fr\/produit\/indicateur-de-sterilisation-a-la-vapeur-etiquette-de-transfert-thermique-76-mm-x-508-mm\/#primaryimage"},"thumbnailUrl":"https:\/\/d-identify.be\/wp-content\/uploads\/2021\/07\/ACI-76x50.8-R-C1-1K-WH.png","datePublished":"2021-07-26T10:41:48+00:00","description":"Combinant deux caract\u00e9ristiques uniques, ces \u00e9tiquettes permanentes r\u00e9sistantes \u00e0 l'autoclave sont imprimables par transfert thermique avec un texte s\u00e9rialis\u00e9 net et r\u00e9sistant aux taches et...","breadcrumb":{"@id":"https:\/\/d-identify.be\/fr\/produit\/indicateur-de-sterilisation-a-la-vapeur-etiquette-de-transfert-thermique-76-mm-x-508-mm\/#breadcrumb"},"inLanguage":"fr-FR","potentialAction":[{"@type":"ReadAction","target":["https:\/\/d-identify.be\/fr\/produit\/indicateur-de-sterilisation-a-la-vapeur-etiquette-de-transfert-thermique-76-mm-x-508-mm\/"]}]},{"@type":"ImageObject","inLanguage":"fr-FR","@id":"https:\/\/d-identify.be\/fr\/produit\/indicateur-de-sterilisation-a-la-vapeur-etiquette-de-transfert-thermique-76-mm-x-508-mm\/#primaryimage","url":"https:\/\/d-identify.be\/wp-content\/uploads\/2021\/07\/ACI-76x50.8-R-C1-1K-WH.png","contentUrl":"https:\/\/d-identify.be\/wp-content\/uploads\/2021\/07\/ACI-76x50.8-R-C1-1K-WH.png","width":1058,"height":1058,"caption":"Steam Sterilization Indicator Thermal transfer label 76mm x 50.8mm"},{"@type":"BreadcrumbList","@id":"https:\/\/d-identify.be\/fr\/produit\/indicateur-de-sterilisation-a-la-vapeur-etiquette-de-transfert-thermique-76-mm-x-508-mm\/#breadcrumb","itemListElement":[{"@type":"ListItem","position":1,"name":"Home","item":"https:\/\/d-identify.be\/fr\/home-2\/"},{"@type":"ListItem","position":2,"name":"Boutique","item":"https:\/\/d-identify.be\/fr\/boutique\/"},{"@type":"ListItem","position":3,"name":"Indicateur de st\u00e9rilisation \u00e0 la vapeur \u00c9tiquette de transfert thermique 76 mm x 50,8 mm"}]},{"@type":"WebSite","@id":"https:\/\/d-identify.be\/fr\/#website","url":"https:\/\/d-identify.be\/fr\/","name":"d-identify","description":"Industrial identification - Lockout - Tagout - Floor marking","potentialAction":[{"@type":"SearchAction","target":{"@type":"EntryPoint","urlTemplate":"https:\/\/d-identify.be\/fr\/?s={search_term_string}"},"query-input":{"@type":"PropertyValueSpecification","valueRequired":true,"valueName":"search_term_string"}}],"inLanguage":"fr-FR"}]}},"_links":{"self":[{"href":"https:\/\/d-identify.be\/fr\/wp-json\/wp\/v2\/product\/50686","targetHints":{"allow":["GET"]}}],"collection":[{"href":"https:\/\/d-identify.be\/fr\/wp-json\/wp\/v2\/product"}],"about":[{"href":"https:\/\/d-identify.be\/fr\/wp-json\/wp\/v2\/types\/product"}],"replies":[{"embeddable":true,"href":"https:\/\/d-identify.be\/fr\/wp-json\/wp\/v2\/comments?post=50686"}],"wp:featuredmedia":[{"embeddable":true,"href":"https:\/\/d-identify.be\/fr\/wp-json\/wp\/v2\/media\/26521"}],"wp:attachment":[{"href":"https:\/\/d-identify.be\/fr\/wp-json\/wp\/v2\/media?parent=50686"}],"wp:term":[{"taxonomy":"product_brand","embeddable":true,"href":"https:\/\/d-identify.be\/fr\/wp-json\/wp\/v2\/product_brand?post=50686"},{"taxonomy":"product_cat","embeddable":true,"href":"https:\/\/d-identify.be\/fr\/wp-json\/wp\/v2\/product_cat?post=50686"},{"taxonomy":"product_tag","embeddable":true,"href":"https:\/\/d-identify.be\/fr\/wp-json\/wp\/v2\/product_tag?post=50686"},{"taxonomy":"pa_connextion-shapes","embeddable":true,"href":"https:\/\/d-identify.be\/fr\/wp-json\/wp\/v2\/pa_connextion-shapes?post=50686"}],"curies":[{"name":"wp","href":"https:\/\/api.w.org\/{rel}","templated":true}]}}