{"id":50680,"date":"2022-03-02T20:29:37","date_gmt":"2022-03-02T18:29:37","guid":{"rendered":"https:\/\/d-identify.be\/product\/permanent-etiquette-rfid-permanente-pour-autoclave-a-transfert-thermique-508-x-254-mmrfid-thermal-transfer-label-50-8-x-25-4mm\/"},"modified":"2022-03-02T20:29:37","modified_gmt":"2022-03-02T18:29:37","slug":"permanent-etiquette-rfid-permanente-pour-autoclave-a-transfert-thermique-508-x-254-mmrfid-thermal-transfer-label-50-8-x-25-4mm","status":"publish","type":"product","link":"https:\/\/d-identify.be\/fr\/produit\/permanent-etiquette-rfid-permanente-pour-autoclave-a-transfert-thermique-508-x-254-mmrfid-thermal-transfer-label-50-8-x-25-4mm\/","title":{"rendered":"Permanent \u00c9tiquette RFID permanente pour autoclave \u00e0 transfert thermique 50,8 x 25,4 mmRFID Thermal transfer label 50.8 x 25.4mm"},"content":{"rendered":"<p>La technologie RFID a \u00e9t\u00e9 int\u00e9gr\u00e9e dans des \u00e9tiquettes \u00e0 transfert thermique r\u00e9sistantes \u00e0 l&rsquo;autoclave afin de cr\u00e9er une \u00e9tiquette RFID UHF. Elle est adapt\u00e9e \u00e0 l&rsquo;identification de divers contenants et surfaces soumis \u00e0 la st\u00e9rilisation \u00e0 la vapeur et \u00e0 la chaleur s\u00e8che. Les \u00e9tiquettes RFID Steri-ThermoTAG\u2122 sont des \u00e9tiquettes RFID UHF robustes con\u00e7ues pour les proc\u00e9dures d&rsquo;autoclavage. Elles combinent des informations visuelles imprim\u00e9es avec des donn\u00e9es RFID encod\u00e9es, offrant ainsi une solution attrayante pour l\u2019identification RFID et le suivi des consommables, dispositifs et contenants st\u00e9rilis\u00e9s.<br \/>Ces \u00e9tiquettes RFID flexibles poss\u00e8dent un adh\u00e9sif permanent, adapt\u00e9 \u00e0 une application directe sur des surfaces en plastique et en verre, qu&rsquo;elles soient courbes ou planes. Elles r\u00e9sistent \u00e0 plusieurs cycles de st\u00e9rilisation en autoclave (+121\u00b0C\/+250\u00b0F, 16,5 psi de pression, 20 minutes). Elles sont parfaitement adapt\u00e9es \u00e0 l\u2019identification des dispositifs m\u00e9dicaux \u00e0 usage unique ou des instruments chirurgicaux et dentaires plac\u00e9s dans des sachets de st\u00e9rilisation, ainsi qu&rsquo;aux articles de laboratoire.<br \/>Id\u00e9ales pour les op\u00e9rations GMP et GLP, la st\u00e9rilisation de m\u00e9dicaments et de r\u00e9actifs, ainsi que pour toute application n\u00e9cessitant un suivi des cycles d&rsquo;autoclavage afin de se conformer aux r\u00e9glementations.    <\/p>\n","protected":false},"excerpt":{"rendered":"<p>\u00c9tiquettes permanentes r\u00e9sistantes aux hautes temp\u00e9ratures pour l&rsquo;identification de divers r\u00e9cipients et surfaces soumis \u00e0 l&rsquo;autoclavage et \u00e0 la st\u00e9rilisation \u00e0 la chaleur s\u00e8che. Plages de temp\u00e9rature de -60\u00b0C \u00e0 +150\u00b0C. Les \u00e9tiquettes peuvent \u00eatre appliqu\u00e9es sur des surfaces en m\u00e9tal, en plastique et en verre et r\u00e9sistent \u00e0 20 cycles de st\u00e9rilisation en autoclave \u00e0 121\u00b0C et 16,5 psi de pression. Les \u00e9tiquettes et les impressions peuvent r\u00e9sister \u00e0 des expositions \u00e0 haute temp\u00e9rature ainsi qu&rsquo;\u00e0 une irradiation gamma (jusqu&rsquo;\u00e0 50 KGy) et \u00e0 une st\u00e9rilisation \u00e0 l&rsquo;oxyde d&rsquo;\u00e9thyl\u00e8ne. Id\u00e9al pour l&rsquo;identification des conteneurs et des surfaces qui doivent \u00eatre st\u00e9rilis\u00e9s \u00e0 l&rsquo;int\u00e9rieur des autoclaves, des \u00e9quipements de st\u00e9rilisation \u00e0 chaleur s\u00e8che et des irradiateurs gamma. Imperm\u00e9able, r\u00e9sistant aux intemp\u00e9ries, imprimable par transfert thermique.     <\/p>\n","protected":false},"featured_media":26765,"comment_status":"open","ping_status":"closed","template":"","meta":{"_acf_changed":false,"_et_pb_use_builder":"","_et_pb_old_content":"","_et_gb_content_width":""},"product_brand":[],"product_cat":[683,686],"product_tag":[],"pa_connextion-shapes":[],"class_list":{"0":"post-50680","1":"product","2":"type-product","3":"status-publish","4":"has-post-thumbnail","6":"product_cat-etiquettes-de-laboratoire","7":"product_cat-etiquettes-pour-autoclave","9":"first","10":"instock","11":"taxable","12":"shipping-taxable","13":"purchasable","14":"product-type-variable","15":"has-default-attributes"},"exclude_global_add_ons":[],"addons":[],"acf":[],"yoast_head":"<!-- This site is optimized with the Yoast SEO Premium plugin v27.0 (Yoast SEO v27.1) - https:\/\/yoast.com\/product\/yoast-seo-premium-wordpress\/ -->\n<title>\u00c9tiquette RFID permanente pour autoclave \u00e0 transfert thermique 50,8 x 25,4 mm<\/title>\n<meta name=\"description\" content=\"La technologie RFID a \u00e9t\u00e9 int\u00e9gr\u00e9e dans des \u00e9tiquettes \u00e0 transfert thermique r\u00e9sistantes \u00e0 l&#039;autoclave afin de cr\u00e9er une \u00e9tiquette RFID UHF adapt\u00e9e \u00e0 l&#039;identification de...\" \/>\n<meta name=\"robots\" content=\"index, follow, max-snippet:-1, max-image-preview:large, max-video-preview:-1\" \/>\n<link rel=\"canonical\" href=\"https:\/\/d-identify.be\/fr\/produit\/permanent-etiquette-rfid-permanente-pour-autoclave-a-transfert-thermique-508-x-254-mmrfid-thermal-transfer-label-50-8-x-25-4mm\/\" \/>\n<meta property=\"og:locale\" content=\"fr_FR\" \/>\n<meta property=\"og:type\" content=\"article\" \/>\n<meta property=\"og:title\" content=\"Permanent \u00c9tiquette RFID permanente pour autoclave \u00e0 transfert thermique 50,8 x 25,4 mmRFID Thermal transfer label 50.8 x 25.4mm\" \/>\n<meta property=\"og:description\" content=\"La technologie RFID a \u00e9t\u00e9 int\u00e9gr\u00e9e dans des \u00e9tiquettes \u00e0 transfert thermique r\u00e9sistantes \u00e0 l&#039;autoclave afin de cr\u00e9er une \u00e9tiquette RFID UHF adapt\u00e9e \u00e0 l&#039;identification de...\" \/>\n<meta property=\"og:url\" content=\"https:\/\/d-identify.be\/fr\/produit\/permanent-etiquette-rfid-permanente-pour-autoclave-a-transfert-thermique-508-x-254-mmrfid-thermal-transfer-label-50-8-x-25-4mm\/\" \/>\n<meta property=\"og:site_name\" content=\"d-identify\" \/>\n<meta property=\"og:image\" content=\"https:\/\/d-identify.be\/wp-content\/uploads\/2021\/07\/AC-50.8x25.4-P-C1-1K-WH.png\" \/>\n\t<meta property=\"og:image:width\" content=\"907\" \/>\n\t<meta property=\"og:image:height\" content=\"907\" \/>\n\t<meta property=\"og:image:type\" content=\"image\/png\" \/>\n<meta name=\"twitter:card\" content=\"summary_large_image\" \/>\n<meta name=\"twitter:label1\" content=\"Dur\u00e9e de lecture estim\u00e9e\" \/>\n\t<meta name=\"twitter:data1\" content=\"1 minute\" \/>\n<script type=\"application\/ld+json\" class=\"yoast-schema-graph\">{\"@context\":\"https:\/\/schema.org\",\"@graph\":[{\"@type\":\"WebPage\",\"@id\":\"https:\/\/d-identify.be\/fr\/produit\/permanent-etiquette-rfid-permanente-pour-autoclave-a-transfert-thermique-508-x-254-mmrfid-thermal-transfer-label-50-8-x-25-4mm\/\",\"url\":\"https:\/\/d-identify.be\/fr\/produit\/permanent-etiquette-rfid-permanente-pour-autoclave-a-transfert-thermique-508-x-254-mmrfid-thermal-transfer-label-50-8-x-25-4mm\/\",\"name\":\"\u00c9tiquette RFID permanente pour autoclave \u00e0 transfert thermique 50,8 x 25,4 mm\",\"isPartOf\":{\"@id\":\"https:\/\/d-identify.be\/fr\/#website\"},\"primaryImageOfPage\":{\"@id\":\"https:\/\/d-identify.be\/fr\/produit\/permanent-etiquette-rfid-permanente-pour-autoclave-a-transfert-thermique-508-x-254-mmrfid-thermal-transfer-label-50-8-x-25-4mm\/#primaryimage\"},\"image\":{\"@id\":\"https:\/\/d-identify.be\/fr\/produit\/permanent-etiquette-rfid-permanente-pour-autoclave-a-transfert-thermique-508-x-254-mmrfid-thermal-transfer-label-50-8-x-25-4mm\/#primaryimage\"},\"thumbnailUrl\":\"https:\/\/d-identify.be\/wp-content\/uploads\/2021\/07\/AC-50.8x25.4-P-C1-1K-WH.png\",\"datePublished\":\"2022-03-02T18:29:37+00:00\",\"description\":\"La technologie RFID a \u00e9t\u00e9 int\u00e9gr\u00e9e dans des \u00e9tiquettes \u00e0 transfert thermique r\u00e9sistantes \u00e0 l'autoclave afin de cr\u00e9er une \u00e9tiquette RFID UHF adapt\u00e9e \u00e0 l'identification de...\",\"breadcrumb\":{\"@id\":\"https:\/\/d-identify.be\/fr\/produit\/permanent-etiquette-rfid-permanente-pour-autoclave-a-transfert-thermique-508-x-254-mmrfid-thermal-transfer-label-50-8-x-25-4mm\/#breadcrumb\"},\"inLanguage\":\"fr-FR\",\"potentialAction\":[{\"@type\":\"ReadAction\",\"target\":[\"https:\/\/d-identify.be\/fr\/produit\/permanent-etiquette-rfid-permanente-pour-autoclave-a-transfert-thermique-508-x-254-mmrfid-thermal-transfer-label-50-8-x-25-4mm\/\"]}]},{\"@type\":\"ImageObject\",\"inLanguage\":\"fr-FR\",\"@id\":\"https:\/\/d-identify.be\/fr\/produit\/permanent-etiquette-rfid-permanente-pour-autoclave-a-transfert-thermique-508-x-254-mmrfid-thermal-transfer-label-50-8-x-25-4mm\/#primaryimage\",\"url\":\"https:\/\/d-identify.be\/wp-content\/uploads\/2021\/07\/AC-50.8x25.4-P-C1-1K-WH.png\",\"contentUrl\":\"https:\/\/d-identify.be\/wp-content\/uploads\/2021\/07\/AC-50.8x25.4-P-C1-1K-WH.png\",\"width\":907,\"height\":907,\"caption\":\"Permanent Autoclave Thermal transfer label 50.8 x 25.4mm\"},{\"@type\":\"BreadcrumbList\",\"@id\":\"https:\/\/d-identify.be\/fr\/produit\/permanent-etiquette-rfid-permanente-pour-autoclave-a-transfert-thermique-508-x-254-mmrfid-thermal-transfer-label-50-8-x-25-4mm\/#breadcrumb\",\"itemListElement\":[{\"@type\":\"ListItem\",\"position\":1,\"name\":\"Home\",\"item\":\"https:\/\/d-identify.be\/fr\/home-2\/\"},{\"@type\":\"ListItem\",\"position\":2,\"name\":\"Boutique\",\"item\":\"https:\/\/d-identify.be\/fr\/boutique\/\"},{\"@type\":\"ListItem\",\"position\":3,\"name\":\"Permanent \u00c9tiquette RFID permanente pour autoclave \u00e0 transfert thermique 50,8 x 25,4 mmRFID Thermal transfer label 50.8 x 25.4mm\"}]},{\"@type\":\"WebSite\",\"@id\":\"https:\/\/d-identify.be\/fr\/#website\",\"url\":\"https:\/\/d-identify.be\/fr\/\",\"name\":\"d-identify\",\"description\":\"Industrial identification - Lockout - Tagout - Floor marking\",\"potentialAction\":[{\"@type\":\"SearchAction\",\"target\":{\"@type\":\"EntryPoint\",\"urlTemplate\":\"https:\/\/d-identify.be\/fr\/?s={search_term_string}\"},\"query-input\":{\"@type\":\"PropertyValueSpecification\",\"valueRequired\":true,\"valueName\":\"search_term_string\"}}],\"inLanguage\":\"fr-FR\"}]}<\/script>\n<!-- \/ Yoast SEO Premium plugin. -->","yoast_head_json":{"title":"\u00c9tiquette RFID permanente pour autoclave \u00e0 transfert thermique 50,8 x 25,4 mm","description":"La technologie RFID a \u00e9t\u00e9 int\u00e9gr\u00e9e dans des \u00e9tiquettes \u00e0 transfert thermique r\u00e9sistantes \u00e0 l'autoclave afin de cr\u00e9er une \u00e9tiquette RFID UHF adapt\u00e9e \u00e0 l'identification de...","robots":{"index":"index","follow":"follow","max-snippet":"max-snippet:-1","max-image-preview":"max-image-preview:large","max-video-preview":"max-video-preview:-1"},"canonical":"https:\/\/d-identify.be\/fr\/produit\/permanent-etiquette-rfid-permanente-pour-autoclave-a-transfert-thermique-508-x-254-mmrfid-thermal-transfer-label-50-8-x-25-4mm\/","og_locale":"fr_FR","og_type":"article","og_title":"Permanent \u00c9tiquette RFID permanente pour autoclave \u00e0 transfert thermique 50,8 x 25,4 mmRFID Thermal transfer label 50.8 x 25.4mm","og_description":"La technologie RFID a \u00e9t\u00e9 int\u00e9gr\u00e9e dans des \u00e9tiquettes \u00e0 transfert thermique r\u00e9sistantes \u00e0 l'autoclave afin de cr\u00e9er une \u00e9tiquette RFID UHF adapt\u00e9e \u00e0 l'identification de...","og_url":"https:\/\/d-identify.be\/fr\/produit\/permanent-etiquette-rfid-permanente-pour-autoclave-a-transfert-thermique-508-x-254-mmrfid-thermal-transfer-label-50-8-x-25-4mm\/","og_site_name":"d-identify","og_image":[{"width":907,"height":907,"url":"https:\/\/d-identify.be\/wp-content\/uploads\/2021\/07\/AC-50.8x25.4-P-C1-1K-WH.png","type":"image\/png"}],"twitter_card":"summary_large_image","twitter_misc":{"Dur\u00e9e de lecture estim\u00e9e":"1 minute"},"schema":{"@context":"https:\/\/schema.org","@graph":[{"@type":"WebPage","@id":"https:\/\/d-identify.be\/fr\/produit\/permanent-etiquette-rfid-permanente-pour-autoclave-a-transfert-thermique-508-x-254-mmrfid-thermal-transfer-label-50-8-x-25-4mm\/","url":"https:\/\/d-identify.be\/fr\/produit\/permanent-etiquette-rfid-permanente-pour-autoclave-a-transfert-thermique-508-x-254-mmrfid-thermal-transfer-label-50-8-x-25-4mm\/","name":"\u00c9tiquette RFID permanente pour autoclave \u00e0 transfert thermique 50,8 x 25,4 mm","isPartOf":{"@id":"https:\/\/d-identify.be\/fr\/#website"},"primaryImageOfPage":{"@id":"https:\/\/d-identify.be\/fr\/produit\/permanent-etiquette-rfid-permanente-pour-autoclave-a-transfert-thermique-508-x-254-mmrfid-thermal-transfer-label-50-8-x-25-4mm\/#primaryimage"},"image":{"@id":"https:\/\/d-identify.be\/fr\/produit\/permanent-etiquette-rfid-permanente-pour-autoclave-a-transfert-thermique-508-x-254-mmrfid-thermal-transfer-label-50-8-x-25-4mm\/#primaryimage"},"thumbnailUrl":"https:\/\/d-identify.be\/wp-content\/uploads\/2021\/07\/AC-50.8x25.4-P-C1-1K-WH.png","datePublished":"2022-03-02T18:29:37+00:00","description":"La technologie RFID a \u00e9t\u00e9 int\u00e9gr\u00e9e dans des \u00e9tiquettes \u00e0 transfert thermique r\u00e9sistantes \u00e0 l'autoclave afin de cr\u00e9er une \u00e9tiquette RFID UHF adapt\u00e9e \u00e0 l'identification de...","breadcrumb":{"@id":"https:\/\/d-identify.be\/fr\/produit\/permanent-etiquette-rfid-permanente-pour-autoclave-a-transfert-thermique-508-x-254-mmrfid-thermal-transfer-label-50-8-x-25-4mm\/#breadcrumb"},"inLanguage":"fr-FR","potentialAction":[{"@type":"ReadAction","target":["https:\/\/d-identify.be\/fr\/produit\/permanent-etiquette-rfid-permanente-pour-autoclave-a-transfert-thermique-508-x-254-mmrfid-thermal-transfer-label-50-8-x-25-4mm\/"]}]},{"@type":"ImageObject","inLanguage":"fr-FR","@id":"https:\/\/d-identify.be\/fr\/produit\/permanent-etiquette-rfid-permanente-pour-autoclave-a-transfert-thermique-508-x-254-mmrfid-thermal-transfer-label-50-8-x-25-4mm\/#primaryimage","url":"https:\/\/d-identify.be\/wp-content\/uploads\/2021\/07\/AC-50.8x25.4-P-C1-1K-WH.png","contentUrl":"https:\/\/d-identify.be\/wp-content\/uploads\/2021\/07\/AC-50.8x25.4-P-C1-1K-WH.png","width":907,"height":907,"caption":"Permanent Autoclave Thermal transfer label 50.8 x 25.4mm"},{"@type":"BreadcrumbList","@id":"https:\/\/d-identify.be\/fr\/produit\/permanent-etiquette-rfid-permanente-pour-autoclave-a-transfert-thermique-508-x-254-mmrfid-thermal-transfer-label-50-8-x-25-4mm\/#breadcrumb","itemListElement":[{"@type":"ListItem","position":1,"name":"Home","item":"https:\/\/d-identify.be\/fr\/home-2\/"},{"@type":"ListItem","position":2,"name":"Boutique","item":"https:\/\/d-identify.be\/fr\/boutique\/"},{"@type":"ListItem","position":3,"name":"Permanent \u00c9tiquette RFID permanente pour autoclave \u00e0 transfert thermique 50,8 x 25,4 mmRFID Thermal transfer label 50.8 x 25.4mm"}]},{"@type":"WebSite","@id":"https:\/\/d-identify.be\/fr\/#website","url":"https:\/\/d-identify.be\/fr\/","name":"d-identify","description":"Industrial identification - Lockout - Tagout - Floor marking","potentialAction":[{"@type":"SearchAction","target":{"@type":"EntryPoint","urlTemplate":"https:\/\/d-identify.be\/fr\/?s={search_term_string}"},"query-input":{"@type":"PropertyValueSpecification","valueRequired":true,"valueName":"search_term_string"}}],"inLanguage":"fr-FR"}]}},"_links":{"self":[{"href":"https:\/\/d-identify.be\/fr\/wp-json\/wp\/v2\/product\/50680","targetHints":{"allow":["GET"]}}],"collection":[{"href":"https:\/\/d-identify.be\/fr\/wp-json\/wp\/v2\/product"}],"about":[{"href":"https:\/\/d-identify.be\/fr\/wp-json\/wp\/v2\/types\/product"}],"replies":[{"embeddable":true,"href":"https:\/\/d-identify.be\/fr\/wp-json\/wp\/v2\/comments?post=50680"}],"wp:featuredmedia":[{"embeddable":true,"href":"https:\/\/d-identify.be\/fr\/wp-json\/wp\/v2\/media\/26765"}],"wp:attachment":[{"href":"https:\/\/d-identify.be\/fr\/wp-json\/wp\/v2\/media?parent=50680"}],"wp:term":[{"taxonomy":"product_brand","embeddable":true,"href":"https:\/\/d-identify.be\/fr\/wp-json\/wp\/v2\/product_brand?post=50680"},{"taxonomy":"product_cat","embeddable":true,"href":"https:\/\/d-identify.be\/fr\/wp-json\/wp\/v2\/product_cat?post=50680"},{"taxonomy":"product_tag","embeddable":true,"href":"https:\/\/d-identify.be\/fr\/wp-json\/wp\/v2\/product_tag?post=50680"},{"taxonomy":"pa_connextion-shapes","embeddable":true,"href":"https:\/\/d-identify.be\/fr\/wp-json\/wp\/v2\/pa_connextion-shapes?post=50680"}],"curies":[{"name":"wp","href":"https:\/\/api.w.org\/{rel}","templated":true}]}}