{"id":50670,"date":"2022-03-04T20:47:27","date_gmt":"2022-03-04T18:47:27","guid":{"rendered":"https:\/\/d-identify.be\/product\/print-and-laminate-autoclave-label-48mm-x-71mm\/"},"modified":"2022-03-04T20:47:27","modified_gmt":"2022-03-04T18:47:27","slug":"print-and-laminate-autoclave-label-48mm-x-71mm","status":"publish","type":"product","link":"https:\/\/d-identify.be\/fr\/produit\/print-and-laminate-autoclave-label-48mm-x-71mm\/","title":{"rendered":"Print and Laminate Autoclave label 48mm x 71mm"},"content":{"rendered":"<p>Les \u00e9tiquettes \u00e0 imprimer et \u00e0 plastifier conviennent \u00e0 presque toutes les applications n\u00e9cessitant une durabilit\u00e9 et\/ou une r\u00e9sistance chimique maximale.<\/p>\n","protected":false},"excerpt":{"rendered":"<p>Les \u00e9tiquettes \u00e0 imprimer et \u00e0 plastifier ainsi que les \u00e9tiquettes \u00e0 imprimer et \u00e0 prot\u00e9ger conviennent \u00e0 presque toutes les applications n\u00e9cessitant une durabilit\u00e9 et une r\u00e9sistance chimique maximales.<\/p>\n<ul>\n<li style=\"list-style-type: none;\">\n<ul>\n<li><strong>Taille :<\/strong> 25 mm x 50 mm<\/li>\n<li><strong>\u00c9tiquette en travers :<\/strong> 1 +1 \u00c9tiquette lamin\u00e9e (film d&rsquo;application facile)<\/li>\n<li><strong>Couleurs disponibles :<\/strong> argent et blanc<\/li>\n<li><strong>\u00c9tiquettes\/rouleau :<\/strong> 500 ou 1000<\/li>\n<li><strong>Noyau :<\/strong> 40 mm ou 76 mm<\/li>\n<li><strong>Perforation :<\/strong> Oui<\/li>\n<li><strong>Adh\u00e9sif : <\/strong>Permanent<\/li>\n<\/ul>\n<\/li>\n<\/ul>\n","protected":false},"featured_media":26673,"comment_status":"open","ping_status":"closed","template":"","meta":{"_acf_changed":false,"_et_pb_use_builder":"","_et_pb_old_content":"","_et_gb_content_width":""},"product_brand":[],"product_cat":[686,704],"product_tag":[],"pa_connextion-shapes":[],"class_list":{"0":"post-50670","1":"product","2":"type-product","3":"status-publish","4":"has-post-thumbnail","6":"product_cat-etiquettes-pour-autoclave","7":"product_cat-etiquettes-polyester","9":"first","10":"instock","11":"taxable","12":"shipping-taxable","13":"purchasable","14":"product-type-variable","15":"has-default-attributes"},"exclude_global_add_ons":[],"addons":[],"acf":[],"yoast_head":"<!-- This site is optimized with the Yoast SEO Premium plugin v27.0 (Yoast SEO v27.1) - https:\/\/yoast.com\/product\/yoast-seo-premium-wordpress\/ -->\n<title>\u00c9tiquette autoclave \u00e0 imprimer et \u00e0 plastifier 48 x 71 mm<\/title>\n<meta name=\"description\" content=\"Les \u00e9tiquettes Imprimer et Laminer sont adapt\u00e9es \u00e0 presque toutes les applications o\u00f9 les exigences les plus \u00e9lev\u00e9es en mati\u00e8re de durabilit\u00e9 et\/ou de r\u00e9sistance chimique sont requises.\" \/>\n<meta name=\"robots\" content=\"index, follow, max-snippet:-1, max-image-preview:large, max-video-preview:-1\" \/>\n<link rel=\"canonical\" href=\"https:\/\/d-identify.be\/fr\/produit\/print-and-laminate-autoclave-label-48mm-x-71mm\/\" \/>\n<meta property=\"og:locale\" content=\"fr_FR\" \/>\n<meta property=\"og:type\" content=\"article\" \/>\n<meta property=\"og:title\" content=\"Print and Laminate Autoclave label 48mm x 71mm\" \/>\n<meta property=\"og:description\" content=\"Les \u00e9tiquettes Imprimer et Laminer sont adapt\u00e9es \u00e0 presque toutes les applications o\u00f9 les exigences les plus \u00e9lev\u00e9es en mati\u00e8re de durabilit\u00e9 et\/ou de r\u00e9sistance chimique sont requises.\" \/>\n<meta property=\"og:url\" content=\"https:\/\/d-identify.be\/fr\/produit\/print-and-laminate-autoclave-label-48mm-x-71mm\/\" \/>\n<meta property=\"og:site_name\" content=\"d-identify\" \/>\n<meta property=\"og:image\" content=\"https:\/\/d-identify.be\/wp-content\/uploads\/2021\/07\/LAM-48x71-SV.png\" \/>\n\t<meta property=\"og:image:width\" content=\"907\" \/>\n\t<meta property=\"og:image:height\" content=\"907\" \/>\n\t<meta property=\"og:image:type\" content=\"image\/png\" \/>\n<meta name=\"twitter:card\" content=\"summary_large_image\" \/>\n<script type=\"application\/ld+json\" class=\"yoast-schema-graph\">{\"@context\":\"https:\/\/schema.org\",\"@graph\":[{\"@type\":\"WebPage\",\"@id\":\"https:\/\/d-identify.be\/fr\/produit\/print-and-laminate-autoclave-label-48mm-x-71mm\/\",\"url\":\"https:\/\/d-identify.be\/fr\/produit\/print-and-laminate-autoclave-label-48mm-x-71mm\/\",\"name\":\"\u00c9tiquette autoclave \u00e0 imprimer et \u00e0 plastifier 48 x 71 mm\",\"isPartOf\":{\"@id\":\"https:\/\/d-identify.be\/fr\/#website\"},\"primaryImageOfPage\":{\"@id\":\"https:\/\/d-identify.be\/fr\/produit\/print-and-laminate-autoclave-label-48mm-x-71mm\/#primaryimage\"},\"image\":{\"@id\":\"https:\/\/d-identify.be\/fr\/produit\/print-and-laminate-autoclave-label-48mm-x-71mm\/#primaryimage\"},\"thumbnailUrl\":\"https:\/\/d-identify.be\/wp-content\/uploads\/2021\/07\/LAM-48x71-SV.png\",\"datePublished\":\"2022-03-04T18:47:27+00:00\",\"description\":\"Les \u00e9tiquettes Imprimer et Laminer sont adapt\u00e9es \u00e0 presque toutes les applications o\u00f9 les exigences les plus \u00e9lev\u00e9es en mati\u00e8re de durabilit\u00e9 et\/ou de r\u00e9sistance chimique sont requises.\",\"breadcrumb\":{\"@id\":\"https:\/\/d-identify.be\/fr\/produit\/print-and-laminate-autoclave-label-48mm-x-71mm\/#breadcrumb\"},\"inLanguage\":\"fr-FR\",\"potentialAction\":[{\"@type\":\"ReadAction\",\"target\":[\"https:\/\/d-identify.be\/fr\/produit\/print-and-laminate-autoclave-label-48mm-x-71mm\/\"]}]},{\"@type\":\"ImageObject\",\"inLanguage\":\"fr-FR\",\"@id\":\"https:\/\/d-identify.be\/fr\/produit\/print-and-laminate-autoclave-label-48mm-x-71mm\/#primaryimage\",\"url\":\"https:\/\/d-identify.be\/wp-content\/uploads\/2021\/07\/LAM-48x71-SV.png\",\"contentUrl\":\"https:\/\/d-identify.be\/wp-content\/uploads\/2021\/07\/LAM-48x71-SV.png\",\"width\":907,\"height\":907,\"caption\":\"Print and Laminate label 48mm x 71mm (Silver)\"},{\"@type\":\"BreadcrumbList\",\"@id\":\"https:\/\/d-identify.be\/fr\/produit\/print-and-laminate-autoclave-label-48mm-x-71mm\/#breadcrumb\",\"itemListElement\":[{\"@type\":\"ListItem\",\"position\":1,\"name\":\"Home\",\"item\":\"https:\/\/d-identify.be\/fr\/home-2\/\"},{\"@type\":\"ListItem\",\"position\":2,\"name\":\"Boutique\",\"item\":\"https:\/\/d-identify.be\/fr\/boutique\/\"},{\"@type\":\"ListItem\",\"position\":3,\"name\":\"Print and Laminate Autoclave label 48mm x 71mm\"}]},{\"@type\":\"WebSite\",\"@id\":\"https:\/\/d-identify.be\/fr\/#website\",\"url\":\"https:\/\/d-identify.be\/fr\/\",\"name\":\"d-identify\",\"description\":\"Industrial identification - Lockout - Tagout - Floor marking\",\"potentialAction\":[{\"@type\":\"SearchAction\",\"target\":{\"@type\":\"EntryPoint\",\"urlTemplate\":\"https:\/\/d-identify.be\/fr\/?s={search_term_string}\"},\"query-input\":{\"@type\":\"PropertyValueSpecification\",\"valueRequired\":true,\"valueName\":\"search_term_string\"}}],\"inLanguage\":\"fr-FR\"}]}<\/script>\n<!-- \/ Yoast SEO Premium plugin. -->","yoast_head_json":{"title":"\u00c9tiquette autoclave \u00e0 imprimer et \u00e0 plastifier 48 x 71 mm","description":"Les \u00e9tiquettes Imprimer et Laminer sont adapt\u00e9es \u00e0 presque toutes les applications o\u00f9 les exigences les plus \u00e9lev\u00e9es en mati\u00e8re de durabilit\u00e9 et\/ou de r\u00e9sistance chimique sont requises.","robots":{"index":"index","follow":"follow","max-snippet":"max-snippet:-1","max-image-preview":"max-image-preview:large","max-video-preview":"max-video-preview:-1"},"canonical":"https:\/\/d-identify.be\/fr\/produit\/print-and-laminate-autoclave-label-48mm-x-71mm\/","og_locale":"fr_FR","og_type":"article","og_title":"Print and Laminate Autoclave label 48mm x 71mm","og_description":"Les \u00e9tiquettes Imprimer et Laminer sont adapt\u00e9es \u00e0 presque toutes les applications o\u00f9 les exigences les plus \u00e9lev\u00e9es en mati\u00e8re de durabilit\u00e9 et\/ou de r\u00e9sistance chimique sont requises.","og_url":"https:\/\/d-identify.be\/fr\/produit\/print-and-laminate-autoclave-label-48mm-x-71mm\/","og_site_name":"d-identify","og_image":[{"width":907,"height":907,"url":"https:\/\/d-identify.be\/wp-content\/uploads\/2021\/07\/LAM-48x71-SV.png","type":"image\/png"}],"twitter_card":"summary_large_image","schema":{"@context":"https:\/\/schema.org","@graph":[{"@type":"WebPage","@id":"https:\/\/d-identify.be\/fr\/produit\/print-and-laminate-autoclave-label-48mm-x-71mm\/","url":"https:\/\/d-identify.be\/fr\/produit\/print-and-laminate-autoclave-label-48mm-x-71mm\/","name":"\u00c9tiquette autoclave \u00e0 imprimer et \u00e0 plastifier 48 x 71 mm","isPartOf":{"@id":"https:\/\/d-identify.be\/fr\/#website"},"primaryImageOfPage":{"@id":"https:\/\/d-identify.be\/fr\/produit\/print-and-laminate-autoclave-label-48mm-x-71mm\/#primaryimage"},"image":{"@id":"https:\/\/d-identify.be\/fr\/produit\/print-and-laminate-autoclave-label-48mm-x-71mm\/#primaryimage"},"thumbnailUrl":"https:\/\/d-identify.be\/wp-content\/uploads\/2021\/07\/LAM-48x71-SV.png","datePublished":"2022-03-04T18:47:27+00:00","description":"Les \u00e9tiquettes Imprimer et Laminer sont adapt\u00e9es \u00e0 presque toutes les applications o\u00f9 les exigences les plus \u00e9lev\u00e9es en mati\u00e8re de durabilit\u00e9 et\/ou de r\u00e9sistance chimique sont requises.","breadcrumb":{"@id":"https:\/\/d-identify.be\/fr\/produit\/print-and-laminate-autoclave-label-48mm-x-71mm\/#breadcrumb"},"inLanguage":"fr-FR","potentialAction":[{"@type":"ReadAction","target":["https:\/\/d-identify.be\/fr\/produit\/print-and-laminate-autoclave-label-48mm-x-71mm\/"]}]},{"@type":"ImageObject","inLanguage":"fr-FR","@id":"https:\/\/d-identify.be\/fr\/produit\/print-and-laminate-autoclave-label-48mm-x-71mm\/#primaryimage","url":"https:\/\/d-identify.be\/wp-content\/uploads\/2021\/07\/LAM-48x71-SV.png","contentUrl":"https:\/\/d-identify.be\/wp-content\/uploads\/2021\/07\/LAM-48x71-SV.png","width":907,"height":907,"caption":"Print and Laminate label 48mm x 71mm (Silver)"},{"@type":"BreadcrumbList","@id":"https:\/\/d-identify.be\/fr\/produit\/print-and-laminate-autoclave-label-48mm-x-71mm\/#breadcrumb","itemListElement":[{"@type":"ListItem","position":1,"name":"Home","item":"https:\/\/d-identify.be\/fr\/home-2\/"},{"@type":"ListItem","position":2,"name":"Boutique","item":"https:\/\/d-identify.be\/fr\/boutique\/"},{"@type":"ListItem","position":3,"name":"Print and Laminate Autoclave label 48mm x 71mm"}]},{"@type":"WebSite","@id":"https:\/\/d-identify.be\/fr\/#website","url":"https:\/\/d-identify.be\/fr\/","name":"d-identify","description":"Industrial identification - Lockout - Tagout - Floor marking","potentialAction":[{"@type":"SearchAction","target":{"@type":"EntryPoint","urlTemplate":"https:\/\/d-identify.be\/fr\/?s={search_term_string}"},"query-input":{"@type":"PropertyValueSpecification","valueRequired":true,"valueName":"search_term_string"}}],"inLanguage":"fr-FR"}]}},"_links":{"self":[{"href":"https:\/\/d-identify.be\/fr\/wp-json\/wp\/v2\/product\/50670","targetHints":{"allow":["GET"]}}],"collection":[{"href":"https:\/\/d-identify.be\/fr\/wp-json\/wp\/v2\/product"}],"about":[{"href":"https:\/\/d-identify.be\/fr\/wp-json\/wp\/v2\/types\/product"}],"replies":[{"embeddable":true,"href":"https:\/\/d-identify.be\/fr\/wp-json\/wp\/v2\/comments?post=50670"}],"wp:featuredmedia":[{"embeddable":true,"href":"https:\/\/d-identify.be\/fr\/wp-json\/wp\/v2\/media\/26673"}],"wp:attachment":[{"href":"https:\/\/d-identify.be\/fr\/wp-json\/wp\/v2\/media?parent=50670"}],"wp:term":[{"taxonomy":"product_brand","embeddable":true,"href":"https:\/\/d-identify.be\/fr\/wp-json\/wp\/v2\/product_brand?post=50670"},{"taxonomy":"product_cat","embeddable":true,"href":"https:\/\/d-identify.be\/fr\/wp-json\/wp\/v2\/product_cat?post=50670"},{"taxonomy":"product_tag","embeddable":true,"href":"https:\/\/d-identify.be\/fr\/wp-json\/wp\/v2\/product_tag?post=50670"},{"taxonomy":"pa_connextion-shapes","embeddable":true,"href":"https:\/\/d-identify.be\/fr\/wp-json\/wp\/v2\/pa_connextion-shapes?post=50670"}],"curies":[{"name":"wp","href":"https:\/\/api.w.org\/{rel}","templated":true}]}}