{"id":50449,"date":"2021-07-26T12:38:47","date_gmt":"2021-07-26T10:38:47","guid":{"rendered":"https:\/\/d-identify.be\/product\/couvercle-verrouillable-pour-espace-confine-l-de-29-a-32-pouces-74-a-81-cm\/"},"modified":"2025-12-23T17:31:52","modified_gmt":"2025-12-23T15:31:52","slug":"couvercle-verrouillable-pour-espace-confine-l","status":"publish","type":"product","link":"https:\/\/d-identify.be\/fr\/produit\/couvercle-verrouillable-pour-espace-confine-l\/","title":{"rendered":"Couvercle verrouillable pour espace confin\u00e9 (L)"},"content":{"rendered":"<p data-start=\"3523\" data-end=\"3794\">Le <strong data-start=\"3526\" data-end=\"3577\">couvercle verrouillable pour espace confin\u00e9 (L)<\/strong> assure une protection contr\u00f4l\u00e9e lors des interventions en espace confin\u00e9. Ce <strong data-start=\"3655\" data-end=\"3684\">couvercle de trou d\u2019homme<\/strong> utilise une maille PVC industrielle r\u00e9sistante aux UV. Elle supporte les conditions industrielles difficiles.<\/p>\n<p data-start=\"3796\" data-end=\"3976\">Installez le couvercle facilement sur la bride du trou d\u2019homme. S\u00e9curisez-le \u00e0 l\u2019aide du <strong data-start=\"3885\" data-end=\"3927\">c\u00e2ble de consignation Master Lock S806<\/strong>. Cette solution emp\u00eache tout acc\u00e8s non autoris\u00e9.<\/p>\n<p data-start=\"3978\" data-end=\"4213\">Le <strong data-start=\"3981\" data-end=\"4032\">couvercle verrouillable pour espace confin\u00e9 (L)<\/strong> convient aux trous d\u2019homme standards d\u2019un diam\u00e8tre total, bride comprise, de <strong data-start=\"4110\" data-end=\"4145\">813 \u00e0 909 mm (32 \u00e0 35,8 pouces)<\/strong>. La maille permet la circulation de l\u2019air tout en bloquant l\u2019acc\u00e8s.<\/p>\n","protected":false},"excerpt":{"rendered":"<p>Le <strong data-start=\"3284\" data-end=\"3335\">couvercle verrouillable pour espace confin\u00e9 (L)<\/strong> est un couvercle de trou d\u2019homme en maille PVC r\u00e9sistante aux UV. Il convient aux \u00d8 <strong data-start=\"3420\" data-end=\"3451\">813\u2013909 mm (32\u201335,8 pouces)<\/strong> et se verrouille avec <strong data-start=\"3474\" data-end=\"3494\">Master Lock S806<\/strong>.<\/p>\n<p><img loading=\"lazy\" decoding=\"async\" class=\"alignnone wp-image-50228\" src=\"https:\/\/d-identify.be\/wp-content\/uploads\/2025\/01\/van-1.png\" alt=\"\" width=\"65\" height=\"27\" \/> Les couvercles sont fabriqu\u00e9s sur commande et sont g\u00e9n\u00e9ralement <strong>exp\u00e9di\u00e9s sous 10 jours<\/strong> ouvrables.<\/p>\n","protected":false},"featured_media":27502,"comment_status":"open","ping_status":"closed","template":"","meta":{"_acf_changed":false,"_et_pb_use_builder":"","_et_pb_old_content":"","_et_gb_content_width":""},"product_brand":[],"product_cat":[466,621],"product_tag":[963],"pa_connextion-shapes":[],"class_list":{"0":"post-50449","1":"product","2":"type-product","3":"status-publish","4":"has-post-thumbnail","6":"product_cat-lockout-tagout","7":"product_cat-confined-space-covers","8":"product_tag-d-identify-fr","10":"first","11":"instock","12":"taxable","13":"shipping-taxable","14":"purchasable","15":"product-type-simple"},"exclude_global_add_ons":[],"addons":[],"acf":[],"yoast_head":"<!-- This site is optimized with the Yoast SEO Premium plugin v27.0 (Yoast SEO v27.1) - https:\/\/yoast.com\/product\/yoast-seo-premium-wordpress\/ -->\n<title>Couvercle verrouillable pour espace confin\u00e9 (L) \u2013 Trou d\u2019homme<\/title>\n<meta name=\"description\" content=\"Couvercle verrouillable pour espace confin\u00e9 (L). Maille PVC UV. Verrouillage avec Master Lock S806. Pour trous d\u2019homme \u00d8 813\u2013909 mm.\" \/>\n<meta name=\"robots\" content=\"index, follow, max-snippet:-1, max-image-preview:large, max-video-preview:-1\" \/>\n<link rel=\"canonical\" href=\"https:\/\/d-identify.be\/fr\/produit\/couvercle-verrouillable-pour-espace-confine-l\/\" \/>\n<meta property=\"og:locale\" content=\"fr_FR\" \/>\n<meta property=\"og:type\" content=\"article\" \/>\n<meta property=\"og:title\" content=\"Couvercle verrouillable pour espace confin\u00e9 (L)\" \/>\n<meta property=\"og:description\" content=\"Couvercle verrouillable pour espace confin\u00e9 (L). Maille PVC UV. Verrouillage avec Master Lock S806. Pour trous d\u2019homme \u00d8 813\u2013909 mm.\" \/>\n<meta property=\"og:url\" content=\"https:\/\/d-identify.be\/fr\/produit\/couvercle-verrouillable-pour-espace-confine-l\/\" \/>\n<meta property=\"og:site_name\" content=\"d-identify\" \/>\n<meta property=\"article:modified_time\" content=\"2025-12-23T15:31:52+00:00\" \/>\n<meta property=\"og:image\" content=\"https:\/\/d-identify.be\/wp-content\/uploads\/2021\/07\/D501CS_881f992d-361a-4b92-b1bf-1c1e8dd378c3.png\" \/>\n\t<meta property=\"og:image:width\" content=\"510\" \/>\n\t<meta property=\"og:image:height\" content=\"510\" \/>\n\t<meta property=\"og:image:type\" content=\"image\/png\" \/>\n<meta name=\"twitter:card\" content=\"summary_large_image\" \/>\n<meta name=\"twitter:label1\" content=\"Dur\u00e9e de lecture estim\u00e9e\" \/>\n\t<meta name=\"twitter:data1\" content=\"1 minute\" \/>\n<script type=\"application\/ld+json\" class=\"yoast-schema-graph\">{\"@context\":\"https:\/\/schema.org\",\"@graph\":[{\"@type\":\"WebPage\",\"@id\":\"https:\/\/d-identify.be\/fr\/produit\/couvercle-verrouillable-pour-espace-confine-l\/\",\"url\":\"https:\/\/d-identify.be\/fr\/produit\/couvercle-verrouillable-pour-espace-confine-l\/\",\"name\":\"Couvercle verrouillable pour espace confin\u00e9 (L) \u2013 Trou d\u2019homme\",\"isPartOf\":{\"@id\":\"https:\/\/d-identify.be\/fr\/#website\"},\"primaryImageOfPage\":{\"@id\":\"https:\/\/d-identify.be\/fr\/produit\/couvercle-verrouillable-pour-espace-confine-l\/#primaryimage\"},\"image\":{\"@id\":\"https:\/\/d-identify.be\/fr\/produit\/couvercle-verrouillable-pour-espace-confine-l\/#primaryimage\"},\"thumbnailUrl\":\"https:\/\/d-identify.be\/wp-content\/uploads\/2021\/07\/D501CS_881f992d-361a-4b92-b1bf-1c1e8dd378c3.png\",\"datePublished\":\"2021-07-26T10:38:47+00:00\",\"dateModified\":\"2025-12-23T15:31:52+00:00\",\"description\":\"Couvercle verrouillable pour espace confin\u00e9 (L). Maille PVC UV. Verrouillage avec Master Lock S806. Pour trous d\u2019homme \u00d8 813\u2013909 mm.\",\"breadcrumb\":{\"@id\":\"https:\/\/d-identify.be\/fr\/produit\/couvercle-verrouillable-pour-espace-confine-l\/#breadcrumb\"},\"inLanguage\":\"fr-FR\",\"potentialAction\":[{\"@type\":\"ReadAction\",\"target\":[\"https:\/\/d-identify.be\/fr\/produit\/couvercle-verrouillable-pour-espace-confine-l\/\"]}]},{\"@type\":\"ImageObject\",\"inLanguage\":\"fr-FR\",\"@id\":\"https:\/\/d-identify.be\/fr\/produit\/couvercle-verrouillable-pour-espace-confine-l\/#primaryimage\",\"url\":\"https:\/\/d-identify.be\/wp-content\/uploads\/2021\/07\/D501CS_881f992d-361a-4b92-b1bf-1c1e8dd378c3.png\",\"contentUrl\":\"https:\/\/d-identify.be\/wp-content\/uploads\/2021\/07\/D501CS_881f992d-361a-4b92-b1bf-1c1e8dd378c3.png\",\"width\":510,\"height\":510,\"caption\":\"Couvercle verrouillable pour espace confin\u00e9 (L)\"},{\"@type\":\"BreadcrumbList\",\"@id\":\"https:\/\/d-identify.be\/fr\/produit\/couvercle-verrouillable-pour-espace-confine-l\/#breadcrumb\",\"itemListElement\":[{\"@type\":\"ListItem\",\"position\":1,\"name\":\"Home\",\"item\":\"https:\/\/d-identify.be\/fr\/home-2\/\"},{\"@type\":\"ListItem\",\"position\":2,\"name\":\"Boutique\",\"item\":\"https:\/\/d-identify.be\/fr\/boutique\/\"},{\"@type\":\"ListItem\",\"position\":3,\"name\":\"Couvercle verrouillable pour espace confin\u00e9 (L)\"}]},{\"@type\":\"WebSite\",\"@id\":\"https:\/\/d-identify.be\/fr\/#website\",\"url\":\"https:\/\/d-identify.be\/fr\/\",\"name\":\"d-identify\",\"description\":\"Industrial identification - Lockout - Tagout - Floor marking\",\"potentialAction\":[{\"@type\":\"SearchAction\",\"target\":{\"@type\":\"EntryPoint\",\"urlTemplate\":\"https:\/\/d-identify.be\/fr\/?s={search_term_string}\"},\"query-input\":{\"@type\":\"PropertyValueSpecification\",\"valueRequired\":true,\"valueName\":\"search_term_string\"}}],\"inLanguage\":\"fr-FR\"}]}<\/script>\n<!-- \/ Yoast SEO Premium plugin. -->","yoast_head_json":{"title":"Couvercle verrouillable pour espace confin\u00e9 (L) \u2013 Trou d\u2019homme","description":"Couvercle verrouillable pour espace confin\u00e9 (L). Maille PVC UV. Verrouillage avec Master Lock S806. Pour trous d\u2019homme \u00d8 813\u2013909 mm.","robots":{"index":"index","follow":"follow","max-snippet":"max-snippet:-1","max-image-preview":"max-image-preview:large","max-video-preview":"max-video-preview:-1"},"canonical":"https:\/\/d-identify.be\/fr\/produit\/couvercle-verrouillable-pour-espace-confine-l\/","og_locale":"fr_FR","og_type":"article","og_title":"Couvercle verrouillable pour espace confin\u00e9 (L)","og_description":"Couvercle verrouillable pour espace confin\u00e9 (L). Maille PVC UV. Verrouillage avec Master Lock S806. Pour trous d\u2019homme \u00d8 813\u2013909 mm.","og_url":"https:\/\/d-identify.be\/fr\/produit\/couvercle-verrouillable-pour-espace-confine-l\/","og_site_name":"d-identify","article_modified_time":"2025-12-23T15:31:52+00:00","og_image":[{"width":510,"height":510,"url":"https:\/\/d-identify.be\/wp-content\/uploads\/2021\/07\/D501CS_881f992d-361a-4b92-b1bf-1c1e8dd378c3.png","type":"image\/png"}],"twitter_card":"summary_large_image","twitter_misc":{"Dur\u00e9e de lecture estim\u00e9e":"1 minute"},"schema":{"@context":"https:\/\/schema.org","@graph":[{"@type":"WebPage","@id":"https:\/\/d-identify.be\/fr\/produit\/couvercle-verrouillable-pour-espace-confine-l\/","url":"https:\/\/d-identify.be\/fr\/produit\/couvercle-verrouillable-pour-espace-confine-l\/","name":"Couvercle verrouillable pour espace confin\u00e9 (L) \u2013 Trou d\u2019homme","isPartOf":{"@id":"https:\/\/d-identify.be\/fr\/#website"},"primaryImageOfPage":{"@id":"https:\/\/d-identify.be\/fr\/produit\/couvercle-verrouillable-pour-espace-confine-l\/#primaryimage"},"image":{"@id":"https:\/\/d-identify.be\/fr\/produit\/couvercle-verrouillable-pour-espace-confine-l\/#primaryimage"},"thumbnailUrl":"https:\/\/d-identify.be\/wp-content\/uploads\/2021\/07\/D501CS_881f992d-361a-4b92-b1bf-1c1e8dd378c3.png","datePublished":"2021-07-26T10:38:47+00:00","dateModified":"2025-12-23T15:31:52+00:00","description":"Couvercle verrouillable pour espace confin\u00e9 (L). Maille PVC UV. Verrouillage avec Master Lock S806. Pour trous d\u2019homme \u00d8 813\u2013909 mm.","breadcrumb":{"@id":"https:\/\/d-identify.be\/fr\/produit\/couvercle-verrouillable-pour-espace-confine-l\/#breadcrumb"},"inLanguage":"fr-FR","potentialAction":[{"@type":"ReadAction","target":["https:\/\/d-identify.be\/fr\/produit\/couvercle-verrouillable-pour-espace-confine-l\/"]}]},{"@type":"ImageObject","inLanguage":"fr-FR","@id":"https:\/\/d-identify.be\/fr\/produit\/couvercle-verrouillable-pour-espace-confine-l\/#primaryimage","url":"https:\/\/d-identify.be\/wp-content\/uploads\/2021\/07\/D501CS_881f992d-361a-4b92-b1bf-1c1e8dd378c3.png","contentUrl":"https:\/\/d-identify.be\/wp-content\/uploads\/2021\/07\/D501CS_881f992d-361a-4b92-b1bf-1c1e8dd378c3.png","width":510,"height":510,"caption":"Couvercle verrouillable pour espace confin\u00e9 (L)"},{"@type":"BreadcrumbList","@id":"https:\/\/d-identify.be\/fr\/produit\/couvercle-verrouillable-pour-espace-confine-l\/#breadcrumb","itemListElement":[{"@type":"ListItem","position":1,"name":"Home","item":"https:\/\/d-identify.be\/fr\/home-2\/"},{"@type":"ListItem","position":2,"name":"Boutique","item":"https:\/\/d-identify.be\/fr\/boutique\/"},{"@type":"ListItem","position":3,"name":"Couvercle verrouillable pour espace confin\u00e9 (L)"}]},{"@type":"WebSite","@id":"https:\/\/d-identify.be\/fr\/#website","url":"https:\/\/d-identify.be\/fr\/","name":"d-identify","description":"Industrial identification - Lockout - Tagout - Floor marking","potentialAction":[{"@type":"SearchAction","target":{"@type":"EntryPoint","urlTemplate":"https:\/\/d-identify.be\/fr\/?s={search_term_string}"},"query-input":{"@type":"PropertyValueSpecification","valueRequired":true,"valueName":"search_term_string"}}],"inLanguage":"fr-FR"}]}},"_links":{"self":[{"href":"https:\/\/d-identify.be\/fr\/wp-json\/wp\/v2\/product\/50449","targetHints":{"allow":["GET"]}}],"collection":[{"href":"https:\/\/d-identify.be\/fr\/wp-json\/wp\/v2\/product"}],"about":[{"href":"https:\/\/d-identify.be\/fr\/wp-json\/wp\/v2\/types\/product"}],"replies":[{"embeddable":true,"href":"https:\/\/d-identify.be\/fr\/wp-json\/wp\/v2\/comments?post=50449"}],"wp:featuredmedia":[{"embeddable":true,"href":"https:\/\/d-identify.be\/fr\/wp-json\/wp\/v2\/media\/27502"}],"wp:attachment":[{"href":"https:\/\/d-identify.be\/fr\/wp-json\/wp\/v2\/media?parent=50449"}],"wp:term":[{"taxonomy":"product_brand","embeddable":true,"href":"https:\/\/d-identify.be\/fr\/wp-json\/wp\/v2\/product_brand?post=50449"},{"taxonomy":"product_cat","embeddable":true,"href":"https:\/\/d-identify.be\/fr\/wp-json\/wp\/v2\/product_cat?post=50449"},{"taxonomy":"product_tag","embeddable":true,"href":"https:\/\/d-identify.be\/fr\/wp-json\/wp\/v2\/product_tag?post=50449"},{"taxonomy":"pa_connextion-shapes","embeddable":true,"href":"https:\/\/d-identify.be\/fr\/wp-json\/wp\/v2\/pa_connextion-shapes?post=50449"}],"curies":[{"name":"wp","href":"https:\/\/api.w.org\/{rel}","templated":true}]}}