{"id":50281,"date":"2021-07-26T12:38:41","date_gmt":"2021-07-26T10:38:41","guid":{"rendered":"https:\/\/d-identify.be\/product\/master-lock-4400eurec-bluetooth-cadenas\/"},"modified":"2021-07-26T12:38:41","modified_gmt":"2021-07-26T10:38:41","slug":"master-lock-4400eurec-bluetooth-cadenas","status":"publish","type":"product","link":"https:\/\/d-identify.be\/fr\/produit\/master-lock-4400eurec-bluetooth-cadenas\/","title":{"rendered":"Master Lock 4400EUREC Bluetooth\u00ae Cadenas"},"content":{"rendered":"<p>Le cadenas Bluetooth\u00ae Master Lock No. 4400EUREC est dot\u00e9 d\u2019un corps m\u00e9tallique \u00e9pais de 1,75\u201d (47 mm) pour une durabilit\u00e9 optimale. L\u2019anse de 0,22\u201d (7 mm) de diam\u00e8tre offre une garde verticale de 0,87\u201d (22 mm) et est fabriqu\u00e9e en alliage de bore pour une r\u00e9sistance maximale aux coupures et au sciage. S\u00e9curisez votre maison ou votre entreprise avec le syst\u00e8me de coffre-fort Bluetooth\u00ae du cadenas Master Lock 4400EUREC, qui offre une s\u00e9curit\u00e9, une simplicit\u00e9 et une responsabilit\u00e9 in\u00e9gal\u00e9es gr\u00e2ce \u00e0 la derni\u00e8re technologie de verrouillage Bluetooth de Master Lock. R\u00e9sistants aux attaques physiques et aux piratages, ces cadenas prot\u00e8gent vos biens gr\u00e2ce \u00e0 un cryptage de niveau militaire et des fonctionnalit\u00e9s de s\u00e9curit\u00e9 \u00e0 la pointe de l\u2019industrie. Les administrateurs peuvent contr\u00f4ler l\u2019acc\u00e8s individuel ou global aux cadenas via nos options pratiques d\u2019application et d\u2019interface Web, tandis que les utilisateurs profitent d\u2019un acc\u00e8s simple et s\u00e9curis\u00e9 aux cadenas ou bo\u00eetes \u00e0 cl\u00e9s d\u00e9sign\u00e9s.    <\/p>\n","protected":false},"excerpt":{"rendered":"<p>Le cadenas Bluetooth\u00ae Master Lock No. 4400EUREC est dot\u00e9 d\u2019un corps m\u00e9tallique \u00e9pais de 1,75\u201d (47 mm) pour une durabilit\u00e9 optimale. L\u2019anse de 0,22\u201d (7 mm) de diam\u00e8tre offre une garde verticale de 0,87\u201d (22 mm) et est fabriqu\u00e9e en alliage de bore pour une r\u00e9sistance maximale aux coupures et au sciage. S\u00e9curisez votre maison ou votre entreprise avec le syst\u00e8me de coffre-fort Bluetooth\u00ae du cadenas Master Lock 4400EUREC, qui offre une s\u00e9curit\u00e9, une simplicit\u00e9 et une responsabilit\u00e9 in\u00e9gal\u00e9es gr\u00e2ce \u00e0 la derni\u00e8re technologie de verrouillage Bluetooth de Master Lock. R\u00e9sistants aux attaques physiques et aux piratages, ces cadenas prot\u00e8gent vos biens gr\u00e2ce \u00e0 un cryptage de niveau militaire et des fonctionnalit\u00e9s de s\u00e9curit\u00e9 \u00e0 la pointe de l\u2019industrie. Les administrateurs peuvent contr\u00f4ler l\u2019acc\u00e8s individuel ou global aux cadenas via nos options pratiques d\u2019application et d\u2019interface Web, tandis que les utilisateurs profitent d\u2019un acc\u00e8s simple et s\u00e9curis\u00e9 aux cadenas ou bo\u00eetes \u00e0 cl\u00e9s d\u00e9sign\u00e9s.    <\/p>\n","protected":false},"featured_media":49463,"comment_status":"open","ping_status":"closed","template":"","meta":{"_acf_changed":false,"_et_pb_use_builder":"","_et_pb_old_content":"","_et_gb_content_width":""},"product_brand":[],"product_cat":[466,642],"product_tag":[934],"pa_connextion-shapes":[],"class_list":{"0":"post-50281","1":"product","2":"type-product","3":"status-publish","4":"has-post-thumbnail","6":"product_cat-lockout-tagout","7":"product_cat-cadenas-bluetooth-master-lock","8":"product_tag-master-lock-fr","10":"first","11":"instock","12":"taxable","13":"shipping-taxable","14":"purchasable","15":"product-type-simple"},"exclude_global_add_ons":[],"addons":[],"acf":[],"yoast_head":"<!-- This site is optimized with the Yoast SEO Premium plugin v27.0 (Yoast SEO v27.1) - https:\/\/yoast.com\/product\/yoast-seo-premium-wordpress\/ -->\n<title>Master Lock 4400EUREC Bluetooth\u00ae Cadenas<\/title>\n<meta name=\"description\" content=\"Prot\u00e9gez votre maison ou votre entreprise avec le cadenas Bluetooth\u00ae Master Lock 4400EUREC pour une s\u00e9curit\u00e9, une simplicit\u00e9 et une responsabilit\u00e9 in\u00e9gal\u00e9es.\" \/>\n<meta name=\"robots\" content=\"index, follow, max-snippet:-1, max-image-preview:large, max-video-preview:-1\" \/>\n<link rel=\"canonical\" href=\"https:\/\/d-identify.be\/fr\/produit\/master-lock-4400eurec-bluetooth-cadenas\/\" \/>\n<meta property=\"og:locale\" content=\"fr_FR\" \/>\n<meta property=\"og:type\" content=\"article\" \/>\n<meta property=\"og:title\" content=\"Master Lock 4400EUREC Bluetooth\u00ae Cadenas\" \/>\n<meta property=\"og:description\" content=\"Prot\u00e9gez votre maison ou votre entreprise avec le cadenas Bluetooth\u00ae Master Lock 4400EUREC pour une s\u00e9curit\u00e9, une simplicit\u00e9 et une responsabilit\u00e9 in\u00e9gal\u00e9es.\" \/>\n<meta property=\"og:url\" content=\"https:\/\/d-identify.be\/fr\/produit\/master-lock-4400eurec-bluetooth-cadenas\/\" \/>\n<meta property=\"og:site_name\" content=\"d-identify\" \/>\n<meta property=\"og:image\" content=\"https:\/\/d-identify.be\/wp-content\/uploads\/2021\/07\/4400EUREC.png\" \/>\n\t<meta property=\"og:image:width\" content=\"285\" \/>\n\t<meta property=\"og:image:height\" content=\"285\" \/>\n\t<meta property=\"og:image:type\" content=\"image\/png\" \/>\n<meta name=\"twitter:card\" content=\"summary_large_image\" \/>\n<meta name=\"twitter:label1\" content=\"Dur\u00e9e de lecture estim\u00e9e\" \/>\n\t<meta name=\"twitter:data1\" content=\"1 minute\" \/>\n<script type=\"application\/ld+json\" class=\"yoast-schema-graph\">{\"@context\":\"https:\/\/schema.org\",\"@graph\":[{\"@type\":\"WebPage\",\"@id\":\"https:\/\/d-identify.be\/fr\/produit\/master-lock-4400eurec-bluetooth-cadenas\/\",\"url\":\"https:\/\/d-identify.be\/fr\/produit\/master-lock-4400eurec-bluetooth-cadenas\/\",\"name\":\"Master Lock 4400EUREC Bluetooth\u00ae Cadenas\",\"isPartOf\":{\"@id\":\"https:\/\/d-identify.be\/fr\/#website\"},\"primaryImageOfPage\":{\"@id\":\"https:\/\/d-identify.be\/fr\/produit\/master-lock-4400eurec-bluetooth-cadenas\/#primaryimage\"},\"image\":{\"@id\":\"https:\/\/d-identify.be\/fr\/produit\/master-lock-4400eurec-bluetooth-cadenas\/#primaryimage\"},\"thumbnailUrl\":\"https:\/\/d-identify.be\/wp-content\/uploads\/2021\/07\/4400EUREC.png\",\"datePublished\":\"2021-07-26T10:38:41+00:00\",\"description\":\"Prot\u00e9gez votre maison ou votre entreprise avec le cadenas Bluetooth\u00ae Master Lock 4400EUREC pour une s\u00e9curit\u00e9, une simplicit\u00e9 et une responsabilit\u00e9 in\u00e9gal\u00e9es.\",\"breadcrumb\":{\"@id\":\"https:\/\/d-identify.be\/fr\/produit\/master-lock-4400eurec-bluetooth-cadenas\/#breadcrumb\"},\"inLanguage\":\"fr-FR\",\"potentialAction\":[{\"@type\":\"ReadAction\",\"target\":[\"https:\/\/d-identify.be\/fr\/produit\/master-lock-4400eurec-bluetooth-cadenas\/\"]}]},{\"@type\":\"ImageObject\",\"inLanguage\":\"fr-FR\",\"@id\":\"https:\/\/d-identify.be\/fr\/produit\/master-lock-4400eurec-bluetooth-cadenas\/#primaryimage\",\"url\":\"https:\/\/d-identify.be\/wp-content\/uploads\/2021\/07\/4400EUREC.png\",\"contentUrl\":\"https:\/\/d-identify.be\/wp-content\/uploads\/2021\/07\/4400EUREC.png\",\"width\":285,\"height\":285,\"caption\":\"Master Lock 4400EUREC Bluetooth\u00ae Cadenas\"},{\"@type\":\"BreadcrumbList\",\"@id\":\"https:\/\/d-identify.be\/fr\/produit\/master-lock-4400eurec-bluetooth-cadenas\/#breadcrumb\",\"itemListElement\":[{\"@type\":\"ListItem\",\"position\":1,\"name\":\"Home\",\"item\":\"https:\/\/d-identify.be\/fr\/home-2\/\"},{\"@type\":\"ListItem\",\"position\":2,\"name\":\"Boutique\",\"item\":\"https:\/\/d-identify.be\/fr\/boutique\/\"},{\"@type\":\"ListItem\",\"position\":3,\"name\":\"Master Lock 4400EUREC Bluetooth\u00ae Cadenas\"}]},{\"@type\":\"WebSite\",\"@id\":\"https:\/\/d-identify.be\/fr\/#website\",\"url\":\"https:\/\/d-identify.be\/fr\/\",\"name\":\"d-identify\",\"description\":\"Industrial identification - Lockout - Tagout - Floor marking\",\"potentialAction\":[{\"@type\":\"SearchAction\",\"target\":{\"@type\":\"EntryPoint\",\"urlTemplate\":\"https:\/\/d-identify.be\/fr\/?s={search_term_string}\"},\"query-input\":{\"@type\":\"PropertyValueSpecification\",\"valueRequired\":true,\"valueName\":\"search_term_string\"}}],\"inLanguage\":\"fr-FR\"}]}<\/script>\n<!-- \/ Yoast SEO Premium plugin. -->","yoast_head_json":{"title":"Master Lock 4400EUREC Bluetooth\u00ae Cadenas","description":"Prot\u00e9gez votre maison ou votre entreprise avec le cadenas Bluetooth\u00ae Master Lock 4400EUREC pour une s\u00e9curit\u00e9, une simplicit\u00e9 et une responsabilit\u00e9 in\u00e9gal\u00e9es.","robots":{"index":"index","follow":"follow","max-snippet":"max-snippet:-1","max-image-preview":"max-image-preview:large","max-video-preview":"max-video-preview:-1"},"canonical":"https:\/\/d-identify.be\/fr\/produit\/master-lock-4400eurec-bluetooth-cadenas\/","og_locale":"fr_FR","og_type":"article","og_title":"Master Lock 4400EUREC Bluetooth\u00ae Cadenas","og_description":"Prot\u00e9gez votre maison ou votre entreprise avec le cadenas Bluetooth\u00ae Master Lock 4400EUREC pour une s\u00e9curit\u00e9, une simplicit\u00e9 et une responsabilit\u00e9 in\u00e9gal\u00e9es.","og_url":"https:\/\/d-identify.be\/fr\/produit\/master-lock-4400eurec-bluetooth-cadenas\/","og_site_name":"d-identify","og_image":[{"width":285,"height":285,"url":"https:\/\/d-identify.be\/wp-content\/uploads\/2021\/07\/4400EUREC.png","type":"image\/png"}],"twitter_card":"summary_large_image","twitter_misc":{"Dur\u00e9e de lecture estim\u00e9e":"1 minute"},"schema":{"@context":"https:\/\/schema.org","@graph":[{"@type":"WebPage","@id":"https:\/\/d-identify.be\/fr\/produit\/master-lock-4400eurec-bluetooth-cadenas\/","url":"https:\/\/d-identify.be\/fr\/produit\/master-lock-4400eurec-bluetooth-cadenas\/","name":"Master Lock 4400EUREC Bluetooth\u00ae Cadenas","isPartOf":{"@id":"https:\/\/d-identify.be\/fr\/#website"},"primaryImageOfPage":{"@id":"https:\/\/d-identify.be\/fr\/produit\/master-lock-4400eurec-bluetooth-cadenas\/#primaryimage"},"image":{"@id":"https:\/\/d-identify.be\/fr\/produit\/master-lock-4400eurec-bluetooth-cadenas\/#primaryimage"},"thumbnailUrl":"https:\/\/d-identify.be\/wp-content\/uploads\/2021\/07\/4400EUREC.png","datePublished":"2021-07-26T10:38:41+00:00","description":"Prot\u00e9gez votre maison ou votre entreprise avec le cadenas Bluetooth\u00ae Master Lock 4400EUREC pour une s\u00e9curit\u00e9, une simplicit\u00e9 et une responsabilit\u00e9 in\u00e9gal\u00e9es.","breadcrumb":{"@id":"https:\/\/d-identify.be\/fr\/produit\/master-lock-4400eurec-bluetooth-cadenas\/#breadcrumb"},"inLanguage":"fr-FR","potentialAction":[{"@type":"ReadAction","target":["https:\/\/d-identify.be\/fr\/produit\/master-lock-4400eurec-bluetooth-cadenas\/"]}]},{"@type":"ImageObject","inLanguage":"fr-FR","@id":"https:\/\/d-identify.be\/fr\/produit\/master-lock-4400eurec-bluetooth-cadenas\/#primaryimage","url":"https:\/\/d-identify.be\/wp-content\/uploads\/2021\/07\/4400EUREC.png","contentUrl":"https:\/\/d-identify.be\/wp-content\/uploads\/2021\/07\/4400EUREC.png","width":285,"height":285,"caption":"Master Lock 4400EUREC Bluetooth\u00ae Cadenas"},{"@type":"BreadcrumbList","@id":"https:\/\/d-identify.be\/fr\/produit\/master-lock-4400eurec-bluetooth-cadenas\/#breadcrumb","itemListElement":[{"@type":"ListItem","position":1,"name":"Home","item":"https:\/\/d-identify.be\/fr\/home-2\/"},{"@type":"ListItem","position":2,"name":"Boutique","item":"https:\/\/d-identify.be\/fr\/boutique\/"},{"@type":"ListItem","position":3,"name":"Master Lock 4400EUREC Bluetooth\u00ae Cadenas"}]},{"@type":"WebSite","@id":"https:\/\/d-identify.be\/fr\/#website","url":"https:\/\/d-identify.be\/fr\/","name":"d-identify","description":"Industrial identification - Lockout - Tagout - Floor marking","potentialAction":[{"@type":"SearchAction","target":{"@type":"EntryPoint","urlTemplate":"https:\/\/d-identify.be\/fr\/?s={search_term_string}"},"query-input":{"@type":"PropertyValueSpecification","valueRequired":true,"valueName":"search_term_string"}}],"inLanguage":"fr-FR"}]}},"_links":{"self":[{"href":"https:\/\/d-identify.be\/fr\/wp-json\/wp\/v2\/product\/50281","targetHints":{"allow":["GET"]}}],"collection":[{"href":"https:\/\/d-identify.be\/fr\/wp-json\/wp\/v2\/product"}],"about":[{"href":"https:\/\/d-identify.be\/fr\/wp-json\/wp\/v2\/types\/product"}],"replies":[{"embeddable":true,"href":"https:\/\/d-identify.be\/fr\/wp-json\/wp\/v2\/comments?post=50281"}],"wp:featuredmedia":[{"embeddable":true,"href":"https:\/\/d-identify.be\/fr\/wp-json\/wp\/v2\/media\/49463"}],"wp:attachment":[{"href":"https:\/\/d-identify.be\/fr\/wp-json\/wp\/v2\/media?parent=50281"}],"wp:term":[{"taxonomy":"product_brand","embeddable":true,"href":"https:\/\/d-identify.be\/fr\/wp-json\/wp\/v2\/product_brand?post=50281"},{"taxonomy":"product_cat","embeddable":true,"href":"https:\/\/d-identify.be\/fr\/wp-json\/wp\/v2\/product_cat?post=50281"},{"taxonomy":"product_tag","embeddable":true,"href":"https:\/\/d-identify.be\/fr\/wp-json\/wp\/v2\/product_tag?post=50281"},{"taxonomy":"pa_connextion-shapes","embeddable":true,"href":"https:\/\/d-identify.be\/fr\/wp-json\/wp\/v2\/pa_connextion-shapes?post=50281"}],"curies":[{"name":"wp","href":"https:\/\/api.w.org\/{rel}","templated":true}]}}