{"id":49963,"date":"2023-06-27T15:46:20","date_gmt":"2023-06-27T13:46:20","guid":{"rendered":"https:\/\/d-identify.be\/product\/angles-rigides-premium-permastripe\/"},"modified":"2023-06-27T15:46:20","modified_gmt":"2023-06-27T13:46:20","slug":"angles-rigides-premium-permastripe","status":"publish","type":"product","link":"https:\/\/d-identify.be\/fr\/produit\/angles-rigides-premium-permastripe\/","title":{"rendered":"Angles rigides Premium Permastripe"},"content":{"rendered":"<ul>\n<li>Ces angles rigides Permastripe s\u2019associent parfaitement avec le marquage au sol rigide Premium Permastripe. Les angles sont con\u00e7us pour s\u2019adapter parfaitement aux lignes de marquage.<\/li>\n<li>Aucune pr\u00e9paration d\u00e9taill\u00e9e requise : contrairement aux peintures et aux r\u00e9sines, aucune fum\u00e9e ni solvant n\u2019est \u00e9mis ; la zone de travail peut \u00eatre utilis\u00e9e pendant l\u2019application, m\u00eame dans les installations de pr\u00e9paration alimentaire.<\/li>\n<li>Pas de temps de s\u00e9chage \u2013 vous obtenez imm\u00e9diatement la bande que vous souhaitez !<\/li>\n<li>Les couleurs unies sont d\u2019une construction homog\u00e8ne solide ; si elles sont ray\u00e9es, cela n\u2019affecte pas la couleur.<\/li>\n<li>Gr\u00e2ce \u00e0 sa r\u00e9sistance extr\u00eame, le ruban ne se casse pas lors du retrait, permettant des modifications faciles de marquage au sol 5S, contrairement \u00e0 la peinture ou \u00e0 la r\u00e9sine.<\/li>\n<li>PermaStripe est disponible en largeurs de rouleaux de 50 mm, 75 mm ou 100 mm et en rouleaux de 30 m pour des applications longue distance.<\/li>\n<li>Disponible dans une grande vari\u00e9t\u00e9 de formats : rouleaux, formes, chiffres, lettres, fl\u00e8ches et disques. Nous pouvons m\u00eame fabriquer des marquages d\u2019all\u00e9es PermaStripe selon vos besoins sp\u00e9cifiques.<\/li>\n<\/ul>\n","protected":false},"excerpt":{"rendered":"<p>Ces angles rigides Permastripe s\u2019associent parfaitement avec le marquage au sol <a href=\"https:\/\/d-identify.be\/product\/floor-marking-beveled-edge\/\">rigide Premium Permastripe<\/a>. Les angles sont con\u00e7us pour correspondre parfaitement aux lignes de marquage.<\/p>\n<p>10 PCS\/PACK<\/p>\n","protected":false},"featured_media":25167,"comment_status":"open","ping_status":"closed","template":"","meta":{"_acf_changed":false,"_et_pb_use_builder":"","_et_pb_old_content":"","_et_gb_content_width":""},"product_brand":[],"product_cat":[711],"product_tag":[963],"pa_connextion-shapes":[797,800,958,803],"class_list":{"0":"post-49963","1":"product","2":"type-product","3":"status-publish","4":"has-post-thumbnail","6":"product_cat-ruban-marquage-sol","7":"product_tag-d-identify-fr","8":"pa_connextion-shapes-coin-a-45","9":"pa_connextion-shapes-coin-a-90","10":"pa_connextion-shapes-connexion-de-pont","11":"pa_connextion-shapes-connexion-en-t","13":"first","14":"instock","15":"taxable","16":"shipping-taxable","17":"purchasable","18":"product-type-variable","19":"has-default-attributes"},"exclude_global_add_ons":[],"addons":[],"acf":[],"yoast_head":"<!-- This site is optimized with the Yoast SEO Premium plugin v27.0 (Yoast SEO v27.1) - https:\/\/yoast.com\/product\/yoast-seo-premium-wordpress\/ -->\n<title>Angles rigides Premium Permastripe - d-identify<\/title>\n<meta name=\"robots\" content=\"index, follow, max-snippet:-1, max-image-preview:large, max-video-preview:-1\" \/>\n<link rel=\"canonical\" href=\"https:\/\/d-identify.be\/fr\/produit\/angles-rigides-premium-permastripe\/\" \/>\n<meta property=\"og:locale\" content=\"fr_FR\" \/>\n<meta property=\"og:type\" content=\"article\" \/>\n<meta property=\"og:title\" content=\"Angles rigides Premium Permastripe\" \/>\n<meta property=\"og:description\" content=\"Ces angles rigides Permastripe s\u2019associent parfaitement avec le marquage au sol rigide Premium Permastripe. Les angles sont con\u00e7us pour correspondre parfaitement aux lignes de marquage.  10 PCS\/PACK\" \/>\n<meta property=\"og:url\" content=\"https:\/\/d-identify.be\/fr\/produit\/angles-rigides-premium-permastripe\/\" \/>\n<meta property=\"og:site_name\" content=\"d-identify\" \/>\n<meta property=\"og:image\" content=\"https:\/\/d-identify.be\/wp-content\/uploads\/2023\/06\/Permastripe-Corners.png\" \/>\n\t<meta property=\"og:image:width\" content=\"495\" \/>\n\t<meta property=\"og:image:height\" content=\"494\" \/>\n\t<meta property=\"og:image:type\" content=\"image\/png\" \/>\n<meta name=\"twitter:card\" content=\"summary_large_image\" \/>\n<meta name=\"twitter:label1\" content=\"Dur\u00e9e de lecture estim\u00e9e\" \/>\n\t<meta name=\"twitter:data1\" content=\"1 minute\" \/>\n<script type=\"application\/ld+json\" class=\"yoast-schema-graph\">{\"@context\":\"https:\/\/schema.org\",\"@graph\":[{\"@type\":\"WebPage\",\"@id\":\"https:\/\/d-identify.be\/fr\/produit\/angles-rigides-premium-permastripe\/\",\"url\":\"https:\/\/d-identify.be\/fr\/produit\/angles-rigides-premium-permastripe\/\",\"name\":\"Angles rigides Premium Permastripe - d-identify\",\"isPartOf\":{\"@id\":\"https:\/\/d-identify.be\/fr\/#website\"},\"primaryImageOfPage\":{\"@id\":\"https:\/\/d-identify.be\/fr\/produit\/angles-rigides-premium-permastripe\/#primaryimage\"},\"image\":{\"@id\":\"https:\/\/d-identify.be\/fr\/produit\/angles-rigides-premium-permastripe\/#primaryimage\"},\"thumbnailUrl\":\"https:\/\/d-identify.be\/wp-content\/uploads\/2023\/06\/Permastripe-Corners.png\",\"datePublished\":\"2023-06-27T13:46:20+00:00\",\"breadcrumb\":{\"@id\":\"https:\/\/d-identify.be\/fr\/produit\/angles-rigides-premium-permastripe\/#breadcrumb\"},\"inLanguage\":\"fr-FR\",\"potentialAction\":[{\"@type\":\"ReadAction\",\"target\":[\"https:\/\/d-identify.be\/fr\/produit\/angles-rigides-premium-permastripe\/\"]}]},{\"@type\":\"ImageObject\",\"inLanguage\":\"fr-FR\",\"@id\":\"https:\/\/d-identify.be\/fr\/produit\/angles-rigides-premium-permastripe\/#primaryimage\",\"url\":\"https:\/\/d-identify.be\/wp-content\/uploads\/2023\/06\/Permastripe-Corners.png\",\"contentUrl\":\"https:\/\/d-identify.be\/wp-content\/uploads\/2023\/06\/Permastripe-Corners.png\",\"width\":495,\"height\":494},{\"@type\":\"BreadcrumbList\",\"@id\":\"https:\/\/d-identify.be\/fr\/produit\/angles-rigides-premium-permastripe\/#breadcrumb\",\"itemListElement\":[{\"@type\":\"ListItem\",\"position\":1,\"name\":\"Home\",\"item\":\"https:\/\/d-identify.be\/fr\/home-2\/\"},{\"@type\":\"ListItem\",\"position\":2,\"name\":\"Boutique\",\"item\":\"https:\/\/d-identify.be\/fr\/boutique\/\"},{\"@type\":\"ListItem\",\"position\":3,\"name\":\"Angles rigides Premium Permastripe\"}]},{\"@type\":\"WebSite\",\"@id\":\"https:\/\/d-identify.be\/fr\/#website\",\"url\":\"https:\/\/d-identify.be\/fr\/\",\"name\":\"d-identify\",\"description\":\"Industrial identification - Lockout - Tagout - Floor marking\",\"potentialAction\":[{\"@type\":\"SearchAction\",\"target\":{\"@type\":\"EntryPoint\",\"urlTemplate\":\"https:\/\/d-identify.be\/fr\/?s={search_term_string}\"},\"query-input\":{\"@type\":\"PropertyValueSpecification\",\"valueRequired\":true,\"valueName\":\"search_term_string\"}}],\"inLanguage\":\"fr-FR\"}]}<\/script>\n<!-- \/ Yoast SEO Premium plugin. -->","yoast_head_json":{"title":"Angles rigides Premium Permastripe - d-identify","robots":{"index":"index","follow":"follow","max-snippet":"max-snippet:-1","max-image-preview":"max-image-preview:large","max-video-preview":"max-video-preview:-1"},"canonical":"https:\/\/d-identify.be\/fr\/produit\/angles-rigides-premium-permastripe\/","og_locale":"fr_FR","og_type":"article","og_title":"Angles rigides Premium Permastripe","og_description":"Ces angles rigides Permastripe s\u2019associent parfaitement avec le marquage au sol rigide Premium Permastripe. Les angles sont con\u00e7us pour correspondre parfaitement aux lignes de marquage.  10 PCS\/PACK","og_url":"https:\/\/d-identify.be\/fr\/produit\/angles-rigides-premium-permastripe\/","og_site_name":"d-identify","og_image":[{"width":495,"height":494,"url":"https:\/\/d-identify.be\/wp-content\/uploads\/2023\/06\/Permastripe-Corners.png","type":"image\/png"}],"twitter_card":"summary_large_image","twitter_misc":{"Dur\u00e9e de lecture estim\u00e9e":"1 minute"},"schema":{"@context":"https:\/\/schema.org","@graph":[{"@type":"WebPage","@id":"https:\/\/d-identify.be\/fr\/produit\/angles-rigides-premium-permastripe\/","url":"https:\/\/d-identify.be\/fr\/produit\/angles-rigides-premium-permastripe\/","name":"Angles rigides Premium Permastripe - d-identify","isPartOf":{"@id":"https:\/\/d-identify.be\/fr\/#website"},"primaryImageOfPage":{"@id":"https:\/\/d-identify.be\/fr\/produit\/angles-rigides-premium-permastripe\/#primaryimage"},"image":{"@id":"https:\/\/d-identify.be\/fr\/produit\/angles-rigides-premium-permastripe\/#primaryimage"},"thumbnailUrl":"https:\/\/d-identify.be\/wp-content\/uploads\/2023\/06\/Permastripe-Corners.png","datePublished":"2023-06-27T13:46:20+00:00","breadcrumb":{"@id":"https:\/\/d-identify.be\/fr\/produit\/angles-rigides-premium-permastripe\/#breadcrumb"},"inLanguage":"fr-FR","potentialAction":[{"@type":"ReadAction","target":["https:\/\/d-identify.be\/fr\/produit\/angles-rigides-premium-permastripe\/"]}]},{"@type":"ImageObject","inLanguage":"fr-FR","@id":"https:\/\/d-identify.be\/fr\/produit\/angles-rigides-premium-permastripe\/#primaryimage","url":"https:\/\/d-identify.be\/wp-content\/uploads\/2023\/06\/Permastripe-Corners.png","contentUrl":"https:\/\/d-identify.be\/wp-content\/uploads\/2023\/06\/Permastripe-Corners.png","width":495,"height":494},{"@type":"BreadcrumbList","@id":"https:\/\/d-identify.be\/fr\/produit\/angles-rigides-premium-permastripe\/#breadcrumb","itemListElement":[{"@type":"ListItem","position":1,"name":"Home","item":"https:\/\/d-identify.be\/fr\/home-2\/"},{"@type":"ListItem","position":2,"name":"Boutique","item":"https:\/\/d-identify.be\/fr\/boutique\/"},{"@type":"ListItem","position":3,"name":"Angles rigides Premium Permastripe"}]},{"@type":"WebSite","@id":"https:\/\/d-identify.be\/fr\/#website","url":"https:\/\/d-identify.be\/fr\/","name":"d-identify","description":"Industrial identification - Lockout - Tagout - Floor marking","potentialAction":[{"@type":"SearchAction","target":{"@type":"EntryPoint","urlTemplate":"https:\/\/d-identify.be\/fr\/?s={search_term_string}"},"query-input":{"@type":"PropertyValueSpecification","valueRequired":true,"valueName":"search_term_string"}}],"inLanguage":"fr-FR"}]}},"_links":{"self":[{"href":"https:\/\/d-identify.be\/fr\/wp-json\/wp\/v2\/product\/49963","targetHints":{"allow":["GET"]}}],"collection":[{"href":"https:\/\/d-identify.be\/fr\/wp-json\/wp\/v2\/product"}],"about":[{"href":"https:\/\/d-identify.be\/fr\/wp-json\/wp\/v2\/types\/product"}],"replies":[{"embeddable":true,"href":"https:\/\/d-identify.be\/fr\/wp-json\/wp\/v2\/comments?post=49963"}],"wp:featuredmedia":[{"embeddable":true,"href":"https:\/\/d-identify.be\/fr\/wp-json\/wp\/v2\/media\/25167"}],"wp:attachment":[{"href":"https:\/\/d-identify.be\/fr\/wp-json\/wp\/v2\/media?parent=49963"}],"wp:term":[{"taxonomy":"product_brand","embeddable":true,"href":"https:\/\/d-identify.be\/fr\/wp-json\/wp\/v2\/product_brand?post=49963"},{"taxonomy":"product_cat","embeddable":true,"href":"https:\/\/d-identify.be\/fr\/wp-json\/wp\/v2\/product_cat?post=49963"},{"taxonomy":"product_tag","embeddable":true,"href":"https:\/\/d-identify.be\/fr\/wp-json\/wp\/v2\/product_tag?post=49963"},{"taxonomy":"pa_connextion-shapes","embeddable":true,"href":"https:\/\/d-identify.be\/fr\/wp-json\/wp\/v2\/pa_connextion-shapes?post=49963"}],"curies":[{"name":"wp","href":"https:\/\/api.w.org\/{rel}","templated":true}]}}