{"id":49769,"date":"2021-07-26T12:41:47","date_gmt":"2021-07-26T10:41:47","guid":{"rendered":"https:\/\/d-identify.be\/product\/devidoir-detiquettes-standard-jusquau-format-a4-max-218-mm\/"},"modified":"2021-07-26T12:41:47","modified_gmt":"2021-07-26T10:41:47","slug":"devidoir-detiquettes-standard-jusquau-format-a4-max-218-mm","status":"publish","type":"product","link":"https:\/\/d-identify.be\/fr\/produit\/devidoir-detiquettes-standard-jusquau-format-a4-max-218-mm\/","title":{"rendered":"D\u00e9vidoir d\u2019\u00e9tiquettes standard jusqu\u2019au format A4 (max. 218 mm)"},"content":{"rendered":"<p><span class=\"fontstyle0\">Les <strong>d\u00e9vidoirs automatiques LD-RS<\/strong> conviennent \u00e0 toutes les \u00e9tiquettes r\u00e9guli\u00e8res <strong>(non transparentes ou noires).<\/strong><\/span><\/p>\n<p><span class=\"fontstyle0\"><br \/>\n<\/span><span class=\"fontstyle2\">Les d\u00e9vidoirs d\u2019\u00e9tiquettes LD-100\/200\/300-RS offrent une commodit\u00e9 et une durabilit\u00e9 \u00e0 la pointe de la technologie. Utilisant la technologie opto\u00e9lectronique la plus avanc\u00e9e, ils sont incroyablement <strong>faciles \u00e0 configurer<\/strong> ! Un capteur r\u00e9fl\u00e9chissant sp\u00e9cial se trouve sous l\u2019\u00e9tiquette et d\u00e9tecte de mani\u00e8re fiable et pr\u00e9cise le bord avant de votre \u00e9tiquette. D\u00e8s que vous retirez une \u00e9tiquette, la suivante est automatiquement avanc\u00e9e instantan\u00e9ment. Le design moderne pr\u00e9sente l\u2019\u00e9tiquette directement \u00e0 l\u2019avant de la machine, offrant une commodit\u00e9 optimale pour les utilisateurs gauchers et droitiers.    <\/span><\/p>\n<p><span class=\"fontstyle2\">Un interrupteur de vitesse \u201c<strong>HIGH-LOW<\/strong>\u201d permet un ajustement en fonction de la longueur de l\u2019\u00e9tiquette ou des pr\u00e9f\u00e9rences de l\u2019op\u00e9rateur. En l\u2019absence de commutateurs de position m\u00e9caniques pouvant causer des probl\u00e8mes d\u2019ajustement ou de fonctionnement, le design robuste r\u00e9siste aux environnements les plus exigeants. <\/span><\/p>\n","protected":false},"excerpt":{"rendered":"<p><span class=\"fontstyle2\">Les d\u00e9vidoirs d\u2019\u00e9tiquettes LD-100\/200\/300-RS offrent une commodit\u00e9 et une durabilit\u00e9 \u00e0 la pointe de la technologie. Utilisant la technologie opto\u00e9lectronique la plus avanc\u00e9e, ils sont incroyablement <strong>faciles \u00e0 configurer<\/strong> ! Un capteur r\u00e9fl\u00e9chissant sp\u00e9cial se trouve sous l\u2019\u00e9tiquette et d\u00e9tecte de mani\u00e8re fiable et pr\u00e9cise le bord avant de votre \u00e9tiquette. D\u00e8s que vous retirez une \u00e9tiquette, la suivante est automatiquement avanc\u00e9e instantan\u00e9ment. Le design moderne pr\u00e9sente l\u2019\u00e9tiquette directement \u00e0 l\u2019avant de la machine, offrant une commodit\u00e9 optimale pour les utilisateurs gauchers et droitiers.<br \/>   <\/span><\/p>\n","protected":false},"featured_media":26533,"comment_status":"open","ping_status":"closed","template":"","meta":{"_acf_changed":false,"_et_pb_use_builder":"","_et_pb_old_content":"","_et_gb_content_width":""},"product_brand":[],"product_cat":[717],"product_tag":[969],"pa_connextion-shapes":[],"class_list":{"0":"post-49769","1":"product","2":"type-product","3":"status-publish","4":"has-post-thumbnail","6":"product_cat-applicateurs-detiquettes","7":"product_tag-labelmate-fr","9":"first","10":"instock","11":"taxable","12":"shipping-taxable","13":"purchasable","14":"product-type-variable","15":"has-default-attributes"},"exclude_global_add_ons":[],"addons":[],"acf":[],"yoast_head":"<!-- This site is optimized with the Yoast SEO Premium plugin v27.0 (Yoast SEO v27.1) - https:\/\/yoast.com\/product\/yoast-seo-premium-wordpress\/ -->\n<title>D\u00e9vidoir d\u2019\u00e9tiquettes standard jusqu\u2019au format A4 (max. 218 mm) - d-identify<\/title>\n<meta name=\"description\" content=\"Les d\u00e9vidoirs d\u2019\u00e9tiquettes LD-100\/200\/300-RS offrent une commodit\u00e9 et une durabilit\u00e9 \u00e0 la pointe de la technologie. Utilisant la technologie opto\u00e9lectronique la plus avanc\u00e9e, ils sont incroyablement faciles \u00e0 configurer.\" \/>\n<meta name=\"robots\" content=\"index, follow, max-snippet:-1, max-image-preview:large, max-video-preview:-1\" \/>\n<link rel=\"canonical\" href=\"https:\/\/d-identify.be\/fr\/produit\/devidoir-detiquettes-standard-jusquau-format-a4-max-218-mm\/\" \/>\n<meta property=\"og:locale\" content=\"fr_FR\" \/>\n<meta property=\"og:type\" content=\"article\" \/>\n<meta property=\"og:title\" content=\"D\u00e9vidoir d\u2019\u00e9tiquettes standard jusqu\u2019au format A4 (max. 218 mm)\" \/>\n<meta property=\"og:description\" content=\"Les d\u00e9vidoirs d\u2019\u00e9tiquettes LD-100\/200\/300-RS offrent une commodit\u00e9 et une durabilit\u00e9 \u00e0 la pointe de la technologie. Utilisant la technologie opto\u00e9lectronique la plus avanc\u00e9e, ils sont incroyablement faciles \u00e0 configurer.\" \/>\n<meta property=\"og:url\" content=\"https:\/\/d-identify.be\/fr\/produit\/devidoir-detiquettes-standard-jusquau-format-a4-max-218-mm\/\" \/>\n<meta property=\"og:site_name\" content=\"d-identify\" \/>\n<meta property=\"og:image\" content=\"https:\/\/d-identify.be\/wp-content\/uploads\/2021\/07\/LD-300-RS-Front-3YW-1024x967.png\" \/>\n\t<meta property=\"og:image:width\" content=\"1024\" \/>\n\t<meta property=\"og:image:height\" content=\"967\" \/>\n\t<meta property=\"og:image:type\" content=\"image\/png\" \/>\n<meta name=\"twitter:card\" content=\"summary_large_image\" \/>\n<meta name=\"twitter:label1\" content=\"Dur\u00e9e de lecture estim\u00e9e\" \/>\n\t<meta name=\"twitter:data1\" content=\"1 minute\" \/>\n<script type=\"application\/ld+json\" class=\"yoast-schema-graph\">{\"@context\":\"https:\/\/schema.org\",\"@graph\":[{\"@type\":\"WebPage\",\"@id\":\"https:\/\/d-identify.be\/fr\/produit\/devidoir-detiquettes-standard-jusquau-format-a4-max-218-mm\/\",\"url\":\"https:\/\/d-identify.be\/fr\/produit\/devidoir-detiquettes-standard-jusquau-format-a4-max-218-mm\/\",\"name\":\"D\u00e9vidoir d\u2019\u00e9tiquettes standard jusqu\u2019au format A4 (max. 218 mm) - d-identify\",\"isPartOf\":{\"@id\":\"https:\/\/d-identify.be\/fr\/#website\"},\"primaryImageOfPage\":{\"@id\":\"https:\/\/d-identify.be\/fr\/produit\/devidoir-detiquettes-standard-jusquau-format-a4-max-218-mm\/#primaryimage\"},\"image\":{\"@id\":\"https:\/\/d-identify.be\/fr\/produit\/devidoir-detiquettes-standard-jusquau-format-a4-max-218-mm\/#primaryimage\"},\"thumbnailUrl\":\"https:\/\/d-identify.be\/wp-content\/uploads\/2021\/07\/LD-300-RS-Front-3YW.png\",\"datePublished\":\"2021-07-26T10:41:47+00:00\",\"description\":\"Les d\u00e9vidoirs d\u2019\u00e9tiquettes LD-100\/200\/300-RS offrent une commodit\u00e9 et une durabilit\u00e9 \u00e0 la pointe de la technologie. Utilisant la technologie opto\u00e9lectronique la plus avanc\u00e9e, ils sont incroyablement faciles \u00e0 configurer.\",\"breadcrumb\":{\"@id\":\"https:\/\/d-identify.be\/fr\/produit\/devidoir-detiquettes-standard-jusquau-format-a4-max-218-mm\/#breadcrumb\"},\"inLanguage\":\"fr-FR\",\"potentialAction\":[{\"@type\":\"ReadAction\",\"target\":[\"https:\/\/d-identify.be\/fr\/produit\/devidoir-detiquettes-standard-jusquau-format-a4-max-218-mm\/\"]}]},{\"@type\":\"ImageObject\",\"inLanguage\":\"fr-FR\",\"@id\":\"https:\/\/d-identify.be\/fr\/produit\/devidoir-detiquettes-standard-jusquau-format-a4-max-218-mm\/#primaryimage\",\"url\":\"https:\/\/d-identify.be\/wp-content\/uploads\/2021\/07\/LD-300-RS-Front-3YW.png\",\"contentUrl\":\"https:\/\/d-identify.be\/wp-content\/uploads\/2021\/07\/LD-300-RS-Front-3YW.png\",\"width\":3024,\"height\":2856,\"caption\":\"Standard Label Dispenser upto A4 (max218mm)\"},{\"@type\":\"BreadcrumbList\",\"@id\":\"https:\/\/d-identify.be\/fr\/produit\/devidoir-detiquettes-standard-jusquau-format-a4-max-218-mm\/#breadcrumb\",\"itemListElement\":[{\"@type\":\"ListItem\",\"position\":1,\"name\":\"Home\",\"item\":\"https:\/\/d-identify.be\/fr\/home-2\/\"},{\"@type\":\"ListItem\",\"position\":2,\"name\":\"Boutique\",\"item\":\"https:\/\/d-identify.be\/fr\/boutique\/\"},{\"@type\":\"ListItem\",\"position\":3,\"name\":\"D\u00e9vidoir d\u2019\u00e9tiquettes standard jusqu\u2019au format A4 (max. 218 mm)\"}]},{\"@type\":\"WebSite\",\"@id\":\"https:\/\/d-identify.be\/fr\/#website\",\"url\":\"https:\/\/d-identify.be\/fr\/\",\"name\":\"d-identify\",\"description\":\"Industrial identification - Lockout - Tagout - Floor marking\",\"potentialAction\":[{\"@type\":\"SearchAction\",\"target\":{\"@type\":\"EntryPoint\",\"urlTemplate\":\"https:\/\/d-identify.be\/fr\/?s={search_term_string}\"},\"query-input\":{\"@type\":\"PropertyValueSpecification\",\"valueRequired\":true,\"valueName\":\"search_term_string\"}}],\"inLanguage\":\"fr-FR\"}]}<\/script>\n<!-- \/ Yoast SEO Premium plugin. -->","yoast_head_json":{"title":"D\u00e9vidoir d\u2019\u00e9tiquettes standard jusqu\u2019au format A4 (max. 218 mm) - d-identify","description":"Les d\u00e9vidoirs d\u2019\u00e9tiquettes LD-100\/200\/300-RS offrent une commodit\u00e9 et une durabilit\u00e9 \u00e0 la pointe de la technologie. Utilisant la technologie opto\u00e9lectronique la plus avanc\u00e9e, ils sont incroyablement faciles \u00e0 configurer.","robots":{"index":"index","follow":"follow","max-snippet":"max-snippet:-1","max-image-preview":"max-image-preview:large","max-video-preview":"max-video-preview:-1"},"canonical":"https:\/\/d-identify.be\/fr\/produit\/devidoir-detiquettes-standard-jusquau-format-a4-max-218-mm\/","og_locale":"fr_FR","og_type":"article","og_title":"D\u00e9vidoir d\u2019\u00e9tiquettes standard jusqu\u2019au format A4 (max. 218 mm)","og_description":"Les d\u00e9vidoirs d\u2019\u00e9tiquettes LD-100\/200\/300-RS offrent une commodit\u00e9 et une durabilit\u00e9 \u00e0 la pointe de la technologie. Utilisant la technologie opto\u00e9lectronique la plus avanc\u00e9e, ils sont incroyablement faciles \u00e0 configurer.","og_url":"https:\/\/d-identify.be\/fr\/produit\/devidoir-detiquettes-standard-jusquau-format-a4-max-218-mm\/","og_site_name":"d-identify","og_image":[{"width":1024,"height":967,"url":"https:\/\/d-identify.be\/wp-content\/uploads\/2021\/07\/LD-300-RS-Front-3YW-1024x967.png","type":"image\/png"}],"twitter_card":"summary_large_image","twitter_misc":{"Dur\u00e9e de lecture estim\u00e9e":"1 minute"},"schema":{"@context":"https:\/\/schema.org","@graph":[{"@type":"WebPage","@id":"https:\/\/d-identify.be\/fr\/produit\/devidoir-detiquettes-standard-jusquau-format-a4-max-218-mm\/","url":"https:\/\/d-identify.be\/fr\/produit\/devidoir-detiquettes-standard-jusquau-format-a4-max-218-mm\/","name":"D\u00e9vidoir d\u2019\u00e9tiquettes standard jusqu\u2019au format A4 (max. 218 mm) - d-identify","isPartOf":{"@id":"https:\/\/d-identify.be\/fr\/#website"},"primaryImageOfPage":{"@id":"https:\/\/d-identify.be\/fr\/produit\/devidoir-detiquettes-standard-jusquau-format-a4-max-218-mm\/#primaryimage"},"image":{"@id":"https:\/\/d-identify.be\/fr\/produit\/devidoir-detiquettes-standard-jusquau-format-a4-max-218-mm\/#primaryimage"},"thumbnailUrl":"https:\/\/d-identify.be\/wp-content\/uploads\/2021\/07\/LD-300-RS-Front-3YW.png","datePublished":"2021-07-26T10:41:47+00:00","description":"Les d\u00e9vidoirs d\u2019\u00e9tiquettes LD-100\/200\/300-RS offrent une commodit\u00e9 et une durabilit\u00e9 \u00e0 la pointe de la technologie. Utilisant la technologie opto\u00e9lectronique la plus avanc\u00e9e, ils sont incroyablement faciles \u00e0 configurer.","breadcrumb":{"@id":"https:\/\/d-identify.be\/fr\/produit\/devidoir-detiquettes-standard-jusquau-format-a4-max-218-mm\/#breadcrumb"},"inLanguage":"fr-FR","potentialAction":[{"@type":"ReadAction","target":["https:\/\/d-identify.be\/fr\/produit\/devidoir-detiquettes-standard-jusquau-format-a4-max-218-mm\/"]}]},{"@type":"ImageObject","inLanguage":"fr-FR","@id":"https:\/\/d-identify.be\/fr\/produit\/devidoir-detiquettes-standard-jusquau-format-a4-max-218-mm\/#primaryimage","url":"https:\/\/d-identify.be\/wp-content\/uploads\/2021\/07\/LD-300-RS-Front-3YW.png","contentUrl":"https:\/\/d-identify.be\/wp-content\/uploads\/2021\/07\/LD-300-RS-Front-3YW.png","width":3024,"height":2856,"caption":"Standard Label Dispenser upto A4 (max218mm)"},{"@type":"BreadcrumbList","@id":"https:\/\/d-identify.be\/fr\/produit\/devidoir-detiquettes-standard-jusquau-format-a4-max-218-mm\/#breadcrumb","itemListElement":[{"@type":"ListItem","position":1,"name":"Home","item":"https:\/\/d-identify.be\/fr\/home-2\/"},{"@type":"ListItem","position":2,"name":"Boutique","item":"https:\/\/d-identify.be\/fr\/boutique\/"},{"@type":"ListItem","position":3,"name":"D\u00e9vidoir d\u2019\u00e9tiquettes standard jusqu\u2019au format A4 (max. 218 mm)"}]},{"@type":"WebSite","@id":"https:\/\/d-identify.be\/fr\/#website","url":"https:\/\/d-identify.be\/fr\/","name":"d-identify","description":"Industrial identification - Lockout - Tagout - Floor marking","potentialAction":[{"@type":"SearchAction","target":{"@type":"EntryPoint","urlTemplate":"https:\/\/d-identify.be\/fr\/?s={search_term_string}"},"query-input":{"@type":"PropertyValueSpecification","valueRequired":true,"valueName":"search_term_string"}}],"inLanguage":"fr-FR"}]}},"_links":{"self":[{"href":"https:\/\/d-identify.be\/fr\/wp-json\/wp\/v2\/product\/49769","targetHints":{"allow":["GET"]}}],"collection":[{"href":"https:\/\/d-identify.be\/fr\/wp-json\/wp\/v2\/product"}],"about":[{"href":"https:\/\/d-identify.be\/fr\/wp-json\/wp\/v2\/types\/product"}],"replies":[{"embeddable":true,"href":"https:\/\/d-identify.be\/fr\/wp-json\/wp\/v2\/comments?post=49769"}],"wp:featuredmedia":[{"embeddable":true,"href":"https:\/\/d-identify.be\/fr\/wp-json\/wp\/v2\/media\/26533"}],"wp:attachment":[{"href":"https:\/\/d-identify.be\/fr\/wp-json\/wp\/v2\/media?parent=49769"}],"wp:term":[{"taxonomy":"product_brand","embeddable":true,"href":"https:\/\/d-identify.be\/fr\/wp-json\/wp\/v2\/product_brand?post=49769"},{"taxonomy":"product_cat","embeddable":true,"href":"https:\/\/d-identify.be\/fr\/wp-json\/wp\/v2\/product_cat?post=49769"},{"taxonomy":"product_tag","embeddable":true,"href":"https:\/\/d-identify.be\/fr\/wp-json\/wp\/v2\/product_tag?post=49769"},{"taxonomy":"pa_connextion-shapes","embeddable":true,"href":"https:\/\/d-identify.be\/fr\/wp-json\/wp\/v2\/pa_connextion-shapes?post=49769"}],"curies":[{"name":"wp","href":"https:\/\/api.w.org\/{rel}","templated":true}]}}