{"id":49753,"date":"2023-12-24T15:34:00","date_gmt":"2023-12-24T13:34:00","guid":{"rendered":"https:\/\/d-identify.be\/product\/t10-t20-rembobineurs-godex\/"},"modified":"2023-12-24T15:34:00","modified_gmt":"2023-12-24T13:34:00","slug":"t10-t20-rembobineurs-godex","status":"publish","type":"product","link":"https:\/\/d-identify.be\/fr\/produit\/t10-t20-rembobineurs-godex\/","title":{"rendered":"T10 \/ T20 Rembobineurs Godex"},"content":{"rendered":"","protected":false},"excerpt":{"rendered":"<div class=\"product__brief\" data-v-47def444=\"\">Le Rembobineur pour Tous<\/div>\n<div class=\"product__detail editor\" data-v-47def444=\"\">\n<p>Le rembobineur T10 est \u00e9quip\u00e9 d\u2019un bras de renvoi qui peut \u00eatre positionn\u00e9 pour rembobiner les \u00e9tiquettes de chaque c\u00f4t\u00e9 de l\u2019imprimante. Selon les besoins de l\u2019utilisateur, le T10 peut rembobiner les rouleaux d\u2019\u00e9tiquettes en &lsquo;int\u00e9rieur ou ext\u00e9rieur&rsquo;. <\/p>\n<ul>\n<li>Peut \u00eatre utilis\u00e9 avec toutes les imprimantes Godex.<\/li>\n<li>Prend en charge le rembobinage int\u00e9rieur et ext\u00e9rieur des \u00e9tiquettes.<\/li>\n<li>Apparence \u00e9l\u00e9gante et design robuste pour une fiabilit\u00e9 \u00e0 long terme<\/li>\n<li>Le voyant LED color\u00e9 indique l&rsquo;\u00e9tat de fonctionnement du rembobineur.<\/li>\n<li>Prend en charge trois tailles de mandrin : 1\u201d (25,2 mm \u2013 25,6 mm), 1,5\u201d (40 mm \u2013 40,6 mm) et 3\u201d (76 mm \u2013 76,6 mm) ; kits avec et sans mandrin inclus.<\/li>\n<\/ul>\n<\/div>\n","protected":false},"featured_media":25111,"comment_status":"open","ping_status":"closed","template":"","meta":{"_acf_changed":false,"_et_pb_use_builder":"","_et_pb_old_content":"","_et_gb_content_width":""},"product_brand":[],"product_cat":[717],"product_tag":[946],"pa_connextion-shapes":[],"class_list":{"0":"post-49753","1":"product","2":"type-product","3":"status-publish","4":"has-post-thumbnail","6":"product_cat-applicateurs-detiquettes","7":"product_tag-godex-fr","9":"first","10":"instock","11":"taxable","12":"shipping-taxable","13":"purchasable","14":"product-type-variable","15":"has-default-attributes"},"exclude_global_add_ons":[],"addons":[],"acf":[],"yoast_head":"<!-- This site is optimized with the Yoast SEO Premium plugin v27.0 (Yoast SEO v27.1) - https:\/\/yoast.com\/product\/yoast-seo-premium-wordpress\/ -->\n<title>T10 \/ T20 Rembobineurs Godex - d-identify<\/title>\n<meta name=\"robots\" content=\"index, follow, max-snippet:-1, max-image-preview:large, max-video-preview:-1\" \/>\n<link rel=\"canonical\" href=\"https:\/\/d-identify.be\/fr\/produit\/t10-t20-rembobineurs-godex\/\" \/>\n<meta property=\"og:locale\" content=\"fr_FR\" \/>\n<meta property=\"og:type\" content=\"article\" \/>\n<meta property=\"og:title\" content=\"T10 \/ T20 Rembobineurs Godex\" \/>\n<meta property=\"og:description\" content=\"Le Rembobineur pour Tous  Le rembobineur T10 est \u00e9quip\u00e9 d\u2019un bras de renvoi qui peut \u00eatre positionn\u00e9 pour rembobiner les \u00e9tiquettes de chaque c\u00f4t\u00e9 de l\u2019imprimante. Selon les besoins de l\u2019utilisateur, le T10 peut rembobiner les rouleaux d\u2019\u00e9tiquettes en &#039;int\u00e9rieur ou ext\u00e9rieur&#039;.   Peut \u00eatre utilis\u00e9 avec toutes les imprimantes Godex.  Prend en charge le rembobinage int\u00e9rieur et ext\u00e9rieur des \u00e9tiquettes.  Apparence \u00e9l\u00e9gante et design robuste pour une fiabilit\u00e9 \u00e0 long terme  Le voyant LED color\u00e9 indique l&#039;\u00e9tat de fonctionnement du rembobineur.  Prend en charge trois tailles de mandrin : 1\u201d (25,2 mm \u2013 25,6 mm), 1,5\u201d (40 mm \u2013 40,6 mm) et 3\u201d (76 mm \u2013 76,6 mm) ; kits avec et sans mandrin inclus.\" \/>\n<meta property=\"og:url\" content=\"https:\/\/d-identify.be\/fr\/produit\/t10-t20-rembobineurs-godex\/\" \/>\n<meta property=\"og:site_name\" content=\"d-identify\" \/>\n<meta property=\"og:image\" content=\"https:\/\/d-identify.be\/wp-content\/uploads\/2023\/12\/T10-T20-rewinder.png\" \/>\n\t<meta property=\"og:image:width\" content=\"600\" \/>\n\t<meta property=\"og:image:height\" content=\"600\" \/>\n\t<meta property=\"og:image:type\" content=\"image\/png\" \/>\n<meta name=\"twitter:card\" content=\"summary_large_image\" \/>\n<script type=\"application\/ld+json\" class=\"yoast-schema-graph\">{\"@context\":\"https:\/\/schema.org\",\"@graph\":[{\"@type\":\"WebPage\",\"@id\":\"https:\/\/d-identify.be\/fr\/produit\/t10-t20-rembobineurs-godex\/\",\"url\":\"https:\/\/d-identify.be\/fr\/produit\/t10-t20-rembobineurs-godex\/\",\"name\":\"T10 \/ T20 Rembobineurs Godex - d-identify\",\"isPartOf\":{\"@id\":\"https:\/\/d-identify.be\/fr\/#website\"},\"primaryImageOfPage\":{\"@id\":\"https:\/\/d-identify.be\/fr\/produit\/t10-t20-rembobineurs-godex\/#primaryimage\"},\"image\":{\"@id\":\"https:\/\/d-identify.be\/fr\/produit\/t10-t20-rembobineurs-godex\/#primaryimage\"},\"thumbnailUrl\":\"https:\/\/d-identify.be\/wp-content\/uploads\/2023\/12\/T10-T20-rewinder.png\",\"datePublished\":\"2023-12-24T13:34:00+00:00\",\"breadcrumb\":{\"@id\":\"https:\/\/d-identify.be\/fr\/produit\/t10-t20-rembobineurs-godex\/#breadcrumb\"},\"inLanguage\":\"fr-FR\",\"potentialAction\":[{\"@type\":\"ReadAction\",\"target\":[\"https:\/\/d-identify.be\/fr\/produit\/t10-t20-rembobineurs-godex\/\"]}]},{\"@type\":\"ImageObject\",\"inLanguage\":\"fr-FR\",\"@id\":\"https:\/\/d-identify.be\/fr\/produit\/t10-t20-rembobineurs-godex\/#primaryimage\",\"url\":\"https:\/\/d-identify.be\/wp-content\/uploads\/2023\/12\/T10-T20-rewinder.png\",\"contentUrl\":\"https:\/\/d-identify.be\/wp-content\/uploads\/2023\/12\/T10-T20-rewinder.png\",\"width\":600,\"height\":600},{\"@type\":\"BreadcrumbList\",\"@id\":\"https:\/\/d-identify.be\/fr\/produit\/t10-t20-rembobineurs-godex\/#breadcrumb\",\"itemListElement\":[{\"@type\":\"ListItem\",\"position\":1,\"name\":\"Home\",\"item\":\"https:\/\/d-identify.be\/fr\/home-2\/\"},{\"@type\":\"ListItem\",\"position\":2,\"name\":\"Boutique\",\"item\":\"https:\/\/d-identify.be\/fr\/boutique\/\"},{\"@type\":\"ListItem\",\"position\":3,\"name\":\"T10 \/ T20 Rembobineurs Godex\"}]},{\"@type\":\"WebSite\",\"@id\":\"https:\/\/d-identify.be\/fr\/#website\",\"url\":\"https:\/\/d-identify.be\/fr\/\",\"name\":\"d-identify\",\"description\":\"Industrial identification - Lockout - Tagout - Floor marking\",\"potentialAction\":[{\"@type\":\"SearchAction\",\"target\":{\"@type\":\"EntryPoint\",\"urlTemplate\":\"https:\/\/d-identify.be\/fr\/?s={search_term_string}\"},\"query-input\":{\"@type\":\"PropertyValueSpecification\",\"valueRequired\":true,\"valueName\":\"search_term_string\"}}],\"inLanguage\":\"fr-FR\"}]}<\/script>\n<!-- \/ Yoast SEO Premium plugin. -->","yoast_head_json":{"title":"T10 \/ T20 Rembobineurs Godex - d-identify","robots":{"index":"index","follow":"follow","max-snippet":"max-snippet:-1","max-image-preview":"max-image-preview:large","max-video-preview":"max-video-preview:-1"},"canonical":"https:\/\/d-identify.be\/fr\/produit\/t10-t20-rembobineurs-godex\/","og_locale":"fr_FR","og_type":"article","og_title":"T10 \/ T20 Rembobineurs Godex","og_description":"Le Rembobineur pour Tous  Le rembobineur T10 est \u00e9quip\u00e9 d\u2019un bras de renvoi qui peut \u00eatre positionn\u00e9 pour rembobiner les \u00e9tiquettes de chaque c\u00f4t\u00e9 de l\u2019imprimante. Selon les besoins de l\u2019utilisateur, le T10 peut rembobiner les rouleaux d\u2019\u00e9tiquettes en 'int\u00e9rieur ou ext\u00e9rieur'.   Peut \u00eatre utilis\u00e9 avec toutes les imprimantes Godex.  Prend en charge le rembobinage int\u00e9rieur et ext\u00e9rieur des \u00e9tiquettes.  Apparence \u00e9l\u00e9gante et design robuste pour une fiabilit\u00e9 \u00e0 long terme  Le voyant LED color\u00e9 indique l'\u00e9tat de fonctionnement du rembobineur.  Prend en charge trois tailles de mandrin : 1\u201d (25,2 mm \u2013 25,6 mm), 1,5\u201d (40 mm \u2013 40,6 mm) et 3\u201d (76 mm \u2013 76,6 mm) ; kits avec et sans mandrin inclus.","og_url":"https:\/\/d-identify.be\/fr\/produit\/t10-t20-rembobineurs-godex\/","og_site_name":"d-identify","og_image":[{"width":600,"height":600,"url":"https:\/\/d-identify.be\/wp-content\/uploads\/2023\/12\/T10-T20-rewinder.png","type":"image\/png"}],"twitter_card":"summary_large_image","schema":{"@context":"https:\/\/schema.org","@graph":[{"@type":"WebPage","@id":"https:\/\/d-identify.be\/fr\/produit\/t10-t20-rembobineurs-godex\/","url":"https:\/\/d-identify.be\/fr\/produit\/t10-t20-rembobineurs-godex\/","name":"T10 \/ T20 Rembobineurs Godex - d-identify","isPartOf":{"@id":"https:\/\/d-identify.be\/fr\/#website"},"primaryImageOfPage":{"@id":"https:\/\/d-identify.be\/fr\/produit\/t10-t20-rembobineurs-godex\/#primaryimage"},"image":{"@id":"https:\/\/d-identify.be\/fr\/produit\/t10-t20-rembobineurs-godex\/#primaryimage"},"thumbnailUrl":"https:\/\/d-identify.be\/wp-content\/uploads\/2023\/12\/T10-T20-rewinder.png","datePublished":"2023-12-24T13:34:00+00:00","breadcrumb":{"@id":"https:\/\/d-identify.be\/fr\/produit\/t10-t20-rembobineurs-godex\/#breadcrumb"},"inLanguage":"fr-FR","potentialAction":[{"@type":"ReadAction","target":["https:\/\/d-identify.be\/fr\/produit\/t10-t20-rembobineurs-godex\/"]}]},{"@type":"ImageObject","inLanguage":"fr-FR","@id":"https:\/\/d-identify.be\/fr\/produit\/t10-t20-rembobineurs-godex\/#primaryimage","url":"https:\/\/d-identify.be\/wp-content\/uploads\/2023\/12\/T10-T20-rewinder.png","contentUrl":"https:\/\/d-identify.be\/wp-content\/uploads\/2023\/12\/T10-T20-rewinder.png","width":600,"height":600},{"@type":"BreadcrumbList","@id":"https:\/\/d-identify.be\/fr\/produit\/t10-t20-rembobineurs-godex\/#breadcrumb","itemListElement":[{"@type":"ListItem","position":1,"name":"Home","item":"https:\/\/d-identify.be\/fr\/home-2\/"},{"@type":"ListItem","position":2,"name":"Boutique","item":"https:\/\/d-identify.be\/fr\/boutique\/"},{"@type":"ListItem","position":3,"name":"T10 \/ T20 Rembobineurs Godex"}]},{"@type":"WebSite","@id":"https:\/\/d-identify.be\/fr\/#website","url":"https:\/\/d-identify.be\/fr\/","name":"d-identify","description":"Industrial identification - Lockout - Tagout - Floor marking","potentialAction":[{"@type":"SearchAction","target":{"@type":"EntryPoint","urlTemplate":"https:\/\/d-identify.be\/fr\/?s={search_term_string}"},"query-input":{"@type":"PropertyValueSpecification","valueRequired":true,"valueName":"search_term_string"}}],"inLanguage":"fr-FR"}]}},"_links":{"self":[{"href":"https:\/\/d-identify.be\/fr\/wp-json\/wp\/v2\/product\/49753","targetHints":{"allow":["GET"]}}],"collection":[{"href":"https:\/\/d-identify.be\/fr\/wp-json\/wp\/v2\/product"}],"about":[{"href":"https:\/\/d-identify.be\/fr\/wp-json\/wp\/v2\/types\/product"}],"replies":[{"embeddable":true,"href":"https:\/\/d-identify.be\/fr\/wp-json\/wp\/v2\/comments?post=49753"}],"wp:featuredmedia":[{"embeddable":true,"href":"https:\/\/d-identify.be\/fr\/wp-json\/wp\/v2\/media\/25111"}],"wp:attachment":[{"href":"https:\/\/d-identify.be\/fr\/wp-json\/wp\/v2\/media?parent=49753"}],"wp:term":[{"taxonomy":"product_brand","embeddable":true,"href":"https:\/\/d-identify.be\/fr\/wp-json\/wp\/v2\/product_brand?post=49753"},{"taxonomy":"product_cat","embeddable":true,"href":"https:\/\/d-identify.be\/fr\/wp-json\/wp\/v2\/product_cat?post=49753"},{"taxonomy":"product_tag","embeddable":true,"href":"https:\/\/d-identify.be\/fr\/wp-json\/wp\/v2\/product_tag?post=49753"},{"taxonomy":"pa_connextion-shapes","embeddable":true,"href":"https:\/\/d-identify.be\/fr\/wp-json\/wp\/v2\/pa_connextion-shapes?post=49753"}],"curies":[{"name":"wp","href":"https:\/\/api.w.org\/{rel}","templated":true}]}}