{"id":49511,"date":"2025-01-10T17:16:02","date_gmt":"2025-01-10T15:16:02","guid":{"rendered":"https:\/\/d-identify.be\/product\/master-lock-6400eurljent-serrure-electronique-bluetooth\/"},"modified":"2025-03-31T19:15:48","modified_gmt":"2025-03-31T17:15:48","slug":"master-lock-6400eurljent-serrure-electronique-bluetooth","status":"publish","type":"product","link":"https:\/\/d-identify.be\/fr\/produit\/master-lock-6400eurljent-serrure-electronique-bluetooth\/","title":{"rendered":"Master Lock 6400EURLJENT Serrure \u00c9lectronique Bluetooth\u00ae"},"content":{"rendered":"<p>Le cadenas Master Lock No. 6400EURLJENT Bluetooth\u00ae Extended Shackle est dot\u00e9 d\u2019un corps en m\u00e9tal large de 62 mm pour la durabilit\u00e9 et la s\u00e9curit\u00e9. Le p\u00eane de 9 mm de diam\u00e8tre offre un d\u00e9gagement vertical de 60 mm et est fabriqu\u00e9 en alliage de bore, offrant une r\u00e9sistance maximale \u00e0 la coupe et \u00e0 la sciage. Le couvercle de protection contre les intemp\u00e9ries am\u00e9liore la r\u00e9sistance aux conditions m\u00e9t\u00e9orologiques telles que la neige, la pluie et les temp\u00e9ratures extr\u00eames. Le syst\u00e8me Master Lock Vault Enterprise est con\u00e7u pour prendre en charge de nombreux cadenas et utilisateurs avec une s\u00e9curit\u00e9, une simplicit\u00e9 et une responsabilit\u00e9 in\u00e9gal\u00e9es. Les administrateurs contr\u00f4lent l&rsquo;acc\u00e8s individuel ou syst\u00e9mique aux cadenas via notre interface web pratique, tandis que les utilisateurs b\u00e9n\u00e9ficient d&rsquo;un acc\u00e8s simple et s\u00e9curis\u00e9 aux cadenas ou coffres attribu\u00e9s.    <\/p>\n","protected":false},"excerpt":{"rendered":"<p>Le cadenas Master Lock No. 6400EURLJENT Bluetooth\u00ae Extended Shackle est dot\u00e9 d\u2019un corps en m\u00e9tal large de 62 mm pour la durabilit\u00e9 et la s\u00e9curit\u00e9. Le p\u00eane de 9 mm de diam\u00e8tre offre un d\u00e9gagement vertical de 60 mm et est fabriqu\u00e9 en alliage de bore, offrant une r\u00e9sistance maximale \u00e0 la coupe et \u00e0 la sciage. Le couvercle de protection contre les intemp\u00e9ries am\u00e9liore la r\u00e9sistance aux conditions m\u00e9t\u00e9orologiques telles que la neige, la pluie et les temp\u00e9ratures extr\u00eames. Le syst\u00e8me Master Lock Vault Enterprise est con\u00e7u pour prendre en charge de nombreux cadenas et utilisateurs avec une s\u00e9curit\u00e9, une simplicit\u00e9 et une responsabilit\u00e9 in\u00e9gal\u00e9es. Les administrateurs contr\u00f4lent l&rsquo;acc\u00e8s individuel ou syst\u00e9mique aux cadenas via notre interface web pratique, tandis que les utilisateurs b\u00e9n\u00e9ficient d&rsquo;un acc\u00e8s simple et s\u00e9curis\u00e9 aux cadenas ou coffres attribu\u00e9s.    <\/p>\n","protected":false},"featured_media":49487,"comment_status":"open","ping_status":"closed","template":"","meta":{"_acf_changed":false,"_et_pb_use_builder":"","_et_pb_old_content":"","_et_gb_content_width":""},"product_brand":[],"product_cat":[642],"product_tag":[934],"pa_connextion-shapes":[],"class_list":{"0":"post-49511","1":"product","2":"type-product","3":"status-publish","4":"has-post-thumbnail","6":"product_cat-cadenas-bluetooth-master-lock","7":"product_tag-master-lock-fr","9":"first","10":"instock","11":"taxable","12":"shipping-taxable","13":"purchasable","14":"product-type-simple"},"exclude_global_add_ons":[],"addons":[],"acf":[],"yoast_head":"<!-- This site is optimized with the Yoast SEO Premium plugin v27.0 (Yoast SEO v27.1) - https:\/\/yoast.com\/product\/yoast-seo-premium-wordpress\/ -->\n<title>Master Lock 6400EURLJENT Serrure \u00c9lectronique Bluetooth\u00ae<\/title>\n<meta name=\"description\" content=\"Le cadenas Bluetooth\u00ae Master Lock 6400EURLJENT offre durabilit\u00e9, p\u00eane en alliage de bore, conception r\u00e9sistante aux intemp\u00e9ries et administration s\u00e9curis\u00e9e bas\u00e9e sur le web.\" \/>\n<meta name=\"robots\" content=\"index, follow, max-snippet:-1, max-image-preview:large, max-video-preview:-1\" \/>\n<link rel=\"canonical\" href=\"https:\/\/d-identify.be\/fr\/produit\/master-lock-6400eurljent-serrure-electronique-bluetooth\/\" \/>\n<meta property=\"og:locale\" content=\"fr_FR\" \/>\n<meta property=\"og:type\" content=\"article\" \/>\n<meta property=\"og:title\" content=\"Master Lock 6400EURLJENT Serrure \u00c9lectronique Bluetooth\u00ae\" \/>\n<meta property=\"og:description\" content=\"Le cadenas Bluetooth\u00ae Master Lock 6400EURLJENT offre durabilit\u00e9, p\u00eane en alliage de bore, conception r\u00e9sistante aux intemp\u00e9ries et administration s\u00e9curis\u00e9e bas\u00e9e sur le web.\" \/>\n<meta property=\"og:url\" content=\"https:\/\/d-identify.be\/fr\/produit\/master-lock-6400eurljent-serrure-electronique-bluetooth\/\" \/>\n<meta property=\"og:site_name\" content=\"d-identify\" \/>\n<meta property=\"article:modified_time\" content=\"2025-03-31T17:15:48+00:00\" \/>\n<meta property=\"og:image\" content=\"https:\/\/d-identify.be\/wp-content\/uploads\/2025\/01\/6400EURLJENT.jpg\" \/>\n\t<meta property=\"og:image:width\" content=\"750\" \/>\n\t<meta property=\"og:image:height\" content=\"750\" \/>\n\t<meta property=\"og:image:type\" content=\"image\/jpeg\" \/>\n<meta name=\"twitter:card\" content=\"summary_large_image\" \/>\n<meta name=\"twitter:label1\" content=\"Dur\u00e9e de lecture estim\u00e9e\" \/>\n\t<meta name=\"twitter:data1\" content=\"1 minute\" \/>\n<script type=\"application\/ld+json\" class=\"yoast-schema-graph\">{\"@context\":\"https:\/\/schema.org\",\"@graph\":[{\"@type\":\"WebPage\",\"@id\":\"https:\/\/d-identify.be\/fr\/produit\/master-lock-6400eurljent-serrure-electronique-bluetooth\/\",\"url\":\"https:\/\/d-identify.be\/fr\/produit\/master-lock-6400eurljent-serrure-electronique-bluetooth\/\",\"name\":\"Master Lock 6400EURLJENT Serrure \u00c9lectronique Bluetooth\u00ae\",\"isPartOf\":{\"@id\":\"https:\/\/d-identify.be\/fr\/#website\"},\"primaryImageOfPage\":{\"@id\":\"https:\/\/d-identify.be\/fr\/produit\/master-lock-6400eurljent-serrure-electronique-bluetooth\/#primaryimage\"},\"image\":{\"@id\":\"https:\/\/d-identify.be\/fr\/produit\/master-lock-6400eurljent-serrure-electronique-bluetooth\/#primaryimage\"},\"thumbnailUrl\":\"https:\/\/d-identify.be\/wp-content\/uploads\/2025\/01\/6400EURLJENT.jpg\",\"datePublished\":\"2025-01-10T15:16:02+00:00\",\"dateModified\":\"2025-03-31T17:15:48+00:00\",\"description\":\"Le cadenas Bluetooth\u00ae Master Lock 6400EURLJENT offre durabilit\u00e9, p\u00eane en alliage de bore, conception r\u00e9sistante aux intemp\u00e9ries et administration s\u00e9curis\u00e9e bas\u00e9e sur le web.\",\"breadcrumb\":{\"@id\":\"https:\/\/d-identify.be\/fr\/produit\/master-lock-6400eurljent-serrure-electronique-bluetooth\/#breadcrumb\"},\"inLanguage\":\"fr-FR\",\"potentialAction\":[{\"@type\":\"ReadAction\",\"target\":[\"https:\/\/d-identify.be\/fr\/produit\/master-lock-6400eurljent-serrure-electronique-bluetooth\/\"]}]},{\"@type\":\"ImageObject\",\"inLanguage\":\"fr-FR\",\"@id\":\"https:\/\/d-identify.be\/fr\/produit\/master-lock-6400eurljent-serrure-electronique-bluetooth\/#primaryimage\",\"url\":\"https:\/\/d-identify.be\/wp-content\/uploads\/2025\/01\/6400EURLJENT.jpg\",\"contentUrl\":\"https:\/\/d-identify.be\/wp-content\/uploads\/2025\/01\/6400EURLJENT.jpg\",\"width\":750,\"height\":750,\"caption\":\"Master Lock 6400EURLJENT\"},{\"@type\":\"BreadcrumbList\",\"@id\":\"https:\/\/d-identify.be\/fr\/produit\/master-lock-6400eurljent-serrure-electronique-bluetooth\/#breadcrumb\",\"itemListElement\":[{\"@type\":\"ListItem\",\"position\":1,\"name\":\"Home\",\"item\":\"https:\/\/d-identify.be\/fr\/home-2\/\"},{\"@type\":\"ListItem\",\"position\":2,\"name\":\"Boutique\",\"item\":\"https:\/\/d-identify.be\/fr\/boutique\/\"},{\"@type\":\"ListItem\",\"position\":3,\"name\":\"Master Lock 6400EURLJENT Serrure \u00c9lectronique Bluetooth\u00ae\"}]},{\"@type\":\"WebSite\",\"@id\":\"https:\/\/d-identify.be\/fr\/#website\",\"url\":\"https:\/\/d-identify.be\/fr\/\",\"name\":\"d-identify\",\"description\":\"Industrial identification - Lockout - Tagout - Floor marking\",\"potentialAction\":[{\"@type\":\"SearchAction\",\"target\":{\"@type\":\"EntryPoint\",\"urlTemplate\":\"https:\/\/d-identify.be\/fr\/?s={search_term_string}\"},\"query-input\":{\"@type\":\"PropertyValueSpecification\",\"valueRequired\":true,\"valueName\":\"search_term_string\"}}],\"inLanguage\":\"fr-FR\"}]}<\/script>\n<!-- \/ Yoast SEO Premium plugin. -->","yoast_head_json":{"title":"Master Lock 6400EURLJENT Serrure \u00c9lectronique Bluetooth\u00ae","description":"Le cadenas Bluetooth\u00ae Master Lock 6400EURLJENT offre durabilit\u00e9, p\u00eane en alliage de bore, conception r\u00e9sistante aux intemp\u00e9ries et administration s\u00e9curis\u00e9e bas\u00e9e sur le web.","robots":{"index":"index","follow":"follow","max-snippet":"max-snippet:-1","max-image-preview":"max-image-preview:large","max-video-preview":"max-video-preview:-1"},"canonical":"https:\/\/d-identify.be\/fr\/produit\/master-lock-6400eurljent-serrure-electronique-bluetooth\/","og_locale":"fr_FR","og_type":"article","og_title":"Master Lock 6400EURLJENT Serrure \u00c9lectronique Bluetooth\u00ae","og_description":"Le cadenas Bluetooth\u00ae Master Lock 6400EURLJENT offre durabilit\u00e9, p\u00eane en alliage de bore, conception r\u00e9sistante aux intemp\u00e9ries et administration s\u00e9curis\u00e9e bas\u00e9e sur le web.","og_url":"https:\/\/d-identify.be\/fr\/produit\/master-lock-6400eurljent-serrure-electronique-bluetooth\/","og_site_name":"d-identify","article_modified_time":"2025-03-31T17:15:48+00:00","og_image":[{"width":750,"height":750,"url":"https:\/\/d-identify.be\/wp-content\/uploads\/2025\/01\/6400EURLJENT.jpg","type":"image\/jpeg"}],"twitter_card":"summary_large_image","twitter_misc":{"Dur\u00e9e de lecture estim\u00e9e":"1 minute"},"schema":{"@context":"https:\/\/schema.org","@graph":[{"@type":"WebPage","@id":"https:\/\/d-identify.be\/fr\/produit\/master-lock-6400eurljent-serrure-electronique-bluetooth\/","url":"https:\/\/d-identify.be\/fr\/produit\/master-lock-6400eurljent-serrure-electronique-bluetooth\/","name":"Master Lock 6400EURLJENT Serrure \u00c9lectronique Bluetooth\u00ae","isPartOf":{"@id":"https:\/\/d-identify.be\/fr\/#website"},"primaryImageOfPage":{"@id":"https:\/\/d-identify.be\/fr\/produit\/master-lock-6400eurljent-serrure-electronique-bluetooth\/#primaryimage"},"image":{"@id":"https:\/\/d-identify.be\/fr\/produit\/master-lock-6400eurljent-serrure-electronique-bluetooth\/#primaryimage"},"thumbnailUrl":"https:\/\/d-identify.be\/wp-content\/uploads\/2025\/01\/6400EURLJENT.jpg","datePublished":"2025-01-10T15:16:02+00:00","dateModified":"2025-03-31T17:15:48+00:00","description":"Le cadenas Bluetooth\u00ae Master Lock 6400EURLJENT offre durabilit\u00e9, p\u00eane en alliage de bore, conception r\u00e9sistante aux intemp\u00e9ries et administration s\u00e9curis\u00e9e bas\u00e9e sur le web.","breadcrumb":{"@id":"https:\/\/d-identify.be\/fr\/produit\/master-lock-6400eurljent-serrure-electronique-bluetooth\/#breadcrumb"},"inLanguage":"fr-FR","potentialAction":[{"@type":"ReadAction","target":["https:\/\/d-identify.be\/fr\/produit\/master-lock-6400eurljent-serrure-electronique-bluetooth\/"]}]},{"@type":"ImageObject","inLanguage":"fr-FR","@id":"https:\/\/d-identify.be\/fr\/produit\/master-lock-6400eurljent-serrure-electronique-bluetooth\/#primaryimage","url":"https:\/\/d-identify.be\/wp-content\/uploads\/2025\/01\/6400EURLJENT.jpg","contentUrl":"https:\/\/d-identify.be\/wp-content\/uploads\/2025\/01\/6400EURLJENT.jpg","width":750,"height":750,"caption":"Master Lock 6400EURLJENT"},{"@type":"BreadcrumbList","@id":"https:\/\/d-identify.be\/fr\/produit\/master-lock-6400eurljent-serrure-electronique-bluetooth\/#breadcrumb","itemListElement":[{"@type":"ListItem","position":1,"name":"Home","item":"https:\/\/d-identify.be\/fr\/home-2\/"},{"@type":"ListItem","position":2,"name":"Boutique","item":"https:\/\/d-identify.be\/fr\/boutique\/"},{"@type":"ListItem","position":3,"name":"Master Lock 6400EURLJENT Serrure \u00c9lectronique Bluetooth\u00ae"}]},{"@type":"WebSite","@id":"https:\/\/d-identify.be\/fr\/#website","url":"https:\/\/d-identify.be\/fr\/","name":"d-identify","description":"Industrial identification - Lockout - Tagout - Floor marking","potentialAction":[{"@type":"SearchAction","target":{"@type":"EntryPoint","urlTemplate":"https:\/\/d-identify.be\/fr\/?s={search_term_string}"},"query-input":{"@type":"PropertyValueSpecification","valueRequired":true,"valueName":"search_term_string"}}],"inLanguage":"fr-FR"}]}},"_links":{"self":[{"href":"https:\/\/d-identify.be\/fr\/wp-json\/wp\/v2\/product\/49511","targetHints":{"allow":["GET"]}}],"collection":[{"href":"https:\/\/d-identify.be\/fr\/wp-json\/wp\/v2\/product"}],"about":[{"href":"https:\/\/d-identify.be\/fr\/wp-json\/wp\/v2\/types\/product"}],"replies":[{"embeddable":true,"href":"https:\/\/d-identify.be\/fr\/wp-json\/wp\/v2\/comments?post=49511"}],"wp:featuredmedia":[{"embeddable":true,"href":"https:\/\/d-identify.be\/fr\/wp-json\/wp\/v2\/media\/49487"}],"wp:attachment":[{"href":"https:\/\/d-identify.be\/fr\/wp-json\/wp\/v2\/media?parent=49511"}],"wp:term":[{"taxonomy":"product_brand","embeddable":true,"href":"https:\/\/d-identify.be\/fr\/wp-json\/wp\/v2\/product_brand?post=49511"},{"taxonomy":"product_cat","embeddable":true,"href":"https:\/\/d-identify.be\/fr\/wp-json\/wp\/v2\/product_cat?post=49511"},{"taxonomy":"product_tag","embeddable":true,"href":"https:\/\/d-identify.be\/fr\/wp-json\/wp\/v2\/product_tag?post=49511"},{"taxonomy":"pa_connextion-shapes","embeddable":true,"href":"https:\/\/d-identify.be\/fr\/wp-json\/wp\/v2\/pa_connextion-shapes?post=49511"}],"curies":[{"name":"wp","href":"https:\/\/api.w.org\/{rel}","templated":true}]}}