{"id":49477,"date":"2021-07-26T12:38:41","date_gmt":"2021-07-26T10:38:41","guid":{"rendered":"https:\/\/d-identify.be\/product\/cadenas-bluetooth-4401eurlhec-master-lock\/"},"modified":"2021-07-26T12:38:41","modified_gmt":"2021-07-26T10:38:41","slug":"cadenas-bluetooth-4401eurlhec-master-lock","status":"publish","type":"product","link":"https:\/\/d-identify.be\/fr\/produit\/cadenas-bluetooth-4401eurlhec-master-lock\/","title":{"rendered":"Cadenas Bluetooth\u00ae 4401EURLHEC Master Lock"},"content":{"rendered":"<section id=\"overview-features\" class=\"tab-content overview-features flex-cols\">\n<div class=\"section-content row accordion-products-content\">\n<div class=\"col col-count product-details md-6\">\n<p>Le cadenas Master Lock No. 4401EURLHEC Bluetooth\u00ae a un corps en m\u00e9tal d&rsquo;une largeur de 56 mm pour plus de robustesse. L&rsquo;anse d&rsquo;un diam\u00e8tre de 9 mm offre un \u00e9cartement vertical de 51 mm et est en alliage de bore, ce qui offre une r\u00e9sistance maximum \u00e0 la coupe et au sciage. Prot\u00e9gez votre domicile ou votre entreprise avec le syst\u00e8me Master Lock Vault qui utilise la technologie de verrouillage Bluetooth la plus r\u00e9cente de Master Lock pour une s\u00e9curit\u00e9, une simplicit\u00e9 et une fiabilit\u00e9 exceptionnelles. Ces syst\u00e8mes de verrouillage r\u00e9sistent aux attaques physiques et aux piratages, prot\u00e9geant vos biens avec un cryptage de niveau militaire et des fonctionnalit\u00e9s de s\u00e9curit\u00e9 \u00e9lev\u00e9e. Les administrateurs contr\u00f4lent l&rsquo;acc\u00e8s aux syst\u00e8mes de verrouillage individuels ou \u00e0 l&rsquo;\u00e9chelle du syst\u00e8me gr\u00e2ce \u00e0 nos options pratiques d&rsquo;application et d&rsquo;interface Web, tandis que les utilisateurs b\u00e9n\u00e9ficient d&rsquo;un acc\u00e8s simple et s\u00e9curis\u00e9 aux syst\u00e8mes de verrouillage et rangements s\u00e9curis\u00e9s qui leur ont \u00e9t\u00e9 attribu\u00e9es.    <\/p>\n<\/div>\n<\/div>\n<\/section>\n","protected":false},"excerpt":{"rendered":"<section id=\"overview-features\" class=\"tab-content overview-features flex-cols\">\n<div class=\"section-content row accordion-products-content\">\n<div class=\"col col-count product-details md-6\">\n<p>Le cadenas Master Lock No. 4401EURLHEC Bluetooth\u00ae a un corps en m\u00e9tal d&rsquo;une largeur de 56 mm pour plus de robustesse. L&rsquo;anse d&rsquo;un diam\u00e8tre de 9 mm offre un \u00e9cartement vertical de 51 mm et est en alliage de bore, ce qui offre une r\u00e9sistance maximum \u00e0 la coupe et au sciage. Prot\u00e9gez votre domicile ou votre entreprise avec le syst\u00e8me Master Lock Vault qui utilise la technologie de verrouillage Bluetooth la plus r\u00e9cente de Master Lock pour une s\u00e9curit\u00e9, une simplicit\u00e9 et une fiabilit\u00e9 exceptionnelles. Ces syst\u00e8mes de verrouillage r\u00e9sistent aux attaques physiques et aux piratages, prot\u00e9geant vos biens avec un cryptage de niveau militaire et des fonctionnalit\u00e9s de s\u00e9curit\u00e9 \u00e9lev\u00e9e. Les administrateurs contr\u00f4lent l&rsquo;acc\u00e8s aux syst\u00e8mes de verrouillage individuels ou \u00e0 l&rsquo;\u00e9chelle du syst\u00e8me gr\u00e2ce \u00e0 nos options pratiques d&rsquo;application et d&rsquo;interface Web, tandis que les utilisateurs b\u00e9n\u00e9ficient d&rsquo;un acc\u00e8s simple et s\u00e9curis\u00e9 aux syst\u00e8mes de verrouillage et rangements s\u00e9curis\u00e9s qui leur ont \u00e9t\u00e9 attribu\u00e9es.    <\/p>\n<\/div>\n<\/div>\n<\/section>\n","protected":false},"featured_media":27570,"comment_status":"open","ping_status":"closed","template":"","meta":{"_acf_changed":false,"_et_pb_use_builder":"","_et_pb_old_content":"","_et_gb_content_width":""},"product_brand":[],"product_cat":[642],"product_tag":[934],"pa_connextion-shapes":[],"class_list":{"0":"post-49477","1":"product","2":"type-product","3":"status-publish","4":"has-post-thumbnail","6":"product_cat-cadenas-bluetooth-master-lock","7":"product_tag-master-lock-fr","9":"first","10":"instock","11":"taxable","12":"shipping-taxable","13":"purchasable","14":"product-type-simple"},"exclude_global_add_ons":[],"addons":[],"acf":[],"yoast_head":"<!-- This site is optimized with the Yoast SEO Premium plugin v27.0 (Yoast SEO v27.1) - https:\/\/yoast.com\/product\/yoast-seo-premium-wordpress\/ -->\n<title>Cadenas Bluetooth\u00ae 4401EURLHEC Master Lock<\/title>\n<meta name=\"description\" content=\"Le cadenas Master Lock No. 4401EURLHEC Bluetooth\u00ae a un corps en m\u00e9tal d&#039;une largeur de 56 mm pour plus de robustesse.Ces syst\u00e8mes de verrouillage r\u00e9sistent aux attaques physiques et aux piratages\" \/>\n<meta name=\"robots\" content=\"index, follow, max-snippet:-1, max-image-preview:large, max-video-preview:-1\" \/>\n<link rel=\"canonical\" href=\"https:\/\/d-identify.be\/fr\/produit\/cadenas-bluetooth-4401eurlhec-master-lock\/\" \/>\n<meta property=\"og:locale\" content=\"fr_FR\" \/>\n<meta property=\"og:type\" content=\"article\" \/>\n<meta property=\"og:title\" content=\"Cadenas Bluetooth\u00ae 4401EURLHEC Master Lock\" \/>\n<meta property=\"og:description\" content=\"Le cadenas Master Lock No. 4401EURLHEC Bluetooth\u00ae a un corps en m\u00e9tal d&#039;une largeur de 56 mm pour plus de robustesse.Ces syst\u00e8mes de verrouillage r\u00e9sistent aux attaques physiques et aux piratages\" \/>\n<meta property=\"og:url\" content=\"https:\/\/d-identify.be\/fr\/produit\/cadenas-bluetooth-4401eurlhec-master-lock\/\" \/>\n<meta property=\"og:site_name\" content=\"d-identify\" \/>\n<meta property=\"og:image\" content=\"https:\/\/d-identify.be\/wp-content\/uploads\/2021\/07\/MLEU_PRODUCT_4401DLH-EURLHENT_front_a89c5354-bcaa-449e-a302-5566c72d6e52.jpg\" \/>\n\t<meta property=\"og:image:width\" content=\"208\" \/>\n\t<meta property=\"og:image:height\" content=\"285\" \/>\n\t<meta property=\"og:image:type\" content=\"image\/jpeg\" \/>\n<meta name=\"twitter:card\" content=\"summary_large_image\" \/>\n<meta name=\"twitter:label1\" content=\"Dur\u00e9e de lecture estim\u00e9e\" \/>\n\t<meta name=\"twitter:data1\" content=\"1 minute\" \/>\n<script type=\"application\/ld+json\" class=\"yoast-schema-graph\">{\"@context\":\"https:\/\/schema.org\",\"@graph\":[{\"@type\":\"WebPage\",\"@id\":\"https:\/\/d-identify.be\/fr\/produit\/cadenas-bluetooth-4401eurlhec-master-lock\/\",\"url\":\"https:\/\/d-identify.be\/fr\/produit\/cadenas-bluetooth-4401eurlhec-master-lock\/\",\"name\":\"Cadenas Bluetooth\u00ae 4401EURLHEC Master Lock\",\"isPartOf\":{\"@id\":\"https:\/\/d-identify.be\/fr\/#website\"},\"primaryImageOfPage\":{\"@id\":\"https:\/\/d-identify.be\/fr\/produit\/cadenas-bluetooth-4401eurlhec-master-lock\/#primaryimage\"},\"image\":{\"@id\":\"https:\/\/d-identify.be\/fr\/produit\/cadenas-bluetooth-4401eurlhec-master-lock\/#primaryimage\"},\"thumbnailUrl\":\"https:\/\/d-identify.be\/wp-content\/uploads\/2021\/07\/MLEU_PRODUCT_4401DLH-EURLHENT_front_a89c5354-bcaa-449e-a302-5566c72d6e52.jpg\",\"datePublished\":\"2021-07-26T10:38:41+00:00\",\"description\":\"Le cadenas Master Lock No. 4401EURLHEC Bluetooth\u00ae a un corps en m\u00e9tal d'une largeur de 56 mm pour plus de robustesse.Ces syst\u00e8mes de verrouillage r\u00e9sistent aux attaques physiques et aux piratages\",\"breadcrumb\":{\"@id\":\"https:\/\/d-identify.be\/fr\/produit\/cadenas-bluetooth-4401eurlhec-master-lock\/#breadcrumb\"},\"inLanguage\":\"fr-FR\",\"potentialAction\":[{\"@type\":\"ReadAction\",\"target\":[\"https:\/\/d-identify.be\/fr\/produit\/cadenas-bluetooth-4401eurlhec-master-lock\/\"]}]},{\"@type\":\"ImageObject\",\"inLanguage\":\"fr-FR\",\"@id\":\"https:\/\/d-identify.be\/fr\/produit\/cadenas-bluetooth-4401eurlhec-master-lock\/#primaryimage\",\"url\":\"https:\/\/d-identify.be\/wp-content\/uploads\/2021\/07\/MLEU_PRODUCT_4401DLH-EURLHENT_front_a89c5354-bcaa-449e-a302-5566c72d6e52.jpg\",\"contentUrl\":\"https:\/\/d-identify.be\/wp-content\/uploads\/2021\/07\/MLEU_PRODUCT_4401DLH-EURLHENT_front_a89c5354-bcaa-449e-a302-5566c72d6e52.jpg\",\"width\":208,\"height\":285,\"caption\":\"Cadenas Bluetooth\u00ae 4401EURLHEC Master Lock\"},{\"@type\":\"BreadcrumbList\",\"@id\":\"https:\/\/d-identify.be\/fr\/produit\/cadenas-bluetooth-4401eurlhec-master-lock\/#breadcrumb\",\"itemListElement\":[{\"@type\":\"ListItem\",\"position\":1,\"name\":\"Home\",\"item\":\"https:\/\/d-identify.be\/fr\/home-2\/\"},{\"@type\":\"ListItem\",\"position\":2,\"name\":\"Boutique\",\"item\":\"https:\/\/d-identify.be\/fr\/boutique\/\"},{\"@type\":\"ListItem\",\"position\":3,\"name\":\"Cadenas Bluetooth\u00ae 4401EURLHEC Master Lock\"}]},{\"@type\":\"WebSite\",\"@id\":\"https:\/\/d-identify.be\/fr\/#website\",\"url\":\"https:\/\/d-identify.be\/fr\/\",\"name\":\"d-identify\",\"description\":\"Industrial identification - Lockout - Tagout - Floor marking\",\"potentialAction\":[{\"@type\":\"SearchAction\",\"target\":{\"@type\":\"EntryPoint\",\"urlTemplate\":\"https:\/\/d-identify.be\/fr\/?s={search_term_string}\"},\"query-input\":{\"@type\":\"PropertyValueSpecification\",\"valueRequired\":true,\"valueName\":\"search_term_string\"}}],\"inLanguage\":\"fr-FR\"}]}<\/script>\n<!-- \/ Yoast SEO Premium plugin. -->","yoast_head_json":{"title":"Cadenas Bluetooth\u00ae 4401EURLHEC Master Lock","description":"Le cadenas Master Lock No. 4401EURLHEC Bluetooth\u00ae a un corps en m\u00e9tal d'une largeur de 56 mm pour plus de robustesse.Ces syst\u00e8mes de verrouillage r\u00e9sistent aux attaques physiques et aux piratages","robots":{"index":"index","follow":"follow","max-snippet":"max-snippet:-1","max-image-preview":"max-image-preview:large","max-video-preview":"max-video-preview:-1"},"canonical":"https:\/\/d-identify.be\/fr\/produit\/cadenas-bluetooth-4401eurlhec-master-lock\/","og_locale":"fr_FR","og_type":"article","og_title":"Cadenas Bluetooth\u00ae 4401EURLHEC Master Lock","og_description":"Le cadenas Master Lock No. 4401EURLHEC Bluetooth\u00ae a un corps en m\u00e9tal d'une largeur de 56 mm pour plus de robustesse.Ces syst\u00e8mes de verrouillage r\u00e9sistent aux attaques physiques et aux piratages","og_url":"https:\/\/d-identify.be\/fr\/produit\/cadenas-bluetooth-4401eurlhec-master-lock\/","og_site_name":"d-identify","og_image":[{"width":208,"height":285,"url":"https:\/\/d-identify.be\/wp-content\/uploads\/2021\/07\/MLEU_PRODUCT_4401DLH-EURLHENT_front_a89c5354-bcaa-449e-a302-5566c72d6e52.jpg","type":"image\/jpeg"}],"twitter_card":"summary_large_image","twitter_misc":{"Dur\u00e9e de lecture estim\u00e9e":"1 minute"},"schema":{"@context":"https:\/\/schema.org","@graph":[{"@type":"WebPage","@id":"https:\/\/d-identify.be\/fr\/produit\/cadenas-bluetooth-4401eurlhec-master-lock\/","url":"https:\/\/d-identify.be\/fr\/produit\/cadenas-bluetooth-4401eurlhec-master-lock\/","name":"Cadenas Bluetooth\u00ae 4401EURLHEC Master Lock","isPartOf":{"@id":"https:\/\/d-identify.be\/fr\/#website"},"primaryImageOfPage":{"@id":"https:\/\/d-identify.be\/fr\/produit\/cadenas-bluetooth-4401eurlhec-master-lock\/#primaryimage"},"image":{"@id":"https:\/\/d-identify.be\/fr\/produit\/cadenas-bluetooth-4401eurlhec-master-lock\/#primaryimage"},"thumbnailUrl":"https:\/\/d-identify.be\/wp-content\/uploads\/2021\/07\/MLEU_PRODUCT_4401DLH-EURLHENT_front_a89c5354-bcaa-449e-a302-5566c72d6e52.jpg","datePublished":"2021-07-26T10:38:41+00:00","description":"Le cadenas Master Lock No. 4401EURLHEC Bluetooth\u00ae a un corps en m\u00e9tal d'une largeur de 56 mm pour plus de robustesse.Ces syst\u00e8mes de verrouillage r\u00e9sistent aux attaques physiques et aux piratages","breadcrumb":{"@id":"https:\/\/d-identify.be\/fr\/produit\/cadenas-bluetooth-4401eurlhec-master-lock\/#breadcrumb"},"inLanguage":"fr-FR","potentialAction":[{"@type":"ReadAction","target":["https:\/\/d-identify.be\/fr\/produit\/cadenas-bluetooth-4401eurlhec-master-lock\/"]}]},{"@type":"ImageObject","inLanguage":"fr-FR","@id":"https:\/\/d-identify.be\/fr\/produit\/cadenas-bluetooth-4401eurlhec-master-lock\/#primaryimage","url":"https:\/\/d-identify.be\/wp-content\/uploads\/2021\/07\/MLEU_PRODUCT_4401DLH-EURLHENT_front_a89c5354-bcaa-449e-a302-5566c72d6e52.jpg","contentUrl":"https:\/\/d-identify.be\/wp-content\/uploads\/2021\/07\/MLEU_PRODUCT_4401DLH-EURLHENT_front_a89c5354-bcaa-449e-a302-5566c72d6e52.jpg","width":208,"height":285,"caption":"Cadenas Bluetooth\u00ae 4401EURLHEC Master Lock"},{"@type":"BreadcrumbList","@id":"https:\/\/d-identify.be\/fr\/produit\/cadenas-bluetooth-4401eurlhec-master-lock\/#breadcrumb","itemListElement":[{"@type":"ListItem","position":1,"name":"Home","item":"https:\/\/d-identify.be\/fr\/home-2\/"},{"@type":"ListItem","position":2,"name":"Boutique","item":"https:\/\/d-identify.be\/fr\/boutique\/"},{"@type":"ListItem","position":3,"name":"Cadenas Bluetooth\u00ae 4401EURLHEC Master Lock"}]},{"@type":"WebSite","@id":"https:\/\/d-identify.be\/fr\/#website","url":"https:\/\/d-identify.be\/fr\/","name":"d-identify","description":"Industrial identification - Lockout - Tagout - Floor marking","potentialAction":[{"@type":"SearchAction","target":{"@type":"EntryPoint","urlTemplate":"https:\/\/d-identify.be\/fr\/?s={search_term_string}"},"query-input":{"@type":"PropertyValueSpecification","valueRequired":true,"valueName":"search_term_string"}}],"inLanguage":"fr-FR"}]}},"_links":{"self":[{"href":"https:\/\/d-identify.be\/fr\/wp-json\/wp\/v2\/product\/49477","targetHints":{"allow":["GET"]}}],"collection":[{"href":"https:\/\/d-identify.be\/fr\/wp-json\/wp\/v2\/product"}],"about":[{"href":"https:\/\/d-identify.be\/fr\/wp-json\/wp\/v2\/types\/product"}],"replies":[{"embeddable":true,"href":"https:\/\/d-identify.be\/fr\/wp-json\/wp\/v2\/comments?post=49477"}],"wp:featuredmedia":[{"embeddable":true,"href":"https:\/\/d-identify.be\/fr\/wp-json\/wp\/v2\/media\/27570"}],"wp:attachment":[{"href":"https:\/\/d-identify.be\/fr\/wp-json\/wp\/v2\/media?parent=49477"}],"wp:term":[{"taxonomy":"product_brand","embeddable":true,"href":"https:\/\/d-identify.be\/fr\/wp-json\/wp\/v2\/product_brand?post=49477"},{"taxonomy":"product_cat","embeddable":true,"href":"https:\/\/d-identify.be\/fr\/wp-json\/wp\/v2\/product_cat?post=49477"},{"taxonomy":"product_tag","embeddable":true,"href":"https:\/\/d-identify.be\/fr\/wp-json\/wp\/v2\/product_tag?post=49477"},{"taxonomy":"pa_connextion-shapes","embeddable":true,"href":"https:\/\/d-identify.be\/fr\/wp-json\/wp\/v2\/pa_connextion-shapes?post=49477"}],"curies":[{"name":"wp","href":"https:\/\/api.w.org\/{rel}","templated":true}]}}