{"id":49421,"date":"2021-07-26T12:38:41","date_gmt":"2021-07-26T10:38:41","guid":{"rendered":"https:\/\/d-identify.be\/product\/rangement-securise-bluetooth-select-access174-smart-pour-les-cles-anse\/"},"modified":"2025-01-09T16:44:17","modified_gmt":"2025-01-09T14:44:17","slug":"master-lock-5440eurd-bluetooth","status":"publish","type":"product","link":"https:\/\/d-identify.be\/fr\/produit\/master-lock-5440eurd-bluetooth\/","title":{"rendered":"Rangement s\u00e9curis\u00e9 Bluetooth Select Access#174; Smart pour les cl\u00e9s &#8211; Anse"},"content":{"rendered":"<p>Le mod\u00e8le Master Lock N\u00b0 5440EURD Bluetooth portable Select Access Smart\u00ae est la solution id\u00e9ale pour partager l&rsquo;acc\u00e8s \u00e0 vos cl\u00e9s \u2013 ne les cachez plus sous votre paillasson ni sous un pot de fleurs ! Son anse permet une installation amovible. D\u00e9verrouillez et contr\u00f4lez votre Select Access Smart via votre smartphone pour partager des acc\u00e8s temporaires ou permanents. Il est possible d&rsquo;imm\u00e9diatement partager l&rsquo;acc\u00e8s avec jusqu&rsquo;\u00e0 15 invit\u00e9s. Suivez l\u2019historique d\u2019utilisation via l\u2019application et recevez des notifications qui vous indiquent quand et par qui les cl\u00e9s sont utilis\u00e9es. Sa grande capacit\u00e9 est adapt\u00e9e aux cartes d&rsquo;acc\u00e8s comme aux cl\u00e9s traditionnelles. La batterie dure longtemps, et est facile \u00e0 remplacer. Le bo\u00eetier de construction robuste est recouvert d\u2019une gaine protectrice pour pr\u00e9server les finitions de vos portes ou \u00e9quipements. Compatible avec l&rsquo;application gratuite Vault Home de Master Lock. La garantie limit\u00e9e de 2 ans vous garantit une tranquillit\u00e9 d&rsquo;esprit gr\u00e2ce \u00e0 une marque sur laquelle vous pouvez compter.<\/p>\n","protected":false},"excerpt":{"rendered":"<p>Le mod\u00e8le Master Lock N\u00b0 5440EURD Bluetooth portable Select Access Smart\u00ae est la solution id\u00e9ale pour partager l&rsquo;acc\u00e8s \u00e0 vos cl\u00e9s \u2013 ne les cachez plus sous votre paillasson ni sous un pot de fleurs ! Son anse permet une installation amovible. D\u00e9verrouillez et contr\u00f4lez votre Select Access Smart via votre smartphone pour partager des acc\u00e8s temporaires ou permanents. Il est possible d&rsquo;imm\u00e9diatement partager l&rsquo;acc\u00e8s avec jusqu&rsquo;\u00e0 15 invit\u00e9s. Suivez l\u2019historique d\u2019utilisation via l\u2019application et recevez des notifications qui vous indiquent quand et par qui les cl\u00e9s sont utilis\u00e9es. Sa grande capacit\u00e9 est adapt\u00e9e aux cartes d&rsquo;acc\u00e8s comme aux cl\u00e9s traditionnelles. La batterie dure longtemps, et est facile \u00e0 remplacer. Le bo\u00eetier de construction robuste est recouvert d\u2019une gaine protectrice pour pr\u00e9server les finitions de vos portes ou \u00e9quipements. Compatible avec l&rsquo;application gratuite Vault Home de Master Lock. La garantie limit\u00e9e de 2 ans vous garantit une tranquillit\u00e9 d&rsquo;esprit gr\u00e2ce \u00e0 une marque sur laquelle vous pouvez compter.          <\/p>\n","protected":false},"featured_media":27586,"comment_status":"open","ping_status":"closed","template":"","meta":{"_acf_changed":false,"_et_pb_use_builder":"","_et_pb_old_content":"","_et_gb_content_width":""},"product_brand":[],"product_cat":[642],"product_tag":[934],"pa_connextion-shapes":[],"class_list":{"0":"post-49421","1":"product","2":"type-product","3":"status-publish","4":"has-post-thumbnail","6":"product_cat-cadenas-bluetooth-master-lock","7":"product_tag-master-lock-fr","9":"first","10":"instock","11":"taxable","12":"shipping-taxable","13":"purchasable","14":"product-type-simple"},"exclude_global_add_ons":[],"addons":[],"acf":[],"yoast_head":"<!-- This site is optimized with the Yoast SEO Premium plugin v27.0 (Yoast SEO v27.1) - https:\/\/yoast.com\/product\/yoast-seo-premium-wordpress\/ -->\n<title>Rangement s\u00e9curis\u00e9 Bluetooth Select Access#174; Smart pour les cl\u00e9s - Anse<\/title>\n<meta name=\"description\" content=\"Le mod\u00e8le Master Lock N\u00b0 5440EURD Bluetooth portable Select Access Smart\u00ae est la solution id\u00e9ale pour partager l&#039;acc\u00e8s \u00e0 vos cl\u00e9s\" \/>\n<meta name=\"robots\" content=\"index, follow, max-snippet:-1, max-image-preview:large, max-video-preview:-1\" \/>\n<link rel=\"canonical\" href=\"https:\/\/d-identify.be\/fr\/produit\/master-lock-5440eurd-bluetooth\/\" \/>\n<meta property=\"og:locale\" content=\"fr_FR\" \/>\n<meta property=\"og:type\" content=\"article\" \/>\n<meta property=\"og:title\" content=\"Rangement s\u00e9curis\u00e9 Bluetooth Select Access#174; Smart pour les cl\u00e9s - Anse\" \/>\n<meta property=\"og:description\" content=\"Le mod\u00e8le Master Lock N\u00b0 5440EURD Bluetooth portable Select Access Smart\u00ae est la solution id\u00e9ale pour partager l&#039;acc\u00e8s \u00e0 vos cl\u00e9s\" \/>\n<meta property=\"og:url\" content=\"https:\/\/d-identify.be\/fr\/produit\/master-lock-5440eurd-bluetooth\/\" \/>\n<meta property=\"og:site_name\" content=\"d-identify\" \/>\n<meta property=\"article:modified_time\" content=\"2025-01-09T14:44:17+00:00\" \/>\n<meta property=\"og:image\" content=\"https:\/\/d-identify.be\/wp-content\/uploads\/2021\/07\/MLEU_PRODUCT_5440EURD.jpg\" \/>\n\t<meta property=\"og:image:width\" content=\"285\" \/>\n\t<meta property=\"og:image:height\" content=\"285\" \/>\n\t<meta property=\"og:image:type\" content=\"image\/jpeg\" \/>\n<meta name=\"twitter:card\" content=\"summary_large_image\" \/>\n<meta name=\"twitter:label1\" content=\"Dur\u00e9e de lecture estim\u00e9e\" \/>\n\t<meta name=\"twitter:data1\" content=\"1 minute\" \/>\n<script type=\"application\/ld+json\" class=\"yoast-schema-graph\">{\"@context\":\"https:\/\/schema.org\",\"@graph\":[{\"@type\":\"WebPage\",\"@id\":\"https:\/\/d-identify.be\/fr\/produit\/master-lock-5440eurd-bluetooth\/\",\"url\":\"https:\/\/d-identify.be\/fr\/produit\/master-lock-5440eurd-bluetooth\/\",\"name\":\"Rangement s\u00e9curis\u00e9 Bluetooth Select Access#174; Smart pour les cl\u00e9s - Anse\",\"isPartOf\":{\"@id\":\"https:\/\/d-identify.be\/fr\/#website\"},\"primaryImageOfPage\":{\"@id\":\"https:\/\/d-identify.be\/fr\/produit\/master-lock-5440eurd-bluetooth\/#primaryimage\"},\"image\":{\"@id\":\"https:\/\/d-identify.be\/fr\/produit\/master-lock-5440eurd-bluetooth\/#primaryimage\"},\"thumbnailUrl\":\"https:\/\/d-identify.be\/wp-content\/uploads\/2021\/07\/MLEU_PRODUCT_5440EURD.jpg\",\"datePublished\":\"2021-07-26T10:38:41+00:00\",\"dateModified\":\"2025-01-09T14:44:17+00:00\",\"description\":\"Le mod\u00e8le Master Lock N\u00b0 5440EURD Bluetooth portable Select Access Smart\u00ae est la solution id\u00e9ale pour partager l'acc\u00e8s \u00e0 vos cl\u00e9s\",\"breadcrumb\":{\"@id\":\"https:\/\/d-identify.be\/fr\/produit\/master-lock-5440eurd-bluetooth\/#breadcrumb\"},\"inLanguage\":\"fr-FR\",\"potentialAction\":[{\"@type\":\"ReadAction\",\"target\":[\"https:\/\/d-identify.be\/fr\/produit\/master-lock-5440eurd-bluetooth\/\"]}]},{\"@type\":\"ImageObject\",\"inLanguage\":\"fr-FR\",\"@id\":\"https:\/\/d-identify.be\/fr\/produit\/master-lock-5440eurd-bluetooth\/#primaryimage\",\"url\":\"https:\/\/d-identify.be\/wp-content\/uploads\/2021\/07\/MLEU_PRODUCT_5440EURD.jpg\",\"contentUrl\":\"https:\/\/d-identify.be\/wp-content\/uploads\/2021\/07\/MLEU_PRODUCT_5440EURD.jpg\",\"width\":285,\"height\":285,\"caption\":\"Bluetooth Key Lock Box - Select Access\u00ae Smart - Shackle\"},{\"@type\":\"BreadcrumbList\",\"@id\":\"https:\/\/d-identify.be\/fr\/produit\/master-lock-5440eurd-bluetooth\/#breadcrumb\",\"itemListElement\":[{\"@type\":\"ListItem\",\"position\":1,\"name\":\"Home\",\"item\":\"https:\/\/d-identify.be\/fr\/home-2\/\"},{\"@type\":\"ListItem\",\"position\":2,\"name\":\"Boutique\",\"item\":\"https:\/\/d-identify.be\/fr\/boutique\/\"},{\"@type\":\"ListItem\",\"position\":3,\"name\":\"Rangement s\u00e9curis\u00e9 Bluetooth Select Access#174; Smart pour les cl\u00e9s &#8211; Anse\"}]},{\"@type\":\"WebSite\",\"@id\":\"https:\/\/d-identify.be\/fr\/#website\",\"url\":\"https:\/\/d-identify.be\/fr\/\",\"name\":\"d-identify\",\"description\":\"Industrial identification - Lockout - Tagout - Floor marking\",\"potentialAction\":[{\"@type\":\"SearchAction\",\"target\":{\"@type\":\"EntryPoint\",\"urlTemplate\":\"https:\/\/d-identify.be\/fr\/?s={search_term_string}\"},\"query-input\":{\"@type\":\"PropertyValueSpecification\",\"valueRequired\":true,\"valueName\":\"search_term_string\"}}],\"inLanguage\":\"fr-FR\"}]}<\/script>\n<!-- \/ Yoast SEO Premium plugin. -->","yoast_head_json":{"title":"Rangement s\u00e9curis\u00e9 Bluetooth Select Access#174; Smart pour les cl\u00e9s - Anse","description":"Le mod\u00e8le Master Lock N\u00b0 5440EURD Bluetooth portable Select Access Smart\u00ae est la solution id\u00e9ale pour partager l'acc\u00e8s \u00e0 vos cl\u00e9s","robots":{"index":"index","follow":"follow","max-snippet":"max-snippet:-1","max-image-preview":"max-image-preview:large","max-video-preview":"max-video-preview:-1"},"canonical":"https:\/\/d-identify.be\/fr\/produit\/master-lock-5440eurd-bluetooth\/","og_locale":"fr_FR","og_type":"article","og_title":"Rangement s\u00e9curis\u00e9 Bluetooth Select Access#174; Smart pour les cl\u00e9s - Anse","og_description":"Le mod\u00e8le Master Lock N\u00b0 5440EURD Bluetooth portable Select Access Smart\u00ae est la solution id\u00e9ale pour partager l'acc\u00e8s \u00e0 vos cl\u00e9s","og_url":"https:\/\/d-identify.be\/fr\/produit\/master-lock-5440eurd-bluetooth\/","og_site_name":"d-identify","article_modified_time":"2025-01-09T14:44:17+00:00","og_image":[{"width":285,"height":285,"url":"https:\/\/d-identify.be\/wp-content\/uploads\/2021\/07\/MLEU_PRODUCT_5440EURD.jpg","type":"image\/jpeg"}],"twitter_card":"summary_large_image","twitter_misc":{"Dur\u00e9e de lecture estim\u00e9e":"1 minute"},"schema":{"@context":"https:\/\/schema.org","@graph":[{"@type":"WebPage","@id":"https:\/\/d-identify.be\/fr\/produit\/master-lock-5440eurd-bluetooth\/","url":"https:\/\/d-identify.be\/fr\/produit\/master-lock-5440eurd-bluetooth\/","name":"Rangement s\u00e9curis\u00e9 Bluetooth Select Access#174; Smart pour les cl\u00e9s - Anse","isPartOf":{"@id":"https:\/\/d-identify.be\/fr\/#website"},"primaryImageOfPage":{"@id":"https:\/\/d-identify.be\/fr\/produit\/master-lock-5440eurd-bluetooth\/#primaryimage"},"image":{"@id":"https:\/\/d-identify.be\/fr\/produit\/master-lock-5440eurd-bluetooth\/#primaryimage"},"thumbnailUrl":"https:\/\/d-identify.be\/wp-content\/uploads\/2021\/07\/MLEU_PRODUCT_5440EURD.jpg","datePublished":"2021-07-26T10:38:41+00:00","dateModified":"2025-01-09T14:44:17+00:00","description":"Le mod\u00e8le Master Lock N\u00b0 5440EURD Bluetooth portable Select Access Smart\u00ae est la solution id\u00e9ale pour partager l'acc\u00e8s \u00e0 vos cl\u00e9s","breadcrumb":{"@id":"https:\/\/d-identify.be\/fr\/produit\/master-lock-5440eurd-bluetooth\/#breadcrumb"},"inLanguage":"fr-FR","potentialAction":[{"@type":"ReadAction","target":["https:\/\/d-identify.be\/fr\/produit\/master-lock-5440eurd-bluetooth\/"]}]},{"@type":"ImageObject","inLanguage":"fr-FR","@id":"https:\/\/d-identify.be\/fr\/produit\/master-lock-5440eurd-bluetooth\/#primaryimage","url":"https:\/\/d-identify.be\/wp-content\/uploads\/2021\/07\/MLEU_PRODUCT_5440EURD.jpg","contentUrl":"https:\/\/d-identify.be\/wp-content\/uploads\/2021\/07\/MLEU_PRODUCT_5440EURD.jpg","width":285,"height":285,"caption":"Bluetooth Key Lock Box - Select Access\u00ae Smart - Shackle"},{"@type":"BreadcrumbList","@id":"https:\/\/d-identify.be\/fr\/produit\/master-lock-5440eurd-bluetooth\/#breadcrumb","itemListElement":[{"@type":"ListItem","position":1,"name":"Home","item":"https:\/\/d-identify.be\/fr\/home-2\/"},{"@type":"ListItem","position":2,"name":"Boutique","item":"https:\/\/d-identify.be\/fr\/boutique\/"},{"@type":"ListItem","position":3,"name":"Rangement s\u00e9curis\u00e9 Bluetooth Select Access#174; Smart pour les cl\u00e9s &#8211; Anse"}]},{"@type":"WebSite","@id":"https:\/\/d-identify.be\/fr\/#website","url":"https:\/\/d-identify.be\/fr\/","name":"d-identify","description":"Industrial identification - Lockout - Tagout - Floor marking","potentialAction":[{"@type":"SearchAction","target":{"@type":"EntryPoint","urlTemplate":"https:\/\/d-identify.be\/fr\/?s={search_term_string}"},"query-input":{"@type":"PropertyValueSpecification","valueRequired":true,"valueName":"search_term_string"}}],"inLanguage":"fr-FR"}]}},"_links":{"self":[{"href":"https:\/\/d-identify.be\/fr\/wp-json\/wp\/v2\/product\/49421","targetHints":{"allow":["GET"]}}],"collection":[{"href":"https:\/\/d-identify.be\/fr\/wp-json\/wp\/v2\/product"}],"about":[{"href":"https:\/\/d-identify.be\/fr\/wp-json\/wp\/v2\/types\/product"}],"replies":[{"embeddable":true,"href":"https:\/\/d-identify.be\/fr\/wp-json\/wp\/v2\/comments?post=49421"}],"wp:featuredmedia":[{"embeddable":true,"href":"https:\/\/d-identify.be\/fr\/wp-json\/wp\/v2\/media\/27586"}],"wp:attachment":[{"href":"https:\/\/d-identify.be\/fr\/wp-json\/wp\/v2\/media?parent=49421"}],"wp:term":[{"taxonomy":"product_brand","embeddable":true,"href":"https:\/\/d-identify.be\/fr\/wp-json\/wp\/v2\/product_brand?post=49421"},{"taxonomy":"product_cat","embeddable":true,"href":"https:\/\/d-identify.be\/fr\/wp-json\/wp\/v2\/product_cat?post=49421"},{"taxonomy":"product_tag","embeddable":true,"href":"https:\/\/d-identify.be\/fr\/wp-json\/wp\/v2\/product_tag?post=49421"},{"taxonomy":"pa_connextion-shapes","embeddable":true,"href":"https:\/\/d-identify.be\/fr\/wp-json\/wp\/v2\/pa_connextion-shapes?post=49421"}],"curies":[{"name":"wp","href":"https:\/\/api.w.org\/{rel}","templated":true}]}}