{"id":49417,"date":"2021-07-26T12:38:42","date_gmt":"2021-07-26T11:38:42","guid":{"rendered":"https:\/\/d-identify.be\/product\/master-lock-5441eurec-bluetooth-coffre-a-cles-mural\/"},"modified":"2021-07-26T12:38:42","modified_gmt":"2021-07-26T10:38:42","slug":"master-lock-5441eurec-bluetooth-coffre-a-cles-mural","status":"publish","type":"product","link":"https:\/\/d-identify.be\/fr\/produit\/master-lock-5441eurec-bluetooth-coffre-a-cles-mural\/","title":{"rendered":"Master Lock 5441EUREC Bluetooth Coffre \u00e0 cl\u00e9s mural"},"content":{"rendered":"<p>Coffre \u00e0 cl\u00e9s mural Bluetooth\u00ae Master Lock 5441EUREC pour applications professionnelles avec un bo\u00eetier m\u00e9tallique de 83 mm de large pour une durabilit\u00e9 accrue. Le syst\u00e8me Master Lock Vault Enterprise est con\u00e7u <b>pour g\u00e9rer de nombreux cadenas et utilisateurs<\/b> avec une s\u00e9curit\u00e9, une simplicit\u00e9 et une responsabilit\u00e9 in\u00e9gal\u00e9es. Les administrateurs contr\u00f4lent l&rsquo;acc\u00e8s individuel ou global via notre interface web pratique, tandis que les utilisateurs b\u00e9n\u00e9ficient d&rsquo;un acc\u00e8s simple et s\u00e9curis\u00e9 aux cadenas ou coffres qui leur sont assign\u00e9s.  <\/p>\n","protected":false},"excerpt":{"rendered":"<p>Coffre \u00e0 cl\u00e9s mural Bluetooth\u00ae Master Lock 5441EUREC pour applications professionnelles avec un bo\u00eetier m\u00e9tallique de 83 mm de large pour une durabilit\u00e9 accrue. Le syst\u00e8me Master Lock Vault Enterprise est con\u00e7u <b>pour g\u00e9rer de nombreux cadenas et utilisateurs<\/b> avec une s\u00e9curit\u00e9, une simplicit\u00e9 et une responsabilit\u00e9 in\u00e9gal\u00e9es. Les administrateurs contr\u00f4lent l&rsquo;acc\u00e8s individuel ou global via notre interface web pratique, tandis que les utilisateurs b\u00e9n\u00e9ficient d&rsquo;un acc\u00e8s simple et s\u00e9curis\u00e9 aux cadenas ou coffres qui leur sont assign\u00e9s.Comprend l&rsquo;application Master Lock Vault Enterprise pour iOS et Android, ainsi qu&rsquo;une interface web, con\u00e7ues pour les applications professionnelles n\u00e9cessitant de nombreux cadenas et utilisateurs.  <\/p>\n<p>&nbsp;<\/p>\n","protected":false},"featured_media":27566,"comment_status":"open","ping_status":"closed","template":"","meta":{"_acf_changed":false,"_et_pb_use_builder":"","_et_pb_old_content":"","_et_gb_content_width":""},"product_brand":[],"product_cat":[642],"product_tag":[934],"pa_connextion-shapes":[],"class_list":{"0":"post-49417","1":"product","2":"type-product","3":"status-publish","4":"has-post-thumbnail","6":"product_cat-cadenas-bluetooth-master-lock","7":"product_tag-master-lock-fr","9":"first","10":"instock","11":"featured","12":"taxable","13":"shipping-taxable","14":"purchasable","15":"product-type-simple"},"exclude_global_add_ons":[],"addons":[],"acf":[],"yoast_head":"<!-- This site is optimized with the Yoast SEO Premium plugin v27.0 (Yoast SEO v27.1) - https:\/\/yoast.com\/product\/yoast-seo-premium-wordpress\/ -->\n<title>Master Lock 5441EUREC Bluetooth Coffre \u00e0 cl\u00e9s mural<\/title>\n<meta name=\"description\" content=\"Coffre \u00e0 cl\u00e9s mural Bluetooth\u00ae Master Lock 5441EUREC pour applications professionnelles avec un bo\u00eetier m\u00e9tallique de 83 mm de large pour une durabilit\u00e9 accrue.\" \/>\n<meta name=\"robots\" content=\"index, follow, max-snippet:-1, max-image-preview:large, max-video-preview:-1\" \/>\n<link rel=\"canonical\" href=\"https:\/\/d-identify.be\/fr\/produit\/master-lock-5441eurec-bluetooth-coffre-a-cles-mural\/\" \/>\n<meta property=\"og:locale\" content=\"fr_FR\" \/>\n<meta property=\"og:type\" content=\"article\" \/>\n<meta property=\"og:title\" content=\"Master Lock 5441EUREC Bluetooth Coffre \u00e0 cl\u00e9s mural\" \/>\n<meta property=\"og:description\" content=\"Coffre \u00e0 cl\u00e9s mural Bluetooth\u00ae Master Lock 5441EUREC pour applications professionnelles avec un bo\u00eetier m\u00e9tallique de 83 mm de large pour une durabilit\u00e9 accrue.\" \/>\n<meta property=\"og:url\" content=\"https:\/\/d-identify.be\/fr\/produit\/master-lock-5441eurec-bluetooth-coffre-a-cles-mural\/\" \/>\n<meta property=\"og:site_name\" content=\"d-identify\" \/>\n<meta property=\"og:image\" content=\"https:\/\/d-identify.be\/wp-content\/uploads\/2021\/07\/MLEU_PRODUCT_5441EURD-EURENT.jpg\" \/>\n\t<meta property=\"og:image:width\" content=\"285\" \/>\n\t<meta property=\"og:image:height\" content=\"285\" \/>\n\t<meta property=\"og:image:type\" content=\"image\/jpeg\" \/>\n<meta name=\"twitter:card\" content=\"summary_large_image\" \/>\n<script type=\"application\/ld+json\" class=\"yoast-schema-graph\">{\"@context\":\"https:\/\/schema.org\",\"@graph\":[{\"@type\":\"WebPage\",\"@id\":\"https:\/\/d-identify.be\/fr\/produit\/master-lock-5441eurec-bluetooth-coffre-a-cles-mural\/\",\"url\":\"https:\/\/d-identify.be\/fr\/produit\/master-lock-5441eurec-bluetooth-coffre-a-cles-mural\/\",\"name\":\"Master Lock 5441EUREC Bluetooth Coffre \u00e0 cl\u00e9s mural\",\"isPartOf\":{\"@id\":\"https:\/\/d-identify.be\/fr\/#website\"},\"primaryImageOfPage\":{\"@id\":\"https:\/\/d-identify.be\/fr\/produit\/master-lock-5441eurec-bluetooth-coffre-a-cles-mural\/#primaryimage\"},\"image\":{\"@id\":\"https:\/\/d-identify.be\/fr\/produit\/master-lock-5441eurec-bluetooth-coffre-a-cles-mural\/#primaryimage\"},\"thumbnailUrl\":\"https:\/\/d-identify.be\/wp-content\/uploads\/2021\/07\/MLEU_PRODUCT_5441EURD-EURENT.jpg\",\"datePublished\":\"2021-07-26T11:38:42+00:00\",\"description\":\"Coffre \u00e0 cl\u00e9s mural Bluetooth\u00ae Master Lock 5441EUREC pour applications professionnelles avec un bo\u00eetier m\u00e9tallique de 83 mm de large pour une durabilit\u00e9 accrue.\",\"breadcrumb\":{\"@id\":\"https:\/\/d-identify.be\/fr\/produit\/master-lock-5441eurec-bluetooth-coffre-a-cles-mural\/#breadcrumb\"},\"inLanguage\":\"fr-FR\",\"potentialAction\":[{\"@type\":\"ReadAction\",\"target\":[\"https:\/\/d-identify.be\/fr\/produit\/master-lock-5441eurec-bluetooth-coffre-a-cles-mural\/\"]}]},{\"@type\":\"ImageObject\",\"inLanguage\":\"fr-FR\",\"@id\":\"https:\/\/d-identify.be\/fr\/produit\/master-lock-5441eurec-bluetooth-coffre-a-cles-mural\/#primaryimage\",\"url\":\"https:\/\/d-identify.be\/wp-content\/uploads\/2021\/07\/MLEU_PRODUCT_5441EURD-EURENT.jpg\",\"contentUrl\":\"https:\/\/d-identify.be\/wp-content\/uploads\/2021\/07\/MLEU_PRODUCT_5441EURD-EURENT.jpg\",\"width\":285,\"height\":285,\"caption\":\"Master Lock 5441EUREC Coffre \u00e0 cl\u00e9s mural\"},{\"@type\":\"BreadcrumbList\",\"@id\":\"https:\/\/d-identify.be\/fr\/produit\/master-lock-5441eurec-bluetooth-coffre-a-cles-mural\/#breadcrumb\",\"itemListElement\":[{\"@type\":\"ListItem\",\"position\":1,\"name\":\"Home\",\"item\":\"https:\/\/d-identify.be\/fr\/home-2\/\"},{\"@type\":\"ListItem\",\"position\":2,\"name\":\"Boutique\",\"item\":\"https:\/\/d-identify.be\/fr\/boutique\/\"},{\"@type\":\"ListItem\",\"position\":3,\"name\":\"Master Lock 5441EUREC Bluetooth Coffre \u00e0 cl\u00e9s mural\"}]},{\"@type\":\"WebSite\",\"@id\":\"https:\/\/d-identify.be\/fr\/#website\",\"url\":\"https:\/\/d-identify.be\/fr\/\",\"name\":\"d-identify\",\"description\":\"Industrial identification - Lockout - Tagout - Floor marking\",\"potentialAction\":[{\"@type\":\"SearchAction\",\"target\":{\"@type\":\"EntryPoint\",\"urlTemplate\":\"https:\/\/d-identify.be\/fr\/?s={search_term_string}\"},\"query-input\":{\"@type\":\"PropertyValueSpecification\",\"valueRequired\":true,\"valueName\":\"search_term_string\"}}],\"inLanguage\":\"fr-FR\"}]}<\/script>\n<!-- \/ Yoast SEO Premium plugin. -->","yoast_head_json":{"title":"Master Lock 5441EUREC Bluetooth Coffre \u00e0 cl\u00e9s mural","description":"Coffre \u00e0 cl\u00e9s mural Bluetooth\u00ae Master Lock 5441EUREC pour applications professionnelles avec un bo\u00eetier m\u00e9tallique de 83 mm de large pour une durabilit\u00e9 accrue.","robots":{"index":"index","follow":"follow","max-snippet":"max-snippet:-1","max-image-preview":"max-image-preview:large","max-video-preview":"max-video-preview:-1"},"canonical":"https:\/\/d-identify.be\/fr\/produit\/master-lock-5441eurec-bluetooth-coffre-a-cles-mural\/","og_locale":"fr_FR","og_type":"article","og_title":"Master Lock 5441EUREC Bluetooth Coffre \u00e0 cl\u00e9s mural","og_description":"Coffre \u00e0 cl\u00e9s mural Bluetooth\u00ae Master Lock 5441EUREC pour applications professionnelles avec un bo\u00eetier m\u00e9tallique de 83 mm de large pour une durabilit\u00e9 accrue.","og_url":"https:\/\/d-identify.be\/fr\/produit\/master-lock-5441eurec-bluetooth-coffre-a-cles-mural\/","og_site_name":"d-identify","og_image":[{"width":285,"height":285,"url":"https:\/\/d-identify.be\/wp-content\/uploads\/2021\/07\/MLEU_PRODUCT_5441EURD-EURENT.jpg","type":"image\/jpeg"}],"twitter_card":"summary_large_image","schema":{"@context":"https:\/\/schema.org","@graph":[{"@type":"WebPage","@id":"https:\/\/d-identify.be\/fr\/produit\/master-lock-5441eurec-bluetooth-coffre-a-cles-mural\/","url":"https:\/\/d-identify.be\/fr\/produit\/master-lock-5441eurec-bluetooth-coffre-a-cles-mural\/","name":"Master Lock 5441EUREC Bluetooth Coffre \u00e0 cl\u00e9s mural","isPartOf":{"@id":"https:\/\/d-identify.be\/fr\/#website"},"primaryImageOfPage":{"@id":"https:\/\/d-identify.be\/fr\/produit\/master-lock-5441eurec-bluetooth-coffre-a-cles-mural\/#primaryimage"},"image":{"@id":"https:\/\/d-identify.be\/fr\/produit\/master-lock-5441eurec-bluetooth-coffre-a-cles-mural\/#primaryimage"},"thumbnailUrl":"https:\/\/d-identify.be\/wp-content\/uploads\/2021\/07\/MLEU_PRODUCT_5441EURD-EURENT.jpg","datePublished":"2021-07-26T11:38:42+00:00","description":"Coffre \u00e0 cl\u00e9s mural Bluetooth\u00ae Master Lock 5441EUREC pour applications professionnelles avec un bo\u00eetier m\u00e9tallique de 83 mm de large pour une durabilit\u00e9 accrue.","breadcrumb":{"@id":"https:\/\/d-identify.be\/fr\/produit\/master-lock-5441eurec-bluetooth-coffre-a-cles-mural\/#breadcrumb"},"inLanguage":"fr-FR","potentialAction":[{"@type":"ReadAction","target":["https:\/\/d-identify.be\/fr\/produit\/master-lock-5441eurec-bluetooth-coffre-a-cles-mural\/"]}]},{"@type":"ImageObject","inLanguage":"fr-FR","@id":"https:\/\/d-identify.be\/fr\/produit\/master-lock-5441eurec-bluetooth-coffre-a-cles-mural\/#primaryimage","url":"https:\/\/d-identify.be\/wp-content\/uploads\/2021\/07\/MLEU_PRODUCT_5441EURD-EURENT.jpg","contentUrl":"https:\/\/d-identify.be\/wp-content\/uploads\/2021\/07\/MLEU_PRODUCT_5441EURD-EURENT.jpg","width":285,"height":285,"caption":"Master Lock 5441EUREC Coffre \u00e0 cl\u00e9s mural"},{"@type":"BreadcrumbList","@id":"https:\/\/d-identify.be\/fr\/produit\/master-lock-5441eurec-bluetooth-coffre-a-cles-mural\/#breadcrumb","itemListElement":[{"@type":"ListItem","position":1,"name":"Home","item":"https:\/\/d-identify.be\/fr\/home-2\/"},{"@type":"ListItem","position":2,"name":"Boutique","item":"https:\/\/d-identify.be\/fr\/boutique\/"},{"@type":"ListItem","position":3,"name":"Master Lock 5441EUREC Bluetooth Coffre \u00e0 cl\u00e9s mural"}]},{"@type":"WebSite","@id":"https:\/\/d-identify.be\/fr\/#website","url":"https:\/\/d-identify.be\/fr\/","name":"d-identify","description":"Industrial identification - Lockout - Tagout - Floor marking","potentialAction":[{"@type":"SearchAction","target":{"@type":"EntryPoint","urlTemplate":"https:\/\/d-identify.be\/fr\/?s={search_term_string}"},"query-input":{"@type":"PropertyValueSpecification","valueRequired":true,"valueName":"search_term_string"}}],"inLanguage":"fr-FR"}]}},"_links":{"self":[{"href":"https:\/\/d-identify.be\/fr\/wp-json\/wp\/v2\/product\/49417","targetHints":{"allow":["GET"]}}],"collection":[{"href":"https:\/\/d-identify.be\/fr\/wp-json\/wp\/v2\/product"}],"about":[{"href":"https:\/\/d-identify.be\/fr\/wp-json\/wp\/v2\/types\/product"}],"replies":[{"embeddable":true,"href":"https:\/\/d-identify.be\/fr\/wp-json\/wp\/v2\/comments?post=49417"}],"wp:featuredmedia":[{"embeddable":true,"href":"https:\/\/d-identify.be\/fr\/wp-json\/wp\/v2\/media\/27566"}],"wp:attachment":[{"href":"https:\/\/d-identify.be\/fr\/wp-json\/wp\/v2\/media?parent=49417"}],"wp:term":[{"taxonomy":"product_brand","embeddable":true,"href":"https:\/\/d-identify.be\/fr\/wp-json\/wp\/v2\/product_brand?post=49417"},{"taxonomy":"product_cat","embeddable":true,"href":"https:\/\/d-identify.be\/fr\/wp-json\/wp\/v2\/product_cat?post=49417"},{"taxonomy":"product_tag","embeddable":true,"href":"https:\/\/d-identify.be\/fr\/wp-json\/wp\/v2\/product_tag?post=49417"},{"taxonomy":"pa_connextion-shapes","embeddable":true,"href":"https:\/\/d-identify.be\/fr\/wp-json\/wp\/v2\/pa_connextion-shapes?post=49417"}],"curies":[{"name":"wp","href":"https:\/\/api.w.org\/{rel}","templated":true}]}}