{"id":49372,"date":"2021-07-26T12:38:36","date_gmt":"2021-07-26T10:38:36","guid":{"rendered":"https:\/\/d-identify.be\/product\/applicateur-detiquettes-pour-bouteilles-a200\/"},"modified":"2025-01-07T19:02:45","modified_gmt":"2025-01-07T17:02:45","slug":"applicateur-detiquettes-pour-bouteilles-a200","status":"publish","type":"product","link":"https:\/\/d-identify.be\/fr\/produit\/applicateur-detiquettes-pour-bouteilles-a200\/","title":{"rendered":"Applicateur d&rsquo;\u00e9tiquettes pour bouteilles A200"},"content":{"rendered":"<div>\n<h2>Appliquez facilement et de mani\u00e8re consistante des \u00e9tiquettes sur des objets cylindriques.<\/h2>\n<p>L&rsquo;A200 est une machine \u00e0 \u00e9tiqueter semi-automatique con\u00e7ue pour appliquer des \u00e9tiquettes en rouleaux sur des bouteilles, des bo\u00eetes, des pots et d&rsquo;autres types de contenants cylindriques. Il est possible d&rsquo;appliquer des \u00e9tiquettes simples ainsi que des \u00e9tiquettes avant et arri\u00e8re. L&rsquo;utilisation est facilit\u00e9e par une simple pression sur un bouton ou avec la p\u00e9dale incluse. Le capteur m\u00e9dia ultrasonique est facilement programmable pour d\u00e9tecter les \u00e9carts dans une gamme plus large de supports, permettant \u00e0 l&rsquo;A200 de fonctionner de mani\u00e8re constante, m\u00eame sur des mat\u00e9riaux fins. Les \u00e9tiquettes sont appos\u00e9es de mani\u00e8re uniforme, efficace et avec une pr\u00e9cision constante.<\/p>\n<\/div>\n<div style=\"text-align: center;\"><\/div>\n<div style=\"text-align: left;\"><\/div>\n","protected":false},"excerpt":{"rendered":"<p>L&rsquo;A200 est une machine \u00e0 \u00e9tiqueter semi-automatique con\u00e7ue pour appliquer des \u00e9tiquettes en rouleau sur des bouteilles, des canettes, des pots et d&rsquo;autres types de contenants cylindriques. Elle permet d&rsquo;appliquer des \u00e9tiquettes simples ou des \u00e9tiquettes avant et arri\u00e8re avec une simple pression sur un bouton ou \u00e0 l&rsquo;aide de la p\u00e9dale fournie.<\/p>\n","protected":false},"featured_media":25761,"comment_status":"open","ping_status":"closed","template":"","meta":{"_acf_changed":false,"_et_pb_use_builder":"","_et_pb_old_content":"","_et_gb_content_width":""},"product_brand":[],"product_cat":[717,620],"product_tag":[866],"pa_connextion-shapes":[],"class_list":{"0":"post-49372","1":"product","2":"type-product","3":"status-publish","4":"has-post-thumbnail","6":"product_cat-applicateurs-detiquettes","7":"product_cat-imprimantes-detiquettes-jet-dencre","8":"product_tag-afinia-fr","10":"first","11":"instock","12":"taxable","13":"shipping-taxable","14":"purchasable","15":"product-type-simple"},"exclude_global_add_ons":[],"addons":[],"acf":[],"yoast_head":"<!-- This site is optimized with the Yoast SEO Premium plugin v27.0 (Yoast SEO v27.1) - https:\/\/yoast.com\/product\/yoast-seo-premium-wordpress\/ -->\n<title>Applicateur d&#039;\u00e9tiquettes pour bouteilles A200 - d-identify<\/title>\n<meta name=\"description\" content=\"L&#039;Applicateur d&#039;\u00e9tiquettes pour bouteilles A200 est une machine \u00e0 \u00e9tiqueter semi-automatique con\u00e7ue pour appliquer des \u00e9tiquettes sur des types de contenants cylindriques.\" \/>\n<meta name=\"robots\" content=\"index, follow, max-snippet:-1, max-image-preview:large, max-video-preview:-1\" \/>\n<link rel=\"canonical\" href=\"https:\/\/d-identify.be\/fr\/produit\/applicateur-detiquettes-pour-bouteilles-a200\/\" \/>\n<meta property=\"og:locale\" content=\"fr_FR\" \/>\n<meta property=\"og:type\" content=\"article\" \/>\n<meta property=\"og:title\" content=\"Applicateur d&#039;\u00e9tiquettes pour bouteilles A200\" \/>\n<meta property=\"og:description\" content=\"L&#039;Applicateur d&#039;\u00e9tiquettes pour bouteilles A200 est une machine \u00e0 \u00e9tiqueter semi-automatique con\u00e7ue pour appliquer des \u00e9tiquettes sur des types de contenants cylindriques.\" \/>\n<meta property=\"og:url\" content=\"https:\/\/d-identify.be\/fr\/produit\/applicateur-detiquettes-pour-bouteilles-a200\/\" \/>\n<meta property=\"og:site_name\" content=\"d-identify\" \/>\n<meta property=\"article:modified_time\" content=\"2025-01-07T17:02:45+00:00\" \/>\n<meta property=\"og:image\" content=\"https:\/\/d-identify.be\/wp-content\/uploads\/2021\/07\/A200-3bottles-1000px.webp\" \/>\n\t<meta property=\"og:image:width\" content=\"1000\" \/>\n\t<meta property=\"og:image:height\" content=\"751\" \/>\n\t<meta property=\"og:image:type\" content=\"image\/webp\" \/>\n<meta name=\"twitter:card\" content=\"summary_large_image\" \/>\n<meta name=\"twitter:label1\" content=\"Dur\u00e9e de lecture estim\u00e9e\" \/>\n\t<meta name=\"twitter:data1\" content=\"1 minute\" \/>\n<script type=\"application\/ld+json\" class=\"yoast-schema-graph\">{\"@context\":\"https:\/\/schema.org\",\"@graph\":[{\"@type\":\"WebPage\",\"@id\":\"https:\/\/d-identify.be\/fr\/produit\/applicateur-detiquettes-pour-bouteilles-a200\/\",\"url\":\"https:\/\/d-identify.be\/fr\/produit\/applicateur-detiquettes-pour-bouteilles-a200\/\",\"name\":\"Applicateur d'\u00e9tiquettes pour bouteilles A200 - d-identify\",\"isPartOf\":{\"@id\":\"https:\/\/d-identify.be\/fr\/#website\"},\"primaryImageOfPage\":{\"@id\":\"https:\/\/d-identify.be\/fr\/produit\/applicateur-detiquettes-pour-bouteilles-a200\/#primaryimage\"},\"image\":{\"@id\":\"https:\/\/d-identify.be\/fr\/produit\/applicateur-detiquettes-pour-bouteilles-a200\/#primaryimage\"},\"thumbnailUrl\":\"https:\/\/d-identify.be\/wp-content\/uploads\/2021\/07\/A200-3bottles-1000px.webp\",\"datePublished\":\"2021-07-26T10:38:36+00:00\",\"dateModified\":\"2025-01-07T17:02:45+00:00\",\"description\":\"L'Applicateur d'\u00e9tiquettes pour bouteilles A200 est une machine \u00e0 \u00e9tiqueter semi-automatique con\u00e7ue pour appliquer des \u00e9tiquettes sur des types de contenants cylindriques.\",\"breadcrumb\":{\"@id\":\"https:\/\/d-identify.be\/fr\/produit\/applicateur-detiquettes-pour-bouteilles-a200\/#breadcrumb\"},\"inLanguage\":\"fr-FR\",\"potentialAction\":[{\"@type\":\"ReadAction\",\"target\":[\"https:\/\/d-identify.be\/fr\/produit\/applicateur-detiquettes-pour-bouteilles-a200\/\"]}]},{\"@type\":\"ImageObject\",\"inLanguage\":\"fr-FR\",\"@id\":\"https:\/\/d-identify.be\/fr\/produit\/applicateur-detiquettes-pour-bouteilles-a200\/#primaryimage\",\"url\":\"https:\/\/d-identify.be\/wp-content\/uploads\/2021\/07\/A200-3bottles-1000px.webp\",\"contentUrl\":\"https:\/\/d-identify.be\/wp-content\/uploads\/2021\/07\/A200-3bottles-1000px.webp\",\"width\":1000,\"height\":751,\"caption\":\"applicateur d'\u00e9tiquettes pour bouteilles\"},{\"@type\":\"BreadcrumbList\",\"@id\":\"https:\/\/d-identify.be\/fr\/produit\/applicateur-detiquettes-pour-bouteilles-a200\/#breadcrumb\",\"itemListElement\":[{\"@type\":\"ListItem\",\"position\":1,\"name\":\"Home\",\"item\":\"https:\/\/d-identify.be\/fr\/home-2\/\"},{\"@type\":\"ListItem\",\"position\":2,\"name\":\"Boutique\",\"item\":\"https:\/\/d-identify.be\/fr\/boutique\/\"},{\"@type\":\"ListItem\",\"position\":3,\"name\":\"Applicateur d&#8217;\u00e9tiquettes pour bouteilles A200\"}]},{\"@type\":\"WebSite\",\"@id\":\"https:\/\/d-identify.be\/fr\/#website\",\"url\":\"https:\/\/d-identify.be\/fr\/\",\"name\":\"d-identify\",\"description\":\"Industrial identification - Lockout - Tagout - Floor marking\",\"potentialAction\":[{\"@type\":\"SearchAction\",\"target\":{\"@type\":\"EntryPoint\",\"urlTemplate\":\"https:\/\/d-identify.be\/fr\/?s={search_term_string}\"},\"query-input\":{\"@type\":\"PropertyValueSpecification\",\"valueRequired\":true,\"valueName\":\"search_term_string\"}}],\"inLanguage\":\"fr-FR\"}]}<\/script>\n<!-- \/ Yoast SEO Premium plugin. -->","yoast_head_json":{"title":"Applicateur d'\u00e9tiquettes pour bouteilles A200 - d-identify","description":"L'Applicateur d'\u00e9tiquettes pour bouteilles A200 est une machine \u00e0 \u00e9tiqueter semi-automatique con\u00e7ue pour appliquer des \u00e9tiquettes sur des types de contenants cylindriques.","robots":{"index":"index","follow":"follow","max-snippet":"max-snippet:-1","max-image-preview":"max-image-preview:large","max-video-preview":"max-video-preview:-1"},"canonical":"https:\/\/d-identify.be\/fr\/produit\/applicateur-detiquettes-pour-bouteilles-a200\/","og_locale":"fr_FR","og_type":"article","og_title":"Applicateur d'\u00e9tiquettes pour bouteilles A200","og_description":"L'Applicateur d'\u00e9tiquettes pour bouteilles A200 est une machine \u00e0 \u00e9tiqueter semi-automatique con\u00e7ue pour appliquer des \u00e9tiquettes sur des types de contenants cylindriques.","og_url":"https:\/\/d-identify.be\/fr\/produit\/applicateur-detiquettes-pour-bouteilles-a200\/","og_site_name":"d-identify","article_modified_time":"2025-01-07T17:02:45+00:00","og_image":[{"width":1000,"height":751,"url":"https:\/\/d-identify.be\/wp-content\/uploads\/2021\/07\/A200-3bottles-1000px.webp","type":"image\/webp"}],"twitter_card":"summary_large_image","twitter_misc":{"Dur\u00e9e de lecture estim\u00e9e":"1 minute"},"schema":{"@context":"https:\/\/schema.org","@graph":[{"@type":"WebPage","@id":"https:\/\/d-identify.be\/fr\/produit\/applicateur-detiquettes-pour-bouteilles-a200\/","url":"https:\/\/d-identify.be\/fr\/produit\/applicateur-detiquettes-pour-bouteilles-a200\/","name":"Applicateur d'\u00e9tiquettes pour bouteilles A200 - d-identify","isPartOf":{"@id":"https:\/\/d-identify.be\/fr\/#website"},"primaryImageOfPage":{"@id":"https:\/\/d-identify.be\/fr\/produit\/applicateur-detiquettes-pour-bouteilles-a200\/#primaryimage"},"image":{"@id":"https:\/\/d-identify.be\/fr\/produit\/applicateur-detiquettes-pour-bouteilles-a200\/#primaryimage"},"thumbnailUrl":"https:\/\/d-identify.be\/wp-content\/uploads\/2021\/07\/A200-3bottles-1000px.webp","datePublished":"2021-07-26T10:38:36+00:00","dateModified":"2025-01-07T17:02:45+00:00","description":"L'Applicateur d'\u00e9tiquettes pour bouteilles A200 est une machine \u00e0 \u00e9tiqueter semi-automatique con\u00e7ue pour appliquer des \u00e9tiquettes sur des types de contenants cylindriques.","breadcrumb":{"@id":"https:\/\/d-identify.be\/fr\/produit\/applicateur-detiquettes-pour-bouteilles-a200\/#breadcrumb"},"inLanguage":"fr-FR","potentialAction":[{"@type":"ReadAction","target":["https:\/\/d-identify.be\/fr\/produit\/applicateur-detiquettes-pour-bouteilles-a200\/"]}]},{"@type":"ImageObject","inLanguage":"fr-FR","@id":"https:\/\/d-identify.be\/fr\/produit\/applicateur-detiquettes-pour-bouteilles-a200\/#primaryimage","url":"https:\/\/d-identify.be\/wp-content\/uploads\/2021\/07\/A200-3bottles-1000px.webp","contentUrl":"https:\/\/d-identify.be\/wp-content\/uploads\/2021\/07\/A200-3bottles-1000px.webp","width":1000,"height":751,"caption":"applicateur d'\u00e9tiquettes pour bouteilles"},{"@type":"BreadcrumbList","@id":"https:\/\/d-identify.be\/fr\/produit\/applicateur-detiquettes-pour-bouteilles-a200\/#breadcrumb","itemListElement":[{"@type":"ListItem","position":1,"name":"Home","item":"https:\/\/d-identify.be\/fr\/home-2\/"},{"@type":"ListItem","position":2,"name":"Boutique","item":"https:\/\/d-identify.be\/fr\/boutique\/"},{"@type":"ListItem","position":3,"name":"Applicateur d&#8217;\u00e9tiquettes pour bouteilles A200"}]},{"@type":"WebSite","@id":"https:\/\/d-identify.be\/fr\/#website","url":"https:\/\/d-identify.be\/fr\/","name":"d-identify","description":"Industrial identification - Lockout - Tagout - Floor marking","potentialAction":[{"@type":"SearchAction","target":{"@type":"EntryPoint","urlTemplate":"https:\/\/d-identify.be\/fr\/?s={search_term_string}"},"query-input":{"@type":"PropertyValueSpecification","valueRequired":true,"valueName":"search_term_string"}}],"inLanguage":"fr-FR"}]}},"_links":{"self":[{"href":"https:\/\/d-identify.be\/fr\/wp-json\/wp\/v2\/product\/49372","targetHints":{"allow":["GET"]}}],"collection":[{"href":"https:\/\/d-identify.be\/fr\/wp-json\/wp\/v2\/product"}],"about":[{"href":"https:\/\/d-identify.be\/fr\/wp-json\/wp\/v2\/types\/product"}],"replies":[{"embeddable":true,"href":"https:\/\/d-identify.be\/fr\/wp-json\/wp\/v2\/comments?post=49372"}],"wp:featuredmedia":[{"embeddable":true,"href":"https:\/\/d-identify.be\/fr\/wp-json\/wp\/v2\/media\/25761"}],"wp:attachment":[{"href":"https:\/\/d-identify.be\/fr\/wp-json\/wp\/v2\/media?parent=49372"}],"wp:term":[{"taxonomy":"product_brand","embeddable":true,"href":"https:\/\/d-identify.be\/fr\/wp-json\/wp\/v2\/product_brand?post=49372"},{"taxonomy":"product_cat","embeddable":true,"href":"https:\/\/d-identify.be\/fr\/wp-json\/wp\/v2\/product_cat?post=49372"},{"taxonomy":"product_tag","embeddable":true,"href":"https:\/\/d-identify.be\/fr\/wp-json\/wp\/v2\/product_tag?post=49372"},{"taxonomy":"pa_connextion-shapes","embeddable":true,"href":"https:\/\/d-identify.be\/fr\/wp-json\/wp\/v2\/pa_connextion-shapes?post=49372"}],"curies":[{"name":"wp","href":"https:\/\/api.w.org\/{rel}","templated":true}]}}