{"id":49343,"date":"2021-07-26T12:39:32","date_gmt":"2021-07-26T10:39:32","guid":{"rendered":"https:\/\/d-identify.be\/product\/rubans-thermoretractables-hse-identification-de-cables\/"},"modified":"2021-07-26T12:39:32","modified_gmt":"2021-07-26T10:39:32","slug":"rubans-thermoretractables-hse-identification-de-cables","status":"publish","type":"product","link":"https:\/\/d-identify.be\/fr\/produit\/rubans-thermoretractables-hse-identification-de-cables\/","title":{"rendered":"Rubans thermor\u00e9tractables HSE (Identification de c\u00e2bles)"},"content":{"rendered":"<p>Cette cassette de ruban HSe-231 noir sur blanc de 11,7 mm a \u00e9t\u00e9 sp\u00e9cialement con\u00e7ue pour le marquage et l&rsquo;identification des c\u00e2bles, des fibres et des fils. Avec un diam\u00e8tre ext\u00e9rieur de 1,7 mm \u00e0 3,2 mm. Lorsque le tube imprim\u00e9 est plac\u00e9 sur un c\u00e2ble et chauff\u00e9 avec un pistolet thermique, le tube se r\u00e9tr\u00e9cit, serrant fermement le c\u00e2ble. Aucun adh\u00e9sif n&rsquo;est n\u00e9cessaire, ce qui garantit que m\u00eame dans des environnements chauds, le tube thermor\u00e9tractable ne se d\u00e9tachera pas du c\u00e2ble. Ce ruban HSe-231 authentique de Brother est une partie essentielle de l&rsquo;outillage de tout \u00e9lectricien. Il offre une \u00e9tiquetage claire qui vous aide \u00e0 r\u00e9pondre aux exigences de s\u00e9curit\u00e9 et \u00e0 accomplir votre travail plus efficacement. <\/p>\n","protected":false},"excerpt":{"rendered":"<p>Ce ruban thermor\u00e9tractable HSe-231 authentique Brother de 11,7 mm est sp\u00e9cialement con\u00e7u pour marquer et identifier de mani\u00e8re permanente les c\u00e2bles et les fils. Avec un taux de r\u00e9tr\u00e9cissement de 2:1, le ruban HSe-231 noir sur blanc est recommand\u00e9 pour une utilisation avec des c\u00e2bles dont le diam\u00e8tre est compris entre 1,7 mm et 3,2 mm. Compatible avec les imprimantes d&rsquo;\u00e9tiquettes P-touch qui affichent le logo HS ou HSe sur le couvercle de la cassette de ruban.  <\/p>\n","protected":false},"featured_media":27144,"comment_status":"open","ping_status":"closed","template":"","meta":{"_acf_changed":false,"_et_pb_use_builder":"","_et_pb_old_content":"","_et_gb_content_width":""},"product_brand":[],"product_cat":[746],"product_tag":[920],"pa_connextion-shapes":[],"class_list":{"0":"post-49343","1":"product","2":"type-product","3":"status-publish","4":"has-post-thumbnail","6":"product_cat-p-touch-e550w","7":"product_tag-brother-fr","9":"first","10":"instock","11":"taxable","12":"shipping-taxable","13":"purchasable","14":"product-type-variable","15":"has-default-attributes"},"exclude_global_add_ons":[],"addons":[],"acf":[],"yoast_head":"<!-- This site is optimized with the Yoast SEO Premium plugin v27.0 (Yoast SEO v27.1) - https:\/\/yoast.com\/product\/yoast-seo-premium-wordpress\/ -->\n<title>Rubans thermor\u00e9tractables HSE (Identification de c\u00e2bles)<\/title>\n<meta name=\"description\" content=\"Ce ruban thermor\u00e9tractable HSe-231 authentique Brother de 11,7 mm est sp\u00e9cialement con\u00e7u pour marquer et identifier de mani\u00e8re permanente les c\u00e2bles et les fils.\" \/>\n<meta name=\"robots\" content=\"index, follow, max-snippet:-1, max-image-preview:large, max-video-preview:-1\" \/>\n<link rel=\"canonical\" href=\"https:\/\/d-identify.be\/fr\/produit\/rubans-thermoretractables-hse-identification-de-cables\/\" \/>\n<meta property=\"og:locale\" content=\"fr_FR\" \/>\n<meta property=\"og:type\" content=\"article\" \/>\n<meta property=\"og:title\" content=\"Rubans thermor\u00e9tractables HSE (Identification de c\u00e2bles)\" \/>\n<meta property=\"og:description\" content=\"Ce ruban thermor\u00e9tractable HSe-231 authentique Brother de 11,7 mm est sp\u00e9cialement con\u00e7u pour marquer et identifier de mani\u00e8re permanente les c\u00e2bles et les fils.\" \/>\n<meta property=\"og:url\" content=\"https:\/\/d-identify.be\/fr\/produit\/rubans-thermoretractables-hse-identification-de-cables\/\" \/>\n<meta property=\"og:site_name\" content=\"d-identify\" \/>\n<meta property=\"og:image\" content=\"https:\/\/d-identify.be\/wp-content\/uploads\/2021\/07\/HSe211_1.png\" \/>\n\t<meta property=\"og:image:width\" content=\"887\" \/>\n\t<meta property=\"og:image:height\" content=\"887\" \/>\n\t<meta property=\"og:image:type\" content=\"image\/png\" \/>\n<meta name=\"twitter:card\" content=\"summary_large_image\" \/>\n<meta name=\"twitter:label1\" content=\"Dur\u00e9e de lecture estim\u00e9e\" \/>\n\t<meta name=\"twitter:data1\" content=\"1 minute\" \/>\n<script type=\"application\/ld+json\" class=\"yoast-schema-graph\">{\"@context\":\"https:\/\/schema.org\",\"@graph\":[{\"@type\":\"WebPage\",\"@id\":\"https:\/\/d-identify.be\/fr\/produit\/rubans-thermoretractables-hse-identification-de-cables\/\",\"url\":\"https:\/\/d-identify.be\/fr\/produit\/rubans-thermoretractables-hse-identification-de-cables\/\",\"name\":\"Rubans thermor\u00e9tractables HSE (Identification de c\u00e2bles)\",\"isPartOf\":{\"@id\":\"https:\/\/d-identify.be\/fr\/#website\"},\"primaryImageOfPage\":{\"@id\":\"https:\/\/d-identify.be\/fr\/produit\/rubans-thermoretractables-hse-identification-de-cables\/#primaryimage\"},\"image\":{\"@id\":\"https:\/\/d-identify.be\/fr\/produit\/rubans-thermoretractables-hse-identification-de-cables\/#primaryimage\"},\"thumbnailUrl\":\"https:\/\/d-identify.be\/wp-content\/uploads\/2021\/07\/HSe211_1.png\",\"datePublished\":\"2021-07-26T10:39:32+00:00\",\"description\":\"Ce ruban thermor\u00e9tractable HSe-231 authentique Brother de 11,7 mm est sp\u00e9cialement con\u00e7u pour marquer et identifier de mani\u00e8re permanente les c\u00e2bles et les fils.\",\"breadcrumb\":{\"@id\":\"https:\/\/d-identify.be\/fr\/produit\/rubans-thermoretractables-hse-identification-de-cables\/#breadcrumb\"},\"inLanguage\":\"fr-FR\",\"potentialAction\":[{\"@type\":\"ReadAction\",\"target\":[\"https:\/\/d-identify.be\/fr\/produit\/rubans-thermoretractables-hse-identification-de-cables\/\"]}]},{\"@type\":\"ImageObject\",\"inLanguage\":\"fr-FR\",\"@id\":\"https:\/\/d-identify.be\/fr\/produit\/rubans-thermoretractables-hse-identification-de-cables\/#primaryimage\",\"url\":\"https:\/\/d-identify.be\/wp-content\/uploads\/2021\/07\/HSe211_1.png\",\"contentUrl\":\"https:\/\/d-identify.be\/wp-content\/uploads\/2021\/07\/HSe211_1.png\",\"width\":887,\"height\":887,\"caption\":\"HSE Heat Shrink TAPES (Cable Identification)\"},{\"@type\":\"BreadcrumbList\",\"@id\":\"https:\/\/d-identify.be\/fr\/produit\/rubans-thermoretractables-hse-identification-de-cables\/#breadcrumb\",\"itemListElement\":[{\"@type\":\"ListItem\",\"position\":1,\"name\":\"Home\",\"item\":\"https:\/\/d-identify.be\/fr\/home-2\/\"},{\"@type\":\"ListItem\",\"position\":2,\"name\":\"Boutique\",\"item\":\"https:\/\/d-identify.be\/fr\/boutique\/\"},{\"@type\":\"ListItem\",\"position\":3,\"name\":\"Rubans thermor\u00e9tractables HSE (Identification de c\u00e2bles)\"}]},{\"@type\":\"WebSite\",\"@id\":\"https:\/\/d-identify.be\/fr\/#website\",\"url\":\"https:\/\/d-identify.be\/fr\/\",\"name\":\"d-identify\",\"description\":\"Industrial identification - Lockout - Tagout - Floor marking\",\"potentialAction\":[{\"@type\":\"SearchAction\",\"target\":{\"@type\":\"EntryPoint\",\"urlTemplate\":\"https:\/\/d-identify.be\/fr\/?s={search_term_string}\"},\"query-input\":{\"@type\":\"PropertyValueSpecification\",\"valueRequired\":true,\"valueName\":\"search_term_string\"}}],\"inLanguage\":\"fr-FR\"}]}<\/script>\n<!-- \/ Yoast SEO Premium plugin. -->","yoast_head_json":{"title":"Rubans thermor\u00e9tractables HSE (Identification de c\u00e2bles)","description":"Ce ruban thermor\u00e9tractable HSe-231 authentique Brother de 11,7 mm est sp\u00e9cialement con\u00e7u pour marquer et identifier de mani\u00e8re permanente les c\u00e2bles et les fils.","robots":{"index":"index","follow":"follow","max-snippet":"max-snippet:-1","max-image-preview":"max-image-preview:large","max-video-preview":"max-video-preview:-1"},"canonical":"https:\/\/d-identify.be\/fr\/produit\/rubans-thermoretractables-hse-identification-de-cables\/","og_locale":"fr_FR","og_type":"article","og_title":"Rubans thermor\u00e9tractables HSE (Identification de c\u00e2bles)","og_description":"Ce ruban thermor\u00e9tractable HSe-231 authentique Brother de 11,7 mm est sp\u00e9cialement con\u00e7u pour marquer et identifier de mani\u00e8re permanente les c\u00e2bles et les fils.","og_url":"https:\/\/d-identify.be\/fr\/produit\/rubans-thermoretractables-hse-identification-de-cables\/","og_site_name":"d-identify","og_image":[{"width":887,"height":887,"url":"https:\/\/d-identify.be\/wp-content\/uploads\/2021\/07\/HSe211_1.png","type":"image\/png"}],"twitter_card":"summary_large_image","twitter_misc":{"Dur\u00e9e de lecture estim\u00e9e":"1 minute"},"schema":{"@context":"https:\/\/schema.org","@graph":[{"@type":"WebPage","@id":"https:\/\/d-identify.be\/fr\/produit\/rubans-thermoretractables-hse-identification-de-cables\/","url":"https:\/\/d-identify.be\/fr\/produit\/rubans-thermoretractables-hse-identification-de-cables\/","name":"Rubans thermor\u00e9tractables HSE (Identification de c\u00e2bles)","isPartOf":{"@id":"https:\/\/d-identify.be\/fr\/#website"},"primaryImageOfPage":{"@id":"https:\/\/d-identify.be\/fr\/produit\/rubans-thermoretractables-hse-identification-de-cables\/#primaryimage"},"image":{"@id":"https:\/\/d-identify.be\/fr\/produit\/rubans-thermoretractables-hse-identification-de-cables\/#primaryimage"},"thumbnailUrl":"https:\/\/d-identify.be\/wp-content\/uploads\/2021\/07\/HSe211_1.png","datePublished":"2021-07-26T10:39:32+00:00","description":"Ce ruban thermor\u00e9tractable HSe-231 authentique Brother de 11,7 mm est sp\u00e9cialement con\u00e7u pour marquer et identifier de mani\u00e8re permanente les c\u00e2bles et les fils.","breadcrumb":{"@id":"https:\/\/d-identify.be\/fr\/produit\/rubans-thermoretractables-hse-identification-de-cables\/#breadcrumb"},"inLanguage":"fr-FR","potentialAction":[{"@type":"ReadAction","target":["https:\/\/d-identify.be\/fr\/produit\/rubans-thermoretractables-hse-identification-de-cables\/"]}]},{"@type":"ImageObject","inLanguage":"fr-FR","@id":"https:\/\/d-identify.be\/fr\/produit\/rubans-thermoretractables-hse-identification-de-cables\/#primaryimage","url":"https:\/\/d-identify.be\/wp-content\/uploads\/2021\/07\/HSe211_1.png","contentUrl":"https:\/\/d-identify.be\/wp-content\/uploads\/2021\/07\/HSe211_1.png","width":887,"height":887,"caption":"HSE Heat Shrink TAPES (Cable Identification)"},{"@type":"BreadcrumbList","@id":"https:\/\/d-identify.be\/fr\/produit\/rubans-thermoretractables-hse-identification-de-cables\/#breadcrumb","itemListElement":[{"@type":"ListItem","position":1,"name":"Home","item":"https:\/\/d-identify.be\/fr\/home-2\/"},{"@type":"ListItem","position":2,"name":"Boutique","item":"https:\/\/d-identify.be\/fr\/boutique\/"},{"@type":"ListItem","position":3,"name":"Rubans thermor\u00e9tractables HSE (Identification de c\u00e2bles)"}]},{"@type":"WebSite","@id":"https:\/\/d-identify.be\/fr\/#website","url":"https:\/\/d-identify.be\/fr\/","name":"d-identify","description":"Industrial identification - Lockout - Tagout - Floor marking","potentialAction":[{"@type":"SearchAction","target":{"@type":"EntryPoint","urlTemplate":"https:\/\/d-identify.be\/fr\/?s={search_term_string}"},"query-input":{"@type":"PropertyValueSpecification","valueRequired":true,"valueName":"search_term_string"}}],"inLanguage":"fr-FR"}]}},"_links":{"self":[{"href":"https:\/\/d-identify.be\/fr\/wp-json\/wp\/v2\/product\/49343","targetHints":{"allow":["GET"]}}],"collection":[{"href":"https:\/\/d-identify.be\/fr\/wp-json\/wp\/v2\/product"}],"about":[{"href":"https:\/\/d-identify.be\/fr\/wp-json\/wp\/v2\/types\/product"}],"replies":[{"embeddable":true,"href":"https:\/\/d-identify.be\/fr\/wp-json\/wp\/v2\/comments?post=49343"}],"wp:featuredmedia":[{"embeddable":true,"href":"https:\/\/d-identify.be\/fr\/wp-json\/wp\/v2\/media\/27144"}],"wp:attachment":[{"href":"https:\/\/d-identify.be\/fr\/wp-json\/wp\/v2\/media?parent=49343"}],"wp:term":[{"taxonomy":"product_brand","embeddable":true,"href":"https:\/\/d-identify.be\/fr\/wp-json\/wp\/v2\/product_brand?post=49343"},{"taxonomy":"product_cat","embeddable":true,"href":"https:\/\/d-identify.be\/fr\/wp-json\/wp\/v2\/product_cat?post=49343"},{"taxonomy":"product_tag","embeddable":true,"href":"https:\/\/d-identify.be\/fr\/wp-json\/wp\/v2\/product_tag?post=49343"},{"taxonomy":"pa_connextion-shapes","embeddable":true,"href":"https:\/\/d-identify.be\/fr\/wp-json\/wp\/v2\/pa_connextion-shapes?post=49343"}],"curies":[{"name":"wp","href":"https:\/\/api.w.org\/{rel}","templated":true}]}}