{"id":49229,"date":"2021-07-26T12:42:01","date_gmt":"2021-07-26T10:42:01","guid":{"rendered":"https:\/\/d-identify.be\/product\/tze-tapes-9mm\/"},"modified":"2021-07-26T12:42:01","modified_gmt":"2021-07-26T10:42:01","slug":"tze-tapes-9mm","status":"publish","type":"product","link":"https:\/\/d-identify.be\/fr\/produit\/tze-tapes-9mm\/","title":{"rendered":"TZE TAPES 9mm"},"content":{"rendered":"<p>Ces \u00e9tiquettes lamin\u00e9es auto-adh\u00e9sives ont \u00e9t\u00e9 con\u00e7ues pour r\u00e9sister \u00e0 des temp\u00e9ratures extr\u00eames. Elles sont r\u00e9sistantes aux produits chimiques, \u00e0 l&rsquo;abrasion, \u00e0 la lumi\u00e8re du soleil et \u00e0 l&rsquo;immersion dans l&rsquo;eau. Cela les rend adapt\u00e9es \u00e0 une utilisation en int\u00e9rieur comme en ext\u00e9rieur. Les cassettes de ruban TZe sont rapides et faciles \u00e0 installer et sont disponibles dans une vari\u00e9t\u00e9 de largeurs, de couleurs et de mat\u00e9riaux, garantissant que votre machine P-touch r\u00e9ponde \u00e0 tous vos besoins en mati\u00e8re d&rsquo;\u00e9tiquetage.  <\/p>\n","protected":false},"excerpt":{"rendered":"<p>Ces \u00e9tiquettes lamin\u00e9es auto-adh\u00e9sives ont \u00e9t\u00e9 con\u00e7ues pour r\u00e9sister \u00e0 des temp\u00e9ratures extr\u00eames. Elles sont r\u00e9sistantes aux produits chimiques, \u00e0 l&rsquo;abrasion, \u00e0 la lumi\u00e8re du soleil et \u00e0 l&rsquo;immersion dans l&rsquo;eau, ce qui les rend adapt\u00e9es \u00e0 une utilisation en int\u00e9rieur comme en ext\u00e9rieur.<\/p>\n","protected":false},"featured_media":26421,"comment_status":"open","ping_status":"closed","template":"","meta":{"_acf_changed":false,"_et_pb_use_builder":"","_et_pb_old_content":"","_et_gb_content_width":""},"product_brand":[],"product_cat":[746],"product_tag":[920],"pa_connextion-shapes":[],"class_list":{"0":"post-49229","1":"product","2":"type-product","3":"status-publish","4":"has-post-thumbnail","6":"product_cat-p-touch-e550w","7":"product_tag-brother-fr","9":"first","10":"onbackorder","11":"taxable","12":"shipping-taxable","13":"purchasable","14":"product-type-variable","15":"has-default-attributes"},"exclude_global_add_ons":[],"addons":[],"acf":[],"yoast_head":"<!-- This site is optimized with the Yoast SEO Premium plugin v27.0 (Yoast SEO v27.1) - https:\/\/yoast.com\/product\/yoast-seo-premium-wordpress\/ -->\n<title>TZE TAPES 9mm - d-identify<\/title>\n<meta name=\"description\" content=\"Ces \u00e9tiquettes lamin\u00e9es auto-adh\u00e9sives ont \u00e9t\u00e9 con\u00e7ues pour r\u00e9sister \u00e0 des temp\u00e9ratures extr\u00eames et sont r\u00e9sistantes aux produits chimiques, \u00e0 l&#039;abrasion, \u00e0 la lumi\u00e8re du soleil, ...\" \/>\n<meta name=\"robots\" content=\"index, follow, max-snippet:-1, max-image-preview:large, max-video-preview:-1\" \/>\n<link rel=\"canonical\" href=\"https:\/\/d-identify.be\/fr\/produit\/tze-tapes-9mm\/\" \/>\n<meta property=\"og:locale\" content=\"fr_FR\" \/>\n<meta property=\"og:type\" content=\"article\" \/>\n<meta property=\"og:title\" content=\"TZE TAPES 9mm\" \/>\n<meta property=\"og:description\" content=\"Ces \u00e9tiquettes lamin\u00e9es auto-adh\u00e9sives ont \u00e9t\u00e9 con\u00e7ues pour r\u00e9sister \u00e0 des temp\u00e9ratures extr\u00eames et sont r\u00e9sistantes aux produits chimiques, \u00e0 l&#039;abrasion, \u00e0 la lumi\u00e8re du soleil, ...\" \/>\n<meta property=\"og:url\" content=\"https:\/\/d-identify.be\/fr\/produit\/tze-tapes-9mm\/\" \/>\n<meta property=\"og:site_name\" content=\"d-identify\" \/>\n<meta property=\"og:image\" content=\"https:\/\/d-identify.be\/wp-content\/uploads\/2021\/07\/TZe223_1.png\" \/>\n\t<meta property=\"og:image:width\" content=\"960\" \/>\n\t<meta property=\"og:image:height\" content=\"960\" \/>\n\t<meta property=\"og:image:type\" content=\"image\/png\" \/>\n<meta name=\"twitter:card\" content=\"summary_large_image\" \/>\n<script type=\"application\/ld+json\" class=\"yoast-schema-graph\">{\"@context\":\"https:\/\/schema.org\",\"@graph\":[{\"@type\":\"WebPage\",\"@id\":\"https:\/\/d-identify.be\/fr\/produit\/tze-tapes-9mm\/\",\"url\":\"https:\/\/d-identify.be\/fr\/produit\/tze-tapes-9mm\/\",\"name\":\"TZE TAPES 9mm - d-identify\",\"isPartOf\":{\"@id\":\"https:\/\/d-identify.be\/fr\/#website\"},\"primaryImageOfPage\":{\"@id\":\"https:\/\/d-identify.be\/fr\/produit\/tze-tapes-9mm\/#primaryimage\"},\"image\":{\"@id\":\"https:\/\/d-identify.be\/fr\/produit\/tze-tapes-9mm\/#primaryimage\"},\"thumbnailUrl\":\"https:\/\/d-identify.be\/wp-content\/uploads\/2021\/07\/TZe223_1.png\",\"datePublished\":\"2021-07-26T10:42:01+00:00\",\"description\":\"Ces \u00e9tiquettes lamin\u00e9es auto-adh\u00e9sives ont \u00e9t\u00e9 con\u00e7ues pour r\u00e9sister \u00e0 des temp\u00e9ratures extr\u00eames et sont r\u00e9sistantes aux produits chimiques, \u00e0 l'abrasion, \u00e0 la lumi\u00e8re du soleil, ...\",\"breadcrumb\":{\"@id\":\"https:\/\/d-identify.be\/fr\/produit\/tze-tapes-9mm\/#breadcrumb\"},\"inLanguage\":\"fr-FR\",\"potentialAction\":[{\"@type\":\"ReadAction\",\"target\":[\"https:\/\/d-identify.be\/fr\/produit\/tze-tapes-9mm\/\"]}]},{\"@type\":\"ImageObject\",\"inLanguage\":\"fr-FR\",\"@id\":\"https:\/\/d-identify.be\/fr\/produit\/tze-tapes-9mm\/#primaryimage\",\"url\":\"https:\/\/d-identify.be\/wp-content\/uploads\/2021\/07\/TZe223_1.png\",\"contentUrl\":\"https:\/\/d-identify.be\/wp-content\/uploads\/2021\/07\/TZe223_1.png\",\"width\":960,\"height\":960,\"caption\":\"TZE TAPES 9mm\"},{\"@type\":\"BreadcrumbList\",\"@id\":\"https:\/\/d-identify.be\/fr\/produit\/tze-tapes-9mm\/#breadcrumb\",\"itemListElement\":[{\"@type\":\"ListItem\",\"position\":1,\"name\":\"Home\",\"item\":\"https:\/\/d-identify.be\/fr\/home-2\/\"},{\"@type\":\"ListItem\",\"position\":2,\"name\":\"Boutique\",\"item\":\"https:\/\/d-identify.be\/fr\/boutique\/\"},{\"@type\":\"ListItem\",\"position\":3,\"name\":\"TZE TAPES 9mm\"}]},{\"@type\":\"WebSite\",\"@id\":\"https:\/\/d-identify.be\/fr\/#website\",\"url\":\"https:\/\/d-identify.be\/fr\/\",\"name\":\"d-identify\",\"description\":\"Industrial identification - Lockout - Tagout - Floor marking\",\"potentialAction\":[{\"@type\":\"SearchAction\",\"target\":{\"@type\":\"EntryPoint\",\"urlTemplate\":\"https:\/\/d-identify.be\/fr\/?s={search_term_string}\"},\"query-input\":{\"@type\":\"PropertyValueSpecification\",\"valueRequired\":true,\"valueName\":\"search_term_string\"}}],\"inLanguage\":\"fr-FR\"}]}<\/script>\n<!-- \/ Yoast SEO Premium plugin. -->","yoast_head_json":{"title":"TZE TAPES 9mm - d-identify","description":"Ces \u00e9tiquettes lamin\u00e9es auto-adh\u00e9sives ont \u00e9t\u00e9 con\u00e7ues pour r\u00e9sister \u00e0 des temp\u00e9ratures extr\u00eames et sont r\u00e9sistantes aux produits chimiques, \u00e0 l'abrasion, \u00e0 la lumi\u00e8re du soleil, ...","robots":{"index":"index","follow":"follow","max-snippet":"max-snippet:-1","max-image-preview":"max-image-preview:large","max-video-preview":"max-video-preview:-1"},"canonical":"https:\/\/d-identify.be\/fr\/produit\/tze-tapes-9mm\/","og_locale":"fr_FR","og_type":"article","og_title":"TZE TAPES 9mm","og_description":"Ces \u00e9tiquettes lamin\u00e9es auto-adh\u00e9sives ont \u00e9t\u00e9 con\u00e7ues pour r\u00e9sister \u00e0 des temp\u00e9ratures extr\u00eames et sont r\u00e9sistantes aux produits chimiques, \u00e0 l'abrasion, \u00e0 la lumi\u00e8re du soleil, ...","og_url":"https:\/\/d-identify.be\/fr\/produit\/tze-tapes-9mm\/","og_site_name":"d-identify","og_image":[{"width":960,"height":960,"url":"https:\/\/d-identify.be\/wp-content\/uploads\/2021\/07\/TZe223_1.png","type":"image\/png"}],"twitter_card":"summary_large_image","schema":{"@context":"https:\/\/schema.org","@graph":[{"@type":"WebPage","@id":"https:\/\/d-identify.be\/fr\/produit\/tze-tapes-9mm\/","url":"https:\/\/d-identify.be\/fr\/produit\/tze-tapes-9mm\/","name":"TZE TAPES 9mm - d-identify","isPartOf":{"@id":"https:\/\/d-identify.be\/fr\/#website"},"primaryImageOfPage":{"@id":"https:\/\/d-identify.be\/fr\/produit\/tze-tapes-9mm\/#primaryimage"},"image":{"@id":"https:\/\/d-identify.be\/fr\/produit\/tze-tapes-9mm\/#primaryimage"},"thumbnailUrl":"https:\/\/d-identify.be\/wp-content\/uploads\/2021\/07\/TZe223_1.png","datePublished":"2021-07-26T10:42:01+00:00","description":"Ces \u00e9tiquettes lamin\u00e9es auto-adh\u00e9sives ont \u00e9t\u00e9 con\u00e7ues pour r\u00e9sister \u00e0 des temp\u00e9ratures extr\u00eames et sont r\u00e9sistantes aux produits chimiques, \u00e0 l'abrasion, \u00e0 la lumi\u00e8re du soleil, ...","breadcrumb":{"@id":"https:\/\/d-identify.be\/fr\/produit\/tze-tapes-9mm\/#breadcrumb"},"inLanguage":"fr-FR","potentialAction":[{"@type":"ReadAction","target":["https:\/\/d-identify.be\/fr\/produit\/tze-tapes-9mm\/"]}]},{"@type":"ImageObject","inLanguage":"fr-FR","@id":"https:\/\/d-identify.be\/fr\/produit\/tze-tapes-9mm\/#primaryimage","url":"https:\/\/d-identify.be\/wp-content\/uploads\/2021\/07\/TZe223_1.png","contentUrl":"https:\/\/d-identify.be\/wp-content\/uploads\/2021\/07\/TZe223_1.png","width":960,"height":960,"caption":"TZE TAPES 9mm"},{"@type":"BreadcrumbList","@id":"https:\/\/d-identify.be\/fr\/produit\/tze-tapes-9mm\/#breadcrumb","itemListElement":[{"@type":"ListItem","position":1,"name":"Home","item":"https:\/\/d-identify.be\/fr\/home-2\/"},{"@type":"ListItem","position":2,"name":"Boutique","item":"https:\/\/d-identify.be\/fr\/boutique\/"},{"@type":"ListItem","position":3,"name":"TZE TAPES 9mm"}]},{"@type":"WebSite","@id":"https:\/\/d-identify.be\/fr\/#website","url":"https:\/\/d-identify.be\/fr\/","name":"d-identify","description":"Industrial identification - Lockout - Tagout - Floor marking","potentialAction":[{"@type":"SearchAction","target":{"@type":"EntryPoint","urlTemplate":"https:\/\/d-identify.be\/fr\/?s={search_term_string}"},"query-input":{"@type":"PropertyValueSpecification","valueRequired":true,"valueName":"search_term_string"}}],"inLanguage":"fr-FR"}]}},"_links":{"self":[{"href":"https:\/\/d-identify.be\/fr\/wp-json\/wp\/v2\/product\/49229","targetHints":{"allow":["GET"]}}],"collection":[{"href":"https:\/\/d-identify.be\/fr\/wp-json\/wp\/v2\/product"}],"about":[{"href":"https:\/\/d-identify.be\/fr\/wp-json\/wp\/v2\/types\/product"}],"replies":[{"embeddable":true,"href":"https:\/\/d-identify.be\/fr\/wp-json\/wp\/v2\/comments?post=49229"}],"wp:featuredmedia":[{"embeddable":true,"href":"https:\/\/d-identify.be\/fr\/wp-json\/wp\/v2\/media\/26421"}],"wp:attachment":[{"href":"https:\/\/d-identify.be\/fr\/wp-json\/wp\/v2\/media?parent=49229"}],"wp:term":[{"taxonomy":"product_brand","embeddable":true,"href":"https:\/\/d-identify.be\/fr\/wp-json\/wp\/v2\/product_brand?post=49229"},{"taxonomy":"product_cat","embeddable":true,"href":"https:\/\/d-identify.be\/fr\/wp-json\/wp\/v2\/product_cat?post=49229"},{"taxonomy":"product_tag","embeddable":true,"href":"https:\/\/d-identify.be\/fr\/wp-json\/wp\/v2\/product_tag?post=49229"},{"taxonomy":"pa_connextion-shapes","embeddable":true,"href":"https:\/\/d-identify.be\/fr\/wp-json\/wp\/v2\/pa_connextion-shapes?post=49229"}],"curies":[{"name":"wp","href":"https:\/\/api.w.org\/{rel}","templated":true}]}}