{"id":49192,"date":"2021-07-26T12:42:02","date_gmt":"2021-07-26T10:42:02","guid":{"rendered":"https:\/\/d-identify.be\/product\/tze-fx-flexible-tapes-cable-identification\/"},"modified":"2021-07-26T12:42:02","modified_gmt":"2021-07-26T10:42:02","slug":"tze-fx-flexible-tapes-cable-identification","status":"publish","type":"product","link":"https:\/\/d-identify.be\/fr\/produit\/tze-fx-flexible-tapes-cable-identification\/","title":{"rendered":"TZE-FX Flexible TAPES (Cable Identification)"},"content":{"rendered":"<p>Ce ruban d&rsquo;\u00e9tiquetage flexible-ID poss\u00e8de un adh\u00e9sif sp\u00e9cial qui le rend id\u00e9al pour l&rsquo;\u00e9tiquetage des fibres et des c\u00e2bles. Le ruban peut \u00eatre facilement enroul\u00e9 plusieurs fois autour de la surface si n\u00e9cessaire. De plus, la couleur noire sur fond jaune garantit que les \u00e9tiquettes restent lisibles dans toutes les conditions.  <\/p>\n","protected":false},"excerpt":{"rendered":"<p>Ce ruban d&rsquo;\u00e9tiquetage flexible est dot\u00e9 d&rsquo;un adh\u00e9sif sp\u00e9cial qui le rend id\u00e9al pour l&rsquo;\u00e9tiquetage des fibres et des c\u00e2bles &#8211; le rubanpeut facilement \u00eatre enroul\u00e9 plusieurs fois autour de la surface si n\u00e9cessaire &#8211; tandis que la couleur claire noir sur jaune garantit que les \u00e9tiquettes sont faciles \u00e0 lire dans n&rsquo;importe quelles conditions.<\/p>\n","protected":false},"featured_media":26405,"comment_status":"open","ping_status":"closed","template":"","meta":{"_acf_changed":false,"_et_pb_use_builder":"","_et_pb_old_content":"","_et_gb_content_width":""},"product_brand":[],"product_cat":[746],"product_tag":[920],"pa_connextion-shapes":[],"class_list":{"0":"post-49192","1":"product","2":"type-product","3":"status-publish","4":"has-post-thumbnail","6":"product_cat-p-touch-e550w","7":"product_tag-brother-fr","9":"first","10":"onbackorder","11":"taxable","12":"shipping-taxable","13":"purchasable","14":"product-type-variable","15":"has-default-attributes"},"exclude_global_add_ons":[],"addons":[],"acf":[],"yoast_head":"<!-- This site is optimized with the Yoast SEO Premium plugin v27.0 (Yoast SEO v27.1) - https:\/\/yoast.com\/product\/yoast-seo-premium-wordpress\/ -->\n<title>TZE-FX Flexible TAPES (Cable Identification) - d-identify<\/title>\n<meta name=\"description\" content=\"Ce ruban d&#039;\u00e9tiquetage flexible-ID poss\u00e8de un adh\u00e9sif sp\u00e9cial qui le rend id\u00e9al pour l&#039;\u00e9tiquetage des fibres et des c\u00e2bles \u2013 le ruban peut \u00eatre facilement enroul\u00e9...\" \/>\n<meta name=\"robots\" content=\"index, follow, max-snippet:-1, max-image-preview:large, max-video-preview:-1\" \/>\n<link rel=\"canonical\" href=\"https:\/\/d-identify.be\/fr\/produit\/tze-fx-flexible-tapes-cable-identification\/\" \/>\n<meta property=\"og:locale\" content=\"fr_FR\" \/>\n<meta property=\"og:type\" content=\"article\" \/>\n<meta property=\"og:title\" content=\"TZE-FX Flexible TAPES (Cable Identification)\" \/>\n<meta property=\"og:description\" content=\"Ce ruban d&#039;\u00e9tiquetage flexible-ID poss\u00e8de un adh\u00e9sif sp\u00e9cial qui le rend id\u00e9al pour l&#039;\u00e9tiquetage des fibres et des c\u00e2bles \u2013 le ruban peut \u00eatre facilement enroul\u00e9...\" \/>\n<meta property=\"og:url\" content=\"https:\/\/d-identify.be\/fr\/produit\/tze-fx-flexible-tapes-cable-identification\/\" \/>\n<meta property=\"og:site_name\" content=\"d-identify\" \/>\n<meta property=\"og:image\" content=\"https:\/\/d-identify.be\/wp-content\/uploads\/2021\/07\/TZeFX211_1.png\" \/>\n\t<meta property=\"og:image:width\" content=\"956\" \/>\n\t<meta property=\"og:image:height\" content=\"956\" \/>\n\t<meta property=\"og:image:type\" content=\"image\/png\" \/>\n<meta name=\"twitter:card\" content=\"summary_large_image\" \/>\n<script type=\"application\/ld+json\" class=\"yoast-schema-graph\">{\"@context\":\"https:\/\/schema.org\",\"@graph\":[{\"@type\":\"WebPage\",\"@id\":\"https:\/\/d-identify.be\/fr\/produit\/tze-fx-flexible-tapes-cable-identification\/\",\"url\":\"https:\/\/d-identify.be\/fr\/produit\/tze-fx-flexible-tapes-cable-identification\/\",\"name\":\"TZE-FX Flexible TAPES (Cable Identification) - d-identify\",\"isPartOf\":{\"@id\":\"https:\/\/d-identify.be\/fr\/#website\"},\"primaryImageOfPage\":{\"@id\":\"https:\/\/d-identify.be\/fr\/produit\/tze-fx-flexible-tapes-cable-identification\/#primaryimage\"},\"image\":{\"@id\":\"https:\/\/d-identify.be\/fr\/produit\/tze-fx-flexible-tapes-cable-identification\/#primaryimage\"},\"thumbnailUrl\":\"https:\/\/d-identify.be\/wp-content\/uploads\/2021\/07\/TZeFX211_1.png\",\"datePublished\":\"2021-07-26T10:42:02+00:00\",\"description\":\"Ce ruban d'\u00e9tiquetage flexible-ID poss\u00e8de un adh\u00e9sif sp\u00e9cial qui le rend id\u00e9al pour l'\u00e9tiquetage des fibres et des c\u00e2bles \u2013 le ruban peut \u00eatre facilement enroul\u00e9...\",\"breadcrumb\":{\"@id\":\"https:\/\/d-identify.be\/fr\/produit\/tze-fx-flexible-tapes-cable-identification\/#breadcrumb\"},\"inLanguage\":\"fr-FR\",\"potentialAction\":[{\"@type\":\"ReadAction\",\"target\":[\"https:\/\/d-identify.be\/fr\/produit\/tze-fx-flexible-tapes-cable-identification\/\"]}]},{\"@type\":\"ImageObject\",\"inLanguage\":\"fr-FR\",\"@id\":\"https:\/\/d-identify.be\/fr\/produit\/tze-fx-flexible-tapes-cable-identification\/#primaryimage\",\"url\":\"https:\/\/d-identify.be\/wp-content\/uploads\/2021\/07\/TZeFX211_1.png\",\"contentUrl\":\"https:\/\/d-identify.be\/wp-content\/uploads\/2021\/07\/TZeFX211_1.png\",\"width\":956,\"height\":956,\"caption\":\"TZE-FX Flexible TAPES (Cable Identification)\"},{\"@type\":\"BreadcrumbList\",\"@id\":\"https:\/\/d-identify.be\/fr\/produit\/tze-fx-flexible-tapes-cable-identification\/#breadcrumb\",\"itemListElement\":[{\"@type\":\"ListItem\",\"position\":1,\"name\":\"Home\",\"item\":\"https:\/\/d-identify.be\/fr\/home-2\/\"},{\"@type\":\"ListItem\",\"position\":2,\"name\":\"Boutique\",\"item\":\"https:\/\/d-identify.be\/fr\/boutique\/\"},{\"@type\":\"ListItem\",\"position\":3,\"name\":\"TZE-FX Flexible TAPES (Cable Identification)\"}]},{\"@type\":\"WebSite\",\"@id\":\"https:\/\/d-identify.be\/fr\/#website\",\"url\":\"https:\/\/d-identify.be\/fr\/\",\"name\":\"d-identify\",\"description\":\"Industrial identification - Lockout - Tagout - Floor marking\",\"potentialAction\":[{\"@type\":\"SearchAction\",\"target\":{\"@type\":\"EntryPoint\",\"urlTemplate\":\"https:\/\/d-identify.be\/fr\/?s={search_term_string}\"},\"query-input\":{\"@type\":\"PropertyValueSpecification\",\"valueRequired\":true,\"valueName\":\"search_term_string\"}}],\"inLanguage\":\"fr-FR\"}]}<\/script>\n<!-- \/ Yoast SEO Premium plugin. -->","yoast_head_json":{"title":"TZE-FX Flexible TAPES (Cable Identification) - d-identify","description":"Ce ruban d'\u00e9tiquetage flexible-ID poss\u00e8de un adh\u00e9sif sp\u00e9cial qui le rend id\u00e9al pour l'\u00e9tiquetage des fibres et des c\u00e2bles \u2013 le ruban peut \u00eatre facilement enroul\u00e9...","robots":{"index":"index","follow":"follow","max-snippet":"max-snippet:-1","max-image-preview":"max-image-preview:large","max-video-preview":"max-video-preview:-1"},"canonical":"https:\/\/d-identify.be\/fr\/produit\/tze-fx-flexible-tapes-cable-identification\/","og_locale":"fr_FR","og_type":"article","og_title":"TZE-FX Flexible TAPES (Cable Identification)","og_description":"Ce ruban d'\u00e9tiquetage flexible-ID poss\u00e8de un adh\u00e9sif sp\u00e9cial qui le rend id\u00e9al pour l'\u00e9tiquetage des fibres et des c\u00e2bles \u2013 le ruban peut \u00eatre facilement enroul\u00e9...","og_url":"https:\/\/d-identify.be\/fr\/produit\/tze-fx-flexible-tapes-cable-identification\/","og_site_name":"d-identify","og_image":[{"width":956,"height":956,"url":"https:\/\/d-identify.be\/wp-content\/uploads\/2021\/07\/TZeFX211_1.png","type":"image\/png"}],"twitter_card":"summary_large_image","schema":{"@context":"https:\/\/schema.org","@graph":[{"@type":"WebPage","@id":"https:\/\/d-identify.be\/fr\/produit\/tze-fx-flexible-tapes-cable-identification\/","url":"https:\/\/d-identify.be\/fr\/produit\/tze-fx-flexible-tapes-cable-identification\/","name":"TZE-FX Flexible TAPES (Cable Identification) - d-identify","isPartOf":{"@id":"https:\/\/d-identify.be\/fr\/#website"},"primaryImageOfPage":{"@id":"https:\/\/d-identify.be\/fr\/produit\/tze-fx-flexible-tapes-cable-identification\/#primaryimage"},"image":{"@id":"https:\/\/d-identify.be\/fr\/produit\/tze-fx-flexible-tapes-cable-identification\/#primaryimage"},"thumbnailUrl":"https:\/\/d-identify.be\/wp-content\/uploads\/2021\/07\/TZeFX211_1.png","datePublished":"2021-07-26T10:42:02+00:00","description":"Ce ruban d'\u00e9tiquetage flexible-ID poss\u00e8de un adh\u00e9sif sp\u00e9cial qui le rend id\u00e9al pour l'\u00e9tiquetage des fibres et des c\u00e2bles \u2013 le ruban peut \u00eatre facilement enroul\u00e9...","breadcrumb":{"@id":"https:\/\/d-identify.be\/fr\/produit\/tze-fx-flexible-tapes-cable-identification\/#breadcrumb"},"inLanguage":"fr-FR","potentialAction":[{"@type":"ReadAction","target":["https:\/\/d-identify.be\/fr\/produit\/tze-fx-flexible-tapes-cable-identification\/"]}]},{"@type":"ImageObject","inLanguage":"fr-FR","@id":"https:\/\/d-identify.be\/fr\/produit\/tze-fx-flexible-tapes-cable-identification\/#primaryimage","url":"https:\/\/d-identify.be\/wp-content\/uploads\/2021\/07\/TZeFX211_1.png","contentUrl":"https:\/\/d-identify.be\/wp-content\/uploads\/2021\/07\/TZeFX211_1.png","width":956,"height":956,"caption":"TZE-FX Flexible TAPES (Cable Identification)"},{"@type":"BreadcrumbList","@id":"https:\/\/d-identify.be\/fr\/produit\/tze-fx-flexible-tapes-cable-identification\/#breadcrumb","itemListElement":[{"@type":"ListItem","position":1,"name":"Home","item":"https:\/\/d-identify.be\/fr\/home-2\/"},{"@type":"ListItem","position":2,"name":"Boutique","item":"https:\/\/d-identify.be\/fr\/boutique\/"},{"@type":"ListItem","position":3,"name":"TZE-FX Flexible TAPES (Cable Identification)"}]},{"@type":"WebSite","@id":"https:\/\/d-identify.be\/fr\/#website","url":"https:\/\/d-identify.be\/fr\/","name":"d-identify","description":"Industrial identification - Lockout - Tagout - Floor marking","potentialAction":[{"@type":"SearchAction","target":{"@type":"EntryPoint","urlTemplate":"https:\/\/d-identify.be\/fr\/?s={search_term_string}"},"query-input":{"@type":"PropertyValueSpecification","valueRequired":true,"valueName":"search_term_string"}}],"inLanguage":"fr-FR"}]}},"_links":{"self":[{"href":"https:\/\/d-identify.be\/fr\/wp-json\/wp\/v2\/product\/49192","targetHints":{"allow":["GET"]}}],"collection":[{"href":"https:\/\/d-identify.be\/fr\/wp-json\/wp\/v2\/product"}],"about":[{"href":"https:\/\/d-identify.be\/fr\/wp-json\/wp\/v2\/types\/product"}],"replies":[{"embeddable":true,"href":"https:\/\/d-identify.be\/fr\/wp-json\/wp\/v2\/comments?post=49192"}],"wp:featuredmedia":[{"embeddable":true,"href":"https:\/\/d-identify.be\/fr\/wp-json\/wp\/v2\/media\/26405"}],"wp:attachment":[{"href":"https:\/\/d-identify.be\/fr\/wp-json\/wp\/v2\/media?parent=49192"}],"wp:term":[{"taxonomy":"product_brand","embeddable":true,"href":"https:\/\/d-identify.be\/fr\/wp-json\/wp\/v2\/product_brand?post=49192"},{"taxonomy":"product_cat","embeddable":true,"href":"https:\/\/d-identify.be\/fr\/wp-json\/wp\/v2\/product_cat?post=49192"},{"taxonomy":"product_tag","embeddable":true,"href":"https:\/\/d-identify.be\/fr\/wp-json\/wp\/v2\/product_tag?post=49192"},{"taxonomy":"pa_connextion-shapes","embeddable":true,"href":"https:\/\/d-identify.be\/fr\/wp-json\/wp\/v2\/pa_connextion-shapes?post=49192"}],"curies":[{"name":"wp","href":"https:\/\/api.w.org\/{rel}","templated":true}]}}