{"id":49142,"date":"2021-07-26T12:42:03","date_gmt":"2021-07-26T10:42:03","guid":{"rendered":"https:\/\/d-identify.be\/product\/rubans-adhesifs-forts-tze-s\/"},"modified":"2021-07-26T12:42:03","modified_gmt":"2021-07-26T10:42:03","slug":"rubans-adhesifs-forts-tze-s","status":"publish","type":"product","link":"https:\/\/d-identify.be\/fr\/produit\/rubans-adhesifs-forts-tze-s\/","title":{"rendered":"Rubans adh\u00e9sifs forts TZE-S"},"content":{"rendered":"<p>Ruban adh\u00e9sif extra-fort, particuli\u00e8rement adapt\u00e9 aux surfaces rugueuses et textur\u00e9es. Le pouvoir adh\u00e9sif est encore une fois sup\u00e9rieur d&rsquo;environ 50 % \u00e0 celui des bandes standard. Gr\u00e2ce \u00e0 son laminage, le ruban r\u00e9siste aux salissures, aux intemp\u00e9ries et aux rayures, ainsi qu&rsquo;\u00e0 des conditions extr\u00eames d&rsquo;abrasion, de temp\u00e9rature, de produits chimiques et de lumi\u00e8re UV.   <\/p>\n<p>&nbsp;<\/p>\n","protected":false},"excerpt":{"rendered":"<p>Ce ruban d&rsquo;\u00e9tiquetage flexible est dot\u00e9 d&rsquo;un adh\u00e9sif sp\u00e9cial qui le rend id\u00e9al pour l&rsquo;\u00e9tiquetage des fibres et des c\u00e2bles &#8211; le ruban peut facilement \u00eatre enroul\u00e9 plusieurs fois autour de la surface si n\u00e9cessaire &#8211; tandis que la couleur claire noir sur jaune garantit que les \u00e9tiquettes sont faciles \u00e0 lire dans n&rsquo;importe quelles conditions.<\/p>\n","protected":false},"featured_media":26385,"comment_status":"open","ping_status":"closed","template":"","meta":{"_acf_changed":false,"_et_pb_use_builder":"","_et_pb_old_content":"","_et_gb_content_width":""},"product_brand":[],"product_cat":[746],"product_tag":[920],"pa_connextion-shapes":[],"class_list":{"0":"post-49142","1":"product","2":"type-product","3":"status-publish","4":"has-post-thumbnail","6":"product_cat-p-touch-e550w","7":"product_tag-brother-fr","9":"first","10":"onbackorder","11":"taxable","12":"shipping-taxable","13":"purchasable","14":"product-type-variable","15":"has-default-attributes"},"exclude_global_add_ons":[],"addons":[],"acf":[],"yoast_head":"<!-- This site is optimized with the Yoast SEO Premium plugin v27.0 (Yoast SEO v27.1) - https:\/\/yoast.com\/product\/yoast-seo-premium-wordpress\/ -->\n<title>Rubans adh\u00e9sifs forts TZE-S<\/title>\n<meta name=\"description\" content=\"Ce ruban d&#039;\u00e9tiquetage flexible est dot\u00e9 d&#039;un adh\u00e9sif sp\u00e9cial qui le rend id\u00e9al pour l&#039;\u00e9tiquetage des fibres et des c\u00e2bles...\" \/>\n<meta name=\"robots\" content=\"index, follow, max-snippet:-1, max-image-preview:large, max-video-preview:-1\" \/>\n<link rel=\"canonical\" href=\"https:\/\/d-identify.be\/fr\/produit\/rubans-adhesifs-forts-tze-s\/\" \/>\n<meta property=\"og:locale\" content=\"fr_FR\" \/>\n<meta property=\"og:type\" content=\"article\" \/>\n<meta property=\"og:title\" content=\"Rubans adh\u00e9sifs forts TZE-S\" \/>\n<meta property=\"og:description\" content=\"Ce ruban d&#039;\u00e9tiquetage flexible est dot\u00e9 d&#039;un adh\u00e9sif sp\u00e9cial qui le rend id\u00e9al pour l&#039;\u00e9tiquetage des fibres et des c\u00e2bles...\" \/>\n<meta property=\"og:url\" content=\"https:\/\/d-identify.be\/fr\/produit\/rubans-adhesifs-forts-tze-s\/\" \/>\n<meta property=\"og:site_name\" content=\"d-identify\" \/>\n<meta property=\"og:image\" content=\"https:\/\/d-identify.be\/wp-content\/uploads\/2021\/07\/TZeS121_1.png\" \/>\n\t<meta property=\"og:image:width\" content=\"959\" \/>\n\t<meta property=\"og:image:height\" content=\"959\" \/>\n\t<meta property=\"og:image:type\" content=\"image\/png\" \/>\n<meta name=\"twitter:card\" content=\"summary_large_image\" \/>\n<script type=\"application\/ld+json\" class=\"yoast-schema-graph\">{\"@context\":\"https:\/\/schema.org\",\"@graph\":[{\"@type\":\"WebPage\",\"@id\":\"https:\/\/d-identify.be\/fr\/produit\/rubans-adhesifs-forts-tze-s\/\",\"url\":\"https:\/\/d-identify.be\/fr\/produit\/rubans-adhesifs-forts-tze-s\/\",\"name\":\"Rubans adh\u00e9sifs forts TZE-S\",\"isPartOf\":{\"@id\":\"https:\/\/d-identify.be\/fr\/#website\"},\"primaryImageOfPage\":{\"@id\":\"https:\/\/d-identify.be\/fr\/produit\/rubans-adhesifs-forts-tze-s\/#primaryimage\"},\"image\":{\"@id\":\"https:\/\/d-identify.be\/fr\/produit\/rubans-adhesifs-forts-tze-s\/#primaryimage\"},\"thumbnailUrl\":\"https:\/\/d-identify.be\/wp-content\/uploads\/2021\/07\/TZeS121_1.png\",\"datePublished\":\"2021-07-26T10:42:03+00:00\",\"description\":\"Ce ruban d'\u00e9tiquetage flexible est dot\u00e9 d'un adh\u00e9sif sp\u00e9cial qui le rend id\u00e9al pour l'\u00e9tiquetage des fibres et des c\u00e2bles...\",\"breadcrumb\":{\"@id\":\"https:\/\/d-identify.be\/fr\/produit\/rubans-adhesifs-forts-tze-s\/#breadcrumb\"},\"inLanguage\":\"fr-FR\",\"potentialAction\":[{\"@type\":\"ReadAction\",\"target\":[\"https:\/\/d-identify.be\/fr\/produit\/rubans-adhesifs-forts-tze-s\/\"]}]},{\"@type\":\"ImageObject\",\"inLanguage\":\"fr-FR\",\"@id\":\"https:\/\/d-identify.be\/fr\/produit\/rubans-adhesifs-forts-tze-s\/#primaryimage\",\"url\":\"https:\/\/d-identify.be\/wp-content\/uploads\/2021\/07\/TZeS121_1.png\",\"contentUrl\":\"https:\/\/d-identify.be\/wp-content\/uploads\/2021\/07\/TZeS121_1.png\",\"width\":959,\"height\":959,\"caption\":\"tzes rubans adh\u00e9sifs r\u00e9sistants\"},{\"@type\":\"BreadcrumbList\",\"@id\":\"https:\/\/d-identify.be\/fr\/produit\/rubans-adhesifs-forts-tze-s\/#breadcrumb\",\"itemListElement\":[{\"@type\":\"ListItem\",\"position\":1,\"name\":\"Home\",\"item\":\"https:\/\/d-identify.be\/fr\/home-2\/\"},{\"@type\":\"ListItem\",\"position\":2,\"name\":\"Boutique\",\"item\":\"https:\/\/d-identify.be\/fr\/boutique\/\"},{\"@type\":\"ListItem\",\"position\":3,\"name\":\"Rubans adh\u00e9sifs forts TZE-S\"}]},{\"@type\":\"WebSite\",\"@id\":\"https:\/\/d-identify.be\/fr\/#website\",\"url\":\"https:\/\/d-identify.be\/fr\/\",\"name\":\"d-identify\",\"description\":\"Industrial identification - Lockout - Tagout - Floor marking\",\"potentialAction\":[{\"@type\":\"SearchAction\",\"target\":{\"@type\":\"EntryPoint\",\"urlTemplate\":\"https:\/\/d-identify.be\/fr\/?s={search_term_string}\"},\"query-input\":{\"@type\":\"PropertyValueSpecification\",\"valueRequired\":true,\"valueName\":\"search_term_string\"}}],\"inLanguage\":\"fr-FR\"}]}<\/script>\n<!-- \/ Yoast SEO Premium plugin. -->","yoast_head_json":{"title":"Rubans adh\u00e9sifs forts TZE-S","description":"Ce ruban d'\u00e9tiquetage flexible est dot\u00e9 d'un adh\u00e9sif sp\u00e9cial qui le rend id\u00e9al pour l'\u00e9tiquetage des fibres et des c\u00e2bles...","robots":{"index":"index","follow":"follow","max-snippet":"max-snippet:-1","max-image-preview":"max-image-preview:large","max-video-preview":"max-video-preview:-1"},"canonical":"https:\/\/d-identify.be\/fr\/produit\/rubans-adhesifs-forts-tze-s\/","og_locale":"fr_FR","og_type":"article","og_title":"Rubans adh\u00e9sifs forts TZE-S","og_description":"Ce ruban d'\u00e9tiquetage flexible est dot\u00e9 d'un adh\u00e9sif sp\u00e9cial qui le rend id\u00e9al pour l'\u00e9tiquetage des fibres et des c\u00e2bles...","og_url":"https:\/\/d-identify.be\/fr\/produit\/rubans-adhesifs-forts-tze-s\/","og_site_name":"d-identify","og_image":[{"width":959,"height":959,"url":"https:\/\/d-identify.be\/wp-content\/uploads\/2021\/07\/TZeS121_1.png","type":"image\/png"}],"twitter_card":"summary_large_image","schema":{"@context":"https:\/\/schema.org","@graph":[{"@type":"WebPage","@id":"https:\/\/d-identify.be\/fr\/produit\/rubans-adhesifs-forts-tze-s\/","url":"https:\/\/d-identify.be\/fr\/produit\/rubans-adhesifs-forts-tze-s\/","name":"Rubans adh\u00e9sifs forts TZE-S","isPartOf":{"@id":"https:\/\/d-identify.be\/fr\/#website"},"primaryImageOfPage":{"@id":"https:\/\/d-identify.be\/fr\/produit\/rubans-adhesifs-forts-tze-s\/#primaryimage"},"image":{"@id":"https:\/\/d-identify.be\/fr\/produit\/rubans-adhesifs-forts-tze-s\/#primaryimage"},"thumbnailUrl":"https:\/\/d-identify.be\/wp-content\/uploads\/2021\/07\/TZeS121_1.png","datePublished":"2021-07-26T10:42:03+00:00","description":"Ce ruban d'\u00e9tiquetage flexible est dot\u00e9 d'un adh\u00e9sif sp\u00e9cial qui le rend id\u00e9al pour l'\u00e9tiquetage des fibres et des c\u00e2bles...","breadcrumb":{"@id":"https:\/\/d-identify.be\/fr\/produit\/rubans-adhesifs-forts-tze-s\/#breadcrumb"},"inLanguage":"fr-FR","potentialAction":[{"@type":"ReadAction","target":["https:\/\/d-identify.be\/fr\/produit\/rubans-adhesifs-forts-tze-s\/"]}]},{"@type":"ImageObject","inLanguage":"fr-FR","@id":"https:\/\/d-identify.be\/fr\/produit\/rubans-adhesifs-forts-tze-s\/#primaryimage","url":"https:\/\/d-identify.be\/wp-content\/uploads\/2021\/07\/TZeS121_1.png","contentUrl":"https:\/\/d-identify.be\/wp-content\/uploads\/2021\/07\/TZeS121_1.png","width":959,"height":959,"caption":"tzes rubans adh\u00e9sifs r\u00e9sistants"},{"@type":"BreadcrumbList","@id":"https:\/\/d-identify.be\/fr\/produit\/rubans-adhesifs-forts-tze-s\/#breadcrumb","itemListElement":[{"@type":"ListItem","position":1,"name":"Home","item":"https:\/\/d-identify.be\/fr\/home-2\/"},{"@type":"ListItem","position":2,"name":"Boutique","item":"https:\/\/d-identify.be\/fr\/boutique\/"},{"@type":"ListItem","position":3,"name":"Rubans adh\u00e9sifs forts TZE-S"}]},{"@type":"WebSite","@id":"https:\/\/d-identify.be\/fr\/#website","url":"https:\/\/d-identify.be\/fr\/","name":"d-identify","description":"Industrial identification - Lockout - Tagout - Floor marking","potentialAction":[{"@type":"SearchAction","target":{"@type":"EntryPoint","urlTemplate":"https:\/\/d-identify.be\/fr\/?s={search_term_string}"},"query-input":{"@type":"PropertyValueSpecification","valueRequired":true,"valueName":"search_term_string"}}],"inLanguage":"fr-FR"}]}},"_links":{"self":[{"href":"https:\/\/d-identify.be\/fr\/wp-json\/wp\/v2\/product\/49142","targetHints":{"allow":["GET"]}}],"collection":[{"href":"https:\/\/d-identify.be\/fr\/wp-json\/wp\/v2\/product"}],"about":[{"href":"https:\/\/d-identify.be\/fr\/wp-json\/wp\/v2\/types\/product"}],"replies":[{"embeddable":true,"href":"https:\/\/d-identify.be\/fr\/wp-json\/wp\/v2\/comments?post=49142"}],"wp:featuredmedia":[{"embeddable":true,"href":"https:\/\/d-identify.be\/fr\/wp-json\/wp\/v2\/media\/26385"}],"wp:attachment":[{"href":"https:\/\/d-identify.be\/fr\/wp-json\/wp\/v2\/media?parent=49142"}],"wp:term":[{"taxonomy":"product_brand","embeddable":true,"href":"https:\/\/d-identify.be\/fr\/wp-json\/wp\/v2\/product_brand?post=49142"},{"taxonomy":"product_cat","embeddable":true,"href":"https:\/\/d-identify.be\/fr\/wp-json\/wp\/v2\/product_cat?post=49142"},{"taxonomy":"product_tag","embeddable":true,"href":"https:\/\/d-identify.be\/fr\/wp-json\/wp\/v2\/product_tag?post=49142"},{"taxonomy":"pa_connextion-shapes","embeddable":true,"href":"https:\/\/d-identify.be\/fr\/wp-json\/wp\/v2\/pa_connextion-shapes?post=49142"}],"curies":[{"name":"wp","href":"https:\/\/api.w.org\/{rel}","templated":true}]}}