{"id":48961,"date":"2024-11-27T16:14:39","date_gmt":"2024-11-27T14:14:39","guid":{"rendered":"https:\/\/d-identify.be\/?post_type=product&#038;p=48961"},"modified":"2025-01-10T16:56:06","modified_gmt":"2025-01-10T14:56:06","slug":"kit-de-demarrage-kodiak-max-ghs-copy","status":"publish","type":"product","link":"https:\/\/d-identify.be\/fr\/produit\/kit-de-demarrage-kodiak-max-ghs-copy\/","title":{"rendered":"Kodiak Max Kit de D\u00e9marrage \u00c9clair d&rsquo;Arc"},"content":{"rendered":"<p>Aucun travail n&rsquo;est trop grand ou trop petit pour Kodiak. Cette imprimante grand format multicolore facilite la cr\u00e9ation de panneaux de haute qualit\u00e9 de toutes tailles dans un seul syst\u00e8me. Imprimez sur des supports larges de 100 \u00e0 254mm pouces et sur des longueurs allant jusqu&rsquo;\u00e0 2.4m pour des possibilit\u00e9s infinies. Il est parfait pour les \u00e9tiquettes chimiques GHS\/HazCom 2012, les panneaux OSHA\/ANSI avec en-t\u00eates, et le balisage. Les prix en ligne et les offres sp\u00e9ciales ne sont disponibles que pour les clients d&rsquo;Am\u00e9rique du Nord. N&rsquo;h\u00e9sitez pas \u00e0 contacter votre gestionnaire de compte ou le service client\u00e8le pour conna\u00eetre les tarifs internationaux. <\/p>\n<ul>\n<li><strong>Station de travail autonome :<\/strong> Kodiak est pr\u00eate \u00e0 fonctionner d\u00e8s sa sortie de la bo\u00eete sans avoir besoin d&rsquo;une connexion r\u00e9seau. Concevez et imprimez des \u00e9tiquettes partout o\u00f9 il y a une prise de courant gr\u00e2ce au clavier sans fil, \u00e0 l&rsquo;\u00e9cran tactile couleur de 9 pouces, au stylet et au logiciel d&rsquo;\u00e9tiquetage int\u00e9gr\u00e9. Pour plus de d\u00e9tails et d&rsquo;avantages, consultez le d\u00e9pliant DuraLabel Kodiak.  <\/li>\n<li><strong>Impression bicolore :<\/strong> augmentez votre production avec plus de 30 types de fournitures unicolores et multicolores pour une gamme de besoins et d&rsquo;environnements sp\u00e9cifiques \u00e0 l&rsquo;industrie.<\/li>\n<li><strong>Deux cartouches de ruban :<\/strong> remplacez facilement les couleurs de ruban pour r\u00e9duire les temps d&rsquo;arr\u00eat et augmenter votre production.<\/li>\n<li><strong>Un logiciel puissant :<\/strong> LabelForge PRO vous permet de cr\u00e9er des \u00e9tiquettes normalis\u00e9es pour r\u00e9pondre aux exigences r\u00e9glementaires \u00e0 l&rsquo;aide de mod\u00e8les ou de personnaliser des \u00e9tiquettes \u00e0 partir de z\u00e9ro.<\/li>\n<\/ul>\n<p>&nbsp;<\/p>\n","protected":false},"excerpt":{"rendered":"<p>DuraLabel Kodiak Max Arc Flash Kit est une solution compl\u00e8te pour l&rsquo;\u00e9tiquetage des \u00e9clairs d&rsquo;arc. Ce kit d&rsquo;\u00e9tiquetage industriel inclut toutes les fournitures n\u00e9cessaires pour cr\u00e9er des \u00e9tiquettes de s\u00e9curit\u00e9 NFPA 70E\/NEC pour les \u00e9clairs d&rsquo;arc afin de garantir la conformit\u00e9 aux normes OSHA. <\/p>\n","protected":false},"featured_media":48965,"comment_status":"open","ping_status":"closed","template":"","meta":{"_acf_changed":false,"_et_pb_use_builder":"","_et_pb_old_content":"","_et_gb_content_width":""},"product_brand":[],"product_cat":[1062],"product_tag":[928],"pa_connextion-shapes":[],"class_list":{"0":"post-48961","1":"product","2":"type-product","3":"status-publish","4":"has-post-thumbnail","6":"product_cat-kits-de-demarrage-duralabel","7":"product_tag-duralabel-fr","9":"first","10":"instock","11":"sale","12":"taxable","13":"shipping-taxable","14":"purchasable","15":"product-type-woosg"},"exclude_global_add_ons":[],"addons":[],"acf":[],"yoast_head":"<!-- This site is optimized with the Yoast SEO Premium plugin v27.0 (Yoast SEO v27.1) - https:\/\/yoast.com\/product\/yoast-seo-premium-wordpress\/ -->\n<title>Kodiak Max Kit de D\u00e9marrage \u00c9clair d&#039;Arc - Duralabel<\/title>\n<meta name=\"description\" content=\"KodiakMax Arc Flash Kit est une solution compl\u00e8te pour l&#039;\u00e9tiquetage des \u00e9clairs d&#039;arc. Ce kit d&#039;\u00e9tiquetage comprend les fournitures n\u00e9cessaires pour cr\u00e9er des \u00e9tiquettes de s\u00e9curit\u00e9 NFPA 70E\/NEC pour les \u00e9clairs d&#039;arc.\" \/>\n<meta name=\"robots\" content=\"index, follow, max-snippet:-1, max-image-preview:large, max-video-preview:-1\" \/>\n<link rel=\"canonical\" href=\"https:\/\/d-identify.be\/fr\/produit\/kit-de-demarrage-kodiak-max-ghs-copy\/\" \/>\n<meta property=\"og:locale\" content=\"fr_FR\" \/>\n<meta property=\"og:type\" content=\"article\" \/>\n<meta property=\"og:title\" content=\"Kodiak Max Kit de D\u00e9marrage \u00c9clair d&#039;Arc\" \/>\n<meta property=\"og:description\" content=\"KodiakMax Arc Flash Kit est une solution compl\u00e8te pour l&#039;\u00e9tiquetage des \u00e9clairs d&#039;arc. Ce kit d&#039;\u00e9tiquetage comprend les fournitures n\u00e9cessaires pour cr\u00e9er des \u00e9tiquettes de s\u00e9curit\u00e9 NFPA 70E\/NEC pour les \u00e9clairs d&#039;arc.\" \/>\n<meta property=\"og:url\" content=\"https:\/\/d-identify.be\/fr\/produit\/kit-de-demarrage-kodiak-max-ghs-copy\/\" \/>\n<meta property=\"og:site_name\" content=\"d-identify\" \/>\n<meta property=\"article:modified_time\" content=\"2025-01-10T14:56:06+00:00\" \/>\n<meta property=\"og:image\" content=\"https:\/\/d-identify.be\/wp-content\/uploads\/2024\/11\/Kodiak-Max-ARC-Flash-Starter-kit.png\" \/>\n\t<meta property=\"og:image:width\" content=\"487\" \/>\n\t<meta property=\"og:image:height\" content=\"420\" \/>\n\t<meta property=\"og:image:type\" content=\"image\/png\" \/>\n<meta name=\"twitter:card\" content=\"summary_large_image\" \/>\n<meta name=\"twitter:label1\" content=\"Dur\u00e9e de lecture estim\u00e9e\" \/>\n\t<meta name=\"twitter:data1\" content=\"2 minutes\" \/>\n<script type=\"application\/ld+json\" class=\"yoast-schema-graph\">{\"@context\":\"https:\/\/schema.org\",\"@graph\":[{\"@type\":\"WebPage\",\"@id\":\"https:\/\/d-identify.be\/fr\/produit\/kit-de-demarrage-kodiak-max-ghs-copy\/\",\"url\":\"https:\/\/d-identify.be\/fr\/produit\/kit-de-demarrage-kodiak-max-ghs-copy\/\",\"name\":\"Kodiak Max Kit de D\u00e9marrage \u00c9clair d'Arc - Duralabel\",\"isPartOf\":{\"@id\":\"https:\/\/d-identify.be\/fr\/#website\"},\"primaryImageOfPage\":{\"@id\":\"https:\/\/d-identify.be\/fr\/produit\/kit-de-demarrage-kodiak-max-ghs-copy\/#primaryimage\"},\"image\":{\"@id\":\"https:\/\/d-identify.be\/fr\/produit\/kit-de-demarrage-kodiak-max-ghs-copy\/#primaryimage\"},\"thumbnailUrl\":\"https:\/\/d-identify.be\/wp-content\/uploads\/2024\/11\/Kodiak-Max-ARC-Flash-Starter-kit.png\",\"datePublished\":\"2024-11-27T14:14:39+00:00\",\"dateModified\":\"2025-01-10T14:56:06+00:00\",\"description\":\"KodiakMax Arc Flash Kit est une solution compl\u00e8te pour l'\u00e9tiquetage des \u00e9clairs d'arc. Ce kit d'\u00e9tiquetage comprend les fournitures n\u00e9cessaires pour cr\u00e9er des \u00e9tiquettes de s\u00e9curit\u00e9 NFPA 70E\/NEC pour les \u00e9clairs d'arc.\",\"breadcrumb\":{\"@id\":\"https:\/\/d-identify.be\/fr\/produit\/kit-de-demarrage-kodiak-max-ghs-copy\/#breadcrumb\"},\"inLanguage\":\"fr-FR\",\"potentialAction\":[{\"@type\":\"ReadAction\",\"target\":[\"https:\/\/d-identify.be\/fr\/produit\/kit-de-demarrage-kodiak-max-ghs-copy\/\"]}]},{\"@type\":\"ImageObject\",\"inLanguage\":\"fr-FR\",\"@id\":\"https:\/\/d-identify.be\/fr\/produit\/kit-de-demarrage-kodiak-max-ghs-copy\/#primaryimage\",\"url\":\"https:\/\/d-identify.be\/wp-content\/uploads\/2024\/11\/Kodiak-Max-ARC-Flash-Starter-kit.png\",\"contentUrl\":\"https:\/\/d-identify.be\/wp-content\/uploads\/2024\/11\/Kodiak-Max-ARC-Flash-Starter-kit.png\",\"width\":487,\"height\":420,\"caption\":\"Kodiak Max Kit de D\u00e9marrage \u00c9clair d'Arc\"},{\"@type\":\"BreadcrumbList\",\"@id\":\"https:\/\/d-identify.be\/fr\/produit\/kit-de-demarrage-kodiak-max-ghs-copy\/#breadcrumb\",\"itemListElement\":[{\"@type\":\"ListItem\",\"position\":1,\"name\":\"Home\",\"item\":\"https:\/\/d-identify.be\/fr\/home-2\/\"},{\"@type\":\"ListItem\",\"position\":2,\"name\":\"Boutique\",\"item\":\"https:\/\/d-identify.be\/fr\/boutique\/\"},{\"@type\":\"ListItem\",\"position\":3,\"name\":\"Kodiak Max Kit de D\u00e9marrage \u00c9clair d&#8217;Arc\"}]},{\"@type\":\"WebSite\",\"@id\":\"https:\/\/d-identify.be\/fr\/#website\",\"url\":\"https:\/\/d-identify.be\/fr\/\",\"name\":\"d-identify\",\"description\":\"Industrial identification - Lockout - Tagout - Floor marking\",\"potentialAction\":[{\"@type\":\"SearchAction\",\"target\":{\"@type\":\"EntryPoint\",\"urlTemplate\":\"https:\/\/d-identify.be\/fr\/?s={search_term_string}\"},\"query-input\":{\"@type\":\"PropertyValueSpecification\",\"valueRequired\":true,\"valueName\":\"search_term_string\"}}],\"inLanguage\":\"fr-FR\"}]}<\/script>\n<!-- \/ Yoast SEO Premium plugin. -->","yoast_head_json":{"title":"Kodiak Max Kit de D\u00e9marrage \u00c9clair d'Arc - Duralabel","description":"KodiakMax Arc Flash Kit est une solution compl\u00e8te pour l'\u00e9tiquetage des \u00e9clairs d'arc. Ce kit d'\u00e9tiquetage comprend les fournitures n\u00e9cessaires pour cr\u00e9er des \u00e9tiquettes de s\u00e9curit\u00e9 NFPA 70E\/NEC pour les \u00e9clairs d'arc.","robots":{"index":"index","follow":"follow","max-snippet":"max-snippet:-1","max-image-preview":"max-image-preview:large","max-video-preview":"max-video-preview:-1"},"canonical":"https:\/\/d-identify.be\/fr\/produit\/kit-de-demarrage-kodiak-max-ghs-copy\/","og_locale":"fr_FR","og_type":"article","og_title":"Kodiak Max Kit de D\u00e9marrage \u00c9clair d'Arc","og_description":"KodiakMax Arc Flash Kit est une solution compl\u00e8te pour l'\u00e9tiquetage des \u00e9clairs d'arc. Ce kit d'\u00e9tiquetage comprend les fournitures n\u00e9cessaires pour cr\u00e9er des \u00e9tiquettes de s\u00e9curit\u00e9 NFPA 70E\/NEC pour les \u00e9clairs d'arc.","og_url":"https:\/\/d-identify.be\/fr\/produit\/kit-de-demarrage-kodiak-max-ghs-copy\/","og_site_name":"d-identify","article_modified_time":"2025-01-10T14:56:06+00:00","og_image":[{"width":487,"height":420,"url":"https:\/\/d-identify.be\/wp-content\/uploads\/2024\/11\/Kodiak-Max-ARC-Flash-Starter-kit.png","type":"image\/png"}],"twitter_card":"summary_large_image","twitter_misc":{"Dur\u00e9e de lecture estim\u00e9e":"2 minutes"},"schema":{"@context":"https:\/\/schema.org","@graph":[{"@type":"WebPage","@id":"https:\/\/d-identify.be\/fr\/produit\/kit-de-demarrage-kodiak-max-ghs-copy\/","url":"https:\/\/d-identify.be\/fr\/produit\/kit-de-demarrage-kodiak-max-ghs-copy\/","name":"Kodiak Max Kit de D\u00e9marrage \u00c9clair d'Arc - Duralabel","isPartOf":{"@id":"https:\/\/d-identify.be\/fr\/#website"},"primaryImageOfPage":{"@id":"https:\/\/d-identify.be\/fr\/produit\/kit-de-demarrage-kodiak-max-ghs-copy\/#primaryimage"},"image":{"@id":"https:\/\/d-identify.be\/fr\/produit\/kit-de-demarrage-kodiak-max-ghs-copy\/#primaryimage"},"thumbnailUrl":"https:\/\/d-identify.be\/wp-content\/uploads\/2024\/11\/Kodiak-Max-ARC-Flash-Starter-kit.png","datePublished":"2024-11-27T14:14:39+00:00","dateModified":"2025-01-10T14:56:06+00:00","description":"KodiakMax Arc Flash Kit est une solution compl\u00e8te pour l'\u00e9tiquetage des \u00e9clairs d'arc. Ce kit d'\u00e9tiquetage comprend les fournitures n\u00e9cessaires pour cr\u00e9er des \u00e9tiquettes de s\u00e9curit\u00e9 NFPA 70E\/NEC pour les \u00e9clairs d'arc.","breadcrumb":{"@id":"https:\/\/d-identify.be\/fr\/produit\/kit-de-demarrage-kodiak-max-ghs-copy\/#breadcrumb"},"inLanguage":"fr-FR","potentialAction":[{"@type":"ReadAction","target":["https:\/\/d-identify.be\/fr\/produit\/kit-de-demarrage-kodiak-max-ghs-copy\/"]}]},{"@type":"ImageObject","inLanguage":"fr-FR","@id":"https:\/\/d-identify.be\/fr\/produit\/kit-de-demarrage-kodiak-max-ghs-copy\/#primaryimage","url":"https:\/\/d-identify.be\/wp-content\/uploads\/2024\/11\/Kodiak-Max-ARC-Flash-Starter-kit.png","contentUrl":"https:\/\/d-identify.be\/wp-content\/uploads\/2024\/11\/Kodiak-Max-ARC-Flash-Starter-kit.png","width":487,"height":420,"caption":"Kodiak Max Kit de D\u00e9marrage \u00c9clair d'Arc"},{"@type":"BreadcrumbList","@id":"https:\/\/d-identify.be\/fr\/produit\/kit-de-demarrage-kodiak-max-ghs-copy\/#breadcrumb","itemListElement":[{"@type":"ListItem","position":1,"name":"Home","item":"https:\/\/d-identify.be\/fr\/home-2\/"},{"@type":"ListItem","position":2,"name":"Boutique","item":"https:\/\/d-identify.be\/fr\/boutique\/"},{"@type":"ListItem","position":3,"name":"Kodiak Max Kit de D\u00e9marrage \u00c9clair d&#8217;Arc"}]},{"@type":"WebSite","@id":"https:\/\/d-identify.be\/fr\/#website","url":"https:\/\/d-identify.be\/fr\/","name":"d-identify","description":"Industrial identification - Lockout - Tagout - Floor marking","potentialAction":[{"@type":"SearchAction","target":{"@type":"EntryPoint","urlTemplate":"https:\/\/d-identify.be\/fr\/?s={search_term_string}"},"query-input":{"@type":"PropertyValueSpecification","valueRequired":true,"valueName":"search_term_string"}}],"inLanguage":"fr-FR"}]}},"_links":{"self":[{"href":"https:\/\/d-identify.be\/fr\/wp-json\/wp\/v2\/product\/48961","targetHints":{"allow":["GET"]}}],"collection":[{"href":"https:\/\/d-identify.be\/fr\/wp-json\/wp\/v2\/product"}],"about":[{"href":"https:\/\/d-identify.be\/fr\/wp-json\/wp\/v2\/types\/product"}],"replies":[{"embeddable":true,"href":"https:\/\/d-identify.be\/fr\/wp-json\/wp\/v2\/comments?post=48961"}],"wp:featuredmedia":[{"embeddable":true,"href":"https:\/\/d-identify.be\/fr\/wp-json\/wp\/v2\/media\/48965"}],"wp:attachment":[{"href":"https:\/\/d-identify.be\/fr\/wp-json\/wp\/v2\/media?parent=48961"}],"wp:term":[{"taxonomy":"product_brand","embeddable":true,"href":"https:\/\/d-identify.be\/fr\/wp-json\/wp\/v2\/product_brand?post=48961"},{"taxonomy":"product_cat","embeddable":true,"href":"https:\/\/d-identify.be\/fr\/wp-json\/wp\/v2\/product_cat?post=48961"},{"taxonomy":"product_tag","embeddable":true,"href":"https:\/\/d-identify.be\/fr\/wp-json\/wp\/v2\/product_tag?post=48961"},{"taxonomy":"pa_connextion-shapes","embeddable":true,"href":"https:\/\/d-identify.be\/fr\/wp-json\/wp\/v2\/pa_connextion-shapes?post=48961"}],"curies":[{"name":"wp","href":"https:\/\/api.w.org\/{rel}","templated":true}]}}