{"id":48687,"date":"2024-11-12T12:13:46","date_gmt":"2024-11-12T10:13:46","guid":{"rendered":"https:\/\/d-identify.be\/?post_type=product&#038;p=48687"},"modified":"2026-02-10T12:15:13","modified_gmt":"2026-02-10T10:15:13","slug":"azote-liquide","status":"publish","type":"product","link":"https:\/\/d-identify.be\/fr\/produit\/azote-liquide\/","title":{"rendered":"Marquage de tuyauterie \u2013 Azote liquide"},"content":{"rendered":"<div class=\"flex max-w-full flex-col flex-grow\">\n<div class=\"min-h-8 text-message flex w-full flex-col items-end gap-2 whitespace-normal break-words [.text-message+&amp;]:mt-5\" dir=\"auto\" data-message-author-role=\"assistant\" data-message-id=\"3e068592-fd02-4445-b22c-60b81b08b5f3\">\n<div class=\"flex w-full flex-col gap-1 empty:hidden first:pt-[3px]\">\n<div class=\"markdown prose w-full break-words dark:prose-invert light\">\n<p data-start=\"346\" data-end=\"594\">Ce <strong data-start=\"349\" data-end=\"391\">marquage de tuyauterie \u201cazote liquide\u201d<\/strong> permet d\u2019identifier clairement les conduites transportant de l\u2019azote liquide dans les installations industrielles et commerciales. Il am\u00e9liore la lisibilit\u00e9 des r\u00e9seaux et renforce la s\u00e9curit\u00e9 sur site.<\/p>\n<p data-start=\"596\" data-end=\"796\">L\u2019indication du fluide est imm\u00e9diate. Cela facilite les op\u00e9rations de maintenance, d\u2019inspection et d\u2019intervention. Une identification claire r\u00e9duit les erreurs et limite les risques pour le personnel.<\/p>\n<p data-start=\"798\" data-end=\"1040\">Le <strong data-start=\"801\" data-end=\"841\">marquage de tuyauterie azote liquide<\/strong> est disponible en plusieurs formats. Chaque format correspond \u00e0 un diam\u00e8tre de tuyau sp\u00e9cifique. Cela garantit un marquage coh\u00e9rent dans les nouvelles installations comme dans les r\u00e9seaux existants.<\/p>\n<p data-start=\"1042\" data-end=\"1246\">Le texte est clair et facile \u00e0 lire. Les fl\u00e8ches indiquent le sens d\u2019\u00e9coulement du fluide. La direction reste visible en un coup d\u2019\u0153il. Cela simplifie les interventions et am\u00e9liore la s\u00e9curit\u00e9 au travail.<\/p>\n<\/div>\n<\/div>\n<\/div>\n<\/div>\n","protected":false},"excerpt":{"rendered":"<p>Marquage de tuyauterie pour l\u2019identification claire des conduites d\u2019azote liquide, avec texte lisible et fl\u00e8ches de sens d\u2019\u00e9coulement.<\/p>\n<ul>\n<li><strong>Mat\u00e9riau :<\/strong>Vinyle polym\u00e8re<\/li>\n<li><strong>Adh\u00e9sif :<\/strong>Acrylique permanent<\/li>\n<li><strong>Plage de temp\u00e9rature :<\/strong> -30\u00b0C \u00e0 +120\u00b0C<\/li>\n<li><strong>Durabilit\u00e9 :<\/strong>jusqu&rsquo;\u00e0 7 ans<\/li>\n<li><strong>Finition :<\/strong>Semi-brillant (lamin\u00e9 UV)<\/li>\n<\/ul>\n<p>* Tous nos marquages sont extra lamin\u00e9s pour garantir une bonne r\u00e9sistance aux UV pendant jusqu&rsquo;\u00e0 7 ans dans des environnements ext\u00e9rieurs.<\/p>\n","protected":false},"featured_media":48704,"comment_status":"open","ping_status":"closed","template":"","meta":{"_acf_changed":false,"_et_pb_use_builder":"","_et_pb_old_content":"","_et_gb_content_width":""},"product_brand":[],"product_cat":[1109],"product_tag":[],"pa_connextion-shapes":[],"class_list":{"0":"post-48687","1":"product","2":"type-product","3":"status-publish","4":"has-post-thumbnail","6":"product_cat-marquage-de-tuyauteries","8":"first","9":"instock","10":"taxable","11":"shipping-taxable","12":"purchasable","13":"product-type-variable","14":"has-default-attributes"},"exclude_global_add_ons":[],"addons":[],"acf":[],"yoast_head":"<!-- This site is optimized with the Yoast SEO Premium plugin v27.0 (Yoast SEO v27.1) - https:\/\/yoast.com\/product\/yoast-seo-premium-wordpress\/ -->\n<title>Marquage de tuyauterie azote liquide | Identification claire<\/title>\n<meta name=\"description\" content=\"Marquage de tuyauterie pour l\u2019identification claire des conduites d\u2019azote liquide. Texte lisible, fl\u00e8ches de sens d\u2019\u00e9coulement et formats adapt\u00e9s.\" \/>\n<meta name=\"robots\" content=\"index, follow, max-snippet:-1, max-image-preview:large, max-video-preview:-1\" \/>\n<link rel=\"canonical\" href=\"https:\/\/d-identify.be\/fr\/produit\/azote-liquide\/\" \/>\n<meta property=\"og:locale\" content=\"fr_FR\" \/>\n<meta property=\"og:type\" content=\"article\" \/>\n<meta property=\"og:title\" content=\"Marquage de tuyauterie \u2013 Azote liquide\" \/>\n<meta property=\"og:description\" content=\"Marquage de tuyauterie pour l\u2019identification claire des conduites d\u2019azote liquide. Texte lisible, fl\u00e8ches de sens d\u2019\u00e9coulement et formats adapt\u00e9s.\" \/>\n<meta property=\"og:url\" content=\"https:\/\/d-identify.be\/fr\/produit\/azote-liquide\/\" \/>\n<meta property=\"og:site_name\" content=\"d-identify\" \/>\n<meta property=\"article:modified_time\" content=\"2026-02-10T10:15:13+00:00\" \/>\n<meta property=\"og:image\" content=\"https:\/\/d-identify.be\/wp-content\/uploads\/2024\/11\/BR450x52FR-2-48.png\" \/>\n\t<meta property=\"og:image:width\" content=\"1074\" \/>\n\t<meta property=\"og:image:height\" content=\"665\" \/>\n\t<meta property=\"og:image:type\" content=\"image\/png\" \/>\n<meta name=\"twitter:card\" content=\"summary_large_image\" \/>\n<meta name=\"twitter:label1\" content=\"Dur\u00e9e de lecture estim\u00e9e\" \/>\n\t<meta name=\"twitter:data1\" content=\"1 minute\" \/>\n<script type=\"application\/ld+json\" class=\"yoast-schema-graph\">{\"@context\":\"https:\/\/schema.org\",\"@graph\":[{\"@type\":\"WebPage\",\"@id\":\"https:\/\/d-identify.be\/fr\/produit\/azote-liquide\/\",\"url\":\"https:\/\/d-identify.be\/fr\/produit\/azote-liquide\/\",\"name\":\"Marquage de tuyauterie azote liquide | Identification claire\",\"isPartOf\":{\"@id\":\"https:\/\/d-identify.be\/fr\/#website\"},\"primaryImageOfPage\":{\"@id\":\"https:\/\/d-identify.be\/fr\/produit\/azote-liquide\/#primaryimage\"},\"image\":{\"@id\":\"https:\/\/d-identify.be\/fr\/produit\/azote-liquide\/#primaryimage\"},\"thumbnailUrl\":\"https:\/\/d-identify.be\/wp-content\/uploads\/2024\/11\/BR450x52FR-2-48.png\",\"datePublished\":\"2024-11-12T10:13:46+00:00\",\"dateModified\":\"2026-02-10T10:15:13+00:00\",\"description\":\"Marquage de tuyauterie pour l\u2019identification claire des conduites d\u2019azote liquide. Texte lisible, fl\u00e8ches de sens d\u2019\u00e9coulement et formats adapt\u00e9s.\",\"breadcrumb\":{\"@id\":\"https:\/\/d-identify.be\/fr\/produit\/azote-liquide\/#breadcrumb\"},\"inLanguage\":\"fr-FR\",\"potentialAction\":[{\"@type\":\"ReadAction\",\"target\":[\"https:\/\/d-identify.be\/fr\/produit\/azote-liquide\/\"]}]},{\"@type\":\"ImageObject\",\"inLanguage\":\"fr-FR\",\"@id\":\"https:\/\/d-identify.be\/fr\/produit\/azote-liquide\/#primaryimage\",\"url\":\"https:\/\/d-identify.be\/wp-content\/uploads\/2024\/11\/BR450x52FR-2-48.png\",\"contentUrl\":\"https:\/\/d-identify.be\/wp-content\/uploads\/2024\/11\/BR450x52FR-2-48.png\",\"width\":1074,\"height\":665,\"caption\":\"Marquage de tuyauterie azote liquide | Identification claire\"},{\"@type\":\"BreadcrumbList\",\"@id\":\"https:\/\/d-identify.be\/fr\/produit\/azote-liquide\/#breadcrumb\",\"itemListElement\":[{\"@type\":\"ListItem\",\"position\":1,\"name\":\"Home\",\"item\":\"https:\/\/d-identify.be\/fr\/home-2\/\"},{\"@type\":\"ListItem\",\"position\":2,\"name\":\"Boutique\",\"item\":\"https:\/\/d-identify.be\/fr\/boutique\/\"},{\"@type\":\"ListItem\",\"position\":3,\"name\":\"Marquage de tuyauterie \u2013 Azote liquide\"}]},{\"@type\":\"WebSite\",\"@id\":\"https:\/\/d-identify.be\/fr\/#website\",\"url\":\"https:\/\/d-identify.be\/fr\/\",\"name\":\"d-identify\",\"description\":\"Industrial identification - Lockout - Tagout - Floor marking\",\"potentialAction\":[{\"@type\":\"SearchAction\",\"target\":{\"@type\":\"EntryPoint\",\"urlTemplate\":\"https:\/\/d-identify.be\/fr\/?s={search_term_string}\"},\"query-input\":{\"@type\":\"PropertyValueSpecification\",\"valueRequired\":true,\"valueName\":\"search_term_string\"}}],\"inLanguage\":\"fr-FR\"}]}<\/script>\n<!-- \/ Yoast SEO Premium plugin. -->","yoast_head_json":{"title":"Marquage de tuyauterie azote liquide | Identification claire","description":"Marquage de tuyauterie pour l\u2019identification claire des conduites d\u2019azote liquide. Texte lisible, fl\u00e8ches de sens d\u2019\u00e9coulement et formats adapt\u00e9s.","robots":{"index":"index","follow":"follow","max-snippet":"max-snippet:-1","max-image-preview":"max-image-preview:large","max-video-preview":"max-video-preview:-1"},"canonical":"https:\/\/d-identify.be\/fr\/produit\/azote-liquide\/","og_locale":"fr_FR","og_type":"article","og_title":"Marquage de tuyauterie \u2013 Azote liquide","og_description":"Marquage de tuyauterie pour l\u2019identification claire des conduites d\u2019azote liquide. Texte lisible, fl\u00e8ches de sens d\u2019\u00e9coulement et formats adapt\u00e9s.","og_url":"https:\/\/d-identify.be\/fr\/produit\/azote-liquide\/","og_site_name":"d-identify","article_modified_time":"2026-02-10T10:15:13+00:00","og_image":[{"width":1074,"height":665,"url":"https:\/\/d-identify.be\/wp-content\/uploads\/2024\/11\/BR450x52FR-2-48.png","type":"image\/png"}],"twitter_card":"summary_large_image","twitter_misc":{"Dur\u00e9e de lecture estim\u00e9e":"1 minute"},"schema":{"@context":"https:\/\/schema.org","@graph":[{"@type":"WebPage","@id":"https:\/\/d-identify.be\/fr\/produit\/azote-liquide\/","url":"https:\/\/d-identify.be\/fr\/produit\/azote-liquide\/","name":"Marquage de tuyauterie azote liquide | Identification claire","isPartOf":{"@id":"https:\/\/d-identify.be\/fr\/#website"},"primaryImageOfPage":{"@id":"https:\/\/d-identify.be\/fr\/produit\/azote-liquide\/#primaryimage"},"image":{"@id":"https:\/\/d-identify.be\/fr\/produit\/azote-liquide\/#primaryimage"},"thumbnailUrl":"https:\/\/d-identify.be\/wp-content\/uploads\/2024\/11\/BR450x52FR-2-48.png","datePublished":"2024-11-12T10:13:46+00:00","dateModified":"2026-02-10T10:15:13+00:00","description":"Marquage de tuyauterie pour l\u2019identification claire des conduites d\u2019azote liquide. Texte lisible, fl\u00e8ches de sens d\u2019\u00e9coulement et formats adapt\u00e9s.","breadcrumb":{"@id":"https:\/\/d-identify.be\/fr\/produit\/azote-liquide\/#breadcrumb"},"inLanguage":"fr-FR","potentialAction":[{"@type":"ReadAction","target":["https:\/\/d-identify.be\/fr\/produit\/azote-liquide\/"]}]},{"@type":"ImageObject","inLanguage":"fr-FR","@id":"https:\/\/d-identify.be\/fr\/produit\/azote-liquide\/#primaryimage","url":"https:\/\/d-identify.be\/wp-content\/uploads\/2024\/11\/BR450x52FR-2-48.png","contentUrl":"https:\/\/d-identify.be\/wp-content\/uploads\/2024\/11\/BR450x52FR-2-48.png","width":1074,"height":665,"caption":"Marquage de tuyauterie azote liquide | Identification claire"},{"@type":"BreadcrumbList","@id":"https:\/\/d-identify.be\/fr\/produit\/azote-liquide\/#breadcrumb","itemListElement":[{"@type":"ListItem","position":1,"name":"Home","item":"https:\/\/d-identify.be\/fr\/home-2\/"},{"@type":"ListItem","position":2,"name":"Boutique","item":"https:\/\/d-identify.be\/fr\/boutique\/"},{"@type":"ListItem","position":3,"name":"Marquage de tuyauterie \u2013 Azote liquide"}]},{"@type":"WebSite","@id":"https:\/\/d-identify.be\/fr\/#website","url":"https:\/\/d-identify.be\/fr\/","name":"d-identify","description":"Industrial identification - Lockout - Tagout - Floor marking","potentialAction":[{"@type":"SearchAction","target":{"@type":"EntryPoint","urlTemplate":"https:\/\/d-identify.be\/fr\/?s={search_term_string}"},"query-input":{"@type":"PropertyValueSpecification","valueRequired":true,"valueName":"search_term_string"}}],"inLanguage":"fr-FR"}]}},"_links":{"self":[{"href":"https:\/\/d-identify.be\/fr\/wp-json\/wp\/v2\/product\/48687","targetHints":{"allow":["GET"]}}],"collection":[{"href":"https:\/\/d-identify.be\/fr\/wp-json\/wp\/v2\/product"}],"about":[{"href":"https:\/\/d-identify.be\/fr\/wp-json\/wp\/v2\/types\/product"}],"replies":[{"embeddable":true,"href":"https:\/\/d-identify.be\/fr\/wp-json\/wp\/v2\/comments?post=48687"}],"wp:featuredmedia":[{"embeddable":true,"href":"https:\/\/d-identify.be\/fr\/wp-json\/wp\/v2\/media\/48704"}],"wp:attachment":[{"href":"https:\/\/d-identify.be\/fr\/wp-json\/wp\/v2\/media?parent=48687"}],"wp:term":[{"taxonomy":"product_brand","embeddable":true,"href":"https:\/\/d-identify.be\/fr\/wp-json\/wp\/v2\/product_brand?post=48687"},{"taxonomy":"product_cat","embeddable":true,"href":"https:\/\/d-identify.be\/fr\/wp-json\/wp\/v2\/product_cat?post=48687"},{"taxonomy":"product_tag","embeddable":true,"href":"https:\/\/d-identify.be\/fr\/wp-json\/wp\/v2\/product_tag?post=48687"},{"taxonomy":"pa_connextion-shapes","embeddable":true,"href":"https:\/\/d-identify.be\/fr\/wp-json\/wp\/v2\/pa_connextion-shapes?post=48687"}],"curies":[{"name":"wp","href":"https:\/\/api.w.org\/{rel}","templated":true}]}}