{"id":48535,"date":"2024-11-09T18:16:15","date_gmt":"2024-11-09T16:16:15","guid":{"rendered":"https:\/\/d-identify.be\/?post_type=product&#038;p=48535"},"modified":"2026-02-10T13:28:30","modified_gmt":"2026-02-10T11:28:30","slug":"fioul","status":"publish","type":"product","link":"https:\/\/d-identify.be\/fr\/produit\/fioul\/","title":{"rendered":"Marquage de tuyauterie \u2013 Fioul"},"content":{"rendered":"<div class=\"flex max-w-full flex-col flex-grow\">\n<div class=\"min-h-8 text-message flex w-full flex-col items-end gap-2 whitespace-normal break-words [.text-message+&amp;]:mt-5\" dir=\"auto\" data-message-author-role=\"assistant\" data-message-id=\"3e068592-fd02-4445-b22c-60b81b08b5f3\">\n<div class=\"flex w-full flex-col gap-1 empty:hidden first:pt-[3px]\">\n<div class=\"markdown prose w-full break-words dark:prose-invert light\">\n<p data-start=\"1256\" data-end=\"1523\">Ce <strong data-start=\"1259\" data-end=\"1293\">marquage de tuyauterie \u201cfioul\u201d<\/strong> permet une identification claire des conduites de fioul conform\u00e9ment aux <strong data-start=\"1367\" data-end=\"1430\">normes et pratiques europ\u00e9ennes de marquage des tuyauteries<\/strong>. Il assure une lecture rapide des r\u00e9seaux et am\u00e9liore la s\u00e9curit\u00e9 globale de l\u2019installation.<\/p>\n<p data-start=\"1525\" data-end=\"1729\">L\u2019identification du fluide est imm\u00e9diate. Elle simplifie la maintenance, les inspections et les interventions techniques. Une signalisation claire limite les erreurs et les risques li\u00e9s aux manipulations.<\/p>\n<p data-start=\"1731\" data-end=\"1908\">Disponible en plusieurs formats, ce marquage s\u2019adapte aux diff\u00e9rents diam\u00e8tres de tuyaux. Il garantit une identification uniforme et durable dans les r\u00e9seaux neufs et existants.<\/p>\n<p data-start=\"1910\" data-end=\"2021\">Le texte reste lisible en toutes circonstances. Les fl\u00e8ches indiquent clairement le sens d\u2019\u00e9coulement du fioul.<\/p>\n<\/div>\n<\/div>\n<\/div>\n<\/div>\n","protected":false},"excerpt":{"rendered":"<p>Marquage de tuyauterie pour identifier clairement les conduites de fioul. Le texte est lisible et les fl\u00e8ches indiquent le sens d\u2019\u00e9coulement. <strong>Conforme aux pratiques europ\u00e9ennes de marquage des tuyauteries.<\/strong><\/p>\n<ul>\n<li><strong>Mat\u00e9riau :<\/strong> Vinyle polym\u00e8re<\/li>\n<li><strong>Adh\u00e9sif :<\/strong> Acrylique permanent<\/li>\n<li><strong>Plage de temp\u00e9rature :<\/strong> \u221230\u00a0\u00b0C \u00e0 +120\u00a0\u00b0C<\/li>\n<li><strong>Durabilit\u00e9 :<\/strong> jusqu\u2019\u00e0 7 ans<\/li>\n<li><strong>Finition :<\/strong> Semi-brillant (lamin\u00e9 UV)<\/li>\n<\/ul>\n<p><em>Tous nos marquages sont extra lamin\u00e9s pour garantir une bonne r\u00e9sistance aux UV pendant jusqu\u2019\u00e0 7 ans dans des environnements ext\u00e9rieurs.<\/em><\/p>\n","protected":false},"featured_media":48552,"comment_status":"open","ping_status":"closed","template":"","meta":{"_acf_changed":false,"_et_pb_use_builder":"","_et_pb_old_content":"","_et_gb_content_width":""},"product_brand":[],"product_cat":[1109],"product_tag":[],"pa_connextion-shapes":[],"class_list":{"0":"post-48535","1":"product","2":"type-product","3":"status-publish","4":"has-post-thumbnail","6":"product_cat-marquage-de-tuyauteries","8":"first","9":"instock","10":"taxable","11":"shipping-taxable","12":"purchasable","13":"product-type-variable","14":"has-default-attributes"},"exclude_global_add_ons":[],"addons":[],"acf":[],"yoast_head":"<!-- This site is optimized with the Yoast SEO Premium plugin v27.0 (Yoast SEO v27.1) - https:\/\/yoast.com\/product\/yoast-seo-premium-wordpress\/ -->\n<title>Marquage de tuyauterie fioul | Identification claire<\/title>\n<meta name=\"description\" content=\"Marquage de tuyauterie pour l\u2019identification claire des conduites de fioul, avec texte lisible et fl\u00e8ches de sens d\u2019\u00e9coulement.\" \/>\n<meta name=\"robots\" content=\"index, follow, max-snippet:-1, max-image-preview:large, max-video-preview:-1\" \/>\n<link rel=\"canonical\" href=\"https:\/\/d-identify.be\/fr\/produit\/fioul\/\" \/>\n<meta property=\"og:locale\" content=\"fr_FR\" \/>\n<meta property=\"og:type\" content=\"article\" \/>\n<meta property=\"og:title\" content=\"Marquage de tuyauterie \u2013 Fioul\" \/>\n<meta property=\"og:description\" content=\"Marquage de tuyauterie pour l\u2019identification claire des conduites de fioul, avec texte lisible et fl\u00e8ches de sens d\u2019\u00e9coulement.\" \/>\n<meta property=\"og:url\" content=\"https:\/\/d-identify.be\/fr\/produit\/fioul\/\" \/>\n<meta property=\"og:site_name\" content=\"d-identify\" \/>\n<meta property=\"article:modified_time\" content=\"2026-02-10T11:28:30+00:00\" \/>\n<meta property=\"og:image\" content=\"https:\/\/d-identify.be\/wp-content\/uploads\/2024\/11\/BR450x52FR-2-39.png\" \/>\n\t<meta property=\"og:image:width\" content=\"1077\" \/>\n\t<meta property=\"og:image:height\" content=\"667\" \/>\n\t<meta property=\"og:image:type\" content=\"image\/png\" \/>\n<meta name=\"twitter:card\" content=\"summary_large_image\" \/>\n<meta name=\"twitter:label1\" content=\"Dur\u00e9e de lecture estim\u00e9e\" \/>\n\t<meta name=\"twitter:data1\" content=\"1 minute\" \/>\n<script type=\"application\/ld+json\" class=\"yoast-schema-graph\">{\"@context\":\"https:\/\/schema.org\",\"@graph\":[{\"@type\":\"WebPage\",\"@id\":\"https:\/\/d-identify.be\/fr\/produit\/fioul\/\",\"url\":\"https:\/\/d-identify.be\/fr\/produit\/fioul\/\",\"name\":\"Marquage de tuyauterie fioul | Identification claire\",\"isPartOf\":{\"@id\":\"https:\/\/d-identify.be\/fr\/#website\"},\"primaryImageOfPage\":{\"@id\":\"https:\/\/d-identify.be\/fr\/produit\/fioul\/#primaryimage\"},\"image\":{\"@id\":\"https:\/\/d-identify.be\/fr\/produit\/fioul\/#primaryimage\"},\"thumbnailUrl\":\"https:\/\/d-identify.be\/wp-content\/uploads\/2024\/11\/BR450x52FR-2-39.png\",\"datePublished\":\"2024-11-09T16:16:15+00:00\",\"dateModified\":\"2026-02-10T11:28:30+00:00\",\"description\":\"Marquage de tuyauterie pour l\u2019identification claire des conduites de fioul, avec texte lisible et fl\u00e8ches de sens d\u2019\u00e9coulement.\",\"breadcrumb\":{\"@id\":\"https:\/\/d-identify.be\/fr\/produit\/fioul\/#breadcrumb\"},\"inLanguage\":\"fr-FR\",\"potentialAction\":[{\"@type\":\"ReadAction\",\"target\":[\"https:\/\/d-identify.be\/fr\/produit\/fioul\/\"]}]},{\"@type\":\"ImageObject\",\"inLanguage\":\"fr-FR\",\"@id\":\"https:\/\/d-identify.be\/fr\/produit\/fioul\/#primaryimage\",\"url\":\"https:\/\/d-identify.be\/wp-content\/uploads\/2024\/11\/BR450x52FR-2-39.png\",\"contentUrl\":\"https:\/\/d-identify.be\/wp-content\/uploads\/2024\/11\/BR450x52FR-2-39.png\",\"width\":1077,\"height\":667,\"caption\":\"Marquage de tuyauterie fioul | Identification claire\"},{\"@type\":\"BreadcrumbList\",\"@id\":\"https:\/\/d-identify.be\/fr\/produit\/fioul\/#breadcrumb\",\"itemListElement\":[{\"@type\":\"ListItem\",\"position\":1,\"name\":\"Home\",\"item\":\"https:\/\/d-identify.be\/fr\/home-2\/\"},{\"@type\":\"ListItem\",\"position\":2,\"name\":\"Boutique\",\"item\":\"https:\/\/d-identify.be\/fr\/boutique\/\"},{\"@type\":\"ListItem\",\"position\":3,\"name\":\"Marquage de tuyauterie \u2013 Fioul\"}]},{\"@type\":\"WebSite\",\"@id\":\"https:\/\/d-identify.be\/fr\/#website\",\"url\":\"https:\/\/d-identify.be\/fr\/\",\"name\":\"d-identify\",\"description\":\"Industrial identification - Lockout - Tagout - Floor marking\",\"potentialAction\":[{\"@type\":\"SearchAction\",\"target\":{\"@type\":\"EntryPoint\",\"urlTemplate\":\"https:\/\/d-identify.be\/fr\/?s={search_term_string}\"},\"query-input\":{\"@type\":\"PropertyValueSpecification\",\"valueRequired\":true,\"valueName\":\"search_term_string\"}}],\"inLanguage\":\"fr-FR\"}]}<\/script>\n<!-- \/ Yoast SEO Premium plugin. -->","yoast_head_json":{"title":"Marquage de tuyauterie fioul | Identification claire","description":"Marquage de tuyauterie pour l\u2019identification claire des conduites de fioul, avec texte lisible et fl\u00e8ches de sens d\u2019\u00e9coulement.","robots":{"index":"index","follow":"follow","max-snippet":"max-snippet:-1","max-image-preview":"max-image-preview:large","max-video-preview":"max-video-preview:-1"},"canonical":"https:\/\/d-identify.be\/fr\/produit\/fioul\/","og_locale":"fr_FR","og_type":"article","og_title":"Marquage de tuyauterie \u2013 Fioul","og_description":"Marquage de tuyauterie pour l\u2019identification claire des conduites de fioul, avec texte lisible et fl\u00e8ches de sens d\u2019\u00e9coulement.","og_url":"https:\/\/d-identify.be\/fr\/produit\/fioul\/","og_site_name":"d-identify","article_modified_time":"2026-02-10T11:28:30+00:00","og_image":[{"width":1077,"height":667,"url":"https:\/\/d-identify.be\/wp-content\/uploads\/2024\/11\/BR450x52FR-2-39.png","type":"image\/png"}],"twitter_card":"summary_large_image","twitter_misc":{"Dur\u00e9e de lecture estim\u00e9e":"1 minute"},"schema":{"@context":"https:\/\/schema.org","@graph":[{"@type":"WebPage","@id":"https:\/\/d-identify.be\/fr\/produit\/fioul\/","url":"https:\/\/d-identify.be\/fr\/produit\/fioul\/","name":"Marquage de tuyauterie fioul | Identification claire","isPartOf":{"@id":"https:\/\/d-identify.be\/fr\/#website"},"primaryImageOfPage":{"@id":"https:\/\/d-identify.be\/fr\/produit\/fioul\/#primaryimage"},"image":{"@id":"https:\/\/d-identify.be\/fr\/produit\/fioul\/#primaryimage"},"thumbnailUrl":"https:\/\/d-identify.be\/wp-content\/uploads\/2024\/11\/BR450x52FR-2-39.png","datePublished":"2024-11-09T16:16:15+00:00","dateModified":"2026-02-10T11:28:30+00:00","description":"Marquage de tuyauterie pour l\u2019identification claire des conduites de fioul, avec texte lisible et fl\u00e8ches de sens d\u2019\u00e9coulement.","breadcrumb":{"@id":"https:\/\/d-identify.be\/fr\/produit\/fioul\/#breadcrumb"},"inLanguage":"fr-FR","potentialAction":[{"@type":"ReadAction","target":["https:\/\/d-identify.be\/fr\/produit\/fioul\/"]}]},{"@type":"ImageObject","inLanguage":"fr-FR","@id":"https:\/\/d-identify.be\/fr\/produit\/fioul\/#primaryimage","url":"https:\/\/d-identify.be\/wp-content\/uploads\/2024\/11\/BR450x52FR-2-39.png","contentUrl":"https:\/\/d-identify.be\/wp-content\/uploads\/2024\/11\/BR450x52FR-2-39.png","width":1077,"height":667,"caption":"Marquage de tuyauterie fioul | Identification claire"},{"@type":"BreadcrumbList","@id":"https:\/\/d-identify.be\/fr\/produit\/fioul\/#breadcrumb","itemListElement":[{"@type":"ListItem","position":1,"name":"Home","item":"https:\/\/d-identify.be\/fr\/home-2\/"},{"@type":"ListItem","position":2,"name":"Boutique","item":"https:\/\/d-identify.be\/fr\/boutique\/"},{"@type":"ListItem","position":3,"name":"Marquage de tuyauterie \u2013 Fioul"}]},{"@type":"WebSite","@id":"https:\/\/d-identify.be\/fr\/#website","url":"https:\/\/d-identify.be\/fr\/","name":"d-identify","description":"Industrial identification - Lockout - Tagout - Floor marking","potentialAction":[{"@type":"SearchAction","target":{"@type":"EntryPoint","urlTemplate":"https:\/\/d-identify.be\/fr\/?s={search_term_string}"},"query-input":{"@type":"PropertyValueSpecification","valueRequired":true,"valueName":"search_term_string"}}],"inLanguage":"fr-FR"}]}},"_links":{"self":[{"href":"https:\/\/d-identify.be\/fr\/wp-json\/wp\/v2\/product\/48535","targetHints":{"allow":["GET"]}}],"collection":[{"href":"https:\/\/d-identify.be\/fr\/wp-json\/wp\/v2\/product"}],"about":[{"href":"https:\/\/d-identify.be\/fr\/wp-json\/wp\/v2\/types\/product"}],"replies":[{"embeddable":true,"href":"https:\/\/d-identify.be\/fr\/wp-json\/wp\/v2\/comments?post=48535"}],"wp:featuredmedia":[{"embeddable":true,"href":"https:\/\/d-identify.be\/fr\/wp-json\/wp\/v2\/media\/48552"}],"wp:attachment":[{"href":"https:\/\/d-identify.be\/fr\/wp-json\/wp\/v2\/media?parent=48535"}],"wp:term":[{"taxonomy":"product_brand","embeddable":true,"href":"https:\/\/d-identify.be\/fr\/wp-json\/wp\/v2\/product_brand?post=48535"},{"taxonomy":"product_cat","embeddable":true,"href":"https:\/\/d-identify.be\/fr\/wp-json\/wp\/v2\/product_cat?post=48535"},{"taxonomy":"product_tag","embeddable":true,"href":"https:\/\/d-identify.be\/fr\/wp-json\/wp\/v2\/product_tag?post=48535"},{"taxonomy":"pa_connextion-shapes","embeddable":true,"href":"https:\/\/d-identify.be\/fr\/wp-json\/wp\/v2\/pa_connextion-shapes?post=48535"}],"curies":[{"name":"wp","href":"https:\/\/api.w.org\/{rel}","templated":true}]}}