{"id":48451,"date":"2024-11-09T18:04:39","date_gmt":"2024-11-09T16:04:39","guid":{"rendered":"https:\/\/d-identify.be\/?post_type=product&#038;p=48451"},"modified":"2026-02-22T19:28:46","modified_gmt":"2026-02-22T17:28:46","slug":"marquage-tuyauterie-fuel-lourd","status":"publish","type":"product","link":"https:\/\/d-identify.be\/fr\/produit\/marquage-tuyauterie-fuel-lourd\/","title":{"rendered":"Marquage de tuyauterie fuel lourd"},"content":{"rendered":"<p data-start=\"523\" data-end=\"676\"><strong data-start=\"523\" data-end=\"560\">Marquage de tuyauterie fuel lourd<\/strong> est con\u00e7u pour identifier clairement les conduites transportant du fuel lourd dans les installations industrielles.<\/p>\n<p data-start=\"678\" data-end=\"846\">Le fuel lourd est utilis\u00e9 comme combustible dans les chaudi\u00e8res et les installations \u00e9nerg\u00e9tiques. Il pr\u00e9sente des risques li\u00e9s \u00e0 l\u2019inflammabilit\u00e9 et \u00e0 l\u2019environnement.<\/p>\n<p data-start=\"848\" data-end=\"977\">Une identification pr\u00e9cise est essentielle pour la s\u00e9curit\u00e9. Elle r\u00e9duit les risques lors des interventions et de la maintenance.<\/p>\n<p data-start=\"979\" data-end=\"1103\">Le marquage est conforme \u00e0 la norme NBN T 69-004. Il int\u00e8gre les pictogrammes CLP requis selon la classification du produit.<\/p>\n<p data-start=\"1105\" data-end=\"1204\">Avec un <strong data-start=\"1113\" data-end=\"1150\">marquage de tuyauterie fuel lourd<\/strong>, l\u2019installation reste claire, structur\u00e9e et conforme.<\/p>\n<p data-start=\"1206\" data-end=\"1271\">Disponible en plusieurs formats adapt\u00e9s aux diff\u00e9rents diam\u00e8tres.<\/p>\n","protected":false},"excerpt":{"rendered":"<p data-start=\"1301\" data-end=\"1423\">Marquage de tuyauterie fuel lourd selon NBN T 69-004 avec pictogrammes CLP. Disponible par diam\u00e8tre avec texte et fl\u00e8ches.<\/p>\n<ul>\n<li><strong>Mat\u00e9riau :<\/strong> Vinyle polym\u00e8re<\/li>\n<li><strong>Adh\u00e9sif :<\/strong> Acrylique permanent<\/li>\n<li><strong>Plage de temp\u00e9rature :<\/strong> \u221230\u00a0\u00b0C \u00e0 +120\u00a0\u00b0C<\/li>\n<li><strong>Durabilit\u00e9 :<\/strong> jusqu\u2019\u00e0 7 ans<\/li>\n<li><strong>Finition :<\/strong> Semi-brillant (lamin\u00e9 UV)<\/li>\n<\/ul>\n<p><em>Tous nos marquages sont extra lamin\u00e9s pour garantir une bonne r\u00e9sistance aux UV pendant jusqu\u2019\u00e0 7 ans dans des environnements ext\u00e9rieurs.<\/em><\/p>\n","protected":false},"featured_media":48468,"comment_status":"open","ping_status":"closed","template":"","meta":{"_acf_changed":false,"_et_pb_use_builder":"","_et_pb_old_content":"","_et_gb_content_width":""},"product_brand":[],"product_cat":[1109],"product_tag":[],"pa_connextion-shapes":[],"class_list":{"0":"post-48451","1":"product","2":"type-product","3":"status-publish","4":"has-post-thumbnail","6":"product_cat-marquage-de-tuyauteries","8":"first","9":"instock","10":"taxable","11":"shipping-taxable","12":"purchasable","13":"product-type-variable","14":"has-default-attributes"},"exclude_global_add_ons":[],"addons":[],"acf":[],"yoast_head":"<!-- This site is optimized with the Yoast SEO Premium plugin v27.0 (Yoast SEO v27.1) - https:\/\/yoast.com\/product\/yoast-seo-premium-wordpress\/ -->\n<title>Marquage de tuyauterie Fuel lourd<\/title>\n<meta name=\"description\" content=\"Marquage de tuyauterie fuel lourd selon NBN T 69-004 avec pictogrammes CLP. Identification claire des conduites par diam\u00e8tre.\" \/>\n<meta name=\"robots\" content=\"index, follow, max-snippet:-1, max-image-preview:large, max-video-preview:-1\" \/>\n<link rel=\"canonical\" href=\"https:\/\/d-identify.be\/fr\/produit\/marquage-tuyauterie-fuel-lourd\/\" \/>\n<meta property=\"og:locale\" content=\"fr_FR\" \/>\n<meta property=\"og:type\" content=\"article\" \/>\n<meta property=\"og:title\" content=\"Marquage de tuyauterie fuel lourd\" \/>\n<meta property=\"og:description\" content=\"Marquage de tuyauterie fuel lourd selon NBN T 69-004 avec pictogrammes CLP. Identification claire des conduites par diam\u00e8tre.\" \/>\n<meta property=\"og:url\" content=\"https:\/\/d-identify.be\/fr\/produit\/marquage-tuyauterie-fuel-lourd\/\" \/>\n<meta property=\"og:site_name\" content=\"d-identify\" \/>\n<meta property=\"article:modified_time\" content=\"2026-02-22T17:28:46+00:00\" \/>\n<meta property=\"og:image\" content=\"https:\/\/d-identify.be\/wp-content\/uploads\/2024\/11\/BR450x52FR-2-35.png\" \/>\n\t<meta property=\"og:image:width\" content=\"1076\" \/>\n\t<meta property=\"og:image:height\" content=\"665\" \/>\n\t<meta property=\"og:image:type\" content=\"image\/png\" \/>\n<meta name=\"twitter:card\" content=\"summary_large_image\" \/>\n<meta name=\"twitter:label1\" content=\"Dur\u00e9e de lecture estim\u00e9e\" \/>\n\t<meta name=\"twitter:data1\" content=\"1 minute\" \/>\n<script type=\"application\/ld+json\" class=\"yoast-schema-graph\">{\"@context\":\"https:\/\/schema.org\",\"@graph\":[{\"@type\":\"WebPage\",\"@id\":\"https:\/\/d-identify.be\/fr\/produit\/marquage-tuyauterie-fuel-lourd\/\",\"url\":\"https:\/\/d-identify.be\/fr\/produit\/marquage-tuyauterie-fuel-lourd\/\",\"name\":\"Marquage de tuyauterie Fuel lourd\",\"isPartOf\":{\"@id\":\"https:\/\/d-identify.be\/fr\/#website\"},\"primaryImageOfPage\":{\"@id\":\"https:\/\/d-identify.be\/fr\/produit\/marquage-tuyauterie-fuel-lourd\/#primaryimage\"},\"image\":{\"@id\":\"https:\/\/d-identify.be\/fr\/produit\/marquage-tuyauterie-fuel-lourd\/#primaryimage\"},\"thumbnailUrl\":\"https:\/\/d-identify.be\/wp-content\/uploads\/2024\/11\/BR450x52FR-2-35.png\",\"datePublished\":\"2024-11-09T16:04:39+00:00\",\"dateModified\":\"2026-02-22T17:28:46+00:00\",\"description\":\"Marquage de tuyauterie fuel lourd selon NBN T 69-004 avec pictogrammes CLP. Identification claire des conduites par diam\u00e8tre.\",\"breadcrumb\":{\"@id\":\"https:\/\/d-identify.be\/fr\/produit\/marquage-tuyauterie-fuel-lourd\/#breadcrumb\"},\"inLanguage\":\"fr-FR\",\"potentialAction\":[{\"@type\":\"ReadAction\",\"target\":[\"https:\/\/d-identify.be\/fr\/produit\/marquage-tuyauterie-fuel-lourd\/\"]}]},{\"@type\":\"ImageObject\",\"inLanguage\":\"fr-FR\",\"@id\":\"https:\/\/d-identify.be\/fr\/produit\/marquage-tuyauterie-fuel-lourd\/#primaryimage\",\"url\":\"https:\/\/d-identify.be\/wp-content\/uploads\/2024\/11\/BR450x52FR-2-35.png\",\"contentUrl\":\"https:\/\/d-identify.be\/wp-content\/uploads\/2024\/11\/BR450x52FR-2-35.png\",\"width\":1076,\"height\":665,\"caption\":\"Marquage de tuyauterie Fuel lourd\"},{\"@type\":\"BreadcrumbList\",\"@id\":\"https:\/\/d-identify.be\/fr\/produit\/marquage-tuyauterie-fuel-lourd\/#breadcrumb\",\"itemListElement\":[{\"@type\":\"ListItem\",\"position\":1,\"name\":\"Home\",\"item\":\"https:\/\/d-identify.be\/fr\/home-2\/\"},{\"@type\":\"ListItem\",\"position\":2,\"name\":\"Boutique\",\"item\":\"https:\/\/d-identify.be\/fr\/boutique\/\"},{\"@type\":\"ListItem\",\"position\":3,\"name\":\"Marquage de tuyauterie fuel lourd\"}]},{\"@type\":\"WebSite\",\"@id\":\"https:\/\/d-identify.be\/fr\/#website\",\"url\":\"https:\/\/d-identify.be\/fr\/\",\"name\":\"d-identify\",\"description\":\"Industrial identification - Lockout - Tagout - Floor marking\",\"potentialAction\":[{\"@type\":\"SearchAction\",\"target\":{\"@type\":\"EntryPoint\",\"urlTemplate\":\"https:\/\/d-identify.be\/fr\/?s={search_term_string}\"},\"query-input\":{\"@type\":\"PropertyValueSpecification\",\"valueRequired\":true,\"valueName\":\"search_term_string\"}}],\"inLanguage\":\"fr-FR\"}]}<\/script>\n<!-- \/ Yoast SEO Premium plugin. -->","yoast_head_json":{"title":"Marquage de tuyauterie Fuel lourd","description":"Marquage de tuyauterie fuel lourd selon NBN T 69-004 avec pictogrammes CLP. Identification claire des conduites par diam\u00e8tre.","robots":{"index":"index","follow":"follow","max-snippet":"max-snippet:-1","max-image-preview":"max-image-preview:large","max-video-preview":"max-video-preview:-1"},"canonical":"https:\/\/d-identify.be\/fr\/produit\/marquage-tuyauterie-fuel-lourd\/","og_locale":"fr_FR","og_type":"article","og_title":"Marquage de tuyauterie fuel lourd","og_description":"Marquage de tuyauterie fuel lourd selon NBN T 69-004 avec pictogrammes CLP. Identification claire des conduites par diam\u00e8tre.","og_url":"https:\/\/d-identify.be\/fr\/produit\/marquage-tuyauterie-fuel-lourd\/","og_site_name":"d-identify","article_modified_time":"2026-02-22T17:28:46+00:00","og_image":[{"width":1076,"height":665,"url":"https:\/\/d-identify.be\/wp-content\/uploads\/2024\/11\/BR450x52FR-2-35.png","type":"image\/png"}],"twitter_card":"summary_large_image","twitter_misc":{"Dur\u00e9e de lecture estim\u00e9e":"1 minute"},"schema":{"@context":"https:\/\/schema.org","@graph":[{"@type":"WebPage","@id":"https:\/\/d-identify.be\/fr\/produit\/marquage-tuyauterie-fuel-lourd\/","url":"https:\/\/d-identify.be\/fr\/produit\/marquage-tuyauterie-fuel-lourd\/","name":"Marquage de tuyauterie Fuel lourd","isPartOf":{"@id":"https:\/\/d-identify.be\/fr\/#website"},"primaryImageOfPage":{"@id":"https:\/\/d-identify.be\/fr\/produit\/marquage-tuyauterie-fuel-lourd\/#primaryimage"},"image":{"@id":"https:\/\/d-identify.be\/fr\/produit\/marquage-tuyauterie-fuel-lourd\/#primaryimage"},"thumbnailUrl":"https:\/\/d-identify.be\/wp-content\/uploads\/2024\/11\/BR450x52FR-2-35.png","datePublished":"2024-11-09T16:04:39+00:00","dateModified":"2026-02-22T17:28:46+00:00","description":"Marquage de tuyauterie fuel lourd selon NBN T 69-004 avec pictogrammes CLP. Identification claire des conduites par diam\u00e8tre.","breadcrumb":{"@id":"https:\/\/d-identify.be\/fr\/produit\/marquage-tuyauterie-fuel-lourd\/#breadcrumb"},"inLanguage":"fr-FR","potentialAction":[{"@type":"ReadAction","target":["https:\/\/d-identify.be\/fr\/produit\/marquage-tuyauterie-fuel-lourd\/"]}]},{"@type":"ImageObject","inLanguage":"fr-FR","@id":"https:\/\/d-identify.be\/fr\/produit\/marquage-tuyauterie-fuel-lourd\/#primaryimage","url":"https:\/\/d-identify.be\/wp-content\/uploads\/2024\/11\/BR450x52FR-2-35.png","contentUrl":"https:\/\/d-identify.be\/wp-content\/uploads\/2024\/11\/BR450x52FR-2-35.png","width":1076,"height":665,"caption":"Marquage de tuyauterie Fuel lourd"},{"@type":"BreadcrumbList","@id":"https:\/\/d-identify.be\/fr\/produit\/marquage-tuyauterie-fuel-lourd\/#breadcrumb","itemListElement":[{"@type":"ListItem","position":1,"name":"Home","item":"https:\/\/d-identify.be\/fr\/home-2\/"},{"@type":"ListItem","position":2,"name":"Boutique","item":"https:\/\/d-identify.be\/fr\/boutique\/"},{"@type":"ListItem","position":3,"name":"Marquage de tuyauterie fuel lourd"}]},{"@type":"WebSite","@id":"https:\/\/d-identify.be\/fr\/#website","url":"https:\/\/d-identify.be\/fr\/","name":"d-identify","description":"Industrial identification - Lockout - Tagout - Floor marking","potentialAction":[{"@type":"SearchAction","target":{"@type":"EntryPoint","urlTemplate":"https:\/\/d-identify.be\/fr\/?s={search_term_string}"},"query-input":{"@type":"PropertyValueSpecification","valueRequired":true,"valueName":"search_term_string"}}],"inLanguage":"fr-FR"}]}},"_links":{"self":[{"href":"https:\/\/d-identify.be\/fr\/wp-json\/wp\/v2\/product\/48451","targetHints":{"allow":["GET"]}}],"collection":[{"href":"https:\/\/d-identify.be\/fr\/wp-json\/wp\/v2\/product"}],"about":[{"href":"https:\/\/d-identify.be\/fr\/wp-json\/wp\/v2\/types\/product"}],"replies":[{"embeddable":true,"href":"https:\/\/d-identify.be\/fr\/wp-json\/wp\/v2\/comments?post=48451"}],"wp:featuredmedia":[{"embeddable":true,"href":"https:\/\/d-identify.be\/fr\/wp-json\/wp\/v2\/media\/48468"}],"wp:attachment":[{"href":"https:\/\/d-identify.be\/fr\/wp-json\/wp\/v2\/media?parent=48451"}],"wp:term":[{"taxonomy":"product_brand","embeddable":true,"href":"https:\/\/d-identify.be\/fr\/wp-json\/wp\/v2\/product_brand?post=48451"},{"taxonomy":"product_cat","embeddable":true,"href":"https:\/\/d-identify.be\/fr\/wp-json\/wp\/v2\/product_cat?post=48451"},{"taxonomy":"product_tag","embeddable":true,"href":"https:\/\/d-identify.be\/fr\/wp-json\/wp\/v2\/product_tag?post=48451"},{"taxonomy":"pa_connextion-shapes","embeddable":true,"href":"https:\/\/d-identify.be\/fr\/wp-json\/wp\/v2\/pa_connextion-shapes?post=48451"}],"curies":[{"name":"wp","href":"https:\/\/api.w.org\/{rel}","templated":true}]}}