{"id":48409,"date":"2024-11-09T18:00:00","date_gmt":"2024-11-09T16:00:00","guid":{"rendered":"https:\/\/d-identify.be\/?post_type=product&#038;p=48409"},"modified":"2026-02-22T18:37:28","modified_gmt":"2026-02-22T16:37:28","slug":"marquage-tuyauterie-fuel-aller","status":"publish","type":"product","link":"https:\/\/d-identify.be\/fr\/produit\/marquage-tuyauterie-fuel-aller\/","title":{"rendered":"Marquage de tuyauterie fuel aller"},"content":{"rendered":"<p data-start=\"450\" data-end=\"592\">Le <strong data-start=\"453\" data-end=\"490\">marquage de tuyauterie fuel aller<\/strong> permet d\u2019identifier clairement les conduites d\u2019alimentation en fuel vers une chaudi\u00e8re ou un br\u00fbleur.<\/p>\n<p data-start=\"594\" data-end=\"779\">Le circuit aller transporte le combustible depuis la cuve vers l\u2019\u00e9quipement de combustion. Il doit \u00eatre clairement distingu\u00e9 du circuit retour afin d\u2019\u00e9viter toute erreur d\u2019intervention.<\/p>\n<p data-start=\"781\" data-end=\"949\">Une identification pr\u00e9cise r\u00e9duit les risques li\u00e9s \u00e0 la manipulation de carburants inflammables. Elle facilite la maintenance et am\u00e9liore la s\u00e9curit\u00e9 des installations.<\/p>\n<p data-start=\"951\" data-end=\"1080\">Le marquage est conforme \u00e0 la norme <strong data-start=\"987\" data-end=\"1003\">NBN T 69-004<\/strong>. Il comprend un texte lisible et des fl\u00e8ches indiquant le sens d\u2019\u00e9coulement.<\/p>\n<p data-start=\"1082\" data-end=\"1161\">Disponible en plusieurs formats adapt\u00e9s aux diff\u00e9rents diam\u00e8tres de tuyauterie.<\/p>\n<p data-start=\"1163\" data-end=\"1241\">Un marquage clair garantit une installation structur\u00e9e, conforme et s\u00e9curis\u00e9e.<\/p>\n","protected":false},"excerpt":{"rendered":"<p>Marquage de tuyauterie fuel aller conforme NBN T 69-004 avec fl\u00e8ches directionnelles. Formats adapt\u00e9s aux diam\u00e8tres standards.<\/p>\n<ul>\n<li><strong>Mat\u00e9riau :<\/strong> Vinyle polym\u00e8re<\/li>\n<li><strong>Adh\u00e9sif :<\/strong> Acrylique permanent<\/li>\n<li><strong>Plage de temp\u00e9rature :<\/strong> \u221230\u00a0\u00b0C \u00e0 +120\u00a0\u00b0C<\/li>\n<li><strong>Durabilit\u00e9 :<\/strong> jusqu\u2019\u00e0 7 ans<\/li>\n<li><strong>Finition :<\/strong> Semi-brillant (lamin\u00e9 UV)<\/li>\n<\/ul>\n<p><em>Tous nos marquages sont extra lamin\u00e9s pour garantir une bonne r\u00e9sistance aux UV pendant jusqu\u2019\u00e0 7 ans dans des environnements ext\u00e9rieurs.<\/em><\/p>\n","protected":false},"featured_media":48426,"comment_status":"open","ping_status":"closed","template":"","meta":{"_acf_changed":false,"_et_pb_use_builder":"","_et_pb_old_content":"","_et_gb_content_width":""},"product_brand":[],"product_cat":[1109],"product_tag":[],"pa_connextion-shapes":[],"class_list":{"0":"post-48409","1":"product","2":"type-product","3":"status-publish","4":"has-post-thumbnail","6":"product_cat-marquage-de-tuyauteries","8":"first","9":"instock","10":"taxable","11":"shipping-taxable","12":"purchasable","13":"product-type-variable","14":"has-default-attributes"},"exclude_global_add_ons":[],"addons":[],"acf":[],"yoast_head":"<!-- This site is optimized with the Yoast SEO Premium plugin v27.0 (Yoast SEO v27.1) - https:\/\/yoast.com\/product\/yoast-seo-premium-wordpress\/ -->\n<title>Marquage de tuyauterie Fuel aller<\/title>\n<meta name=\"description\" content=\"Marquage de tuyauterie pour fuel aller conforme \u00e0 la norme europ\u00e9enne, avec code couleur RAL et indication claire du sens d\u2019\u00e9coulement.\" \/>\n<meta name=\"robots\" content=\"index, follow, max-snippet:-1, max-image-preview:large, max-video-preview:-1\" \/>\n<link rel=\"canonical\" href=\"https:\/\/d-identify.be\/fr\/produit\/marquage-tuyauterie-fuel-aller\/\" \/>\n<meta property=\"og:locale\" content=\"fr_FR\" \/>\n<meta property=\"og:type\" content=\"article\" \/>\n<meta property=\"og:title\" content=\"Marquage de tuyauterie fuel aller\" \/>\n<meta property=\"og:description\" content=\"Marquage de tuyauterie pour fuel aller conforme \u00e0 la norme europ\u00e9enne, avec code couleur RAL et indication claire du sens d\u2019\u00e9coulement.\" \/>\n<meta property=\"og:url\" content=\"https:\/\/d-identify.be\/fr\/produit\/marquage-tuyauterie-fuel-aller\/\" \/>\n<meta property=\"og:site_name\" content=\"d-identify\" \/>\n<meta property=\"article:modified_time\" content=\"2026-02-22T16:37:28+00:00\" \/>\n<meta property=\"og:image\" content=\"https:\/\/d-identify.be\/wp-content\/uploads\/2024\/11\/BR450x52FR-2-33.png\" \/>\n\t<meta property=\"og:image:width\" content=\"1073\" \/>\n\t<meta property=\"og:image:height\" content=\"667\" \/>\n\t<meta property=\"og:image:type\" content=\"image\/png\" \/>\n<meta name=\"twitter:card\" content=\"summary_large_image\" \/>\n<meta name=\"twitter:label1\" content=\"Dur\u00e9e de lecture estim\u00e9e\" \/>\n\t<meta name=\"twitter:data1\" content=\"1 minute\" \/>\n<script type=\"application\/ld+json\" class=\"yoast-schema-graph\">{\"@context\":\"https:\/\/schema.org\",\"@graph\":[{\"@type\":\"WebPage\",\"@id\":\"https:\/\/d-identify.be\/fr\/produit\/marquage-tuyauterie-fuel-aller\/\",\"url\":\"https:\/\/d-identify.be\/fr\/produit\/marquage-tuyauterie-fuel-aller\/\",\"name\":\"Marquage de tuyauterie Fuel aller\",\"isPartOf\":{\"@id\":\"https:\/\/d-identify.be\/fr\/#website\"},\"primaryImageOfPage\":{\"@id\":\"https:\/\/d-identify.be\/fr\/produit\/marquage-tuyauterie-fuel-aller\/#primaryimage\"},\"image\":{\"@id\":\"https:\/\/d-identify.be\/fr\/produit\/marquage-tuyauterie-fuel-aller\/#primaryimage\"},\"thumbnailUrl\":\"https:\/\/d-identify.be\/wp-content\/uploads\/2024\/11\/BR450x52FR-2-33.png\",\"datePublished\":\"2024-11-09T16:00:00+00:00\",\"dateModified\":\"2026-02-22T16:37:28+00:00\",\"description\":\"Marquage de tuyauterie pour fuel aller conforme \u00e0 la norme europ\u00e9enne, avec code couleur RAL et indication claire du sens d\u2019\u00e9coulement.\",\"breadcrumb\":{\"@id\":\"https:\/\/d-identify.be\/fr\/produit\/marquage-tuyauterie-fuel-aller\/#breadcrumb\"},\"inLanguage\":\"fr-FR\",\"potentialAction\":[{\"@type\":\"ReadAction\",\"target\":[\"https:\/\/d-identify.be\/fr\/produit\/marquage-tuyauterie-fuel-aller\/\"]}]},{\"@type\":\"ImageObject\",\"inLanguage\":\"fr-FR\",\"@id\":\"https:\/\/d-identify.be\/fr\/produit\/marquage-tuyauterie-fuel-aller\/#primaryimage\",\"url\":\"https:\/\/d-identify.be\/wp-content\/uploads\/2024\/11\/BR450x52FR-2-33.png\",\"contentUrl\":\"https:\/\/d-identify.be\/wp-content\/uploads\/2024\/11\/BR450x52FR-2-33.png\",\"width\":1073,\"height\":667,\"caption\":\"Marquage de tuyauterie Fuel aller\"},{\"@type\":\"BreadcrumbList\",\"@id\":\"https:\/\/d-identify.be\/fr\/produit\/marquage-tuyauterie-fuel-aller\/#breadcrumb\",\"itemListElement\":[{\"@type\":\"ListItem\",\"position\":1,\"name\":\"Home\",\"item\":\"https:\/\/d-identify.be\/fr\/home-2\/\"},{\"@type\":\"ListItem\",\"position\":2,\"name\":\"Boutique\",\"item\":\"https:\/\/d-identify.be\/fr\/boutique\/\"},{\"@type\":\"ListItem\",\"position\":3,\"name\":\"Marquage de tuyauterie fuel aller\"}]},{\"@type\":\"WebSite\",\"@id\":\"https:\/\/d-identify.be\/fr\/#website\",\"url\":\"https:\/\/d-identify.be\/fr\/\",\"name\":\"d-identify\",\"description\":\"Industrial identification - Lockout - Tagout - Floor marking\",\"potentialAction\":[{\"@type\":\"SearchAction\",\"target\":{\"@type\":\"EntryPoint\",\"urlTemplate\":\"https:\/\/d-identify.be\/fr\/?s={search_term_string}\"},\"query-input\":{\"@type\":\"PropertyValueSpecification\",\"valueRequired\":true,\"valueName\":\"search_term_string\"}}],\"inLanguage\":\"fr-FR\"}]}<\/script>\n<!-- \/ Yoast SEO Premium plugin. -->","yoast_head_json":{"title":"Marquage de tuyauterie Fuel aller","description":"Marquage de tuyauterie pour fuel aller conforme \u00e0 la norme europ\u00e9enne, avec code couleur RAL et indication claire du sens d\u2019\u00e9coulement.","robots":{"index":"index","follow":"follow","max-snippet":"max-snippet:-1","max-image-preview":"max-image-preview:large","max-video-preview":"max-video-preview:-1"},"canonical":"https:\/\/d-identify.be\/fr\/produit\/marquage-tuyauterie-fuel-aller\/","og_locale":"fr_FR","og_type":"article","og_title":"Marquage de tuyauterie fuel aller","og_description":"Marquage de tuyauterie pour fuel aller conforme \u00e0 la norme europ\u00e9enne, avec code couleur RAL et indication claire du sens d\u2019\u00e9coulement.","og_url":"https:\/\/d-identify.be\/fr\/produit\/marquage-tuyauterie-fuel-aller\/","og_site_name":"d-identify","article_modified_time":"2026-02-22T16:37:28+00:00","og_image":[{"width":1073,"height":667,"url":"https:\/\/d-identify.be\/wp-content\/uploads\/2024\/11\/BR450x52FR-2-33.png","type":"image\/png"}],"twitter_card":"summary_large_image","twitter_misc":{"Dur\u00e9e de lecture estim\u00e9e":"1 minute"},"schema":{"@context":"https:\/\/schema.org","@graph":[{"@type":"WebPage","@id":"https:\/\/d-identify.be\/fr\/produit\/marquage-tuyauterie-fuel-aller\/","url":"https:\/\/d-identify.be\/fr\/produit\/marquage-tuyauterie-fuel-aller\/","name":"Marquage de tuyauterie Fuel aller","isPartOf":{"@id":"https:\/\/d-identify.be\/fr\/#website"},"primaryImageOfPage":{"@id":"https:\/\/d-identify.be\/fr\/produit\/marquage-tuyauterie-fuel-aller\/#primaryimage"},"image":{"@id":"https:\/\/d-identify.be\/fr\/produit\/marquage-tuyauterie-fuel-aller\/#primaryimage"},"thumbnailUrl":"https:\/\/d-identify.be\/wp-content\/uploads\/2024\/11\/BR450x52FR-2-33.png","datePublished":"2024-11-09T16:00:00+00:00","dateModified":"2026-02-22T16:37:28+00:00","description":"Marquage de tuyauterie pour fuel aller conforme \u00e0 la norme europ\u00e9enne, avec code couleur RAL et indication claire du sens d\u2019\u00e9coulement.","breadcrumb":{"@id":"https:\/\/d-identify.be\/fr\/produit\/marquage-tuyauterie-fuel-aller\/#breadcrumb"},"inLanguage":"fr-FR","potentialAction":[{"@type":"ReadAction","target":["https:\/\/d-identify.be\/fr\/produit\/marquage-tuyauterie-fuel-aller\/"]}]},{"@type":"ImageObject","inLanguage":"fr-FR","@id":"https:\/\/d-identify.be\/fr\/produit\/marquage-tuyauterie-fuel-aller\/#primaryimage","url":"https:\/\/d-identify.be\/wp-content\/uploads\/2024\/11\/BR450x52FR-2-33.png","contentUrl":"https:\/\/d-identify.be\/wp-content\/uploads\/2024\/11\/BR450x52FR-2-33.png","width":1073,"height":667,"caption":"Marquage de tuyauterie Fuel aller"},{"@type":"BreadcrumbList","@id":"https:\/\/d-identify.be\/fr\/produit\/marquage-tuyauterie-fuel-aller\/#breadcrumb","itemListElement":[{"@type":"ListItem","position":1,"name":"Home","item":"https:\/\/d-identify.be\/fr\/home-2\/"},{"@type":"ListItem","position":2,"name":"Boutique","item":"https:\/\/d-identify.be\/fr\/boutique\/"},{"@type":"ListItem","position":3,"name":"Marquage de tuyauterie fuel aller"}]},{"@type":"WebSite","@id":"https:\/\/d-identify.be\/fr\/#website","url":"https:\/\/d-identify.be\/fr\/","name":"d-identify","description":"Industrial identification - Lockout - Tagout - Floor marking","potentialAction":[{"@type":"SearchAction","target":{"@type":"EntryPoint","urlTemplate":"https:\/\/d-identify.be\/fr\/?s={search_term_string}"},"query-input":{"@type":"PropertyValueSpecification","valueRequired":true,"valueName":"search_term_string"}}],"inLanguage":"fr-FR"}]}},"_links":{"self":[{"href":"https:\/\/d-identify.be\/fr\/wp-json\/wp\/v2\/product\/48409","targetHints":{"allow":["GET"]}}],"collection":[{"href":"https:\/\/d-identify.be\/fr\/wp-json\/wp\/v2\/product"}],"about":[{"href":"https:\/\/d-identify.be\/fr\/wp-json\/wp\/v2\/types\/product"}],"replies":[{"embeddable":true,"href":"https:\/\/d-identify.be\/fr\/wp-json\/wp\/v2\/comments?post=48409"}],"wp:featuredmedia":[{"embeddable":true,"href":"https:\/\/d-identify.be\/fr\/wp-json\/wp\/v2\/media\/48426"}],"wp:attachment":[{"href":"https:\/\/d-identify.be\/fr\/wp-json\/wp\/v2\/media?parent=48409"}],"wp:term":[{"taxonomy":"product_brand","embeddable":true,"href":"https:\/\/d-identify.be\/fr\/wp-json\/wp\/v2\/product_brand?post=48409"},{"taxonomy":"product_cat","embeddable":true,"href":"https:\/\/d-identify.be\/fr\/wp-json\/wp\/v2\/product_cat?post=48409"},{"taxonomy":"product_tag","embeddable":true,"href":"https:\/\/d-identify.be\/fr\/wp-json\/wp\/v2\/product_tag?post=48409"},{"taxonomy":"pa_connextion-shapes","embeddable":true,"href":"https:\/\/d-identify.be\/fr\/wp-json\/wp\/v2\/pa_connextion-shapes?post=48409"}],"curies":[{"name":"wp","href":"https:\/\/api.w.org\/{rel}","templated":true}]}}