{"id":48083,"date":"2024-11-07T17:54:23","date_gmt":"2024-11-07T15:54:23","guid":{"rendered":"https:\/\/d-identify.be\/?post_type=product&#038;p=48083"},"modified":"2026-02-22T18:09:43","modified_gmt":"2026-02-22T16:09:43","slug":"marquage-tuyauterie-white-spirit","status":"publish","type":"product","link":"https:\/\/d-identify.be\/fr\/produit\/marquage-tuyauterie-white-spirit\/","title":{"rendered":"Marquage de tuyauterie white spirit"},"content":{"rendered":"<p data-start=\"460\" data-end=\"584\">Le <strong data-start=\"463\" data-end=\"502\">marquage de tuyauterie white spirit<\/strong> permet d\u2019identifier clairement les conduites transportant ce solvant inflammable.<\/p>\n<p data-start=\"586\" data-end=\"816\">Le white spirit est utilis\u00e9 dans les proc\u00e9d\u00e9s industriels, ateliers de peinture et applications de nettoyage ou de dilution. Ce liquide pr\u00e9sente un risque d\u2019inflammabilit\u00e9 et n\u00e9cessite une identification visible et sans ambigu\u00eft\u00e9.<\/p>\n<p data-start=\"818\" data-end=\"978\">Une signalisation pr\u00e9cise r\u00e9duit les risques lors des interventions techniques. Elle am\u00e9liore la s\u00e9curit\u00e9 du personnel et facilite la gestion des installations.<\/p>\n<p data-start=\"980\" data-end=\"1109\">Le marquage est conforme \u00e0 la norme <strong data-start=\"1016\" data-end=\"1032\">NBN T 69-004<\/strong>. Il comprend un texte lisible et des fl\u00e8ches indiquant le sens d\u2019\u00e9coulement.<\/p>\n<p data-start=\"1111\" data-end=\"1190\">Disponible en plusieurs formats adapt\u00e9s aux diff\u00e9rents diam\u00e8tres de tuyauterie.<\/p>\n<p data-start=\"1192\" data-end=\"1270\">Un marquage clair garantit une installation structur\u00e9e, conforme et s\u00e9curis\u00e9e.<\/p>\n","protected":false},"excerpt":{"rendered":"<p>Marquage de tuyauterie pour identifier clairement les conduites de white spirit. Le texte est lisible et les fl\u00e8ches indiquent le sens d\u2019\u00e9coulement. <strong>Conforme aux pratiques europ\u00e9ennes de marquage des tuyauteries.<\/strong><\/p>\n<ul>\n<li><strong>Mat\u00e9riau :<\/strong> Vinyle polym\u00e8re<\/li>\n<li><strong>Adh\u00e9sif :<\/strong> Acrylique permanent<\/li>\n<li><strong>Plage de temp\u00e9rature :<\/strong> \u221230\u00a0\u00b0C \u00e0 +120\u00a0\u00b0C<\/li>\n<li><strong>Durabilit\u00e9 :<\/strong> jusqu\u2019\u00e0 7 ans<\/li>\n<li><strong>Finition :<\/strong> Semi-brillant (lamin\u00e9 UV)<\/li>\n<\/ul>\n<p><em>Tous nos marquages sont extra lamin\u00e9s pour garantir une bonne r\u00e9sistance aux UV pendant jusqu\u2019\u00e0 7 ans dans des environnements ext\u00e9rieurs.<\/em><\/p>\n","protected":false},"featured_media":48100,"comment_status":"open","ping_status":"closed","template":"","meta":{"_acf_changed":false,"_et_pb_use_builder":"","_et_pb_old_content":"","_et_gb_content_width":""},"product_brand":[],"product_cat":[1109],"product_tag":[],"pa_connextion-shapes":[],"class_list":{"0":"post-48083","1":"product","2":"type-product","3":"status-publish","4":"has-post-thumbnail","6":"product_cat-marquage-de-tuyauteries","8":"first","9":"instock","10":"taxable","11":"shipping-taxable","12":"purchasable","13":"product-type-variable","14":"has-default-attributes"},"exclude_global_add_ons":[],"addons":[],"acf":[],"yoast_head":"<!-- This site is optimized with the Yoast SEO Premium plugin v27.0 (Yoast SEO v27.1) - https:\/\/yoast.com\/product\/yoast-seo-premium-wordpress\/ -->\n<title>Marquage de tuyauterie White spirit<\/title>\n<meta name=\"description\" content=\"Marquage de tuyauterie pour white spirit conforme \u00e0 la norme europ\u00e9enne, avec code couleur RAL et indication claire du sens d\u2019\u00e9coulement.\" \/>\n<meta name=\"robots\" content=\"index, follow, max-snippet:-1, max-image-preview:large, max-video-preview:-1\" \/>\n<link rel=\"canonical\" href=\"https:\/\/d-identify.be\/fr\/produit\/marquage-tuyauterie-white-spirit\/\" \/>\n<meta property=\"og:locale\" content=\"fr_FR\" \/>\n<meta property=\"og:type\" content=\"article\" \/>\n<meta property=\"og:title\" content=\"Marquage de tuyauterie white spirit\" \/>\n<meta property=\"og:description\" content=\"Marquage de tuyauterie pour white spirit conforme \u00e0 la norme europ\u00e9enne, avec code couleur RAL et indication claire du sens d\u2019\u00e9coulement.\" \/>\n<meta property=\"og:url\" content=\"https:\/\/d-identify.be\/fr\/produit\/marquage-tuyauterie-white-spirit\/\" \/>\n<meta property=\"og:site_name\" content=\"d-identify\" \/>\n<meta property=\"article:modified_time\" content=\"2026-02-22T16:09:43+00:00\" \/>\n<meta property=\"og:image\" content=\"https:\/\/d-identify.be\/wp-content\/uploads\/2024\/11\/BR450x52FR-2-15.png\" \/>\n\t<meta property=\"og:image:width\" content=\"1070\" \/>\n\t<meta property=\"og:image:height\" content=\"665\" \/>\n\t<meta property=\"og:image:type\" content=\"image\/png\" \/>\n<meta name=\"twitter:card\" content=\"summary_large_image\" \/>\n<meta name=\"twitter:label1\" content=\"Dur\u00e9e de lecture estim\u00e9e\" \/>\n\t<meta name=\"twitter:data1\" content=\"1 minute\" \/>\n<script type=\"application\/ld+json\" class=\"yoast-schema-graph\">{\"@context\":\"https:\/\/schema.org\",\"@graph\":[{\"@type\":\"WebPage\",\"@id\":\"https:\/\/d-identify.be\/fr\/produit\/marquage-tuyauterie-white-spirit\/\",\"url\":\"https:\/\/d-identify.be\/fr\/produit\/marquage-tuyauterie-white-spirit\/\",\"name\":\"Marquage de tuyauterie White spirit\",\"isPartOf\":{\"@id\":\"https:\/\/d-identify.be\/fr\/#website\"},\"primaryImageOfPage\":{\"@id\":\"https:\/\/d-identify.be\/fr\/produit\/marquage-tuyauterie-white-spirit\/#primaryimage\"},\"image\":{\"@id\":\"https:\/\/d-identify.be\/fr\/produit\/marquage-tuyauterie-white-spirit\/#primaryimage\"},\"thumbnailUrl\":\"https:\/\/d-identify.be\/wp-content\/uploads\/2024\/11\/BR450x52FR-2-15.png\",\"datePublished\":\"2024-11-07T15:54:23+00:00\",\"dateModified\":\"2026-02-22T16:09:43+00:00\",\"description\":\"Marquage de tuyauterie pour white spirit conforme \u00e0 la norme europ\u00e9enne, avec code couleur RAL et indication claire du sens d\u2019\u00e9coulement.\",\"breadcrumb\":{\"@id\":\"https:\/\/d-identify.be\/fr\/produit\/marquage-tuyauterie-white-spirit\/#breadcrumb\"},\"inLanguage\":\"fr-FR\",\"potentialAction\":[{\"@type\":\"ReadAction\",\"target\":[\"https:\/\/d-identify.be\/fr\/produit\/marquage-tuyauterie-white-spirit\/\"]}]},{\"@type\":\"ImageObject\",\"inLanguage\":\"fr-FR\",\"@id\":\"https:\/\/d-identify.be\/fr\/produit\/marquage-tuyauterie-white-spirit\/#primaryimage\",\"url\":\"https:\/\/d-identify.be\/wp-content\/uploads\/2024\/11\/BR450x52FR-2-15.png\",\"contentUrl\":\"https:\/\/d-identify.be\/wp-content\/uploads\/2024\/11\/BR450x52FR-2-15.png\",\"width\":1070,\"height\":665,\"caption\":\"Marquage de tuyauterie White spirit\"},{\"@type\":\"BreadcrumbList\",\"@id\":\"https:\/\/d-identify.be\/fr\/produit\/marquage-tuyauterie-white-spirit\/#breadcrumb\",\"itemListElement\":[{\"@type\":\"ListItem\",\"position\":1,\"name\":\"Home\",\"item\":\"https:\/\/d-identify.be\/fr\/home-2\/\"},{\"@type\":\"ListItem\",\"position\":2,\"name\":\"Boutique\",\"item\":\"https:\/\/d-identify.be\/fr\/boutique\/\"},{\"@type\":\"ListItem\",\"position\":3,\"name\":\"Marquage de tuyauterie white spirit\"}]},{\"@type\":\"WebSite\",\"@id\":\"https:\/\/d-identify.be\/fr\/#website\",\"url\":\"https:\/\/d-identify.be\/fr\/\",\"name\":\"d-identify\",\"description\":\"Industrial identification - Lockout - Tagout - Floor marking\",\"potentialAction\":[{\"@type\":\"SearchAction\",\"target\":{\"@type\":\"EntryPoint\",\"urlTemplate\":\"https:\/\/d-identify.be\/fr\/?s={search_term_string}\"},\"query-input\":{\"@type\":\"PropertyValueSpecification\",\"valueRequired\":true,\"valueName\":\"search_term_string\"}}],\"inLanguage\":\"fr-FR\"}]}<\/script>\n<!-- \/ Yoast SEO Premium plugin. -->","yoast_head_json":{"title":"Marquage de tuyauterie White spirit","description":"Marquage de tuyauterie pour white spirit conforme \u00e0 la norme europ\u00e9enne, avec code couleur RAL et indication claire du sens d\u2019\u00e9coulement.","robots":{"index":"index","follow":"follow","max-snippet":"max-snippet:-1","max-image-preview":"max-image-preview:large","max-video-preview":"max-video-preview:-1"},"canonical":"https:\/\/d-identify.be\/fr\/produit\/marquage-tuyauterie-white-spirit\/","og_locale":"fr_FR","og_type":"article","og_title":"Marquage de tuyauterie white spirit","og_description":"Marquage de tuyauterie pour white spirit conforme \u00e0 la norme europ\u00e9enne, avec code couleur RAL et indication claire du sens d\u2019\u00e9coulement.","og_url":"https:\/\/d-identify.be\/fr\/produit\/marquage-tuyauterie-white-spirit\/","og_site_name":"d-identify","article_modified_time":"2026-02-22T16:09:43+00:00","og_image":[{"width":1070,"height":665,"url":"https:\/\/d-identify.be\/wp-content\/uploads\/2024\/11\/BR450x52FR-2-15.png","type":"image\/png"}],"twitter_card":"summary_large_image","twitter_misc":{"Dur\u00e9e de lecture estim\u00e9e":"1 minute"},"schema":{"@context":"https:\/\/schema.org","@graph":[{"@type":"WebPage","@id":"https:\/\/d-identify.be\/fr\/produit\/marquage-tuyauterie-white-spirit\/","url":"https:\/\/d-identify.be\/fr\/produit\/marquage-tuyauterie-white-spirit\/","name":"Marquage de tuyauterie White spirit","isPartOf":{"@id":"https:\/\/d-identify.be\/fr\/#website"},"primaryImageOfPage":{"@id":"https:\/\/d-identify.be\/fr\/produit\/marquage-tuyauterie-white-spirit\/#primaryimage"},"image":{"@id":"https:\/\/d-identify.be\/fr\/produit\/marquage-tuyauterie-white-spirit\/#primaryimage"},"thumbnailUrl":"https:\/\/d-identify.be\/wp-content\/uploads\/2024\/11\/BR450x52FR-2-15.png","datePublished":"2024-11-07T15:54:23+00:00","dateModified":"2026-02-22T16:09:43+00:00","description":"Marquage de tuyauterie pour white spirit conforme \u00e0 la norme europ\u00e9enne, avec code couleur RAL et indication claire du sens d\u2019\u00e9coulement.","breadcrumb":{"@id":"https:\/\/d-identify.be\/fr\/produit\/marquage-tuyauterie-white-spirit\/#breadcrumb"},"inLanguage":"fr-FR","potentialAction":[{"@type":"ReadAction","target":["https:\/\/d-identify.be\/fr\/produit\/marquage-tuyauterie-white-spirit\/"]}]},{"@type":"ImageObject","inLanguage":"fr-FR","@id":"https:\/\/d-identify.be\/fr\/produit\/marquage-tuyauterie-white-spirit\/#primaryimage","url":"https:\/\/d-identify.be\/wp-content\/uploads\/2024\/11\/BR450x52FR-2-15.png","contentUrl":"https:\/\/d-identify.be\/wp-content\/uploads\/2024\/11\/BR450x52FR-2-15.png","width":1070,"height":665,"caption":"Marquage de tuyauterie White spirit"},{"@type":"BreadcrumbList","@id":"https:\/\/d-identify.be\/fr\/produit\/marquage-tuyauterie-white-spirit\/#breadcrumb","itemListElement":[{"@type":"ListItem","position":1,"name":"Home","item":"https:\/\/d-identify.be\/fr\/home-2\/"},{"@type":"ListItem","position":2,"name":"Boutique","item":"https:\/\/d-identify.be\/fr\/boutique\/"},{"@type":"ListItem","position":3,"name":"Marquage de tuyauterie white spirit"}]},{"@type":"WebSite","@id":"https:\/\/d-identify.be\/fr\/#website","url":"https:\/\/d-identify.be\/fr\/","name":"d-identify","description":"Industrial identification - Lockout - Tagout - Floor marking","potentialAction":[{"@type":"SearchAction","target":{"@type":"EntryPoint","urlTemplate":"https:\/\/d-identify.be\/fr\/?s={search_term_string}"},"query-input":{"@type":"PropertyValueSpecification","valueRequired":true,"valueName":"search_term_string"}}],"inLanguage":"fr-FR"}]}},"_links":{"self":[{"href":"https:\/\/d-identify.be\/fr\/wp-json\/wp\/v2\/product\/48083","targetHints":{"allow":["GET"]}}],"collection":[{"href":"https:\/\/d-identify.be\/fr\/wp-json\/wp\/v2\/product"}],"about":[{"href":"https:\/\/d-identify.be\/fr\/wp-json\/wp\/v2\/types\/product"}],"replies":[{"embeddable":true,"href":"https:\/\/d-identify.be\/fr\/wp-json\/wp\/v2\/comments?post=48083"}],"wp:featuredmedia":[{"embeddable":true,"href":"https:\/\/d-identify.be\/fr\/wp-json\/wp\/v2\/media\/48100"}],"wp:attachment":[{"href":"https:\/\/d-identify.be\/fr\/wp-json\/wp\/v2\/media?parent=48083"}],"wp:term":[{"taxonomy":"product_brand","embeddable":true,"href":"https:\/\/d-identify.be\/fr\/wp-json\/wp\/v2\/product_brand?post=48083"},{"taxonomy":"product_cat","embeddable":true,"href":"https:\/\/d-identify.be\/fr\/wp-json\/wp\/v2\/product_cat?post=48083"},{"taxonomy":"product_tag","embeddable":true,"href":"https:\/\/d-identify.be\/fr\/wp-json\/wp\/v2\/product_tag?post=48083"},{"taxonomy":"pa_connextion-shapes","embeddable":true,"href":"https:\/\/d-identify.be\/fr\/wp-json\/wp\/v2\/pa_connextion-shapes?post=48083"}],"curies":[{"name":"wp","href":"https:\/\/api.w.org\/{rel}","templated":true}]}}