{"id":46704,"date":"2024-11-05T22:07:00","date_gmt":"2024-11-05T20:07:00","guid":{"rendered":"https:\/\/d-identify.be\/?post_type=product&#038;p=46704"},"modified":"2026-02-22T15:54:10","modified_gmt":"2026-02-22T13:54:10","slug":"marquage-tuyauterie-eau-circulation","status":"publish","type":"product","link":"https:\/\/d-identify.be\/fr\/produit\/marquage-tuyauterie-eau-circulation\/","title":{"rendered":"Marquage de tuyauterie eau de circulation"},"content":{"rendered":"<div class=\"flex max-w-full flex-col flex-grow\">\n<div class=\"min-h-8 text-message flex w-full flex-col items-end gap-2 whitespace-normal break-words [.text-message+&amp;]:mt-5\" dir=\"auto\" data-message-author-role=\"assistant\" data-message-id=\"3e068592-fd02-4445-b22c-60b81b08b5f3\">\n<div class=\"flex w-full flex-col gap-1 empty:hidden first:pt-[3px]\">\n<div class=\"markdown prose w-full break-words dark:prose-invert light\">\n<p data-start=\"467\" data-end=\"616\">Le <strong data-start=\"470\" data-end=\"515\">marquage de tuyauterie eau de circulation<\/strong> permet d\u2019identifier clairement les conduites assurant la circulation d\u2019eau dans un r\u00e9seau technique.<\/p>\n<p data-start=\"618\" data-end=\"841\">L\u2019eau de circulation est pr\u00e9sente dans les syst\u00e8mes de chauffage, de refroidissement ou de production industrielle. Elle peut fonctionner en circuit ferm\u00e9 et doit \u00eatre distingu\u00e9e des circuits d\u2019alimentation ou d\u2019\u00e9vacuation.<\/p>\n<p data-start=\"843\" data-end=\"994\">Une identification claire limite les erreurs lors des interventions techniques. Elle facilite la maintenance et am\u00e9liore la s\u00e9curit\u00e9 des installations.<\/p>\n<p data-start=\"996\" data-end=\"1125\">Le marquage est conforme \u00e0 la norme <strong data-start=\"1032\" data-end=\"1048\">NBN T 69-004<\/strong>. Il comprend un texte lisible et des fl\u00e8ches indiquant le sens d\u2019\u00e9coulement.<\/p>\n<p data-start=\"1127\" data-end=\"1210\">Disponible en plusieurs dimensions adapt\u00e9es aux diff\u00e9rents diam\u00e8tres de tuyauterie.<\/p>\n<p data-start=\"1212\" data-end=\"1280\">Un marquage pr\u00e9cis garantit une installation structur\u00e9e et conforme.<\/p>\n<\/div>\n<\/div>\n<\/div>\n<\/div>\n","protected":false},"excerpt":{"rendered":"<p data-start=\"1310\" data-end=\"1446\">Marquage de tuyauterie eau de circulation conforme NBN T 69-004 avec fl\u00e8ches directionnelles. Formats adapt\u00e9s aux diam\u00e8tres standards.<\/p>\n<ul>\n<li><strong>Mat\u00e9riau :<\/strong>Vinyle polym\u00e8re<\/li>\n<li><strong>Adh\u00e9sif :<\/strong>Acrylique permanent<\/li>\n<li><strong>Plage de temp\u00e9rature :<\/strong> -30\u00b0C \u00e0 +120\u00b0C<\/li>\n<li><strong>Durabilit\u00e9 :<\/strong>jusqu&rsquo;\u00e0 7 ans<\/li>\n<li><strong>Finition :<\/strong>Semi-brillant (lamin\u00e9 UV)<\/li>\n<\/ul>\n<p>* Tous nos marquages sont extra lamin\u00e9s pour garantir une bonne r\u00e9sistance aux UV pendant jusqu&rsquo;\u00e0 7 ans dans des environnements ext\u00e9rieurs.<\/p>\n","protected":false},"featured_media":46721,"comment_status":"open","ping_status":"closed","template":"","meta":{"_acf_changed":false,"_et_pb_use_builder":"","_et_pb_old_content":"","_et_gb_content_width":""},"product_brand":[],"product_cat":[1109],"product_tag":[],"pa_connextion-shapes":[],"class_list":{"0":"post-46704","1":"product","2":"type-product","3":"status-publish","4":"has-post-thumbnail","6":"product_cat-marquage-de-tuyauteries","8":"first","9":"instock","10":"taxable","11":"shipping-taxable","12":"purchasable","13":"product-type-variable","14":"has-default-attributes"},"exclude_global_add_ons":[],"addons":[],"acf":[],"yoast_head":"<!-- This site is optimized with the Yoast SEO Premium plugin v27.0 (Yoast SEO v27.1) - https:\/\/yoast.com\/product\/yoast-seo-premium-wordpress\/ -->\n<title>Marquage de tuyauterie eau de circulation \u2013 NBN T 69-004<\/title>\n<meta name=\"description\" content=\"Marquage de tuyauterie eau de circulation conforme NBN T 69-004 avec fl\u00e8ches directionnelles. Disponible en plusieurs formats selon diam\u00e8tre.\" \/>\n<meta name=\"robots\" content=\"index, follow, max-snippet:-1, max-image-preview:large, max-video-preview:-1\" \/>\n<link rel=\"canonical\" href=\"https:\/\/d-identify.be\/fr\/produit\/marquage-tuyauterie-eau-circulation\/\" \/>\n<meta property=\"og:locale\" content=\"fr_FR\" \/>\n<meta property=\"og:type\" content=\"article\" \/>\n<meta property=\"og:title\" content=\"Marquage de tuyauterie eau de circulation\" \/>\n<meta property=\"og:description\" content=\"Marquage de tuyauterie eau de circulation conforme NBN T 69-004 avec fl\u00e8ches directionnelles. Disponible en plusieurs formats selon diam\u00e8tre.\" \/>\n<meta property=\"og:url\" content=\"https:\/\/d-identify.be\/fr\/produit\/marquage-tuyauterie-eau-circulation\/\" \/>\n<meta property=\"og:site_name\" content=\"d-identify\" \/>\n<meta property=\"article:modified_time\" content=\"2026-02-22T13:54:10+00:00\" \/>\n<meta property=\"og:image\" content=\"https:\/\/d-identify.be\/wp-content\/uploads\/2024\/11\/GR450x52FR-2-41.png\" \/>\n\t<meta property=\"og:image:width\" content=\"1069\" \/>\n\t<meta property=\"og:image:height\" content=\"668\" \/>\n\t<meta property=\"og:image:type\" content=\"image\/png\" \/>\n<meta name=\"twitter:card\" content=\"summary_large_image\" \/>\n<meta name=\"twitter:label1\" content=\"Dur\u00e9e de lecture estim\u00e9e\" \/>\n\t<meta name=\"twitter:data1\" content=\"1 minute\" \/>\n<script type=\"application\/ld+json\" class=\"yoast-schema-graph\">{\"@context\":\"https:\/\/schema.org\",\"@graph\":[{\"@type\":\"WebPage\",\"@id\":\"https:\/\/d-identify.be\/fr\/produit\/marquage-tuyauterie-eau-circulation\/\",\"url\":\"https:\/\/d-identify.be\/fr\/produit\/marquage-tuyauterie-eau-circulation\/\",\"name\":\"Marquage de tuyauterie eau de circulation \u2013 NBN T 69-004\",\"isPartOf\":{\"@id\":\"https:\/\/d-identify.be\/fr\/#website\"},\"primaryImageOfPage\":{\"@id\":\"https:\/\/d-identify.be\/fr\/produit\/marquage-tuyauterie-eau-circulation\/#primaryimage\"},\"image\":{\"@id\":\"https:\/\/d-identify.be\/fr\/produit\/marquage-tuyauterie-eau-circulation\/#primaryimage\"},\"thumbnailUrl\":\"https:\/\/d-identify.be\/wp-content\/uploads\/2024\/11\/GR450x52FR-2-41.png\",\"datePublished\":\"2024-11-05T20:07:00+00:00\",\"dateModified\":\"2026-02-22T13:54:10+00:00\",\"description\":\"Marquage de tuyauterie eau de circulation conforme NBN T 69-004 avec fl\u00e8ches directionnelles. Disponible en plusieurs formats selon diam\u00e8tre.\",\"breadcrumb\":{\"@id\":\"https:\/\/d-identify.be\/fr\/produit\/marquage-tuyauterie-eau-circulation\/#breadcrumb\"},\"inLanguage\":\"fr-FR\",\"potentialAction\":[{\"@type\":\"ReadAction\",\"target\":[\"https:\/\/d-identify.be\/fr\/produit\/marquage-tuyauterie-eau-circulation\/\"]}]},{\"@type\":\"ImageObject\",\"inLanguage\":\"fr-FR\",\"@id\":\"https:\/\/d-identify.be\/fr\/produit\/marquage-tuyauterie-eau-circulation\/#primaryimage\",\"url\":\"https:\/\/d-identify.be\/wp-content\/uploads\/2024\/11\/GR450x52FR-2-41.png\",\"contentUrl\":\"https:\/\/d-identify.be\/wp-content\/uploads\/2024\/11\/GR450x52FR-2-41.png\",\"width\":1069,\"height\":668,\"caption\":\"Marquage de tuyauterie eau de circulation \u2013 NBN T 69-004\"},{\"@type\":\"BreadcrumbList\",\"@id\":\"https:\/\/d-identify.be\/fr\/produit\/marquage-tuyauterie-eau-circulation\/#breadcrumb\",\"itemListElement\":[{\"@type\":\"ListItem\",\"position\":1,\"name\":\"Home\",\"item\":\"https:\/\/d-identify.be\/fr\/home-2\/\"},{\"@type\":\"ListItem\",\"position\":2,\"name\":\"Boutique\",\"item\":\"https:\/\/d-identify.be\/fr\/boutique\/\"},{\"@type\":\"ListItem\",\"position\":3,\"name\":\"Marquage de tuyauterie eau de circulation\"}]},{\"@type\":\"WebSite\",\"@id\":\"https:\/\/d-identify.be\/fr\/#website\",\"url\":\"https:\/\/d-identify.be\/fr\/\",\"name\":\"d-identify\",\"description\":\"Industrial identification - Lockout - Tagout - Floor marking\",\"potentialAction\":[{\"@type\":\"SearchAction\",\"target\":{\"@type\":\"EntryPoint\",\"urlTemplate\":\"https:\/\/d-identify.be\/fr\/?s={search_term_string}\"},\"query-input\":{\"@type\":\"PropertyValueSpecification\",\"valueRequired\":true,\"valueName\":\"search_term_string\"}}],\"inLanguage\":\"fr-FR\"}]}<\/script>\n<!-- \/ Yoast SEO Premium plugin. -->","yoast_head_json":{"title":"Marquage de tuyauterie eau de circulation \u2013 NBN T 69-004","description":"Marquage de tuyauterie eau de circulation conforme NBN T 69-004 avec fl\u00e8ches directionnelles. Disponible en plusieurs formats selon diam\u00e8tre.","robots":{"index":"index","follow":"follow","max-snippet":"max-snippet:-1","max-image-preview":"max-image-preview:large","max-video-preview":"max-video-preview:-1"},"canonical":"https:\/\/d-identify.be\/fr\/produit\/marquage-tuyauterie-eau-circulation\/","og_locale":"fr_FR","og_type":"article","og_title":"Marquage de tuyauterie eau de circulation","og_description":"Marquage de tuyauterie eau de circulation conforme NBN T 69-004 avec fl\u00e8ches directionnelles. Disponible en plusieurs formats selon diam\u00e8tre.","og_url":"https:\/\/d-identify.be\/fr\/produit\/marquage-tuyauterie-eau-circulation\/","og_site_name":"d-identify","article_modified_time":"2026-02-22T13:54:10+00:00","og_image":[{"width":1069,"height":668,"url":"https:\/\/d-identify.be\/wp-content\/uploads\/2024\/11\/GR450x52FR-2-41.png","type":"image\/png"}],"twitter_card":"summary_large_image","twitter_misc":{"Dur\u00e9e de lecture estim\u00e9e":"1 minute"},"schema":{"@context":"https:\/\/schema.org","@graph":[{"@type":"WebPage","@id":"https:\/\/d-identify.be\/fr\/produit\/marquage-tuyauterie-eau-circulation\/","url":"https:\/\/d-identify.be\/fr\/produit\/marquage-tuyauterie-eau-circulation\/","name":"Marquage de tuyauterie eau de circulation \u2013 NBN T 69-004","isPartOf":{"@id":"https:\/\/d-identify.be\/fr\/#website"},"primaryImageOfPage":{"@id":"https:\/\/d-identify.be\/fr\/produit\/marquage-tuyauterie-eau-circulation\/#primaryimage"},"image":{"@id":"https:\/\/d-identify.be\/fr\/produit\/marquage-tuyauterie-eau-circulation\/#primaryimage"},"thumbnailUrl":"https:\/\/d-identify.be\/wp-content\/uploads\/2024\/11\/GR450x52FR-2-41.png","datePublished":"2024-11-05T20:07:00+00:00","dateModified":"2026-02-22T13:54:10+00:00","description":"Marquage de tuyauterie eau de circulation conforme NBN T 69-004 avec fl\u00e8ches directionnelles. Disponible en plusieurs formats selon diam\u00e8tre.","breadcrumb":{"@id":"https:\/\/d-identify.be\/fr\/produit\/marquage-tuyauterie-eau-circulation\/#breadcrumb"},"inLanguage":"fr-FR","potentialAction":[{"@type":"ReadAction","target":["https:\/\/d-identify.be\/fr\/produit\/marquage-tuyauterie-eau-circulation\/"]}]},{"@type":"ImageObject","inLanguage":"fr-FR","@id":"https:\/\/d-identify.be\/fr\/produit\/marquage-tuyauterie-eau-circulation\/#primaryimage","url":"https:\/\/d-identify.be\/wp-content\/uploads\/2024\/11\/GR450x52FR-2-41.png","contentUrl":"https:\/\/d-identify.be\/wp-content\/uploads\/2024\/11\/GR450x52FR-2-41.png","width":1069,"height":668,"caption":"Marquage de tuyauterie eau de circulation \u2013 NBN T 69-004"},{"@type":"BreadcrumbList","@id":"https:\/\/d-identify.be\/fr\/produit\/marquage-tuyauterie-eau-circulation\/#breadcrumb","itemListElement":[{"@type":"ListItem","position":1,"name":"Home","item":"https:\/\/d-identify.be\/fr\/home-2\/"},{"@type":"ListItem","position":2,"name":"Boutique","item":"https:\/\/d-identify.be\/fr\/boutique\/"},{"@type":"ListItem","position":3,"name":"Marquage de tuyauterie eau de circulation"}]},{"@type":"WebSite","@id":"https:\/\/d-identify.be\/fr\/#website","url":"https:\/\/d-identify.be\/fr\/","name":"d-identify","description":"Industrial identification - Lockout - Tagout - Floor marking","potentialAction":[{"@type":"SearchAction","target":{"@type":"EntryPoint","urlTemplate":"https:\/\/d-identify.be\/fr\/?s={search_term_string}"},"query-input":{"@type":"PropertyValueSpecification","valueRequired":true,"valueName":"search_term_string"}}],"inLanguage":"fr-FR"}]}},"_links":{"self":[{"href":"https:\/\/d-identify.be\/fr\/wp-json\/wp\/v2\/product\/46704","targetHints":{"allow":["GET"]}}],"collection":[{"href":"https:\/\/d-identify.be\/fr\/wp-json\/wp\/v2\/product"}],"about":[{"href":"https:\/\/d-identify.be\/fr\/wp-json\/wp\/v2\/types\/product"}],"replies":[{"embeddable":true,"href":"https:\/\/d-identify.be\/fr\/wp-json\/wp\/v2\/comments?post=46704"}],"wp:featuredmedia":[{"embeddable":true,"href":"https:\/\/d-identify.be\/fr\/wp-json\/wp\/v2\/media\/46721"}],"wp:attachment":[{"href":"https:\/\/d-identify.be\/fr\/wp-json\/wp\/v2\/media?parent=46704"}],"wp:term":[{"taxonomy":"product_brand","embeddable":true,"href":"https:\/\/d-identify.be\/fr\/wp-json\/wp\/v2\/product_brand?post=46704"},{"taxonomy":"product_cat","embeddable":true,"href":"https:\/\/d-identify.be\/fr\/wp-json\/wp\/v2\/product_cat?post=46704"},{"taxonomy":"product_tag","embeddable":true,"href":"https:\/\/d-identify.be\/fr\/wp-json\/wp\/v2\/product_tag?post=46704"},{"taxonomy":"pa_connextion-shapes","embeddable":true,"href":"https:\/\/d-identify.be\/fr\/wp-json\/wp\/v2\/pa_connextion-shapes?post=46704"}],"curies":[{"name":"wp","href":"https:\/\/api.w.org\/{rel}","templated":true}]}}