{"id":46536,"date":"2024-11-05T21:33:55","date_gmt":"2024-11-05T19:33:55","guid":{"rendered":"https:\/\/d-identify.be\/?post_type=product&#038;p=46536"},"modified":"2026-02-20T10:41:58","modified_gmt":"2026-02-20T08:41:58","slug":"marquage-de-tuyauterie-eau-chloree","status":"publish","type":"product","link":"https:\/\/d-identify.be\/fr\/produit\/marquage-de-tuyauterie-eau-chloree\/","title":{"rendered":"Marquage de tuyauterie eau chlor\u00e9e"},"content":{"rendered":"<div class=\"flex max-w-full flex-col flex-grow\">\n<div class=\"min-h-8 text-message flex w-full flex-col items-end gap-2 whitespace-normal break-words [.text-message+&amp;]:mt-5\" dir=\"auto\" data-message-author-role=\"assistant\" data-message-id=\"3e068592-fd02-4445-b22c-60b81b08b5f3\">\n<div class=\"flex w-full flex-col gap-1 empty:hidden first:pt-[3px]\">\n<div class=\"markdown prose w-full break-words dark:prose-invert light\">\n<p data-start=\"808\" data-end=\"942\"><strong data-start=\"808\" data-end=\"846\">Marquage de tuyauterie eau chlor\u00e9e<\/strong> est con\u00e7u pour l\u2019identification claire et conforme des conduites transportant de l\u2019eau chlor\u00e9e.<\/p>\n<p data-start=\"944\" data-end=\"1217\">L\u2019eau chlor\u00e9e est utilis\u00e9e pour la d\u00e9sinfection dans les installations industrielles, les r\u00e9seaux d\u2019eau et les piscines. Selon la concentration en chlore, elle peut pr\u00e9senter un risque irritant ou corrosif. Une identification correcte est donc essentielle pour la s\u00e9curit\u00e9.<\/p>\n<p data-start=\"1219\" data-end=\"1419\">Le marquage est conforme \u00e0 la norme NBN T 69-004. Il peut \u00eatre \u00e9quip\u00e9 des pictogrammes CLP requis selon la classification du produit. Le texte et les fl\u00e8ches indiquent clairement le sens d\u2019\u00e9coulement.<\/p>\n<p data-start=\"1421\" data-end=\"1538\">Avec un <strong data-start=\"1429\" data-end=\"1467\">marquage de tuyauterie eau chlor\u00e9e<\/strong>, l\u2019installation reste structur\u00e9e et conforme aux exigences techniques.<\/p>\n<p data-start=\"1540\" data-end=\"1649\">Les marquages sont disponibles en plusieurs formats. Ils sont adapt\u00e9s aux diff\u00e9rents diam\u00e8tres de tuyauterie.<\/p>\n<\/div>\n<\/div>\n<\/div>\n<\/div>\n","protected":false},"excerpt":{"rendered":"<ul>\n<li><strong>Mat\u00e9riau :<\/strong>Vinyle polym\u00e8re<\/li>\n<li><strong>Adh\u00e9sif :<\/strong>Acrylique permanent<\/li>\n<li><strong>Plage de temp\u00e9rature :<\/strong> -30\u00b0C \u00e0 +120\u00b0C<\/li>\n<li><strong>Durabilit\u00e9 :<\/strong>jusqu&rsquo;\u00e0 7 ans<\/li>\n<li><strong>Finition :<\/strong>Semi-brillant (lamin\u00e9 UV)<\/li>\n<\/ul>\n<p>* Tous nos marquages sont extra lamin\u00e9s pour garantir une bonne r\u00e9sistance aux UV pendant jusqu&rsquo;\u00e0 7 ans dans des environnements ext\u00e9rieurs.<\/p>\n","protected":false},"featured_media":46553,"comment_status":"open","ping_status":"closed","template":"","meta":{"_acf_changed":false,"_et_pb_use_builder":"","_et_pb_old_content":"","_et_gb_content_width":""},"product_brand":[],"product_cat":[1109],"product_tag":[],"pa_connextion-shapes":[],"class_list":{"0":"post-46536","1":"product","2":"type-product","3":"status-publish","4":"has-post-thumbnail","6":"product_cat-marquage-de-tuyauteries","8":"first","9":"instock","10":"taxable","11":"shipping-taxable","12":"purchasable","13":"product-type-variable","14":"has-default-attributes"},"exclude_global_add_ons":[],"addons":[],"acf":[],"yoast_head":"<!-- This site is optimized with the Yoast SEO Premium plugin v27.0 (Yoast SEO v27.1) - https:\/\/yoast.com\/product\/yoast-seo-premium-wordpress\/ -->\n<title>Marquage de tuyauterie eau chlor\u00e9e \u2013 NBN T 69-004<\/title>\n<meta name=\"description\" content=\"Marquage de tuyauterie eau chlor\u00e9e selon NBN T 69-004 avec pictogrammes CLP si n\u00e9cessaire. Identification claire par diam\u00e8tre et fl\u00e8ches.\" \/>\n<meta name=\"robots\" content=\"index, follow, max-snippet:-1, max-image-preview:large, max-video-preview:-1\" \/>\n<link rel=\"canonical\" href=\"https:\/\/d-identify.be\/fr\/produit\/marquage-de-tuyauterie-eau-chloree\/\" \/>\n<meta property=\"og:locale\" content=\"fr_FR\" \/>\n<meta property=\"og:type\" content=\"article\" \/>\n<meta property=\"og:title\" content=\"Marquage de tuyauterie eau chlor\u00e9e\" \/>\n<meta property=\"og:description\" content=\"Marquage de tuyauterie eau chlor\u00e9e selon NBN T 69-004 avec pictogrammes CLP si n\u00e9cessaire. Identification claire par diam\u00e8tre et fl\u00e8ches.\" \/>\n<meta property=\"og:url\" content=\"https:\/\/d-identify.be\/fr\/produit\/marquage-de-tuyauterie-eau-chloree\/\" \/>\n<meta property=\"og:site_name\" content=\"d-identify\" \/>\n<meta property=\"article:modified_time\" content=\"2026-02-20T08:41:58+00:00\" \/>\n<meta property=\"og:image\" content=\"https:\/\/d-identify.be\/wp-content\/uploads\/2024\/11\/GR450x52FR-2-29.png\" \/>\n\t<meta property=\"og:image:width\" content=\"1074\" \/>\n\t<meta property=\"og:image:height\" content=\"664\" \/>\n\t<meta property=\"og:image:type\" content=\"image\/png\" \/>\n<meta name=\"twitter:card\" content=\"summary_large_image\" \/>\n<meta name=\"twitter:label1\" content=\"Dur\u00e9e de lecture estim\u00e9e\" \/>\n\t<meta name=\"twitter:data1\" content=\"1 minute\" \/>\n<script type=\"application\/ld+json\" class=\"yoast-schema-graph\">{\"@context\":\"https:\/\/schema.org\",\"@graph\":[{\"@type\":\"WebPage\",\"@id\":\"https:\/\/d-identify.be\/fr\/produit\/marquage-de-tuyauterie-eau-chloree\/\",\"url\":\"https:\/\/d-identify.be\/fr\/produit\/marquage-de-tuyauterie-eau-chloree\/\",\"name\":\"Marquage de tuyauterie eau chlor\u00e9e \u2013 NBN T 69-004\",\"isPartOf\":{\"@id\":\"https:\/\/d-identify.be\/fr\/#website\"},\"primaryImageOfPage\":{\"@id\":\"https:\/\/d-identify.be\/fr\/produit\/marquage-de-tuyauterie-eau-chloree\/#primaryimage\"},\"image\":{\"@id\":\"https:\/\/d-identify.be\/fr\/produit\/marquage-de-tuyauterie-eau-chloree\/#primaryimage\"},\"thumbnailUrl\":\"https:\/\/d-identify.be\/wp-content\/uploads\/2024\/11\/GR450x52FR-2-29.png\",\"datePublished\":\"2024-11-05T19:33:55+00:00\",\"dateModified\":\"2026-02-20T08:41:58+00:00\",\"description\":\"Marquage de tuyauterie eau chlor\u00e9e selon NBN T 69-004 avec pictogrammes CLP si n\u00e9cessaire. Identification claire par diam\u00e8tre et fl\u00e8ches.\",\"breadcrumb\":{\"@id\":\"https:\/\/d-identify.be\/fr\/produit\/marquage-de-tuyauterie-eau-chloree\/#breadcrumb\"},\"inLanguage\":\"fr-FR\",\"potentialAction\":[{\"@type\":\"ReadAction\",\"target\":[\"https:\/\/d-identify.be\/fr\/produit\/marquage-de-tuyauterie-eau-chloree\/\"]}]},{\"@type\":\"ImageObject\",\"inLanguage\":\"fr-FR\",\"@id\":\"https:\/\/d-identify.be\/fr\/produit\/marquage-de-tuyauterie-eau-chloree\/#primaryimage\",\"url\":\"https:\/\/d-identify.be\/wp-content\/uploads\/2024\/11\/GR450x52FR-2-29.png\",\"contentUrl\":\"https:\/\/d-identify.be\/wp-content\/uploads\/2024\/11\/GR450x52FR-2-29.png\",\"width\":1074,\"height\":664,\"caption\":\"Marquage de tuyauterie eau chlor\u00e9e \u2013 NBN T 69-004\"},{\"@type\":\"BreadcrumbList\",\"@id\":\"https:\/\/d-identify.be\/fr\/produit\/marquage-de-tuyauterie-eau-chloree\/#breadcrumb\",\"itemListElement\":[{\"@type\":\"ListItem\",\"position\":1,\"name\":\"Home\",\"item\":\"https:\/\/d-identify.be\/fr\/home-2\/\"},{\"@type\":\"ListItem\",\"position\":2,\"name\":\"Boutique\",\"item\":\"https:\/\/d-identify.be\/fr\/boutique\/\"},{\"@type\":\"ListItem\",\"position\":3,\"name\":\"Marquage de tuyauterie eau chlor\u00e9e\"}]},{\"@type\":\"WebSite\",\"@id\":\"https:\/\/d-identify.be\/fr\/#website\",\"url\":\"https:\/\/d-identify.be\/fr\/\",\"name\":\"d-identify\",\"description\":\"Industrial identification - Lockout - Tagout - Floor marking\",\"potentialAction\":[{\"@type\":\"SearchAction\",\"target\":{\"@type\":\"EntryPoint\",\"urlTemplate\":\"https:\/\/d-identify.be\/fr\/?s={search_term_string}\"},\"query-input\":{\"@type\":\"PropertyValueSpecification\",\"valueRequired\":true,\"valueName\":\"search_term_string\"}}],\"inLanguage\":\"fr-FR\"}]}<\/script>\n<!-- \/ Yoast SEO Premium plugin. -->","yoast_head_json":{"title":"Marquage de tuyauterie eau chlor\u00e9e \u2013 NBN T 69-004","description":"Marquage de tuyauterie eau chlor\u00e9e selon NBN T 69-004 avec pictogrammes CLP si n\u00e9cessaire. Identification claire par diam\u00e8tre et fl\u00e8ches.","robots":{"index":"index","follow":"follow","max-snippet":"max-snippet:-1","max-image-preview":"max-image-preview:large","max-video-preview":"max-video-preview:-1"},"canonical":"https:\/\/d-identify.be\/fr\/produit\/marquage-de-tuyauterie-eau-chloree\/","og_locale":"fr_FR","og_type":"article","og_title":"Marquage de tuyauterie eau chlor\u00e9e","og_description":"Marquage de tuyauterie eau chlor\u00e9e selon NBN T 69-004 avec pictogrammes CLP si n\u00e9cessaire. Identification claire par diam\u00e8tre et fl\u00e8ches.","og_url":"https:\/\/d-identify.be\/fr\/produit\/marquage-de-tuyauterie-eau-chloree\/","og_site_name":"d-identify","article_modified_time":"2026-02-20T08:41:58+00:00","og_image":[{"width":1074,"height":664,"url":"https:\/\/d-identify.be\/wp-content\/uploads\/2024\/11\/GR450x52FR-2-29.png","type":"image\/png"}],"twitter_card":"summary_large_image","twitter_misc":{"Dur\u00e9e de lecture estim\u00e9e":"1 minute"},"schema":{"@context":"https:\/\/schema.org","@graph":[{"@type":"WebPage","@id":"https:\/\/d-identify.be\/fr\/produit\/marquage-de-tuyauterie-eau-chloree\/","url":"https:\/\/d-identify.be\/fr\/produit\/marquage-de-tuyauterie-eau-chloree\/","name":"Marquage de tuyauterie eau chlor\u00e9e \u2013 NBN T 69-004","isPartOf":{"@id":"https:\/\/d-identify.be\/fr\/#website"},"primaryImageOfPage":{"@id":"https:\/\/d-identify.be\/fr\/produit\/marquage-de-tuyauterie-eau-chloree\/#primaryimage"},"image":{"@id":"https:\/\/d-identify.be\/fr\/produit\/marquage-de-tuyauterie-eau-chloree\/#primaryimage"},"thumbnailUrl":"https:\/\/d-identify.be\/wp-content\/uploads\/2024\/11\/GR450x52FR-2-29.png","datePublished":"2024-11-05T19:33:55+00:00","dateModified":"2026-02-20T08:41:58+00:00","description":"Marquage de tuyauterie eau chlor\u00e9e selon NBN T 69-004 avec pictogrammes CLP si n\u00e9cessaire. Identification claire par diam\u00e8tre et fl\u00e8ches.","breadcrumb":{"@id":"https:\/\/d-identify.be\/fr\/produit\/marquage-de-tuyauterie-eau-chloree\/#breadcrumb"},"inLanguage":"fr-FR","potentialAction":[{"@type":"ReadAction","target":["https:\/\/d-identify.be\/fr\/produit\/marquage-de-tuyauterie-eau-chloree\/"]}]},{"@type":"ImageObject","inLanguage":"fr-FR","@id":"https:\/\/d-identify.be\/fr\/produit\/marquage-de-tuyauterie-eau-chloree\/#primaryimage","url":"https:\/\/d-identify.be\/wp-content\/uploads\/2024\/11\/GR450x52FR-2-29.png","contentUrl":"https:\/\/d-identify.be\/wp-content\/uploads\/2024\/11\/GR450x52FR-2-29.png","width":1074,"height":664,"caption":"Marquage de tuyauterie eau chlor\u00e9e \u2013 NBN T 69-004"},{"@type":"BreadcrumbList","@id":"https:\/\/d-identify.be\/fr\/produit\/marquage-de-tuyauterie-eau-chloree\/#breadcrumb","itemListElement":[{"@type":"ListItem","position":1,"name":"Home","item":"https:\/\/d-identify.be\/fr\/home-2\/"},{"@type":"ListItem","position":2,"name":"Boutique","item":"https:\/\/d-identify.be\/fr\/boutique\/"},{"@type":"ListItem","position":3,"name":"Marquage de tuyauterie eau chlor\u00e9e"}]},{"@type":"WebSite","@id":"https:\/\/d-identify.be\/fr\/#website","url":"https:\/\/d-identify.be\/fr\/","name":"d-identify","description":"Industrial identification - Lockout - Tagout - Floor marking","potentialAction":[{"@type":"SearchAction","target":{"@type":"EntryPoint","urlTemplate":"https:\/\/d-identify.be\/fr\/?s={search_term_string}"},"query-input":{"@type":"PropertyValueSpecification","valueRequired":true,"valueName":"search_term_string"}}],"inLanguage":"fr-FR"}]}},"_links":{"self":[{"href":"https:\/\/d-identify.be\/fr\/wp-json\/wp\/v2\/product\/46536","targetHints":{"allow":["GET"]}}],"collection":[{"href":"https:\/\/d-identify.be\/fr\/wp-json\/wp\/v2\/product"}],"about":[{"href":"https:\/\/d-identify.be\/fr\/wp-json\/wp\/v2\/types\/product"}],"replies":[{"embeddable":true,"href":"https:\/\/d-identify.be\/fr\/wp-json\/wp\/v2\/comments?post=46536"}],"wp:featuredmedia":[{"embeddable":true,"href":"https:\/\/d-identify.be\/fr\/wp-json\/wp\/v2\/media\/46553"}],"wp:attachment":[{"href":"https:\/\/d-identify.be\/fr\/wp-json\/wp\/v2\/media?parent=46536"}],"wp:term":[{"taxonomy":"product_brand","embeddable":true,"href":"https:\/\/d-identify.be\/fr\/wp-json\/wp\/v2\/product_brand?post=46536"},{"taxonomy":"product_cat","embeddable":true,"href":"https:\/\/d-identify.be\/fr\/wp-json\/wp\/v2\/product_cat?post=46536"},{"taxonomy":"product_tag","embeddable":true,"href":"https:\/\/d-identify.be\/fr\/wp-json\/wp\/v2\/product_tag?post=46536"},{"taxonomy":"pa_connextion-shapes","embeddable":true,"href":"https:\/\/d-identify.be\/fr\/wp-json\/wp\/v2\/pa_connextion-shapes?post=46536"}],"curies":[{"name":"wp","href":"https:\/\/api.w.org\/{rel}","templated":true}]}}