{"id":46515,"date":"2024-11-05T21:31:07","date_gmt":"2024-11-05T19:31:07","guid":{"rendered":"https:\/\/d-identify.be\/?post_type=product&#038;p=46515"},"modified":"2026-02-20T10:48:22","modified_gmt":"2026-02-20T08:48:22","slug":"marquage-de-tuyauterie-eau-chaude-sanitaire","status":"publish","type":"product","link":"https:\/\/d-identify.be\/fr\/produit\/marquage-de-tuyauterie-eau-chaude-sanitaire\/","title":{"rendered":"Marquage de tuyauterie eau chaude sanitaire"},"content":{"rendered":"<div class=\"flex max-w-full flex-col flex-grow\">\n<div class=\"min-h-8 text-message flex w-full flex-col items-end gap-2 whitespace-normal break-words [.text-message+&amp;]:mt-5\" dir=\"auto\" data-message-author-role=\"assistant\" data-message-id=\"3e068592-fd02-4445-b22c-60b81b08b5f3\">\n<div class=\"flex w-full flex-col gap-1 empty:hidden first:pt-[3px]\">\n<div class=\"markdown prose w-full break-words dark:prose-invert light\">\n<p data-start=\"763\" data-end=\"903\"><strong data-start=\"763\" data-end=\"810\">Marquage de tuyauterie eau chaude sanitaire<\/strong> est con\u00e7u pour l\u2019identification claire des conduites transportant de l\u2019eau chaude sanitaire.<\/p>\n<p data-start=\"905\" data-end=\"1150\">L\u2019eau chaude sanitaire est utilis\u00e9e dans les b\u00e2timents r\u00e9sidentiels, industriels et tertiaires. Elle alimente les points d\u2019eau pour l\u2019hygi\u00e8ne et le confort. Une identification correcte \u00e9vite toute confusion avec l\u2019eau froide ou l\u2019eau de process.<\/p>\n<p data-start=\"1152\" data-end=\"1312\">Le marquage est conforme \u00e0 la norme NBN T 69-004. Il comprend un texte lisible et des fl\u00e8ches directionnelles. Le sens d\u2019\u00e9coulement reste imm\u00e9diatement visible.<\/p>\n<p data-start=\"1314\" data-end=\"1440\">Avec un <strong data-start=\"1322\" data-end=\"1369\">marquage de tuyauterie eau chaude sanitaire<\/strong>, l\u2019installation reste structur\u00e9e et conforme aux exigences techniques.<\/p>\n<p data-start=\"1442\" data-end=\"1551\">Les marquages sont disponibles en plusieurs formats. Ils sont adapt\u00e9s aux diff\u00e9rents diam\u00e8tres de tuyauterie.<\/p>\n<\/div>\n<\/div>\n<\/div>\n<\/div>\n","protected":false},"excerpt":{"rendered":"<ul>\n<li><strong>Mat\u00e9riau :<\/strong>Vinyle polym\u00e8re<\/li>\n<li><strong>Adh\u00e9sif :<\/strong>Acrylique permanent<\/li>\n<li><strong>Plage de temp\u00e9rature :<\/strong> -30\u00b0C \u00e0 +120\u00b0C<\/li>\n<li><strong>Durabilit\u00e9 :<\/strong>jusqu&rsquo;\u00e0 7 ans<\/li>\n<li><strong>Finition :<\/strong>Semi-brillant (lamin\u00e9 UV)<\/li>\n<\/ul>\n<p>* Tous nos marquages sont extra lamin\u00e9s pour garantir une bonne r\u00e9sistance aux UV pendant jusqu&rsquo;\u00e0 7 ans dans des environnements ext\u00e9rieurs.<\/p>\n","protected":false},"featured_media":46532,"comment_status":"open","ping_status":"closed","template":"","meta":{"_acf_changed":false,"_et_pb_use_builder":"","_et_pb_old_content":"","_et_gb_content_width":""},"product_brand":[],"product_cat":[1109],"product_tag":[],"pa_connextion-shapes":[],"class_list":{"0":"post-46515","1":"product","2":"type-product","3":"status-publish","4":"has-post-thumbnail","6":"product_cat-marquage-de-tuyauteries","8":"first","9":"instock","10":"taxable","11":"shipping-taxable","12":"purchasable","13":"product-type-variable","14":"has-default-attributes"},"exclude_global_add_ons":[],"addons":[],"acf":[],"yoast_head":"<!-- This site is optimized with the Yoast SEO Premium plugin v27.0 (Yoast SEO v27.1) - https:\/\/yoast.com\/product\/yoast-seo-premium-wordpress\/ -->\n<title>Marquage de tuyauterie eau chaude sanitaire \u2013 NBN T 69-004<\/title>\n<meta name=\"description\" content=\"Marquage de tuyauterie eau chaude sanitaire selon NBN T 69-004. Identification claire des conduites par diam\u00e8tre avec texte et fl\u00e8ches.\" \/>\n<meta name=\"robots\" content=\"index, follow, max-snippet:-1, max-image-preview:large, max-video-preview:-1\" \/>\n<link rel=\"canonical\" href=\"https:\/\/d-identify.be\/fr\/produit\/marquage-de-tuyauterie-eau-chaude-sanitaire\/\" \/>\n<meta property=\"og:locale\" content=\"fr_FR\" \/>\n<meta property=\"og:type\" content=\"article\" \/>\n<meta property=\"og:title\" content=\"Marquage de tuyauterie eau chaude sanitaire\" \/>\n<meta property=\"og:description\" content=\"Marquage de tuyauterie eau chaude sanitaire selon NBN T 69-004. Identification claire des conduites par diam\u00e8tre avec texte et fl\u00e8ches.\" \/>\n<meta property=\"og:url\" content=\"https:\/\/d-identify.be\/fr\/produit\/marquage-de-tuyauterie-eau-chaude-sanitaire\/\" \/>\n<meta property=\"og:site_name\" content=\"d-identify\" \/>\n<meta property=\"article:modified_time\" content=\"2026-02-20T08:48:22+00:00\" \/>\n<meta property=\"og:image\" content=\"https:\/\/d-identify.be\/wp-content\/uploads\/2024\/11\/GR450x52FR-2-27.png\" \/>\n\t<meta property=\"og:image:width\" content=\"1069\" \/>\n\t<meta property=\"og:image:height\" content=\"666\" \/>\n\t<meta property=\"og:image:type\" content=\"image\/png\" \/>\n<meta name=\"twitter:card\" content=\"summary_large_image\" \/>\n<meta name=\"twitter:label1\" content=\"Dur\u00e9e de lecture estim\u00e9e\" \/>\n\t<meta name=\"twitter:data1\" content=\"1 minute\" \/>\n<script type=\"application\/ld+json\" class=\"yoast-schema-graph\">{\"@context\":\"https:\/\/schema.org\",\"@graph\":[{\"@type\":\"WebPage\",\"@id\":\"https:\/\/d-identify.be\/fr\/produit\/marquage-de-tuyauterie-eau-chaude-sanitaire\/\",\"url\":\"https:\/\/d-identify.be\/fr\/produit\/marquage-de-tuyauterie-eau-chaude-sanitaire\/\",\"name\":\"Marquage de tuyauterie eau chaude sanitaire \u2013 NBN T 69-004\",\"isPartOf\":{\"@id\":\"https:\/\/d-identify.be\/fr\/#website\"},\"primaryImageOfPage\":{\"@id\":\"https:\/\/d-identify.be\/fr\/produit\/marquage-de-tuyauterie-eau-chaude-sanitaire\/#primaryimage\"},\"image\":{\"@id\":\"https:\/\/d-identify.be\/fr\/produit\/marquage-de-tuyauterie-eau-chaude-sanitaire\/#primaryimage\"},\"thumbnailUrl\":\"https:\/\/d-identify.be\/wp-content\/uploads\/2024\/11\/GR450x52FR-2-27.png\",\"datePublished\":\"2024-11-05T19:31:07+00:00\",\"dateModified\":\"2026-02-20T08:48:22+00:00\",\"description\":\"Marquage de tuyauterie eau chaude sanitaire selon NBN T 69-004. Identification claire des conduites par diam\u00e8tre avec texte et fl\u00e8ches.\",\"breadcrumb\":{\"@id\":\"https:\/\/d-identify.be\/fr\/produit\/marquage-de-tuyauterie-eau-chaude-sanitaire\/#breadcrumb\"},\"inLanguage\":\"fr-FR\",\"potentialAction\":[{\"@type\":\"ReadAction\",\"target\":[\"https:\/\/d-identify.be\/fr\/produit\/marquage-de-tuyauterie-eau-chaude-sanitaire\/\"]}]},{\"@type\":\"ImageObject\",\"inLanguage\":\"fr-FR\",\"@id\":\"https:\/\/d-identify.be\/fr\/produit\/marquage-de-tuyauterie-eau-chaude-sanitaire\/#primaryimage\",\"url\":\"https:\/\/d-identify.be\/wp-content\/uploads\/2024\/11\/GR450x52FR-2-27.png\",\"contentUrl\":\"https:\/\/d-identify.be\/wp-content\/uploads\/2024\/11\/GR450x52FR-2-27.png\",\"width\":1069,\"height\":666,\"caption\":\"Marquage de tuyauterie eau chaude sanitaire \u2013 NBN T 69-004\"},{\"@type\":\"BreadcrumbList\",\"@id\":\"https:\/\/d-identify.be\/fr\/produit\/marquage-de-tuyauterie-eau-chaude-sanitaire\/#breadcrumb\",\"itemListElement\":[{\"@type\":\"ListItem\",\"position\":1,\"name\":\"Home\",\"item\":\"https:\/\/d-identify.be\/fr\/home-2\/\"},{\"@type\":\"ListItem\",\"position\":2,\"name\":\"Boutique\",\"item\":\"https:\/\/d-identify.be\/fr\/boutique\/\"},{\"@type\":\"ListItem\",\"position\":3,\"name\":\"Marquage de tuyauterie eau chaude sanitaire\"}]},{\"@type\":\"WebSite\",\"@id\":\"https:\/\/d-identify.be\/fr\/#website\",\"url\":\"https:\/\/d-identify.be\/fr\/\",\"name\":\"d-identify\",\"description\":\"Industrial identification - Lockout - Tagout - Floor marking\",\"potentialAction\":[{\"@type\":\"SearchAction\",\"target\":{\"@type\":\"EntryPoint\",\"urlTemplate\":\"https:\/\/d-identify.be\/fr\/?s={search_term_string}\"},\"query-input\":{\"@type\":\"PropertyValueSpecification\",\"valueRequired\":true,\"valueName\":\"search_term_string\"}}],\"inLanguage\":\"fr-FR\"}]}<\/script>\n<!-- \/ Yoast SEO Premium plugin. -->","yoast_head_json":{"title":"Marquage de tuyauterie eau chaude sanitaire \u2013 NBN T 69-004","description":"Marquage de tuyauterie eau chaude sanitaire selon NBN T 69-004. Identification claire des conduites par diam\u00e8tre avec texte et fl\u00e8ches.","robots":{"index":"index","follow":"follow","max-snippet":"max-snippet:-1","max-image-preview":"max-image-preview:large","max-video-preview":"max-video-preview:-1"},"canonical":"https:\/\/d-identify.be\/fr\/produit\/marquage-de-tuyauterie-eau-chaude-sanitaire\/","og_locale":"fr_FR","og_type":"article","og_title":"Marquage de tuyauterie eau chaude sanitaire","og_description":"Marquage de tuyauterie eau chaude sanitaire selon NBN T 69-004. Identification claire des conduites par diam\u00e8tre avec texte et fl\u00e8ches.","og_url":"https:\/\/d-identify.be\/fr\/produit\/marquage-de-tuyauterie-eau-chaude-sanitaire\/","og_site_name":"d-identify","article_modified_time":"2026-02-20T08:48:22+00:00","og_image":[{"width":1069,"height":666,"url":"https:\/\/d-identify.be\/wp-content\/uploads\/2024\/11\/GR450x52FR-2-27.png","type":"image\/png"}],"twitter_card":"summary_large_image","twitter_misc":{"Dur\u00e9e de lecture estim\u00e9e":"1 minute"},"schema":{"@context":"https:\/\/schema.org","@graph":[{"@type":"WebPage","@id":"https:\/\/d-identify.be\/fr\/produit\/marquage-de-tuyauterie-eau-chaude-sanitaire\/","url":"https:\/\/d-identify.be\/fr\/produit\/marquage-de-tuyauterie-eau-chaude-sanitaire\/","name":"Marquage de tuyauterie eau chaude sanitaire \u2013 NBN T 69-004","isPartOf":{"@id":"https:\/\/d-identify.be\/fr\/#website"},"primaryImageOfPage":{"@id":"https:\/\/d-identify.be\/fr\/produit\/marquage-de-tuyauterie-eau-chaude-sanitaire\/#primaryimage"},"image":{"@id":"https:\/\/d-identify.be\/fr\/produit\/marquage-de-tuyauterie-eau-chaude-sanitaire\/#primaryimage"},"thumbnailUrl":"https:\/\/d-identify.be\/wp-content\/uploads\/2024\/11\/GR450x52FR-2-27.png","datePublished":"2024-11-05T19:31:07+00:00","dateModified":"2026-02-20T08:48:22+00:00","description":"Marquage de tuyauterie eau chaude sanitaire selon NBN T 69-004. Identification claire des conduites par diam\u00e8tre avec texte et fl\u00e8ches.","breadcrumb":{"@id":"https:\/\/d-identify.be\/fr\/produit\/marquage-de-tuyauterie-eau-chaude-sanitaire\/#breadcrumb"},"inLanguage":"fr-FR","potentialAction":[{"@type":"ReadAction","target":["https:\/\/d-identify.be\/fr\/produit\/marquage-de-tuyauterie-eau-chaude-sanitaire\/"]}]},{"@type":"ImageObject","inLanguage":"fr-FR","@id":"https:\/\/d-identify.be\/fr\/produit\/marquage-de-tuyauterie-eau-chaude-sanitaire\/#primaryimage","url":"https:\/\/d-identify.be\/wp-content\/uploads\/2024\/11\/GR450x52FR-2-27.png","contentUrl":"https:\/\/d-identify.be\/wp-content\/uploads\/2024\/11\/GR450x52FR-2-27.png","width":1069,"height":666,"caption":"Marquage de tuyauterie eau chaude sanitaire \u2013 NBN T 69-004"},{"@type":"BreadcrumbList","@id":"https:\/\/d-identify.be\/fr\/produit\/marquage-de-tuyauterie-eau-chaude-sanitaire\/#breadcrumb","itemListElement":[{"@type":"ListItem","position":1,"name":"Home","item":"https:\/\/d-identify.be\/fr\/home-2\/"},{"@type":"ListItem","position":2,"name":"Boutique","item":"https:\/\/d-identify.be\/fr\/boutique\/"},{"@type":"ListItem","position":3,"name":"Marquage de tuyauterie eau chaude sanitaire"}]},{"@type":"WebSite","@id":"https:\/\/d-identify.be\/fr\/#website","url":"https:\/\/d-identify.be\/fr\/","name":"d-identify","description":"Industrial identification - Lockout - Tagout - Floor marking","potentialAction":[{"@type":"SearchAction","target":{"@type":"EntryPoint","urlTemplate":"https:\/\/d-identify.be\/fr\/?s={search_term_string}"},"query-input":{"@type":"PropertyValueSpecification","valueRequired":true,"valueName":"search_term_string"}}],"inLanguage":"fr-FR"}]}},"_links":{"self":[{"href":"https:\/\/d-identify.be\/fr\/wp-json\/wp\/v2\/product\/46515","targetHints":{"allow":["GET"]}}],"collection":[{"href":"https:\/\/d-identify.be\/fr\/wp-json\/wp\/v2\/product"}],"about":[{"href":"https:\/\/d-identify.be\/fr\/wp-json\/wp\/v2\/types\/product"}],"replies":[{"embeddable":true,"href":"https:\/\/d-identify.be\/fr\/wp-json\/wp\/v2\/comments?post=46515"}],"wp:featuredmedia":[{"embeddable":true,"href":"https:\/\/d-identify.be\/fr\/wp-json\/wp\/v2\/media\/46532"}],"wp:attachment":[{"href":"https:\/\/d-identify.be\/fr\/wp-json\/wp\/v2\/media?parent=46515"}],"wp:term":[{"taxonomy":"product_brand","embeddable":true,"href":"https:\/\/d-identify.be\/fr\/wp-json\/wp\/v2\/product_brand?post=46515"},{"taxonomy":"product_cat","embeddable":true,"href":"https:\/\/d-identify.be\/fr\/wp-json\/wp\/v2\/product_cat?post=46515"},{"taxonomy":"product_tag","embeddable":true,"href":"https:\/\/d-identify.be\/fr\/wp-json\/wp\/v2\/product_tag?post=46515"},{"taxonomy":"pa_connextion-shapes","embeddable":true,"href":"https:\/\/d-identify.be\/fr\/wp-json\/wp\/v2\/pa_connextion-shapes?post=46515"}],"curies":[{"name":"wp","href":"https:\/\/api.w.org\/{rel}","templated":true}]}}